{"id":1468,"date":"2015-12-16T12:02:44","date_gmt":"2015-12-16T18:02:44","guid":{"rendered":"http:\/\/www.gesmujer.org\/sitio\/?page_id=1468"},"modified":"2022-06-14T11:59:51","modified_gmt":"2022-06-14T17:59:51","slug":"nuestro-pensamiento","status":"publish","type":"page","link":"https:\/\/www.gesmujer.org\/sitio\/?page_id=1468","title":{"rendered":"Nuestro pensamiento y logros"},"content":{"rendered":"\t\t<div data-elementor-type=\"wp-page\" data-elementor-id=\"1468\" class=\"elementor elementor-1468\">\n\t\t\t\t\t\t<section class=\"elementor-section elementor-top-section elementor-element elementor-element-5638b03 elementor-section-boxed elementor-section-height-default elementor-section-height-default\" data-id=\"5638b03\" data-element_type=\"section\" data-e-type=\"section\">\n\t\t\t\t\t\t<div class=\"elementor-container elementor-column-gap-default\">\n\t\t\t\t\t<div class=\"elementor-column elementor-col-100 elementor-top-column elementor-element elementor-element-ec4b032\" data-id=\"ec4b032\" data-element_type=\"column\" data-e-type=\"column\">\n\t\t\t<div class=\"elementor-widget-wrap elementor-element-populated\">\n\t\t\t\t\t\t<div class=\"elementor-element elementor-element-1c71494 elementor-widget elementor-widget-text-editor\" data-id=\"1c71494\" data-element_type=\"widget\" data-e-type=\"widget\" data-widget_type=\"text-editor.default\">\n\t\t\t\t<div class=\"elementor-widget-container\">\n\t\t\t\t\t\t\t\t\t<p>Nos basamos en un enfoque de Derechos Humanos, fundamental para entender de qu\u00e9 manera, dentro de una sociedad democr\u00e1tica, somos garantes de garant\u00edas universales y c\u00f3mo los derechos sexuales y reproductivos de la poblaci\u00f3n joven son parte importante. Rechazamos cualquier tipo de discriminaci\u00f3n por g\u00e9nero, adscripci\u00f3n \u00e9tnica, preferencia sexual, religi\u00f3n, condici\u00f3n socioecon\u00f3mica, as\u00ed como ideolog\u00eda pol\u00edtica.<\/p>\t\t\t\t\t\t\t\t<\/div>\n\t\t\t\t<\/div>\n\t\t\t\t\t<\/div>\n\t\t<\/div>\n\t\t\t\t\t<\/div>\n\t\t<\/section>\n\t\t\t\t<section class=\"elementor-section elementor-top-section elementor-element elementor-element-c4e437e elementor-section-boxed elementor-section-height-default elementor-section-height-default\" data-id=\"c4e437e\" data-element_type=\"section\" data-e-type=\"section\">\n\t\t\t\t\t\t<div class=\"elementor-container elementor-column-gap-default\">\n\t\t\t\t\t<div class=\"elementor-column elementor-col-100 elementor-top-column elementor-element elementor-element-8a410ae\" data-id=\"8a410ae\" data-element_type=\"column\" data-e-type=\"column\">\n\t\t\t<div class=\"elementor-widget-wrap elementor-element-populated\">\n\t\t\t\t\t\t<div class=\"elementor-element elementor-element-d25d1b3 elementor-widget elementor-widget-heading\" data-id=\"d25d1b3\" data-element_type=\"widget\" data-e-type=\"widget\" data-widget_type=\"heading.default\">\n\t\t\t\t<div class=\"elementor-widget-container\">\n\t\t\t\t\t<h2 class=\"elementor-heading-title elementor-size-default\">Reconocimientos<\/h2>\t\t\t\t<\/div>\n\t\t\t\t<\/div>\n\t\t\t\t\t<\/div>\n\t\t<\/div>\n\t\t\t\t\t<\/div>\n\t\t<\/section>\n\t\t\t\t<section class=\"elementor-section elementor-top-section elementor-element elementor-element-55d6e74 elementor-section-boxed elementor-section-height-default elementor-section-height-default\" data-id=\"55d6e74\" data-element_type=\"section\" data-e-type=\"section\">\n\t\t\t\t\t\t<div class=\"elementor-container elementor-column-gap-default\">\n\t\t\t\t\t<div class=\"elementor-column elementor-col-25 elementor-top-column elementor-element elementor-element-40fe141\" data-id=\"40fe141\" data-element_type=\"column\" data-e-type=\"column\">\n\t\t\t<div class=\"elementor-widget-wrap elementor-element-populated\">\n\t\t\t\t\t\t<div class=\"elementor-element elementor-element-b8e869b elementor-widget elementor-widget-image\" data-id=\"b8e869b\" data-element_type=\"widget\" data-e-type=\"widget\" data-widget_type=\"image.default\">\n\t\t\t\t<div class=\"elementor-widget-container\">\n\t\t\t\t\t\t\t\t\t\t\t\t\t\t\t<img fetchpriority=\"high\" decoding=\"async\" width=\"2200\" height=\"1467\" src=\"https:\/\/www.gesmujer.org\/sitio\/wp-content\/uploads\/2021\/08\/Eventos-GES160.jpg\" class=\"attachment-full size-full wp-image-21486\" alt=\"\" srcset=\"https:\/\/www.gesmujer.org\/sitio\/wp-content\/uploads\/2021\/08\/Eventos-GES160.jpg 2200w, https:\/\/www.gesmujer.org\/sitio\/wp-content\/uploads\/2021\/08\/Eventos-GES160-1080x720.jpg 1080w, https:\/\/www.gesmujer.org\/sitio\/wp-content\/uploads\/2021\/08\/Eventos-GES160-300x200.jpg 300w, https:\/\/www.gesmujer.org\/sitio\/wp-content\/uploads\/2021\/08\/Eventos-GES160-1024x683.jpg 1024w, https:\/\/www.gesmujer.org\/sitio\/wp-content\/uploads\/2021\/08\/Eventos-GES160-768x512.jpg 768w, https:\/\/www.gesmujer.org\/sitio\/wp-content\/uploads\/2021\/08\/Eventos-GES160-1536x1024.jpg 1536w, https:\/\/www.gesmujer.org\/sitio\/wp-content\/uploads\/2021\/08\/Eventos-GES160-2048x1366.jpg 2048w, https:\/\/www.gesmujer.org\/sitio\/wp-content\/uploads\/2021\/08\/Eventos-GES160-600x400.jpg 600w\" sizes=\"(max-width: 2200px) 100vw, 2200px\" \/>\t\t\t\t\t\t\t\t\t\t\t\t\t\t\t<\/div>\n\t\t\t\t<\/div>\n\t\t\t\t<div class=\"elementor-element elementor-element-59fcb00 elementor-widget elementor-widget-heading\" data-id=\"59fcb00\" data-element_type=\"widget\" data-e-type=\"widget\" data-widget_type=\"heading.default\">\n\t\t\t\t<div class=\"elementor-widget-container\">\n\t\t\t\t\t<h3 class=\"elementor-heading-title elementor-size-default\">Reconocimiento de un Oaxaca Pluri\u00e9tnico y Cultural<\/h3>\t\t\t\t<\/div>\n\t\t\t\t<\/div>\n\t\t\t\t<div class=\"elementor-element elementor-element-31598b7 elementor-widget elementor-widget-text-editor\" data-id=\"31598b7\" data-element_type=\"widget\" data-e-type=\"widget\" data-widget_type=\"text-editor.default\">\n\t\t\t\t<div class=\"elementor-widget-container\">\n\t\t\t\t\t\t\t\t\t<p>Respetamos el car\u00e1cter pluri\u00e9tnico y pluricultural de nuestro estado, donde conviven diversos pueblos originarios, los cuales comparten el territorio. De igual manera, reconocemos que cada uno de estos pueblos tiene su organizaci\u00f3n social y pol\u00edtica propia, su lengua y su cultura.\u00a0<\/p><p>\u00c9sta propuesta retoma valores comunitarios de los pueblos originarios como son el respeto, la solidaridad y la comunalidad donde cada ciudadana y ciudadano tiene una responsabilidad ante su comunidad y donde lo comunal priva sobre lo individual.<\/p>\t\t\t\t\t\t\t\t<\/div>\n\t\t\t\t<\/div>\n\t\t\t\t\t<\/div>\n\t\t<\/div>\n\t\t\t\t<div class=\"elementor-column elementor-col-25 elementor-top-column elementor-element elementor-element-efe3c7f\" data-id=\"efe3c7f\" data-element_type=\"column\" data-e-type=\"column\">\n\t\t\t<div class=\"elementor-widget-wrap elementor-element-populated\">\n\t\t\t\t\t\t<div class=\"elementor-element elementor-element-9a6230e elementor-widget elementor-widget-image\" data-id=\"9a6230e\" data-element_type=\"widget\" data-e-type=\"widget\" data-widget_type=\"image.default\">\n\t\t\t\t<div class=\"elementor-widget-container\">\n\t\t\t\t\t\t\t\t\t\t\t\t\t\t\t<img decoding=\"async\" width=\"1024\" height=\"612\" src=\"https:\/\/www.gesmujer.org\/sitio\/wp-content\/uploads\/2014\/02\/IMG_0578-1024x612.jpg\" class=\"attachment-large size-large wp-image-560\" alt=\"\" srcset=\"https:\/\/www.gesmujer.org\/sitio\/wp-content\/uploads\/2014\/02\/IMG_0578-1024x612.jpg 1024w, https:\/\/www.gesmujer.org\/sitio\/wp-content\/uploads\/2014\/02\/IMG_0578-1080x646.jpg 1080w, https:\/\/www.gesmujer.org\/sitio\/wp-content\/uploads\/2014\/02\/IMG_0578-300x179.jpg 300w, https:\/\/www.gesmujer.org\/sitio\/wp-content\/uploads\/2014\/02\/IMG_0578.jpg 1200w\" sizes=\"(max-width: 1024px) 100vw, 1024px\" \/>\t\t\t\t\t\t\t\t\t\t\t\t\t\t\t<\/div>\n\t\t\t\t<\/div>\n\t\t\t\t<div class=\"elementor-element elementor-element-635c1c1 elementor-widget elementor-widget-heading\" data-id=\"635c1c1\" data-element_type=\"widget\" data-e-type=\"widget\" data-widget_type=\"heading.default\">\n\t\t\t\t<div class=\"elementor-widget-container\">\n\t\t\t\t\t<h3 class=\"elementor-heading-title elementor-size-default\">Reconocimiento de Pautas Sociales<\/h3>\t\t\t\t<\/div>\n\t\t\t\t<\/div>\n\t\t\t\t<div class=\"elementor-element elementor-element-f508d54 elementor-widget elementor-widget-text-editor\" data-id=\"f508d54\" data-element_type=\"widget\" data-e-type=\"widget\" data-widget_type=\"text-editor.default\">\n\t\t\t\t<div class=\"elementor-widget-container\">\n\t\t\t\t\t\t\t\t\t<p>Reconocemos los conocimientos propios comunitarios, as\u00ed como los saberes tradicionales. Todas y todos somos parte de un contexto social y de una cultura, que nos ense\u00f1a muchas conductas respetuosas de los derechos de otros y otras, as\u00ed como algunas conductas que les lesionan y agreden.\u00a0<\/p><p>El conocer estas pautas sociales y observar los resultados, permite a las j\u00f3venes tomar sus propias decisiones en torno a estas conductas, es el caso del fen\u00f3meno de la violencia de g\u00e9nero al interior de las propias comunidades y del perjuicio en la vida de ni\u00f1as, ni\u00f1os, j\u00f3venes y mujeres.<\/p>\t\t\t\t\t\t\t\t<\/div>\n\t\t\t\t<\/div>\n\t\t\t\t\t<\/div>\n\t\t<\/div>\n\t\t\t\t<div class=\"elementor-column elementor-col-25 elementor-top-column elementor-element elementor-element-c70848d\" data-id=\"c70848d\" data-element_type=\"column\" data-e-type=\"column\">\n\t\t\t<div class=\"elementor-widget-wrap elementor-element-populated\">\n\t\t\t\t\t\t<div class=\"elementor-element elementor-element-9703000 elementor-widget elementor-widget-image\" data-id=\"9703000\" data-element_type=\"widget\" data-e-type=\"widget\" data-widget_type=\"image.default\">\n\t\t\t\t<div class=\"elementor-widget-container\">\n\t\t\t\t\t\t\t\t\t\t\t\t\t\t\t<img decoding=\"async\" src=\"https:\/\/www.gesmujer.org\/sitio\/wp-content\/uploads\/2017\/08\/Foto-06-Reconocimiento-UTVCO-scaled.jpg\" title=\"\" alt=\"\" loading=\"lazy\" \/>\t\t\t\t\t\t\t\t\t\t\t\t\t\t\t<\/div>\n\t\t\t\t<\/div>\n\t\t\t\t<div class=\"elementor-element elementor-element-3c3db35 elementor-widget elementor-widget-heading\" data-id=\"3c3db35\" data-element_type=\"widget\" data-e-type=\"widget\" data-widget_type=\"heading.default\">\n\t\t\t\t<div class=\"elementor-widget-container\">\n\t\t\t\t\t<h3 class=\"elementor-heading-title elementor-size-default\">Enfoque Laico y conocimiento Cient\u00edfico<\/h3>\t\t\t\t<\/div>\n\t\t\t\t<\/div>\n\t\t\t\t<div class=\"elementor-element elementor-element-451c4d1 elementor-widget elementor-widget-text-editor\" data-id=\"451c4d1\" data-element_type=\"widget\" data-e-type=\"widget\" data-widget_type=\"text-editor.default\">\n\t\t\t\t<div class=\"elementor-widget-container\">\n\t\t\t\t\t\t\t\t\t<p>Nos basamos en evidencias cient\u00edficas y en un enfoque laico, los cuales nos permiten asegurar que los conocimientos transmitidos son parte del conocimiento cient\u00edfico y de hallazgos importantes sobre la salud sexual y reproductiva.<\/p><p>De igual manera, partimos del principio de que debemos despojarnos de todo prejuicio religioso y cultural que limita el conocimiento e impone modos de pensamiento sesgado con relaci\u00f3n a los derechos sexuales y reproductivos de la poblaci\u00f3n joven.<\/p>\t\t\t\t\t\t\t\t<\/div>\n\t\t\t\t<\/div>\n\t\t\t\t\t<\/div>\n\t\t<\/div>\n\t\t\t\t<div class=\"elementor-column elementor-col-25 elementor-top-column elementor-element elementor-element-763d38b\" data-id=\"763d38b\" data-element_type=\"column\" data-e-type=\"column\">\n\t\t\t<div class=\"elementor-widget-wrap elementor-element-populated\">\n\t\t\t\t\t\t<div class=\"elementor-element elementor-element-b226c5c elementor-widget elementor-widget-image\" data-id=\"b226c5c\" data-element_type=\"widget\" data-e-type=\"widget\" data-widget_type=\"image.default\">\n\t\t\t\t<div class=\"elementor-widget-container\">\n\t\t\t\t\t\t\t\t\t\t\t\t\t\t\t<img decoding=\"async\" src=\"https:\/\/www.gesmujer.org\/sitio\/wp-content\/uploads\/2018\/08\/manos-e1535493699755.jpg\" title=\"\" alt=\"\" loading=\"lazy\" \/>\t\t\t\t\t\t\t\t\t\t\t\t\t\t\t<\/div>\n\t\t\t\t<\/div>\n\t\t\t\t<div class=\"elementor-element elementor-element-2c7046a elementor-widget elementor-widget-heading\" data-id=\"2c7046a\" data-element_type=\"widget\" data-e-type=\"widget\" data-widget_type=\"heading.default\">\n\t\t\t\t<div class=\"elementor-widget-container\">\n\t\t\t\t\t<h3 class=\"elementor-heading-title elementor-size-default\">Igualdad de Derechos para Mujeres y Hombres<\/h3>\t\t\t\t<\/div>\n\t\t\t\t<\/div>\n\t\t\t\t<div class=\"elementor-element elementor-element-8237ffd elementor-widget elementor-widget-text-editor\" data-id=\"8237ffd\" data-element_type=\"widget\" data-e-type=\"widget\" data-widget_type=\"text-editor.default\">\n\t\t\t\t<div class=\"elementor-widget-container\">\n\t\t\t\t\t\t\t\t\t<p>Partimos del principio de la b\u00fasqueda de la equidad entre mujeres y hombres, el cual es fundamental para lograr una sociedad m\u00e1s justa que respete los derechos de mujeres y hombres, que respete el derecho a la participaci\u00f3n y a la toma de decisiones dentro de la comunidad.<\/p>\t\t\t\t\t\t\t\t<\/div>\n\t\t\t\t<\/div>\n\t\t\t\t\t<\/div>\n\t\t<\/div>\n\t\t\t\t\t<\/div>\n\t\t<\/section>\n\t\t\t\t<section class=\"elementor-section elementor-top-section elementor-element elementor-element-72c1bd0 elementor-section-boxed elementor-section-height-default elementor-section-height-default\" data-id=\"72c1bd0\" data-element_type=\"section\" data-e-type=\"section\">\n\t\t\t\t\t\t<div class=\"elementor-container elementor-column-gap-default\">\n\t\t\t\t\t<div class=\"elementor-column elementor-col-100 elementor-top-column elementor-element elementor-element-6b3c690\" data-id=\"6b3c690\" data-element_type=\"column\" data-e-type=\"column\">\n\t\t\t<div class=\"elementor-widget-wrap elementor-element-populated\">\n\t\t\t\t\t\t<div class=\"elementor-element elementor-element-153e301 elementor-widget elementor-widget-video\" data-id=\"153e301\" data-element_type=\"widget\" data-e-type=\"widget\" data-settings=\"{&quot;youtube_url&quot;:&quot;https:\\\/\\\/youtu.be\\\/qA-EPexyZTQ&quot;,&quot;video_type&quot;:&quot;youtube&quot;,&quot;controls&quot;:&quot;yes&quot;}\" data-widget_type=\"video.default\">\n\t\t\t\t<div class=\"elementor-widget-container\">\n\t\t\t\t\t\t\t<div class=\"elementor-wrapper elementor-open-inline\">\n\t\t\t<div class=\"elementor-video\"><\/div>\t\t<\/div>\n\t\t\t\t\t\t<\/div>\n\t\t\t\t<\/div>\n\t\t\t\t\t<\/div>\n\t\t<\/div>\n\t\t\t\t\t<\/div>\n\t\t<\/section>\n\t\t\t\t<section class=\"elementor-section elementor-top-section elementor-element elementor-element-7188e1b elementor-section-boxed elementor-section-height-default elementor-section-height-default\" data-id=\"7188e1b\" data-element_type=\"section\" data-e-type=\"section\">\n\t\t\t\t\t\t<div class=\"elementor-container elementor-column-gap-default\">\n\t\t\t\t\t<div class=\"elementor-column elementor-col-100 elementor-top-column elementor-element elementor-element-8deb8e8\" data-id=\"8deb8e8\" data-element_type=\"column\" data-e-type=\"column\">\n\t\t\t<div class=\"elementor-widget-wrap elementor-element-populated\">\n\t\t\t\t\t\t<div class=\"elementor-element elementor-element-f3cb921 elementor-widget elementor-widget-heading\" data-id=\"f3cb921\" data-element_type=\"widget\" data-e-type=\"widget\" data-widget_type=\"heading.default\">\n\t\t\t\t<div class=\"elementor-widget-container\">\n\t\t\t\t\t<h2 class=\"elementor-heading-title elementor-size-default\">L\u00ednea del tiempo<\/h2>\t\t\t\t<\/div>\n\t\t\t\t<\/div>\n\t\t\t\t<div class=\"elementor-element elementor-element-e2cf90a elementor-widget elementor-widget-text-editor\" data-id=\"e2cf90a\" data-element_type=\"widget\" data-e-type=\"widget\" data-widget_type=\"text-editor.default\">\n\t\t\t\t<div class=\"elementor-widget-container\">\n\t\t\t\t\t\t\t\t\t<p style=\"text-align: center;\"><strong style=\"color: #000000;\">[timeline-express]<\/strong><\/p>\t\t\t\t\t\t\t\t<\/div>\n\t\t\t\t<\/div>\n\t\t\t\t\t<\/div>\n\t\t<\/div>\n\t\t\t\t\t<\/div>\n\t\t<\/section>\n\t\t\t\t<section class=\"elementor-section elementor-top-section elementor-element elementor-element-09687bc elementor-section-boxed elementor-section-height-default elementor-section-height-default\" data-id=\"09687bc\" data-element_type=\"section\" data-e-type=\"section\">\n\t\t\t\t\t\t<div class=\"elementor-container elementor-column-gap-default\">\n\t\t\t\t\t<div class=\"elementor-column elementor-col-100 elementor-top-column elementor-element elementor-element-533dc2e\" data-id=\"533dc2e\" data-element_type=\"column\" data-e-type=\"column\">\n\t\t\t<div class=\"elementor-widget-wrap\">\n\t\t\t\t\t\t\t<\/div>\n\t\t<\/div>\n\t\t\t\t\t<\/div>\n\t\t<\/section>\n\t\t\t\t<\/div>\n\t\t","protected":false},"excerpt":{"rendered":"<p>Nos basamos en un enfoque de Derechos Humanos, fundamental para entender de qu\u00e9 manera, dentro de una sociedad democr\u00e1tica, somos garantes de garant\u00edas universales y c\u00f3mo los derechos sexuales y reproductivos de la poblaci\u00f3n joven son parte importante. Rechazamos cualquier tipo de discriminaci\u00f3n por g\u00e9nero, adscripci\u00f3n \u00e9tnica, preferencia sexual, religi\u00f3n, condici\u00f3n socioecon\u00f3mica, as\u00ed como ideolog\u00eda [&hellip;]<\/p>\n","protected":false},"author":4,"featured_media":0,"parent":0,"menu_order":0,"comment_status":"closed","ping_status":"closed","template":"","meta":{"give_campaign_id":0,"rs_blank_template":"","rs_page_bg_color":"","slide_template_v7":"","footnotes":""},"class_list":["post-1468","page","type-page","status-publish","hentry"],"campaignId":"","_links":{"self":[{"href":"https:\/\/www.gesmujer.org\/sitio\/index.php?rest_route=\/wp\/v2\/pages\/1468","targetHints":{"allow":["GET"]}}],"collection":[{"href":"https:\/\/www.gesmujer.org\/sitio\/index.php?rest_route=\/wp\/v2\/pages"}],"about":[{"href":"https:\/\/www.gesmujer.org\/sitio\/index.php?rest_route=\/wp\/v2\/types\/page"}],"author":[{"embeddable":true,"href":"https:\/\/www.gesmujer.org\/sitio\/index.php?rest_route=\/wp\/v2\/users\/4"}],"replies":[{"embeddable":true,"href":"https:\/\/www.gesmujer.org\/sitio\/index.php?rest_route=%2Fwp%2Fv2%2Fcomments&post=1468"}],"version-history":[{"count":37,"href":"https:\/\/www.gesmujer.org\/sitio\/index.php?rest_route=\/wp\/v2\/pages\/1468\/revisions"}],"predecessor-version":[{"id":26631,"href":"https:\/\/www.gesmujer.org\/sitio\/index.php?rest_route=\/wp\/v2\/pages\/1468\/revisions\/26631"}],"wp:attachment":[{"href":"https:\/\/www.gesmujer.org\/sitio\/index.php?rest_route=%2Fwp%2Fv2%2Fmedia&parent=1468"}],"curies":[{"name":"wp","href":"https:\/\/api.w.org\/{rel}","templated":true}]}}