{"id":21240,"date":"2021-08-04T19:25:07","date_gmt":"2021-08-05T01:25:07","guid":{"rendered":"https:\/\/www.gesmujer.org\/sitio\/?page_id=21240"},"modified":"2024-03-25T17:18:47","modified_gmt":"2024-03-25T23:18:47","slug":"asesoria-psicologica-2","status":"publish","type":"page","link":"https:\/\/www.gesmujer.org\/sitio\/?page_id=21240","title":{"rendered":"Asesor\u00eda psicol\u00f3gica"},"content":{"rendered":"\n<div class=\"wp-block-image\"><figure class=\"aligncenter size-large\"><a href=\"https:\/\/www.gesmujer.org\/sitio\/wp-content\/uploads\/2021\/08\/psicologia.jpg\"><img fetchpriority=\"high\" decoding=\"async\" width=\"1024\" height=\"461\" src=\"https:\/\/www.gesmujer.org\/sitio\/wp-content\/uploads\/2021\/08\/psicologia-1024x461.jpg\" alt=\"\" class=\"wp-image-21178\" srcset=\"https:\/\/www.gesmujer.org\/sitio\/wp-content\/uploads\/2021\/08\/psicologia-1024x461.jpg 1024w, https:\/\/www.gesmujer.org\/sitio\/wp-content\/uploads\/2021\/08\/psicologia-1080x486.jpg 1080w, https:\/\/www.gesmujer.org\/sitio\/wp-content\/uploads\/2021\/08\/psicologia-300x135.jpg 300w, https:\/\/www.gesmujer.org\/sitio\/wp-content\/uploads\/2021\/08\/psicologia-768x346.jpg 768w, https:\/\/www.gesmujer.org\/sitio\/wp-content\/uploads\/2021\/08\/psicologia-1536x691.jpg 1536w, https:\/\/www.gesmujer.org\/sitio\/wp-content\/uploads\/2021\/08\/psicologia-600x270.jpg 600w, https:\/\/www.gesmujer.org\/sitio\/wp-content\/uploads\/2021\/08\/psicologia.jpg 1920w\" sizes=\"(max-width: 1024px) 100vw, 1024px\" \/><\/a><\/figure><\/div>\n\n\n\n<blockquote class=\"wp-block-quote is-style-default is-layout-flow wp-block-quote-is-layout-flow\"><p>Fortalecemos y favorecemos el desarrollo emocional de mujeres, ni\u00f1as y ni\u00f1os a trav\u00e9s de asesor\u00eda psicol\u00f3gica individual o en grupos.<\/p><p>La mayor parte de los casos est\u00e1n relacionados con situaciones de violencia en sus diversas modalidades y tipos. La cuota de recuperaci\u00f3n de las consultas se hace de acuerdo a las posibilidades econ\u00f3micas.<\/p><\/blockquote>\n\n\n\n<p>La violencia hacia las ni\u00f1as y las mujeres es un problema grave que requiere atenci\u00f3n psicol\u00f3gica y jur\u00eddica. Los tipos de casos que atendemos incluye el tr\u00e1mite de divorcios, guardia y custodia, pensi\u00f3n alimenticia y patria potestad. Dejar el hogar con hijas e hijos por el riesgo inminente contra su vida; contenci\u00f3n en crisis por violencia emocional que llevan a tentativa de suicidio; acompa\u00f1amiento con la fuerza p\u00fablica en agresiones de pareja; ubicaci\u00f3n de refugios temporales; solicitud de \u00f3rdenes de protecci\u00f3n; violencias en la v\u00eda p\u00fablica, desde el acoso callejero hasta violaci\u00f3n tumultuaria; y violencia digital.<\/p>\n\n\n\n<blockquote class=\"wp-block-quote is-style-default is-layout-flow wp-block-quote-is-layout-flow\"><p><strong>Cada caso, adem\u00e1s de atender las necesidades de mujeres y ni\u00f1as, es una oportunidad de monitorear la calidad de atenci\u00f3n de los sistemas de procuraci\u00f3n e impartici\u00f3n de justicia, con lo cual colocamos el tema en la opini\u00f3n p\u00fablica y contribuimos con propuestas desde la sociedad civil.<\/strong><\/p><\/blockquote>\n\n\n\n<pre class=\"wp-block-verse has-text-align-center has-text-color has-medium-font-size\" style=\"color:#b5168d\"><strong>La labor de acompa\u00f1amiento psicol\u00f3gico y jur\u00eddico del GESMujer, les recuerda a las mujeres que... <\/strong>\n<strong>\u00a1No est\u00e1n solas!<\/strong><\/pre>\n\n\n\n<h2 class=\"has-text-align-center has-white-color has-vivid-purple-background-color has-text-color has-background has-large-font-size wp-block-heading\">L\u00ednea de emergencia WhatsApp (951) 272 26 65<\/h2>\n\n\n\n<h3 class=\"has-text-align-center has-white-color has-luminous-vivid-amber-background-color has-text-color has-background wp-block-heading\">Cont\u00e1ctanos<\/h3>\n\n\n\n<div class=\"wp-block-contact-form-7-contact-form-selector\"><p class=\"wpcf7-contact-form-not-found\"><strong>Error:<\/strong> No se encontr\u00f3 ning\u00fan formulario de contacto.<\/p><\/div>\n","protected":false},"excerpt":{"rendered":"<p>Fortalecemos y favorecemos el desarrollo emocional de mujeres, ni\u00f1as y ni\u00f1os a trav\u00e9s de asesor\u00eda psicol\u00f3gica individual o en grupos. La mayor parte de los casos est\u00e1n relacionados con situaciones de violencia en sus diversas modalidades y tipos. La cuota de recuperaci\u00f3n de las consultas se hace de acuerdo a las posibilidades econ\u00f3micas. La violencia [&hellip;]<\/p>\n","protected":false},"author":4,"featured_media":0,"parent":0,"menu_order":0,"comment_status":"closed","ping_status":"closed","template":"","meta":{"give_campaign_id":0,"rs_blank_template":"","rs_page_bg_color":"","slide_template_v7":"","footnotes":""},"class_list":["post-21240","page","type-page","status-publish","hentry"],"campaignId":"","_links":{"self":[{"href":"https:\/\/www.gesmujer.org\/sitio\/index.php?rest_route=\/wp\/v2\/pages\/21240","targetHints":{"allow":["GET"]}}],"collection":[{"href":"https:\/\/www.gesmujer.org\/sitio\/index.php?rest_route=\/wp\/v2\/pages"}],"about":[{"href":"https:\/\/www.gesmujer.org\/sitio\/index.php?rest_route=\/wp\/v2\/types\/page"}],"author":[{"embeddable":true,"href":"https:\/\/www.gesmujer.org\/sitio\/index.php?rest_route=\/wp\/v2\/users\/4"}],"replies":[{"embeddable":true,"href":"https:\/\/www.gesmujer.org\/sitio\/index.php?rest_route=%2Fwp%2Fv2%2Fcomments&post=21240"}],"version-history":[{"count":4,"href":"https:\/\/www.gesmujer.org\/sitio\/index.php?rest_route=\/wp\/v2\/pages\/21240\/revisions"}],"predecessor-version":[{"id":22569,"href":"https:\/\/www.gesmujer.org\/sitio\/index.php?rest_route=\/wp\/v2\/pages\/21240\/revisions\/22569"}],"wp:attachment":[{"href":"https:\/\/www.gesmujer.org\/sitio\/index.php?rest_route=%2Fwp%2Fv2%2Fmedia&parent=21240"}],"curies":[{"name":"wp","href":"https:\/\/api.w.org\/{rel}","templated":true}]}}