{"id":22362,"date":"2021-08-13T23:34:32","date_gmt":"2021-08-14T05:34:32","guid":{"rendered":"https:\/\/www.gesmujer.org\/sitio\/?page_id=22362"},"modified":"2021-08-19T22:09:57","modified_gmt":"2021-08-20T04:09:57","slug":"patrocinadores","status":"publish","type":"page","link":"https:\/\/www.gesmujer.org\/sitio\/?page_id=22362","title":{"rendered":"Donantes y patrocinadores"},"content":{"rendered":"\t\t<div data-elementor-type=\"wp-page\" data-elementor-id=\"22362\" class=\"elementor elementor-22362\">\n\t\t\t\t\t\t<section class=\"elementor-section elementor-top-section elementor-element elementor-element-2cce0ed elementor-section-boxed elementor-section-height-default elementor-section-height-default\" data-id=\"2cce0ed\" data-element_type=\"section\" data-e-type=\"section\">\n\t\t\t\t\t\t<div class=\"elementor-container elementor-column-gap-default\">\n\t\t\t\t\t<div class=\"elementor-column elementor-col-100 elementor-top-column elementor-element elementor-element-daec410\" data-id=\"daec410\" data-element_type=\"column\" data-e-type=\"column\">\n\t\t\t<div class=\"elementor-widget-wrap elementor-element-populated\">\n\t\t\t\t\t\t<div class=\"elementor-element elementor-element-4f8a71b elementor-widget elementor-widget-text-editor\" data-id=\"4f8a71b\" data-element_type=\"widget\" data-e-type=\"widget\" data-widget_type=\"text-editor.default\">\n\t\t\t\t<div class=\"elementor-widget-container\">\n\t\t\t\t\t\t\t\t\t<p>El Grupo de Estudios sobre la Mujer &#8220;Rosario Castellanos&#8221; A.C. (GESMujer), agradece de manera muy especial a cada una de las entidades que con su donativo han logrado que el GESMujer siga llevando acabo sus acciones as\u00ed como realizando sus operaciones diarias. Sin duda la suma de las capacidades de cada donante permite hacer\u00a0 un mundo mejor para poner un alto a la violencia de g\u00e9nero en la vida de las mujeres, las ni\u00f1as, ni\u00f1os, adolescentes y j\u00f3venes.<\/p><p class=\"gris\">*Todas tus aportaciones econ\u00f3micas son deducibles de impuestos.<\/p><p class=\"gris\">*Tu compromiso de donativo est\u00e1 totalmente abierto al tiempo que t\u00fa decidas.<\/p><p style=\"text-align: left;\">A nombre de todo el equipo GESMujer. <strong>\u00a1Muchas Gracias.!<\/strong><\/p>\t\t\t\t\t\t\t\t<\/div>\n\t\t\t\t<\/div>\n\t\t\t\t<div class=\"elementor-element elementor-element-49f34b7 elementor-widget elementor-widget-heading\" data-id=\"49f34b7\" data-element_type=\"widget\" data-e-type=\"widget\" data-widget_type=\"heading.default\">\n\t\t\t\t<div class=\"elementor-widget-container\">\n\t\t\t\t\t<h2 class=\"elementor-heading-title elementor-size-default\">Donantes Institucionales<\/h2>\t\t\t\t<\/div>\n\t\t\t\t<\/div>\n\t\t\t\t\t<\/div>\n\t\t<\/div>\n\t\t\t\t\t<\/div>\n\t\t<\/section>\n\t\t\t\t<section class=\"elementor-section elementor-top-section elementor-element elementor-element-383b807 elementor-section-boxed elementor-section-height-default elementor-section-height-default\" data-id=\"383b807\" data-element_type=\"section\" data-e-type=\"section\">\n\t\t\t\t\t\t<div class=\"elementor-container elementor-column-gap-default\">\n\t\t\t\t\t<div class=\"elementor-column elementor-col-16 elementor-top-column elementor-element elementor-element-f2c6b50\" data-id=\"f2c6b50\" data-element_type=\"column\" data-e-type=\"column\">\n\t\t\t<div class=\"elementor-widget-wrap elementor-element-populated\">\n\t\t\t\t\t\t<div class=\"elementor-element elementor-element-62d97eb elementor-widget elementor-widget-image\" data-id=\"62d97eb\" data-element_type=\"widget\" data-e-type=\"widget\" data-widget_type=\"image.default\">\n\t\t\t\t<div class=\"elementor-widget-container\">\n\t\t\t\t\t\t\t\t\t\t\t\t\t\t\t<img decoding=\"async\" src=\"https:\/\/www.gesmujer.org\/sitio\/wp-content\/plugins\/elementor\/assets\/images\/placeholder.png\" title=\"\" alt=\"\" loading=\"lazy\" \/>\t\t\t\t\t\t\t\t\t\t\t\t\t\t\t<\/div>\n\t\t\t\t<\/div>\n\t\t\t\t\t<\/div>\n\t\t<\/div>\n\t\t\t\t<div class=\"elementor-column elementor-col-16 elementor-top-column elementor-element elementor-element-48410d0\" data-id=\"48410d0\" data-element_type=\"column\" data-e-type=\"column\">\n\t\t\t<div class=\"elementor-widget-wrap elementor-element-populated\">\n\t\t\t\t\t\t<div class=\"elementor-element elementor-element-d9023d7 elementor-widget elementor-widget-image\" data-id=\"d9023d7\" data-element_type=\"widget\" data-e-type=\"widget\" data-widget_type=\"image.default\">\n\t\t\t\t<div class=\"elementor-widget-container\">\n\t\t\t\t\t\t\t\t\t\t\t\t\t\t\t<img decoding=\"async\" width=\"150\" height=\"75\" src=\"https:\/\/www.gesmujer.org\/sitio\/wp-content\/uploads\/2021\/08\/salesforce_logo_icon_168852-256-1-e1629566229100.png\" class=\"attachment-large size-large wp-image-22367\" alt=\"\" \/>\t\t\t\t\t\t\t\t\t\t\t\t\t\t\t<\/div>\n\t\t\t\t<\/div>\n\t\t\t\t\t<\/div>\n\t\t<\/div>\n\t\t\t\t<div class=\"elementor-column elementor-col-16 elementor-top-column elementor-element elementor-element-1f2f714\" data-id=\"1f2f714\" data-element_type=\"column\" data-e-type=\"column\">\n\t\t\t<div class=\"elementor-widget-wrap elementor-element-populated\">\n\t\t\t\t\t\t<div class=\"elementor-element elementor-element-856d57b elementor-widget elementor-widget-image\" data-id=\"856d57b\" data-element_type=\"widget\" data-e-type=\"widget\" data-widget_type=\"image.default\">\n\t\t\t\t<div class=\"elementor-widget-container\">\n\t\t\t\t\t\t\t\t\t\t\t\t\t\t\t<img decoding=\"async\" width=\"150\" height=\"120\" src=\"https:\/\/www.gesmujer.org\/sitio\/wp-content\/uploads\/2021\/08\/GoogleLogo250w-e1629566215899.png\" class=\"attachment-large size-large wp-image-22375\" alt=\"\" \/>\t\t\t\t\t\t\t\t\t\t\t\t\t\t\t<\/div>\n\t\t\t\t<\/div>\n\t\t\t\t\t<\/div>\n\t\t<\/div>\n\t\t\t\t<div class=\"elementor-column elementor-col-16 elementor-top-column elementor-element elementor-element-f79e0f4\" data-id=\"f79e0f4\" data-element_type=\"column\" data-e-type=\"column\">\n\t\t\t<div class=\"elementor-widget-wrap elementor-element-populated\">\n\t\t\t\t\t\t<div class=\"elementor-element elementor-element-42ff123 elementor-widget elementor-widget-image\" data-id=\"42ff123\" data-element_type=\"widget\" data-e-type=\"widget\" data-widget_type=\"image.default\">\n\t\t\t\t<div class=\"elementor-widget-container\">\n\t\t\t\t\t\t\t\t\t\t\t\t\t\t\t<img fetchpriority=\"high\" decoding=\"async\" width=\"497\" height=\"172\" src=\"https:\/\/www.gesmujer.org\/sitio\/wp-content\/uploads\/2021\/08\/Social-hero-logo-dark1.png\" class=\"attachment-large size-large wp-image-22641\" alt=\"\" srcset=\"https:\/\/www.gesmujer.org\/sitio\/wp-content\/uploads\/2021\/08\/Social-hero-logo-dark1.png 497w, https:\/\/www.gesmujer.org\/sitio\/wp-content\/uploads\/2021\/08\/Social-hero-logo-dark1-300x104.png 300w, https:\/\/www.gesmujer.org\/sitio\/wp-content\/uploads\/2021\/08\/Social-hero-logo-dark1-350x120.png 350w\" sizes=\"(max-width: 497px) 100vw, 497px\" \/>\t\t\t\t\t\t\t\t\t\t\t\t\t\t\t<\/div>\n\t\t\t\t<\/div>\n\t\t\t\t\t<\/div>\n\t\t<\/div>\n\t\t\t\t<div class=\"elementor-column elementor-col-16 elementor-top-column elementor-element elementor-element-84255cd\" data-id=\"84255cd\" data-element_type=\"column\" data-e-type=\"column\">\n\t\t\t<div class=\"elementor-widget-wrap elementor-element-populated\">\n\t\t\t\t\t\t<div class=\"elementor-element elementor-element-dc80443 elementor-widget elementor-widget-image\" data-id=\"dc80443\" data-element_type=\"widget\" data-e-type=\"widget\" data-widget_type=\"image.default\">\n\t\t\t\t<div class=\"elementor-widget-container\">\n\t\t\t\t\t\t\t\t\t\t\t\t\t\t\t<img decoding=\"async\" src=\"https:\/\/www.gesmujer.org\/sitio\/wp-content\/plugins\/elementor\/assets\/images\/placeholder.png\" title=\"\" alt=\"\" loading=\"lazy\" \/>\t\t\t\t\t\t\t\t\t\t\t\t\t\t\t<\/div>\n\t\t\t\t<\/div>\n\t\t\t\t\t<\/div>\n\t\t<\/div>\n\t\t\t\t<div class=\"elementor-column elementor-col-16 elementor-top-column elementor-element elementor-element-067596e\" data-id=\"067596e\" data-element_type=\"column\" data-e-type=\"column\">\n\t\t\t<div class=\"elementor-widget-wrap elementor-element-populated\">\n\t\t\t\t\t\t<div class=\"elementor-element elementor-element-6e86e5e elementor-widget elementor-widget-image\" data-id=\"6e86e5e\" data-element_type=\"widget\" data-e-type=\"widget\" data-widget_type=\"image.default\">\n\t\t\t\t<div class=\"elementor-widget-container\">\n\t\t\t\t\t\t\t\t\t\t\t\t\t\t\t<img decoding=\"async\" src=\"https:\/\/www.gesmujer.org\/sitio\/wp-content\/plugins\/elementor\/assets\/images\/placeholder.png\" title=\"\" alt=\"\" loading=\"lazy\" \/>\t\t\t\t\t\t\t\t\t\t\t\t\t\t\t<\/div>\n\t\t\t\t<\/div>\n\t\t\t\t\t<\/div>\n\t\t<\/div>\n\t\t\t\t\t<\/div>\n\t\t<\/section>\n\t\t\t\t<section class=\"elementor-section elementor-top-section elementor-element elementor-element-8835245 elementor-section-boxed elementor-section-height-default elementor-section-height-default\" data-id=\"8835245\" data-element_type=\"section\" data-e-type=\"section\">\n\t\t\t\t\t\t<div class=\"elementor-container elementor-column-gap-default\">\n\t\t\t\t\t<div class=\"elementor-column elementor-col-100 elementor-top-column elementor-element elementor-element-51c4219\" data-id=\"51c4219\" data-element_type=\"column\" data-e-type=\"column\">\n\t\t\t<div class=\"elementor-widget-wrap elementor-element-populated\">\n\t\t\t\t\t\t<div class=\"elementor-element elementor-element-c78d843 elementor-widget elementor-widget-heading\" data-id=\"c78d843\" data-element_type=\"widget\" data-e-type=\"widget\" data-widget_type=\"heading.default\">\n\t\t\t\t<div class=\"elementor-widget-container\">\n\t\t\t\t\t<h2 class=\"elementor-heading-title elementor-size-default\">Donantes Empresariales<\/h2>\t\t\t\t<\/div>\n\t\t\t\t<\/div>\n\t\t\t\t\t<\/div>\n\t\t<\/div>\n\t\t\t\t\t<\/div>\n\t\t<\/section>\n\t\t\t\t<section class=\"elementor-section elementor-top-section elementor-element elementor-element-04064d2 elementor-section-boxed elementor-section-height-default elementor-section-height-default\" data-id=\"04064d2\" data-element_type=\"section\" data-e-type=\"section\">\n\t\t\t\t\t\t<div class=\"elementor-container elementor-column-gap-default\">\n\t\t\t\t\t<div class=\"elementor-column elementor-col-16 elementor-top-column elementor-element elementor-element-1008f88\" data-id=\"1008f88\" data-element_type=\"column\" data-e-type=\"column\">\n\t\t\t<div class=\"elementor-widget-wrap elementor-element-populated\">\n\t\t\t\t\t\t<div class=\"elementor-element elementor-element-870c87a elementor-widget elementor-widget-image\" data-id=\"870c87a\" data-element_type=\"widget\" data-e-type=\"widget\" data-widget_type=\"image.default\">\n\t\t\t\t<div class=\"elementor-widget-container\">\n\t\t\t\t\t\t\t\t\t\t\t\t\t\t\t<img loading=\"lazy\" decoding=\"async\" width=\"1024\" height=\"768\" src=\"https:\/\/www.gesmujer.org\/sitio\/wp-content\/uploads\/2021\/08\/LOGO-CENTRAL-ESPAN\u0303ADIGITAL-1024x768.png\" class=\"attachment-large size-large wp-image-22366\" alt=\"\" srcset=\"https:\/\/www.gesmujer.org\/sitio\/wp-content\/uploads\/2021\/08\/LOGO-CENTRAL-ESPAN\u0303ADIGITAL-1024x768.png 1024w, https:\/\/www.gesmujer.org\/sitio\/wp-content\/uploads\/2021\/08\/LOGO-CENTRAL-ESPAN\u0303ADIGITAL-300x225.png 300w, https:\/\/www.gesmujer.org\/sitio\/wp-content\/uploads\/2021\/08\/LOGO-CENTRAL-ESPAN\u0303ADIGITAL-768x576.png 768w, https:\/\/www.gesmujer.org\/sitio\/wp-content\/uploads\/2021\/08\/LOGO-CENTRAL-ESPAN\u0303ADIGITAL-1536x1152.png 1536w, https:\/\/www.gesmujer.org\/sitio\/wp-content\/uploads\/2021\/08\/LOGO-CENTRAL-ESPAN\u0303ADIGITAL-2048x1536.png 2048w, https:\/\/www.gesmujer.org\/sitio\/wp-content\/uploads\/2021\/08\/LOGO-CENTRAL-ESPAN\u0303ADIGITAL-800x600.png 800w, https:\/\/www.gesmujer.org\/sitio\/wp-content\/uploads\/2021\/08\/LOGO-CENTRAL-ESPAN\u0303ADIGITAL-600x450.png 600w, https:\/\/www.gesmujer.org\/sitio\/wp-content\/uploads\/2021\/08\/LOGO-CENTRAL-ESPAN\u0303ADIGITAL-e1629566200821.png 151w\" sizes=\"(max-width: 1024px) 100vw, 1024px\" \/>\t\t\t\t\t\t\t\t\t\t\t\t\t\t\t<\/div>\n\t\t\t\t<\/div>\n\t\t\t\t\t<\/div>\n\t\t<\/div>\n\t\t\t\t<div class=\"elementor-column elementor-col-16 elementor-top-column elementor-element elementor-element-705a96c\" data-id=\"705a96c\" data-element_type=\"column\" data-e-type=\"column\">\n\t\t\t<div class=\"elementor-widget-wrap elementor-element-populated\">\n\t\t\t\t\t\t<div class=\"elementor-element elementor-element-ad336d4 elementor-widget elementor-widget-image\" data-id=\"ad336d4\" data-element_type=\"widget\" data-e-type=\"widget\" data-widget_type=\"image.default\">\n\t\t\t\t<div class=\"elementor-widget-container\">\n\t\t\t\t\t\t\t\t\t\t\t\t\t\t\t<img loading=\"lazy\" decoding=\"async\" width=\"150\" height=\"73\" src=\"https:\/\/www.gesmujer.org\/sitio\/wp-content\/uploads\/2021\/08\/Logo_LasQuinceLetras-e1629566136808.png\" class=\"attachment-large size-large wp-image-22556\" alt=\"\" \/>\t\t\t\t\t\t\t\t\t\t\t\t\t\t\t<\/div>\n\t\t\t\t<\/div>\n\t\t\t\t\t<\/div>\n\t\t<\/div>\n\t\t\t\t<div class=\"elementor-column elementor-col-16 elementor-top-column elementor-element elementor-element-252ab48\" data-id=\"252ab48\" data-element_type=\"column\" data-e-type=\"column\">\n\t\t\t<div class=\"elementor-widget-wrap elementor-element-populated\">\n\t\t\t\t\t\t<div class=\"elementor-element elementor-element-3ad34c0 elementor-widget elementor-widget-image\" data-id=\"3ad34c0\" data-element_type=\"widget\" data-e-type=\"widget\" data-widget_type=\"image.default\">\n\t\t\t\t<div class=\"elementor-widget-container\">\n\t\t\t\t\t\t\t\t\t\t\t\t\t\t\t<img loading=\"lazy\" decoding=\"async\" width=\"149\" height=\"41\" src=\"https:\/\/www.gesmujer.org\/sitio\/wp-content\/uploads\/2021\/08\/logo-zandunga-e1629566087591.png\" class=\"attachment-large size-large wp-image-22582\" alt=\"\" \/>\t\t\t\t\t\t\t\t\t\t\t\t\t\t\t<\/div>\n\t\t\t\t<\/div>\n\t\t\t\t\t<\/div>\n\t\t<\/div>\n\t\t\t\t<div class=\"elementor-column elementor-col-16 elementor-top-column elementor-element elementor-element-c963613\" data-id=\"c963613\" data-element_type=\"column\" data-e-type=\"column\">\n\t\t\t<div class=\"elementor-widget-wrap elementor-element-populated\">\n\t\t\t\t\t\t<div class=\"elementor-element elementor-element-aea0067 elementor-widget elementor-widget-image\" data-id=\"aea0067\" data-element_type=\"widget\" data-e-type=\"widget\" data-widget_type=\"image.default\">\n\t\t\t\t<div class=\"elementor-widget-container\">\n\t\t\t\t\t\t\t\t\t\t\t\t\t\t\t<img loading=\"lazy\" decoding=\"async\" width=\"1024\" height=\"488\" src=\"https:\/\/www.gesmujer.org\/sitio\/wp-content\/uploads\/2021\/08\/Resplandor-logo-color-1024x488.png\" class=\"attachment-large size-large wp-image-22537\" alt=\"\" srcset=\"https:\/\/www.gesmujer.org\/sitio\/wp-content\/uploads\/2021\/08\/Resplandor-logo-color-1024x488.png 1024w, https:\/\/www.gesmujer.org\/sitio\/wp-content\/uploads\/2021\/08\/Resplandor-logo-color-300x143.png 300w, https:\/\/www.gesmujer.org\/sitio\/wp-content\/uploads\/2021\/08\/Resplandor-logo-color-768x366.png 768w, https:\/\/www.gesmujer.org\/sitio\/wp-content\/uploads\/2021\/08\/Resplandor-logo-color-1536x733.png 1536w, https:\/\/www.gesmujer.org\/sitio\/wp-content\/uploads\/2021\/08\/Resplandor-logo-color-2048x977.png 2048w, https:\/\/www.gesmujer.org\/sitio\/wp-content\/uploads\/2021\/08\/Resplandor-logo-color-600x286.png 600w, https:\/\/www.gesmujer.org\/sitio\/wp-content\/uploads\/2021\/08\/Resplandor-logo-color-e1629566171780.png 151w\" sizes=\"(max-width: 1024px) 100vw, 1024px\" \/>\t\t\t\t\t\t\t\t\t\t\t\t\t\t\t<\/div>\n\t\t\t\t<\/div>\n\t\t\t\t\t<\/div>\n\t\t<\/div>\n\t\t\t\t<div class=\"elementor-column elementor-col-16 elementor-top-column elementor-element elementor-element-3e1fe5a\" data-id=\"3e1fe5a\" data-element_type=\"column\" data-e-type=\"column\">\n\t\t\t<div class=\"elementor-widget-wrap elementor-element-populated\">\n\t\t\t\t\t\t<div class=\"elementor-element elementor-element-0551772 elementor-widget elementor-widget-image\" data-id=\"0551772\" data-element_type=\"widget\" data-e-type=\"widget\" data-widget_type=\"image.default\">\n\t\t\t\t<div class=\"elementor-widget-container\">\n\t\t\t\t\t\t\t\t\t\t\t\t\t\t\t<img loading=\"lazy\" decoding=\"async\" width=\"1024\" height=\"773\" src=\"https:\/\/www.gesmujer.org\/sitio\/wp-content\/uploads\/2021\/08\/LOGOTIPO-SIN-FONDO-05-1024x773.png\" class=\"attachment-large size-large wp-image-22535\" alt=\"\" srcset=\"https:\/\/www.gesmujer.org\/sitio\/wp-content\/uploads\/2021\/08\/LOGOTIPO-SIN-FONDO-05-1024x773.png 1024w, https:\/\/www.gesmujer.org\/sitio\/wp-content\/uploads\/2021\/08\/LOGOTIPO-SIN-FONDO-05-300x226.png 300w, https:\/\/www.gesmujer.org\/sitio\/wp-content\/uploads\/2021\/08\/LOGOTIPO-SIN-FONDO-05-768x580.png 768w, https:\/\/www.gesmujer.org\/sitio\/wp-content\/uploads\/2021\/08\/LOGOTIPO-SIN-FONDO-05-1536x1159.png 1536w, https:\/\/www.gesmujer.org\/sitio\/wp-content\/uploads\/2021\/08\/LOGOTIPO-SIN-FONDO-05-600x453.png 600w, https:\/\/www.gesmujer.org\/sitio\/wp-content\/uploads\/2021\/08\/LOGOTIPO-SIN-FONDO-05-e1629566155959.png 150w\" sizes=\"(max-width: 1024px) 100vw, 1024px\" \/>\t\t\t\t\t\t\t\t\t\t\t\t\t\t\t<\/div>\n\t\t\t\t<\/div>\n\t\t\t\t\t<\/div>\n\t\t<\/div>\n\t\t\t\t<div class=\"elementor-column elementor-col-16 elementor-top-column elementor-element elementor-element-7028a70\" data-id=\"7028a70\" data-element_type=\"column\" data-e-type=\"column\">\n\t\t\t<div class=\"elementor-widget-wrap elementor-element-populated\">\n\t\t\t\t\t\t<div class=\"elementor-element elementor-element-6b0fbb8 elementor-widget elementor-widget-image\" data-id=\"6b0fbb8\" data-element_type=\"widget\" data-e-type=\"widget\" data-widget_type=\"image.default\">\n\t\t\t\t<div class=\"elementor-widget-container\">\n\t\t\t\t\t\t\t\t\t\t\t\t\t\t\t<img decoding=\"async\" src=\"https:\/\/www.gesmujer.org\/sitio\/wp-content\/plugins\/elementor\/assets\/images\/placeholder.png\" title=\"\" alt=\"\" loading=\"lazy\" \/>\t\t\t\t\t\t\t\t\t\t\t\t\t\t\t<\/div>\n\t\t\t\t<\/div>\n\t\t\t\t\t<\/div>\n\t\t<\/div>\n\t\t\t\t\t<\/div>\n\t\t<\/section>\n\t\t\t\t<\/div>\n\t\t","protected":false},"excerpt":{"rendered":"<p>El Grupo de Estudios sobre la Mujer &#8220;Rosario Castellanos&#8221; A.C. (GESMujer), agradece de manera muy especial a cada una de las entidades que con su donativo han logrado que el GESMujer siga llevando acabo sus acciones as\u00ed como realizando sus operaciones diarias. Sin duda la suma de las capacidades de cada donante permite hacer\u00a0 un [&hellip;]<\/p>\n","protected":false},"author":4,"featured_media":0,"parent":0,"menu_order":0,"comment_status":"closed","ping_status":"closed","template":"","meta":{"give_campaign_id":0,"rs_blank_template":"","rs_page_bg_color":"","slide_template_v7":"","footnotes":""},"class_list":["post-22362","page","type-page","status-publish","hentry"],"campaignId":"","_links":{"self":[{"href":"https:\/\/www.gesmujer.org\/sitio\/index.php?rest_route=\/wp\/v2\/pages\/22362","targetHints":{"allow":["GET"]}}],"collection":[{"href":"https:\/\/www.gesmujer.org\/sitio\/index.php?rest_route=\/wp\/v2\/pages"}],"about":[{"href":"https:\/\/www.gesmujer.org\/sitio\/index.php?rest_route=\/wp\/v2\/types\/page"}],"author":[{"embeddable":true,"href":"https:\/\/www.gesmujer.org\/sitio\/index.php?rest_route=\/wp\/v2\/users\/4"}],"replies":[{"embeddable":true,"href":"https:\/\/www.gesmujer.org\/sitio\/index.php?rest_route=%2Fwp%2Fv2%2Fcomments&post=22362"}],"version-history":[{"count":17,"href":"https:\/\/www.gesmujer.org\/sitio\/index.php?rest_route=\/wp\/v2\/pages\/22362\/revisions"}],"predecessor-version":[{"id":22644,"href":"https:\/\/www.gesmujer.org\/sitio\/index.php?rest_route=\/wp\/v2\/pages\/22362\/revisions\/22644"}],"wp:attachment":[{"href":"https:\/\/www.gesmujer.org\/sitio\/index.php?rest_route=%2Fwp%2Fv2%2Fmedia&parent=22362"}],"curies":[{"name":"wp","href":"https:\/\/api.w.org\/{rel}","templated":true}]}}