{"id":57030,"date":"2024-02-16T12:28:53","date_gmt":"2024-02-16T18:28:53","guid":{"rendered":"https:\/\/www.gesmujer.org\/sitio\/?page_id=57030"},"modified":"2024-03-01T16:44:55","modified_gmt":"2024-03-01T22:44:55","slug":"seminario-de-genero-gesmujer","status":"publish","type":"page","link":"https:\/\/www.gesmujer.org\/sitio\/?page_id=57030","title":{"rendered":"Seminario GESMujer"},"content":{"rendered":"\t\t<div data-elementor-type=\"wp-page\" data-elementor-id=\"57030\" class=\"elementor elementor-57030\">\n\t\t\t\t\t\t<section class=\"elementor-section elementor-top-section elementor-element elementor-element-48dcdc5d elementor-section-full_width elementor-section-height-default elementor-section-height-default\" data-id=\"48dcdc5d\" data-element_type=\"section\" data-e-type=\"section\" data-settings=\"{&quot;background_background&quot;:&quot;classic&quot;}\">\n\t\t\t\t\t\t<div class=\"elementor-container elementor-column-gap-default\">\n\t\t\t\t\t<div class=\"elementor-column elementor-col-100 elementor-top-column elementor-element elementor-element-5df55ac7\" data-id=\"5df55ac7\" data-element_type=\"column\" data-e-type=\"column\">\n\t\t\t<div class=\"elementor-widget-wrap elementor-element-populated\">\n\t\t\t\t\t\t<div class=\"elementor-element elementor-element-7d30cf45 elementor-widget elementor-widget-text-editor\" data-id=\"7d30cf45\" data-element_type=\"widget\" data-e-type=\"widget\" data-widget_type=\"text-editor.default\">\n\t\t\t\t<div class=\"elementor-widget-container\">\n\t\t\t\t\t\t\t\t\t\n<p><strong><em>Reescribiendo narrativas<\/em><\/strong><\/p>\n\t\t\t\t\t\t\t\t<\/div>\n\t\t\t\t<\/div>\n\t\t\t\t\t<\/div>\n\t\t<\/div>\n\t\t\t\t\t<\/div>\n\t\t<\/section>\n\t\t\t\t<section class=\"elementor-section elementor-top-section elementor-element elementor-element-bf64d1c elementor-section-boxed elementor-section-height-default elementor-section-height-default\" data-id=\"bf64d1c\" data-element_type=\"section\" data-e-type=\"section\">\n\t\t\t\t\t\t<div class=\"elementor-container elementor-column-gap-default\">\n\t\t\t\t\t<div class=\"elementor-column elementor-col-100 elementor-top-column elementor-element elementor-element-8a7c00c\" data-id=\"8a7c00c\" data-element_type=\"column\" data-e-type=\"column\">\n\t\t\t<div class=\"elementor-widget-wrap elementor-element-populated\">\n\t\t\t\t\t\t<div class=\"elementor-element elementor-element-f592f94 elementor-widget elementor-widget-image\" data-id=\"f592f94\" data-element_type=\"widget\" data-e-type=\"widget\" data-widget_type=\"image.default\">\n\t\t\t\t<div class=\"elementor-widget-container\">\n\t\t\t\t\t\t\t\t\t\t\t\t\t\t\t<img fetchpriority=\"high\" decoding=\"async\" width=\"1024\" height=\"606\" src=\"https:\/\/www.gesmujer.org\/sitio\/wp-content\/uploads\/2024\/02\/Seminario-permanente-GESMujer-2024-1024x606.png\" class=\"attachment-large size-large wp-image-56824\" alt=\"\" srcset=\"https:\/\/www.gesmujer.org\/sitio\/wp-content\/uploads\/2024\/02\/Seminario-permanente-GESMujer-2024-1024x606.png 1024w, https:\/\/www.gesmujer.org\/sitio\/wp-content\/uploads\/2024\/02\/Seminario-permanente-GESMujer-2024-300x178.png 300w, https:\/\/www.gesmujer.org\/sitio\/wp-content\/uploads\/2024\/02\/Seminario-permanente-GESMujer-2024-768x455.png 768w, https:\/\/www.gesmujer.org\/sitio\/wp-content\/uploads\/2024\/02\/Seminario-permanente-GESMujer-2024-1080x639.png 1080w, https:\/\/www.gesmujer.org\/sitio\/wp-content\/uploads\/2024\/02\/Seminario-permanente-GESMujer-2024.png 1490w\" sizes=\"(max-width: 1024px) 100vw, 1024px\" \/>\t\t\t\t\t\t\t\t\t\t\t\t\t\t\t<\/div>\n\t\t\t\t<\/div>\n\t\t\t\t\t<\/div>\n\t\t<\/div>\n\t\t\t\t\t<\/div>\n\t\t<\/section>\n\t\t\t\t<section class=\"elementor-section elementor-top-section elementor-element elementor-element-a1a45bd elementor-section-boxed elementor-section-height-default elementor-section-height-default\" data-id=\"a1a45bd\" data-element_type=\"section\" data-e-type=\"section\">\n\t\t\t\t\t\t<div class=\"elementor-container elementor-column-gap-default\">\n\t\t\t\t\t<div class=\"elementor-column elementor-col-50 elementor-top-column elementor-element elementor-element-a0283d3\" data-id=\"a0283d3\" data-element_type=\"column\" data-e-type=\"column\">\n\t\t\t<div class=\"elementor-widget-wrap elementor-element-populated\">\n\t\t\t\t\t\t<div class=\"elementor-element elementor-element-cc6895d elementor-widget elementor-widget-image\" data-id=\"cc6895d\" data-element_type=\"widget\" data-e-type=\"widget\" data-widget_type=\"image.default\">\n\t\t\t\t<div class=\"elementor-widget-container\">\n\t\t\t\t\t\t\t\t\t\t\t\t\t\t\t<img decoding=\"async\" width=\"1024\" height=\"768\" src=\"https:\/\/www.gesmujer.org\/sitio\/wp-content\/uploads\/2023\/09\/autocuidado11-1024x768.jpg\" class=\"attachment-large size-large wp-image-31119\" alt=\"\" srcset=\"https:\/\/www.gesmujer.org\/sitio\/wp-content\/uploads\/2023\/09\/autocuidado11-1024x768.jpg 1024w, https:\/\/www.gesmujer.org\/sitio\/wp-content\/uploads\/2023\/09\/autocuidado11-scaled-1080x810.jpg 1080w, https:\/\/www.gesmujer.org\/sitio\/wp-content\/uploads\/2023\/09\/autocuidado11-300x225.jpg 300w, https:\/\/www.gesmujer.org\/sitio\/wp-content\/uploads\/2023\/09\/autocuidado11-768x576.jpg 768w, https:\/\/www.gesmujer.org\/sitio\/wp-content\/uploads\/2023\/09\/autocuidado11-1536x1152.jpg 1536w, https:\/\/www.gesmujer.org\/sitio\/wp-content\/uploads\/2023\/09\/autocuidado11-2048x1536.jpg 2048w, https:\/\/www.gesmujer.org\/sitio\/wp-content\/uploads\/2023\/09\/autocuidado11-800x600.jpg 800w, https:\/\/www.gesmujer.org\/sitio\/wp-content\/uploads\/2023\/09\/autocuidado11-1320x990.jpg 1320w\" sizes=\"(max-width: 1024px) 100vw, 1024px\" \/>\t\t\t\t\t\t\t\t\t\t\t\t\t\t\t<\/div>\n\t\t\t\t<\/div>\n\t\t\t\t<div class=\"elementor-element elementor-element-38c72f4 elementor-widget elementor-widget-image\" data-id=\"38c72f4\" data-element_type=\"widget\" data-e-type=\"widget\" data-widget_type=\"image.default\">\n\t\t\t\t<div class=\"elementor-widget-container\">\n\t\t\t\t\t\t\t\t\t\t\t\t\t\t\t<img decoding=\"async\" width=\"1024\" height=\"536\" src=\"https:\/\/www.gesmujer.org\/sitio\/wp-content\/uploads\/2024\/02\/426556370_787886783377849_8705461330771507300_n-1024x536.jpg\" class=\"attachment-large size-large wp-image-57036\" alt=\"\" srcset=\"https:\/\/www.gesmujer.org\/sitio\/wp-content\/uploads\/2024\/02\/426556370_787886783377849_8705461330771507300_n-1024x536.jpg 1024w, https:\/\/www.gesmujer.org\/sitio\/wp-content\/uploads\/2024\/02\/426556370_787886783377849_8705461330771507300_n-300x157.jpg 300w, https:\/\/www.gesmujer.org\/sitio\/wp-content\/uploads\/2024\/02\/426556370_787886783377849_8705461330771507300_n-768x402.jpg 768w, https:\/\/www.gesmujer.org\/sitio\/wp-content\/uploads\/2024\/02\/426556370_787886783377849_8705461330771507300_n-1080x566.jpg 1080w, https:\/\/www.gesmujer.org\/sitio\/wp-content\/uploads\/2024\/02\/426556370_787886783377849_8705461330771507300_n.jpg 1222w\" sizes=\"(max-width: 1024px) 100vw, 1024px\" \/>\t\t\t\t\t\t\t\t\t\t\t\t\t\t\t<\/div>\n\t\t\t\t<\/div>\n\t\t\t\t\t<\/div>\n\t\t<\/div>\n\t\t\t\t<div class=\"elementor-column elementor-col-50 elementor-top-column elementor-element elementor-element-b4c7748\" data-id=\"b4c7748\" data-element_type=\"column\" data-e-type=\"column\">\n\t\t\t<div class=\"elementor-widget-wrap elementor-element-populated\">\n\t\t\t\t\t\t<div class=\"elementor-element elementor-element-2c1a509 elementor-widget elementor-widget-html\" data-id=\"2c1a509\" data-element_type=\"widget\" data-e-type=\"widget\" data-widget_type=\"html.default\">\n\t\t\t\t<div class=\"elementor-widget-container\">\n\t\t\t\t\t<iframe src=\"https:\/\/docs.google.com\/forms\/d\/e\/1FAIpQLSexgUAwNJhEmdXmtzu10ATinQoV-YyEwzncIwzJN3S1PB5AGg\/viewform?embedded=true\" width=\"350\" height=\"750\" frameborder=\"0\" marginheight=\"0\" marginwidth=\"0\">Cargando\u2026<\/iframe>\t\t\t\t<\/div>\n\t\t\t\t<\/div>\n\t\t\t\t\t<\/div>\n\t\t<\/div>\n\t\t\t\t\t<\/div>\n\t\t<\/section>\n\t\t\t\t<section class=\"elementor-section elementor-top-section elementor-element elementor-element-7cb7753 elementor-section-full_width elementor-section-height-default elementor-section-height-default\" data-id=\"7cb7753\" data-element_type=\"section\" data-e-type=\"section\" data-settings=\"{&quot;background_background&quot;:&quot;classic&quot;}\">\n\t\t\t\t\t\t<div class=\"elementor-container elementor-column-gap-default\">\n\t\t\t\t\t<div class=\"elementor-column elementor-col-100 elementor-top-column elementor-element elementor-element-60e880b\" data-id=\"60e880b\" data-element_type=\"column\" data-e-type=\"column\">\n\t\t\t<div class=\"elementor-widget-wrap elementor-element-populated\">\n\t\t\t\t\t\t<div class=\"elementor-element elementor-element-52772ad elementor-widget elementor-widget-text-editor\" data-id=\"52772ad\" data-element_type=\"widget\" data-e-type=\"widget\" data-widget_type=\"text-editor.default\">\n\t\t\t\t<div class=\"elementor-widget-container\">\n\t\t\t\t\t\t\t\t\t<div class=\"xdj266r x11i5rnm xat24cr x1mh8g0r x1vvkbs x126k92a\">\n<div dir=\"auto\">El \ud835\udc12\ud835\udc1e\ud835\udc26\ud835\udc22\ud835\udc27\ud835\udc1a\ud835\udc2b\ud835\udc22\ud835\udc28 \ud835\udc0f\ud835\udc1e\ud835\udc2b\ud835\udc26\ud835\udc1a\ud835\udc27\ud835\udc1e\ud835\udc27\ud835\udc2d\ud835\udc1e \ud835\udc1d\ud835\udc1e \ud835\udc06\ud835\udc1e\u0301\ud835\udc27\ud835\udc1e\ud835\udc2b\ud835\udc28 \ud835\udc06\ud835\udc04\ud835\udc12\ud835\udc0c\ud835\udc2e\ud835\udc23\ud835\udc1e\ud835\udc2b: \ud835\udc11\ud835\udc1e\ud835\udc1e\ud835\udc2c\ud835\udc1c\ud835\udc2b\ud835\udc22\ud835\udc1b\ud835\udc22\ud835\udc1e\ud835\udc27\ud835\udc1d\ud835\udc28 \ud835\udc0d\ud835\udc1a\ud835\udc2b\ud835\udc2b\ud835\udc1a\ud835\udc2d\ud835\udc22\ud835\udc2f\ud835\udc1a\ud835\udc2c, exploramos el intrigante tema \u00bf\ud835\ude0a\ud835\ude30\u0301\ud835\ude2e\ud835\ude30 \ud835\ude34\ud835\ude26 \ud835\ude26\ud835\ude2f\ud835\ude22\ud835\ude2e\ud835\ude30\ud835\ude33\ud835\ude22\ud835\ude2f \ud835\ude2d\ud835\ude22\ud835\ude34 \ud835\ude2e\ud835\ude36\ud835\ude2b\ud835\ude26\ud835\ude33\ud835\ude26\ud835\ude34 \ud835\ude2a\ud835\ude2f\ud835\ude35\ud835\ude26\ud835\ude2d\ud835\ude2a\ud835\ude28\ud835\ude26\ud835\ude2f\ud835\ude35\ud835\ude26\ud835\ude34? a trav\u00e9s del an\u00e1lisis de la pel\u00edcula &#8220;Los Adioses&#8221; de Natalia Berist\u00e1in.<\/div>\n<\/div>\n<div class=\"x11i5rnm xat24cr x1mh8g0r x1vvkbs xtlvy1s x126k92a\">\n<div dir=\"auto\"><span class=\"x3nfvp2 x1j61x8r x1fcty0u xdj266r xhhsvwb xat24cr xgzva0m xxymvpz xlup9mm x1kky2od\"><img loading=\"lazy\" decoding=\"async\" class=\"xz74otr\" src=\"https:\/\/static.xx.fbcdn.net\/images\/emoji.php\/v9\/td\/2\/16\/1f4ac.png\" alt=\"\ud83d\udcac\" width=\"16\" height=\"16\" \/><\/span> Sumergidas en la vida de la destacada escritora mexicana Rosario Castellanos, examinamos de cerca su relaci\u00f3n de pareja, desentra\u00f1ando <span><a tabindex=\"-1\"><\/a><\/span>los desaf\u00edos de la \u00e9poca.<\/div>\n<\/div>\n<div class=\"x11i5rnm xat24cr x1mh8g0r x1vvkbs xtlvy1s x126k92a\">\n<div dir=\"auto\"><span class=\"x3nfvp2 x1j61x8r x1fcty0u xdj266r xhhsvwb xat24cr xgzva0m xxymvpz xlup9mm x1kky2od\"><img loading=\"lazy\" decoding=\"async\" class=\"xz74otr\" src=\"https:\/\/static.xx.fbcdn.net\/images\/emoji.php\/v9\/t49\/2\/16\/1f310.png\" alt=\"\ud83c\udf10\" width=\"16\" height=\"16\" \/><\/span> Las participantes reflexionaron sobre c\u00f3mo la trama aborda temas cruciales: poder, autonom\u00eda y las expectativas impuestas a las mujeres.<\/div>\n<\/div>\n<div class=\"x11i5rnm xat24cr x1mh8g0r x1vvkbs xtlvy1s x126k92a\">\n<div dir=\"auto\">Juntas, exploramos la representaci\u00f3n de la mujer en la lucha por la identidad en un entorno social y cultural adverso. \u00a1Seguimos reescribiendo narrativas! <span class=\"x3nfvp2 x1j61x8r x1fcty0u xdj266r xhhsvwb xat24cr xgzva0m xxymvpz xlup9mm x1kky2od\"><img loading=\"lazy\" decoding=\"async\" class=\"xz74otr\" src=\"https:\/\/static.xx.fbcdn.net\/images\/emoji.php\/v9\/tb\/2\/16\/1f4aa.png\" alt=\"\ud83d\udcaa\" width=\"16\" height=\"16\" \/><\/span><span class=\"x3nfvp2 x1j61x8r x1fcty0u xdj266r xhhsvwb xat24cr xgzva0m xxymvpz xlup9mm x1kky2od\"><img loading=\"lazy\" decoding=\"async\" class=\"xz74otr\" src=\"https:\/\/static.xx.fbcdn.net\/images\/emoji.php\/v9\/tcc\/2\/16\/1f3ac.png\" alt=\"\ud83c\udfac\" width=\"16\" height=\"16\" \/><\/span> <span><a class=\"x1i10hfl xjbqb8w x1ejq31n xd10rxx x1sy0etr x17r0tee x972fbf xcfux6l x1qhh985 xm0m39n x9f619 x1ypdohk xt0psk2 xe8uvvx xdj266r x11i5rnm xat24cr x1mh8g0r xexx8yu x4uap5 x18d9i69 xkhd6sd x16tdsg8 x1hl2dhg xggy1nq x1a2a7pz xt0b8zv x1fey0fg xo1l8bm\" href=\"https:\/\/www.facebook.com\/hashtag\/gesmujer?__eep__=6&amp;__cft__[0]=AZWCSo9-_5BnytmhiFyr45FEC8D_oDK52iPAkD29g0ojVsjuUOnH3P-ZoTa9cP7Gl9QLCGFH6-1svrGp7QaANCKaPtIe-oYF-xJR_kNnV86PwXo1vuTUCQq-V4s7kvSIi0d35zZ8RF7Yi_-DrL0vbggAXxVz7V6nVrEcUov8oxgWUq3A7u4kQj3EKvvift6yaXg&amp;__tn__=*NK-R\" role=\"link\" tabindex=\"0\">#GESMujer<\/a><\/span><\/div>\n<\/div>\t\t\t\t\t\t\t\t<\/div>\n\t\t\t\t<\/div>\n\t\t\t\t\t<\/div>\n\t\t<\/div>\n\t\t\t\t\t<\/div>\n\t\t<\/section>\n\t\t\t\t<\/div>\n\t\t","protected":false},"excerpt":{"rendered":"<p>Reescribiendo narrativas Cargando\u2026 El \ud835\udc12\ud835\udc1e\ud835\udc26\ud835\udc22\ud835\udc27\ud835\udc1a\ud835\udc2b\ud835\udc22\ud835\udc28 \ud835\udc0f\ud835\udc1e\ud835\udc2b\ud835\udc26\ud835\udc1a\ud835\udc27\ud835\udc1e\ud835\udc27\ud835\udc2d\ud835\udc1e \ud835\udc1d\ud835\udc1e \ud835\udc06\ud835\udc1e\u0301\ud835\udc27\ud835\udc1e\ud835\udc2b\ud835\udc28 \ud835\udc06\ud835\udc04\ud835\udc12\ud835\udc0c\ud835\udc2e\ud835\udc23\ud835\udc1e\ud835\udc2b: \ud835\udc11\ud835\udc1e\ud835\udc1e\ud835\udc2c\ud835\udc1c\ud835\udc2b\ud835\udc22\ud835\udc1b\ud835\udc22\ud835\udc1e\ud835\udc27\ud835\udc1d\ud835\udc28 \ud835\udc0d\ud835\udc1a\ud835\udc2b\ud835\udc2b\ud835\udc1a\ud835\udc2d\ud835\udc22\ud835\udc2f\ud835\udc1a\ud835\udc2c, exploramos el intrigante tema \u00bf\ud835\ude0a\ud835\ude30\u0301\ud835\ude2e\ud835\ude30 \ud835\ude34\ud835\ude26 \ud835\ude26\ud835\ude2f\ud835\ude22\ud835\ude2e\ud835\ude30\ud835\ude33\ud835\ude22\ud835\ude2f \ud835\ude2d\ud835\ude22\ud835\ude34 \ud835\ude2e\ud835\ude36\ud835\ude2b\ud835\ude26\ud835\ude33\ud835\ude26\ud835\ude34 \ud835\ude2a\ud835\ude2f\ud835\ude35\ud835\ude26\ud835\ude2d\ud835\ude2a\ud835\ude28\ud835\ude26\ud835\ude2f\ud835\ude35\ud835\ude26\ud835\ude34? a trav\u00e9s del an\u00e1lisis de la pel\u00edcula &#8220;Los Adioses&#8221; de Natalia Berist\u00e1in. Sumergidas en la vida de la destacada escritora mexicana Rosario Castellanos, examinamos de cerca su relaci\u00f3n de pareja, desentra\u00f1ando los desaf\u00edos de [&hellip;]<\/p>\n","protected":false},"author":4,"featured_media":0,"parent":0,"menu_order":0,"comment_status":"closed","ping_status":"closed","template":"","meta":{"give_campaign_id":0,"rs_blank_template":"","rs_page_bg_color":"","slide_template_v7":"","footnotes":""},"class_list":["post-57030","page","type-page","status-publish","hentry"],"campaignId":"","_links":{"self":[{"href":"https:\/\/www.gesmujer.org\/sitio\/index.php?rest_route=\/wp\/v2\/pages\/57030","targetHints":{"allow":["GET"]}}],"collection":[{"href":"https:\/\/www.gesmujer.org\/sitio\/index.php?rest_route=\/wp\/v2\/pages"}],"about":[{"href":"https:\/\/www.gesmujer.org\/sitio\/index.php?rest_route=\/wp\/v2\/types\/page"}],"author":[{"embeddable":true,"href":"https:\/\/www.gesmujer.org\/sitio\/index.php?rest_route=\/wp\/v2\/users\/4"}],"replies":[{"embeddable":true,"href":"https:\/\/www.gesmujer.org\/sitio\/index.php?rest_route=%2Fwp%2Fv2%2Fcomments&post=57030"}],"version-history":[{"count":20,"href":"https:\/\/www.gesmujer.org\/sitio\/index.php?rest_route=\/wp\/v2\/pages\/57030\/revisions"}],"predecessor-version":[{"id":57678,"href":"https:\/\/www.gesmujer.org\/sitio\/index.php?rest_route=\/wp\/v2\/pages\/57030\/revisions\/57678"}],"wp:attachment":[{"href":"https:\/\/www.gesmujer.org\/sitio\/index.php?rest_route=%2Fwp%2Fv2%2Fmedia&parent=57030"}],"curies":[{"name":"wp","href":"https:\/\/api.w.org\/{rel}","templated":true}]}}