{"id":5859,"date":"2020-09-03T13:04:32","date_gmt":"2020-09-03T19:04:32","guid":{"rendered":"https:\/\/www.gesmujer.org\/web\/my-account\/"},"modified":"2021-08-07T01:07:32","modified_gmt":"2021-08-07T07:07:32","slug":"mi-cuenta","status":"publish","type":"page","link":"https:\/\/www.gesmujer.org\/sitio\/?page_id=5859","title":{"rendered":"MI CUENTA"},"content":{"rendered":"<div class=\"woocommerce\"><div class=\"woocommerce-notices-wrapper\"><\/div>\n\n<div class=\"u-columns col2-set\" id=\"customer_login\">\n\n\t<div class=\"u-column1 col-1\">\n\n\n\t\t<h2>Acceder<\/h2>\n\n\t\t<form class=\"woocommerce-form woocommerce-form-login login\" method=\"post\" novalidate>\n\n\t\t\t\n\t\t\t<p class=\"woocommerce-form-row woocommerce-form-row--wide form-row form-row-wide\">\n\t\t\t\t<label for=\"username\">Nombre de usuario o correo electr\u00f3nico&nbsp;<span class=\"required\" aria-hidden=\"true\">*<\/span><span class=\"screen-reader-text\">Obligatorio<\/span><\/label>\n\t\t\t\t<input type=\"text\" class=\"woocommerce-Input woocommerce-Input--text input-text\" name=\"username\" id=\"username\" autocomplete=\"username\" value=\"\" required aria-required=\"true\" \/>\t\t\t<\/p>\n\t\t\t<p class=\"woocommerce-form-row woocommerce-form-row--wide form-row form-row-wide\">\n\t\t\t\t<label for=\"password\">Contrase\u00f1a&nbsp;<span class=\"required\" aria-hidden=\"true\">*<\/span><span class=\"screen-reader-text\">Obligatorio<\/span><\/label>\n\t\t\t\t<input class=\"woocommerce-Input woocommerce-Input--text input-text\" type=\"password\" name=\"password\" id=\"password\" autocomplete=\"current-password\" required aria-required=\"true\" \/>\n\t\t\t<\/p>\n\n\t\t\t\n\t\t\t<p class=\"form-row\">\n\t\t\t\t<label class=\"woocommerce-form__label woocommerce-form__label-for-checkbox woocommerce-form-login__rememberme\">\n\t\t\t\t\t<input class=\"woocommerce-form__input woocommerce-form__input-checkbox\" name=\"rememberme\" type=\"checkbox\" id=\"rememberme\" value=\"forever\" \/> <span>Recu\u00e9rdame<\/span>\n\t\t\t\t<\/label>\n\t\t\t\t<input type=\"hidden\" id=\"woocommerce-login-nonce\" name=\"woocommerce-login-nonce\" value=\"910f991fb8\" \/><input type=\"hidden\" name=\"_wp_http_referer\" value=\"\/sitio\/index.php?rest_route=%2Fwp%2Fv2%2Fpages%2F5859\" \/>\t\t\t\t<button type=\"submit\" class=\"woocommerce-button button woocommerce-form-login__submit\" name=\"login\" value=\"Acceder\">Acceder<\/button>\n\t\t\t<\/p>\n\t\t\t<p class=\"woocommerce-LostPassword lost_password\">\n\t\t\t\t<a href=\"https:\/\/www.gesmujer.org\/sitio\/?page_id=5859&#038;contrasena-perdida\">\u00bfOlvidaste la contrase\u00f1a?<\/a>\n\t\t\t<\/p>\n\n\t\t\t\n\t\t<\/form>\n\n\n\t<\/div>\n\n\t<div class=\"u-column2 col-2\">\n\n\t\t<h2>Registrarse<\/h2>\n\n\t\t<form method=\"post\" class=\"woocommerce-form woocommerce-form-register register\"  >\n\n\t\t\t\n\t\t\t\n\t\t\t<p class=\"woocommerce-form-row woocommerce-form-row--wide form-row form-row-wide\">\n\t\t\t\t<label for=\"reg_email\">Direcci\u00f3n de correo electr\u00f3nico&nbsp;<span class=\"required\" aria-hidden=\"true\">*<\/span><span class=\"screen-reader-text\">Obligatorio<\/span><\/label>\n\t\t\t\t<input type=\"email\" class=\"woocommerce-Input woocommerce-Input--text input-text\" name=\"email\" id=\"reg_email\" autocomplete=\"email\" value=\"\" required aria-required=\"true\" \/>\t\t\t<\/p>\n\n\t\t\t\n\t\t\t\t<p>Se enviar\u00e1 un enlace a tu direcci\u00f3n de correo electr\u00f3nico para establecer una nueva contrase\u00f1a.<\/p>\n\n\t\t\t\n\t\t\t<wc-order-attribution-inputs><\/wc-order-attribution-inputs><div class=\"woocommerce-privacy-policy-text\"><p>Aviso de Privacidad<br \/>\nLe informamos que al entrar a nuestro sitio, podremos recopilar informaci\u00f3n tal como la direcci\u00f3n IP, direcci\u00f3n MAC, tipo de navegador del usuario, el nombre del dominio y p\u00e1ginas espec\u00edficas dentro del sitio a trav\u00e9s de las cuales tuvo acceso, as\u00ed como el tiempo de interacci\u00f3n con esta p\u00e1gina, cookies con la finalidad de llenar estad\u00edsticas del comportamiento de navegaci\u00f3n de nuestros usuarios y dirigirle, en el mismo sitio, informaci\u00f3n de productos que podr\u00edan ser de su inter\u00e9s. La informaci\u00f3n se guarda en bases de datos controladas y con acceso limitado. En el caso de empleo de cookies, el bot\u00f3n de \u00abayuda\u00bb que se encuentra en la barra de herramientas de la mayor\u00eda de los navegadores le dir\u00e1 c\u00f3mo evitar aceptar nuevos cookies, c\u00f3mo hacer que el navegador le notifique cuando recibe un nuevo cookie o c\u00f3mo deshabilitar todas las cookies.<\/p>\n<p>Consulta los Avisos de Privacidad correspondtientes para Ecommerce.<\/p>\n<\/div>\n\t\t\t<p class=\"woocommerce-form-row form-row\">\n\t\t\t\t<input type=\"hidden\" id=\"woocommerce-register-nonce\" name=\"woocommerce-register-nonce\" value=\"aae362350f\" \/><input type=\"hidden\" name=\"_wp_http_referer\" value=\"\/sitio\/index.php?rest_route=%2Fwp%2Fv2%2Fpages%2F5859\" \/>\t\t\t\t<button type=\"submit\" class=\"woocommerce-Button woocommerce-button button woocommerce-form-register__submit\" name=\"register\" value=\"Registrarse\">Registrarse<\/button>\n\t\t\t<\/p>\n\n\t\t\t\n\t\t<\/form>\n\n\t<\/div>\n\n<\/div>\n\n<\/div>\n","protected":false},"excerpt":{"rendered":"","protected":false},"author":1,"featured_media":0,"parent":0,"menu_order":0,"comment_status":"closed","ping_status":"closed","template":"","meta":{"give_campaign_id":0,"rs_blank_template":"","rs_page_bg_color":"","slide_template_v7":"","footnotes":""},"class_list":["post-5859","page","type-page","status-publish","hentry"],"campaignId":"","_links":{"self":[{"href":"https:\/\/www.gesmujer.org\/sitio\/index.php?rest_route=\/wp\/v2\/pages\/5859","targetHints":{"allow":["GET"]}}],"collection":[{"href":"https:\/\/www.gesmujer.org\/sitio\/index.php?rest_route=\/wp\/v2\/pages"}],"about":[{"href":"https:\/\/www.gesmujer.org\/sitio\/index.php?rest_route=\/wp\/v2\/types\/page"}],"author":[{"embeddable":true,"href":"https:\/\/www.gesmujer.org\/sitio\/index.php?rest_route=\/wp\/v2\/users\/1"}],"replies":[{"embeddable":true,"href":"https:\/\/www.gesmujer.org\/sitio\/index.php?rest_route=%2Fwp%2Fv2%2Fcomments&post=5859"}],"version-history":[{"count":1,"href":"https:\/\/www.gesmujer.org\/sitio\/index.php?rest_route=\/wp\/v2\/pages\/5859\/revisions"}],"predecessor-version":[{"id":21918,"href":"https:\/\/www.gesmujer.org\/sitio\/index.php?rest_route=\/wp\/v2\/pages\/5859\/revisions\/21918"}],"wp:attachment":[{"href":"https:\/\/www.gesmujer.org\/sitio\/index.php?rest_route=%2Fwp%2Fv2%2Fmedia&parent=5859"}],"curies":[{"name":"wp","href":"https:\/\/api.w.org\/{rel}","templated":true}]}}