{"id":1360,"date":"2015-12-09T19:19:14","date_gmt":"2015-12-10T01:19:14","guid":{"rendered":"https:\/\/www.gesmujer.org\/sitio\/?page_id=1360"},"modified":"2018-09-04T12:12:37","modified_gmt":"2018-09-04T18:12:37","slug":"gesmujer-joven-2","status":"publish","type":"page","link":"https:\/\/www.gesmujer.org\/sitio\/gesmujer-joven-2\/","title":{"rendered":"GESMujer Joven"},"content":{"rendered":"<p>Es un espacio donde desarrollamos proyectos y actividades por mujeres j\u00f3venes y dirigidas a poblaci\u00f3n juvenil. Sus temas prioritarios son: b\u00fasqueda de la equidad y la igualdad de g\u00e9nero, salud y derechos sexuales y reproductivos y prevenci\u00f3n de la violencia en el noviazgo.<\/p>\n<h1 style=\"text-align: center;\">\u00bfQU\u00c9 HACEN?<\/h1>\n<p>Desarrollar proyectos en los temas de equidad y g\u00e9nero, salud y derechos sexuales y reproductivos, prevenci\u00f3n de la violencia en el noviazgo, entre otros, que beneficien a la poblaci\u00f3n joven. GESMujer joven ofrece el respaldo de la organizaci\u00f3n a todas las j\u00f3venes que han sido beneficiarias de la organizaci\u00f3n, en la implementaci\u00f3n de proyectos que beneficien a j\u00f3venes de su comunidad y otros.<\/p>\n<p><a href=\"http:\/\/www.gesmujer.org\/SITIO\/wp-content\/uploads\/\/2018\/09\/gesmujerjoven.png\"><img fetchpriority=\"high\" decoding=\"async\" class=\"aligncenter size-full wp-image-2887\" src=\"http:\/\/www.gesmujer.org\/SITIO\/wp-content\/uploads\/\/2018\/09\/gesmujerjoven.png\" alt=\"\" width=\"619\" height=\"300\" srcset=\"https:\/\/www.gesmujer.org\/sitio\/wp-content\/uploads\/2018\/09\/gesmujerjoven.png 619w, https:\/\/www.gesmujer.org\/sitio\/wp-content\/uploads\/2018\/09\/gesmujerjoven-600x291.png 600w, https:\/\/www.gesmujer.org\/sitio\/wp-content\/uploads\/2018\/09\/gesmujerjoven-300x145.png 300w\" sizes=\"(max-width: 619px) 100vw, 619px\" \/><\/a><\/p>\n","protected":false},"excerpt":{"rendered":"<p>Es un espacio donde desarrollamos proyectos y actividades por mujeres j\u00f3venes y dirigidas a poblaci\u00f3n juvenil. Sus temas prioritarios son: b\u00fasqueda de la equidad y la igualdad de g\u00e9nero, salud y derechos sexuales y reproductivos y prevenci\u00f3n de la violencia en el noviazgo. \u00bfQU\u00c9 HACEN? Desarrollar proyectos en los temas de equidad y g\u00e9nero, salud [&hellip;]<\/p>\n","protected":false},"author":4,"featured_media":0,"parent":0,"menu_order":0,"comment_status":"closed","ping_status":"closed","template":"template-fullwidth.php","meta":{"give_campaign_id":0,"footnotes":""},"class_list":["post-1360","page","type-page","status-publish","hentry"],"yoast_head":"<!-- This site is optimized with the Yoast SEO plugin v27.3 - https:\/\/yoast.com\/product\/yoast-seo-wordpress\/ -->\n<title>GESMujer Joven - GESMujer &quot;Rosario Castellanos&quot;<\/title>\n<meta name=\"robots\" content=\"index, follow, max-snippet:-1, max-image-preview:large, max-video-preview:-1\" \/>\n<link rel=\"canonical\" href=\"https:\/\/www.gesmujer.org\/sitio\/gesmujer-joven-2\/\" \/>\n<meta property=\"og:locale\" content=\"es_MX\" \/>\n<meta property=\"og:type\" content=\"article\" \/>\n<meta property=\"og:title\" content=\"GESMujer Joven - GESMujer &quot;Rosario Castellanos&quot;\" \/>\n<meta property=\"og:description\" content=\"Es un espacio donde desarrollamos proyectos y actividades por mujeres j\u00f3venes y dirigidas a poblaci\u00f3n juvenil. Sus temas prioritarios son: b\u00fasqueda de la equidad y la igualdad de g\u00e9nero, salud y derechos sexuales y reproductivos y prevenci\u00f3n de la violencia en el noviazgo. \u00bfQU\u00c9 HACEN? Desarrollar proyectos en los temas de equidad y g\u00e9nero, salud [&hellip;]\" \/>\n<meta property=\"og:url\" content=\"https:\/\/www.gesmujer.org\/sitio\/gesmujer-joven-2\/\" \/>\n<meta property=\"og:site_name\" content=\"GESMujer &quot;Rosario Castellanos&quot;\" \/>\n<meta property=\"article:publisher\" content=\"https:\/\/www.facebook.com\/gesmujer.rosario.castellanos.ac\" \/>\n<meta property=\"article:modified_time\" content=\"2018-09-04T18:12:37+00:00\" \/>\n<meta property=\"og:image\" content=\"http:\/\/www.gesmujer.org\/SITIO\/wp-content\/uploads\/\/2018\/09\/gesmujerjoven.png\" \/>\n<meta name=\"twitter:card\" content=\"summary_large_image\" \/>\n<meta name=\"twitter:site\" content=\"@GES_Mujer\" \/>\n<meta name=\"twitter:label1\" content=\"Tiempo de lectura\" \/>\n\t<meta name=\"twitter:data1\" content=\"1 minuto\" \/>\n<script type=\"application\/ld+json\" class=\"yoast-schema-graph\">{\"@context\":\"https:\\\/\\\/schema.org\",\"@graph\":[{\"@type\":\"WebPage\",\"@id\":\"https:\\\/\\\/www.gesmujer.org\\\/sitio\\\/gesmujer-joven-2\\\/\",\"url\":\"https:\\\/\\\/www.gesmujer.org\\\/sitio\\\/gesmujer-joven-2\\\/\",\"name\":\"GESMujer Joven - GESMujer &quot;Rosario Castellanos&quot;\",\"isPartOf\":{\"@id\":\"https:\\\/\\\/www.gesmujer.org\\\/sitio\\\/#website\"},\"primaryImageOfPage\":{\"@id\":\"https:\\\/\\\/www.gesmujer.org\\\/sitio\\\/gesmujer-joven-2\\\/#primaryimage\"},\"image\":{\"@id\":\"https:\\\/\\\/www.gesmujer.org\\\/sitio\\\/gesmujer-joven-2\\\/#primaryimage\"},\"thumbnailUrl\":\"http:\\\/\\\/www.gesmujer.org\\\/SITIO\\\/wp-content\\\/uploads\\\/\\\/2018\\\/09\\\/gesmujerjoven.png\",\"datePublished\":\"2015-12-10T01:19:14+00:00\",\"dateModified\":\"2018-09-04T18:12:37+00:00\",\"breadcrumb\":{\"@id\":\"https:\\\/\\\/www.gesmujer.org\\\/sitio\\\/gesmujer-joven-2\\\/#breadcrumb\"},\"inLanguage\":\"es\",\"potentialAction\":[{\"@type\":\"ReadAction\",\"target\":[\"https:\\\/\\\/www.gesmujer.org\\\/sitio\\\/gesmujer-joven-2\\\/\"]}]},{\"@type\":\"ImageObject\",\"inLanguage\":\"es\",\"@id\":\"https:\\\/\\\/www.gesmujer.org\\\/sitio\\\/gesmujer-joven-2\\\/#primaryimage\",\"url\":\"http:\\\/\\\/www.gesmujer.org\\\/SITIO\\\/wp-content\\\/uploads\\\/\\\/2018\\\/09\\\/gesmujerjoven.png\",\"contentUrl\":\"http:\\\/\\\/www.gesmujer.org\\\/SITIO\\\/wp-content\\\/uploads\\\/\\\/2018\\\/09\\\/gesmujerjoven.png\"},{\"@type\":\"BreadcrumbList\",\"@id\":\"https:\\\/\\\/www.gesmujer.org\\\/sitio\\\/gesmujer-joven-2\\\/#breadcrumb\",\"itemListElement\":[{\"@type\":\"ListItem\",\"position\":1,\"name\":\"Home\",\"item\":\"https:\\\/\\\/www.gesmujer.org\\\/sitio\\\/\"},{\"@type\":\"ListItem\",\"position\":2,\"name\":\"GESMujer Joven\"}]},{\"@type\":\"WebSite\",\"@id\":\"https:\\\/\\\/www.gesmujer.org\\\/sitio\\\/#website\",\"url\":\"https:\\\/\\\/www.gesmujer.org\\\/sitio\\\/\",\"name\":\"GESMujer \\\"Rosario Castellanos\\\"\",\"description\":\"M\u00e1s de 45 a\u00f1os ha llevado a cabo acciones para erradicar la violencia de g\u00e9nero y construir entornos donde las mujeres encuentren su resiliencia, incrementen su agencia y autonom\u00eda que les permita lograr su empoderamiento a trav\u00e9s de cinco l\u00edneas de acci\u00f3n.\",\"publisher\":{\"@id\":\"https:\\\/\\\/www.gesmujer.org\\\/sitio\\\/#organization\"},\"alternateName\":\"GESMujer\",\"potentialAction\":[{\"@type\":\"SearchAction\",\"target\":{\"@type\":\"EntryPoint\",\"urlTemplate\":\"https:\\\/\\\/www.gesmujer.org\\\/sitio\\\/?s={search_term_string}\"},\"query-input\":{\"@type\":\"PropertyValueSpecification\",\"valueRequired\":true,\"valueName\":\"search_term_string\"}}],\"inLanguage\":\"es\"},{\"@type\":\"Organization\",\"@id\":\"https:\\\/\\\/www.gesmujer.org\\\/sitio\\\/#organization\",\"name\":\"Grupo de estudios sobre la mujer Rosario Castellanos ac\",\"alternateName\":\"GESMujer\",\"url\":\"https:\\\/\\\/www.gesmujer.org\\\/sitio\\\/\",\"logo\":{\"@type\":\"ImageObject\",\"inLanguage\":\"es\",\"@id\":\"https:\\\/\\\/www.gesmujer.org\\\/sitio\\\/#\\\/schema\\\/logo\\\/image\\\/\",\"url\":\"https:\\\/\\\/www.gesmujer.org\\\/sitio\\\/wp-content\\\/uploads\\\/2026\\\/03\\\/Logo-GESMujer-300.png\",\"contentUrl\":\"https:\\\/\\\/www.gesmujer.org\\\/sitio\\\/wp-content\\\/uploads\\\/2026\\\/03\\\/Logo-GESMujer-300.png\",\"width\":300,\"height\":141,\"caption\":\"Grupo de estudios sobre la mujer Rosario Castellanos ac\"},\"image\":{\"@id\":\"https:\\\/\\\/www.gesmujer.org\\\/sitio\\\/#\\\/schema\\\/logo\\\/image\\\/\"},\"sameAs\":[\"https:\\\/\\\/www.facebook.com\\\/gesmujer.rosario.castellanos.ac\",\"https:\\\/\\\/x.com\\\/GES_Mujer\",\"https:\\\/\\\/www.instagram.com\\\/ges_mujer\\\/?hl=es\",\"https:\\\/\\\/www.youtube.com\\\/c\\\/GESMujerRosarioCastellanos\\\/videos\",\"https:\\\/\\\/soundcloud.com\\\/gesmujerac\",\"https:\\\/\\\/www.tiktok.com\\\/@gesmujer\"]}]}<\/script>\n<!-- \/ Yoast SEO plugin. -->","yoast_head_json":{"title":"GESMujer Joven - GESMujer &quot;Rosario Castellanos&quot;","robots":{"index":"index","follow":"follow","max-snippet":"max-snippet:-1","max-image-preview":"max-image-preview:large","max-video-preview":"max-video-preview:-1"},"canonical":"https:\/\/www.gesmujer.org\/sitio\/gesmujer-joven-2\/","og_locale":"es_MX","og_type":"article","og_title":"GESMujer Joven - GESMujer &quot;Rosario Castellanos&quot;","og_description":"Es un espacio donde desarrollamos proyectos y actividades por mujeres j\u00f3venes y dirigidas a poblaci\u00f3n juvenil. Sus temas prioritarios son: b\u00fasqueda de la equidad y la igualdad de g\u00e9nero, salud y derechos sexuales y reproductivos y prevenci\u00f3n de la violencia en el noviazgo. \u00bfQU\u00c9 HACEN? Desarrollar proyectos en los temas de equidad y g\u00e9nero, salud [&hellip;]","og_url":"https:\/\/www.gesmujer.org\/sitio\/gesmujer-joven-2\/","og_site_name":"GESMujer &quot;Rosario Castellanos&quot;","article_publisher":"https:\/\/www.facebook.com\/gesmujer.rosario.castellanos.ac","article_modified_time":"2018-09-04T18:12:37+00:00","og_image":[{"url":"http:\/\/www.gesmujer.org\/SITIO\/wp-content\/uploads\/\/2018\/09\/gesmujerjoven.png","type":"","width":"","height":""}],"twitter_card":"summary_large_image","twitter_site":"@GES_Mujer","twitter_misc":{"Tiempo de lectura":"1 minuto"},"schema":{"@context":"https:\/\/schema.org","@graph":[{"@type":"WebPage","@id":"https:\/\/www.gesmujer.org\/sitio\/gesmujer-joven-2\/","url":"https:\/\/www.gesmujer.org\/sitio\/gesmujer-joven-2\/","name":"GESMujer Joven - GESMujer &quot;Rosario Castellanos&quot;","isPartOf":{"@id":"https:\/\/www.gesmujer.org\/sitio\/#website"},"primaryImageOfPage":{"@id":"https:\/\/www.gesmujer.org\/sitio\/gesmujer-joven-2\/#primaryimage"},"image":{"@id":"https:\/\/www.gesmujer.org\/sitio\/gesmujer-joven-2\/#primaryimage"},"thumbnailUrl":"http:\/\/www.gesmujer.org\/SITIO\/wp-content\/uploads\/\/2018\/09\/gesmujerjoven.png","datePublished":"2015-12-10T01:19:14+00:00","dateModified":"2018-09-04T18:12:37+00:00","breadcrumb":{"@id":"https:\/\/www.gesmujer.org\/sitio\/gesmujer-joven-2\/#breadcrumb"},"inLanguage":"es","potentialAction":[{"@type":"ReadAction","target":["https:\/\/www.gesmujer.org\/sitio\/gesmujer-joven-2\/"]}]},{"@type":"ImageObject","inLanguage":"es","@id":"https:\/\/www.gesmujer.org\/sitio\/gesmujer-joven-2\/#primaryimage","url":"http:\/\/www.gesmujer.org\/SITIO\/wp-content\/uploads\/\/2018\/09\/gesmujerjoven.png","contentUrl":"http:\/\/www.gesmujer.org\/SITIO\/wp-content\/uploads\/\/2018\/09\/gesmujerjoven.png"},{"@type":"BreadcrumbList","@id":"https:\/\/www.gesmujer.org\/sitio\/gesmujer-joven-2\/#breadcrumb","itemListElement":[{"@type":"ListItem","position":1,"name":"Home","item":"https:\/\/www.gesmujer.org\/sitio\/"},{"@type":"ListItem","position":2,"name":"GESMujer Joven"}]},{"@type":"WebSite","@id":"https:\/\/www.gesmujer.org\/sitio\/#website","url":"https:\/\/www.gesmujer.org\/sitio\/","name":"GESMujer \"Rosario Castellanos\"","description":"M\u00e1s de 45 a\u00f1os ha llevado a cabo acciones para erradicar la violencia de g\u00e9nero y construir entornos donde las mujeres encuentren su resiliencia, incrementen su agencia y autonom\u00eda que les permita lograr su empoderamiento a trav\u00e9s de cinco l\u00edneas de acci\u00f3n.","publisher":{"@id":"https:\/\/www.gesmujer.org\/sitio\/#organization"},"alternateName":"GESMujer","potentialAction":[{"@type":"SearchAction","target":{"@type":"EntryPoint","urlTemplate":"https:\/\/www.gesmujer.org\/sitio\/?s={search_term_string}"},"query-input":{"@type":"PropertyValueSpecification","valueRequired":true,"valueName":"search_term_string"}}],"inLanguage":"es"},{"@type":"Organization","@id":"https:\/\/www.gesmujer.org\/sitio\/#organization","name":"Grupo de estudios sobre la mujer Rosario Castellanos ac","alternateName":"GESMujer","url":"https:\/\/www.gesmujer.org\/sitio\/","logo":{"@type":"ImageObject","inLanguage":"es","@id":"https:\/\/www.gesmujer.org\/sitio\/#\/schema\/logo\/image\/","url":"https:\/\/www.gesmujer.org\/sitio\/wp-content\/uploads\/2026\/03\/Logo-GESMujer-300.png","contentUrl":"https:\/\/www.gesmujer.org\/sitio\/wp-content\/uploads\/2026\/03\/Logo-GESMujer-300.png","width":300,"height":141,"caption":"Grupo de estudios sobre la mujer Rosario Castellanos ac"},"image":{"@id":"https:\/\/www.gesmujer.org\/sitio\/#\/schema\/logo\/image\/"},"sameAs":["https:\/\/www.facebook.com\/gesmujer.rosario.castellanos.ac","https:\/\/x.com\/GES_Mujer","https:\/\/www.instagram.com\/ges_mujer\/?hl=es","https:\/\/www.youtube.com\/c\/GESMujerRosarioCastellanos\/videos","https:\/\/soundcloud.com\/gesmujerac","https:\/\/www.tiktok.com\/@gesmujer"]}]}},"campaignId":"","_links":{"self":[{"href":"https:\/\/www.gesmujer.org\/sitio\/wp-json\/wp\/v2\/pages\/1360","targetHints":{"allow":["GET"]}}],"collection":[{"href":"https:\/\/www.gesmujer.org\/sitio\/wp-json\/wp\/v2\/pages"}],"about":[{"href":"https:\/\/www.gesmujer.org\/sitio\/wp-json\/wp\/v2\/types\/page"}],"author":[{"embeddable":true,"href":"https:\/\/www.gesmujer.org\/sitio\/wp-json\/wp\/v2\/users\/4"}],"replies":[{"embeddable":true,"href":"https:\/\/www.gesmujer.org\/sitio\/wp-json\/wp\/v2\/comments?post=1360"}],"version-history":[{"count":3,"href":"https:\/\/www.gesmujer.org\/sitio\/wp-json\/wp\/v2\/pages\/1360\/revisions"}],"predecessor-version":[{"id":2908,"href":"https:\/\/www.gesmujer.org\/sitio\/wp-json\/wp\/v2\/pages\/1360\/revisions\/2908"}],"wp:attachment":[{"href":"https:\/\/www.gesmujer.org\/sitio\/wp-json\/wp\/v2\/media?parent=1360"}],"curies":[{"name":"wp","href":"https:\/\/api.w.org\/{rel}","templated":true}]}}