{"id":1372,"date":"2015-12-09T19:22:21","date_gmt":"2015-12-10T01:22:21","guid":{"rendered":"http:\/\/www.gesmujer.org\/sitio\/?page_id=1372"},"modified":"2020-03-26T14:16:25","modified_gmt":"2020-03-26T20:16:25","slug":"nuestro-quehacer","status":"publish","type":"page","link":"https:\/\/www.gesmujer.org\/sitio\/nuestro-quehacer\/","title":{"rendered":"SERVICIOS"},"content":{"rendered":"<table>\n<tbody>\n<tr>\n<td>\n<h1 style=\"text-align: center;\">Informe Anual<\/h1>\n<\/td>\n<td>\n<h1 style=\"text-align: center;\"><a href=\"http:\/\/www.gesmujer.org\/web\/logros-y-reconocimientos\/\">Logros y Reconocimientos<\/a><\/h1>\n<\/td>\n<\/tr>\n<tr>\n<td>&nbsp;<\/td>\n<td><a href=\"http:\/\/www.gesmujer.org\/web\/logros-y-reconocimientos\/\"><img fetchpriority=\"high\" decoding=\"async\" class=\"aligncenter size-medium wp-image-2894\" src=\"http:\/\/www.gesmujer.org\/SITIO\/wp-content\/uploads\/\/2018\/09\/reconocimiento-300x167.png\" alt=\"\" width=\"300\" height=\"167\" srcset=\"https:\/\/www.gesmujer.org\/sitio\/wp-content\/uploads\/2018\/09\/reconocimiento-300x167.png 300w, https:\/\/www.gesmujer.org\/sitio\/wp-content\/uploads\/2018\/09\/reconocimiento-272x150.png 272w, https:\/\/www.gesmujer.org\/sitio\/wp-content\/uploads\/2018\/09\/reconocimiento-500x277.png 500w, https:\/\/www.gesmujer.org\/sitio\/wp-content\/uploads\/2018\/09\/reconocimiento.png 538w\" sizes=\"(max-width: 300px) 100vw, 300px\" \/><\/a><\/td>\n<\/tr>\n<tr>\n<td>\n<h1 style=\"text-align: center;\"><a href=\"http:\/\/www.gesmujer.org\/web\/nuestro-pensamiento\/\">Nuestro Pensamiento<\/a><\/h1>\n<\/td>\n<td>\n<h1 style=\"text-align: center;\"><a href=\"http:\/\/www.gesmujer.org\/web\/logros-y-reconocimientos\/\">L\u00edneas de Acci\u00f3n<\/a><\/h1>\n<\/td>\n<\/tr>\n<tr>\n<td><a href=\"http:\/\/www.gesmujer.org\/web\/nuestro-pensamiento\/\"><img decoding=\"async\" class=\"aligncenter size-medium wp-image-2793\" src=\"http:\/\/www.gesmujer.org\/SITIO\/wp-content\/uploads\/\/2018\/08\/capacitacion-300x200.jpg\" alt=\"\" width=\"300\" height=\"200\" srcset=\"https:\/\/www.gesmujer.org\/sitio\/wp-content\/uploads\/2018\/08\/capacitacion-300x200.jpg 300w, https:\/\/www.gesmujer.org\/sitio\/wp-content\/uploads\/2018\/08\/capacitacion-scaled-1080x720.jpg 1080w, https:\/\/www.gesmujer.org\/sitio\/wp-content\/uploads\/2018\/08\/capacitacion-768x512.jpg 768w\" sizes=\"(max-width: 300px) 100vw, 300px\" \/><\/a><\/td>\n<td><a href=\"https:\/\/www.gesmujer.org\/web\/lineas-de-accion\/\"><img decoding=\"async\" class=\"aligncenter size-medium wp-image-2893\" src=\"http:\/\/www.gesmujer.org\/SITIO\/wp-content\/uploads\/\/2018\/09\/lineas-300x164.jpg\" alt=\"\" width=\"300\" height=\"164\" srcset=\"https:\/\/www.gesmujer.org\/sitio\/wp-content\/uploads\/2018\/09\/lineas-300x164.jpg 300w, https:\/\/www.gesmujer.org\/sitio\/wp-content\/uploads\/2018\/09\/lineas-1080x590.jpg 1080w, https:\/\/www.gesmujer.org\/sitio\/wp-content\/uploads\/2018\/09\/lineas-768x419.jpg 768w, https:\/\/www.gesmujer.org\/sitio\/wp-content\/uploads\/2018\/09\/lineas-1024x559.jpg 1024w, https:\/\/www.gesmujer.org\/sitio\/wp-content\/uploads\/2018\/09\/lineas-272x150.jpg 272w, https:\/\/www.gesmujer.org\/sitio\/wp-content\/uploads\/2018\/09\/lineas-1200x661.jpg 1200w, https:\/\/www.gesmujer.org\/sitio\/wp-content\/uploads\/2018\/09\/lineas.jpg 2000w\" sizes=\"(max-width: 300px) 100vw, 300px\" \/><\/a><\/td>\n<\/tr>\n<\/tbody>\n<\/table>\n<p>&nbsp;<\/p>\n<p>&nbsp;<\/p>\n","protected":false},"excerpt":{"rendered":"<p>Informe Anual Logros y Reconocimientos &nbsp; Nuestro Pensamiento L\u00edneas de Acci\u00f3n &nbsp; &nbsp;<\/p>\n","protected":false},"author":4,"featured_media":0,"parent":0,"menu_order":0,"comment_status":"closed","ping_status":"closed","template":"","meta":{"give_campaign_id":0,"footnotes":""},"class_list":["post-1372","page","type-page","status-publish","hentry"],"yoast_head":"<!-- This site is optimized with the Yoast SEO plugin v27.4 - https:\/\/yoast.com\/product\/yoast-seo-wordpress\/ -->\n<title>SERVICIOS - GESMujer &quot;Rosario Castellanos&quot;<\/title>\n<meta name=\"robots\" content=\"index, follow, max-snippet:-1, max-image-preview:large, max-video-preview:-1\" \/>\n<link rel=\"canonical\" href=\"https:\/\/www.gesmujer.org\/sitio\/nuestro-quehacer\/\" \/>\n<meta property=\"og:locale\" content=\"es_MX\" \/>\n<meta property=\"og:type\" content=\"article\" \/>\n<meta property=\"og:title\" content=\"SERVICIOS - GESMujer &quot;Rosario Castellanos&quot;\" \/>\n<meta property=\"og:description\" content=\"Informe Anual Logros y Reconocimientos &nbsp; Nuestro Pensamiento L\u00edneas de Acci\u00f3n &nbsp; &nbsp;\" \/>\n<meta property=\"og:url\" content=\"https:\/\/www.gesmujer.org\/sitio\/nuestro-quehacer\/\" \/>\n<meta property=\"og:site_name\" content=\"GESMujer &quot;Rosario Castellanos&quot;\" \/>\n<meta property=\"article:publisher\" content=\"https:\/\/www.facebook.com\/gesmujer.rosario.castellanos.ac\" \/>\n<meta property=\"article:modified_time\" content=\"2020-03-26T20:16:25+00:00\" \/>\n<meta property=\"og:image\" content=\"http:\/\/www.gesmujer.org\/SITIO\/wp-content\/uploads\/\/2018\/09\/reconocimiento-300x167.png\" \/>\n<meta name=\"twitter:card\" content=\"summary_large_image\" \/>\n<meta name=\"twitter:site\" content=\"@GES_Mujer\" \/>\n<script type=\"application\/ld+json\" class=\"yoast-schema-graph\">{\"@context\":\"https:\\\/\\\/schema.org\",\"@graph\":[{\"@type\":\"WebPage\",\"@id\":\"https:\\\/\\\/www.gesmujer.org\\\/sitio\\\/nuestro-quehacer\\\/\",\"url\":\"https:\\\/\\\/www.gesmujer.org\\\/sitio\\\/nuestro-quehacer\\\/\",\"name\":\"SERVICIOS - GESMujer &quot;Rosario Castellanos&quot;\",\"isPartOf\":{\"@id\":\"https:\\\/\\\/www.gesmujer.org\\\/sitio\\\/#website\"},\"primaryImageOfPage\":{\"@id\":\"https:\\\/\\\/www.gesmujer.org\\\/sitio\\\/nuestro-quehacer\\\/#primaryimage\"},\"image\":{\"@id\":\"https:\\\/\\\/www.gesmujer.org\\\/sitio\\\/nuestro-quehacer\\\/#primaryimage\"},\"thumbnailUrl\":\"http:\\\/\\\/www.gesmujer.org\\\/SITIO\\\/wp-content\\\/uploads\\\/\\\/2018\\\/09\\\/reconocimiento-300x167.png\",\"datePublished\":\"2015-12-10T01:22:21+00:00\",\"dateModified\":\"2020-03-26T20:16:25+00:00\",\"breadcrumb\":{\"@id\":\"https:\\\/\\\/www.gesmujer.org\\\/sitio\\\/nuestro-quehacer\\\/#breadcrumb\"},\"inLanguage\":\"es\",\"potentialAction\":[{\"@type\":\"ReadAction\",\"target\":[\"https:\\\/\\\/www.gesmujer.org\\\/sitio\\\/nuestro-quehacer\\\/\"]}]},{\"@type\":\"ImageObject\",\"inLanguage\":\"es\",\"@id\":\"https:\\\/\\\/www.gesmujer.org\\\/sitio\\\/nuestro-quehacer\\\/#primaryimage\",\"url\":\"http:\\\/\\\/www.gesmujer.org\\\/SITIO\\\/wp-content\\\/uploads\\\/\\\/2018\\\/09\\\/reconocimiento-300x167.png\",\"contentUrl\":\"http:\\\/\\\/www.gesmujer.org\\\/SITIO\\\/wp-content\\\/uploads\\\/\\\/2018\\\/09\\\/reconocimiento-300x167.png\"},{\"@type\":\"BreadcrumbList\",\"@id\":\"https:\\\/\\\/www.gesmujer.org\\\/sitio\\\/nuestro-quehacer\\\/#breadcrumb\",\"itemListElement\":[{\"@type\":\"ListItem\",\"position\":1,\"name\":\"Home\",\"item\":\"https:\\\/\\\/www.gesmujer.org\\\/sitio\\\/\"},{\"@type\":\"ListItem\",\"position\":2,\"name\":\"SERVICIOS\"}]},{\"@type\":\"WebSite\",\"@id\":\"https:\\\/\\\/www.gesmujer.org\\\/sitio\\\/#website\",\"url\":\"https:\\\/\\\/www.gesmujer.org\\\/sitio\\\/\",\"name\":\"GESMujer \\\"Rosario Castellanos\\\"\",\"description\":\"M\u00e1s de 45 a\u00f1os ha llevado a cabo acciones para erradicar la violencia de g\u00e9nero y construir entornos donde las mujeres encuentren su resiliencia, incrementen su agencia y autonom\u00eda que les permita lograr su empoderamiento a trav\u00e9s de cinco l\u00edneas de acci\u00f3n.\",\"publisher\":{\"@id\":\"https:\\\/\\\/www.gesmujer.org\\\/sitio\\\/#organization\"},\"alternateName\":\"GESMujer\",\"potentialAction\":[{\"@type\":\"SearchAction\",\"target\":{\"@type\":\"EntryPoint\",\"urlTemplate\":\"https:\\\/\\\/www.gesmujer.org\\\/sitio\\\/?s={search_term_string}\"},\"query-input\":{\"@type\":\"PropertyValueSpecification\",\"valueRequired\":true,\"valueName\":\"search_term_string\"}}],\"inLanguage\":\"es\"},{\"@type\":\"Organization\",\"@id\":\"https:\\\/\\\/www.gesmujer.org\\\/sitio\\\/#organization\",\"name\":\"Grupo de estudios sobre la mujer Rosario Castellanos ac\",\"alternateName\":\"GESMujer\",\"url\":\"https:\\\/\\\/www.gesmujer.org\\\/sitio\\\/\",\"logo\":{\"@type\":\"ImageObject\",\"inLanguage\":\"es\",\"@id\":\"https:\\\/\\\/www.gesmujer.org\\\/sitio\\\/#\\\/schema\\\/logo\\\/image\\\/\",\"url\":\"https:\\\/\\\/www.gesmujer.org\\\/sitio\\\/wp-content\\\/uploads\\\/2026\\\/03\\\/Logo-GESMujer-300.png\",\"contentUrl\":\"https:\\\/\\\/www.gesmujer.org\\\/sitio\\\/wp-content\\\/uploads\\\/2026\\\/03\\\/Logo-GESMujer-300.png\",\"width\":300,\"height\":141,\"caption\":\"Grupo de estudios sobre la mujer Rosario Castellanos ac\"},\"image\":{\"@id\":\"https:\\\/\\\/www.gesmujer.org\\\/sitio\\\/#\\\/schema\\\/logo\\\/image\\\/\"},\"sameAs\":[\"https:\\\/\\\/www.facebook.com\\\/gesmujer.rosario.castellanos.ac\",\"https:\\\/\\\/x.com\\\/GES_Mujer\",\"https:\\\/\\\/www.instagram.com\\\/ges_mujer\\\/?hl=es\",\"https:\\\/\\\/www.youtube.com\\\/c\\\/GESMujerRosarioCastellanos\\\/videos\",\"https:\\\/\\\/soundcloud.com\\\/gesmujerac\",\"https:\\\/\\\/www.tiktok.com\\\/@gesmujer\"]}]}<\/script>\n<!-- \/ Yoast SEO plugin. -->","yoast_head_json":{"title":"SERVICIOS - GESMujer &quot;Rosario Castellanos&quot;","robots":{"index":"index","follow":"follow","max-snippet":"max-snippet:-1","max-image-preview":"max-image-preview:large","max-video-preview":"max-video-preview:-1"},"canonical":"https:\/\/www.gesmujer.org\/sitio\/nuestro-quehacer\/","og_locale":"es_MX","og_type":"article","og_title":"SERVICIOS - GESMujer &quot;Rosario Castellanos&quot;","og_description":"Informe Anual Logros y Reconocimientos &nbsp; Nuestro Pensamiento L\u00edneas de Acci\u00f3n &nbsp; &nbsp;","og_url":"https:\/\/www.gesmujer.org\/sitio\/nuestro-quehacer\/","og_site_name":"GESMujer &quot;Rosario Castellanos&quot;","article_publisher":"https:\/\/www.facebook.com\/gesmujer.rosario.castellanos.ac","article_modified_time":"2020-03-26T20:16:25+00:00","og_image":[{"url":"http:\/\/www.gesmujer.org\/SITIO\/wp-content\/uploads\/\/2018\/09\/reconocimiento-300x167.png","type":"","width":"","height":""}],"twitter_card":"summary_large_image","twitter_site":"@GES_Mujer","schema":{"@context":"https:\/\/schema.org","@graph":[{"@type":"WebPage","@id":"https:\/\/www.gesmujer.org\/sitio\/nuestro-quehacer\/","url":"https:\/\/www.gesmujer.org\/sitio\/nuestro-quehacer\/","name":"SERVICIOS - GESMujer &quot;Rosario Castellanos&quot;","isPartOf":{"@id":"https:\/\/www.gesmujer.org\/sitio\/#website"},"primaryImageOfPage":{"@id":"https:\/\/www.gesmujer.org\/sitio\/nuestro-quehacer\/#primaryimage"},"image":{"@id":"https:\/\/www.gesmujer.org\/sitio\/nuestro-quehacer\/#primaryimage"},"thumbnailUrl":"http:\/\/www.gesmujer.org\/SITIO\/wp-content\/uploads\/\/2018\/09\/reconocimiento-300x167.png","datePublished":"2015-12-10T01:22:21+00:00","dateModified":"2020-03-26T20:16:25+00:00","breadcrumb":{"@id":"https:\/\/www.gesmujer.org\/sitio\/nuestro-quehacer\/#breadcrumb"},"inLanguage":"es","potentialAction":[{"@type":"ReadAction","target":["https:\/\/www.gesmujer.org\/sitio\/nuestro-quehacer\/"]}]},{"@type":"ImageObject","inLanguage":"es","@id":"https:\/\/www.gesmujer.org\/sitio\/nuestro-quehacer\/#primaryimage","url":"http:\/\/www.gesmujer.org\/SITIO\/wp-content\/uploads\/\/2018\/09\/reconocimiento-300x167.png","contentUrl":"http:\/\/www.gesmujer.org\/SITIO\/wp-content\/uploads\/\/2018\/09\/reconocimiento-300x167.png"},{"@type":"BreadcrumbList","@id":"https:\/\/www.gesmujer.org\/sitio\/nuestro-quehacer\/#breadcrumb","itemListElement":[{"@type":"ListItem","position":1,"name":"Home","item":"https:\/\/www.gesmujer.org\/sitio\/"},{"@type":"ListItem","position":2,"name":"SERVICIOS"}]},{"@type":"WebSite","@id":"https:\/\/www.gesmujer.org\/sitio\/#website","url":"https:\/\/www.gesmujer.org\/sitio\/","name":"GESMujer \"Rosario Castellanos\"","description":"M\u00e1s de 45 a\u00f1os ha llevado a cabo acciones para erradicar la violencia de g\u00e9nero y construir entornos donde las mujeres encuentren su resiliencia, incrementen su agencia y autonom\u00eda que les permita lograr su empoderamiento a trav\u00e9s de cinco l\u00edneas de acci\u00f3n.","publisher":{"@id":"https:\/\/www.gesmujer.org\/sitio\/#organization"},"alternateName":"GESMujer","potentialAction":[{"@type":"SearchAction","target":{"@type":"EntryPoint","urlTemplate":"https:\/\/www.gesmujer.org\/sitio\/?s={search_term_string}"},"query-input":{"@type":"PropertyValueSpecification","valueRequired":true,"valueName":"search_term_string"}}],"inLanguage":"es"},{"@type":"Organization","@id":"https:\/\/www.gesmujer.org\/sitio\/#organization","name":"Grupo de estudios sobre la mujer Rosario Castellanos ac","alternateName":"GESMujer","url":"https:\/\/www.gesmujer.org\/sitio\/","logo":{"@type":"ImageObject","inLanguage":"es","@id":"https:\/\/www.gesmujer.org\/sitio\/#\/schema\/logo\/image\/","url":"https:\/\/www.gesmujer.org\/sitio\/wp-content\/uploads\/2026\/03\/Logo-GESMujer-300.png","contentUrl":"https:\/\/www.gesmujer.org\/sitio\/wp-content\/uploads\/2026\/03\/Logo-GESMujer-300.png","width":300,"height":141,"caption":"Grupo de estudios sobre la mujer Rosario Castellanos ac"},"image":{"@id":"https:\/\/www.gesmujer.org\/sitio\/#\/schema\/logo\/image\/"},"sameAs":["https:\/\/www.facebook.com\/gesmujer.rosario.castellanos.ac","https:\/\/x.com\/GES_Mujer","https:\/\/www.instagram.com\/ges_mujer\/?hl=es","https:\/\/www.youtube.com\/c\/GESMujerRosarioCastellanos\/videos","https:\/\/soundcloud.com\/gesmujerac","https:\/\/www.tiktok.com\/@gesmujer"]}]}},"campaignId":"","_links":{"self":[{"href":"https:\/\/www.gesmujer.org\/sitio\/wp-json\/wp\/v2\/pages\/1372","targetHints":{"allow":["GET"]}}],"collection":[{"href":"https:\/\/www.gesmujer.org\/sitio\/wp-json\/wp\/v2\/pages"}],"about":[{"href":"https:\/\/www.gesmujer.org\/sitio\/wp-json\/wp\/v2\/types\/page"}],"author":[{"embeddable":true,"href":"https:\/\/www.gesmujer.org\/sitio\/wp-json\/wp\/v2\/users\/4"}],"replies":[{"embeddable":true,"href":"https:\/\/www.gesmujer.org\/sitio\/wp-json\/wp\/v2\/comments?post=1372"}],"version-history":[{"count":7,"href":"https:\/\/www.gesmujer.org\/sitio\/wp-json\/wp\/v2\/pages\/1372\/revisions"}],"predecessor-version":[{"id":5376,"href":"https:\/\/www.gesmujer.org\/sitio\/wp-json\/wp\/v2\/pages\/1372\/revisions\/5376"}],"wp:attachment":[{"href":"https:\/\/www.gesmujer.org\/sitio\/wp-json\/wp\/v2\/media?parent=1372"}],"curies":[{"name":"wp","href":"https:\/\/api.w.org\/{rel}","templated":true}]}}