{"id":14910,"date":"2017-04-06T07:45:48","date_gmt":"2017-04-06T07:45:48","guid":{"rendered":"https:\/\/goodwish.qodeinteractive.com\/?page_id=14910"},"modified":"2017-04-06T07:45:48","modified_gmt":"2017-04-06T07:45:48","slug":"senior-citizen-home-2","status":"publish","type":"page","link":"https:\/\/www.gesmujer.org\/sitio\/senior-citizen-home-2\/","title":{"rendered":"Senior Citizen Home"},"content":{"rendered":"[vc_row][vc_column][rev_slider_vc alias=&#8221;home-8&#8243;][\/vc_column][\/vc_row][vc_row content_width=&#8221;grid&#8221; css=&#8221;.vc_custom_1491565812815{padding-bottom: 140px !important;}&#8221;][vc_column css=&#8221;.vc_custom_1491565820079{margin-top: -75px !important;}&#8221;][edgtf_cause_list title_tag=&#8221;h3&#8243; order=&#8221;ASC&#8221; number=&#8221;3&#8243; category=&#8221;seniors&#8221; item_background_color=&#8221;#ffffff&#8221;][\/vc_column][\/vc_row][vc_row row_type=&#8221;parallax&#8221; full_screen_section_height=&#8221;no&#8221; parallax_background_image=&#8221;16416&#8243; css=&#8221;.vc_custom_1493823115190{padding-top: 7.9% !important;padding-bottom: 8.8% !important;}&#8221;][vc_column][edgtf_elements_holder][edgtf_elements_holder_item item_padding=&#8221;0% 52% 0% 12%&#8221; target=&#8221;_self&#8221; item_padding_1280_1600=&#8221;0% 47% 0% 12%&#8221; item_padding_1024_1280=&#8221;0% 38% 0% 12%&#8221; item_padding_600_768=&#8221;0% 25% 0% 15%&#8221; item_padding_480_600=&#8221;0% 11% 0% 13%&#8221; item_padding_480=&#8221;0% 7% 0% 9%&#8221;][vc_column_text]\n<h2><span style=\"color: #ffffff;\">Senior Citizen Program<\/span><\/h2>\n[\/vc_column_text][vc_empty_space][vc_column_text]<span style=\"color: #ffffff;\">Nulla fermentum turpis id nunc tincidunt, vitae hendrerit orci viverra. Nulla facilisi. Duis tempor nisl nec dolor malesuada viverra. Morbi id tempus nisi, a varius enim. Morbi eget augue neque, un in ligula.<\/span>[\/vc_column_text][vc_empty_space][edgtf_button size=&#8221;small&#8221; type=&#8221;solid&#8221; target=&#8221;_self&#8221; icon_pack=&#8221;&#8221; font_weight=&#8221;600&#8243; text=&#8221;View More&#8221; link=&#8221;#&#8221; color=&#8221;#000000&#8243; hover_color=&#8221;#000000&#8243; background_color=&#8221;#ffffff&#8221; hover_background_color=&#8221;#f6f4ee&#8221; border_color=&#8221;#ffffff&#8221; hover_border_color=&#8221;#f6f4ee&#8221; font_size=&#8221;15&#8243;][\/edgtf_elements_holder_item][\/edgtf_elements_holder][\/vc_column][\/vc_row][vc_row content_width=&#8221;grid&#8221; css=&#8221;.vc_custom_1492070561997{padding-top: 95px !important;}&#8221;][vc_column][vc_column_text]\n<h2 style=\"text-align: center;\"><span style=\"color: #000000;\">Meet Our Volunteers<\/span><\/h2>\n[\/vc_column_text][vc_empty_space height=&#8221;14px&#8221;][edgtf_elements_holder][edgtf_elements_holder_item item_padding=&#8221;0px 21%&#8221; target=&#8221;_self&#8221; item_padding_1280_1600=&#8221;0px 10%&#8221; item_padding_1024_1280=&#8221;0px 5%&#8221; item_padding_600_768=&#8221;0px 5%&#8221; item_padding_480=&#8221;0px 9%&#8221;][edgtf_section_subtitle subtitle_text=&#8221;Alienum phaedrum torquatos nec eu, vis detraxit periculis ex, nihil expetendis in mei. Mei an pericula euripidis, hinc partem ei est. Eos ei nisl graecis.&#8221; text_align=&#8221;center&#8221;][\/edgtf_elements_holder_item][\/edgtf_elements_holder][edgtf_separator position=&#8221;center&#8221; color=&#8221;#ffb422&#8243; width=&#8221;55px&#8221; thickness=&#8221;3&#8243; top_margin=&#8221;25px&#8221; bottom_margin=&#8221;75px&#8221;][\/vc_column][\/vc_row][vc_row content_width=&#8221;grid&#8221; css=&#8221;.vc_custom_1492070618830{padding-bottom: 59px !important;}&#8221;][vc_column][edgtf_elements_holder number_of_columns=&#8221;four-columns&#8221;][edgtf_elements_holder_item target=&#8221;_self&#8221;][edgtf_team team_type=&#8221;main-info-below-image&#8221; team_image_link_target=&#8221;_blank&#8221; team_name_tag=&#8221;h4&#8243; team_social_icon_pack=&#8221;&#8221; team_image=&#8221;15001&#8243; team_image_link=&#8221;https:\/\/goodwish.qodeinteractive.com\/team-member\/&#8221; team_name=&#8221;Edie Clark&#8221; team_position=&#8221;Volunteer&#8221; title_color=&#8221;#212121&#8243; position_color=&#8221;#ffb422&#8243;][vc_empty_space][\/edgtf_elements_holder_item][edgtf_elements_holder_item target=&#8221;_self&#8221;][edgtf_team team_type=&#8221;main-info-below-image&#8221; team_image_link_target=&#8221;_blank&#8221; team_name_tag=&#8221;h4&#8243; team_social_icon_pack=&#8221;&#8221; team_image=&#8221;15008&#8243; team_image_link=&#8221;https:\/\/goodwish.qodeinteractive.com\/team-member\/&#8221; team_name=&#8221;Leon Collins&#8221; team_position=&#8221;Volunteer&#8221; title_color=&#8221;#212121&#8243; position_color=&#8221;#ffb422&#8243;][vc_empty_space][\/edgtf_elements_holder_item][edgtf_elements_holder_item target=&#8221;_self&#8221;][edgtf_team team_type=&#8221;main-info-below-image&#8221; team_image_link_target=&#8221;_blank&#8221; team_name_tag=&#8221;h4&#8243; team_social_icon_pack=&#8221;&#8221; team_image=&#8221;15010&#8243; team_image_link=&#8221;https:\/\/goodwish.qodeinteractive.com\/team-member\/&#8221; team_name=&#8221;Adam Mills&#8221; team_position=&#8221;Volunteer&#8221; title_color=&#8221;#212121&#8243; position_color=&#8221;#ffb422&#8243;][vc_empty_space][\/edgtf_elements_holder_item][edgtf_elements_holder_item target=&#8221;_self&#8221;][edgtf_team team_type=&#8221;main-info-below-image&#8221; team_image_link_target=&#8221;_blank&#8221; team_name_tag=&#8221;h4&#8243; team_social_icon_pack=&#8221;&#8221; team_image=&#8221;15013&#8243; team_image_link=&#8221;https:\/\/goodwish.qodeinteractive.com\/team-member\/&#8221; team_name=&#8221;Phyllis Lee&#8221; team_position=&#8221;Volunteer&#8221; title_color=&#8221;#212121&#8243; position_color=&#8221;#ffb422&#8243;][vc_empty_space][\/edgtf_elements_holder_item][\/edgtf_elements_holder][\/vc_column][\/vc_row][vc_row el_class=&#8221;left-aligned-cf7&#8243;][vc_column][edgtf_elements_holder number_of_columns=&#8221;two-columns&#8221;][edgtf_elements_holder_item background_image=&#8221;13436&#8243; item_padding=&#8221;1% 15% 0% 21.5%&#8221; target=&#8221;_self&#8221; item_padding_1280_1600=&#8221;8% 9% 11% 19%&#8221; item_padding_1024_1280=&#8221;11% 4% 11% 8%&#8221; item_padding_600_768=&#8221;10% 15% 11% 21%&#8221; item_padding_480=&#8221;15% 12% 18% 16%&#8221;][vc_column_text]\n<h2><span style=\"color: #ffffff;\">Become a VOLUNTEER<\/span><\/h2>\n[\/vc_column_text][vc_empty_space height=&#8221;21px&#8221;][vc_column_text]<span style=\"color: #ffffff;\">Lorem ipsum dolor sit amet, consectetur adipiscing elit. Nullam blandit hendrerit faucibus. Suspendisse hendrerit turpis, ultric ieserat consequat. Sedac velit iaculis.<\/span>[\/vc_column_text][vc_empty_space height=&#8221;11px&#8221;]<p class=\"wpcf7-contact-form-not-found\"><strong>Error:<\/strong> No se encontr\u00f3 ning\u00fan formulario de contacto.<\/p>[\/edgtf_elements_holder_item][edgtf_elements_holder_item background_image=&#8221;15038&#8243; item_padding=&#8221;28% 0% 29% 0%&#8221; target=&#8221;_self&#8221;][\/edgtf_elements_holder_item][\/edgtf_elements_holder][\/vc_column][\/vc_row][vc_row content_width=&#8221;grid&#8221; css=&#8221;.vc_custom_1492070691289{padding-top: 95px !important;padding-bottom: 83px !important;}&#8221;][vc_column][vc_column_text]\n<h2 style=\"text-align: center;\"><span style=\"color: #000000;\">Latest Events<\/span><\/h2>\n[\/vc_column_text][vc_empty_space height=&#8221;14px&#8221;][edgtf_elements_holder][edgtf_elements_holder_item item_padding=&#8221;0px 21%&#8221; target=&#8221;_self&#8221; item_padding_1280_1600=&#8221;0px 10%&#8221; item_padding_1024_1280=&#8221;0px 5%&#8221; item_padding_600_768=&#8221;0px 5%&#8221; item_padding_480=&#8221;0px 9%&#8221;][edgtf_section_subtitle subtitle_text=&#8221;Alienum phaedrum torquatos nec eu, vis detraxit periculis ex, nihil expetendis in mei. Mei an pericula euripidis, hinc partem ei est. Eos ei nisl graecis.&#8221; text_align=&#8221;center&#8221;][\/edgtf_elements_holder_item][\/edgtf_elements_holder][edgtf_separator position=&#8221;center&#8221; color=&#8221;#ffb422&#8243; width=&#8221;55px&#8221; thickness=&#8221;3&#8243; top_margin=&#8221;25px&#8221; bottom_margin=&#8221;75px&#8221;][edgtf_event_list type=&#8221;carousel&#8221; image_size=&#8221;original&#8221; number=&#8221;3&#8243; category=&#8221;seniors&#8221; item_background_color=&#8221;#ffffff&#8221;][\/vc_column][\/vc_row][vc_row content_width=&#8221;grid&#8221; css=&#8221;.vc_custom_1491489093485{padding-top: 65px !important;padding-bottom: 55px !important;background-color: #ebe3d6 !important;}&#8221;][vc_column][edgtf_carousel carousel=&#8221;home-8&#8243; orderby=&#8221;title&#8221; order=&#8221;ASC&#8221; number_of_items=&#8221;5&#8243; image_animation=&#8221;image-change&#8221; show_arrows_navigation=&#8221;no&#8221; show_dots_navigation=&#8221;no&#8221;][\/vc_column][\/vc_row]\n","protected":false},"excerpt":{"rendered":"<p>[vc_row][vc_column][rev_slider_vc alias=&#8221;home-8&#8243;][\/vc_column][\/vc_row][vc_row content_width=&#8221;grid&#8221; css=&#8221;.vc_custom_1491565812815{padding-bottom: 140px !important;}&#8221;][vc_column css=&#8221;.vc_custom_1491565820079{margin-top: -75px !important;}&#8221;][edgtf_cause_list title_tag=&#8221;h3&#8243; order=&#8221;ASC&#8221; number=&#8221;3&#8243; category=&#8221;seniors&#8221; item_background_color=&#8221;#ffffff&#8221;][\/vc_column][\/vc_row][vc_row row_type=&#8221;parallax&#8221; full_screen_section_height=&#8221;no&#8221; parallax_background_image=&#8221;16416&#8243; css=&#8221;.vc_custom_1493823115190{padding-top: 7.9% !important;padding-bottom: 8.8% !important;}&#8221;][vc_column][edgtf_elements_holder][edgtf_elements_holder_item item_padding=&#8221;0% 52% 0% 12%&#8221; target=&#8221;_self&#8221; item_padding_1280_1600=&#8221;0% 47% 0% 12%&#8221; item_padding_1024_1280=&#8221;0% 38% 0% 12%&#8221; item_padding_600_768=&#8221;0% 25% 0% 15%&#8221; item_padding_480_600=&#8221;0% 11% 0% 13%&#8221; item_padding_480=&#8221;0% 7% 0% 9%&#8221;][vc_column_text] Senior Citizen Program [\/vc_column_text][vc_empty_space][vc_column_text]Nulla fermentum turpis id nunc [&hellip;]<\/p>\n","protected":false},"author":4,"featured_media":0,"parent":0,"menu_order":0,"comment_status":"closed","ping_status":"closed","template":"full-width.php","meta":{"give_campaign_id":0,"footnotes":""},"class_list":["post-14910","page","type-page","status-publish","hentry"],"yoast_head":"<!-- This site is optimized with the Yoast SEO plugin v27.4 - https:\/\/yoast.com\/product\/yoast-seo-wordpress\/ -->\n<title>Senior Citizen Home - GESMujer &quot;Rosario Castellanos&quot;<\/title>\n<meta name=\"robots\" content=\"index, follow, max-snippet:-1, max-image-preview:large, max-video-preview:-1\" \/>\n<link rel=\"canonical\" href=\"https:\/\/www.gesmujer.org\/sitio\/senior-citizen-home-2\/\" \/>\n<meta property=\"og:locale\" content=\"es_MX\" \/>\n<meta property=\"og:type\" content=\"article\" \/>\n<meta property=\"og:title\" content=\"Senior Citizen Home - GESMujer &quot;Rosario Castellanos&quot;\" \/>\n<meta property=\"og:description\" content=\"[vc_row][vc_column][rev_slider_vc alias=&#8221;home-8&#8243;][\/vc_column][\/vc_row][vc_row content_width=&#8221;grid&#8221; css=&#8221;.vc_custom_1491565812815{padding-bottom: 140px !important;}&#8221;][vc_column css=&#8221;.vc_custom_1491565820079{margin-top: -75px !important;}&#8221;][edgtf_cause_list title_tag=&#8221;h3&#8243; order=&#8221;ASC&#8221; number=&#8221;3&#8243; category=&#8221;seniors&#8221; item_background_color=&#8221;#ffffff&#8221;][\/vc_column][\/vc_row][vc_row row_type=&#8221;parallax&#8221; full_screen_section_height=&#8221;no&#8221; parallax_background_image=&#8221;16416&#8243; css=&#8221;.vc_custom_1493823115190{padding-top: 7.9% !important;padding-bottom: 8.8% !important;}&#8221;][vc_column][edgtf_elements_holder][edgtf_elements_holder_item item_padding=&#8221;0% 52% 0% 12%&#8221; target=&#8221;_self&#8221; item_padding_1280_1600=&#8221;0% 47% 0% 12%&#8221; item_padding_1024_1280=&#8221;0% 38% 0% 12%&#8221; item_padding_600_768=&#8221;0% 25% 0% 15%&#8221; item_padding_480_600=&#8221;0% 11% 0% 13%&#8221; item_padding_480=&#8221;0% 7% 0% 9%&#8221;][vc_column_text] Senior Citizen Program [\/vc_column_text][vc_empty_space][vc_column_text]Nulla fermentum turpis id nunc [&hellip;]\" \/>\n<meta property=\"og:url\" content=\"https:\/\/www.gesmujer.org\/sitio\/senior-citizen-home-2\/\" \/>\n<meta property=\"og:site_name\" content=\"GESMujer &quot;Rosario Castellanos&quot;\" \/>\n<meta property=\"article:publisher\" content=\"https:\/\/www.facebook.com\/gesmujer.rosario.castellanos.ac\" \/>\n<meta property=\"og:image\" content=\"https:\/\/www.gesmujer.org\/sitio\/wp-content\/uploads\/2023\/07\/tecnologia.png\" \/>\n\t<meta property=\"og:image:width\" content=\"1624\" \/>\n\t<meta property=\"og:image:height\" content=\"1242\" \/>\n\t<meta property=\"og:image:type\" content=\"image\/png\" \/>\n<meta name=\"twitter:card\" content=\"summary_large_image\" \/>\n<meta name=\"twitter:site\" content=\"@GES_Mujer\" \/>\n<meta name=\"twitter:label1\" content=\"Tiempo de lectura\" \/>\n\t<meta name=\"twitter:data1\" content=\"4 minutos\" \/>\n<script type=\"application\/ld+json\" class=\"yoast-schema-graph\">{\"@context\":\"https:\\\/\\\/schema.org\",\"@graph\":[{\"@type\":\"WebPage\",\"@id\":\"https:\\\/\\\/www.gesmujer.org\\\/sitio\\\/senior-citizen-home-2\\\/\",\"url\":\"https:\\\/\\\/www.gesmujer.org\\\/sitio\\\/senior-citizen-home-2\\\/\",\"name\":\"Senior Citizen Home - GESMujer &quot;Rosario Castellanos&quot;\",\"isPartOf\":{\"@id\":\"https:\\\/\\\/www.gesmujer.org\\\/sitio\\\/#website\"},\"datePublished\":\"2017-04-06T07:45:48+00:00\",\"breadcrumb\":{\"@id\":\"https:\\\/\\\/www.gesmujer.org\\\/sitio\\\/senior-citizen-home-2\\\/#breadcrumb\"},\"inLanguage\":\"es\",\"potentialAction\":[{\"@type\":\"ReadAction\",\"target\":[\"https:\\\/\\\/www.gesmujer.org\\\/sitio\\\/senior-citizen-home-2\\\/\"]}]},{\"@type\":\"BreadcrumbList\",\"@id\":\"https:\\\/\\\/www.gesmujer.org\\\/sitio\\\/senior-citizen-home-2\\\/#breadcrumb\",\"itemListElement\":[{\"@type\":\"ListItem\",\"position\":1,\"name\":\"Home\",\"item\":\"https:\\\/\\\/www.gesmujer.org\\\/sitio\\\/\"},{\"@type\":\"ListItem\",\"position\":2,\"name\":\"Senior Citizen Home\"}]},{\"@type\":\"WebSite\",\"@id\":\"https:\\\/\\\/www.gesmujer.org\\\/sitio\\\/#website\",\"url\":\"https:\\\/\\\/www.gesmujer.org\\\/sitio\\\/\",\"name\":\"GESMujer \\\"Rosario Castellanos\\\"\",\"description\":\"M\u00e1s de 45 a\u00f1os ha llevado a cabo acciones para erradicar la violencia de g\u00e9nero y construir entornos donde las mujeres encuentren su resiliencia, incrementen su agencia y autonom\u00eda que les permita lograr su empoderamiento a trav\u00e9s de cinco l\u00edneas de acci\u00f3n.\",\"publisher\":{\"@id\":\"https:\\\/\\\/www.gesmujer.org\\\/sitio\\\/#organization\"},\"alternateName\":\"GESMujer\",\"potentialAction\":[{\"@type\":\"SearchAction\",\"target\":{\"@type\":\"EntryPoint\",\"urlTemplate\":\"https:\\\/\\\/www.gesmujer.org\\\/sitio\\\/?s={search_term_string}\"},\"query-input\":{\"@type\":\"PropertyValueSpecification\",\"valueRequired\":true,\"valueName\":\"search_term_string\"}}],\"inLanguage\":\"es\"},{\"@type\":\"Organization\",\"@id\":\"https:\\\/\\\/www.gesmujer.org\\\/sitio\\\/#organization\",\"name\":\"Grupo de estudios sobre la mujer Rosario Castellanos ac\",\"alternateName\":\"GESMujer\",\"url\":\"https:\\\/\\\/www.gesmujer.org\\\/sitio\\\/\",\"logo\":{\"@type\":\"ImageObject\",\"inLanguage\":\"es\",\"@id\":\"https:\\\/\\\/www.gesmujer.org\\\/sitio\\\/#\\\/schema\\\/logo\\\/image\\\/\",\"url\":\"https:\\\/\\\/www.gesmujer.org\\\/sitio\\\/wp-content\\\/uploads\\\/2026\\\/03\\\/Logo-GESMujer-300.png\",\"contentUrl\":\"https:\\\/\\\/www.gesmujer.org\\\/sitio\\\/wp-content\\\/uploads\\\/2026\\\/03\\\/Logo-GESMujer-300.png\",\"width\":300,\"height\":141,\"caption\":\"Grupo de estudios sobre la mujer Rosario Castellanos ac\"},\"image\":{\"@id\":\"https:\\\/\\\/www.gesmujer.org\\\/sitio\\\/#\\\/schema\\\/logo\\\/image\\\/\"},\"sameAs\":[\"https:\\\/\\\/www.facebook.com\\\/gesmujer.rosario.castellanos.ac\",\"https:\\\/\\\/x.com\\\/GES_Mujer\",\"https:\\\/\\\/www.instagram.com\\\/ges_mujer\\\/?hl=es\",\"https:\\\/\\\/www.youtube.com\\\/c\\\/GESMujerRosarioCastellanos\\\/videos\",\"https:\\\/\\\/soundcloud.com\\\/gesmujerac\",\"https:\\\/\\\/www.tiktok.com\\\/@gesmujer\"]}]}<\/script>\n<!-- \/ Yoast SEO plugin. -->","yoast_head_json":{"title":"Senior Citizen Home - GESMujer &quot;Rosario Castellanos&quot;","robots":{"index":"index","follow":"follow","max-snippet":"max-snippet:-1","max-image-preview":"max-image-preview:large","max-video-preview":"max-video-preview:-1"},"canonical":"https:\/\/www.gesmujer.org\/sitio\/senior-citizen-home-2\/","og_locale":"es_MX","og_type":"article","og_title":"Senior Citizen Home - GESMujer &quot;Rosario Castellanos&quot;","og_description":"[vc_row][vc_column][rev_slider_vc alias=&#8221;home-8&#8243;][\/vc_column][\/vc_row][vc_row content_width=&#8221;grid&#8221; css=&#8221;.vc_custom_1491565812815{padding-bottom: 140px !important;}&#8221;][vc_column css=&#8221;.vc_custom_1491565820079{margin-top: -75px !important;}&#8221;][edgtf_cause_list title_tag=&#8221;h3&#8243; order=&#8221;ASC&#8221; number=&#8221;3&#8243; category=&#8221;seniors&#8221; item_background_color=&#8221;#ffffff&#8221;][\/vc_column][\/vc_row][vc_row row_type=&#8221;parallax&#8221; full_screen_section_height=&#8221;no&#8221; parallax_background_image=&#8221;16416&#8243; css=&#8221;.vc_custom_1493823115190{padding-top: 7.9% !important;padding-bottom: 8.8% !important;}&#8221;][vc_column][edgtf_elements_holder][edgtf_elements_holder_item item_padding=&#8221;0% 52% 0% 12%&#8221; target=&#8221;_self&#8221; item_padding_1280_1600=&#8221;0% 47% 0% 12%&#8221; item_padding_1024_1280=&#8221;0% 38% 0% 12%&#8221; item_padding_600_768=&#8221;0% 25% 0% 15%&#8221; item_padding_480_600=&#8221;0% 11% 0% 13%&#8221; item_padding_480=&#8221;0% 7% 0% 9%&#8221;][vc_column_text] Senior Citizen Program [\/vc_column_text][vc_empty_space][vc_column_text]Nulla fermentum turpis id nunc [&hellip;]","og_url":"https:\/\/www.gesmujer.org\/sitio\/senior-citizen-home-2\/","og_site_name":"GESMujer &quot;Rosario Castellanos&quot;","article_publisher":"https:\/\/www.facebook.com\/gesmujer.rosario.castellanos.ac","og_image":[{"width":1624,"height":1242,"url":"https:\/\/www.gesmujer.org\/sitio\/wp-content\/uploads\/2023\/07\/tecnologia.png","type":"image\/png"}],"twitter_card":"summary_large_image","twitter_site":"@GES_Mujer","twitter_misc":{"Tiempo de lectura":"4 minutos"},"schema":{"@context":"https:\/\/schema.org","@graph":[{"@type":"WebPage","@id":"https:\/\/www.gesmujer.org\/sitio\/senior-citizen-home-2\/","url":"https:\/\/www.gesmujer.org\/sitio\/senior-citizen-home-2\/","name":"Senior Citizen Home - GESMujer &quot;Rosario Castellanos&quot;","isPartOf":{"@id":"https:\/\/www.gesmujer.org\/sitio\/#website"},"datePublished":"2017-04-06T07:45:48+00:00","breadcrumb":{"@id":"https:\/\/www.gesmujer.org\/sitio\/senior-citizen-home-2\/#breadcrumb"},"inLanguage":"es","potentialAction":[{"@type":"ReadAction","target":["https:\/\/www.gesmujer.org\/sitio\/senior-citizen-home-2\/"]}]},{"@type":"BreadcrumbList","@id":"https:\/\/www.gesmujer.org\/sitio\/senior-citizen-home-2\/#breadcrumb","itemListElement":[{"@type":"ListItem","position":1,"name":"Home","item":"https:\/\/www.gesmujer.org\/sitio\/"},{"@type":"ListItem","position":2,"name":"Senior Citizen Home"}]},{"@type":"WebSite","@id":"https:\/\/www.gesmujer.org\/sitio\/#website","url":"https:\/\/www.gesmujer.org\/sitio\/","name":"GESMujer \"Rosario Castellanos\"","description":"M\u00e1s de 45 a\u00f1os ha llevado a cabo acciones para erradicar la violencia de g\u00e9nero y construir entornos donde las mujeres encuentren su resiliencia, incrementen su agencia y autonom\u00eda que les permita lograr su empoderamiento a trav\u00e9s de cinco l\u00edneas de acci\u00f3n.","publisher":{"@id":"https:\/\/www.gesmujer.org\/sitio\/#organization"},"alternateName":"GESMujer","potentialAction":[{"@type":"SearchAction","target":{"@type":"EntryPoint","urlTemplate":"https:\/\/www.gesmujer.org\/sitio\/?s={search_term_string}"},"query-input":{"@type":"PropertyValueSpecification","valueRequired":true,"valueName":"search_term_string"}}],"inLanguage":"es"},{"@type":"Organization","@id":"https:\/\/www.gesmujer.org\/sitio\/#organization","name":"Grupo de estudios sobre la mujer Rosario Castellanos ac","alternateName":"GESMujer","url":"https:\/\/www.gesmujer.org\/sitio\/","logo":{"@type":"ImageObject","inLanguage":"es","@id":"https:\/\/www.gesmujer.org\/sitio\/#\/schema\/logo\/image\/","url":"https:\/\/www.gesmujer.org\/sitio\/wp-content\/uploads\/2026\/03\/Logo-GESMujer-300.png","contentUrl":"https:\/\/www.gesmujer.org\/sitio\/wp-content\/uploads\/2026\/03\/Logo-GESMujer-300.png","width":300,"height":141,"caption":"Grupo de estudios sobre la mujer Rosario Castellanos ac"},"image":{"@id":"https:\/\/www.gesmujer.org\/sitio\/#\/schema\/logo\/image\/"},"sameAs":["https:\/\/www.facebook.com\/gesmujer.rosario.castellanos.ac","https:\/\/x.com\/GES_Mujer","https:\/\/www.instagram.com\/ges_mujer\/?hl=es","https:\/\/www.youtube.com\/c\/GESMujerRosarioCastellanos\/videos","https:\/\/soundcloud.com\/gesmujerac","https:\/\/www.tiktok.com\/@gesmujer"]}]}},"campaignId":"","_links":{"self":[{"href":"https:\/\/www.gesmujer.org\/sitio\/wp-json\/wp\/v2\/pages\/14910","targetHints":{"allow":["GET"]}}],"collection":[{"href":"https:\/\/www.gesmujer.org\/sitio\/wp-json\/wp\/v2\/pages"}],"about":[{"href":"https:\/\/www.gesmujer.org\/sitio\/wp-json\/wp\/v2\/types\/page"}],"author":[{"embeddable":true,"href":"https:\/\/www.gesmujer.org\/sitio\/wp-json\/wp\/v2\/users\/4"}],"replies":[{"embeddable":true,"href":"https:\/\/www.gesmujer.org\/sitio\/wp-json\/wp\/v2\/comments?post=14910"}],"version-history":[{"count":0,"href":"https:\/\/www.gesmujer.org\/sitio\/wp-json\/wp\/v2\/pages\/14910\/revisions"}],"wp:attachment":[{"href":"https:\/\/www.gesmujer.org\/sitio\/wp-json\/wp\/v2\/media?parent=14910"}],"curies":[{"name":"wp","href":"https:\/\/api.w.org\/{rel}","templated":true}]}}