{"id":14974,"date":"2017-04-06T10:57:38","date_gmt":"2017-04-06T10:57:38","guid":{"rendered":"https:\/\/goodwish.qodeinteractive.com\/?page_id=14974"},"modified":"2017-04-06T10:57:38","modified_gmt":"2017-04-06T10:57:38","slug":"team-member-2","status":"publish","type":"page","link":"https:\/\/www.gesmujer.org\/sitio\/team-member-2\/","title":{"rendered":"Team Member"},"content":{"rendered":"[vc_row content_width=&#8221;grid&#8221; css=&#8221;.vc_custom_1491569179737{padding-bottom: 90px !important;}&#8221;][vc_column offset=&#8221;vc_col-lg-6 vc_col-md-6 vc_col-xs-12&#8243;][vc_single_image image=&#8221;14978&#8243; img_size=&#8221;full&#8221;][vc_empty_space height=&#8221;35px&#8221;][vc_column_text]\n<h3>My Skills<\/h3>\n[\/vc_column_text][vc_empty_space height=&#8221;35px&#8221;][vc_column_text]Alienum phaedrum torquatos nec eu, vis detraxit periculis ex, nihil expetendis in mei. Mei an pericula euripidis, hinc partem ei est. Eos ei nisl graecis, vix aperiri consequat an. Eius lorem tincidunt vix at, vel pertinax[\/vc_column_text][vc_empty_space height=&#8221;35px&#8221;][edgtf_progress_bar title=&#8221;Leadership &#8221; percent=&#8221;89&#8243;][edgtf_progress_bar title=&#8221;Volunteering&#8221; percent=&#8221;95&#8243;][vc_empty_space height=&#8221;35px&#8221;][\/vc_column][vc_column offset=&#8221;vc_col-lg-6 vc_col-md-6 vc_col-xs-12&#8243;][edgtf_elements_holder][edgtf_elements_holder_item item_padding=&#8221;2% 7% 2% 5%&#8221; target=&#8221;_self&#8221; item_padding_1280_1600=&#8221;2% 7% 2% 5%&#8221; item_padding_1024_1280=&#8221;2% 7% 2% 5%&#8221; item_padding_768_1024=&#8221;2% 0% 2% 3%&#8221; item_padding_600_768=&#8221;5% 0% 1% 0%&#8221;][vc_column_text]\n<h2>Joanna J. Carter<\/h2>\n[\/vc_column_text][vc_column_text]Community and Event Fundraising Officer &#8211; Mr Charity[\/vc_column_text][vc_empty_space height=&#8221;35px&#8221;][vc_column_text]Alienum phaedrum torquatos nec eu, vis detraxit periculis ex, nihil expetendis in mei. Mei an pericula euripidis, hinc partem ei est. Eos ei nisl graecis, vix aperiri consequat an. Eius lorem tincidunt vix at, vel pertinax sensibus id, error epicurei mea et. Mea facilisis urbanitas moderatius id. Vis ei rationibus definiebas, eu qui purto zril laoreet. Ex error omnium interpretaris pro, alia illum ea vim. Lorem ipsum dolor sit amet, eu per legimus referrentur. Ius ne viris repudiare, nominavi sententiae eos in.[\/vc_column_text][vc_empty_space height=&#8221;35px&#8221;][vc_column_text]Alienum phaedrum torquatos nec eu, vis detraxit periculis ex, nihil expetendis in mei. Mei an pericula euripidis, hinc partem ei est. Eos ei nisl graecis, vix aperiri consequat an. Eius lorem tincidunt vix at, vel pertinax sensibus id, error epicurei mea et. Mea facilisis urbanitas moderatius id. Vis ei rationibus definiebas.[\/vc_column_text][vc_empty_space height=&#8221;35px&#8221;][vc_column_text]\n<h3>Contact details<\/h3>\n[\/vc_column_text][vc_empty_space height=&#8221;35px&#8221;][\/edgtf_elements_holder_item][\/edgtf_elements_holder][edgtf_elements_holder number_of_columns=&#8221;four-columns&#8221; switch_to_one_column=&#8221;never&#8221;][edgtf_elements_holder_item item_padding=&#8221;0px 10px 0px 33px&#8221; vertical_alignment=&#8221;top&#8221; target=&#8221;_self&#8221; item_padding_1280_1600=&#8221;0px 10px 0px 33px&#8221; item_padding_1024_1280=&#8221;0px 10px 0px 33px&#8221; item_padding_768_1024=&#8221;0px 6px 0px 14px&#8221;][vc_empty_space height=&#8221;2px&#8221;][vc_column_text]\n<h5>Phone:<\/h5>\n[\/vc_column_text][vc_empty_space height=&#8221;12px&#8221;][vc_column_text]\n<h5>Email:<\/h5>\n[\/vc_column_text][vc_empty_space height=&#8221;50px&#8221;][vc_column_text]\n<h5>Birthday:<\/h5>\n[\/vc_column_text][vc_empty_space height=&#8221;10px&#8221;][vc_column_text]\n<h5>Location:<\/h5>\n[\/vc_column_text][vc_empty_space height=&#8221;50px&#8221;][vc_column_text]\n<h5>Experience:<\/h5>\n[\/vc_column_text][\/edgtf_elements_holder_item][edgtf_elements_holder_item item_padding=&#8221;0px 0px 0px 0px&#8221; target=&#8221;_self&#8221; item_padding_1280_1600=&#8221;0px 0px 0px 0px&#8221; item_padding_1024_1280=&#8221;0px 0px 0px 0px&#8221; item_padding_768_1024=&#8221;2% 2% 2% 2%&#8221;][vc_column_text]<span style=\"color: #888888;\">+ 0990 564 67967<\/span>[\/vc_column_text][vc_empty_space height=&#8221;5px&#8221;][vc_column_text]<span style=\"color: #888888;\">jonna.carter@charity.com<\/span>[\/vc_column_text][vc_empty_space height=&#8221;40px&#8221;][vc_column_text]<span style=\"color: #888888;\">September 19, 1986<\/span>[\/vc_column_text][vc_empty_space height=&#8221;6px&#8221;][vc_column_text]<span style=\"color: #888888;\">London<\/span>[\/vc_column_text][vc_empty_space height=&#8221;43px&#8221;][vc_column_text]<span style=\"color: #888888;\">PQASSO Programme\u00a0<\/span>[\/vc_column_text][vc_empty_space height=&#8221;8px&#8221;][vc_column_text]<span style=\"color: #888888;\">Head of Volunteering<\/span>[\/vc_column_text][vc_empty_space height=&#8221;8px&#8221;][vc_column_text]<span style=\"color: #888888;\">Circle Coordinator<\/span>[\/vc_column_text][vc_empty_space height=&#8221;8px&#8221;][vc_column_text]<span style=\"color: #888888;\">Head of Fundraising <\/span>[\/vc_column_text][vc_empty_space height=&#8221;8px&#8221;][vc_column_text]<span style=\"color: #888888;\">Events Manager<\/span>[\/vc_column_text][vc_empty_space height=&#8221;8px&#8221;][vc_column_text]<span style=\"color: #888888;\">Investment Manager<\/span>[\/vc_column_text][vc_empty_space height=&#8221;8px&#8221;][vc_column_text]<span style=\"color: #888888;\">Volunteering Manager<\/span>[\/vc_column_text][\/edgtf_elements_holder_item][edgtf_elements_holder_item target=&#8221;_self&#8221;][vc_empty_space][\/edgtf_elements_holder_item][\/edgtf_elements_holder][\/vc_column][\/vc_row][vc_row css=&#8221;.vc_custom_1492608315246{margin-bottom: -37px !important;background-color: #f6f4ee !important;}&#8221;][vc_column][vc_row_inner content_width=&#8221;grid&#8221; css=&#8221;.vc_custom_1491569190905{padding-top: 100px !important;padding-bottom: 100px !important;}&#8221;][vc_column_inner][edgtf_image_gallery type=&#8221;image_grid&#8221; column_number=&#8221;3&#8243; pretty_photo=&#8221;yes&#8221; grayscale=&#8221;no&#8221; overlay=&#8221;no&#8221; images=&#8221;15297,15298,15299&#8243; image_size=&#8221;full&#8221;][\/vc_column_inner][\/vc_row_inner][\/vc_column][\/vc_row]\n","protected":false},"excerpt":{"rendered":"<p>[vc_row content_width=&#8221;grid&#8221; css=&#8221;.vc_custom_1491569179737{padding-bottom: 90px !important;}&#8221;][vc_column offset=&#8221;vc_col-lg-6 vc_col-md-6 vc_col-xs-12&#8243;][vc_single_image image=&#8221;14978&#8243; img_size=&#8221;full&#8221;][vc_empty_space height=&#8221;35px&#8221;][vc_column_text] My Skills [\/vc_column_text][vc_empty_space height=&#8221;35px&#8221;][vc_column_text]Alienum phaedrum torquatos nec eu, vis detraxit periculis ex, nihil expetendis in mei. Mei an pericula euripidis, hinc partem ei est. Eos ei nisl graecis, vix aperiri consequat an. Eius lorem tincidunt vix at, vel pertinax[\/vc_column_text][vc_empty_space height=&#8221;35px&#8221;][edgtf_progress_bar title=&#8221;Leadership &#8221; percent=&#8221;89&#8243;][edgtf_progress_bar title=&#8221;Volunteering&#8221; [&hellip;]<\/p>\n","protected":false},"author":4,"featured_media":0,"parent":0,"menu_order":0,"comment_status":"closed","ping_status":"closed","template":"full-width.php","meta":{"give_campaign_id":0,"footnotes":""},"class_list":["post-14974","page","type-page","status-publish","hentry"],"yoast_head":"<!-- This site is optimized with the Yoast SEO plugin v27.4 - https:\/\/yoast.com\/product\/yoast-seo-wordpress\/ -->\n<title>Team Member - GESMujer &quot;Rosario Castellanos&quot;<\/title>\n<meta name=\"robots\" content=\"index, follow, max-snippet:-1, max-image-preview:large, max-video-preview:-1\" \/>\n<link rel=\"canonical\" href=\"https:\/\/www.gesmujer.org\/sitio\/team-member-2\/\" \/>\n<meta property=\"og:locale\" content=\"es_MX\" \/>\n<meta property=\"og:type\" content=\"article\" \/>\n<meta property=\"og:title\" content=\"Team Member - GESMujer &quot;Rosario Castellanos&quot;\" \/>\n<meta property=\"og:description\" content=\"[vc_row content_width=&#8221;grid&#8221; css=&#8221;.vc_custom_1491569179737{padding-bottom: 90px !important;}&#8221;][vc_column offset=&#8221;vc_col-lg-6 vc_col-md-6 vc_col-xs-12&#8243;][vc_single_image image=&#8221;14978&#8243; img_size=&#8221;full&#8221;][vc_empty_space height=&#8221;35px&#8221;][vc_column_text] My Skills [\/vc_column_text][vc_empty_space height=&#8221;35px&#8221;][vc_column_text]Alienum phaedrum torquatos nec eu, vis detraxit periculis ex, nihil expetendis in mei. Mei an pericula euripidis, hinc partem ei est. Eos ei nisl graecis, vix aperiri consequat an. Eius lorem tincidunt vix at, vel pertinax[\/vc_column_text][vc_empty_space height=&#8221;35px&#8221;][edgtf_progress_bar title=&#8221;Leadership &#8221; percent=&#8221;89&#8243;][edgtf_progress_bar title=&#8221;Volunteering&#8221; [&hellip;]\" \/>\n<meta property=\"og:url\" content=\"https:\/\/www.gesmujer.org\/sitio\/team-member-2\/\" \/>\n<meta property=\"og:site_name\" content=\"GESMujer &quot;Rosario Castellanos&quot;\" \/>\n<meta property=\"article:publisher\" content=\"https:\/\/www.facebook.com\/gesmujer.rosario.castellanos.ac\" \/>\n<meta property=\"og:image\" content=\"https:\/\/www.gesmujer.org\/sitio\/wp-content\/uploads\/2023\/07\/tecnologia.png\" \/>\n\t<meta property=\"og:image:width\" content=\"1624\" \/>\n\t<meta property=\"og:image:height\" content=\"1242\" \/>\n\t<meta property=\"og:image:type\" content=\"image\/png\" \/>\n<meta name=\"twitter:card\" content=\"summary_large_image\" \/>\n<meta name=\"twitter:site\" content=\"@GES_Mujer\" \/>\n<meta name=\"twitter:label1\" content=\"Tiempo de lectura\" \/>\n\t<meta name=\"twitter:data1\" content=\"4 minutos\" \/>\n<script type=\"application\/ld+json\" class=\"yoast-schema-graph\">{\"@context\":\"https:\\\/\\\/schema.org\",\"@graph\":[{\"@type\":\"WebPage\",\"@id\":\"https:\\\/\\\/www.gesmujer.org\\\/sitio\\\/team-member-2\\\/\",\"url\":\"https:\\\/\\\/www.gesmujer.org\\\/sitio\\\/team-member-2\\\/\",\"name\":\"Team Member - GESMujer &quot;Rosario Castellanos&quot;\",\"isPartOf\":{\"@id\":\"https:\\\/\\\/www.gesmujer.org\\\/sitio\\\/#website\"},\"datePublished\":\"2017-04-06T10:57:38+00:00\",\"breadcrumb\":{\"@id\":\"https:\\\/\\\/www.gesmujer.org\\\/sitio\\\/team-member-2\\\/#breadcrumb\"},\"inLanguage\":\"es\",\"potentialAction\":[{\"@type\":\"ReadAction\",\"target\":[\"https:\\\/\\\/www.gesmujer.org\\\/sitio\\\/team-member-2\\\/\"]}]},{\"@type\":\"BreadcrumbList\",\"@id\":\"https:\\\/\\\/www.gesmujer.org\\\/sitio\\\/team-member-2\\\/#breadcrumb\",\"itemListElement\":[{\"@type\":\"ListItem\",\"position\":1,\"name\":\"Home\",\"item\":\"https:\\\/\\\/www.gesmujer.org\\\/sitio\\\/\"},{\"@type\":\"ListItem\",\"position\":2,\"name\":\"Team Member\"}]},{\"@type\":\"WebSite\",\"@id\":\"https:\\\/\\\/www.gesmujer.org\\\/sitio\\\/#website\",\"url\":\"https:\\\/\\\/www.gesmujer.org\\\/sitio\\\/\",\"name\":\"GESMujer \\\"Rosario Castellanos\\\"\",\"description\":\"M\u00e1s de 45 a\u00f1os ha llevado a cabo acciones para erradicar la violencia de g\u00e9nero y construir entornos donde las mujeres encuentren su resiliencia, incrementen su agencia y autonom\u00eda que les permita lograr su empoderamiento a trav\u00e9s de cinco l\u00edneas de acci\u00f3n.\",\"publisher\":{\"@id\":\"https:\\\/\\\/www.gesmujer.org\\\/sitio\\\/#organization\"},\"alternateName\":\"GESMujer\",\"potentialAction\":[{\"@type\":\"SearchAction\",\"target\":{\"@type\":\"EntryPoint\",\"urlTemplate\":\"https:\\\/\\\/www.gesmujer.org\\\/sitio\\\/?s={search_term_string}\"},\"query-input\":{\"@type\":\"PropertyValueSpecification\",\"valueRequired\":true,\"valueName\":\"search_term_string\"}}],\"inLanguage\":\"es\"},{\"@type\":\"Organization\",\"@id\":\"https:\\\/\\\/www.gesmujer.org\\\/sitio\\\/#organization\",\"name\":\"Grupo de estudios sobre la mujer Rosario Castellanos ac\",\"alternateName\":\"GESMujer\",\"url\":\"https:\\\/\\\/www.gesmujer.org\\\/sitio\\\/\",\"logo\":{\"@type\":\"ImageObject\",\"inLanguage\":\"es\",\"@id\":\"https:\\\/\\\/www.gesmujer.org\\\/sitio\\\/#\\\/schema\\\/logo\\\/image\\\/\",\"url\":\"https:\\\/\\\/www.gesmujer.org\\\/sitio\\\/wp-content\\\/uploads\\\/2026\\\/03\\\/Logo-GESMujer-300.png\",\"contentUrl\":\"https:\\\/\\\/www.gesmujer.org\\\/sitio\\\/wp-content\\\/uploads\\\/2026\\\/03\\\/Logo-GESMujer-300.png\",\"width\":300,\"height\":141,\"caption\":\"Grupo de estudios sobre la mujer Rosario Castellanos ac\"},\"image\":{\"@id\":\"https:\\\/\\\/www.gesmujer.org\\\/sitio\\\/#\\\/schema\\\/logo\\\/image\\\/\"},\"sameAs\":[\"https:\\\/\\\/www.facebook.com\\\/gesmujer.rosario.castellanos.ac\",\"https:\\\/\\\/x.com\\\/GES_Mujer\",\"https:\\\/\\\/www.instagram.com\\\/ges_mujer\\\/?hl=es\",\"https:\\\/\\\/www.youtube.com\\\/c\\\/GESMujerRosarioCastellanos\\\/videos\",\"https:\\\/\\\/soundcloud.com\\\/gesmujerac\",\"https:\\\/\\\/www.tiktok.com\\\/@gesmujer\"]}]}<\/script>\n<!-- \/ Yoast SEO plugin. -->","yoast_head_json":{"title":"Team Member - GESMujer &quot;Rosario Castellanos&quot;","robots":{"index":"index","follow":"follow","max-snippet":"max-snippet:-1","max-image-preview":"max-image-preview:large","max-video-preview":"max-video-preview:-1"},"canonical":"https:\/\/www.gesmujer.org\/sitio\/team-member-2\/","og_locale":"es_MX","og_type":"article","og_title":"Team Member - GESMujer &quot;Rosario Castellanos&quot;","og_description":"[vc_row content_width=&#8221;grid&#8221; css=&#8221;.vc_custom_1491569179737{padding-bottom: 90px !important;}&#8221;][vc_column offset=&#8221;vc_col-lg-6 vc_col-md-6 vc_col-xs-12&#8243;][vc_single_image image=&#8221;14978&#8243; img_size=&#8221;full&#8221;][vc_empty_space height=&#8221;35px&#8221;][vc_column_text] My Skills [\/vc_column_text][vc_empty_space height=&#8221;35px&#8221;][vc_column_text]Alienum phaedrum torquatos nec eu, vis detraxit periculis ex, nihil expetendis in mei. Mei an pericula euripidis, hinc partem ei est. Eos ei nisl graecis, vix aperiri consequat an. Eius lorem tincidunt vix at, vel pertinax[\/vc_column_text][vc_empty_space height=&#8221;35px&#8221;][edgtf_progress_bar title=&#8221;Leadership &#8221; percent=&#8221;89&#8243;][edgtf_progress_bar title=&#8221;Volunteering&#8221; [&hellip;]","og_url":"https:\/\/www.gesmujer.org\/sitio\/team-member-2\/","og_site_name":"GESMujer &quot;Rosario Castellanos&quot;","article_publisher":"https:\/\/www.facebook.com\/gesmujer.rosario.castellanos.ac","og_image":[{"width":1624,"height":1242,"url":"https:\/\/www.gesmujer.org\/sitio\/wp-content\/uploads\/2023\/07\/tecnologia.png","type":"image\/png"}],"twitter_card":"summary_large_image","twitter_site":"@GES_Mujer","twitter_misc":{"Tiempo de lectura":"4 minutos"},"schema":{"@context":"https:\/\/schema.org","@graph":[{"@type":"WebPage","@id":"https:\/\/www.gesmujer.org\/sitio\/team-member-2\/","url":"https:\/\/www.gesmujer.org\/sitio\/team-member-2\/","name":"Team Member - GESMujer &quot;Rosario Castellanos&quot;","isPartOf":{"@id":"https:\/\/www.gesmujer.org\/sitio\/#website"},"datePublished":"2017-04-06T10:57:38+00:00","breadcrumb":{"@id":"https:\/\/www.gesmujer.org\/sitio\/team-member-2\/#breadcrumb"},"inLanguage":"es","potentialAction":[{"@type":"ReadAction","target":["https:\/\/www.gesmujer.org\/sitio\/team-member-2\/"]}]},{"@type":"BreadcrumbList","@id":"https:\/\/www.gesmujer.org\/sitio\/team-member-2\/#breadcrumb","itemListElement":[{"@type":"ListItem","position":1,"name":"Home","item":"https:\/\/www.gesmujer.org\/sitio\/"},{"@type":"ListItem","position":2,"name":"Team Member"}]},{"@type":"WebSite","@id":"https:\/\/www.gesmujer.org\/sitio\/#website","url":"https:\/\/www.gesmujer.org\/sitio\/","name":"GESMujer \"Rosario Castellanos\"","description":"M\u00e1s de 45 a\u00f1os ha llevado a cabo acciones para erradicar la violencia de g\u00e9nero y construir entornos donde las mujeres encuentren su resiliencia, incrementen su agencia y autonom\u00eda que les permita lograr su empoderamiento a trav\u00e9s de cinco l\u00edneas de acci\u00f3n.","publisher":{"@id":"https:\/\/www.gesmujer.org\/sitio\/#organization"},"alternateName":"GESMujer","potentialAction":[{"@type":"SearchAction","target":{"@type":"EntryPoint","urlTemplate":"https:\/\/www.gesmujer.org\/sitio\/?s={search_term_string}"},"query-input":{"@type":"PropertyValueSpecification","valueRequired":true,"valueName":"search_term_string"}}],"inLanguage":"es"},{"@type":"Organization","@id":"https:\/\/www.gesmujer.org\/sitio\/#organization","name":"Grupo de estudios sobre la mujer Rosario Castellanos ac","alternateName":"GESMujer","url":"https:\/\/www.gesmujer.org\/sitio\/","logo":{"@type":"ImageObject","inLanguage":"es","@id":"https:\/\/www.gesmujer.org\/sitio\/#\/schema\/logo\/image\/","url":"https:\/\/www.gesmujer.org\/sitio\/wp-content\/uploads\/2026\/03\/Logo-GESMujer-300.png","contentUrl":"https:\/\/www.gesmujer.org\/sitio\/wp-content\/uploads\/2026\/03\/Logo-GESMujer-300.png","width":300,"height":141,"caption":"Grupo de estudios sobre la mujer Rosario Castellanos ac"},"image":{"@id":"https:\/\/www.gesmujer.org\/sitio\/#\/schema\/logo\/image\/"},"sameAs":["https:\/\/www.facebook.com\/gesmujer.rosario.castellanos.ac","https:\/\/x.com\/GES_Mujer","https:\/\/www.instagram.com\/ges_mujer\/?hl=es","https:\/\/www.youtube.com\/c\/GESMujerRosarioCastellanos\/videos","https:\/\/soundcloud.com\/gesmujerac","https:\/\/www.tiktok.com\/@gesmujer"]}]}},"campaignId":"","_links":{"self":[{"href":"https:\/\/www.gesmujer.org\/sitio\/wp-json\/wp\/v2\/pages\/14974","targetHints":{"allow":["GET"]}}],"collection":[{"href":"https:\/\/www.gesmujer.org\/sitio\/wp-json\/wp\/v2\/pages"}],"about":[{"href":"https:\/\/www.gesmujer.org\/sitio\/wp-json\/wp\/v2\/types\/page"}],"author":[{"embeddable":true,"href":"https:\/\/www.gesmujer.org\/sitio\/wp-json\/wp\/v2\/users\/4"}],"replies":[{"embeddable":true,"href":"https:\/\/www.gesmujer.org\/sitio\/wp-json\/wp\/v2\/comments?post=14974"}],"version-history":[{"count":0,"href":"https:\/\/www.gesmujer.org\/sitio\/wp-json\/wp\/v2\/pages\/14974\/revisions"}],"wp:attachment":[{"href":"https:\/\/www.gesmujer.org\/sitio\/wp-json\/wp\/v2\/media?parent=14974"}],"curies":[{"name":"wp","href":"https:\/\/api.w.org\/{rel}","templated":true}]}}