{"id":20967,"date":"2016-03-08T09:04:43","date_gmt":"2016-03-08T09:04:43","guid":{"rendered":"http:\/\/barista.edge-themes.com\/?page_id=1802"},"modified":"2016-03-08T09:04:43","modified_gmt":"2016-03-08T09:04:43","slug":"headings","status":"publish","type":"page","link":"https:\/\/www.gesmujer.org\/sitio\/elements\/headings\/","title":{"rendered":"Headings"},"content":{"rendered":"[vc_row content_width=&#8221;grid&#8221; css=&#8221;.vc_custom_1492766750926{padding-top: 90px !important;padding-bottom: 53px !important;}&#8221;][vc_column][vc_column_text]\n<h1>Heading 1<\/h1>\n[\/vc_column_text][vc_empty_space height=&#8221;22px&#8221;][vc_column_text]Alienum phaedrum torquatos nec eu, vis detraxit periculis ex, nihil expetendis in mei. Mei an pericula euripidis, hinc partem ei est. Eos ei nisl graecis, vix aperiri consequat an. Eius lorem tincidunt vix at, vel pertinax sensibus id, error epicurei mea et. Mea facilisis urbanitas moderatius id. Vis ei rationibus definiebas, eu qui purto zril laoreet. Ex error omnium interpretaris pro, error\u00a0vim\u00a0pericula euripidis.\u00a0Mei an pericula euripidis, hinc partem ei est. Eos ei nisl graecis, vixlorem aperiri consequat an. Eius lorem tincidunt vix at, vel pertinax sensibus id, error epicurei mea et. Mea facilisis urbanitas moderatius id. Vis ei rationibus definiebas, eu qui purto zril laoreet. Ex error omnium interpretaris pro, alia illum ea vim\u00a0pericula euripidis[\/vc_column_text][\/vc_column][\/vc_row][vc_row content_width=&#8221;grid&#8221; css=&#8221;.vc_custom_1492766902110{padding-bottom: 57px !important;}&#8221;][vc_column][vc_column_text]\n<h2>Heading\u00a02<\/h2>\n[\/vc_column_text][vc_empty_space height=&#8221;22px&#8221;][vc_row_inner][vc_column_inner width=&#8221;1\/2&#8243;][vc_column_text]Alienum phaedrum torquatos nec eu, vis detraxit periculis ex, nihil expetendis in mei. Mei an pericula euripidis, hinc partem ei est. Eos ei nisl graecis, vix aperiri consequat an. Eius lorem tincidunt vix at, vel pertinax sensibus id, error epicurei mea et. Mea facilisis urbanitas \u00a0id. Vis ei rationibus definiebas, eu qui purto zril laoreet. Ex error omnium interpretaris pro.[\/vc_column_text][\/vc_column_inner][vc_column_inner width=&#8221;1\/2&#8243;][vc_column_text]Alienum phaedrum torquatos nec eu, vis detraxit periculis ex, nihil expetendis in mei. Mei an pericula euripidis, hinc partem ei est. Eos ei nisl graecis, vix aperiri consequat an. Eius lorem tincidunt vix at, vel pertinax sensibus id, error epicurei mea et. Mea facilisis urbanitas \u00a0id. Vis ei rationibus definiebas, eu qui purto zril laoreet. Ex error omnium interpretaris pro.[\/vc_column_text][\/vc_column_inner][\/vc_row_inner][\/vc_column][\/vc_row][vc_row content_width=&#8221;grid&#8221; css=&#8221;.vc_custom_1492766945318{padding-bottom: 57px !important;}&#8221;][vc_column][vc_column_text]\n<h3>Heading\u00a03<\/h3>\n[\/vc_column_text][vc_empty_space height=&#8221;21px&#8221;][vc_column_text]Alienum phaedrum torquatos nec eu, vis detraxit periculis ex, nihil expetendis in mei. Mei an pericula euripidis, hinc partem ei est. Eos ei nisl graecis, vix aperiri consequat an. Eius lorem tincidunt vix at, vel pertinax sensibus id, error epicurei mea et. Mea facilisis urbanitas moderatius id. Vis ei rationibus definiebas, eu qui purto zril laoreet. Ex error omnium interpretaris pro, error\u00a0vim\u00a0pericula euripidis.\u00a0Mei an pericula euripidis, hinc partem ei est. Eos ei nisl graecis, vixlorem aperiri consequat an. Eius lorem tincidunt vix at, vel pertinax sensibus id, error epicurei mea et. Mea facilisis urbanitas moderatius id. Vis ei rationibus definiebas, eu qui purto zril laoreet. Ex error omnium interpretaris pro, alia illum ea vim\u00a0pericula euripidis[\/vc_column_text][\/vc_column][\/vc_row][vc_row content_width=&#8221;grid&#8221; css=&#8221;.vc_custom_1492766993158{padding-bottom: 60px !important;}&#8221;][vc_column][vc_column_text]\n<h4>Heading\u00a04<\/h4>\n[\/vc_column_text][vc_empty_space height=&#8221;22px&#8221;][vc_row_inner][vc_column_inner width=&#8221;1\/2&#8243;][vc_column_text]Alienum phaedrum torquatos nec eu, vis detraxit periculis ex, nihil expetendis in mei. Mei an pericula euripidis, hinc partem ei est. Eos ei nisl graecis, vix aperiri consequat an. Eius lorem tincidunt vix at, vel pertinax sensibus id, error epicurei mea et. Mea facilisis urbanitas \u00a0id. Vis ei rationibus definiebas, eu qui purto zril laoreet. Ex error omnium interpretaris pro.[\/vc_column_text][\/vc_column_inner][vc_column_inner width=&#8221;1\/2&#8243;][vc_column_text]Alienum phaedrum torquatos nec eu, vis detraxit periculis ex, nihil expetendis in mei. Mei an pericula euripidis, hinc partem ei est. Eos ei nisl graecis, vix aperiri consequat an. Eius lorem tincidunt vix at, vel pertinax sensibus id, error epicurei mea et. Mea facilisis urbanitas \u00a0id. Vis ei rationibus definiebas, eu qui purto zril laoreet. Ex error omnium interpretaris pro.[\/vc_column_text][\/vc_column_inner][\/vc_row_inner][\/vc_column][\/vc_row][vc_row content_width=&#8221;grid&#8221; css=&#8221;.vc_custom_1492767095693{padding-bottom: 60px !important;}&#8221;][vc_column][vc_column_text]\n<h5>Heading\u00a05<\/h5>\n[\/vc_column_text][vc_empty_space height=&#8221;22px&#8221;][vc_column_text]Alienum phaedrum torquatos nec eu, vis detraxit periculis ex, nihil expetendis in mei. Mei an pericula euripidis, hinc partem ei est. Eos ei nisl graecis, vix aperiri consequat an. Eius lorem tincidunt vix at, vel pertinax sensibus id, error epicurei mea et. Mea facilisis urbanitas moderatius id. Vis ei rationibus definiebas, eu qui purto zril laoreet. Ex error omnium interpretaris pro, error\u00a0vim\u00a0pericula euripidis.\u00a0Mei an pericula euripidis, hinc partem ei est. Eos ei nisl graecis, vixlorem aperiri consequat an. Eius lorem tincidunt vix at, vel pertinax sensibus id, error epicurei mea et. Mea facilisis urbanitas moderatius id. Vis ei rationibus definiebas, eu qui purto zril laoreet. Ex error omnium interpretaris pro, alia illum ea vim\u00a0pericula euripidis[\/vc_column_text][\/vc_column][\/vc_row][vc_row content_width=&#8221;grid&#8221; css=&#8221;.vc_custom_1492766677830{padding-bottom: 100px !important;}&#8221;][vc_column][vc_column_text]\n<h6>Heading\u00a06<\/h6>\n[\/vc_column_text][vc_empty_space height=&#8221;22px&#8221;][vc_row_inner][vc_column_inner width=&#8221;1\/2&#8243;][vc_column_text]Alienum phaedrum torquatos nec eu, vis detraxit periculis ex, nihil expetendis in mei. Mei an pericula euripidis, hinc partem ei est. Eos ei nisl graecis, vix aperiri consequat an. Eius lorem tincidunt vix at, vel pertinax sensibus id, error epicurei mea et. Mea facilisis urbanitas \u00a0id. Vis ei rationibus definiebas, eu qui purto zril laoreet. Ex error omnium interpretaris pro.[\/vc_column_text][\/vc_column_inner][vc_column_inner width=&#8221;1\/2&#8243;][vc_column_text]Alienum phaedrum torquatos nec eu, vis detraxit periculis ex, nihil expetendis in mei. Mei an pericula euripidis, hinc partem ei est. Eos ei nisl graecis, vix aperiri consequat an. Eius lorem tincidunt vix at, vel pertinax sensibus id, error epicurei mea et. Mea facilisis urbanitas \u00a0id. Vis ei rationibus definiebas, eu qui purto zril laoreet. Ex error omnium interpretaris pro.[\/vc_column_text][\/vc_column_inner][\/vc_row_inner][\/vc_column][\/vc_row]\n","protected":false},"excerpt":{"rendered":"<p>[vc_row content_width=&#8221;grid&#8221; css=&#8221;.vc_custom_1492766750926{padding-top: 90px !important;padding-bottom: 53px !important;}&#8221;][vc_column][vc_column_text] Heading 1 [\/vc_column_text][vc_empty_space height=&#8221;22px&#8221;][vc_column_text]Alienum phaedrum torquatos nec eu, vis detraxit periculis ex, nihil expetendis in mei. Mei an pericula euripidis, hinc partem ei est. Eos ei nisl graecis, vix aperiri consequat an. Eius lorem tincidunt vix at, vel pertinax sensibus id, error epicurei mea et. Mea facilisis urbanitas [&hellip;]<\/p>\n","protected":false},"author":4,"featured_media":0,"parent":13046,"menu_order":0,"comment_status":"closed","ping_status":"closed","template":"full-width.php","meta":{"give_campaign_id":0,"footnotes":""},"class_list":["post-20967","page","type-page","status-publish","hentry"],"yoast_head":"<!-- This site is optimized with the Yoast SEO plugin v27.4 - https:\/\/yoast.com\/product\/yoast-seo-wordpress\/ -->\n<title>Headings - GESMujer &quot;Rosario Castellanos&quot;<\/title>\n<meta name=\"robots\" content=\"index, follow, max-snippet:-1, max-image-preview:large, max-video-preview:-1\" \/>\n<link rel=\"canonical\" href=\"https:\/\/www.gesmujer.org\/sitio\/elements\/headings\/\" \/>\n<meta property=\"og:locale\" content=\"es_MX\" \/>\n<meta property=\"og:type\" content=\"article\" \/>\n<meta property=\"og:title\" content=\"Headings - GESMujer &quot;Rosario Castellanos&quot;\" \/>\n<meta property=\"og:description\" content=\"[vc_row content_width=&#8221;grid&#8221; css=&#8221;.vc_custom_1492766750926{padding-top: 90px !important;padding-bottom: 53px !important;}&#8221;][vc_column][vc_column_text] Heading 1 [\/vc_column_text][vc_empty_space height=&#8221;22px&#8221;][vc_column_text]Alienum phaedrum torquatos nec eu, vis detraxit periculis ex, nihil expetendis in mei. Mei an pericula euripidis, hinc partem ei est. Eos ei nisl graecis, vix aperiri consequat an. Eius lorem tincidunt vix at, vel pertinax sensibus id, error epicurei mea et. Mea facilisis urbanitas [&hellip;]\" \/>\n<meta property=\"og:url\" content=\"https:\/\/www.gesmujer.org\/sitio\/elements\/headings\/\" \/>\n<meta property=\"og:site_name\" content=\"GESMujer &quot;Rosario Castellanos&quot;\" \/>\n<meta property=\"article:publisher\" content=\"https:\/\/www.facebook.com\/gesmujer.rosario.castellanos.ac\" \/>\n<meta property=\"og:image\" content=\"https:\/\/www.gesmujer.org\/sitio\/wp-content\/uploads\/2023\/07\/tecnologia.png\" \/>\n\t<meta property=\"og:image:width\" content=\"1624\" \/>\n\t<meta property=\"og:image:height\" content=\"1242\" \/>\n\t<meta property=\"og:image:type\" content=\"image\/png\" \/>\n<meta name=\"twitter:card\" content=\"summary_large_image\" \/>\n<meta name=\"twitter:site\" content=\"@GES_Mujer\" \/>\n<meta name=\"twitter:label1\" content=\"Tiempo de lectura\" \/>\n\t<meta name=\"twitter:data1\" content=\"5 minutos\" \/>\n<script type=\"application\/ld+json\" class=\"yoast-schema-graph\">{\"@context\":\"https:\\\/\\\/schema.org\",\"@graph\":[{\"@type\":\"WebPage\",\"@id\":\"https:\\\/\\\/www.gesmujer.org\\\/sitio\\\/elements\\\/headings\\\/\",\"url\":\"https:\\\/\\\/www.gesmujer.org\\\/sitio\\\/elements\\\/headings\\\/\",\"name\":\"Headings - GESMujer &quot;Rosario Castellanos&quot;\",\"isPartOf\":{\"@id\":\"https:\\\/\\\/www.gesmujer.org\\\/sitio\\\/#website\"},\"datePublished\":\"2016-03-08T09:04:43+00:00\",\"breadcrumb\":{\"@id\":\"https:\\\/\\\/www.gesmujer.org\\\/sitio\\\/elements\\\/headings\\\/#breadcrumb\"},\"inLanguage\":\"es\",\"potentialAction\":[{\"@type\":\"ReadAction\",\"target\":[\"https:\\\/\\\/www.gesmujer.org\\\/sitio\\\/elements\\\/headings\\\/\"]}]},{\"@type\":\"BreadcrumbList\",\"@id\":\"https:\\\/\\\/www.gesmujer.org\\\/sitio\\\/elements\\\/headings\\\/#breadcrumb\",\"itemListElement\":[{\"@type\":\"ListItem\",\"position\":1,\"name\":\"Home\",\"item\":\"https:\\\/\\\/www.gesmujer.org\\\/sitio\\\/\"},{\"@type\":\"ListItem\",\"position\":2,\"name\":\"Elements\",\"item\":\"https:\\\/\\\/www.gesmujer.org\\\/sitio\\\/elements\\\/\"},{\"@type\":\"ListItem\",\"position\":3,\"name\":\"Headings\"}]},{\"@type\":\"WebSite\",\"@id\":\"https:\\\/\\\/www.gesmujer.org\\\/sitio\\\/#website\",\"url\":\"https:\\\/\\\/www.gesmujer.org\\\/sitio\\\/\",\"name\":\"GESMujer \\\"Rosario Castellanos\\\"\",\"description\":\"M\u00e1s de 45 a\u00f1os ha llevado a cabo acciones para erradicar la violencia de g\u00e9nero y construir entornos donde las mujeres encuentren su resiliencia, incrementen su agencia y autonom\u00eda que les permita lograr su empoderamiento a trav\u00e9s de cinco l\u00edneas de acci\u00f3n.\",\"publisher\":{\"@id\":\"https:\\\/\\\/www.gesmujer.org\\\/sitio\\\/#organization\"},\"alternateName\":\"GESMujer\",\"potentialAction\":[{\"@type\":\"SearchAction\",\"target\":{\"@type\":\"EntryPoint\",\"urlTemplate\":\"https:\\\/\\\/www.gesmujer.org\\\/sitio\\\/?s={search_term_string}\"},\"query-input\":{\"@type\":\"PropertyValueSpecification\",\"valueRequired\":true,\"valueName\":\"search_term_string\"}}],\"inLanguage\":\"es\"},{\"@type\":\"Organization\",\"@id\":\"https:\\\/\\\/www.gesmujer.org\\\/sitio\\\/#organization\",\"name\":\"Grupo de estudios sobre la mujer Rosario Castellanos ac\",\"alternateName\":\"GESMujer\",\"url\":\"https:\\\/\\\/www.gesmujer.org\\\/sitio\\\/\",\"logo\":{\"@type\":\"ImageObject\",\"inLanguage\":\"es\",\"@id\":\"https:\\\/\\\/www.gesmujer.org\\\/sitio\\\/#\\\/schema\\\/logo\\\/image\\\/\",\"url\":\"https:\\\/\\\/www.gesmujer.org\\\/sitio\\\/wp-content\\\/uploads\\\/2026\\\/03\\\/Logo-GESMujer-300.png\",\"contentUrl\":\"https:\\\/\\\/www.gesmujer.org\\\/sitio\\\/wp-content\\\/uploads\\\/2026\\\/03\\\/Logo-GESMujer-300.png\",\"width\":300,\"height\":141,\"caption\":\"Grupo de estudios sobre la mujer Rosario Castellanos ac\"},\"image\":{\"@id\":\"https:\\\/\\\/www.gesmujer.org\\\/sitio\\\/#\\\/schema\\\/logo\\\/image\\\/\"},\"sameAs\":[\"https:\\\/\\\/www.facebook.com\\\/gesmujer.rosario.castellanos.ac\",\"https:\\\/\\\/x.com\\\/GES_Mujer\",\"https:\\\/\\\/www.instagram.com\\\/ges_mujer\\\/?hl=es\",\"https:\\\/\\\/www.youtube.com\\\/c\\\/GESMujerRosarioCastellanos\\\/videos\",\"https:\\\/\\\/soundcloud.com\\\/gesmujerac\",\"https:\\\/\\\/www.tiktok.com\\\/@gesmujer\"]}]}<\/script>\n<!-- \/ Yoast SEO plugin. -->","yoast_head_json":{"title":"Headings - GESMujer &quot;Rosario Castellanos&quot;","robots":{"index":"index","follow":"follow","max-snippet":"max-snippet:-1","max-image-preview":"max-image-preview:large","max-video-preview":"max-video-preview:-1"},"canonical":"https:\/\/www.gesmujer.org\/sitio\/elements\/headings\/","og_locale":"es_MX","og_type":"article","og_title":"Headings - GESMujer &quot;Rosario Castellanos&quot;","og_description":"[vc_row content_width=&#8221;grid&#8221; css=&#8221;.vc_custom_1492766750926{padding-top: 90px !important;padding-bottom: 53px !important;}&#8221;][vc_column][vc_column_text] Heading 1 [\/vc_column_text][vc_empty_space height=&#8221;22px&#8221;][vc_column_text]Alienum phaedrum torquatos nec eu, vis detraxit periculis ex, nihil expetendis in mei. Mei an pericula euripidis, hinc partem ei est. Eos ei nisl graecis, vix aperiri consequat an. Eius lorem tincidunt vix at, vel pertinax sensibus id, error epicurei mea et. Mea facilisis urbanitas [&hellip;]","og_url":"https:\/\/www.gesmujer.org\/sitio\/elements\/headings\/","og_site_name":"GESMujer &quot;Rosario Castellanos&quot;","article_publisher":"https:\/\/www.facebook.com\/gesmujer.rosario.castellanos.ac","og_image":[{"width":1624,"height":1242,"url":"https:\/\/www.gesmujer.org\/sitio\/wp-content\/uploads\/2023\/07\/tecnologia.png","type":"image\/png"}],"twitter_card":"summary_large_image","twitter_site":"@GES_Mujer","twitter_misc":{"Tiempo de lectura":"5 minutos"},"schema":{"@context":"https:\/\/schema.org","@graph":[{"@type":"WebPage","@id":"https:\/\/www.gesmujer.org\/sitio\/elements\/headings\/","url":"https:\/\/www.gesmujer.org\/sitio\/elements\/headings\/","name":"Headings - GESMujer &quot;Rosario Castellanos&quot;","isPartOf":{"@id":"https:\/\/www.gesmujer.org\/sitio\/#website"},"datePublished":"2016-03-08T09:04:43+00:00","breadcrumb":{"@id":"https:\/\/www.gesmujer.org\/sitio\/elements\/headings\/#breadcrumb"},"inLanguage":"es","potentialAction":[{"@type":"ReadAction","target":["https:\/\/www.gesmujer.org\/sitio\/elements\/headings\/"]}]},{"@type":"BreadcrumbList","@id":"https:\/\/www.gesmujer.org\/sitio\/elements\/headings\/#breadcrumb","itemListElement":[{"@type":"ListItem","position":1,"name":"Home","item":"https:\/\/www.gesmujer.org\/sitio\/"},{"@type":"ListItem","position":2,"name":"Elements","item":"https:\/\/www.gesmujer.org\/sitio\/elements\/"},{"@type":"ListItem","position":3,"name":"Headings"}]},{"@type":"WebSite","@id":"https:\/\/www.gesmujer.org\/sitio\/#website","url":"https:\/\/www.gesmujer.org\/sitio\/","name":"GESMujer \"Rosario Castellanos\"","description":"M\u00e1s de 45 a\u00f1os ha llevado a cabo acciones para erradicar la violencia de g\u00e9nero y construir entornos donde las mujeres encuentren su resiliencia, incrementen su agencia y autonom\u00eda que les permita lograr su empoderamiento a trav\u00e9s de cinco l\u00edneas de acci\u00f3n.","publisher":{"@id":"https:\/\/www.gesmujer.org\/sitio\/#organization"},"alternateName":"GESMujer","potentialAction":[{"@type":"SearchAction","target":{"@type":"EntryPoint","urlTemplate":"https:\/\/www.gesmujer.org\/sitio\/?s={search_term_string}"},"query-input":{"@type":"PropertyValueSpecification","valueRequired":true,"valueName":"search_term_string"}}],"inLanguage":"es"},{"@type":"Organization","@id":"https:\/\/www.gesmujer.org\/sitio\/#organization","name":"Grupo de estudios sobre la mujer Rosario Castellanos ac","alternateName":"GESMujer","url":"https:\/\/www.gesmujer.org\/sitio\/","logo":{"@type":"ImageObject","inLanguage":"es","@id":"https:\/\/www.gesmujer.org\/sitio\/#\/schema\/logo\/image\/","url":"https:\/\/www.gesmujer.org\/sitio\/wp-content\/uploads\/2026\/03\/Logo-GESMujer-300.png","contentUrl":"https:\/\/www.gesmujer.org\/sitio\/wp-content\/uploads\/2026\/03\/Logo-GESMujer-300.png","width":300,"height":141,"caption":"Grupo de estudios sobre la mujer Rosario Castellanos ac"},"image":{"@id":"https:\/\/www.gesmujer.org\/sitio\/#\/schema\/logo\/image\/"},"sameAs":["https:\/\/www.facebook.com\/gesmujer.rosario.castellanos.ac","https:\/\/x.com\/GES_Mujer","https:\/\/www.instagram.com\/ges_mujer\/?hl=es","https:\/\/www.youtube.com\/c\/GESMujerRosarioCastellanos\/videos","https:\/\/soundcloud.com\/gesmujerac","https:\/\/www.tiktok.com\/@gesmujer"]}]}},"campaignId":"","_links":{"self":[{"href":"https:\/\/www.gesmujer.org\/sitio\/wp-json\/wp\/v2\/pages\/20967","targetHints":{"allow":["GET"]}}],"collection":[{"href":"https:\/\/www.gesmujer.org\/sitio\/wp-json\/wp\/v2\/pages"}],"about":[{"href":"https:\/\/www.gesmujer.org\/sitio\/wp-json\/wp\/v2\/types\/page"}],"author":[{"embeddable":true,"href":"https:\/\/www.gesmujer.org\/sitio\/wp-json\/wp\/v2\/users\/4"}],"replies":[{"embeddable":true,"href":"https:\/\/www.gesmujer.org\/sitio\/wp-json\/wp\/v2\/comments?post=20967"}],"version-history":[{"count":0,"href":"https:\/\/www.gesmujer.org\/sitio\/wp-json\/wp\/v2\/pages\/20967\/revisions"}],"up":[{"embeddable":true,"href":"https:\/\/www.gesmujer.org\/sitio\/wp-json\/wp\/v2\/pages\/13046"}],"wp:attachment":[{"href":"https:\/\/www.gesmujer.org\/sitio\/wp-json\/wp\/v2\/media?parent=20967"}],"curies":[{"name":"wp","href":"https:\/\/api.w.org\/{rel}","templated":true}]}}