{"id":20981,"date":"2016-03-09T12:27:49","date_gmt":"2016-03-09T12:27:49","guid":{"rendered":"http:\/\/barista.edge-themes.com\/?page_id=2306"},"modified":"2016-03-09T12:27:49","modified_gmt":"2016-03-09T12:27:49","slug":"separators","status":"publish","type":"page","link":"https:\/\/www.gesmujer.org\/sitio\/elements\/separators\/","title":{"rendered":"Separators"},"content":{"rendered":"[vc_row content_width=&#8221;grid&#8221; content_aligment=&#8221;center&#8221; css=&#8221;.vc_custom_1458817451093{padding-top: 111px !important;padding-bottom: 61px !important;}&#8221;][vc_column offset=&#8221;vc_col-md-4&#8243;][vc_row_inner css=&#8221;.vc_custom_1457606498845{padding-right: 20px !important;padding-left: 15px !important;}&#8221;][vc_column_inner css=&#8221;.vc_custom_1456156616924{border-right-width: 1px !important;padding-top: 0px !important;border-right-color: rgba(85,85,85,0.59) !important;border-right-style: dashed !important;}&#8221;][vc_column_text]Alienum phaedrum torquatos nec eu, vis detraxit periculis ex, nihil expetendis in mei. Eos ei nisl graecis, aperiri consequat an. Eius lorem tincidunt vix at, vel pertinax sensibus id, error epicurei mea et.[\/vc_column_text][\/vc_column_inner][\/vc_row_inner][vc_empty_space height=&#8221;40px&#8221;][\/vc_column][vc_column offset=&#8221;vc_col-md-4&#8243;][vc_row_inner css=&#8221;.vc_custom_1457606507821{padding-right: 20px !important;padding-left: 15px !important;}&#8221;][vc_column_inner css=&#8221;.vc_custom_1456156625469{border-right-width: 1px !important;padding-top: 0px !important;border-right-color: rgba(85,85,85,0.59) !important;border-right-style: dashed !important;}&#8221;][vc_column_text]Alienum phaedrum torquatos nec eu, vis detraxit periculis ex, nihil expetendis in mei. Eos ei nisl graecis, aperiri consequat an. Eius lorem tincidunt vix at, vel pertinax sensibus id, error epicurei mea et.[\/vc_column_text][\/vc_column_inner][\/vc_row_inner][vc_empty_space height=&#8221;40px&#8221;][\/vc_column][vc_column offset=&#8221;vc_col-md-4&#8243;][vc_row_inner css=&#8221;.vc_custom_1457606686500{padding-right: 20px !important;padding-left: 15px !important;}&#8221;][vc_column_inner css=&#8221;.vc_custom_1457527694069{border-right-width: 1px !important;padding-top: 0px !important;}&#8221;][vc_column_text]Alienum phaedrum torquatos nec eu, vis detraxit peri nihil expetendis in mei. Eos ei nisl graecis, aperiri consequat an. Eius lorem tincidunt vix at, vel pertinax sensibus id, error epicurei mea et.[\/vc_column_text][\/vc_column_inner][\/vc_row_inner][vc_empty_space height=&#8221;40px&#8221;][\/vc_column][\/vc_row][vc_row content_width=&#8221;grid&#8221; css=&#8221;.vc_custom_1485525205950{padding-bottom: 100px !important;}&#8221;][vc_column][edgtf_separator position=&#8221;center&#8221; color=&#8221;#252525&#8243; border_style=&#8221;dotted&#8221; width=&#8221;100%&#8221; thickness=&#8221;1&#8243; bottom_margin=&#8221;30&#8243;][edgtf_separator position=&#8221;center&#8221; color=&#8221;#252525&#8243; border_style=&#8221;dashed&#8221; width=&#8221;100%&#8221; thickness=&#8221;1&#8243; bottom_margin=&#8221;30&#8243;][edgtf_separator position=&#8221;center&#8221; color=&#8221;#888888&#8243; border_style=&#8221;solid&#8221; width=&#8221;100%&#8221; thickness=&#8221;2&#8243; bottom_margin=&#8221;30&#8243;][edgtf_separator position=&#8221;center&#8221; color=&#8221;#ffb422&#8243; border_style=&#8221;solid&#8221; width=&#8221;100%&#8221; thickness=&#8221;3&#8243; bottom_margin=&#8221;30&#8243;][vc_text_separator title=&#8221;Separator With Text&#8221; color=&#8221;custom&#8221; accent_color=&#8221;#212121&#8243;][\/vc_column][\/vc_row][vc_row content_width=&#8221;grid&#8221; content_aligment=&#8221;center&#8221; css=&#8221;.vc_custom_1481546639350{padding-bottom: 62px !important;}&#8221;][vc_column offset=&#8221;vc_col-md-4&#8243;][vc_row_inner][vc_column_inner css=&#8221;.vc_custom_1487081158559{padding-right: 5% !important;}&#8221;][vc_column_text]\n<h3>Left Align<\/h3>\n[\/vc_column_text][vc_empty_space height=&#8221;13px&#8221;][vc_column_text]Duo an malis posidonium. Partem equidem duo an\u00a0mediocrem malis graece ceteros est.[\/vc_column_text][edgtf_separator position=&#8221;left&#8221; color=&#8221;#ffb422&#8243; border_style=&#8221;solid&#8221; width=&#8221;120&#8243; thickness=&#8221;3&#8243; top_margin=&#8221;17px&#8221; bottom_margin=&#8221;18px&#8221;][\/vc_column_inner][\/vc_row_inner][vc_empty_space height=&#8221;40px&#8221;][\/vc_column][vc_column offset=&#8221;vc_col-md-4&#8243;][vc_row_inner content_aligment=&#8221;center&#8221;][vc_column_inner][vc_column_text]\n<h3>Centered<\/h3>\n[\/vc_column_text][vc_empty_space height=&#8221;13px&#8221;][vc_column_text]Duo an malis posidonium. Partem equidem duo an\u00a0mediocrem malis graece ceteros est.[\/vc_column_text][edgtf_separator position=&#8221;center&#8221; color=&#8221;#ffb422&#8243; border_style=&#8221;solid&#8221; width=&#8221;120&#8243; thickness=&#8221;3&#8243; top_margin=&#8221;17px&#8221; bottom_margin=&#8221;18px&#8221;][\/vc_column_inner][\/vc_row_inner][vc_empty_space height=&#8221;40px&#8221;][\/vc_column][vc_column offset=&#8221;vc_col-md-4&#8243;][vc_row_inner content_aligment=&#8221;right&#8221;][vc_column_inner css=&#8221;.vc_custom_1487081203161{padding-left: 5% !important;}&#8221;][vc_column_text]\n<h3>Right Align<\/h3>\n[\/vc_column_text][vc_empty_space height=&#8221;13px&#8221;][vc_column_text]Duo an malis posidonium. Partem equidem duo an\u00a0mediocrem malis graece ceteros est.[\/vc_column_text][edgtf_separator position=&#8221;right&#8221; color=&#8221;#ffb422&#8243; border_style=&#8221;solid&#8221; width=&#8221;120&#8243; thickness=&#8221;3&#8243; top_margin=&#8221;17px&#8221; bottom_margin=&#8221;18px&#8221;][\/vc_column_inner][\/vc_row_inner][vc_empty_space height=&#8221;40px&#8221;][\/vc_column][\/vc_row]\n","protected":false},"excerpt":{"rendered":"<p>[vc_row content_width=&#8221;grid&#8221; content_aligment=&#8221;center&#8221; css=&#8221;.vc_custom_1458817451093{padding-top: 111px !important;padding-bottom: 61px !important;}&#8221;][vc_column offset=&#8221;vc_col-md-4&#8243;][vc_row_inner css=&#8221;.vc_custom_1457606498845{padding-right: 20px !important;padding-left: 15px !important;}&#8221;][vc_column_inner css=&#8221;.vc_custom_1456156616924{border-right-width: 1px !important;padding-top: 0px !important;border-right-color: rgba(85,85,85,0.59) !important;border-right-style: dashed !important;}&#8221;][vc_column_text]Alienum phaedrum torquatos nec eu, vis detraxit periculis ex, nihil expetendis in mei. Eos ei nisl graecis, aperiri consequat an. Eius lorem tincidunt vix at, vel pertinax sensibus id, error epicurei mea et.[\/vc_column_text][\/vc_column_inner][\/vc_row_inner][vc_empty_space [&hellip;]<\/p>\n","protected":false},"author":4,"featured_media":0,"parent":13046,"menu_order":0,"comment_status":"closed","ping_status":"closed","template":"full-width.php","meta":{"give_campaign_id":0,"footnotes":""},"class_list":["post-20981","page","type-page","status-publish","hentry"],"yoast_head":"<!-- This site is optimized with the Yoast SEO plugin v27.4 - https:\/\/yoast.com\/product\/yoast-seo-wordpress\/ -->\n<title>Separators - GESMujer &quot;Rosario Castellanos&quot;<\/title>\n<meta name=\"robots\" content=\"index, follow, max-snippet:-1, max-image-preview:large, max-video-preview:-1\" \/>\n<link rel=\"canonical\" href=\"https:\/\/www.gesmujer.org\/sitio\/elements\/separators\/\" \/>\n<meta property=\"og:locale\" content=\"es_MX\" \/>\n<meta property=\"og:type\" content=\"article\" \/>\n<meta property=\"og:title\" content=\"Separators - GESMujer &quot;Rosario Castellanos&quot;\" \/>\n<meta property=\"og:description\" content=\"[vc_row content_width=&#8221;grid&#8221; content_aligment=&#8221;center&#8221; css=&#8221;.vc_custom_1458817451093{padding-top: 111px !important;padding-bottom: 61px !important;}&#8221;][vc_column offset=&#8221;vc_col-md-4&#8243;][vc_row_inner css=&#8221;.vc_custom_1457606498845{padding-right: 20px !important;padding-left: 15px !important;}&#8221;][vc_column_inner css=&#8221;.vc_custom_1456156616924{border-right-width: 1px !important;padding-top: 0px !important;border-right-color: rgba(85,85,85,0.59) !important;border-right-style: dashed !important;}&#8221;][vc_column_text]Alienum phaedrum torquatos nec eu, vis detraxit periculis ex, nihil expetendis in mei. Eos ei nisl graecis, aperiri consequat an. Eius lorem tincidunt vix at, vel pertinax sensibus id, error epicurei mea et.[\/vc_column_text][\/vc_column_inner][\/vc_row_inner][vc_empty_space [&hellip;]\" \/>\n<meta property=\"og:url\" content=\"https:\/\/www.gesmujer.org\/sitio\/elements\/separators\/\" \/>\n<meta property=\"og:site_name\" content=\"GESMujer &quot;Rosario Castellanos&quot;\" \/>\n<meta property=\"article:publisher\" content=\"https:\/\/www.facebook.com\/gesmujer.rosario.castellanos.ac\" \/>\n<meta property=\"og:image\" content=\"https:\/\/www.gesmujer.org\/sitio\/wp-content\/uploads\/2023\/07\/tecnologia.png\" \/>\n\t<meta property=\"og:image:width\" content=\"1624\" \/>\n\t<meta property=\"og:image:height\" content=\"1242\" \/>\n\t<meta property=\"og:image:type\" content=\"image\/png\" \/>\n<meta name=\"twitter:card\" content=\"summary_large_image\" \/>\n<meta name=\"twitter:site\" content=\"@GES_Mujer\" \/>\n<meta name=\"twitter:label1\" content=\"Tiempo de lectura\" \/>\n\t<meta name=\"twitter:data1\" content=\"3 minutos\" \/>\n<script type=\"application\/ld+json\" class=\"yoast-schema-graph\">{\"@context\":\"https:\\\/\\\/schema.org\",\"@graph\":[{\"@type\":\"WebPage\",\"@id\":\"https:\\\/\\\/www.gesmujer.org\\\/sitio\\\/elements\\\/separators\\\/\",\"url\":\"https:\\\/\\\/www.gesmujer.org\\\/sitio\\\/elements\\\/separators\\\/\",\"name\":\"Separators - GESMujer &quot;Rosario Castellanos&quot;\",\"isPartOf\":{\"@id\":\"https:\\\/\\\/www.gesmujer.org\\\/sitio\\\/#website\"},\"datePublished\":\"2016-03-09T12:27:49+00:00\",\"breadcrumb\":{\"@id\":\"https:\\\/\\\/www.gesmujer.org\\\/sitio\\\/elements\\\/separators\\\/#breadcrumb\"},\"inLanguage\":\"es\",\"potentialAction\":[{\"@type\":\"ReadAction\",\"target\":[\"https:\\\/\\\/www.gesmujer.org\\\/sitio\\\/elements\\\/separators\\\/\"]}]},{\"@type\":\"BreadcrumbList\",\"@id\":\"https:\\\/\\\/www.gesmujer.org\\\/sitio\\\/elements\\\/separators\\\/#breadcrumb\",\"itemListElement\":[{\"@type\":\"ListItem\",\"position\":1,\"name\":\"Home\",\"item\":\"https:\\\/\\\/www.gesmujer.org\\\/sitio\\\/\"},{\"@type\":\"ListItem\",\"position\":2,\"name\":\"Elements\",\"item\":\"https:\\\/\\\/www.gesmujer.org\\\/sitio\\\/elements\\\/\"},{\"@type\":\"ListItem\",\"position\":3,\"name\":\"Separators\"}]},{\"@type\":\"WebSite\",\"@id\":\"https:\\\/\\\/www.gesmujer.org\\\/sitio\\\/#website\",\"url\":\"https:\\\/\\\/www.gesmujer.org\\\/sitio\\\/\",\"name\":\"GESMujer \\\"Rosario Castellanos\\\"\",\"description\":\"M\u00e1s de 45 a\u00f1os ha llevado a cabo acciones para erradicar la violencia de g\u00e9nero y construir entornos donde las mujeres encuentren su resiliencia, incrementen su agencia y autonom\u00eda que les permita lograr su empoderamiento a trav\u00e9s de cinco l\u00edneas de acci\u00f3n.\",\"publisher\":{\"@id\":\"https:\\\/\\\/www.gesmujer.org\\\/sitio\\\/#organization\"},\"alternateName\":\"GESMujer\",\"potentialAction\":[{\"@type\":\"SearchAction\",\"target\":{\"@type\":\"EntryPoint\",\"urlTemplate\":\"https:\\\/\\\/www.gesmujer.org\\\/sitio\\\/?s={search_term_string}\"},\"query-input\":{\"@type\":\"PropertyValueSpecification\",\"valueRequired\":true,\"valueName\":\"search_term_string\"}}],\"inLanguage\":\"es\"},{\"@type\":\"Organization\",\"@id\":\"https:\\\/\\\/www.gesmujer.org\\\/sitio\\\/#organization\",\"name\":\"Grupo de estudios sobre la mujer Rosario Castellanos ac\",\"alternateName\":\"GESMujer\",\"url\":\"https:\\\/\\\/www.gesmujer.org\\\/sitio\\\/\",\"logo\":{\"@type\":\"ImageObject\",\"inLanguage\":\"es\",\"@id\":\"https:\\\/\\\/www.gesmujer.org\\\/sitio\\\/#\\\/schema\\\/logo\\\/image\\\/\",\"url\":\"https:\\\/\\\/www.gesmujer.org\\\/sitio\\\/wp-content\\\/uploads\\\/2026\\\/03\\\/Logo-GESMujer-300.png\",\"contentUrl\":\"https:\\\/\\\/www.gesmujer.org\\\/sitio\\\/wp-content\\\/uploads\\\/2026\\\/03\\\/Logo-GESMujer-300.png\",\"width\":300,\"height\":141,\"caption\":\"Grupo de estudios sobre la mujer Rosario Castellanos ac\"},\"image\":{\"@id\":\"https:\\\/\\\/www.gesmujer.org\\\/sitio\\\/#\\\/schema\\\/logo\\\/image\\\/\"},\"sameAs\":[\"https:\\\/\\\/www.facebook.com\\\/gesmujer.rosario.castellanos.ac\",\"https:\\\/\\\/x.com\\\/GES_Mujer\",\"https:\\\/\\\/www.instagram.com\\\/ges_mujer\\\/?hl=es\",\"https:\\\/\\\/www.youtube.com\\\/c\\\/GESMujerRosarioCastellanos\\\/videos\",\"https:\\\/\\\/soundcloud.com\\\/gesmujerac\",\"https:\\\/\\\/www.tiktok.com\\\/@gesmujer\"]}]}<\/script>\n<!-- \/ Yoast SEO plugin. -->","yoast_head_json":{"title":"Separators - GESMujer &quot;Rosario Castellanos&quot;","robots":{"index":"index","follow":"follow","max-snippet":"max-snippet:-1","max-image-preview":"max-image-preview:large","max-video-preview":"max-video-preview:-1"},"canonical":"https:\/\/www.gesmujer.org\/sitio\/elements\/separators\/","og_locale":"es_MX","og_type":"article","og_title":"Separators - GESMujer &quot;Rosario Castellanos&quot;","og_description":"[vc_row content_width=&#8221;grid&#8221; content_aligment=&#8221;center&#8221; css=&#8221;.vc_custom_1458817451093{padding-top: 111px !important;padding-bottom: 61px !important;}&#8221;][vc_column offset=&#8221;vc_col-md-4&#8243;][vc_row_inner css=&#8221;.vc_custom_1457606498845{padding-right: 20px !important;padding-left: 15px !important;}&#8221;][vc_column_inner css=&#8221;.vc_custom_1456156616924{border-right-width: 1px !important;padding-top: 0px !important;border-right-color: rgba(85,85,85,0.59) !important;border-right-style: dashed !important;}&#8221;][vc_column_text]Alienum phaedrum torquatos nec eu, vis detraxit periculis ex, nihil expetendis in mei. Eos ei nisl graecis, aperiri consequat an. Eius lorem tincidunt vix at, vel pertinax sensibus id, error epicurei mea et.[\/vc_column_text][\/vc_column_inner][\/vc_row_inner][vc_empty_space [&hellip;]","og_url":"https:\/\/www.gesmujer.org\/sitio\/elements\/separators\/","og_site_name":"GESMujer &quot;Rosario Castellanos&quot;","article_publisher":"https:\/\/www.facebook.com\/gesmujer.rosario.castellanos.ac","og_image":[{"width":1624,"height":1242,"url":"https:\/\/www.gesmujer.org\/sitio\/wp-content\/uploads\/2023\/07\/tecnologia.png","type":"image\/png"}],"twitter_card":"summary_large_image","twitter_site":"@GES_Mujer","twitter_misc":{"Tiempo de lectura":"3 minutos"},"schema":{"@context":"https:\/\/schema.org","@graph":[{"@type":"WebPage","@id":"https:\/\/www.gesmujer.org\/sitio\/elements\/separators\/","url":"https:\/\/www.gesmujer.org\/sitio\/elements\/separators\/","name":"Separators - GESMujer &quot;Rosario Castellanos&quot;","isPartOf":{"@id":"https:\/\/www.gesmujer.org\/sitio\/#website"},"datePublished":"2016-03-09T12:27:49+00:00","breadcrumb":{"@id":"https:\/\/www.gesmujer.org\/sitio\/elements\/separators\/#breadcrumb"},"inLanguage":"es","potentialAction":[{"@type":"ReadAction","target":["https:\/\/www.gesmujer.org\/sitio\/elements\/separators\/"]}]},{"@type":"BreadcrumbList","@id":"https:\/\/www.gesmujer.org\/sitio\/elements\/separators\/#breadcrumb","itemListElement":[{"@type":"ListItem","position":1,"name":"Home","item":"https:\/\/www.gesmujer.org\/sitio\/"},{"@type":"ListItem","position":2,"name":"Elements","item":"https:\/\/www.gesmujer.org\/sitio\/elements\/"},{"@type":"ListItem","position":3,"name":"Separators"}]},{"@type":"WebSite","@id":"https:\/\/www.gesmujer.org\/sitio\/#website","url":"https:\/\/www.gesmujer.org\/sitio\/","name":"GESMujer \"Rosario Castellanos\"","description":"M\u00e1s de 45 a\u00f1os ha llevado a cabo acciones para erradicar la violencia de g\u00e9nero y construir entornos donde las mujeres encuentren su resiliencia, incrementen su agencia y autonom\u00eda que les permita lograr su empoderamiento a trav\u00e9s de cinco l\u00edneas de acci\u00f3n.","publisher":{"@id":"https:\/\/www.gesmujer.org\/sitio\/#organization"},"alternateName":"GESMujer","potentialAction":[{"@type":"SearchAction","target":{"@type":"EntryPoint","urlTemplate":"https:\/\/www.gesmujer.org\/sitio\/?s={search_term_string}"},"query-input":{"@type":"PropertyValueSpecification","valueRequired":true,"valueName":"search_term_string"}}],"inLanguage":"es"},{"@type":"Organization","@id":"https:\/\/www.gesmujer.org\/sitio\/#organization","name":"Grupo de estudios sobre la mujer Rosario Castellanos ac","alternateName":"GESMujer","url":"https:\/\/www.gesmujer.org\/sitio\/","logo":{"@type":"ImageObject","inLanguage":"es","@id":"https:\/\/www.gesmujer.org\/sitio\/#\/schema\/logo\/image\/","url":"https:\/\/www.gesmujer.org\/sitio\/wp-content\/uploads\/2026\/03\/Logo-GESMujer-300.png","contentUrl":"https:\/\/www.gesmujer.org\/sitio\/wp-content\/uploads\/2026\/03\/Logo-GESMujer-300.png","width":300,"height":141,"caption":"Grupo de estudios sobre la mujer Rosario Castellanos ac"},"image":{"@id":"https:\/\/www.gesmujer.org\/sitio\/#\/schema\/logo\/image\/"},"sameAs":["https:\/\/www.facebook.com\/gesmujer.rosario.castellanos.ac","https:\/\/x.com\/GES_Mujer","https:\/\/www.instagram.com\/ges_mujer\/?hl=es","https:\/\/www.youtube.com\/c\/GESMujerRosarioCastellanos\/videos","https:\/\/soundcloud.com\/gesmujerac","https:\/\/www.tiktok.com\/@gesmujer"]}]}},"campaignId":"","_links":{"self":[{"href":"https:\/\/www.gesmujer.org\/sitio\/wp-json\/wp\/v2\/pages\/20981","targetHints":{"allow":["GET"]}}],"collection":[{"href":"https:\/\/www.gesmujer.org\/sitio\/wp-json\/wp\/v2\/pages"}],"about":[{"href":"https:\/\/www.gesmujer.org\/sitio\/wp-json\/wp\/v2\/types\/page"}],"author":[{"embeddable":true,"href":"https:\/\/www.gesmujer.org\/sitio\/wp-json\/wp\/v2\/users\/4"}],"replies":[{"embeddable":true,"href":"https:\/\/www.gesmujer.org\/sitio\/wp-json\/wp\/v2\/comments?post=20981"}],"version-history":[{"count":0,"href":"https:\/\/www.gesmujer.org\/sitio\/wp-json\/wp\/v2\/pages\/20981\/revisions"}],"up":[{"embeddable":true,"href":"https:\/\/www.gesmujer.org\/sitio\/wp-json\/wp\/v2\/pages\/13046"}],"wp:attachment":[{"href":"https:\/\/www.gesmujer.org\/sitio\/wp-json\/wp\/v2\/media?parent=20981"}],"curies":[{"name":"wp","href":"https:\/\/api.w.org\/{rel}","templated":true}]}}