{"id":20984,"date":"2016-03-09T13:46:00","date_gmt":"2016-03-09T13:46:00","guid":{"rendered":"http:\/\/barista.edge-themes.com\/?page_id=2377"},"modified":"2016-03-09T13:46:00","modified_gmt":"2016-03-09T13:46:00","slug":"call-to-action","status":"publish","type":"page","link":"https:\/\/www.gesmujer.org\/sitio\/elements\/call-to-action\/","title":{"rendered":"Call To Action"},"content":{"rendered":"[vc_row][vc_column][edgtf_call_to_action full_width=&#8221;yes&#8221; content_in_grid=&#8221;yes&#8221; grid_size=&#8221;75&#8243; type=&#8221;normal&#8221; show_button=&#8221;yes&#8221; button_target=&#8221;_self&#8221; button_icon_pack=&#8221;&#8221; button_type=&#8221;outline-light&#8221; button_text=&#8221;View More&#8221; button_link=&#8221;#&#8221; background_color=&#8221;#fcbf48&#8243; box_padding=&#8221;65px 0 63px 0&#8243; button_text_color=&#8221;#ffffff&#8221; button_border_color=&#8221;#ffffff&#8221;]<span style=\"color: #ffffff;\">Innovative Theme for Aid Organisations<\/span>[\/edgtf_call_to_action][\/vc_column][\/vc_row][vc_row][vc_column][edgtf_call_to_action full_width=&#8221;yes&#8221; content_in_grid=&#8221;yes&#8221; grid_size=&#8221;75&#8243; type=&#8221;normal&#8221; show_button=&#8221;yes&#8221; button_target=&#8221;_self&#8221; button_icon_pack=&#8221;&#8221; button_type=&#8221;solid-dark&#8221; button_text=&#8221;View More&#8221; button_link=&#8221;#&#8221; box_padding=&#8221;65px 0 63px 0&#8243; background_color=&#8221;#212121&#8243; button_text_color=&#8221;#212121&#8243;]<span style=\"color: #ffffff;\">An Innovative Theme for Volunteering Organisations<\/span>[\/edgtf_call_to_action][\/vc_column][\/vc_row][vc_row][vc_column][edgtf_call_to_action full_width=&#8221;yes&#8221; content_in_grid=&#8221;yes&#8221; grid_size=&#8221;75&#8243; type=&#8221;normal&#8221; show_button=&#8221;yes&#8221; button_target=&#8221;_self&#8221; button_icon_pack=&#8221;&#8221; button_type=&#8221;solid&#8221; button_text=&#8221;View More&#8221; button_link=&#8221;#&#8221; box_padding=&#8221;65px 0 63px 0&#8243; background_color=&#8221;#ffffff&#8221; button_background_color=&#8221;#ffb422&#8243; button_text_color=&#8221;#ffffff&#8221; button_border_color=&#8221;#ffb422&#8243; button_hover_text_color=&#8221;#ffb422&#8243; button_hover_background_color=&#8221;#212121&#8243; button_hover_border_color=&#8221;#212121&#8243;]A Specialized Theme\u00a0for Volunteerism[\/edgtf_call_to_action][\/vc_column][\/vc_row][vc_row css=&#8221;.vc_custom_1457446551915{background-image: url(https:\/\/barista.edge-themes.com\/wp-content\/uploads\/2016\/03\/call-to-actiona-bg-image-3-1.jpg?id=2089) !important;}&#8221;][vc_column][edgtf_call_to_action full_width=&#8221;yes&#8221; content_in_grid=&#8221;yes&#8221; grid_size=&#8221;75&#8243; type=&#8221;normal&#8221; show_button=&#8221;yes&#8221; button_target=&#8221;_self&#8221; button_icon_pack=&#8221;&#8221; button_type=&#8221;outline-light&#8221; button_text=&#8221;View More&#8221; button_link=&#8221;#&#8221; box_padding=&#8221;65px 0 63px 0&#8243; background_color=&#8221;#f6f4ee&#8221; button_background_color=&#8221;#212121&#8243; button_hover_background_color=&#8221;#ffb422&#8243; button_hover_border_color=&#8221;#ffb422&#8243; button_border_color=&#8221;#212121&#8243; button_text_color=&#8221;#ffffff&#8221; button_hover_text_color=&#8221;#ffffff&#8221;]<span style=\"color: #000000;\">An Attractive Theme for Crowdfunding<\/span>[\/edgtf_call_to_action][\/vc_column][\/vc_row][vc_row][vc_column][edgtf_call_to_action full_width=&#8221;yes&#8221; content_in_grid=&#8221;yes&#8221; grid_size=&#8221;75&#8243; type=&#8221;normal&#8221; show_button=&#8221;yes&#8221; button_target=&#8221;_self&#8221; button_icon_pack=&#8221;&#8221; button_type=&#8221;outline-light&#8221; button_text=&#8221;View More&#8221; button_link=&#8221;#&#8221; background_color=&#8221;#fcbf48&#8243; box_padding=&#8221;65px 0 63px 0&#8243; button_text_color=&#8221;#ffffff&#8221; button_border_color=&#8221;#30271c&#8221; button_background_color=&#8221;#30271c&#8221; button_hover_text_color=&#8221;#30271c&#8221; button_hover_background_color=&#8221;#ffffff&#8221; button_hover_border_color=&#8221;#ffffff&#8221;]<span style=\"color: #212121;\">A Theme for All Types of Aid\u00a0Businesses<\/span>[\/edgtf_call_to_action][\/vc_column][\/vc_row]\n","protected":false},"excerpt":{"rendered":"<p>[vc_row][vc_column][edgtf_call_to_action full_width=&#8221;yes&#8221; content_in_grid=&#8221;yes&#8221; grid_size=&#8221;75&#8243; type=&#8221;normal&#8221; show_button=&#8221;yes&#8221; button_target=&#8221;_self&#8221; button_icon_pack=&#8221;&#8221; button_type=&#8221;outline-light&#8221; button_text=&#8221;View More&#8221; button_link=&#8221;#&#8221; background_color=&#8221;#fcbf48&#8243; box_padding=&#8221;65px 0 63px 0&#8243; button_text_color=&#8221;#ffffff&#8221; button_border_color=&#8221;#ffffff&#8221;]Innovative Theme for Aid Organisations[\/edgtf_call_to_action][\/vc_column][\/vc_row][vc_row][vc_column][edgtf_call_to_action full_width=&#8221;yes&#8221; content_in_grid=&#8221;yes&#8221; grid_size=&#8221;75&#8243; type=&#8221;normal&#8221; show_button=&#8221;yes&#8221; button_target=&#8221;_self&#8221; button_icon_pack=&#8221;&#8221; button_type=&#8221;solid-dark&#8221; button_text=&#8221;View More&#8221; button_link=&#8221;#&#8221; box_padding=&#8221;65px 0 63px 0&#8243; background_color=&#8221;#212121&#8243; button_text_color=&#8221;#212121&#8243;]An Innovative Theme for Volunteering Organisations[\/edgtf_call_to_action][\/vc_column][\/vc_row][vc_row][vc_column][edgtf_call_to_action full_width=&#8221;yes&#8221; content_in_grid=&#8221;yes&#8221; grid_size=&#8221;75&#8243; type=&#8221;normal&#8221; show_button=&#8221;yes&#8221; button_target=&#8221;_self&#8221; button_icon_pack=&#8221;&#8221; button_type=&#8221;solid&#8221; button_text=&#8221;View More&#8221; [&hellip;]<\/p>\n","protected":false},"author":4,"featured_media":0,"parent":13046,"menu_order":0,"comment_status":"closed","ping_status":"closed","template":"full-width.php","meta":{"give_campaign_id":0,"footnotes":""},"class_list":["post-20984","page","type-page","status-publish","hentry"],"yoast_head":"<!-- This site is optimized with the Yoast SEO plugin v27.4 - https:\/\/yoast.com\/product\/yoast-seo-wordpress\/ -->\n<title>Call To Action - GESMujer &quot;Rosario Castellanos&quot;<\/title>\n<meta name=\"robots\" content=\"index, follow, max-snippet:-1, max-image-preview:large, max-video-preview:-1\" \/>\n<link rel=\"canonical\" href=\"https:\/\/www.gesmujer.org\/sitio\/elements\/call-to-action\/\" \/>\n<meta property=\"og:locale\" content=\"es_MX\" \/>\n<meta property=\"og:type\" content=\"article\" \/>\n<meta property=\"og:title\" content=\"Call To Action - GESMujer &quot;Rosario Castellanos&quot;\" \/>\n<meta property=\"og:description\" content=\"[vc_row][vc_column][edgtf_call_to_action full_width=&#8221;yes&#8221; content_in_grid=&#8221;yes&#8221; grid_size=&#8221;75&#8243; type=&#8221;normal&#8221; show_button=&#8221;yes&#8221; button_target=&#8221;_self&#8221; button_icon_pack=&#8221;&#8221; button_type=&#8221;outline-light&#8221; button_text=&#8221;View More&#8221; button_link=&#8221;#&#8221; background_color=&#8221;#fcbf48&#8243; box_padding=&#8221;65px 0 63px 0&#8243; button_text_color=&#8221;#ffffff&#8221; button_border_color=&#8221;#ffffff&#8221;]Innovative Theme for Aid Organisations[\/edgtf_call_to_action][\/vc_column][\/vc_row][vc_row][vc_column][edgtf_call_to_action full_width=&#8221;yes&#8221; content_in_grid=&#8221;yes&#8221; grid_size=&#8221;75&#8243; type=&#8221;normal&#8221; show_button=&#8221;yes&#8221; button_target=&#8221;_self&#8221; button_icon_pack=&#8221;&#8221; button_type=&#8221;solid-dark&#8221; button_text=&#8221;View More&#8221; button_link=&#8221;#&#8221; box_padding=&#8221;65px 0 63px 0&#8243; background_color=&#8221;#212121&#8243; button_text_color=&#8221;#212121&#8243;]An Innovative Theme for Volunteering Organisations[\/edgtf_call_to_action][\/vc_column][\/vc_row][vc_row][vc_column][edgtf_call_to_action full_width=&#8221;yes&#8221; content_in_grid=&#8221;yes&#8221; grid_size=&#8221;75&#8243; type=&#8221;normal&#8221; show_button=&#8221;yes&#8221; button_target=&#8221;_self&#8221; button_icon_pack=&#8221;&#8221; button_type=&#8221;solid&#8221; button_text=&#8221;View More&#8221; [&hellip;]\" \/>\n<meta property=\"og:url\" content=\"https:\/\/www.gesmujer.org\/sitio\/elements\/call-to-action\/\" \/>\n<meta property=\"og:site_name\" content=\"GESMujer &quot;Rosario Castellanos&quot;\" \/>\n<meta property=\"article:publisher\" content=\"https:\/\/www.facebook.com\/gesmujer.rosario.castellanos.ac\" \/>\n<meta property=\"og:image\" content=\"https:\/\/www.gesmujer.org\/sitio\/wp-content\/uploads\/2023\/07\/tecnologia.png\" \/>\n\t<meta property=\"og:image:width\" content=\"1624\" \/>\n\t<meta property=\"og:image:height\" content=\"1242\" \/>\n\t<meta property=\"og:image:type\" content=\"image\/png\" \/>\n<meta name=\"twitter:card\" content=\"summary_large_image\" \/>\n<meta name=\"twitter:site\" content=\"@GES_Mujer\" \/>\n<meta name=\"twitter:label1\" content=\"Tiempo de lectura\" \/>\n\t<meta name=\"twitter:data1\" content=\"2 minutos\" \/>\n<script type=\"application\/ld+json\" class=\"yoast-schema-graph\">{\"@context\":\"https:\\\/\\\/schema.org\",\"@graph\":[{\"@type\":\"WebPage\",\"@id\":\"https:\\\/\\\/www.gesmujer.org\\\/sitio\\\/elements\\\/call-to-action\\\/\",\"url\":\"https:\\\/\\\/www.gesmujer.org\\\/sitio\\\/elements\\\/call-to-action\\\/\",\"name\":\"Call To Action - GESMujer &quot;Rosario Castellanos&quot;\",\"isPartOf\":{\"@id\":\"https:\\\/\\\/www.gesmujer.org\\\/sitio\\\/#website\"},\"datePublished\":\"2016-03-09T13:46:00+00:00\",\"breadcrumb\":{\"@id\":\"https:\\\/\\\/www.gesmujer.org\\\/sitio\\\/elements\\\/call-to-action\\\/#breadcrumb\"},\"inLanguage\":\"es\",\"potentialAction\":[{\"@type\":\"ReadAction\",\"target\":[\"https:\\\/\\\/www.gesmujer.org\\\/sitio\\\/elements\\\/call-to-action\\\/\"]}]},{\"@type\":\"BreadcrumbList\",\"@id\":\"https:\\\/\\\/www.gesmujer.org\\\/sitio\\\/elements\\\/call-to-action\\\/#breadcrumb\",\"itemListElement\":[{\"@type\":\"ListItem\",\"position\":1,\"name\":\"Home\",\"item\":\"https:\\\/\\\/www.gesmujer.org\\\/sitio\\\/\"},{\"@type\":\"ListItem\",\"position\":2,\"name\":\"Elements\",\"item\":\"https:\\\/\\\/www.gesmujer.org\\\/sitio\\\/elements\\\/\"},{\"@type\":\"ListItem\",\"position\":3,\"name\":\"Call To Action\"}]},{\"@type\":\"WebSite\",\"@id\":\"https:\\\/\\\/www.gesmujer.org\\\/sitio\\\/#website\",\"url\":\"https:\\\/\\\/www.gesmujer.org\\\/sitio\\\/\",\"name\":\"GESMujer \\\"Rosario Castellanos\\\"\",\"description\":\"M\u00e1s de 45 a\u00f1os ha llevado a cabo acciones para erradicar la violencia de g\u00e9nero y construir entornos donde las mujeres encuentren su resiliencia, incrementen su agencia y autonom\u00eda que les permita lograr su empoderamiento a trav\u00e9s de cinco l\u00edneas de acci\u00f3n.\",\"publisher\":{\"@id\":\"https:\\\/\\\/www.gesmujer.org\\\/sitio\\\/#organization\"},\"alternateName\":\"GESMujer\",\"potentialAction\":[{\"@type\":\"SearchAction\",\"target\":{\"@type\":\"EntryPoint\",\"urlTemplate\":\"https:\\\/\\\/www.gesmujer.org\\\/sitio\\\/?s={search_term_string}\"},\"query-input\":{\"@type\":\"PropertyValueSpecification\",\"valueRequired\":true,\"valueName\":\"search_term_string\"}}],\"inLanguage\":\"es\"},{\"@type\":\"Organization\",\"@id\":\"https:\\\/\\\/www.gesmujer.org\\\/sitio\\\/#organization\",\"name\":\"Grupo de estudios sobre la mujer Rosario Castellanos ac\",\"alternateName\":\"GESMujer\",\"url\":\"https:\\\/\\\/www.gesmujer.org\\\/sitio\\\/\",\"logo\":{\"@type\":\"ImageObject\",\"inLanguage\":\"es\",\"@id\":\"https:\\\/\\\/www.gesmujer.org\\\/sitio\\\/#\\\/schema\\\/logo\\\/image\\\/\",\"url\":\"https:\\\/\\\/www.gesmujer.org\\\/sitio\\\/wp-content\\\/uploads\\\/2026\\\/03\\\/Logo-GESMujer-300.png\",\"contentUrl\":\"https:\\\/\\\/www.gesmujer.org\\\/sitio\\\/wp-content\\\/uploads\\\/2026\\\/03\\\/Logo-GESMujer-300.png\",\"width\":300,\"height\":141,\"caption\":\"Grupo de estudios sobre la mujer Rosario Castellanos ac\"},\"image\":{\"@id\":\"https:\\\/\\\/www.gesmujer.org\\\/sitio\\\/#\\\/schema\\\/logo\\\/image\\\/\"},\"sameAs\":[\"https:\\\/\\\/www.facebook.com\\\/gesmujer.rosario.castellanos.ac\",\"https:\\\/\\\/x.com\\\/GES_Mujer\",\"https:\\\/\\\/www.instagram.com\\\/ges_mujer\\\/?hl=es\",\"https:\\\/\\\/www.youtube.com\\\/c\\\/GESMujerRosarioCastellanos\\\/videos\",\"https:\\\/\\\/soundcloud.com\\\/gesmujerac\",\"https:\\\/\\\/www.tiktok.com\\\/@gesmujer\"]}]}<\/script>\n<!-- \/ Yoast SEO plugin. -->","yoast_head_json":{"title":"Call To Action - GESMujer &quot;Rosario Castellanos&quot;","robots":{"index":"index","follow":"follow","max-snippet":"max-snippet:-1","max-image-preview":"max-image-preview:large","max-video-preview":"max-video-preview:-1"},"canonical":"https:\/\/www.gesmujer.org\/sitio\/elements\/call-to-action\/","og_locale":"es_MX","og_type":"article","og_title":"Call To Action - GESMujer &quot;Rosario Castellanos&quot;","og_description":"[vc_row][vc_column][edgtf_call_to_action full_width=&#8221;yes&#8221; content_in_grid=&#8221;yes&#8221; grid_size=&#8221;75&#8243; type=&#8221;normal&#8221; show_button=&#8221;yes&#8221; button_target=&#8221;_self&#8221; button_icon_pack=&#8221;&#8221; button_type=&#8221;outline-light&#8221; button_text=&#8221;View More&#8221; button_link=&#8221;#&#8221; background_color=&#8221;#fcbf48&#8243; box_padding=&#8221;65px 0 63px 0&#8243; button_text_color=&#8221;#ffffff&#8221; button_border_color=&#8221;#ffffff&#8221;]Innovative Theme for Aid Organisations[\/edgtf_call_to_action][\/vc_column][\/vc_row][vc_row][vc_column][edgtf_call_to_action full_width=&#8221;yes&#8221; content_in_grid=&#8221;yes&#8221; grid_size=&#8221;75&#8243; type=&#8221;normal&#8221; show_button=&#8221;yes&#8221; button_target=&#8221;_self&#8221; button_icon_pack=&#8221;&#8221; button_type=&#8221;solid-dark&#8221; button_text=&#8221;View More&#8221; button_link=&#8221;#&#8221; box_padding=&#8221;65px 0 63px 0&#8243; background_color=&#8221;#212121&#8243; button_text_color=&#8221;#212121&#8243;]An Innovative Theme for Volunteering Organisations[\/edgtf_call_to_action][\/vc_column][\/vc_row][vc_row][vc_column][edgtf_call_to_action full_width=&#8221;yes&#8221; content_in_grid=&#8221;yes&#8221; grid_size=&#8221;75&#8243; type=&#8221;normal&#8221; show_button=&#8221;yes&#8221; button_target=&#8221;_self&#8221; button_icon_pack=&#8221;&#8221; button_type=&#8221;solid&#8221; button_text=&#8221;View More&#8221; [&hellip;]","og_url":"https:\/\/www.gesmujer.org\/sitio\/elements\/call-to-action\/","og_site_name":"GESMujer &quot;Rosario Castellanos&quot;","article_publisher":"https:\/\/www.facebook.com\/gesmujer.rosario.castellanos.ac","og_image":[{"width":1624,"height":1242,"url":"https:\/\/www.gesmujer.org\/sitio\/wp-content\/uploads\/2023\/07\/tecnologia.png","type":"image\/png"}],"twitter_card":"summary_large_image","twitter_site":"@GES_Mujer","twitter_misc":{"Tiempo de lectura":"2 minutos"},"schema":{"@context":"https:\/\/schema.org","@graph":[{"@type":"WebPage","@id":"https:\/\/www.gesmujer.org\/sitio\/elements\/call-to-action\/","url":"https:\/\/www.gesmujer.org\/sitio\/elements\/call-to-action\/","name":"Call To Action - GESMujer &quot;Rosario Castellanos&quot;","isPartOf":{"@id":"https:\/\/www.gesmujer.org\/sitio\/#website"},"datePublished":"2016-03-09T13:46:00+00:00","breadcrumb":{"@id":"https:\/\/www.gesmujer.org\/sitio\/elements\/call-to-action\/#breadcrumb"},"inLanguage":"es","potentialAction":[{"@type":"ReadAction","target":["https:\/\/www.gesmujer.org\/sitio\/elements\/call-to-action\/"]}]},{"@type":"BreadcrumbList","@id":"https:\/\/www.gesmujer.org\/sitio\/elements\/call-to-action\/#breadcrumb","itemListElement":[{"@type":"ListItem","position":1,"name":"Home","item":"https:\/\/www.gesmujer.org\/sitio\/"},{"@type":"ListItem","position":2,"name":"Elements","item":"https:\/\/www.gesmujer.org\/sitio\/elements\/"},{"@type":"ListItem","position":3,"name":"Call To Action"}]},{"@type":"WebSite","@id":"https:\/\/www.gesmujer.org\/sitio\/#website","url":"https:\/\/www.gesmujer.org\/sitio\/","name":"GESMujer \"Rosario Castellanos\"","description":"M\u00e1s de 45 a\u00f1os ha llevado a cabo acciones para erradicar la violencia de g\u00e9nero y construir entornos donde las mujeres encuentren su resiliencia, incrementen su agencia y autonom\u00eda que les permita lograr su empoderamiento a trav\u00e9s de cinco l\u00edneas de acci\u00f3n.","publisher":{"@id":"https:\/\/www.gesmujer.org\/sitio\/#organization"},"alternateName":"GESMujer","potentialAction":[{"@type":"SearchAction","target":{"@type":"EntryPoint","urlTemplate":"https:\/\/www.gesmujer.org\/sitio\/?s={search_term_string}"},"query-input":{"@type":"PropertyValueSpecification","valueRequired":true,"valueName":"search_term_string"}}],"inLanguage":"es"},{"@type":"Organization","@id":"https:\/\/www.gesmujer.org\/sitio\/#organization","name":"Grupo de estudios sobre la mujer Rosario Castellanos ac","alternateName":"GESMujer","url":"https:\/\/www.gesmujer.org\/sitio\/","logo":{"@type":"ImageObject","inLanguage":"es","@id":"https:\/\/www.gesmujer.org\/sitio\/#\/schema\/logo\/image\/","url":"https:\/\/www.gesmujer.org\/sitio\/wp-content\/uploads\/2026\/03\/Logo-GESMujer-300.png","contentUrl":"https:\/\/www.gesmujer.org\/sitio\/wp-content\/uploads\/2026\/03\/Logo-GESMujer-300.png","width":300,"height":141,"caption":"Grupo de estudios sobre la mujer Rosario Castellanos ac"},"image":{"@id":"https:\/\/www.gesmujer.org\/sitio\/#\/schema\/logo\/image\/"},"sameAs":["https:\/\/www.facebook.com\/gesmujer.rosario.castellanos.ac","https:\/\/x.com\/GES_Mujer","https:\/\/www.instagram.com\/ges_mujer\/?hl=es","https:\/\/www.youtube.com\/c\/GESMujerRosarioCastellanos\/videos","https:\/\/soundcloud.com\/gesmujerac","https:\/\/www.tiktok.com\/@gesmujer"]}]}},"campaignId":"","_links":{"self":[{"href":"https:\/\/www.gesmujer.org\/sitio\/wp-json\/wp\/v2\/pages\/20984","targetHints":{"allow":["GET"]}}],"collection":[{"href":"https:\/\/www.gesmujer.org\/sitio\/wp-json\/wp\/v2\/pages"}],"about":[{"href":"https:\/\/www.gesmujer.org\/sitio\/wp-json\/wp\/v2\/types\/page"}],"author":[{"embeddable":true,"href":"https:\/\/www.gesmujer.org\/sitio\/wp-json\/wp\/v2\/users\/4"}],"replies":[{"embeddable":true,"href":"https:\/\/www.gesmujer.org\/sitio\/wp-json\/wp\/v2\/comments?post=20984"}],"version-history":[{"count":0,"href":"https:\/\/www.gesmujer.org\/sitio\/wp-json\/wp\/v2\/pages\/20984\/revisions"}],"up":[{"embeddable":true,"href":"https:\/\/www.gesmujer.org\/sitio\/wp-json\/wp\/v2\/pages\/13046"}],"wp:attachment":[{"href":"https:\/\/www.gesmujer.org\/sitio\/wp-json\/wp\/v2\/media?parent=20984"}],"curies":[{"name":"wp","href":"https:\/\/api.w.org\/{rel}","templated":true}]}}