{"id":2116,"date":"2016-03-08T14:51:24","date_gmt":"2016-03-08T14:51:24","guid":{"rendered":"http:\/\/barista.edge-themes.com\/?page_id=2116"},"modified":"2016-03-08T14:51:24","modified_gmt":"2016-03-08T14:51:24","slug":"icon-with-text","status":"publish","type":"page","link":"https:\/\/www.gesmujer.org\/sitio\/elements\/icon-with-text\/","title":{"rendered":"Icon With Text"},"content":{"rendered":"[vc_row content_width=&#8221;grid&#8221; content_aligment=&#8221;center&#8221; css=&#8221;.vc_custom_1481554324195{padding-top: 120px !important;padding-bottom: 70px !important;}&#8221;][vc_column offset=&#8221;vc_col-lg-4 vc_col-md-4 vc_col-xs-12&#8243; css=&#8221;.vc_custom_1491224696247{padding-right: 8% !important;padding-left: 8% !important;}&#8221;][edgtf_icon_with_text icon_pack=&#8221;font_awesome&#8221; fa_icon=&#8221;&#8221; custom_icon_circle=&#8221;no&#8221; icon_position=&#8221;top&#8221; icon_type=&#8221;normal&#8221; icon_size=&#8221;edgtf-icon-medium&#8221; icon_animation=&#8221;&#8221; title=&#8221;People needs&#8221; link=&#8221;#&#8221; target=&#8221;_self&#8221; text=&#8221;Alienum phaedrum torquatos nec eu, vis detraxit periculis ex, nihil expetendis in mei an pericula.&#8221; custom_icon=&#8221;13870&#8243; hover_custom_icon=&#8221;13871&#8243;][vc_empty_space height=&#8221;40px&#8221;][\/vc_column][vc_column offset=&#8221;vc_col-lg-4 vc_col-md-4 vc_col-xs-12&#8243; css=&#8221;.vc_custom_1491224714226{padding-right: 8% !important;padding-left: 8% !important;}&#8221;][edgtf_icon_with_text icon_pack=&#8221;font_awesome&#8221; fa_icon=&#8221;&#8221; custom_icon_circle=&#8221;no&#8221; icon_position=&#8221;top&#8221; icon_type=&#8221;normal&#8221; icon_size=&#8221;edgtf-icon-tiny&#8221; icon_animation=&#8221;&#8221; title=&#8221;Medical help&#8221; link=&#8221;#&#8221; target=&#8221;_self&#8221; text=&#8221;Alienum phaedrum torquatos nec eu, vis detraxit periculis ex, nihil expetendis in mei. Mei an pericula&#8221; icon_hover_color=&#8221;#ffc000&#8243; custom_icon=&#8221;13904&#8243; hover_custom_icon=&#8221;13905&#8243;][vc_empty_space height=&#8221;40px&#8221;][\/vc_column][vc_column offset=&#8221;vc_col-lg-4 vc_col-md-4 vc_col-xs-12&#8243; css=&#8221;.vc_custom_1491224730562{padding-right: 8% !important;padding-left: 8% !important;}&#8221;][edgtf_icon_with_text icon_pack=&#8221;font_awesome&#8221; fa_icon=&#8221;&#8221; custom_icon_circle=&#8221;no&#8221; icon_position=&#8221;top&#8221; icon_type=&#8221;normal&#8221; icon_size=&#8221;edgtf-icon-tiny&#8221; icon_animation=&#8221;&#8221; title=&#8221;Family program &#8221; link=&#8221;#&#8221; target=&#8221;_self&#8221; text=&#8221;Alienum phaedrum torquatos nec eu, vis detraxit periculis ex, nihil expetendis in mei. Mei an pericula&#8221; icon_hover_color=&#8221;#ffc000&#8243; custom_icon=&#8221;13918&#8243; hover_custom_icon=&#8221;13919&#8243;][vc_empty_space height=&#8221;40px&#8221;][\/vc_column][\/vc_row][vc_row content_width=&#8221;grid&#8221; content_aligment=&#8221;center&#8221; css=&#8221;.vc_custom_1491386968179{padding-top: 120px !important;padding-bottom: 72px !important;background-color: #f6f4ee !important;}&#8221;][vc_column offset=&#8221;vc_col-lg-4 vc_col-md-4 vc_col-xs-12&#8243;][edgtf_icon_with_text icon_pack=&#8221;font_awesome&#8221; fa_icon=&#8221;&#8221; custom_icon_circle=&#8221;no&#8221; icon_position=&#8221;top&#8221; icon_type=&#8221;normal&#8221; icon_size=&#8221;edgtf-icon-tiny&#8221; icon_animation=&#8221;&#8221; title=&#8221;Assistive technology&#8221; link=&#8221;#&#8221; target=&#8221;_self&#8221; custom_icon=&#8221;13922&#8243; title_color=&#8221;#212121&#8243; text=&#8221;Alienum phaedrum torquatos nec eu, vis detraxit periculis ex, nihil expetendis in mei. Mei an pericula.&#8221; text_color=&#8221;#212121&#8243; hover_custom_icon=&#8221;13923&#8243;][vc_empty_space height=&#8221;40px&#8221;][\/vc_column][vc_column offset=&#8221;vc_col-lg-4 vc_col-md-4 vc_col-xs-12&#8243;][edgtf_icon_with_text icon_pack=&#8221;font_awesome&#8221; fa_icon=&#8221;&#8221; custom_icon_circle=&#8221;no&#8221; icon_position=&#8221;top&#8221; icon_type=&#8221;normal&#8221; icon_size=&#8221;edgtf-icon-tiny&#8221; icon_animation=&#8221;&#8221; title=&#8221;Prevention &#8221; link=&#8221;#&#8221; target=&#8221;_self&#8221; custom_icon=&#8221;13924&#8243; title_color=&#8221;#212121&#8243; text=&#8221;Alienum phaedrum torquatos nec eu, vis detraxit periculis ex, nihil expetendis in mei. Mei an pericula.&#8221; text_color=&#8221;#212121&#8243; hover_custom_icon=&#8221;13925&#8243;][vc_empty_space height=&#8221;40px&#8221;][\/vc_column][vc_column offset=&#8221;vc_col-lg-4 vc_col-md-4 vc_col-xs-12&#8243;][edgtf_icon_with_text icon_pack=&#8221;font_awesome&#8221; fa_icon=&#8221;&#8221; custom_icon_circle=&#8221;no&#8221; icon_position=&#8221;top&#8221; icon_type=&#8221;normal&#8221; icon_size=&#8221;edgtf-icon-tiny&#8221; icon_animation=&#8221;&#8221; title=&#8221;Food &amp; water&#8221; link=&#8221;#&#8221; target=&#8221;_self&#8221; custom_icon=&#8221;13926&#8243; title_color=&#8221;#212121&#8243; text=&#8221;Alienum phaedrum torquatos nec eu, vis detraxit periculis ex, nihil expetendis in mei. Mei an pericula.&#8221; text_color=&#8221;#212121&#8243; hover_custom_icon=&#8221;13927&#8243;][vc_empty_space height=&#8221;40px&#8221;][\/vc_column][\/vc_row][vc_row content_width=&#8221;grid&#8221; css=&#8221;.vc_custom_1485441944722{padding-top: 116px !important;padding-bottom: 37px !important;}&#8221;][vc_column][vc_row_inner][vc_column_inner css=&#8221;.vc_custom_1485439191715{padding-right: 60px !important;padding-left: 60px !important;}&#8221; offset=&#8221;vc_col-lg-offset-0 vc_col-lg-4 vc_col-md-offset-1 vc_col-md-10 vc_col-sm-offset-0 vc_col-xs-12&#8243;][edgtf_icon_with_text icon_pack=&#8221;font_awesome&#8221; fa_icon=&#8221;&#8221; custom_icon_circle=&#8221;no&#8221; icon_position=&#8221;left&#8221; icon_type=&#8221;normal&#8221; icon_size=&#8221;edgtf-icon-small&#8221; icon_animation=&#8221;&#8221; title=&#8221;Kids care&#8221; link=&#8221;#&#8221; target=&#8221;_self&#8221; text=&#8221;Alienum phaedrum torquatos nec eu, vis detraxit periculis ex, nihil expetendis in mei. Mei an pericula &#8221; text_left_padding=&#8221;75&#8243; custom_icon=&#8221;13919&#8243; hover_custom_icon=&#8221;13918&#8243;][vc_empty_space height=&#8221;75px&#8221;][edgtf_icon_with_text icon_pack=&#8221;linea_icons&#8221; linea_icon=&#8221;icon-basic-spread-text-bookmark&#8221; custom_icon_circle=&#8221;no&#8221; icon_position=&#8221;left&#8221; icon_type=&#8221;normal&#8221; icon_size=&#8221;edgtf-icon-small&#8221; icon_animation=&#8221;&#8221; icon_margin=&#8221;-11px 0px 0px 0px&#8221; title=&#8221;Provide &amp; share&#8221; link=&#8221;#&#8221; target=&#8221;_self&#8221; text=&#8221;Alienum phaedrum torquatos nec eu, vis detraxit periculis ex, nihil expetendis in mei. Mei an pericula &#8221; icon_color=&#8221;#c7a17a&#8221; text_left_padding=&#8221;75&#8243; custom_icon=&#8221;13927&#8243; hover_custom_icon=&#8221;13926&#8243;][vc_empty_space height=&#8221;75px&#8221;][\/vc_column_inner][vc_column_inner css=&#8221;.vc_custom_1485439427852{padding-right: 60px !important;padding-left: 60px !important;}&#8221; offset=&#8221;vc_col-lg-offset-0 vc_col-lg-4 vc_col-md-offset-1 vc_col-md-10 vc_col-sm-offset-0 vc_col-xs-12&#8243;][edgtf_icon_with_text icon_pack=&#8221;font_awesome&#8221; fa_icon=&#8221;&#8221; custom_icon_circle=&#8221;no&#8221; icon_position=&#8221;left&#8221; icon_type=&#8221;normal&#8221; icon_size=&#8221;edgtf-icon-medium&#8221; icon_animation=&#8221;&#8221; icon_margin=&#8221;-11px 0px 0px 0px&#8221; title=&#8221;Social relationships&#8221; link=&#8221;#&#8221; target=&#8221;_self&#8221; text=&#8221;Alienum phaedrum torquatos nec eu, vis detraxit periculis ex, nihil expetendis in mei. Mei an pericula &#8221; icon_color=&#8221;#c7a17a&#8221; text_left_padding=&#8221;75&#8243; custom_icon=&#8221;13923&#8243; hover_custom_icon=&#8221;13922&#8243;][vc_empty_space height=&#8221;75px&#8221;][edgtf_icon_with_text icon_pack=&#8221;font_awesome&#8221; fa_icon=&#8221;&#8221; custom_icon_circle=&#8221;no&#8221; icon_position=&#8221;left&#8221; icon_type=&#8221;normal&#8221; icon_size=&#8221;edgtf-icon-medium&#8221; icon_animation=&#8221;&#8221; icon_margin=&#8221;-11px 0px 0px 0px&#8221; title=&#8221;One world&#8221; link=&#8221;#&#8221; target=&#8221;_self&#8221; text=&#8221;Alienum phaedrum torquatos nec eu, vis detraxit periculis ex, nihil expetendis in mei. Mei an pericula &#8221; icon_color=&#8221;#c7a17a&#8221; text_left_padding=&#8221;75&#8243; custom_icon=&#8221;13871&#8243; hover_custom_icon=&#8221;13870&#8243;][vc_empty_space height=&#8221;75px&#8221;][\/vc_column_inner][vc_column_inner css=&#8221;.vc_custom_1485439470324{padding-right: 60px !important;padding-left: 60px !important;}&#8221; offset=&#8221;vc_col-lg-offset-0 vc_col-lg-4 vc_col-md-offset-1 vc_col-md-10 vc_col-sm-offset-0 vc_col-xs-12&#8243;][edgtf_icon_with_text icon_pack=&#8221;linea_icons&#8221; linea_icon=&#8221;icon-music-microphone&#8221; custom_icon_circle=&#8221;no&#8221; icon_position=&#8221;left&#8221; icon_type=&#8221;normal&#8221; icon_size=&#8221;edgtf-icon-medium&#8221; icon_animation=&#8221;&#8221; title=&#8221;Visibility and help&#8221; link=&#8221;#&#8221; target=&#8221;_self&#8221; text=&#8221;Alienum phaedrum torquatos nec eu, vis detraxit periculis ex, nihil expetendis in mei. Mei an pericula &#8221; icon_color=&#8221;#c7a17a&#8221; text_left_padding=&#8221;75&#8243; custom_icon=&#8221;13925&#8243; hover_custom_icon=&#8221;13924&#8243;][vc_empty_space height=&#8221;75px&#8221;][edgtf_icon_with_text icon_pack=&#8221;linea_icons&#8221; linea_icon=&#8221;icon-ecommerce-bag&#8221; custom_icon_circle=&#8221;no&#8221; icon_position=&#8221;left&#8221; icon_type=&#8221;normal&#8221; icon_size=&#8221;edgtf-icon-medium&#8221; icon_animation=&#8221;&#8221; icon_margin=&#8221;-11px 0px 0px 0px&#8221; title=&#8221;Live free&#8221; link=&#8221;#&#8221; target=&#8221;_self&#8221; text=&#8221;Alienum phaedrum torquatos nec eu, vis detraxit periculis ex, nihil expetendis in mei. Mei an pericula &#8221; icon_color=&#8221;#c7a17a&#8221; text_left_padding=&#8221;75&#8243; custom_icon=&#8221;13905&#8243; hover_custom_icon=&#8221;13904&#8243;][vc_empty_space height=&#8221;75px&#8221;][\/vc_column_inner][\/vc_row_inner][\/vc_column][\/vc_row]\n","protected":false},"excerpt":{"rendered":"<p>[vc_row content_width=&#8221;grid&#8221; content_aligment=&#8221;center&#8221; css=&#8221;.vc_custom_1481554324195{padding-top: 120px !important;padding-bottom: 70px !important;}&#8221;][vc_column offset=&#8221;vc_col-lg-4 vc_col-md-4 vc_col-xs-12&#8243; css=&#8221;.vc_custom_1491224696247{padding-right: 8% !important;padding-left: 8% !important;}&#8221;][edgtf_icon_with_text icon_pack=&#8221;font_awesome&#8221; fa_icon=&#8221;&#8221; custom_icon_circle=&#8221;no&#8221; icon_position=&#8221;top&#8221; icon_type=&#8221;normal&#8221; icon_size=&#8221;edgtf-icon-medium&#8221; icon_animation=&#8221;&#8221; title=&#8221;People needs&#8221; link=&#8221;#&#8221; target=&#8221;_self&#8221; text=&#8221;Alienum phaedrum torquatos nec eu, vis detraxit periculis ex, nihil expetendis in mei an pericula.&#8221; custom_icon=&#8221;13870&#8243; hover_custom_icon=&#8221;13871&#8243;][vc_empty_space height=&#8221;40px&#8221;][\/vc_column][vc_column offset=&#8221;vc_col-lg-4 vc_col-md-4 vc_col-xs-12&#8243; css=&#8221;.vc_custom_1491224714226{padding-right: 8% !important;padding-left: 8% !important;}&#8221;][edgtf_icon_with_text icon_pack=&#8221;font_awesome&#8221; fa_icon=&#8221;&#8221; [&hellip;]<\/p>\n","protected":false},"author":4,"featured_media":0,"parent":13046,"menu_order":0,"comment_status":"closed","ping_status":"closed","template":"full-width.php","meta":{"give_campaign_id":0,"footnotes":""},"class_list":["post-2116","page","type-page","status-publish","hentry"],"yoast_head":"<!-- This site is optimized with the Yoast SEO plugin v27.4 - https:\/\/yoast.com\/product\/yoast-seo-wordpress\/ -->\n<title>Icon With Text - GESMujer &quot;Rosario Castellanos&quot;<\/title>\n<meta name=\"robots\" content=\"index, follow, max-snippet:-1, max-image-preview:large, max-video-preview:-1\" \/>\n<link rel=\"canonical\" href=\"https:\/\/www.gesmujer.org\/sitio\/elements\/icon-with-text\/\" \/>\n<meta property=\"og:locale\" content=\"es_MX\" \/>\n<meta property=\"og:type\" content=\"article\" \/>\n<meta property=\"og:title\" content=\"Icon With Text - GESMujer &quot;Rosario Castellanos&quot;\" \/>\n<meta property=\"og:description\" content=\"[vc_row content_width=&#8221;grid&#8221; content_aligment=&#8221;center&#8221; css=&#8221;.vc_custom_1481554324195{padding-top: 120px !important;padding-bottom: 70px !important;}&#8221;][vc_column offset=&#8221;vc_col-lg-4 vc_col-md-4 vc_col-xs-12&#8243; css=&#8221;.vc_custom_1491224696247{padding-right: 8% !important;padding-left: 8% !important;}&#8221;][edgtf_icon_with_text icon_pack=&#8221;font_awesome&#8221; fa_icon=&#8221;&#8221; custom_icon_circle=&#8221;no&#8221; icon_position=&#8221;top&#8221; icon_type=&#8221;normal&#8221; icon_size=&#8221;edgtf-icon-medium&#8221; icon_animation=&#8221;&#8221; title=&#8221;People needs&#8221; link=&#8221;#&#8221; target=&#8221;_self&#8221; text=&#8221;Alienum phaedrum torquatos nec eu, vis detraxit periculis ex, nihil expetendis in mei an pericula.&#8221; custom_icon=&#8221;13870&#8243; hover_custom_icon=&#8221;13871&#8243;][vc_empty_space height=&#8221;40px&#8221;][\/vc_column][vc_column offset=&#8221;vc_col-lg-4 vc_col-md-4 vc_col-xs-12&#8243; css=&#8221;.vc_custom_1491224714226{padding-right: 8% !important;padding-left: 8% !important;}&#8221;][edgtf_icon_with_text icon_pack=&#8221;font_awesome&#8221; fa_icon=&#8221;&#8221; [&hellip;]\" \/>\n<meta property=\"og:url\" content=\"https:\/\/www.gesmujer.org\/sitio\/elements\/icon-with-text\/\" \/>\n<meta property=\"og:site_name\" content=\"GESMujer &quot;Rosario Castellanos&quot;\" \/>\n<meta property=\"article:publisher\" content=\"https:\/\/www.facebook.com\/gesmujer.rosario.castellanos.ac\" \/>\n<meta property=\"og:image\" content=\"https:\/\/www.gesmujer.org\/sitio\/wp-content\/uploads\/2023\/07\/tecnologia.png\" \/>\n\t<meta property=\"og:image:width\" content=\"1624\" \/>\n\t<meta property=\"og:image:height\" content=\"1242\" \/>\n\t<meta property=\"og:image:type\" content=\"image\/png\" \/>\n<meta name=\"twitter:card\" content=\"summary_large_image\" \/>\n<meta name=\"twitter:site\" content=\"@GES_Mujer\" \/>\n<meta name=\"twitter:label1\" content=\"Tiempo de lectura\" \/>\n\t<meta name=\"twitter:data1\" content=\"5 minutos\" \/>\n<script type=\"application\/ld+json\" class=\"yoast-schema-graph\">{\"@context\":\"https:\\\/\\\/schema.org\",\"@graph\":[{\"@type\":\"WebPage\",\"@id\":\"https:\\\/\\\/www.gesmujer.org\\\/sitio\\\/elements\\\/icon-with-text\\\/\",\"url\":\"https:\\\/\\\/www.gesmujer.org\\\/sitio\\\/elements\\\/icon-with-text\\\/\",\"name\":\"Icon With Text - GESMujer &quot;Rosario Castellanos&quot;\",\"isPartOf\":{\"@id\":\"https:\\\/\\\/www.gesmujer.org\\\/sitio\\\/#website\"},\"datePublished\":\"2016-03-08T14:51:24+00:00\",\"breadcrumb\":{\"@id\":\"https:\\\/\\\/www.gesmujer.org\\\/sitio\\\/elements\\\/icon-with-text\\\/#breadcrumb\"},\"inLanguage\":\"es\",\"potentialAction\":[{\"@type\":\"ReadAction\",\"target\":[\"https:\\\/\\\/www.gesmujer.org\\\/sitio\\\/elements\\\/icon-with-text\\\/\"]}]},{\"@type\":\"BreadcrumbList\",\"@id\":\"https:\\\/\\\/www.gesmujer.org\\\/sitio\\\/elements\\\/icon-with-text\\\/#breadcrumb\",\"itemListElement\":[{\"@type\":\"ListItem\",\"position\":1,\"name\":\"Home\",\"item\":\"https:\\\/\\\/www.gesmujer.org\\\/sitio\\\/\"},{\"@type\":\"ListItem\",\"position\":2,\"name\":\"Elements\",\"item\":\"https:\\\/\\\/www.gesmujer.org\\\/sitio\\\/elements\\\/\"},{\"@type\":\"ListItem\",\"position\":3,\"name\":\"Icon With Text\"}]},{\"@type\":\"WebSite\",\"@id\":\"https:\\\/\\\/www.gesmujer.org\\\/sitio\\\/#website\",\"url\":\"https:\\\/\\\/www.gesmujer.org\\\/sitio\\\/\",\"name\":\"GESMujer \\\"Rosario Castellanos\\\"\",\"description\":\"M\u00e1s de 45 a\u00f1os ha llevado a cabo acciones para erradicar la violencia de g\u00e9nero y construir entornos donde las mujeres encuentren su resiliencia, incrementen su agencia y autonom\u00eda que les permita lograr su empoderamiento a trav\u00e9s de cinco l\u00edneas de acci\u00f3n.\",\"publisher\":{\"@id\":\"https:\\\/\\\/www.gesmujer.org\\\/sitio\\\/#organization\"},\"alternateName\":\"GESMujer\",\"potentialAction\":[{\"@type\":\"SearchAction\",\"target\":{\"@type\":\"EntryPoint\",\"urlTemplate\":\"https:\\\/\\\/www.gesmujer.org\\\/sitio\\\/?s={search_term_string}\"},\"query-input\":{\"@type\":\"PropertyValueSpecification\",\"valueRequired\":true,\"valueName\":\"search_term_string\"}}],\"inLanguage\":\"es\"},{\"@type\":\"Organization\",\"@id\":\"https:\\\/\\\/www.gesmujer.org\\\/sitio\\\/#organization\",\"name\":\"Grupo de estudios sobre la mujer Rosario Castellanos ac\",\"alternateName\":\"GESMujer\",\"url\":\"https:\\\/\\\/www.gesmujer.org\\\/sitio\\\/\",\"logo\":{\"@type\":\"ImageObject\",\"inLanguage\":\"es\",\"@id\":\"https:\\\/\\\/www.gesmujer.org\\\/sitio\\\/#\\\/schema\\\/logo\\\/image\\\/\",\"url\":\"https:\\\/\\\/www.gesmujer.org\\\/sitio\\\/wp-content\\\/uploads\\\/2026\\\/03\\\/Logo-GESMujer-300.png\",\"contentUrl\":\"https:\\\/\\\/www.gesmujer.org\\\/sitio\\\/wp-content\\\/uploads\\\/2026\\\/03\\\/Logo-GESMujer-300.png\",\"width\":300,\"height\":141,\"caption\":\"Grupo de estudios sobre la mujer Rosario Castellanos ac\"},\"image\":{\"@id\":\"https:\\\/\\\/www.gesmujer.org\\\/sitio\\\/#\\\/schema\\\/logo\\\/image\\\/\"},\"sameAs\":[\"https:\\\/\\\/www.facebook.com\\\/gesmujer.rosario.castellanos.ac\",\"https:\\\/\\\/x.com\\\/GES_Mujer\",\"https:\\\/\\\/www.instagram.com\\\/ges_mujer\\\/?hl=es\",\"https:\\\/\\\/www.youtube.com\\\/c\\\/GESMujerRosarioCastellanos\\\/videos\",\"https:\\\/\\\/soundcloud.com\\\/gesmujerac\",\"https:\\\/\\\/www.tiktok.com\\\/@gesmujer\"]}]}<\/script>\n<!-- \/ Yoast SEO plugin. -->","yoast_head_json":{"title":"Icon With Text - GESMujer &quot;Rosario Castellanos&quot;","robots":{"index":"index","follow":"follow","max-snippet":"max-snippet:-1","max-image-preview":"max-image-preview:large","max-video-preview":"max-video-preview:-1"},"canonical":"https:\/\/www.gesmujer.org\/sitio\/elements\/icon-with-text\/","og_locale":"es_MX","og_type":"article","og_title":"Icon With Text - GESMujer &quot;Rosario Castellanos&quot;","og_description":"[vc_row content_width=&#8221;grid&#8221; content_aligment=&#8221;center&#8221; css=&#8221;.vc_custom_1481554324195{padding-top: 120px !important;padding-bottom: 70px !important;}&#8221;][vc_column offset=&#8221;vc_col-lg-4 vc_col-md-4 vc_col-xs-12&#8243; css=&#8221;.vc_custom_1491224696247{padding-right: 8% !important;padding-left: 8% !important;}&#8221;][edgtf_icon_with_text icon_pack=&#8221;font_awesome&#8221; fa_icon=&#8221;&#8221; custom_icon_circle=&#8221;no&#8221; icon_position=&#8221;top&#8221; icon_type=&#8221;normal&#8221; icon_size=&#8221;edgtf-icon-medium&#8221; icon_animation=&#8221;&#8221; title=&#8221;People needs&#8221; link=&#8221;#&#8221; target=&#8221;_self&#8221; text=&#8221;Alienum phaedrum torquatos nec eu, vis detraxit periculis ex, nihil expetendis in mei an pericula.&#8221; custom_icon=&#8221;13870&#8243; hover_custom_icon=&#8221;13871&#8243;][vc_empty_space height=&#8221;40px&#8221;][\/vc_column][vc_column offset=&#8221;vc_col-lg-4 vc_col-md-4 vc_col-xs-12&#8243; css=&#8221;.vc_custom_1491224714226{padding-right: 8% !important;padding-left: 8% !important;}&#8221;][edgtf_icon_with_text icon_pack=&#8221;font_awesome&#8221; fa_icon=&#8221;&#8221; [&hellip;]","og_url":"https:\/\/www.gesmujer.org\/sitio\/elements\/icon-with-text\/","og_site_name":"GESMujer &quot;Rosario Castellanos&quot;","article_publisher":"https:\/\/www.facebook.com\/gesmujer.rosario.castellanos.ac","og_image":[{"width":1624,"height":1242,"url":"https:\/\/www.gesmujer.org\/sitio\/wp-content\/uploads\/2023\/07\/tecnologia.png","type":"image\/png"}],"twitter_card":"summary_large_image","twitter_site":"@GES_Mujer","twitter_misc":{"Tiempo de lectura":"5 minutos"},"schema":{"@context":"https:\/\/schema.org","@graph":[{"@type":"WebPage","@id":"https:\/\/www.gesmujer.org\/sitio\/elements\/icon-with-text\/","url":"https:\/\/www.gesmujer.org\/sitio\/elements\/icon-with-text\/","name":"Icon With Text - GESMujer &quot;Rosario Castellanos&quot;","isPartOf":{"@id":"https:\/\/www.gesmujer.org\/sitio\/#website"},"datePublished":"2016-03-08T14:51:24+00:00","breadcrumb":{"@id":"https:\/\/www.gesmujer.org\/sitio\/elements\/icon-with-text\/#breadcrumb"},"inLanguage":"es","potentialAction":[{"@type":"ReadAction","target":["https:\/\/www.gesmujer.org\/sitio\/elements\/icon-with-text\/"]}]},{"@type":"BreadcrumbList","@id":"https:\/\/www.gesmujer.org\/sitio\/elements\/icon-with-text\/#breadcrumb","itemListElement":[{"@type":"ListItem","position":1,"name":"Home","item":"https:\/\/www.gesmujer.org\/sitio\/"},{"@type":"ListItem","position":2,"name":"Elements","item":"https:\/\/www.gesmujer.org\/sitio\/elements\/"},{"@type":"ListItem","position":3,"name":"Icon With Text"}]},{"@type":"WebSite","@id":"https:\/\/www.gesmujer.org\/sitio\/#website","url":"https:\/\/www.gesmujer.org\/sitio\/","name":"GESMujer \"Rosario Castellanos\"","description":"M\u00e1s de 45 a\u00f1os ha llevado a cabo acciones para erradicar la violencia de g\u00e9nero y construir entornos donde las mujeres encuentren su resiliencia, incrementen su agencia y autonom\u00eda que les permita lograr su empoderamiento a trav\u00e9s de cinco l\u00edneas de acci\u00f3n.","publisher":{"@id":"https:\/\/www.gesmujer.org\/sitio\/#organization"},"alternateName":"GESMujer","potentialAction":[{"@type":"SearchAction","target":{"@type":"EntryPoint","urlTemplate":"https:\/\/www.gesmujer.org\/sitio\/?s={search_term_string}"},"query-input":{"@type":"PropertyValueSpecification","valueRequired":true,"valueName":"search_term_string"}}],"inLanguage":"es"},{"@type":"Organization","@id":"https:\/\/www.gesmujer.org\/sitio\/#organization","name":"Grupo de estudios sobre la mujer Rosario Castellanos ac","alternateName":"GESMujer","url":"https:\/\/www.gesmujer.org\/sitio\/","logo":{"@type":"ImageObject","inLanguage":"es","@id":"https:\/\/www.gesmujer.org\/sitio\/#\/schema\/logo\/image\/","url":"https:\/\/www.gesmujer.org\/sitio\/wp-content\/uploads\/2026\/03\/Logo-GESMujer-300.png","contentUrl":"https:\/\/www.gesmujer.org\/sitio\/wp-content\/uploads\/2026\/03\/Logo-GESMujer-300.png","width":300,"height":141,"caption":"Grupo de estudios sobre la mujer Rosario Castellanos ac"},"image":{"@id":"https:\/\/www.gesmujer.org\/sitio\/#\/schema\/logo\/image\/"},"sameAs":["https:\/\/www.facebook.com\/gesmujer.rosario.castellanos.ac","https:\/\/x.com\/GES_Mujer","https:\/\/www.instagram.com\/ges_mujer\/?hl=es","https:\/\/www.youtube.com\/c\/GESMujerRosarioCastellanos\/videos","https:\/\/soundcloud.com\/gesmujerac","https:\/\/www.tiktok.com\/@gesmujer"]}]}},"campaignId":"","_links":{"self":[{"href":"https:\/\/www.gesmujer.org\/sitio\/wp-json\/wp\/v2\/pages\/2116","targetHints":{"allow":["GET"]}}],"collection":[{"href":"https:\/\/www.gesmujer.org\/sitio\/wp-json\/wp\/v2\/pages"}],"about":[{"href":"https:\/\/www.gesmujer.org\/sitio\/wp-json\/wp\/v2\/types\/page"}],"author":[{"embeddable":true,"href":"https:\/\/www.gesmujer.org\/sitio\/wp-json\/wp\/v2\/users\/4"}],"replies":[{"embeddable":true,"href":"https:\/\/www.gesmujer.org\/sitio\/wp-json\/wp\/v2\/comments?post=2116"}],"version-history":[{"count":0,"href":"https:\/\/www.gesmujer.org\/sitio\/wp-json\/wp\/v2\/pages\/2116\/revisions"}],"up":[{"embeddable":true,"href":"https:\/\/www.gesmujer.org\/sitio\/wp-json\/wp\/v2\/pages\/13046"}],"wp:attachment":[{"href":"https:\/\/www.gesmujer.org\/sitio\/wp-json\/wp\/v2\/media?parent=2116"}],"curies":[{"name":"wp","href":"https:\/\/api.w.org\/{rel}","templated":true}]}}