{"id":23936,"date":"2021-10-12T11:56:05","date_gmt":"2021-10-12T17:56:05","guid":{"rendered":"https:\/\/www.gesmujer.org\/sitio\/?page_id=23936"},"modified":"2024-03-25T17:36:46","modified_gmt":"2024-03-25T23:36:46","slug":"aviso-de-privacidad-de-datos","status":"publish","type":"page","link":"https:\/\/www.gesmujer.org\/sitio\/aviso-de-privacidad-de-datos\/","title":{"rendered":"Aviso de Privacidad de datos"},"content":{"rendered":"\n<p><a href=\"https:\/\/www.gesmujer.org\/sitio\/wp-content\/uploads\/2021\/10\/AVISO-DE-PRIVACIDAD_GESMujer.pdf\">AVISO DE PRIVACIDAD<\/a> GESMujer<\/p>\n\n\n\n<p>El presente Aviso de Privacidad se emite en cumplimiento por lo dispuesto por el art\u00edculo 15 de la Ley Federal de Protecci\u00f3n de Datos Personales en Posesi\u00f3n de los Particulares (LFPDPPP), de los Lineamientos Generales previstos en el art\u00edculo 43, en su fracci\u00f3n III de esta Ley y del art\u00edculo 23 de su Reglamento.<\/p>\n\n\n\n<p>El Grupo de estudios sobre la mujer Rosario Castellanos, A.C. (GESMUJER) tiene el compromiso jur\u00eddico legal y social de cumplir con las medidas legales y de seguridad para proteger sus datos personales para evitar el da\u00f1o, p\u00e9rdida, destrucci\u00f3n, robo, extrav\u00edo, alteraci\u00f3n, as\u00ed como el tratamiento no autorizado y de forma estrictamente confidencial con base en los principios de licitud, consentimiento, informaci\u00f3n, calidad, finalidad, lealtad, proporcionalidad y responsabilidad, de conformidad con la Ley Federal de Protecci\u00f3n de Datos Personales en Posesi\u00f3n de los Particulares, su Reglamento y sus Lineamientos.<\/p>\n\n\n\n<p>1.) Datos del Responsable<\/p>\n\n\n\n<p>El GESMUJER como Responsable del tratamiento de Datos Personales le comunica que es una Asociaci\u00f3n Civil debidamente constituida de conformidad con las leyes de los Estados Unidos Mexicanos con domicilio en la Tercera Privada de Guadalupe Victoria 107, Col. Libertad, ciudad de Oaxaca de Ju\u00e1rez, Oax.<\/p>\n\n\n\n<p>2.) Datos Personales<\/p>\n\n\n\n<p>De conformidad con el art\u00edculo 3, fracci\u00f3n V, de la LFPDPPP son:<\/p>\n\n\n\n<p>\u201cDatos personales: Cualquier informaci\u00f3n concerniente a una persona f\u00edsica identificada o identificable.\u201d<\/p>\n\n\n\n<p>El GESMUJER recabar\u00e1 de Usted los datos personales necesarios para la adecuada prestaci\u00f3n de nuestros servicios, y ser\u00e1 de la siguiente manera:<\/p>\n\n\n\n<p>\u2022 Cuando usted los proporciona personalmente<\/p>\n\n\n\n<p>\u2022 Cuando nos los da telef\u00f3nicamente<\/p>\n\n\n\n<p>\u2022 Por medios electr\u00f3nicos como correo electr\u00f3nico, internet, Facebook etc.<\/p>\n\n\n\n<p>\u2022 Por referencias de terceros<\/p>\n\n\n\n<p>3.) Datos de identificaci\u00f3n: Nombre completo, domicilio, correo electr\u00f3nico, tel\u00e9fonos de casa, de trabajo, n\u00famero de celular, Registro Federal de Contribuyentes (RFC), Clave \u00danica de Registro Poblacional (CURP), lugar y fecha de nacimiento, edad.<\/p>\n\n\n\n<p>4.) Datos Financieros: N\u00b0 de cuenta bancaria, CLABE, domicilio fiscal, n\u00famero de tarjeta de cr\u00e9dito, fecha de vencimiento, as\u00ed como el n\u00famero de seguridad de la misma y que Usted utilice para adquirir alguno de nuestros servicios, al proporcionar estos datos usted reconoce que est\u00e1 otorg\u00e1ndonos su consentimiento expreso para el tratamiento de estos datos.<\/p>\n\n\n\n<p>5.) Datos Sensibles, de conformidad con el art\u00edculo 3, fracci\u00f3n VI de la LFPDPPP, se entiende como Datos personales sensibles:\u201cAquellos datos personales que afecten a la esfera m\u00e1s \u00edntima de su titular, o cuya utilizaci\u00f3n indebida pueda dar<\/p>\n\n\n\n<p>origen a discriminaci\u00f3n o conlleve un riesgo grave para \u00e9ste. En particular, se consideran sensibles aquellos que puedan revelar aspectos como origen racial o \u00e9tnico, estado de salud presente y futuro, informaci\u00f3n gen\u00e9tica, creencias religiosas, filos\u00f3ficas y morales, afiliaci\u00f3n sindical, opiniones pol\u00edticas, preferencia sexual.\u201d<\/p>\n\n\n\n<p>6.) Finalidades del Tratamiento de Datos obligaci\u00f3n por en la<\/p>\n\n\n\n<p>Los Datos Personales obtenidos por el GESMUJER ser\u00e1n utilizados para la realizaci\u00f3n de actividades filantr\u00f3picas relacionadas con nuestro Objeto Social, dentro de ellas, las siguientes:<\/p>\n\n\n\n<ul class=\"wp-block-list\"><li>Mantener actualizada nuestra base de datos.<\/li><li>Organizaci\u00f3n de reuniones, capacitaciones y talleres.<\/li><li>Asesor\u00eda y acompa\u00f1amiento.<\/li><li>Presentar propuestas de proyectos.<\/li><li>Para cuestiones de investigaci\u00f3n y estad\u00edsticas en los temas de nuestra agenda.<\/li><li>Dar cumplimiento a requerimientos legales.<\/li><li>Mantener actualizados nuestros registros y mantener contacto para dar seguimiento a la relaci\u00f3n que con usted exista.<\/li><li>Procesar solicitudes de pago, emisi\u00f3n de comprobantes fiscales.<\/li><li>Cumplir con las leyes, reglamentos y dem\u00e1s disposiciones legales aplicables.<\/li><\/ul>\n\n\n\n<p>Previa autorizaci\u00f3n, el GESMUJER utilizar\u00e1 sus datos personales en la elaboraci\u00f3n de Bases de Datos y Directorios de OSC; as\u00ed como la integraci\u00f3n de Programas de &nbsp;Capacitaci\u00f3n, Desarrollo institucional y de Asesor\u00eda y fortalecimiento en actividades&nbsp; filantr\u00f3picas y de aquellas relacionadas con el Voluntariado y la Responsabilidad Social.<\/p>\n\n\n\n<p>7.) Finalidades secundarias. Adem\u00e1s, si usted no manifiesta lo contrario, el GESMUJER tratar\u00e1 sus Datos Personales para las siguientes finalidades secundarias:<\/p>\n\n\n\n<p>Contactarlo para cualquier tema relacionado con nuestros servicios o con el presente Aviso de Privacidad. Efectuar promociones, y publicidad respecto de los servicios y actividades del GESMUJER.<\/p>\n\n\n\n<p>Cumplir las obligaciones derivadas de cualquier relaci\u00f3n jur\u00eddica que se genere entre el GESMUJER y Usted por la prestaci\u00f3n de nuestros servicios que ofrecemos para el cumplimiento de leyes, reglamentos y disposiciones jur\u00eddicas y<\/p>\n\n\n\n<p>legales aplicables.<\/p>\n\n\n\n<p>8.) Transferencia de Datos Personales<\/p>\n\n\n\n<p>Si usted no manifiesta lo contrario el GESMUJER requiere transferir sus Datos Personales en la medida que sea necesario para la prestaci\u00f3n de nuestros servicios.<\/p>\n\n\n\n<p>En este sentido el GESMUJER le informa que para poder prestar nuestros servicios, requerimos transferir dichos Datos Personales a: otras Organizaciones de la Sociedad Civil con los que el GESMUJER mantiene v\u00ednculos de trabajo y colaboraci\u00f3n y operan bajo los mismos procesos y pol\u00edticas de respeto a la privacidad.<\/p>\n\n\n\n<p>El GESMUJER se compromete a velar porque se cumplan todos los principios legales de protecci\u00f3n en torno a la transferencia de sus datos personales.<\/p>\n\n\n\n<p>9.) Limitaci\u00f3n en el Uso o Divulgaci\u00f3n de los Datos Personales.<\/p>\n\n\n\n<p>GESMUJER, pone a su disposici\u00f3n el correo electr\u00f3nico finanzas@gesmujer.org para atender sus dudas y comentarios acerca del tratamiento de sus datos personales.<\/p>\n\n\n\n<p>Si usted desea dejar de recibir informaci\u00f3n electr\u00f3nica de Grupo de estudios sobre la mujer Rosario Castellanos, A.C. puede solicitarlo al mismo correo electr\u00f3nico.o llamando al tel\u00e9fono de nuestra \u00e1rea administrativa 9515166810.<\/p>\n\n\n\n<p>10.) Derechos ARCO<\/p>\n\n\n\n<p>Estos derechos consisten en lo siguiente:<\/p>\n\n\n\n<p>1. Acceso.- Implica conocer en todo momento sus datos personales en posesi\u00f3n del GESMUJER, as\u00ed como el Aviso de privacidad correspondiente.<\/p>\n\n\n\n<p>2. Rectificaci\u00f3n.- Si alguno de sus datos es inexacto o incompleto, podr\u00e1 solicitar su modificaci\u00f3n, a nuestra \u00e1rea de? 9515166810 ext.107. adjuntando la documentaci\u00f3n que acredite dicha correcci\u00f3n.<\/p>\n\n\n\n<p>3. Cancelaci\u00f3n.- Podr\u00e1 requerir cuando as\u00ed lo considere la cancelaci\u00f3n de sus datos y, en caso de ser procedente, su informaci\u00f3n personal entrar\u00e1 en un periodo de bloqueo para proceder posteriormente a su eliminaci\u00f3n. Al entrar a dicho periodo, su informaci\u00f3n ya no podr\u00e1 ser tratada por el GESMUJER.<\/p>\n\n\n\n<p>4. Oposici\u00f3n.- Podr\u00e1 en todo momento y por causa leg\u00edtima objetar el tratamiento de sus datos personales. Si su solicitud resulta procedente, el GESMUJER ya no podr\u00e1 hacer uso de los mismos.<\/p>\n\n\n\n<p>11.) Procedimiento para ejercer sus Derechos ARCO<\/p>\n\n\n\n<p>El titular de los Datos Personales, por s\u00ed o mediante representante legal, debiendo identificarse o acreditarse correctamente, podr\u00e1 ejercer sus derechos de Acceso, Rectificaci\u00f3n, Cancelaci\u00f3n y Oposici\u00f3n, as\u00ed como revocar su consentimiento llamando a los n\u00fameros telef\u00f3nicos de nuestra \u00e1rea &nbsp;9515166810 ext. , o enviado un e-mail a contacto@gesmujer.org describiendo de manera clara y precisa los datos personales respecto de los que se busca ejercer alguno de estos Derechos.<\/p>\n\n\n\n<p>Es importante se\u00f1alar que en la llamada para ejercer los derechos ARCO usted deber\u00e1 proporcionar una direcci\u00f3n de correo electr\u00f3nico y n\u00famero de tel\u00e9fono a efecto de que podamos notificarle la respuesta a su solicitud o poder contactarlo en caso de requerir informaci\u00f3n adicional en relaci\u00f3n con su petici\u00f3n. Asimismo, deber\u00e1 enviarnos copia de su identificaci\u00f3n oficial para acreditar su identidad.<\/p>\n\n\n\n<p>Por \u00faltimo, le informamos que se le responder\u00e1 en un plazo m\u00e1ximo de 08 (ocho) d\u00edas h\u00e1biles, contados desde la fecha en que cumpla con todos los requisitos establecidos en la solicitud de acceso, rectificaci\u00f3n, cancelaci\u00f3n u oposici\u00f3n, si resulta procedente, se har\u00e1 efectiva dentro de los 08(ocho) d\u00edas h\u00e1biles siguientes a la fecha en que se le comunique respuesta.<\/p>\n\n\n\n<p>12.) Cambios al Aviso de Privacidad<\/p>\n\n\n\n<p>Cualquier cambio significativo o total que se realice al presente Aviso de Privacidad podr\u00e1 ser realizado por el GESMUJER y ser\u00e1 comunicado a trav\u00e9s de nuestra p\u00e1gina, o mediante correo electr\u00f3nico a la direcci\u00f3n del titular que para tales efectos mantenga la persona o instituci\u00f3n registrada.<\/p>\n\n\n\n<p>13.) Departamento de Datos Personales<\/p>\n\n\n\n<p>Tel\u00e9fono: \u00e1rea administrativa 9515166810 ext. 105. e-mail: finanzas@gesmujer.org<\/p>\n\n\n\n<p>Horario: de Lunes a Viernes de 9:00 A.M. a 17:00 PM<\/p>\n\n\n\n<p>14.) USO DE COOKIES<\/p>\n\n\n\n<p>Le informamos que en nuestra p\u00e1gina de Internet utilizamos cookies, web beacons y otras tecnolog\u00edas a trav\u00e9s de las cuales es posible monitorear su comportamiento como usuario de Internet, as\u00ed como brindarle un mejor servicio y experiencia de usuario al navegar en nuestra p\u00e1gina. En GESMUJER &nbsp;los datos personales que recabamos de manera electr\u00f3nica, as\u00ed como las finalidades del tratamiento, se encuentran establecidas en el presente Aviso de Privacidad.<\/p>\n\n\n\n<p>Usted, al proporcionar sus datos personales, confirma y acepta que ha le\u00eddo este Aviso de Privacidad y otorga su consentimiento para ajustarse a lo se\u00f1alado en el mismo.<\/p>\n","protected":false},"excerpt":{"rendered":"<p>AVISO DE PRIVACIDAD GESMujer El presente Aviso de Privacidad se emite en cumplimiento por lo dispuesto por el art\u00edculo 15 de la Ley Federal de Protecci\u00f3n de Datos Personales en Posesi\u00f3n de los Particulares (LFPDPPP), de los Lineamientos Generales previstos en el art\u00edculo 43, en su fracci\u00f3n III de esta Ley y del art\u00edculo 23 [&hellip;]<\/p>\n","protected":false},"author":4,"featured_media":0,"parent":0,"menu_order":0,"comment_status":"closed","ping_status":"closed","template":"","meta":{"give_campaign_id":0,"footnotes":""},"class_list":["post-23936","page","type-page","status-publish","hentry"],"yoast_head":"<!-- This site is optimized with the Yoast SEO plugin v27.3 - https:\/\/yoast.com\/product\/yoast-seo-wordpress\/ -->\n<title>Aviso de Privacidad de datos - GESMujer &quot;Rosario Castellanos&quot;<\/title>\n<meta name=\"robots\" content=\"index, follow, max-snippet:-1, max-image-preview:large, max-video-preview:-1\" \/>\n<link rel=\"canonical\" href=\"https:\/\/www.gesmujer.org\/sitio\/aviso-de-privacidad-de-datos\/\" \/>\n<meta property=\"og:locale\" content=\"es_MX\" \/>\n<meta property=\"og:type\" content=\"article\" \/>\n<meta property=\"og:title\" content=\"Aviso de Privacidad de datos - GESMujer &quot;Rosario Castellanos&quot;\" \/>\n<meta property=\"og:description\" content=\"AVISO DE PRIVACIDAD GESMujer El presente Aviso de Privacidad se emite en cumplimiento por lo dispuesto por el art\u00edculo 15 de la Ley Federal de Protecci\u00f3n de Datos Personales en Posesi\u00f3n de los Particulares (LFPDPPP), de los Lineamientos Generales previstos en el art\u00edculo 43, en su fracci\u00f3n III de esta Ley y del art\u00edculo 23 [&hellip;]\" \/>\n<meta property=\"og:url\" content=\"https:\/\/www.gesmujer.org\/sitio\/aviso-de-privacidad-de-datos\/\" \/>\n<meta property=\"og:site_name\" content=\"GESMujer &quot;Rosario Castellanos&quot;\" \/>\n<meta property=\"article:publisher\" content=\"https:\/\/www.facebook.com\/gesmujer.rosario.castellanos.ac\" \/>\n<meta property=\"article:modified_time\" content=\"2024-03-25T23:36:46+00:00\" \/>\n<meta property=\"og:image\" content=\"https:\/\/www.gesmujer.org\/sitio\/wp-content\/uploads\/2023\/07\/tecnologia.png\" \/>\n\t<meta property=\"og:image:width\" content=\"1624\" \/>\n\t<meta property=\"og:image:height\" content=\"1242\" \/>\n\t<meta property=\"og:image:type\" content=\"image\/png\" \/>\n<meta name=\"twitter:card\" content=\"summary_large_image\" \/>\n<meta name=\"twitter:site\" content=\"@GES_Mujer\" \/>\n<meta name=\"twitter:label1\" content=\"Tiempo de lectura\" \/>\n\t<meta name=\"twitter:data1\" content=\"6 minutos\" \/>\n<script type=\"application\/ld+json\" class=\"yoast-schema-graph\">{\"@context\":\"https:\\\/\\\/schema.org\",\"@graph\":[{\"@type\":\"WebPage\",\"@id\":\"https:\\\/\\\/www.gesmujer.org\\\/sitio\\\/aviso-de-privacidad-de-datos\\\/\",\"url\":\"https:\\\/\\\/www.gesmujer.org\\\/sitio\\\/aviso-de-privacidad-de-datos\\\/\",\"name\":\"Aviso de Privacidad de datos - GESMujer &quot;Rosario Castellanos&quot;\",\"isPartOf\":{\"@id\":\"https:\\\/\\\/www.gesmujer.org\\\/sitio\\\/#website\"},\"datePublished\":\"2021-10-12T17:56:05+00:00\",\"dateModified\":\"2024-03-25T23:36:46+00:00\",\"breadcrumb\":{\"@id\":\"https:\\\/\\\/www.gesmujer.org\\\/sitio\\\/aviso-de-privacidad-de-datos\\\/#breadcrumb\"},\"inLanguage\":\"es\",\"potentialAction\":[{\"@type\":\"ReadAction\",\"target\":[\"https:\\\/\\\/www.gesmujer.org\\\/sitio\\\/aviso-de-privacidad-de-datos\\\/\"]}]},{\"@type\":\"BreadcrumbList\",\"@id\":\"https:\\\/\\\/www.gesmujer.org\\\/sitio\\\/aviso-de-privacidad-de-datos\\\/#breadcrumb\",\"itemListElement\":[{\"@type\":\"ListItem\",\"position\":1,\"name\":\"Home\",\"item\":\"https:\\\/\\\/www.gesmujer.org\\\/sitio\\\/\"},{\"@type\":\"ListItem\",\"position\":2,\"name\":\"Aviso de Privacidad de datos\"}]},{\"@type\":\"WebSite\",\"@id\":\"https:\\\/\\\/www.gesmujer.org\\\/sitio\\\/#website\",\"url\":\"https:\\\/\\\/www.gesmujer.org\\\/sitio\\\/\",\"name\":\"GESMujer \\\"Rosario Castellanos\\\"\",\"description\":\"M\u00e1s de 45 a\u00f1os ha llevado a cabo acciones para erradicar la violencia de g\u00e9nero y construir entornos donde las mujeres encuentren su resiliencia, incrementen su agencia y autonom\u00eda que les permita lograr su empoderamiento a trav\u00e9s de cinco l\u00edneas de acci\u00f3n.\",\"publisher\":{\"@id\":\"https:\\\/\\\/www.gesmujer.org\\\/sitio\\\/#organization\"},\"alternateName\":\"GESMujer\",\"potentialAction\":[{\"@type\":\"SearchAction\",\"target\":{\"@type\":\"EntryPoint\",\"urlTemplate\":\"https:\\\/\\\/www.gesmujer.org\\\/sitio\\\/?s={search_term_string}\"},\"query-input\":{\"@type\":\"PropertyValueSpecification\",\"valueRequired\":true,\"valueName\":\"search_term_string\"}}],\"inLanguage\":\"es\"},{\"@type\":\"Organization\",\"@id\":\"https:\\\/\\\/www.gesmujer.org\\\/sitio\\\/#organization\",\"name\":\"Grupo de estudios sobre la mujer Rosario Castellanos ac\",\"alternateName\":\"GESMujer\",\"url\":\"https:\\\/\\\/www.gesmujer.org\\\/sitio\\\/\",\"logo\":{\"@type\":\"ImageObject\",\"inLanguage\":\"es\",\"@id\":\"https:\\\/\\\/www.gesmujer.org\\\/sitio\\\/#\\\/schema\\\/logo\\\/image\\\/\",\"url\":\"https:\\\/\\\/www.gesmujer.org\\\/sitio\\\/wp-content\\\/uploads\\\/2026\\\/03\\\/Logo-GESMujer-300.png\",\"contentUrl\":\"https:\\\/\\\/www.gesmujer.org\\\/sitio\\\/wp-content\\\/uploads\\\/2026\\\/03\\\/Logo-GESMujer-300.png\",\"width\":300,\"height\":141,\"caption\":\"Grupo de estudios sobre la mujer Rosario Castellanos ac\"},\"image\":{\"@id\":\"https:\\\/\\\/www.gesmujer.org\\\/sitio\\\/#\\\/schema\\\/logo\\\/image\\\/\"},\"sameAs\":[\"https:\\\/\\\/www.facebook.com\\\/gesmujer.rosario.castellanos.ac\",\"https:\\\/\\\/x.com\\\/GES_Mujer\",\"https:\\\/\\\/www.instagram.com\\\/ges_mujer\\\/?hl=es\",\"https:\\\/\\\/www.youtube.com\\\/c\\\/GESMujerRosarioCastellanos\\\/videos\",\"https:\\\/\\\/soundcloud.com\\\/gesmujerac\",\"https:\\\/\\\/www.tiktok.com\\\/@gesmujer\"]}]}<\/script>\n<!-- \/ Yoast SEO plugin. -->","yoast_head_json":{"title":"Aviso de Privacidad de datos - GESMujer &quot;Rosario Castellanos&quot;","robots":{"index":"index","follow":"follow","max-snippet":"max-snippet:-1","max-image-preview":"max-image-preview:large","max-video-preview":"max-video-preview:-1"},"canonical":"https:\/\/www.gesmujer.org\/sitio\/aviso-de-privacidad-de-datos\/","og_locale":"es_MX","og_type":"article","og_title":"Aviso de Privacidad de datos - GESMujer &quot;Rosario Castellanos&quot;","og_description":"AVISO DE PRIVACIDAD GESMujer El presente Aviso de Privacidad se emite en cumplimiento por lo dispuesto por el art\u00edculo 15 de la Ley Federal de Protecci\u00f3n de Datos Personales en Posesi\u00f3n de los Particulares (LFPDPPP), de los Lineamientos Generales previstos en el art\u00edculo 43, en su fracci\u00f3n III de esta Ley y del art\u00edculo 23 [&hellip;]","og_url":"https:\/\/www.gesmujer.org\/sitio\/aviso-de-privacidad-de-datos\/","og_site_name":"GESMujer &quot;Rosario Castellanos&quot;","article_publisher":"https:\/\/www.facebook.com\/gesmujer.rosario.castellanos.ac","article_modified_time":"2024-03-25T23:36:46+00:00","og_image":[{"width":1624,"height":1242,"url":"https:\/\/www.gesmujer.org\/sitio\/wp-content\/uploads\/2023\/07\/tecnologia.png","type":"image\/png"}],"twitter_card":"summary_large_image","twitter_site":"@GES_Mujer","twitter_misc":{"Tiempo de lectura":"6 minutos"},"schema":{"@context":"https:\/\/schema.org","@graph":[{"@type":"WebPage","@id":"https:\/\/www.gesmujer.org\/sitio\/aviso-de-privacidad-de-datos\/","url":"https:\/\/www.gesmujer.org\/sitio\/aviso-de-privacidad-de-datos\/","name":"Aviso de Privacidad de datos - GESMujer &quot;Rosario Castellanos&quot;","isPartOf":{"@id":"https:\/\/www.gesmujer.org\/sitio\/#website"},"datePublished":"2021-10-12T17:56:05+00:00","dateModified":"2024-03-25T23:36:46+00:00","breadcrumb":{"@id":"https:\/\/www.gesmujer.org\/sitio\/aviso-de-privacidad-de-datos\/#breadcrumb"},"inLanguage":"es","potentialAction":[{"@type":"ReadAction","target":["https:\/\/www.gesmujer.org\/sitio\/aviso-de-privacidad-de-datos\/"]}]},{"@type":"BreadcrumbList","@id":"https:\/\/www.gesmujer.org\/sitio\/aviso-de-privacidad-de-datos\/#breadcrumb","itemListElement":[{"@type":"ListItem","position":1,"name":"Home","item":"https:\/\/www.gesmujer.org\/sitio\/"},{"@type":"ListItem","position":2,"name":"Aviso de Privacidad de datos"}]},{"@type":"WebSite","@id":"https:\/\/www.gesmujer.org\/sitio\/#website","url":"https:\/\/www.gesmujer.org\/sitio\/","name":"GESMujer \"Rosario Castellanos\"","description":"M\u00e1s de 45 a\u00f1os ha llevado a cabo acciones para erradicar la violencia de g\u00e9nero y construir entornos donde las mujeres encuentren su resiliencia, incrementen su agencia y autonom\u00eda que les permita lograr su empoderamiento a trav\u00e9s de cinco l\u00edneas de acci\u00f3n.","publisher":{"@id":"https:\/\/www.gesmujer.org\/sitio\/#organization"},"alternateName":"GESMujer","potentialAction":[{"@type":"SearchAction","target":{"@type":"EntryPoint","urlTemplate":"https:\/\/www.gesmujer.org\/sitio\/?s={search_term_string}"},"query-input":{"@type":"PropertyValueSpecification","valueRequired":true,"valueName":"search_term_string"}}],"inLanguage":"es"},{"@type":"Organization","@id":"https:\/\/www.gesmujer.org\/sitio\/#organization","name":"Grupo de estudios sobre la mujer Rosario Castellanos ac","alternateName":"GESMujer","url":"https:\/\/www.gesmujer.org\/sitio\/","logo":{"@type":"ImageObject","inLanguage":"es","@id":"https:\/\/www.gesmujer.org\/sitio\/#\/schema\/logo\/image\/","url":"https:\/\/www.gesmujer.org\/sitio\/wp-content\/uploads\/2026\/03\/Logo-GESMujer-300.png","contentUrl":"https:\/\/www.gesmujer.org\/sitio\/wp-content\/uploads\/2026\/03\/Logo-GESMujer-300.png","width":300,"height":141,"caption":"Grupo de estudios sobre la mujer Rosario Castellanos ac"},"image":{"@id":"https:\/\/www.gesmujer.org\/sitio\/#\/schema\/logo\/image\/"},"sameAs":["https:\/\/www.facebook.com\/gesmujer.rosario.castellanos.ac","https:\/\/x.com\/GES_Mujer","https:\/\/www.instagram.com\/ges_mujer\/?hl=es","https:\/\/www.youtube.com\/c\/GESMujerRosarioCastellanos\/videos","https:\/\/soundcloud.com\/gesmujerac","https:\/\/www.tiktok.com\/@gesmujer"]}]}},"campaignId":"","_links":{"self":[{"href":"https:\/\/www.gesmujer.org\/sitio\/wp-json\/wp\/v2\/pages\/23936","targetHints":{"allow":["GET"]}}],"collection":[{"href":"https:\/\/www.gesmujer.org\/sitio\/wp-json\/wp\/v2\/pages"}],"about":[{"href":"https:\/\/www.gesmujer.org\/sitio\/wp-json\/wp\/v2\/types\/page"}],"author":[{"embeddable":true,"href":"https:\/\/www.gesmujer.org\/sitio\/wp-json\/wp\/v2\/users\/4"}],"replies":[{"embeddable":true,"href":"https:\/\/www.gesmujer.org\/sitio\/wp-json\/wp\/v2\/comments?post=23936"}],"version-history":[{"count":1,"href":"https:\/\/www.gesmujer.org\/sitio\/wp-json\/wp\/v2\/pages\/23936\/revisions"}],"predecessor-version":[{"id":23938,"href":"https:\/\/www.gesmujer.org\/sitio\/wp-json\/wp\/v2\/pages\/23936\/revisions\/23938"}],"wp:attachment":[{"href":"https:\/\/www.gesmujer.org\/sitio\/wp-json\/wp\/v2\/media?parent=23936"}],"curies":[{"name":"wp","href":"https:\/\/api.w.org\/{rel}","templated":true}]}}