{"id":2566,"date":"2016-03-10T11:29:05","date_gmt":"2016-03-10T11:29:05","guid":{"rendered":"http:\/\/barista.edge-themes.com\/?page_id=2566"},"modified":"2016-03-10T11:29:05","modified_gmt":"2016-03-10T11:29:05","slug":"title-with-number","status":"publish","type":"page","link":"https:\/\/www.gesmujer.org\/sitio\/elements\/title-with-number\/","title":{"rendered":"Title With Number"},"content":{"rendered":"[vc_row content_width=&#8221;grid&#8221; css=&#8221;.vc_custom_1487085208153{padding-top: 90px !important;padding-bottom: 30px !important;}&#8221;][vc_column css=&#8221;.vc_custom_1456752403848{padding-right: 5% !important;padding-left: 5% !important;}&#8221; offset=&#8221;vc_col-lg-4 vc_col-md-4&#8243;][edgtf_title_with_number title=&#8221;Nature&#8217;s Fury&#8221; number=&#8221;01&#8243; title_tag=&#8221;h3&#8243;][vc_empty_space height=&#8221;24px&#8221;][vc_column_text]Alienum phaedrum to rquatos nec eu, vis detraxit periculis ex, nihil expetendis in mei. Mei an pericula euripidis, hinc partem ei est. Eos ei nisl graecis, vix aperiri consequat an. Eius lorem tincidunt vix atle.[\/vc_column_text][vc_empty_space height=&#8221;5px&#8221;][edgtf_button size=&#8221;&#8221; type=&#8221;transparent&#8221; target=&#8221;_self&#8221; icon_pack=&#8221;font_elegant&#8221; fe_icon=&#8221;&#8221; font_weight=&#8221;400&#8243; text=&#8221;Read More&#8221; link=&#8221;https:\/\/goodwish.qodeinteractive.com\/about-our-work\/&#8221; color=&#8221;#000000&#8243; hover_color=&#8221;#ffb422&#8243; font_size=&#8221;15&#8243;][vc_empty_space height=&#8221;40px&#8221;][\/vc_column][vc_column css=&#8221;.vc_custom_1456752363143{padding-right: 5% !important;padding-left: 5% !important;}&#8221; offset=&#8221;vc_col-lg-4 vc_col-md-4&#8243;][edgtf_title_with_number title=&#8221;Food for All&#8221; number=&#8221;02&#8243; title_tag=&#8221;h3&#8243;][vc_empty_space height=&#8221;24px&#8221;][vc_column_text]Alienum phaedrum to rquatos nec eu, vis detraxit periculis ex, nihil expetendis in mei. Mei an pericula euripidis, hinc partem ei est. Eos ei nisl graecis, vix aperiri consequat an. Eius lorem tincidunt vix atle.[\/vc_column_text][vc_empty_space height=&#8221;5px&#8221;][edgtf_button size=&#8221;&#8221; type=&#8221;transparent&#8221; target=&#8221;_self&#8221; icon_pack=&#8221;font_elegant&#8221; fe_icon=&#8221;&#8221; font_weight=&#8221;400&#8243; text=&#8221;Read More&#8221; link=&#8221;https:\/\/goodwish.qodeinteractive.com\/about-our-work\/&#8221; color=&#8221;#000000&#8243; hover_color=&#8221;#ffb422&#8243; font_size=&#8221;15&#8243;][vc_empty_space height=&#8221;40px&#8221;][\/vc_column][vc_column css=&#8221;.vc_custom_1456752451479{padding-right: 5% !important;padding-left: 5% !important;}&#8221; offset=&#8221;vc_col-lg-4 vc_col-md-4&#8243;][edgtf_title_with_number title=&#8221;Provide Aid&#8221; number=&#8221;03&#8243; title_tag=&#8221;h3&#8243;][vc_empty_space height=&#8221;24px&#8221;][vc_column_text]Alienum phaedrum to rquatos nec eu, vis detraxit periculis ex, nihil expetendis in mei. Mei an pericula euripidis, hinc partem ei est. Eos ei nisl graecis, vix aperiri consequat an. Eius lorem tincidunt vix atle.[\/vc_column_text][vc_empty_space height=&#8221;5px&#8221;][edgtf_button size=&#8221;&#8221; type=&#8221;transparent&#8221; target=&#8221;_self&#8221; icon_pack=&#8221;font_elegant&#8221; fe_icon=&#8221;&#8221; font_weight=&#8221;400&#8243; text=&#8221;Read More&#8221; link=&#8221;https:\/\/goodwish.qodeinteractive.com\/about-our-work\/&#8221; color=&#8221;#000000&#8243; hover_color=&#8221;#ffb422&#8243; font_size=&#8221;15&#8243;][vc_empty_space height=&#8221;40px&#8221;][\/vc_column][\/vc_row][vc_row content_width=&#8221;grid&#8221; css=&#8221;.vc_custom_1491228536487{padding-top: 90px !important;padding-bottom: 30px !important;background-color: #f6f4ee !important;}&#8221;][vc_column css=&#8221;.vc_custom_1456752403848{padding-right: 5% !important;padding-left: 5% !important;}&#8221; offset=&#8221;vc_col-lg-4 vc_col-md-4&#8243;][edgtf_title_with_number title=&#8221;Nature&#8217;s Fury&#8221; number=&#8221;01&#8243; title_tag=&#8221;h3&#8243;][vc_empty_space height=&#8221;24px&#8221;][vc_column_text]Alienum phaedrum to rquatos nec eu, vis detraxit periculis ex, nihil expetendis in mei. Mei an pericula euripidis, hinc partem ei est. Eos ei nisl graecis, vix aperiri consequat an. Eius lorem tincidunt vix atle.[\/vc_column_text][vc_empty_space height=&#8221;5px&#8221;][edgtf_button size=&#8221;&#8221; type=&#8221;transparent&#8221; target=&#8221;_self&#8221; icon_pack=&#8221;font_elegant&#8221; fe_icon=&#8221;&#8221; font_weight=&#8221;400&#8243; text=&#8221;Read More&#8221; link=&#8221;https:\/\/goodwish.qodeinteractive.com\/about-our-work\/&#8221; font_size=&#8221;15&#8243; hover_color=&#8221;#000000&#8243;][vc_empty_space height=&#8221;40px&#8221;][\/vc_column][vc_column css=&#8221;.vc_custom_1456752363143{padding-right: 5% !important;padding-left: 5% !important;}&#8221; offset=&#8221;vc_col-lg-4 vc_col-md-4&#8243;][edgtf_title_with_number title=&#8221;Food for All&#8221; number=&#8221;02&#8243; title_tag=&#8221;h3&#8243;][vc_empty_space height=&#8221;24px&#8221;][vc_column_text]Alienum phaedrum to rquatos nec eu, vis detraxit periculis ex, nihil expetendis in mei. Mei an pericula euripidis, hinc partem ei est. Eos ei nisl graecis, vix aperiri consequat an. Eius lorem tincidunt vix atle.[\/vc_column_text][vc_empty_space height=&#8221;5px&#8221;][edgtf_button size=&#8221;&#8221; type=&#8221;transparent&#8221; target=&#8221;_self&#8221; icon_pack=&#8221;font_elegant&#8221; fe_icon=&#8221;&#8221; font_weight=&#8221;400&#8243; text=&#8221;Read More&#8221; link=&#8221;https:\/\/goodwish.qodeinteractive.com\/about-our-work\/&#8221; hover_color=&#8221;#000000&#8243; font_size=&#8221;15&#8243;][vc_empty_space height=&#8221;40px&#8221;][\/vc_column][vc_column css=&#8221;.vc_custom_1456752451479{padding-right: 5% !important;padding-left: 5% !important;}&#8221; offset=&#8221;vc_col-lg-4 vc_col-md-4&#8243;][edgtf_title_with_number title=&#8221;Provide Aid&#8221; number=&#8221;03&#8243; title_tag=&#8221;h3&#8243;][vc_empty_space height=&#8221;24px&#8221;][vc_column_text]Alienum phaedrum to rquatos nec eu, vis detraxit periculis ex, nihil expetendis in mei. Mei an pericula euripidis, hinc partem ei est. Eos ei nisl graecis, vix aperiri consequat an. Eius lorem tincidunt vix atle.[\/vc_column_text][vc_empty_space height=&#8221;5px&#8221;][edgtf_button size=&#8221;&#8221; type=&#8221;transparent&#8221; target=&#8221;_self&#8221; icon_pack=&#8221;font_elegant&#8221; fe_icon=&#8221;&#8221; font_weight=&#8221;400&#8243; text=&#8221;Read More&#8221; link=&#8221;https:\/\/goodwish.qodeinteractive.com\/about-our-work\/&#8221; hover_color=&#8221;#000000&#8243; font_size=&#8221;15&#8243;][vc_empty_space height=&#8221;40px&#8221;][\/vc_column][\/vc_row]\n","protected":false},"excerpt":{"rendered":"<p>[vc_row content_width=&#8221;grid&#8221; css=&#8221;.vc_custom_1487085208153{padding-top: 90px !important;padding-bottom: 30px !important;}&#8221;][vc_column css=&#8221;.vc_custom_1456752403848{padding-right: 5% !important;padding-left: 5% !important;}&#8221; offset=&#8221;vc_col-lg-4 vc_col-md-4&#8243;][edgtf_title_with_number title=&#8221;Nature&#8217;s Fury&#8221; number=&#8221;01&#8243; title_tag=&#8221;h3&#8243;][vc_empty_space height=&#8221;24px&#8221;][vc_column_text]Alienum phaedrum to rquatos nec eu, vis detraxit periculis ex, nihil expetendis in mei. Mei an pericula euripidis, hinc partem ei est. Eos ei nisl graecis, vix aperiri consequat an. Eius lorem tincidunt vix atle.[\/vc_column_text][vc_empty_space height=&#8221;5px&#8221;][edgtf_button size=&#8221;&#8221; [&hellip;]<\/p>\n","protected":false},"author":4,"featured_media":0,"parent":13046,"menu_order":0,"comment_status":"closed","ping_status":"closed","template":"full-width.php","meta":{"give_campaign_id":0,"footnotes":""},"class_list":["post-2566","page","type-page","status-publish","hentry"],"yoast_head":"<!-- This site is optimized with the Yoast SEO plugin v27.4 - https:\/\/yoast.com\/product\/yoast-seo-wordpress\/ -->\n<title>Title With Number - GESMujer &quot;Rosario Castellanos&quot;<\/title>\n<meta name=\"robots\" content=\"index, follow, max-snippet:-1, max-image-preview:large, max-video-preview:-1\" \/>\n<link rel=\"canonical\" href=\"https:\/\/www.gesmujer.org\/sitio\/elements\/title-with-number\/\" \/>\n<meta property=\"og:locale\" content=\"es_MX\" \/>\n<meta property=\"og:type\" content=\"article\" \/>\n<meta property=\"og:title\" content=\"Title With Number - GESMujer &quot;Rosario Castellanos&quot;\" \/>\n<meta property=\"og:description\" content=\"[vc_row content_width=&#8221;grid&#8221; css=&#8221;.vc_custom_1487085208153{padding-top: 90px !important;padding-bottom: 30px !important;}&#8221;][vc_column css=&#8221;.vc_custom_1456752403848{padding-right: 5% !important;padding-left: 5% !important;}&#8221; offset=&#8221;vc_col-lg-4 vc_col-md-4&#8243;][edgtf_title_with_number title=&#8221;Nature&#8217;s Fury&#8221; number=&#8221;01&#8243; title_tag=&#8221;h3&#8243;][vc_empty_space height=&#8221;24px&#8221;][vc_column_text]Alienum phaedrum to rquatos nec eu, vis detraxit periculis ex, nihil expetendis in mei. Mei an pericula euripidis, hinc partem ei est. Eos ei nisl graecis, vix aperiri consequat an. Eius lorem tincidunt vix atle.[\/vc_column_text][vc_empty_space height=&#8221;5px&#8221;][edgtf_button size=&#8221;&#8221; [&hellip;]\" \/>\n<meta property=\"og:url\" content=\"https:\/\/www.gesmujer.org\/sitio\/elements\/title-with-number\/\" \/>\n<meta property=\"og:site_name\" content=\"GESMujer &quot;Rosario Castellanos&quot;\" \/>\n<meta property=\"article:publisher\" content=\"https:\/\/www.facebook.com\/gesmujer.rosario.castellanos.ac\" \/>\n<meta property=\"og:image\" content=\"https:\/\/www.gesmujer.org\/sitio\/wp-content\/uploads\/2023\/07\/tecnologia.png\" \/>\n\t<meta property=\"og:image:width\" content=\"1624\" \/>\n\t<meta property=\"og:image:height\" content=\"1242\" \/>\n\t<meta property=\"og:image:type\" content=\"image\/png\" \/>\n<meta name=\"twitter:card\" content=\"summary_large_image\" \/>\n<meta name=\"twitter:site\" content=\"@GES_Mujer\" \/>\n<meta name=\"twitter:label1\" content=\"Tiempo de lectura\" \/>\n\t<meta name=\"twitter:data1\" content=\"4 minutos\" \/>\n<script type=\"application\/ld+json\" class=\"yoast-schema-graph\">{\"@context\":\"https:\\\/\\\/schema.org\",\"@graph\":[{\"@type\":\"WebPage\",\"@id\":\"https:\\\/\\\/www.gesmujer.org\\\/sitio\\\/elements\\\/title-with-number\\\/\",\"url\":\"https:\\\/\\\/www.gesmujer.org\\\/sitio\\\/elements\\\/title-with-number\\\/\",\"name\":\"Title With Number - GESMujer &quot;Rosario Castellanos&quot;\",\"isPartOf\":{\"@id\":\"https:\\\/\\\/www.gesmujer.org\\\/sitio\\\/#website\"},\"datePublished\":\"2016-03-10T11:29:05+00:00\",\"breadcrumb\":{\"@id\":\"https:\\\/\\\/www.gesmujer.org\\\/sitio\\\/elements\\\/title-with-number\\\/#breadcrumb\"},\"inLanguage\":\"es\",\"potentialAction\":[{\"@type\":\"ReadAction\",\"target\":[\"https:\\\/\\\/www.gesmujer.org\\\/sitio\\\/elements\\\/title-with-number\\\/\"]}]},{\"@type\":\"BreadcrumbList\",\"@id\":\"https:\\\/\\\/www.gesmujer.org\\\/sitio\\\/elements\\\/title-with-number\\\/#breadcrumb\",\"itemListElement\":[{\"@type\":\"ListItem\",\"position\":1,\"name\":\"Home\",\"item\":\"https:\\\/\\\/www.gesmujer.org\\\/sitio\\\/\"},{\"@type\":\"ListItem\",\"position\":2,\"name\":\"Elements\",\"item\":\"https:\\\/\\\/www.gesmujer.org\\\/sitio\\\/elements\\\/\"},{\"@type\":\"ListItem\",\"position\":3,\"name\":\"Title With Number\"}]},{\"@type\":\"WebSite\",\"@id\":\"https:\\\/\\\/www.gesmujer.org\\\/sitio\\\/#website\",\"url\":\"https:\\\/\\\/www.gesmujer.org\\\/sitio\\\/\",\"name\":\"GESMujer \\\"Rosario Castellanos\\\"\",\"description\":\"M\u00e1s de 45 a\u00f1os ha llevado a cabo acciones para erradicar la violencia de g\u00e9nero y construir entornos donde las mujeres encuentren su resiliencia, incrementen su agencia y autonom\u00eda que les permita lograr su empoderamiento a trav\u00e9s de cinco l\u00edneas de acci\u00f3n.\",\"publisher\":{\"@id\":\"https:\\\/\\\/www.gesmujer.org\\\/sitio\\\/#organization\"},\"alternateName\":\"GESMujer\",\"potentialAction\":[{\"@type\":\"SearchAction\",\"target\":{\"@type\":\"EntryPoint\",\"urlTemplate\":\"https:\\\/\\\/www.gesmujer.org\\\/sitio\\\/?s={search_term_string}\"},\"query-input\":{\"@type\":\"PropertyValueSpecification\",\"valueRequired\":true,\"valueName\":\"search_term_string\"}}],\"inLanguage\":\"es\"},{\"@type\":\"Organization\",\"@id\":\"https:\\\/\\\/www.gesmujer.org\\\/sitio\\\/#organization\",\"name\":\"Grupo de estudios sobre la mujer Rosario Castellanos ac\",\"alternateName\":\"GESMujer\",\"url\":\"https:\\\/\\\/www.gesmujer.org\\\/sitio\\\/\",\"logo\":{\"@type\":\"ImageObject\",\"inLanguage\":\"es\",\"@id\":\"https:\\\/\\\/www.gesmujer.org\\\/sitio\\\/#\\\/schema\\\/logo\\\/image\\\/\",\"url\":\"https:\\\/\\\/www.gesmujer.org\\\/sitio\\\/wp-content\\\/uploads\\\/2026\\\/03\\\/Logo-GESMujer-300.png\",\"contentUrl\":\"https:\\\/\\\/www.gesmujer.org\\\/sitio\\\/wp-content\\\/uploads\\\/2026\\\/03\\\/Logo-GESMujer-300.png\",\"width\":300,\"height\":141,\"caption\":\"Grupo de estudios sobre la mujer Rosario Castellanos ac\"},\"image\":{\"@id\":\"https:\\\/\\\/www.gesmujer.org\\\/sitio\\\/#\\\/schema\\\/logo\\\/image\\\/\"},\"sameAs\":[\"https:\\\/\\\/www.facebook.com\\\/gesmujer.rosario.castellanos.ac\",\"https:\\\/\\\/x.com\\\/GES_Mujer\",\"https:\\\/\\\/www.instagram.com\\\/ges_mujer\\\/?hl=es\",\"https:\\\/\\\/www.youtube.com\\\/c\\\/GESMujerRosarioCastellanos\\\/videos\",\"https:\\\/\\\/soundcloud.com\\\/gesmujerac\",\"https:\\\/\\\/www.tiktok.com\\\/@gesmujer\"]}]}<\/script>\n<!-- \/ Yoast SEO plugin. -->","yoast_head_json":{"title":"Title With Number - GESMujer &quot;Rosario Castellanos&quot;","robots":{"index":"index","follow":"follow","max-snippet":"max-snippet:-1","max-image-preview":"max-image-preview:large","max-video-preview":"max-video-preview:-1"},"canonical":"https:\/\/www.gesmujer.org\/sitio\/elements\/title-with-number\/","og_locale":"es_MX","og_type":"article","og_title":"Title With Number - GESMujer &quot;Rosario Castellanos&quot;","og_description":"[vc_row content_width=&#8221;grid&#8221; css=&#8221;.vc_custom_1487085208153{padding-top: 90px !important;padding-bottom: 30px !important;}&#8221;][vc_column css=&#8221;.vc_custom_1456752403848{padding-right: 5% !important;padding-left: 5% !important;}&#8221; offset=&#8221;vc_col-lg-4 vc_col-md-4&#8243;][edgtf_title_with_number title=&#8221;Nature&#8217;s Fury&#8221; number=&#8221;01&#8243; title_tag=&#8221;h3&#8243;][vc_empty_space height=&#8221;24px&#8221;][vc_column_text]Alienum phaedrum to rquatos nec eu, vis detraxit periculis ex, nihil expetendis in mei. Mei an pericula euripidis, hinc partem ei est. Eos ei nisl graecis, vix aperiri consequat an. Eius lorem tincidunt vix atle.[\/vc_column_text][vc_empty_space height=&#8221;5px&#8221;][edgtf_button size=&#8221;&#8221; [&hellip;]","og_url":"https:\/\/www.gesmujer.org\/sitio\/elements\/title-with-number\/","og_site_name":"GESMujer &quot;Rosario Castellanos&quot;","article_publisher":"https:\/\/www.facebook.com\/gesmujer.rosario.castellanos.ac","og_image":[{"width":1624,"height":1242,"url":"https:\/\/www.gesmujer.org\/sitio\/wp-content\/uploads\/2023\/07\/tecnologia.png","type":"image\/png"}],"twitter_card":"summary_large_image","twitter_site":"@GES_Mujer","twitter_misc":{"Tiempo de lectura":"4 minutos"},"schema":{"@context":"https:\/\/schema.org","@graph":[{"@type":"WebPage","@id":"https:\/\/www.gesmujer.org\/sitio\/elements\/title-with-number\/","url":"https:\/\/www.gesmujer.org\/sitio\/elements\/title-with-number\/","name":"Title With Number - GESMujer &quot;Rosario Castellanos&quot;","isPartOf":{"@id":"https:\/\/www.gesmujer.org\/sitio\/#website"},"datePublished":"2016-03-10T11:29:05+00:00","breadcrumb":{"@id":"https:\/\/www.gesmujer.org\/sitio\/elements\/title-with-number\/#breadcrumb"},"inLanguage":"es","potentialAction":[{"@type":"ReadAction","target":["https:\/\/www.gesmujer.org\/sitio\/elements\/title-with-number\/"]}]},{"@type":"BreadcrumbList","@id":"https:\/\/www.gesmujer.org\/sitio\/elements\/title-with-number\/#breadcrumb","itemListElement":[{"@type":"ListItem","position":1,"name":"Home","item":"https:\/\/www.gesmujer.org\/sitio\/"},{"@type":"ListItem","position":2,"name":"Elements","item":"https:\/\/www.gesmujer.org\/sitio\/elements\/"},{"@type":"ListItem","position":3,"name":"Title With Number"}]},{"@type":"WebSite","@id":"https:\/\/www.gesmujer.org\/sitio\/#website","url":"https:\/\/www.gesmujer.org\/sitio\/","name":"GESMujer \"Rosario Castellanos\"","description":"M\u00e1s de 45 a\u00f1os ha llevado a cabo acciones para erradicar la violencia de g\u00e9nero y construir entornos donde las mujeres encuentren su resiliencia, incrementen su agencia y autonom\u00eda que les permita lograr su empoderamiento a trav\u00e9s de cinco l\u00edneas de acci\u00f3n.","publisher":{"@id":"https:\/\/www.gesmujer.org\/sitio\/#organization"},"alternateName":"GESMujer","potentialAction":[{"@type":"SearchAction","target":{"@type":"EntryPoint","urlTemplate":"https:\/\/www.gesmujer.org\/sitio\/?s={search_term_string}"},"query-input":{"@type":"PropertyValueSpecification","valueRequired":true,"valueName":"search_term_string"}}],"inLanguage":"es"},{"@type":"Organization","@id":"https:\/\/www.gesmujer.org\/sitio\/#organization","name":"Grupo de estudios sobre la mujer Rosario Castellanos ac","alternateName":"GESMujer","url":"https:\/\/www.gesmujer.org\/sitio\/","logo":{"@type":"ImageObject","inLanguage":"es","@id":"https:\/\/www.gesmujer.org\/sitio\/#\/schema\/logo\/image\/","url":"https:\/\/www.gesmujer.org\/sitio\/wp-content\/uploads\/2026\/03\/Logo-GESMujer-300.png","contentUrl":"https:\/\/www.gesmujer.org\/sitio\/wp-content\/uploads\/2026\/03\/Logo-GESMujer-300.png","width":300,"height":141,"caption":"Grupo de estudios sobre la mujer Rosario Castellanos ac"},"image":{"@id":"https:\/\/www.gesmujer.org\/sitio\/#\/schema\/logo\/image\/"},"sameAs":["https:\/\/www.facebook.com\/gesmujer.rosario.castellanos.ac","https:\/\/x.com\/GES_Mujer","https:\/\/www.instagram.com\/ges_mujer\/?hl=es","https:\/\/www.youtube.com\/c\/GESMujerRosarioCastellanos\/videos","https:\/\/soundcloud.com\/gesmujerac","https:\/\/www.tiktok.com\/@gesmujer"]}]}},"campaignId":"","_links":{"self":[{"href":"https:\/\/www.gesmujer.org\/sitio\/wp-json\/wp\/v2\/pages\/2566","targetHints":{"allow":["GET"]}}],"collection":[{"href":"https:\/\/www.gesmujer.org\/sitio\/wp-json\/wp\/v2\/pages"}],"about":[{"href":"https:\/\/www.gesmujer.org\/sitio\/wp-json\/wp\/v2\/types\/page"}],"author":[{"embeddable":true,"href":"https:\/\/www.gesmujer.org\/sitio\/wp-json\/wp\/v2\/users\/4"}],"replies":[{"embeddable":true,"href":"https:\/\/www.gesmujer.org\/sitio\/wp-json\/wp\/v2\/comments?post=2566"}],"version-history":[{"count":0,"href":"https:\/\/www.gesmujer.org\/sitio\/wp-json\/wp\/v2\/pages\/2566\/revisions"}],"up":[{"embeddable":true,"href":"https:\/\/www.gesmujer.org\/sitio\/wp-json\/wp\/v2\/pages\/13046"}],"wp:attachment":[{"href":"https:\/\/www.gesmujer.org\/sitio\/wp-json\/wp\/v2\/media?parent=2566"}],"curies":[{"name":"wp","href":"https:\/\/api.w.org\/{rel}","templated":true}]}}