{"id":26451,"date":"2022-06-08T17:20:26","date_gmt":"2022-06-08T23:20:26","guid":{"rendered":"https:\/\/www.gesmujer.org\/sitio\/?page_id=26451"},"modified":"2022-06-08T17:20:28","modified_gmt":"2022-06-08T23:20:28","slug":"crueldad-extrema","status":"publish","type":"page","link":"https:\/\/www.gesmujer.org\/sitio\/crueldad-extrema\/","title":{"rendered":"Crueldad extrema\u00a0"},"content":{"rendered":"\n<p><strong>Mi\u00e9rcoles 08 de Junio del 2022<\/strong><\/p>\n\n\n\n<p>Cada feminicidio de una mujer o de una ni\u00f1a causan indignaci\u00f3n y dolor, pero hechos como el ocurrido en la ciudad de Oaxaca, donde una mujer fue v\u00edctima de feminicidio a manos de su pareja, no solo es una muestra del incremento de la violencia, sino que adem\u00e1s cada vez son perpetrados con mayor crueldad, poniendo de manifiesto la misoginia que deshumaniza los cuerpos de ni\u00f1as y mujeres.&nbsp;&nbsp;<\/p>\n\n\n\n<p>Cada feminicidio es el ejemplo de un estado fallido, incapaz de prevenir y atender las violencias que se ejercen contra las mujeres, pues son el resultado de omisiones y negligencias que dan como resultado el fin de una vida, porque las se\u00f1ales est\u00e1n presentes, las violencias que no se atienden se incrementan en frecuencia, gravedad y como en este caso con crueldad extrema.&nbsp;<\/p>\n\n\n\n<p>Como parte del movimiento feminista exigimos acciones contundentes que sancionen la violencia feminicida, aplicaci\u00f3n de los protocolos con perspectiva de g\u00e9nero, recursos suficientes para investigar los hechos y sobre todo voluntad pol\u00edtica para dimensionar esta grave problem\u00e1tica, son las deudas que la FGEO tiene para con las v\u00edctimas, sus familias y con la sociedad en general.&nbsp;<\/p>\n\n\n\n<p>El machismo mata, por ello es urgente la aplicaci\u00f3n de la ley, as\u00ed como avanzar en la erradicaci\u00f3n de conductas mis\u00f3ginas y machistas presentes en todos los \u00e1mbitos de la esfera social, incluyendo los \u00e1mbitos de procuraci\u00f3n e impartici\u00f3n de justicia, pues es la grave impunidad la que propicia que no se detenga la situaci\u00f3n de violencia feminicida en Oaxaca.\u00a0<\/p>\n\n\n\n<p><strong>Ang\u00e9lica Ayala Ortiz, presidenta del GESMujer Rosario Castellanos A.C.<\/strong><\/p>\n","protected":false},"excerpt":{"rendered":"<p>Mi\u00e9rcoles 08 de Junio del 2022 Cada feminicidio de una mujer o de una ni\u00f1a causan indignaci\u00f3n y dolor, pero hechos como el ocurrido en la ciudad de Oaxaca, donde una mujer fue v\u00edctima de feminicidio a manos de su pareja, no solo es una muestra del incremento de la violencia, sino que adem\u00e1s cada [&hellip;]<\/p>\n","protected":false},"author":4,"featured_media":26452,"parent":0,"menu_order":0,"comment_status":"closed","ping_status":"closed","template":"","meta":{"give_campaign_id":0,"footnotes":""},"class_list":["post-26451","page","type-page","status-publish","has-post-thumbnail","hentry"],"yoast_head":"<!-- This site is optimized with the Yoast SEO plugin v27.4 - https:\/\/yoast.com\/product\/yoast-seo-wordpress\/ -->\n<title>Crueldad extrema\u00a0 - GESMujer &quot;Rosario Castellanos&quot;<\/title>\n<meta name=\"robots\" content=\"index, follow, max-snippet:-1, max-image-preview:large, max-video-preview:-1\" \/>\n<link rel=\"canonical\" href=\"https:\/\/www.gesmujer.org\/sitio\/crueldad-extrema\/\" \/>\n<meta property=\"og:locale\" content=\"es_MX\" \/>\n<meta property=\"og:type\" content=\"article\" \/>\n<meta property=\"og:title\" content=\"Crueldad extrema\u00a0 - GESMujer &quot;Rosario Castellanos&quot;\" \/>\n<meta property=\"og:description\" content=\"Mi\u00e9rcoles 08 de Junio del 2022 Cada feminicidio de una mujer o de una ni\u00f1a causan indignaci\u00f3n y dolor, pero hechos como el ocurrido en la ciudad de Oaxaca, donde una mujer fue v\u00edctima de feminicidio a manos de su pareja, no solo es una muestra del incremento de la violencia, sino que adem\u00e1s cada [&hellip;]\" \/>\n<meta property=\"og:url\" content=\"https:\/\/www.gesmujer.org\/sitio\/crueldad-extrema\/\" \/>\n<meta property=\"og:site_name\" content=\"GESMujer &quot;Rosario Castellanos&quot;\" \/>\n<meta property=\"article:publisher\" content=\"https:\/\/www.facebook.com\/gesmujer.rosario.castellanos.ac\" \/>\n<meta property=\"article:modified_time\" content=\"2022-06-08T23:20:28+00:00\" \/>\n<meta property=\"og:image\" content=\"https:\/\/www.gesmujer.org\/sitio\/wp-content\/uploads\/2022\/06\/feminicidio-violencia-640x360-1.jpg\" \/>\n\t<meta property=\"og:image:width\" content=\"640\" \/>\n\t<meta property=\"og:image:height\" content=\"360\" \/>\n\t<meta property=\"og:image:type\" content=\"image\/jpeg\" \/>\n<meta name=\"twitter:card\" content=\"summary_large_image\" \/>\n<meta name=\"twitter:site\" content=\"@GES_Mujer\" \/>\n<meta name=\"twitter:label1\" content=\"Tiempo de lectura\" \/>\n\t<meta name=\"twitter:data1\" content=\"2 minutos\" \/>\n<script type=\"application\/ld+json\" class=\"yoast-schema-graph\">{\"@context\":\"https:\\\/\\\/schema.org\",\"@graph\":[{\"@type\":\"WebPage\",\"@id\":\"https:\\\/\\\/www.gesmujer.org\\\/sitio\\\/crueldad-extrema\\\/\",\"url\":\"https:\\\/\\\/www.gesmujer.org\\\/sitio\\\/crueldad-extrema\\\/\",\"name\":\"Crueldad extrema\u00a0 - GESMujer &quot;Rosario Castellanos&quot;\",\"isPartOf\":{\"@id\":\"https:\\\/\\\/www.gesmujer.org\\\/sitio\\\/#website\"},\"primaryImageOfPage\":{\"@id\":\"https:\\\/\\\/www.gesmujer.org\\\/sitio\\\/crueldad-extrema\\\/#primaryimage\"},\"image\":{\"@id\":\"https:\\\/\\\/www.gesmujer.org\\\/sitio\\\/crueldad-extrema\\\/#primaryimage\"},\"thumbnailUrl\":\"https:\\\/\\\/www.gesmujer.org\\\/sitio\\\/wp-content\\\/uploads\\\/2022\\\/06\\\/feminicidio-violencia-640x360-1.jpg\",\"datePublished\":\"2022-06-08T23:20:26+00:00\",\"dateModified\":\"2022-06-08T23:20:28+00:00\",\"breadcrumb\":{\"@id\":\"https:\\\/\\\/www.gesmujer.org\\\/sitio\\\/crueldad-extrema\\\/#breadcrumb\"},\"inLanguage\":\"es\",\"potentialAction\":[{\"@type\":\"ReadAction\",\"target\":[\"https:\\\/\\\/www.gesmujer.org\\\/sitio\\\/crueldad-extrema\\\/\"]}]},{\"@type\":\"ImageObject\",\"inLanguage\":\"es\",\"@id\":\"https:\\\/\\\/www.gesmujer.org\\\/sitio\\\/crueldad-extrema\\\/#primaryimage\",\"url\":\"https:\\\/\\\/www.gesmujer.org\\\/sitio\\\/wp-content\\\/uploads\\\/2022\\\/06\\\/feminicidio-violencia-640x360-1.jpg\",\"contentUrl\":\"https:\\\/\\\/www.gesmujer.org\\\/sitio\\\/wp-content\\\/uploads\\\/2022\\\/06\\\/feminicidio-violencia-640x360-1.jpg\",\"width\":640,\"height\":360},{\"@type\":\"BreadcrumbList\",\"@id\":\"https:\\\/\\\/www.gesmujer.org\\\/sitio\\\/crueldad-extrema\\\/#breadcrumb\",\"itemListElement\":[{\"@type\":\"ListItem\",\"position\":1,\"name\":\"Home\",\"item\":\"https:\\\/\\\/www.gesmujer.org\\\/sitio\\\/\"},{\"@type\":\"ListItem\",\"position\":2,\"name\":\"Crueldad extrema\u00a0\"}]},{\"@type\":\"WebSite\",\"@id\":\"https:\\\/\\\/www.gesmujer.org\\\/sitio\\\/#website\",\"url\":\"https:\\\/\\\/www.gesmujer.org\\\/sitio\\\/\",\"name\":\"GESMujer \\\"Rosario Castellanos\\\"\",\"description\":\"M\u00e1s de 45 a\u00f1os ha llevado a cabo acciones para erradicar la violencia de g\u00e9nero y construir entornos donde las mujeres encuentren su resiliencia, incrementen su agencia y autonom\u00eda que les permita lograr su empoderamiento a trav\u00e9s de cinco l\u00edneas de acci\u00f3n.\",\"publisher\":{\"@id\":\"https:\\\/\\\/www.gesmujer.org\\\/sitio\\\/#organization\"},\"alternateName\":\"GESMujer\",\"potentialAction\":[{\"@type\":\"SearchAction\",\"target\":{\"@type\":\"EntryPoint\",\"urlTemplate\":\"https:\\\/\\\/www.gesmujer.org\\\/sitio\\\/?s={search_term_string}\"},\"query-input\":{\"@type\":\"PropertyValueSpecification\",\"valueRequired\":true,\"valueName\":\"search_term_string\"}}],\"inLanguage\":\"es\"},{\"@type\":\"Organization\",\"@id\":\"https:\\\/\\\/www.gesmujer.org\\\/sitio\\\/#organization\",\"name\":\"Grupo de estudios sobre la mujer Rosario Castellanos ac\",\"alternateName\":\"GESMujer\",\"url\":\"https:\\\/\\\/www.gesmujer.org\\\/sitio\\\/\",\"logo\":{\"@type\":\"ImageObject\",\"inLanguage\":\"es\",\"@id\":\"https:\\\/\\\/www.gesmujer.org\\\/sitio\\\/#\\\/schema\\\/logo\\\/image\\\/\",\"url\":\"https:\\\/\\\/www.gesmujer.org\\\/sitio\\\/wp-content\\\/uploads\\\/2026\\\/03\\\/Logo-GESMujer-300.png\",\"contentUrl\":\"https:\\\/\\\/www.gesmujer.org\\\/sitio\\\/wp-content\\\/uploads\\\/2026\\\/03\\\/Logo-GESMujer-300.png\",\"width\":300,\"height\":141,\"caption\":\"Grupo de estudios sobre la mujer Rosario Castellanos ac\"},\"image\":{\"@id\":\"https:\\\/\\\/www.gesmujer.org\\\/sitio\\\/#\\\/schema\\\/logo\\\/image\\\/\"},\"sameAs\":[\"https:\\\/\\\/www.facebook.com\\\/gesmujer.rosario.castellanos.ac\",\"https:\\\/\\\/x.com\\\/GES_Mujer\",\"https:\\\/\\\/www.instagram.com\\\/ges_mujer\\\/?hl=es\",\"https:\\\/\\\/www.youtube.com\\\/c\\\/GESMujerRosarioCastellanos\\\/videos\",\"https:\\\/\\\/soundcloud.com\\\/gesmujerac\",\"https:\\\/\\\/www.tiktok.com\\\/@gesmujer\"]}]}<\/script>\n<!-- \/ Yoast SEO plugin. -->","yoast_head_json":{"title":"Crueldad extrema\u00a0 - GESMujer &quot;Rosario Castellanos&quot;","robots":{"index":"index","follow":"follow","max-snippet":"max-snippet:-1","max-image-preview":"max-image-preview:large","max-video-preview":"max-video-preview:-1"},"canonical":"https:\/\/www.gesmujer.org\/sitio\/crueldad-extrema\/","og_locale":"es_MX","og_type":"article","og_title":"Crueldad extrema\u00a0 - GESMujer &quot;Rosario Castellanos&quot;","og_description":"Mi\u00e9rcoles 08 de Junio del 2022 Cada feminicidio de una mujer o de una ni\u00f1a causan indignaci\u00f3n y dolor, pero hechos como el ocurrido en la ciudad de Oaxaca, donde una mujer fue v\u00edctima de feminicidio a manos de su pareja, no solo es una muestra del incremento de la violencia, sino que adem\u00e1s cada [&hellip;]","og_url":"https:\/\/www.gesmujer.org\/sitio\/crueldad-extrema\/","og_site_name":"GESMujer &quot;Rosario Castellanos&quot;","article_publisher":"https:\/\/www.facebook.com\/gesmujer.rosario.castellanos.ac","article_modified_time":"2022-06-08T23:20:28+00:00","og_image":[{"width":640,"height":360,"url":"https:\/\/www.gesmujer.org\/sitio\/wp-content\/uploads\/2022\/06\/feminicidio-violencia-640x360-1.jpg","type":"image\/jpeg"}],"twitter_card":"summary_large_image","twitter_site":"@GES_Mujer","twitter_misc":{"Tiempo de lectura":"2 minutos"},"schema":{"@context":"https:\/\/schema.org","@graph":[{"@type":"WebPage","@id":"https:\/\/www.gesmujer.org\/sitio\/crueldad-extrema\/","url":"https:\/\/www.gesmujer.org\/sitio\/crueldad-extrema\/","name":"Crueldad extrema\u00a0 - GESMujer &quot;Rosario Castellanos&quot;","isPartOf":{"@id":"https:\/\/www.gesmujer.org\/sitio\/#website"},"primaryImageOfPage":{"@id":"https:\/\/www.gesmujer.org\/sitio\/crueldad-extrema\/#primaryimage"},"image":{"@id":"https:\/\/www.gesmujer.org\/sitio\/crueldad-extrema\/#primaryimage"},"thumbnailUrl":"https:\/\/www.gesmujer.org\/sitio\/wp-content\/uploads\/2022\/06\/feminicidio-violencia-640x360-1.jpg","datePublished":"2022-06-08T23:20:26+00:00","dateModified":"2022-06-08T23:20:28+00:00","breadcrumb":{"@id":"https:\/\/www.gesmujer.org\/sitio\/crueldad-extrema\/#breadcrumb"},"inLanguage":"es","potentialAction":[{"@type":"ReadAction","target":["https:\/\/www.gesmujer.org\/sitio\/crueldad-extrema\/"]}]},{"@type":"ImageObject","inLanguage":"es","@id":"https:\/\/www.gesmujer.org\/sitio\/crueldad-extrema\/#primaryimage","url":"https:\/\/www.gesmujer.org\/sitio\/wp-content\/uploads\/2022\/06\/feminicidio-violencia-640x360-1.jpg","contentUrl":"https:\/\/www.gesmujer.org\/sitio\/wp-content\/uploads\/2022\/06\/feminicidio-violencia-640x360-1.jpg","width":640,"height":360},{"@type":"BreadcrumbList","@id":"https:\/\/www.gesmujer.org\/sitio\/crueldad-extrema\/#breadcrumb","itemListElement":[{"@type":"ListItem","position":1,"name":"Home","item":"https:\/\/www.gesmujer.org\/sitio\/"},{"@type":"ListItem","position":2,"name":"Crueldad extrema\u00a0"}]},{"@type":"WebSite","@id":"https:\/\/www.gesmujer.org\/sitio\/#website","url":"https:\/\/www.gesmujer.org\/sitio\/","name":"GESMujer \"Rosario Castellanos\"","description":"M\u00e1s de 45 a\u00f1os ha llevado a cabo acciones para erradicar la violencia de g\u00e9nero y construir entornos donde las mujeres encuentren su resiliencia, incrementen su agencia y autonom\u00eda que les permita lograr su empoderamiento a trav\u00e9s de cinco l\u00edneas de acci\u00f3n.","publisher":{"@id":"https:\/\/www.gesmujer.org\/sitio\/#organization"},"alternateName":"GESMujer","potentialAction":[{"@type":"SearchAction","target":{"@type":"EntryPoint","urlTemplate":"https:\/\/www.gesmujer.org\/sitio\/?s={search_term_string}"},"query-input":{"@type":"PropertyValueSpecification","valueRequired":true,"valueName":"search_term_string"}}],"inLanguage":"es"},{"@type":"Organization","@id":"https:\/\/www.gesmujer.org\/sitio\/#organization","name":"Grupo de estudios sobre la mujer Rosario Castellanos ac","alternateName":"GESMujer","url":"https:\/\/www.gesmujer.org\/sitio\/","logo":{"@type":"ImageObject","inLanguage":"es","@id":"https:\/\/www.gesmujer.org\/sitio\/#\/schema\/logo\/image\/","url":"https:\/\/www.gesmujer.org\/sitio\/wp-content\/uploads\/2026\/03\/Logo-GESMujer-300.png","contentUrl":"https:\/\/www.gesmujer.org\/sitio\/wp-content\/uploads\/2026\/03\/Logo-GESMujer-300.png","width":300,"height":141,"caption":"Grupo de estudios sobre la mujer Rosario Castellanos ac"},"image":{"@id":"https:\/\/www.gesmujer.org\/sitio\/#\/schema\/logo\/image\/"},"sameAs":["https:\/\/www.facebook.com\/gesmujer.rosario.castellanos.ac","https:\/\/x.com\/GES_Mujer","https:\/\/www.instagram.com\/ges_mujer\/?hl=es","https:\/\/www.youtube.com\/c\/GESMujerRosarioCastellanos\/videos","https:\/\/soundcloud.com\/gesmujerac","https:\/\/www.tiktok.com\/@gesmujer"]}]}},"campaignId":"","_links":{"self":[{"href":"https:\/\/www.gesmujer.org\/sitio\/wp-json\/wp\/v2\/pages\/26451","targetHints":{"allow":["GET"]}}],"collection":[{"href":"https:\/\/www.gesmujer.org\/sitio\/wp-json\/wp\/v2\/pages"}],"about":[{"href":"https:\/\/www.gesmujer.org\/sitio\/wp-json\/wp\/v2\/types\/page"}],"author":[{"embeddable":true,"href":"https:\/\/www.gesmujer.org\/sitio\/wp-json\/wp\/v2\/users\/4"}],"replies":[{"embeddable":true,"href":"https:\/\/www.gesmujer.org\/sitio\/wp-json\/wp\/v2\/comments?post=26451"}],"version-history":[{"count":1,"href":"https:\/\/www.gesmujer.org\/sitio\/wp-json\/wp\/v2\/pages\/26451\/revisions"}],"predecessor-version":[{"id":26453,"href":"https:\/\/www.gesmujer.org\/sitio\/wp-json\/wp\/v2\/pages\/26451\/revisions\/26453"}],"wp:featuredmedia":[{"embeddable":true,"href":"https:\/\/www.gesmujer.org\/sitio\/wp-json\/wp\/v2\/media\/26452"}],"wp:attachment":[{"href":"https:\/\/www.gesmujer.org\/sitio\/wp-json\/wp\/v2\/media?parent=26451"}],"curies":[{"name":"wp","href":"https:\/\/api.w.org\/{rel}","templated":true}]}}