{"id":2770,"date":"2018-07-30T11:21:44","date_gmt":"2018-07-30T17:21:44","guid":{"rendered":"http:\/\/www.gesmujer.org\/sitio\/?page_id=2770"},"modified":"2021-08-15T22:57:22","modified_gmt":"2021-08-16T04:57:22","slug":"campana","status":"publish","type":"page","link":"https:\/\/www.gesmujer.org\/sitio\/campana\/","title":{"rendered":"Campa\u00f1a 2018 \u00bfY, si mejor lo hablamos?"},"content":{"rendered":"<p><a href=\"https:\/\/www.gesmujer.org\/sitio\/wp-content\/uploads\/2018\/08\/Portada_Face.png\"><img fetchpriority=\"high\" decoding=\"async\" class=\"aligncenter wp-image-2775 size-large\" src=\"https:\/\/www.gesmujer.org\/sitio\/wp-content\/uploads\/2018\/08\/Portada_Face-1024x391.png\" alt=\"\" width=\"1024\" height=\"391\" srcset=\"https:\/\/www.gesmujer.org\/sitio\/wp-content\/uploads\/2018\/08\/Portada_Face-1024x391.png 1024w, https:\/\/www.gesmujer.org\/sitio\/wp-content\/uploads\/2018\/08\/Portada_Face-1080x412.png 1080w, https:\/\/www.gesmujer.org\/sitio\/wp-content\/uploads\/2018\/08\/Portada_Face-300x115.png 300w, https:\/\/www.gesmujer.org\/sitio\/wp-content\/uploads\/2018\/08\/Portada_Face-768x293.png 768w\" sizes=\"(max-width: 1024px) 100vw, 1024px\" \/><\/a><\/p>\n<p style=\"text-align: center;\"><strong>\u00bfY si mejor lo hablamos?<\/strong><strong>\u00a0<\/strong><\/p>\n<p>El gobierno federal, a trav\u00e9s de la Estrategia Nacional para la Prevenci\u00f3n del Embarazo en Adolescentes (ENAPEA), busca disminuir para el 2030 a cero los nacimientos entre ni\u00f1as de 10 a 14 a\u00f1os que a su corta edad se convierten en madres, y reducir en 50 por ciento la tasa espec\u00edfica de fecundidad de las adolescentes de 15 a 19 a\u00f1os.<\/p>\n<p><a href=\"https:\/\/www.gesmujer.org\/sitio\/wp-content\/uploads\/2018\/08\/Banners_01.png\"><img decoding=\"async\" class=\"aligncenter wp-image-2776 size-large\" src=\"https:\/\/www.gesmujer.org\/sitio\/wp-content\/uploads\/2018\/08\/Banners_01-1024x1024.png\" alt=\"\" width=\"1024\" height=\"1024\" srcset=\"https:\/\/www.gesmujer.org\/sitio\/wp-content\/uploads\/2018\/08\/Banners_01-1024x1024.png 1024w, https:\/\/www.gesmujer.org\/sitio\/wp-content\/uploads\/2018\/08\/Banners_01-540x540.png 540w, https:\/\/www.gesmujer.org\/sitio\/wp-content\/uploads\/2018\/08\/Banners_01-240x240.png 240w, https:\/\/www.gesmujer.org\/sitio\/wp-content\/uploads\/2018\/08\/Banners_01-1080x1080.png 1080w, https:\/\/www.gesmujer.org\/sitio\/wp-content\/uploads\/2018\/08\/Banners_01-150x150.png 150w, https:\/\/www.gesmujer.org\/sitio\/wp-content\/uploads\/2018\/08\/Banners_01-300x300.png 300w, https:\/\/www.gesmujer.org\/sitio\/wp-content\/uploads\/2018\/08\/Banners_01-768x768.png 768w, https:\/\/www.gesmujer.org\/sitio\/wp-content\/uploads\/2018\/08\/Banners_01.png 1200w\" sizes=\"(max-width: 1024px) 100vw, 1024px\" \/><\/a><\/p>\n<p>Esa estrategia se puso en marcha desde 2015, pero la falta de efectividad es evidente y requiere una mayor articulaci\u00f3n dentro de los esfuerzos institucionales y de la sociedad civil. La pobreza, el rezago educativo y la falta de una educaci\u00f3n sexual integral son algunos de los principales factores que inciden para que se registren nuevos embarazos entre la poblaci\u00f3n adolescente.<\/p>\n<p><a href=\"https:\/\/www.gesmujer.org\/sitio\/wp-content\/uploads\/2018\/08\/Banners_03.png\"><img decoding=\"async\" class=\"aligncenter wp-image-2777 size-large\" src=\"https:\/\/www.gesmujer.org\/sitio\/wp-content\/uploads\/2018\/08\/Banners_03-1024x1024.png\" alt=\"\" width=\"1024\" height=\"1024\" srcset=\"https:\/\/www.gesmujer.org\/sitio\/wp-content\/uploads\/2018\/08\/Banners_03-1024x1024.png 1024w, https:\/\/www.gesmujer.org\/sitio\/wp-content\/uploads\/2018\/08\/Banners_03-540x540.png 540w, https:\/\/www.gesmujer.org\/sitio\/wp-content\/uploads\/2018\/08\/Banners_03-240x240.png 240w, https:\/\/www.gesmujer.org\/sitio\/wp-content\/uploads\/2018\/08\/Banners_03-1080x1080.png 1080w, https:\/\/www.gesmujer.org\/sitio\/wp-content\/uploads\/2018\/08\/Banners_03-150x150.png 150w, https:\/\/www.gesmujer.org\/sitio\/wp-content\/uploads\/2018\/08\/Banners_03-300x300.png 300w, https:\/\/www.gesmujer.org\/sitio\/wp-content\/uploads\/2018\/08\/Banners_03-768x768.png 768w, https:\/\/www.gesmujer.org\/sitio\/wp-content\/uploads\/2018\/08\/Banners_03.png 1200w\" sizes=\"(max-width: 1024px) 100vw, 1024px\" \/><\/a><\/p>\n<p>Con el inter\u00e9s de coadyuvar de manera positiva en \u00e9sta grave situaci\u00f3n, el Grupo de estudios sobre la mujer Rosario Castellanos implementa una campa\u00f1a de difusi\u00f3n <strong>\u00bfY si mejor lo hablamos?<\/strong>, auspiciada por el programa Proequidad.<\/p>\n<p style=\"text-align: center;\"><strong>Spot de televisi\u00f3n<\/strong><\/p>\n<div style=\"width: 1920px;\" class=\"wp-video\"><video class=\"wp-video-shortcode\" id=\"video-2770-1\" width=\"1920\" height=\"1080\" preload=\"metadata\" controls=\"controls\"><source type=\"video\/mp4\" src=\"https:\/\/www.gesmujer.org\/sitio\/wp-content\/uploads\/2018\/07\/GES-SPOT.mp4?_=1\" \/><a href=\"https:\/\/www.gesmujer.org\/sitio\/wp-content\/uploads\/2018\/07\/GES-SPOT.mp4\">https:\/\/www.gesmujer.org\/sitio\/wp-content\/uploads\/2018\/07\/GES-SPOT.mp4<\/a><\/video><\/div>\n<p>La campa\u00f1a est\u00e1 dirigida a la poblaci\u00f3n adolescente que vive en el municipio de Oaxaca de Ju\u00e1rez, por ser el que reporta el mayor n\u00famero de casos de embarazos adolescentes, impuestos o no planeados.<\/p>\n<p style=\"text-align: center;\"><strong>Spot de radio<\/strong><\/p>\n<audio class=\"wp-audio-shortcode\" id=\"audio-2770-1\" preload=\"none\" style=\"width: 100%;\" controls=\"controls\"><source type=\"audio\/mpeg\" src=\"https:\/\/www.gesmujer.org\/sitio\/wp-content\/uploads\/2018\/08\/SPOT-Radio-PROEQUIDAD-Y-SI-MEJOR-LO-HABLAMOS.mp3?_=1\" \/><a href=\"https:\/\/www.gesmujer.org\/sitio\/wp-content\/uploads\/2018\/08\/SPOT-Radio-PROEQUIDAD-Y-SI-MEJOR-LO-HABLAMOS.mp3\">https:\/\/www.gesmujer.org\/sitio\/wp-content\/uploads\/2018\/08\/SPOT-Radio-PROEQUIDAD-Y-SI-MEJOR-LO-HABLAMOS.mp3<\/a><\/audio>\n<p>El lema de la campa\u00f1a es \u00bfY si mejor lo hablamos?, ya que la intenci\u00f3n es propiciar un di\u00e1logo, buscar informaci\u00f3n y generar una respuesta adelantada por parte de las y los adolescentes y que les permita ejercer de manera informada sus derechos sexuales y reproductivos sin el riesgo de un embarazo.<\/p>\n<p><a href=\"https:\/\/www.gesmujer.org\/sitio\/wp-content\/uploads\/2018\/08\/Banners_04.png\"><img loading=\"lazy\" decoding=\"async\" class=\"aligncenter wp-image-2778 size-large\" src=\"https:\/\/www.gesmujer.org\/sitio\/wp-content\/uploads\/2018\/08\/Banners_04-1024x1024.png\" alt=\"\" width=\"1024\" height=\"1024\" srcset=\"https:\/\/www.gesmujer.org\/sitio\/wp-content\/uploads\/2018\/08\/Banners_04-1024x1024.png 1024w, https:\/\/www.gesmujer.org\/sitio\/wp-content\/uploads\/2018\/08\/Banners_04-540x540.png 540w, https:\/\/www.gesmujer.org\/sitio\/wp-content\/uploads\/2018\/08\/Banners_04-240x240.png 240w, https:\/\/www.gesmujer.org\/sitio\/wp-content\/uploads\/2018\/08\/Banners_04-1080x1080.png 1080w, https:\/\/www.gesmujer.org\/sitio\/wp-content\/uploads\/2018\/08\/Banners_04-150x150.png 150w, https:\/\/www.gesmujer.org\/sitio\/wp-content\/uploads\/2018\/08\/Banners_04-300x300.png 300w, https:\/\/www.gesmujer.org\/sitio\/wp-content\/uploads\/2018\/08\/Banners_04-768x768.png 768w, https:\/\/www.gesmujer.org\/sitio\/wp-content\/uploads\/2018\/08\/Banners_04.png 1200w\" sizes=\"(max-width: 1024px) 100vw, 1024px\" \/><\/a><\/p>\n<p>Este di\u00e1logo implica contrastar posiciones entre pares, esto es entre los propios adolescentes, con sus padres y madres, con los maestros y maestras, as\u00ed como otras personas significativas y corresponsables de \u00e9sta situaci\u00f3n.<\/p>\n<p><a href=\"https:\/\/www.gesmujer.org\/sitio\/wp-content\/uploads\/2018\/09\/ysimejorlohablamos.jpeg\"><img loading=\"lazy\" decoding=\"async\" class=\"aligncenter wp-image-3144 size-full\" src=\"https:\/\/www.gesmujer.org\/sitio\/wp-content\/uploads\/2018\/09\/ysimejorlohablamos.jpeg\" alt=\"\" width=\"627\" height=\"377\" srcset=\"https:\/\/www.gesmujer.org\/sitio\/wp-content\/uploads\/2018\/09\/ysimejorlohablamos.jpeg 627w, https:\/\/www.gesmujer.org\/sitio\/wp-content\/uploads\/2018\/09\/ysimejorlohablamos-600x361.jpeg 600w, https:\/\/www.gesmujer.org\/sitio\/wp-content\/uploads\/2018\/09\/ysimejorlohablamos-300x180.jpeg 300w, https:\/\/www.gesmujer.org\/sitio\/wp-content\/uploads\/2018\/09\/ysimejorlohablamos-200x120.jpeg 200w\" sizes=\"(max-width: 627px) 100vw, 627px\" \/><\/a><\/p>\n<p>Esta campa\u00f1a se extender\u00e1 de este mes de julio al mes de noviembre, tiempo en que se difundir\u00e1n mensajes por diversos medios de comunicaci\u00f3n como la radio, televisi\u00f3n y las plataformas digitales:<\/p>\n<p>TW: <a href=\"https:\/\/twitter.com\/GES_Mujer\">@GES_Mujer<\/a><\/p>\n<p>FB: <a href=\"http:\/\/www.gesmujer.org\/web\/\">Gesmujer Rosario Castellanos<\/a><\/p>\n","protected":false},"excerpt":{"rendered":"<p>\u00bfY si mejor lo hablamos?\u00a0 El gobierno federal, a trav\u00e9s de la Estrategia Nacional para la Prevenci\u00f3n del Embarazo en Adolescentes (ENAPEA), busca disminuir para el 2030 a cero los nacimientos entre ni\u00f1as de 10 a 14 a\u00f1os que a su corta edad se convierten en madres, y reducir en 50 por ciento la tasa [&hellip;]<\/p>\n","protected":false},"author":4,"featured_media":0,"parent":0,"menu_order":0,"comment_status":"closed","ping_status":"closed","template":"","meta":{"give_campaign_id":0,"footnotes":""},"class_list":["post-2770","page","type-page","status-publish","hentry"],"yoast_head":"<!-- This site is optimized with the Yoast SEO plugin v27.4 - https:\/\/yoast.com\/product\/yoast-seo-wordpress\/ -->\n<title>Campa\u00f1a 2018 \u00bfY, si mejor lo hablamos? - GESMujer &quot;Rosario Castellanos&quot;<\/title>\n<meta name=\"robots\" content=\"index, follow, max-snippet:-1, max-image-preview:large, max-video-preview:-1\" \/>\n<link rel=\"canonical\" href=\"https:\/\/www.gesmujer.org\/sitio\/campana\/\" \/>\n<meta property=\"og:locale\" content=\"es_MX\" \/>\n<meta property=\"og:type\" content=\"article\" \/>\n<meta property=\"og:title\" content=\"Campa\u00f1a 2018 \u00bfY, si mejor lo hablamos? - GESMujer &quot;Rosario Castellanos&quot;\" \/>\n<meta property=\"og:description\" content=\"\u00bfY si mejor lo hablamos?\u00a0 El gobierno federal, a trav\u00e9s de la Estrategia Nacional para la Prevenci\u00f3n del Embarazo en Adolescentes (ENAPEA), busca disminuir para el 2030 a cero los nacimientos entre ni\u00f1as de 10 a 14 a\u00f1os que a su corta edad se convierten en madres, y reducir en 50 por ciento la tasa [&hellip;]\" \/>\n<meta property=\"og:url\" content=\"https:\/\/www.gesmujer.org\/sitio\/campana\/\" \/>\n<meta property=\"og:site_name\" content=\"GESMujer &quot;Rosario Castellanos&quot;\" \/>\n<meta property=\"article:publisher\" content=\"https:\/\/www.facebook.com\/gesmujer.rosario.castellanos.ac\" \/>\n<meta property=\"article:modified_time\" content=\"2021-08-16T04:57:22+00:00\" \/>\n<meta property=\"og:image\" content=\"https:\/\/www.gesmujer.org\/sitio\/wp-content\/uploads\/2018\/08\/Portada_Face-1024x391.png\" \/>\n<meta name=\"twitter:card\" content=\"summary_large_image\" \/>\n<meta name=\"twitter:site\" content=\"@GES_Mujer\" \/>\n<meta name=\"twitter:label1\" content=\"Tiempo de lectura\" \/>\n\t<meta name=\"twitter:data1\" content=\"3 minutos\" \/>\n<script type=\"application\/ld+json\" class=\"yoast-schema-graph\">{\"@context\":\"https:\\\/\\\/schema.org\",\"@graph\":[{\"@type\":\"WebPage\",\"@id\":\"https:\\\/\\\/www.gesmujer.org\\\/sitio\\\/campana\\\/\",\"url\":\"https:\\\/\\\/www.gesmujer.org\\\/sitio\\\/campana\\\/\",\"name\":\"Campa\u00f1a 2018 \u00bfY, si mejor lo hablamos? - GESMujer &quot;Rosario Castellanos&quot;\",\"isPartOf\":{\"@id\":\"https:\\\/\\\/www.gesmujer.org\\\/sitio\\\/#website\"},\"primaryImageOfPage\":{\"@id\":\"https:\\\/\\\/www.gesmujer.org\\\/sitio\\\/campana\\\/#primaryimage\"},\"image\":{\"@id\":\"https:\\\/\\\/www.gesmujer.org\\\/sitio\\\/campana\\\/#primaryimage\"},\"thumbnailUrl\":\"https:\\\/\\\/www.gesmujer.org\\\/sitio\\\/wp-content\\\/uploads\\\/2018\\\/08\\\/Portada_Face-1024x391.png\",\"datePublished\":\"2018-07-30T17:21:44+00:00\",\"dateModified\":\"2021-08-16T04:57:22+00:00\",\"breadcrumb\":{\"@id\":\"https:\\\/\\\/www.gesmujer.org\\\/sitio\\\/campana\\\/#breadcrumb\"},\"inLanguage\":\"es\",\"potentialAction\":[{\"@type\":\"ReadAction\",\"target\":[\"https:\\\/\\\/www.gesmujer.org\\\/sitio\\\/campana\\\/\"]}]},{\"@type\":\"ImageObject\",\"inLanguage\":\"es\",\"@id\":\"https:\\\/\\\/www.gesmujer.org\\\/sitio\\\/campana\\\/#primaryimage\",\"url\":\"https:\\\/\\\/www.gesmujer.org\\\/sitio\\\/wp-content\\\/uploads\\\/2018\\\/08\\\/Portada_Face.png\",\"contentUrl\":\"https:\\\/\\\/www.gesmujer.org\\\/sitio\\\/wp-content\\\/uploads\\\/2018\\\/08\\\/Portada_Face.png\",\"width\":2077,\"height\":793},{\"@type\":\"BreadcrumbList\",\"@id\":\"https:\\\/\\\/www.gesmujer.org\\\/sitio\\\/campana\\\/#breadcrumb\",\"itemListElement\":[{\"@type\":\"ListItem\",\"position\":1,\"name\":\"Home\",\"item\":\"https:\\\/\\\/www.gesmujer.org\\\/sitio\\\/\"},{\"@type\":\"ListItem\",\"position\":2,\"name\":\"Campa\u00f1a 2018 \u00bfY, si mejor lo hablamos?\"}]},{\"@type\":\"WebSite\",\"@id\":\"https:\\\/\\\/www.gesmujer.org\\\/sitio\\\/#website\",\"url\":\"https:\\\/\\\/www.gesmujer.org\\\/sitio\\\/\",\"name\":\"GESMujer \\\"Rosario Castellanos\\\"\",\"description\":\"M\u00e1s de 45 a\u00f1os ha llevado a cabo acciones para erradicar la violencia de g\u00e9nero y construir entornos donde las mujeres encuentren su resiliencia, incrementen su agencia y autonom\u00eda que les permita lograr su empoderamiento a trav\u00e9s de cinco l\u00edneas de acci\u00f3n.\",\"publisher\":{\"@id\":\"https:\\\/\\\/www.gesmujer.org\\\/sitio\\\/#organization\"},\"alternateName\":\"GESMujer\",\"potentialAction\":[{\"@type\":\"SearchAction\",\"target\":{\"@type\":\"EntryPoint\",\"urlTemplate\":\"https:\\\/\\\/www.gesmujer.org\\\/sitio\\\/?s={search_term_string}\"},\"query-input\":{\"@type\":\"PropertyValueSpecification\",\"valueRequired\":true,\"valueName\":\"search_term_string\"}}],\"inLanguage\":\"es\"},{\"@type\":\"Organization\",\"@id\":\"https:\\\/\\\/www.gesmujer.org\\\/sitio\\\/#organization\",\"name\":\"Grupo de estudios sobre la mujer Rosario Castellanos ac\",\"alternateName\":\"GESMujer\",\"url\":\"https:\\\/\\\/www.gesmujer.org\\\/sitio\\\/\",\"logo\":{\"@type\":\"ImageObject\",\"inLanguage\":\"es\",\"@id\":\"https:\\\/\\\/www.gesmujer.org\\\/sitio\\\/#\\\/schema\\\/logo\\\/image\\\/\",\"url\":\"https:\\\/\\\/www.gesmujer.org\\\/sitio\\\/wp-content\\\/uploads\\\/2026\\\/03\\\/Logo-GESMujer-300.png\",\"contentUrl\":\"https:\\\/\\\/www.gesmujer.org\\\/sitio\\\/wp-content\\\/uploads\\\/2026\\\/03\\\/Logo-GESMujer-300.png\",\"width\":300,\"height\":141,\"caption\":\"Grupo de estudios sobre la mujer Rosario Castellanos ac\"},\"image\":{\"@id\":\"https:\\\/\\\/www.gesmujer.org\\\/sitio\\\/#\\\/schema\\\/logo\\\/image\\\/\"},\"sameAs\":[\"https:\\\/\\\/www.facebook.com\\\/gesmujer.rosario.castellanos.ac\",\"https:\\\/\\\/x.com\\\/GES_Mujer\",\"https:\\\/\\\/www.instagram.com\\\/ges_mujer\\\/?hl=es\",\"https:\\\/\\\/www.youtube.com\\\/c\\\/GESMujerRosarioCastellanos\\\/videos\",\"https:\\\/\\\/soundcloud.com\\\/gesmujerac\",\"https:\\\/\\\/www.tiktok.com\\\/@gesmujer\"]}]}<\/script>\n<!-- \/ Yoast SEO plugin. -->","yoast_head_json":{"title":"Campa\u00f1a 2018 \u00bfY, si mejor lo hablamos? - GESMujer &quot;Rosario Castellanos&quot;","robots":{"index":"index","follow":"follow","max-snippet":"max-snippet:-1","max-image-preview":"max-image-preview:large","max-video-preview":"max-video-preview:-1"},"canonical":"https:\/\/www.gesmujer.org\/sitio\/campana\/","og_locale":"es_MX","og_type":"article","og_title":"Campa\u00f1a 2018 \u00bfY, si mejor lo hablamos? - GESMujer &quot;Rosario Castellanos&quot;","og_description":"\u00bfY si mejor lo hablamos?\u00a0 El gobierno federal, a trav\u00e9s de la Estrategia Nacional para la Prevenci\u00f3n del Embarazo en Adolescentes (ENAPEA), busca disminuir para el 2030 a cero los nacimientos entre ni\u00f1as de 10 a 14 a\u00f1os que a su corta edad se convierten en madres, y reducir en 50 por ciento la tasa [&hellip;]","og_url":"https:\/\/www.gesmujer.org\/sitio\/campana\/","og_site_name":"GESMujer &quot;Rosario Castellanos&quot;","article_publisher":"https:\/\/www.facebook.com\/gesmujer.rosario.castellanos.ac","article_modified_time":"2021-08-16T04:57:22+00:00","og_image":[{"url":"https:\/\/www.gesmujer.org\/sitio\/wp-content\/uploads\/2018\/08\/Portada_Face-1024x391.png","type":"","width":"","height":""}],"twitter_card":"summary_large_image","twitter_site":"@GES_Mujer","twitter_misc":{"Tiempo de lectura":"3 minutos"},"schema":{"@context":"https:\/\/schema.org","@graph":[{"@type":"WebPage","@id":"https:\/\/www.gesmujer.org\/sitio\/campana\/","url":"https:\/\/www.gesmujer.org\/sitio\/campana\/","name":"Campa\u00f1a 2018 \u00bfY, si mejor lo hablamos? - GESMujer &quot;Rosario Castellanos&quot;","isPartOf":{"@id":"https:\/\/www.gesmujer.org\/sitio\/#website"},"primaryImageOfPage":{"@id":"https:\/\/www.gesmujer.org\/sitio\/campana\/#primaryimage"},"image":{"@id":"https:\/\/www.gesmujer.org\/sitio\/campana\/#primaryimage"},"thumbnailUrl":"https:\/\/www.gesmujer.org\/sitio\/wp-content\/uploads\/2018\/08\/Portada_Face-1024x391.png","datePublished":"2018-07-30T17:21:44+00:00","dateModified":"2021-08-16T04:57:22+00:00","breadcrumb":{"@id":"https:\/\/www.gesmujer.org\/sitio\/campana\/#breadcrumb"},"inLanguage":"es","potentialAction":[{"@type":"ReadAction","target":["https:\/\/www.gesmujer.org\/sitio\/campana\/"]}]},{"@type":"ImageObject","inLanguage":"es","@id":"https:\/\/www.gesmujer.org\/sitio\/campana\/#primaryimage","url":"https:\/\/www.gesmujer.org\/sitio\/wp-content\/uploads\/2018\/08\/Portada_Face.png","contentUrl":"https:\/\/www.gesmujer.org\/sitio\/wp-content\/uploads\/2018\/08\/Portada_Face.png","width":2077,"height":793},{"@type":"BreadcrumbList","@id":"https:\/\/www.gesmujer.org\/sitio\/campana\/#breadcrumb","itemListElement":[{"@type":"ListItem","position":1,"name":"Home","item":"https:\/\/www.gesmujer.org\/sitio\/"},{"@type":"ListItem","position":2,"name":"Campa\u00f1a 2018 \u00bfY, si mejor lo hablamos?"}]},{"@type":"WebSite","@id":"https:\/\/www.gesmujer.org\/sitio\/#website","url":"https:\/\/www.gesmujer.org\/sitio\/","name":"GESMujer \"Rosario Castellanos\"","description":"M\u00e1s de 45 a\u00f1os ha llevado a cabo acciones para erradicar la violencia de g\u00e9nero y construir entornos donde las mujeres encuentren su resiliencia, incrementen su agencia y autonom\u00eda que les permita lograr su empoderamiento a trav\u00e9s de cinco l\u00edneas de acci\u00f3n.","publisher":{"@id":"https:\/\/www.gesmujer.org\/sitio\/#organization"},"alternateName":"GESMujer","potentialAction":[{"@type":"SearchAction","target":{"@type":"EntryPoint","urlTemplate":"https:\/\/www.gesmujer.org\/sitio\/?s={search_term_string}"},"query-input":{"@type":"PropertyValueSpecification","valueRequired":true,"valueName":"search_term_string"}}],"inLanguage":"es"},{"@type":"Organization","@id":"https:\/\/www.gesmujer.org\/sitio\/#organization","name":"Grupo de estudios sobre la mujer Rosario Castellanos ac","alternateName":"GESMujer","url":"https:\/\/www.gesmujer.org\/sitio\/","logo":{"@type":"ImageObject","inLanguage":"es","@id":"https:\/\/www.gesmujer.org\/sitio\/#\/schema\/logo\/image\/","url":"https:\/\/www.gesmujer.org\/sitio\/wp-content\/uploads\/2026\/03\/Logo-GESMujer-300.png","contentUrl":"https:\/\/www.gesmujer.org\/sitio\/wp-content\/uploads\/2026\/03\/Logo-GESMujer-300.png","width":300,"height":141,"caption":"Grupo de estudios sobre la mujer Rosario Castellanos ac"},"image":{"@id":"https:\/\/www.gesmujer.org\/sitio\/#\/schema\/logo\/image\/"},"sameAs":["https:\/\/www.facebook.com\/gesmujer.rosario.castellanos.ac","https:\/\/x.com\/GES_Mujer","https:\/\/www.instagram.com\/ges_mujer\/?hl=es","https:\/\/www.youtube.com\/c\/GESMujerRosarioCastellanos\/videos","https:\/\/soundcloud.com\/gesmujerac","https:\/\/www.tiktok.com\/@gesmujer"]}]}},"campaignId":"","_links":{"self":[{"href":"https:\/\/www.gesmujer.org\/sitio\/wp-json\/wp\/v2\/pages\/2770","targetHints":{"allow":["GET"]}}],"collection":[{"href":"https:\/\/www.gesmujer.org\/sitio\/wp-json\/wp\/v2\/pages"}],"about":[{"href":"https:\/\/www.gesmujer.org\/sitio\/wp-json\/wp\/v2\/types\/page"}],"author":[{"embeddable":true,"href":"https:\/\/www.gesmujer.org\/sitio\/wp-json\/wp\/v2\/users\/4"}],"replies":[{"embeddable":true,"href":"https:\/\/www.gesmujer.org\/sitio\/wp-json\/wp\/v2\/comments?post=2770"}],"version-history":[{"count":13,"href":"https:\/\/www.gesmujer.org\/sitio\/wp-json\/wp\/v2\/pages\/2770\/revisions"}],"predecessor-version":[{"id":22436,"href":"https:\/\/www.gesmujer.org\/sitio\/wp-json\/wp\/v2\/pages\/2770\/revisions\/22436"}],"wp:attachment":[{"href":"https:\/\/www.gesmujer.org\/sitio\/wp-json\/wp\/v2\/media?parent=2770"}],"curies":[{"name":"wp","href":"https:\/\/api.w.org\/{rel}","templated":true}]}}