{"id":27807,"date":"2022-10-29T18:51:32","date_gmt":"2022-10-30T00:51:32","guid":{"rendered":"https:\/\/www.gesmujer.org\/sitio\/?page_id=27807"},"modified":"2022-10-29T19:15:49","modified_gmt":"2022-10-30T01:15:49","slug":"convocatorias","status":"publish","type":"page","link":"https:\/\/www.gesmujer.org\/sitio\/convocatorias\/","title":{"rendered":"Convocatoria"},"content":{"rendered":"\t\t<div data-elementor-type=\"wp-page\" data-elementor-id=\"27807\" class=\"elementor elementor-27807\">\n\t\t\t\t\t\t<section class=\"elementor-section elementor-top-section elementor-element elementor-element-612778a elementor-section-boxed elementor-section-height-default elementor-section-height-default\" data-id=\"612778a\" data-element_type=\"section\" data-e-type=\"section\">\n\t\t\t\t\t\t<div class=\"elementor-container elementor-column-gap-default\">\n\t\t\t\t\t<div class=\"elementor-column elementor-col-100 elementor-top-column elementor-element elementor-element-07b9f7a\" data-id=\"07b9f7a\" data-element_type=\"column\" data-e-type=\"column\">\n\t\t\t<div class=\"elementor-widget-wrap elementor-element-populated\">\n\t\t\t\t\t\t<div class=\"elementor-element elementor-element-49854e7 elementor-widget elementor-widget-heading\" data-id=\"49854e7\" data-element_type=\"widget\" data-e-type=\"widget\" data-widget_type=\"heading.default\">\n\t\t\t\t<div class=\"elementor-widget-container\">\n\t\t\t\t\t<h4 class=\"elementor-heading-title elementor-size-default\">Convocatoria \"Concurso de Dise\u00f1o de cartel conmemorativo 45 a\u00f1os GESMujer<\/h4>\t\t\t\t<\/div>\n\t\t\t\t<\/div>\n\t\t\t\t\t<\/div>\n\t\t<\/div>\n\t\t\t\t\t<\/div>\n\t\t<\/section>\n\t\t\t\t<section class=\"elementor-section elementor-top-section elementor-element elementor-element-8e919a6 elementor-section-boxed elementor-section-height-default elementor-section-height-default\" data-id=\"8e919a6\" data-element_type=\"section\" data-e-type=\"section\">\n\t\t\t\t\t\t<div class=\"elementor-container elementor-column-gap-default\">\n\t\t\t\t\t<div class=\"elementor-column elementor-col-100 elementor-top-column elementor-element elementor-element-f91ca98\" data-id=\"f91ca98\" data-element_type=\"column\" data-e-type=\"column\">\n\t\t\t<div class=\"elementor-widget-wrap elementor-element-populated\">\n\t\t\t\t\t\t<div class=\"elementor-element elementor-element-108a106 elementor-widget elementor-widget-image\" data-id=\"108a106\" data-element_type=\"widget\" data-e-type=\"widget\" data-widget_type=\"image.default\">\n\t\t\t\t<div class=\"elementor-widget-container\">\n\t\t\t\t\t\t\t\t\t\t\t\t\t\t\t<img fetchpriority=\"high\" decoding=\"async\" width=\"727\" height=\"1024\" src=\"https:\/\/www.gesmujer.org\/sitio\/wp-content\/uploads\/2022\/10\/Convocatoria-727x1024.jpg\" class=\"attachment-large size-large wp-image-27810\" alt=\"\" srcset=\"https:\/\/www.gesmujer.org\/sitio\/wp-content\/uploads\/2022\/10\/Convocatoria-727x1024.jpg 727w, https:\/\/www.gesmujer.org\/sitio\/wp-content\/uploads\/2022\/10\/Convocatoria-1080x1522.jpg 1080w, https:\/\/www.gesmujer.org\/sitio\/wp-content\/uploads\/2022\/10\/Convocatoria-213x300.jpg 213w, https:\/\/www.gesmujer.org\/sitio\/wp-content\/uploads\/2022\/10\/Convocatoria-768x1082.jpg 768w, https:\/\/www.gesmujer.org\/sitio\/wp-content\/uploads\/2022\/10\/Convocatoria-1090x1536.jpg 1090w, https:\/\/www.gesmujer.org\/sitio\/wp-content\/uploads\/2022\/10\/Convocatoria.jpg 1453w\" sizes=\"(max-width: 727px) 100vw, 727px\" \/>\t\t\t\t\t\t\t\t\t\t\t\t\t\t\t<\/div>\n\t\t\t\t<\/div>\n\t\t\t\t\t<\/div>\n\t\t<\/div>\n\t\t\t\t\t<\/div>\n\t\t<\/section>\n\t\t\t\t<section class=\"elementor-section elementor-top-section elementor-element elementor-element-8bef8d6 elementor-section-boxed elementor-section-height-default elementor-section-height-default\" data-id=\"8bef8d6\" data-element_type=\"section\" data-e-type=\"section\">\n\t\t\t\t\t\t<div class=\"elementor-container elementor-column-gap-default\">\n\t\t\t\t\t<div class=\"elementor-column elementor-col-100 elementor-top-column elementor-element elementor-element-5abc566\" data-id=\"5abc566\" data-element_type=\"column\" data-e-type=\"column\">\n\t\t\t<div class=\"elementor-widget-wrap elementor-element-populated\">\n\t\t\t\t\t\t<div class=\"elementor-element elementor-element-731046c elementor-widget elementor-widget-heading\" data-id=\"731046c\" data-element_type=\"widget\" data-e-type=\"widget\" data-widget_type=\"heading.default\">\n\t\t\t\t<div class=\"elementor-widget-container\">\n\t\t\t\t\t<h3 class=\"elementor-heading-title elementor-size-default\">Participa y comparte.<\/h3>\t\t\t\t<\/div>\n\t\t\t\t<\/div>\n\t\t\t\t\t<\/div>\n\t\t<\/div>\n\t\t\t\t\t<\/div>\n\t\t<\/section>\n\t\t\t\t<section class=\"elementor-section elementor-top-section elementor-element elementor-element-0f192ed elementor-section-boxed elementor-section-height-default elementor-section-height-default\" data-id=\"0f192ed\" data-element_type=\"section\" data-e-type=\"section\">\n\t\t\t\t\t\t<div class=\"elementor-container elementor-column-gap-default\">\n\t\t\t\t\t<div class=\"elementor-column elementor-col-50 elementor-top-column elementor-element elementor-element-35ea3d0\" data-id=\"35ea3d0\" data-element_type=\"column\" data-e-type=\"column\">\n\t\t\t<div class=\"elementor-widget-wrap elementor-element-populated\">\n\t\t\t\t\t\t<div class=\"elementor-element elementor-element-4223eda elementor-widget elementor-widget-text-editor\" data-id=\"4223eda\" data-element_type=\"widget\" data-e-type=\"widget\" data-widget_type=\"text-editor.default\">\n\t\t\t\t<div class=\"elementor-widget-container\">\n\t\t\t\t\t\t\t\t\t<p>CONCURSO DE DISE\u00d1O DE CARTEL CONMEMORATIVO, POR LOS 45 A\u00d1OS DE GESMUJER<\/p><p>TEMA: &#8220;GESMujer, 45 a\u00f1os trabajando por una sociedad justa y equitativa, que respete los derechos de las mujeres&#8221;<\/p><p>PREMIO: $5,000.00 Cinco mil pesos<\/p><p>La convocatoria cierra el 22 de noviembre del presente a\u00f1o<\/p><p>La t\u00e9cnica a utilizar es libre y se podr\u00e1 participar de manera individual o por equipo, con la oportunidad de enviar m\u00e1s de una propuesta.<\/p><p>RECEPCI\u00d3N: Se deber\u00e1 enviar de manera digital en alta resoluci\u00f3n, en medida de 60&#215;90 cm, en formato PDF, con resoluci\u00f3n de 300 DPI anexado los siguientes documentos.<\/p><p>* Formato de cesi\u00f3n de derechos.<\/p><p>* Declaraci\u00f3n de car\u00e1cter original e in\u00e9dito del cartel.<\/p><p>* Semblanza de la persona o grupo participante (Nombre, tel\u00e9fono y correo electr\u00f3nico).<\/p><p>Los carteles preseleccionados ser\u00e1n expuestos el 7 de Diciembre, en la celebraci\u00f3n de aniversario de Gesmujer Rosario Castellanos<\/p><p>INFORMES: Tel: 951 2049350<\/p><p>comunicacion@gesmujer.org<\/p>\t\t\t\t\t\t\t\t<\/div>\n\t\t\t\t<\/div>\n\t\t\t\t\t<\/div>\n\t\t<\/div>\n\t\t\t\t<div class=\"elementor-column elementor-col-50 elementor-top-column elementor-element elementor-element-ece5868\" data-id=\"ece5868\" data-element_type=\"column\" data-e-type=\"column\">\n\t\t\t<div class=\"elementor-widget-wrap elementor-element-populated\">\n\t\t\t\t\t\t\t<\/div>\n\t\t<\/div>\n\t\t\t\t\t<\/div>\n\t\t<\/section>\n\t\t\t\t<\/div>\n\t\t","protected":false},"excerpt":{"rendered":"<p>Convocatoria &#8220;Concurso de Dise\u00f1o de cartel conmemorativo 45 a\u00f1os GESMujer Participa y comparte. CONCURSO DE DISE\u00d1O DE CARTEL CONMEMORATIVO, POR LOS 45 A\u00d1OS DE GESMUJER TEMA: &#8220;GESMujer, 45 a\u00f1os trabajando por una sociedad justa y equitativa, que respete los derechos de las mujeres&#8221; PREMIO: $5,000.00 Cinco mil pesos La convocatoria cierra el 22 de noviembre [&hellip;]<\/p>\n","protected":false},"author":4,"featured_media":0,"parent":0,"menu_order":0,"comment_status":"closed","ping_status":"closed","template":"","meta":{"give_campaign_id":0,"footnotes":""},"class_list":["post-27807","page","type-page","status-publish","hentry"],"yoast_head":"<!-- This site is optimized with the Yoast SEO plugin v27.2 - https:\/\/yoast.com\/product\/yoast-seo-wordpress\/ -->\n<title>Convocatoria - GESMujer &quot;Rosario Castellanos&quot;<\/title>\n<meta name=\"robots\" content=\"index, follow, max-snippet:-1, max-image-preview:large, max-video-preview:-1\" \/>\n<link rel=\"canonical\" href=\"https:\/\/www.gesmujer.org\/sitio\/convocatorias\/\" \/>\n<meta property=\"og:locale\" content=\"es_MX\" \/>\n<meta property=\"og:type\" content=\"article\" \/>\n<meta property=\"og:title\" content=\"Convocatoria - GESMujer &quot;Rosario Castellanos&quot;\" \/>\n<meta property=\"og:description\" content=\"Convocatoria &#8220;Concurso de Dise\u00f1o de cartel conmemorativo 45 a\u00f1os GESMujer Participa y comparte. CONCURSO DE DISE\u00d1O DE CARTEL CONMEMORATIVO, POR LOS 45 A\u00d1OS DE GESMUJER TEMA: &#8220;GESMujer, 45 a\u00f1os trabajando por una sociedad justa y equitativa, que respete los derechos de las mujeres&#8221; PREMIO: $5,000.00 Cinco mil pesos La convocatoria cierra el 22 de noviembre [&hellip;]\" \/>\n<meta property=\"og:url\" content=\"https:\/\/www.gesmujer.org\/sitio\/convocatorias\/\" \/>\n<meta property=\"og:site_name\" content=\"GESMujer &quot;Rosario Castellanos&quot;\" \/>\n<meta property=\"article:publisher\" content=\"https:\/\/www.facebook.com\/gesmujer.rosario.castellanos.ac\" \/>\n<meta property=\"article:modified_time\" content=\"2022-10-30T01:15:49+00:00\" \/>\n<meta property=\"og:image\" content=\"https:\/\/www.gesmujer.org\/sitio\/wp-content\/uploads\/2022\/10\/Convocatoria-727x1024.jpg\" \/>\n<meta name=\"twitter:card\" content=\"summary_large_image\" \/>\n<meta name=\"twitter:site\" content=\"@GES_Mujer\" \/>\n<meta name=\"twitter:label1\" content=\"Tiempo de lectura\" \/>\n\t<meta name=\"twitter:data1\" content=\"1 minuto\" \/>\n<script type=\"application\/ld+json\" class=\"yoast-schema-graph\">{\"@context\":\"https:\/\/schema.org\",\"@graph\":[{\"@type\":\"WebPage\",\"@id\":\"https:\/\/www.gesmujer.org\/sitio\/convocatorias\/\",\"url\":\"https:\/\/www.gesmujer.org\/sitio\/convocatorias\/\",\"name\":\"Convocatoria - GESMujer &quot;Rosario Castellanos&quot;\",\"isPartOf\":{\"@id\":\"https:\/\/www.gesmujer.org\/sitio\/#website\"},\"primaryImageOfPage\":{\"@id\":\"https:\/\/www.gesmujer.org\/sitio\/convocatorias\/#primaryimage\"},\"image\":{\"@id\":\"https:\/\/www.gesmujer.org\/sitio\/convocatorias\/#primaryimage\"},\"thumbnailUrl\":\"https:\/\/www.gesmujer.org\/sitio\/wp-content\/uploads\/2022\/10\/Convocatoria-727x1024.jpg\",\"datePublished\":\"2022-10-30T00:51:32+00:00\",\"dateModified\":\"2022-10-30T01:15:49+00:00\",\"breadcrumb\":{\"@id\":\"https:\/\/www.gesmujer.org\/sitio\/convocatorias\/#breadcrumb\"},\"inLanguage\":\"es\",\"potentialAction\":[{\"@type\":\"ReadAction\",\"target\":[\"https:\/\/www.gesmujer.org\/sitio\/convocatorias\/\"]}]},{\"@type\":\"ImageObject\",\"inLanguage\":\"es\",\"@id\":\"https:\/\/www.gesmujer.org\/sitio\/convocatorias\/#primaryimage\",\"url\":\"https:\/\/www.gesmujer.org\/sitio\/wp-content\/uploads\/2022\/10\/Convocatoria.jpg\",\"contentUrl\":\"https:\/\/www.gesmujer.org\/sitio\/wp-content\/uploads\/2022\/10\/Convocatoria.jpg\",\"width\":1453,\"height\":2048},{\"@type\":\"BreadcrumbList\",\"@id\":\"https:\/\/www.gesmujer.org\/sitio\/convocatorias\/#breadcrumb\",\"itemListElement\":[{\"@type\":\"ListItem\",\"position\":1,\"name\":\"Home\",\"item\":\"https:\/\/www.gesmujer.org\/sitio\/\"},{\"@type\":\"ListItem\",\"position\":2,\"name\":\"Convocatoria\"}]},{\"@type\":\"WebSite\",\"@id\":\"https:\/\/www.gesmujer.org\/sitio\/#website\",\"url\":\"https:\/\/www.gesmujer.org\/sitio\/\",\"name\":\"GESMujer \\\"Rosario Castellanos\\\"\",\"description\":\"M\u00e1s de 45 a\u00f1os ha llevado a cabo acciones para erradicar la violencia de g\u00e9nero y construir entornos donde las mujeres encuentren su resiliencia, incrementen su agencia y autonom\u00eda que les permita lograr su empoderamiento a trav\u00e9s de cinco l\u00edneas de acci\u00f3n.\",\"publisher\":{\"@id\":\"https:\/\/www.gesmujer.org\/sitio\/#organization\"},\"alternateName\":\"GESMujer\",\"potentialAction\":[{\"@type\":\"SearchAction\",\"target\":{\"@type\":\"EntryPoint\",\"urlTemplate\":\"https:\/\/www.gesmujer.org\/sitio\/?s={search_term_string}\"},\"query-input\":{\"@type\":\"PropertyValueSpecification\",\"valueRequired\":true,\"valueName\":\"search_term_string\"}}],\"inLanguage\":\"es\"},{\"@type\":\"Organization\",\"@id\":\"https:\/\/www.gesmujer.org\/sitio\/#organization\",\"name\":\"Grupo de estudios sobre la mujer Rosario Castellanos ac\",\"alternateName\":\"GESMujer\",\"url\":\"https:\/\/www.gesmujer.org\/sitio\/\",\"logo\":{\"@type\":\"ImageObject\",\"inLanguage\":\"es\",\"@id\":\"https:\/\/www.gesmujer.org\/sitio\/#\/schema\/logo\/image\/\",\"url\":\"https:\/\/www.gesmujer.org\/sitio\/wp-content\/uploads\/2026\/03\/Logo-GESMujer-300.png\",\"contentUrl\":\"https:\/\/www.gesmujer.org\/sitio\/wp-content\/uploads\/2026\/03\/Logo-GESMujer-300.png\",\"width\":300,\"height\":141,\"caption\":\"Grupo de estudios sobre la mujer Rosario Castellanos ac\"},\"image\":{\"@id\":\"https:\/\/www.gesmujer.org\/sitio\/#\/schema\/logo\/image\/\"},\"sameAs\":[\"https:\/\/www.facebook.com\/gesmujer.rosario.castellanos.ac\",\"https:\/\/x.com\/GES_Mujer\",\"https:\/\/www.instagram.com\/ges_mujer\/?hl=es\",\"https:\/\/www.youtube.com\/c\/GESMujerRosarioCastellanos\/videos\",\"https:\/\/soundcloud.com\/gesmujerac\",\"https:\/\/www.tiktok.com\/@gesmujer\"]}]}<\/script>\n<!-- \/ Yoast SEO plugin. -->","yoast_head_json":{"title":"Convocatoria - GESMujer &quot;Rosario Castellanos&quot;","robots":{"index":"index","follow":"follow","max-snippet":"max-snippet:-1","max-image-preview":"max-image-preview:large","max-video-preview":"max-video-preview:-1"},"canonical":"https:\/\/www.gesmujer.org\/sitio\/convocatorias\/","og_locale":"es_MX","og_type":"article","og_title":"Convocatoria - GESMujer &quot;Rosario Castellanos&quot;","og_description":"Convocatoria &#8220;Concurso de Dise\u00f1o de cartel conmemorativo 45 a\u00f1os GESMujer Participa y comparte. CONCURSO DE DISE\u00d1O DE CARTEL CONMEMORATIVO, POR LOS 45 A\u00d1OS DE GESMUJER TEMA: &#8220;GESMujer, 45 a\u00f1os trabajando por una sociedad justa y equitativa, que respete los derechos de las mujeres&#8221; PREMIO: $5,000.00 Cinco mil pesos La convocatoria cierra el 22 de noviembre [&hellip;]","og_url":"https:\/\/www.gesmujer.org\/sitio\/convocatorias\/","og_site_name":"GESMujer &quot;Rosario Castellanos&quot;","article_publisher":"https:\/\/www.facebook.com\/gesmujer.rosario.castellanos.ac","article_modified_time":"2022-10-30T01:15:49+00:00","og_image":[{"url":"https:\/\/www.gesmujer.org\/sitio\/wp-content\/uploads\/2022\/10\/Convocatoria-727x1024.jpg","type":"","width":"","height":""}],"twitter_card":"summary_large_image","twitter_site":"@GES_Mujer","twitter_misc":{"Tiempo de lectura":"1 minuto"},"schema":{"@context":"https:\/\/schema.org","@graph":[{"@type":"WebPage","@id":"https:\/\/www.gesmujer.org\/sitio\/convocatorias\/","url":"https:\/\/www.gesmujer.org\/sitio\/convocatorias\/","name":"Convocatoria - GESMujer &quot;Rosario Castellanos&quot;","isPartOf":{"@id":"https:\/\/www.gesmujer.org\/sitio\/#website"},"primaryImageOfPage":{"@id":"https:\/\/www.gesmujer.org\/sitio\/convocatorias\/#primaryimage"},"image":{"@id":"https:\/\/www.gesmujer.org\/sitio\/convocatorias\/#primaryimage"},"thumbnailUrl":"https:\/\/www.gesmujer.org\/sitio\/wp-content\/uploads\/2022\/10\/Convocatoria-727x1024.jpg","datePublished":"2022-10-30T00:51:32+00:00","dateModified":"2022-10-30T01:15:49+00:00","breadcrumb":{"@id":"https:\/\/www.gesmujer.org\/sitio\/convocatorias\/#breadcrumb"},"inLanguage":"es","potentialAction":[{"@type":"ReadAction","target":["https:\/\/www.gesmujer.org\/sitio\/convocatorias\/"]}]},{"@type":"ImageObject","inLanguage":"es","@id":"https:\/\/www.gesmujer.org\/sitio\/convocatorias\/#primaryimage","url":"https:\/\/www.gesmujer.org\/sitio\/wp-content\/uploads\/2022\/10\/Convocatoria.jpg","contentUrl":"https:\/\/www.gesmujer.org\/sitio\/wp-content\/uploads\/2022\/10\/Convocatoria.jpg","width":1453,"height":2048},{"@type":"BreadcrumbList","@id":"https:\/\/www.gesmujer.org\/sitio\/convocatorias\/#breadcrumb","itemListElement":[{"@type":"ListItem","position":1,"name":"Home","item":"https:\/\/www.gesmujer.org\/sitio\/"},{"@type":"ListItem","position":2,"name":"Convocatoria"}]},{"@type":"WebSite","@id":"https:\/\/www.gesmujer.org\/sitio\/#website","url":"https:\/\/www.gesmujer.org\/sitio\/","name":"GESMujer \"Rosario Castellanos\"","description":"M\u00e1s de 45 a\u00f1os ha llevado a cabo acciones para erradicar la violencia de g\u00e9nero y construir entornos donde las mujeres encuentren su resiliencia, incrementen su agencia y autonom\u00eda que les permita lograr su empoderamiento a trav\u00e9s de cinco l\u00edneas de acci\u00f3n.","publisher":{"@id":"https:\/\/www.gesmujer.org\/sitio\/#organization"},"alternateName":"GESMujer","potentialAction":[{"@type":"SearchAction","target":{"@type":"EntryPoint","urlTemplate":"https:\/\/www.gesmujer.org\/sitio\/?s={search_term_string}"},"query-input":{"@type":"PropertyValueSpecification","valueRequired":true,"valueName":"search_term_string"}}],"inLanguage":"es"},{"@type":"Organization","@id":"https:\/\/www.gesmujer.org\/sitio\/#organization","name":"Grupo de estudios sobre la mujer Rosario Castellanos ac","alternateName":"GESMujer","url":"https:\/\/www.gesmujer.org\/sitio\/","logo":{"@type":"ImageObject","inLanguage":"es","@id":"https:\/\/www.gesmujer.org\/sitio\/#\/schema\/logo\/image\/","url":"https:\/\/www.gesmujer.org\/sitio\/wp-content\/uploads\/2026\/03\/Logo-GESMujer-300.png","contentUrl":"https:\/\/www.gesmujer.org\/sitio\/wp-content\/uploads\/2026\/03\/Logo-GESMujer-300.png","width":300,"height":141,"caption":"Grupo de estudios sobre la mujer Rosario Castellanos ac"},"image":{"@id":"https:\/\/www.gesmujer.org\/sitio\/#\/schema\/logo\/image\/"},"sameAs":["https:\/\/www.facebook.com\/gesmujer.rosario.castellanos.ac","https:\/\/x.com\/GES_Mujer","https:\/\/www.instagram.com\/ges_mujer\/?hl=es","https:\/\/www.youtube.com\/c\/GESMujerRosarioCastellanos\/videos","https:\/\/soundcloud.com\/gesmujerac","https:\/\/www.tiktok.com\/@gesmujer"]}]}},"campaignId":"","_links":{"self":[{"href":"https:\/\/www.gesmujer.org\/sitio\/wp-json\/wp\/v2\/pages\/27807","targetHints":{"allow":["GET"]}}],"collection":[{"href":"https:\/\/www.gesmujer.org\/sitio\/wp-json\/wp\/v2\/pages"}],"about":[{"href":"https:\/\/www.gesmujer.org\/sitio\/wp-json\/wp\/v2\/types\/page"}],"author":[{"embeddable":true,"href":"https:\/\/www.gesmujer.org\/sitio\/wp-json\/wp\/v2\/users\/4"}],"replies":[{"embeddable":true,"href":"https:\/\/www.gesmujer.org\/sitio\/wp-json\/wp\/v2\/comments?post=27807"}],"version-history":[{"count":13,"href":"https:\/\/www.gesmujer.org\/sitio\/wp-json\/wp\/v2\/pages\/27807\/revisions"}],"predecessor-version":[{"id":27822,"href":"https:\/\/www.gesmujer.org\/sitio\/wp-json\/wp\/v2\/pages\/27807\/revisions\/27822"}],"wp:attachment":[{"href":"https:\/\/www.gesmujer.org\/sitio\/wp-json\/wp\/v2\/media?parent=27807"}],"curies":[{"name":"wp","href":"https:\/\/api.w.org\/{rel}","templated":true}]}}