{"id":2877,"date":"2020-10-08T06:29:54","date_gmt":"2020-10-08T06:29:54","guid":{"rendered":"https:\/\/bighearts.wgl-demo.net\/?page_id=2877"},"modified":"2020-10-08T06:29:54","modified_gmt":"2020-10-08T06:29:54","slug":"donations-5-columns-full-width","status":"publish","type":"page","link":"https:\/\/www.gesmujer.org\/sitio\/donations-5-columns-full-width\/","title":{"rendered":"Donations 5 Columns Full Width"},"content":{"rendered":"\t\t<div data-elementor-type=\"wp-page\" data-elementor-id=\"2877\" class=\"elementor elementor-2877\">\n\t\t\t\t\t\t<section class=\"elementor-section elementor-top-section elementor-element elementor-element-497f956 elementor-section-boxed elementor-section-height-default elementor-section-height-default\" data-id=\"497f956\" data-element_type=\"section\" data-e-type=\"section\">\n\t\t\t\t\t\t<div class=\"elementor-container elementor-column-gap-default\">\n\t\t\t\t\t<div class=\"elementor-column elementor-col-100 elementor-top-column elementor-element elementor-element-2be0ced\" data-id=\"2be0ced\" data-element_type=\"column\" data-e-type=\"column\">\n\t\t\t<div class=\"elementor-widget-wrap elementor-element-populated\">\n\t\t\t\t\t\t<div class=\"elementor-element elementor-element-95df984 acenter elementor-widget elementor-widget-wgl-double-headings\" data-id=\"95df984\" data-element_type=\"widget\" data-e-type=\"widget\" data-widget_type=\"wgl-double-headings.default\">\n\t\t\t\t<div class=\"elementor-widget-container\">\n\t\t\t\t\t        <div class=\"wgl-double_heading\">                <div class=\"dbl__subtitle\"><span>We Help around the world<\/span>                <\/div><h3 class=\"dbl__title-wrapper\"><span class=\"dbl__title dbl-title_1\">Introduse Our Campains<\/span><\/h3>        <\/div>\t\t\t\t<\/div>\n\t\t\t\t<\/div>\n\t\t\t\t\t<\/div>\n\t\t<\/div>\n\t\t\t\t\t<\/div>\n\t\t<\/section>\n\t\t\t\t<section class=\"elementor-section elementor-top-section elementor-element elementor-element-4be8f62 elementor-section-boxed elementor-section-height-default elementor-section-height-default\" data-id=\"4be8f62\" data-element_type=\"section\" data-e-type=\"section\">\n\t\t\t\t\t\t<div class=\"elementor-container elementor-column-gap-default\">\n\t\t\t\t\t<div class=\"elementor-column elementor-col-100 elementor-top-column elementor-element elementor-element-86f605b\" data-id=\"86f605b\" data-element_type=\"column\" data-e-type=\"column\">\n\t\t\t<div class=\"elementor-widget-wrap elementor-element-populated\">\n\t\t\t\t\t\t<div class=\"elementor-element elementor-element-5c0c8ba elementor-widget elementor-widget-spacer\" data-id=\"5c0c8ba\" data-element_type=\"widget\" data-e-type=\"widget\" data-widget_type=\"spacer.default\">\n\t\t\t\t<div class=\"elementor-widget-container\">\n\t\t\t\t\t\t\t<div class=\"elementor-spacer\">\n\t\t\t<div class=\"elementor-spacer-inner\"><\/div>\n\t\t<\/div>\n\t\t\t\t\t\t<\/div>\n\t\t\t\t<\/div>\n\t\t\t\t\t<\/div>\n\t\t<\/div>\n\t\t\t\t\t<\/div>\n\t\t<\/section>\n\t\t\t\t<section class=\"elementor-section elementor-top-section elementor-element elementor-element-8acd108 elementor-section-full_width elementor-section-height-default elementor-section-height-default\" data-id=\"8acd108\" data-element_type=\"section\" data-e-type=\"section\">\n\t\t\t\t\t\t<div class=\"elementor-container elementor-column-gap-default\">\n\t\t\t\t\t<div class=\"elementor-column elementor-col-100 elementor-top-column elementor-element elementor-element-2183723\" data-id=\"2183723\" data-element_type=\"column\" data-e-type=\"column\">\n\t\t\t<div class=\"elementor-widget-wrap elementor-element-populated\">\n\t\t\t\t\t\t<div class=\"elementor-element elementor-element-5e2711e aleft elementor-widget elementor-widget-wgl-give-forms\" data-id=\"5e2711e\" data-element_type=\"widget\" data-e-type=\"widget\" data-widget_type=\"wgl-give-forms.default\">\n\t\t\t\t<div class=\"elementor-widget-container\">\n\t\t\t\t\t<section class=\"wgl-donation\"><div class=\"wgl-donation__grid grid-col--5\"><article class=\"wgl-donation__card\"><div class=\"card__container\"><div class=\"card__content\"><h4 class=\"card__title\"><a href=\"https:\/\/www.gesmujer.org\/sitio\/donations\/school-based-programs\/\">School-Based Programs<\/a><\/h4><\/div><\/div><\/article><article class=\"wgl-donation__card\"><div class=\"card__container\"><div class=\"card__content\"><h4 class=\"card__title\"><a href=\"https:\/\/www.gesmujer.org\/sitio\/donations\/learn-about-tolerance\/\">Learn About Tolerance<\/a><\/h4><\/div><\/div><\/article><article class=\"wgl-donation__card\"><div class=\"card__container\"><div class=\"card__content\"><h4 class=\"card__title\"><a href=\"https:\/\/www.gesmujer.org\/sitio\/donations\/classroom-materials\/\">Classroom Materials<\/a><\/h4><\/div><\/div><\/article><article class=\"wgl-donation__card\"><div class=\"card__container\"><div class=\"card__content\"><h4 class=\"card__title\"><a href=\"https:\/\/www.gesmujer.org\/sitio\/donations\/help-the-ecosystems\/\">Help The Ecosystems<\/a><\/h4><\/div><\/div><\/article><article class=\"wgl-donation__card\"><div class=\"card__container\"><div class=\"card__content\"><h4 class=\"card__title\"><a href=\"https:\/\/www.gesmujer.org\/sitio\/donations\/save-rainforests\/\">Save Rainforests<\/a><\/h4><\/div><\/div><\/article><article class=\"wgl-donation__card\"><div class=\"card__container\"><div class=\"card__content\"><h4 class=\"card__title\"><a href=\"https:\/\/www.gesmujer.org\/sitio\/donations\/for-new-generations\/\">For New Generations<\/a><\/h4><\/div><\/div><\/article><article class=\"wgl-donation__card\"><div class=\"card__container\"><div class=\"card__content\"><h4 class=\"card__title\"><a href=\"https:\/\/www.gesmujer.org\/sitio\/donations\/local-community\/\">Local Community<\/a><\/h4><\/div><\/div><\/article><article class=\"wgl-donation__card\"><div class=\"card__container\"><div class=\"card__content\"><h4 class=\"card__title\"><a href=\"https:\/\/www.gesmujer.org\/sitio\/donations\/help-those-in-need\/\">Help Those In Need<\/a><\/h4><\/div><\/div><\/article><article class=\"wgl-donation__card\"><div class=\"card__container\"><div class=\"card__content\"><h4 class=\"card__title\"><a href=\"https:\/\/www.gesmujer.org\/sitio\/donations\/show-that-we-care\/\">Show That We Care<\/a><\/h4><\/div><\/div><\/article><article class=\"wgl-donation__card\"><div class=\"card__container\"><div class=\"card__content\"><h4 class=\"card__title\"><a href=\"https:\/\/www.gesmujer.org\/sitio\/donations\/emergency-shelters\/\">Emergency Shelters<\/a><\/h4><\/div><\/div><\/article><\/div><ul class=\"wgl-pagination\"><li class='page'><span aria-current=\"page\" class=\"page-numbers current\">1<\/span><\/li><li class='page'><a class=\"page-numbers\" href=\"https:\/\/www.gesmujer.org\/sitio\/wp-json\/wp\/v2\/pages\/2877\/page\/2\/\">2<\/a><\/li><li class='page'><a class=\"page-numbers\" href=\"https:\/\/www.gesmujer.org\/sitio\/wp-json\/wp\/v2\/pages\/2877\/page\/3\/\">3<\/a><\/li><li class='page'><span class=\"page-numbers dots\">&hellip;<\/span><\/li><li class='page'><a class=\"page-numbers\" href=\"https:\/\/www.gesmujer.org\/sitio\/wp-json\/wp\/v2\/pages\/2877\/page\/7\/\">7<\/a><\/li><li class='page'><a class=\"next page-numbers\" href=\"https:\/\/www.gesmujer.org\/sitio\/wp-json\/wp\/v2\/pages\/2877\/page\/2\/\"><i class=\"flaticon-right-arrow-1\"><\/i><\/a><\/li><\/ul><\/section>\t\t\t\t<\/div>\n\t\t\t\t<\/div>\n\t\t\t\t\t<\/div>\n\t\t<\/div>\n\t\t\t\t\t<\/div>\n\t\t<\/section>\n\t\t\t\t<section class=\"elementor-section elementor-top-section elementor-element elementor-element-7ca5b60 elementor-section-boxed elementor-section-height-default elementor-section-height-default\" data-id=\"7ca5b60\" data-element_type=\"section\" data-e-type=\"section\">\n\t\t\t\t\t\t<div class=\"elementor-container elementor-column-gap-default\">\n\t\t\t\t\t<div class=\"elementor-column elementor-col-100 elementor-top-column elementor-element elementor-element-c7f71e7\" data-id=\"c7f71e7\" data-element_type=\"column\" data-e-type=\"column\">\n\t\t\t<div class=\"elementor-widget-wrap elementor-element-populated\">\n\t\t\t\t\t\t<div class=\"elementor-element elementor-element-bee2660 elementor-widget elementor-widget-spacer\" data-id=\"bee2660\" data-element_type=\"widget\" data-e-type=\"widget\" data-widget_type=\"spacer.default\">\n\t\t\t\t<div class=\"elementor-widget-container\">\n\t\t\t\t\t\t\t<div class=\"elementor-spacer\">\n\t\t\t<div class=\"elementor-spacer-inner\"><\/div>\n\t\t<\/div>\n\t\t\t\t\t\t<\/div>\n\t\t\t\t<\/div>\n\t\t\t\t\t<\/div>\n\t\t<\/div>\n\t\t\t\t\t<\/div>\n\t\t<\/section>\n\t\t\t\t<\/div>\n\t\t","protected":false},"excerpt":{"rendered":"<p>We Help around the world Introduse Our Campains EDUCATION Help Children Rise out of Poverty 46%Goal:&#36;20,000Raised:&#36;9,200To Go:&#36;10,800 FOOD Little Help That Goes a Long Way 26%Goal:&#36;20,000Raised:&#36;5,200To Go:&#36;14,800 MEDICINE You Can Give Kids in India Clean Water 51%Goal:&#36;20,000Raised:&#36;10,200To Go:&#36;9,800 FOOD Lifeskills for Children in South Africa 76%Goal:&#36;20,000Raised:&#36;15,200To Go:&#36;4,800 EDUCATION Gift an Education&#8230; Make a Life Better! [&hellip;]<\/p>\n","protected":false},"author":4,"featured_media":0,"parent":0,"menu_order":0,"comment_status":"closed","ping_status":"closed","template":"","meta":{"give_campaign_id":0,"footnotes":""},"class_list":["post-2877","page","type-page","status-publish","hentry"],"yoast_head":"<!-- This site is optimized with the Yoast SEO plugin v27.4 - https:\/\/yoast.com\/product\/yoast-seo-wordpress\/ -->\n<title>Donations 5 Columns Full Width - GESMujer &quot;Rosario Castellanos&quot;<\/title>\n<meta name=\"robots\" content=\"index, follow, max-snippet:-1, max-image-preview:large, max-video-preview:-1\" \/>\n<link rel=\"canonical\" href=\"https:\/\/www.gesmujer.org\/sitio\/donations-5-columns-full-width\/\" \/>\n<meta property=\"og:locale\" content=\"es_MX\" \/>\n<meta property=\"og:type\" content=\"article\" \/>\n<meta property=\"og:title\" content=\"Donations 5 Columns Full Width - GESMujer &quot;Rosario Castellanos&quot;\" \/>\n<meta property=\"og:description\" content=\"We Help around the world Introduse Our Campains EDUCATION Help Children Rise out of Poverty 46%Goal:&#036;20,000Raised:&#036;9,200To Go:&#036;10,800 FOOD Little Help That Goes a Long Way 26%Goal:&#036;20,000Raised:&#036;5,200To Go:&#036;14,800 MEDICINE You Can Give Kids in India Clean Water 51%Goal:&#036;20,000Raised:&#036;10,200To Go:&#036;9,800 FOOD Lifeskills for Children in South Africa 76%Goal:&#036;20,000Raised:&#036;15,200To Go:&#036;4,800 EDUCATION Gift an Education&#8230; Make a Life Better! [&hellip;]\" \/>\n<meta property=\"og:url\" content=\"https:\/\/www.gesmujer.org\/sitio\/donations-5-columns-full-width\/\" \/>\n<meta property=\"og:site_name\" content=\"GESMujer &quot;Rosario Castellanos&quot;\" \/>\n<meta property=\"article:publisher\" content=\"https:\/\/www.facebook.com\/gesmujer.rosario.castellanos.ac\" \/>\n<meta property=\"og:image\" content=\"https:\/\/gesmujer.org\/sitio\/wp-content\/uploads\/2020\/08\/donation_01-800x588.jpg\" \/>\n<meta name=\"twitter:card\" content=\"summary_large_image\" \/>\n<meta name=\"twitter:site\" content=\"@GES_Mujer\" \/>\n<meta name=\"twitter:label1\" content=\"Tiempo de lectura\" \/>\n\t<meta name=\"twitter:data1\" content=\"1 minuto\" \/>\n<script type=\"application\/ld+json\" class=\"yoast-schema-graph\">{\"@context\":\"https:\\\/\\\/schema.org\",\"@graph\":[{\"@type\":\"WebPage\",\"@id\":\"https:\\\/\\\/www.gesmujer.org\\\/sitio\\\/donations-5-columns-full-width\\\/\",\"url\":\"https:\\\/\\\/www.gesmujer.org\\\/sitio\\\/donations-5-columns-full-width\\\/\",\"name\":\"Donations 5 Columns Full Width - GESMujer &quot;Rosario Castellanos&quot;\",\"isPartOf\":{\"@id\":\"https:\\\/\\\/www.gesmujer.org\\\/sitio\\\/#website\"},\"primaryImageOfPage\":{\"@id\":\"https:\\\/\\\/www.gesmujer.org\\\/sitio\\\/donations-5-columns-full-width\\\/#primaryimage\"},\"image\":{\"@id\":\"https:\\\/\\\/www.gesmujer.org\\\/sitio\\\/donations-5-columns-full-width\\\/#primaryimage\"},\"thumbnailUrl\":\"https:\\\/\\\/gesmujer.org\\\/sitio\\\/wp-content\\\/uploads\\\/2020\\\/08\\\/donation_01-800x588.jpg\",\"datePublished\":\"2020-10-08T06:29:54+00:00\",\"breadcrumb\":{\"@id\":\"https:\\\/\\\/www.gesmujer.org\\\/sitio\\\/donations-5-columns-full-width\\\/#breadcrumb\"},\"inLanguage\":\"es\",\"potentialAction\":[{\"@type\":\"ReadAction\",\"target\":[\"https:\\\/\\\/www.gesmujer.org\\\/sitio\\\/donations-5-columns-full-width\\\/\"]}]},{\"@type\":\"ImageObject\",\"inLanguage\":\"es\",\"@id\":\"https:\\\/\\\/www.gesmujer.org\\\/sitio\\\/donations-5-columns-full-width\\\/#primaryimage\",\"url\":\"https:\\\/\\\/gesmujer.org\\\/sitio\\\/wp-content\\\/uploads\\\/2020\\\/08\\\/donation_01-800x588.jpg\",\"contentUrl\":\"https:\\\/\\\/gesmujer.org\\\/sitio\\\/wp-content\\\/uploads\\\/2020\\\/08\\\/donation_01-800x588.jpg\"},{\"@type\":\"BreadcrumbList\",\"@id\":\"https:\\\/\\\/www.gesmujer.org\\\/sitio\\\/donations-5-columns-full-width\\\/#breadcrumb\",\"itemListElement\":[{\"@type\":\"ListItem\",\"position\":1,\"name\":\"Home\",\"item\":\"https:\\\/\\\/www.gesmujer.org\\\/sitio\\\/\"},{\"@type\":\"ListItem\",\"position\":2,\"name\":\"Donations 5 Columns Full Width\"}]},{\"@type\":\"WebSite\",\"@id\":\"https:\\\/\\\/www.gesmujer.org\\\/sitio\\\/#website\",\"url\":\"https:\\\/\\\/www.gesmujer.org\\\/sitio\\\/\",\"name\":\"GESMujer \\\"Rosario Castellanos\\\"\",\"description\":\"M\u00e1s de 45 a\u00f1os ha llevado a cabo acciones para erradicar la violencia de g\u00e9nero y construir entornos donde las mujeres encuentren su resiliencia, incrementen su agencia y autonom\u00eda que les permita lograr su empoderamiento a trav\u00e9s de cinco l\u00edneas de acci\u00f3n.\",\"publisher\":{\"@id\":\"https:\\\/\\\/www.gesmujer.org\\\/sitio\\\/#organization\"},\"alternateName\":\"GESMujer\",\"potentialAction\":[{\"@type\":\"SearchAction\",\"target\":{\"@type\":\"EntryPoint\",\"urlTemplate\":\"https:\\\/\\\/www.gesmujer.org\\\/sitio\\\/?s={search_term_string}\"},\"query-input\":{\"@type\":\"PropertyValueSpecification\",\"valueRequired\":true,\"valueName\":\"search_term_string\"}}],\"inLanguage\":\"es\"},{\"@type\":\"Organization\",\"@id\":\"https:\\\/\\\/www.gesmujer.org\\\/sitio\\\/#organization\",\"name\":\"Grupo de estudios sobre la mujer Rosario Castellanos ac\",\"alternateName\":\"GESMujer\",\"url\":\"https:\\\/\\\/www.gesmujer.org\\\/sitio\\\/\",\"logo\":{\"@type\":\"ImageObject\",\"inLanguage\":\"es\",\"@id\":\"https:\\\/\\\/www.gesmujer.org\\\/sitio\\\/#\\\/schema\\\/logo\\\/image\\\/\",\"url\":\"https:\\\/\\\/www.gesmujer.org\\\/sitio\\\/wp-content\\\/uploads\\\/2026\\\/03\\\/Logo-GESMujer-300.png\",\"contentUrl\":\"https:\\\/\\\/www.gesmujer.org\\\/sitio\\\/wp-content\\\/uploads\\\/2026\\\/03\\\/Logo-GESMujer-300.png\",\"width\":300,\"height\":141,\"caption\":\"Grupo de estudios sobre la mujer Rosario Castellanos ac\"},\"image\":{\"@id\":\"https:\\\/\\\/www.gesmujer.org\\\/sitio\\\/#\\\/schema\\\/logo\\\/image\\\/\"},\"sameAs\":[\"https:\\\/\\\/www.facebook.com\\\/gesmujer.rosario.castellanos.ac\",\"https:\\\/\\\/x.com\\\/GES_Mujer\",\"https:\\\/\\\/www.instagram.com\\\/ges_mujer\\\/?hl=es\",\"https:\\\/\\\/www.youtube.com\\\/c\\\/GESMujerRosarioCastellanos\\\/videos\",\"https:\\\/\\\/soundcloud.com\\\/gesmujerac\",\"https:\\\/\\\/www.tiktok.com\\\/@gesmujer\"]}]}<\/script>\n<!-- \/ Yoast SEO plugin. -->","yoast_head_json":{"title":"Donations 5 Columns Full Width - GESMujer &quot;Rosario Castellanos&quot;","robots":{"index":"index","follow":"follow","max-snippet":"max-snippet:-1","max-image-preview":"max-image-preview:large","max-video-preview":"max-video-preview:-1"},"canonical":"https:\/\/www.gesmujer.org\/sitio\/donations-5-columns-full-width\/","og_locale":"es_MX","og_type":"article","og_title":"Donations 5 Columns Full Width - GESMujer &quot;Rosario Castellanos&quot;","og_description":"We Help around the world Introduse Our Campains EDUCATION Help Children Rise out of Poverty 46%Goal:&#36;20,000Raised:&#36;9,200To Go:&#36;10,800 FOOD Little Help That Goes a Long Way 26%Goal:&#36;20,000Raised:&#36;5,200To Go:&#36;14,800 MEDICINE You Can Give Kids in India Clean Water 51%Goal:&#36;20,000Raised:&#36;10,200To Go:&#36;9,800 FOOD Lifeskills for Children in South Africa 76%Goal:&#36;20,000Raised:&#36;15,200To Go:&#36;4,800 EDUCATION Gift an Education&#8230; Make a Life Better! [&hellip;]","og_url":"https:\/\/www.gesmujer.org\/sitio\/donations-5-columns-full-width\/","og_site_name":"GESMujer &quot;Rosario Castellanos&quot;","article_publisher":"https:\/\/www.facebook.com\/gesmujer.rosario.castellanos.ac","og_image":[{"url":"https:\/\/gesmujer.org\/sitio\/wp-content\/uploads\/2020\/08\/donation_01-800x588.jpg","type":"","width":"","height":""}],"twitter_card":"summary_large_image","twitter_site":"@GES_Mujer","twitter_misc":{"Tiempo de lectura":"1 minuto"},"schema":{"@context":"https:\/\/schema.org","@graph":[{"@type":"WebPage","@id":"https:\/\/www.gesmujer.org\/sitio\/donations-5-columns-full-width\/","url":"https:\/\/www.gesmujer.org\/sitio\/donations-5-columns-full-width\/","name":"Donations 5 Columns Full Width - GESMujer &quot;Rosario Castellanos&quot;","isPartOf":{"@id":"https:\/\/www.gesmujer.org\/sitio\/#website"},"primaryImageOfPage":{"@id":"https:\/\/www.gesmujer.org\/sitio\/donations-5-columns-full-width\/#primaryimage"},"image":{"@id":"https:\/\/www.gesmujer.org\/sitio\/donations-5-columns-full-width\/#primaryimage"},"thumbnailUrl":"https:\/\/gesmujer.org\/sitio\/wp-content\/uploads\/2020\/08\/donation_01-800x588.jpg","datePublished":"2020-10-08T06:29:54+00:00","breadcrumb":{"@id":"https:\/\/www.gesmujer.org\/sitio\/donations-5-columns-full-width\/#breadcrumb"},"inLanguage":"es","potentialAction":[{"@type":"ReadAction","target":["https:\/\/www.gesmujer.org\/sitio\/donations-5-columns-full-width\/"]}]},{"@type":"ImageObject","inLanguage":"es","@id":"https:\/\/www.gesmujer.org\/sitio\/donations-5-columns-full-width\/#primaryimage","url":"https:\/\/gesmujer.org\/sitio\/wp-content\/uploads\/2020\/08\/donation_01-800x588.jpg","contentUrl":"https:\/\/gesmujer.org\/sitio\/wp-content\/uploads\/2020\/08\/donation_01-800x588.jpg"},{"@type":"BreadcrumbList","@id":"https:\/\/www.gesmujer.org\/sitio\/donations-5-columns-full-width\/#breadcrumb","itemListElement":[{"@type":"ListItem","position":1,"name":"Home","item":"https:\/\/www.gesmujer.org\/sitio\/"},{"@type":"ListItem","position":2,"name":"Donations 5 Columns Full Width"}]},{"@type":"WebSite","@id":"https:\/\/www.gesmujer.org\/sitio\/#website","url":"https:\/\/www.gesmujer.org\/sitio\/","name":"GESMujer \"Rosario Castellanos\"","description":"M\u00e1s de 45 a\u00f1os ha llevado a cabo acciones para erradicar la violencia de g\u00e9nero y construir entornos donde las mujeres encuentren su resiliencia, incrementen su agencia y autonom\u00eda que les permita lograr su empoderamiento a trav\u00e9s de cinco l\u00edneas de acci\u00f3n.","publisher":{"@id":"https:\/\/www.gesmujer.org\/sitio\/#organization"},"alternateName":"GESMujer","potentialAction":[{"@type":"SearchAction","target":{"@type":"EntryPoint","urlTemplate":"https:\/\/www.gesmujer.org\/sitio\/?s={search_term_string}"},"query-input":{"@type":"PropertyValueSpecification","valueRequired":true,"valueName":"search_term_string"}}],"inLanguage":"es"},{"@type":"Organization","@id":"https:\/\/www.gesmujer.org\/sitio\/#organization","name":"Grupo de estudios sobre la mujer Rosario Castellanos ac","alternateName":"GESMujer","url":"https:\/\/www.gesmujer.org\/sitio\/","logo":{"@type":"ImageObject","inLanguage":"es","@id":"https:\/\/www.gesmujer.org\/sitio\/#\/schema\/logo\/image\/","url":"https:\/\/www.gesmujer.org\/sitio\/wp-content\/uploads\/2026\/03\/Logo-GESMujer-300.png","contentUrl":"https:\/\/www.gesmujer.org\/sitio\/wp-content\/uploads\/2026\/03\/Logo-GESMujer-300.png","width":300,"height":141,"caption":"Grupo de estudios sobre la mujer Rosario Castellanos ac"},"image":{"@id":"https:\/\/www.gesmujer.org\/sitio\/#\/schema\/logo\/image\/"},"sameAs":["https:\/\/www.facebook.com\/gesmujer.rosario.castellanos.ac","https:\/\/x.com\/GES_Mujer","https:\/\/www.instagram.com\/ges_mujer\/?hl=es","https:\/\/www.youtube.com\/c\/GESMujerRosarioCastellanos\/videos","https:\/\/soundcloud.com\/gesmujerac","https:\/\/www.tiktok.com\/@gesmujer"]}]}},"campaignId":"","_links":{"self":[{"href":"https:\/\/www.gesmujer.org\/sitio\/wp-json\/wp\/v2\/pages\/2877","targetHints":{"allow":["GET"]}}],"collection":[{"href":"https:\/\/www.gesmujer.org\/sitio\/wp-json\/wp\/v2\/pages"}],"about":[{"href":"https:\/\/www.gesmujer.org\/sitio\/wp-json\/wp\/v2\/types\/page"}],"author":[{"embeddable":true,"href":"https:\/\/www.gesmujer.org\/sitio\/wp-json\/wp\/v2\/users\/4"}],"replies":[{"embeddable":true,"href":"https:\/\/www.gesmujer.org\/sitio\/wp-json\/wp\/v2\/comments?post=2877"}],"version-history":[{"count":0,"href":"https:\/\/www.gesmujer.org\/sitio\/wp-json\/wp\/v2\/pages\/2877\/revisions"}],"wp:attachment":[{"href":"https:\/\/www.gesmujer.org\/sitio\/wp-json\/wp\/v2\/media?parent=2877"}],"curies":[{"name":"wp","href":"https:\/\/api.w.org\/{rel}","templated":true}]}}