{"id":3002,"date":"2018-09-11T14:55:53","date_gmt":"2018-09-11T20:55:53","guid":{"rendered":"http:\/\/www.gesmujer.org\/sitio\/?page_id=3002"},"modified":"2018-09-18T15:39:28","modified_gmt":"2018-09-18T21:39:28","slug":"about-us","status":"publish","type":"page","link":"https:\/\/www.gesmujer.org\/sitio\/about-us\/","title":{"rendered":"About us"},"content":{"rendered":"<p>We were established in 1977 as the \u2018Grupo\u00a0de estudios sobre la mujer Rosario\u00a0Castellanos\u2019 (GESMujer) to analyse the\u00a0problems affecting women through\u00a0reading and self-awareness. In the\u00a0following thirteen years, we organised\u00a0conferences, lectures, film debates, round\u00a0tables, radio programs, and workshops on\u00a0themes such as women in the workplace,\u00a0legislation,\u00a0 education and health.<\/p>\n<p><a href=\"http:\/\/www.gesmujer.org\/SITIO\/wp-content\/uploads\/\/2018\/08\/antecedentes.jpg\"><img fetchpriority=\"high\" decoding=\"async\" class=\"aligncenter size-full wp-image-2792\" src=\"http:\/\/www.gesmujer.org\/SITIO\/wp-content\/uploads\/\/2018\/08\/antecedentes.jpg\" alt=\"\" width=\"5927\" height=\"4691\" \/><\/a><\/p>\n<p>We were incorporated as a civil\u00a0association on the 22nd February 1990 by\u00a0notarial deed 1364, volume 34, as\u00a0witnessed by public notary 51, Jorge\u00a0Martinez Gracida y Bribiesca of the City of\u00a0Oaxaca. We are an independent legal\u00a0entity and, since the 12th October 1999,\u00a0have been accorded the authorisation\u00a0from the \u2018Secretar\u00eda de Hacienda y Cr\u00e9dito\u00a0P\u00fablico\u2019 (SHCP) to receive tax-deductible\u00a0donations.<\/p>\n<p>In total, we have been campaigning for\u00a0almost forty years not only for cultural\u00a0diversity and gender equality, but for the\u00a0respect of each woman\u2019s human rights.\u00a0This work includes the investigation,\u00a0study and dissemination of information\u00a0about inequality in all forms, be they\u00a0familial, economic, political or legal with a\u00a0view to generating awareness and\u00a0promoting alternatives. It extends from\u00a0the urban to the rural and indigenous\u00a0communities.<\/p>\n<p><iframe title=\"GESMujer  40 a\u00f1os\" width=\"500\" height=\"281\" src=\"https:\/\/www.youtube.com\/embed\/XMkBnUFDnAM?feature=oembed\" frameborder=\"0\" allow=\"accelerometer; autoplay; clipboard-write; encrypted-media; gyroscope; picture-in-picture; web-share\" referrerpolicy=\"strict-origin-when-cross-origin\" allowfullscreen><\/iframe><\/p>\n<p>At the outset, our meetings were basically\u00a0discussion and study groups focused on\u00a0understanding the position of women in Mexico and Oaxaca; and the relationship\u00a0between their real life circumstances and\u00a0their global environment. In 1978, we started the radio program \u201cForo de la\u00a0Mujer\u201d (\u2018Women\u2019s Forum\u2019) which was\u00a0broadcast twice a week through radio\u00a0Universidad. This brought us to organise\u00a0conferences, film debates, round tables\u00a0and interviews that were all open to the\u00a0public.<\/p>\n<p>At this time, there was a growing demand\u00a0for our services and training. So it was\u00a0that in 1990, at 301 Calle de Constitution\u00a0in the centre of Oaxaca city we opened the\u00a0\u2018Casa de la Mujer \u201cRosario Castellanos\u201d\u2019;\u00a0where we would offer services for\u00a0seventeen years. Our current location is\u00a0thanks to a loan from the \u2018Hogar para la\u00a0Joven Ind\u00edgena \u201cMarie Didier\u201d\u2019.<\/p>\n","protected":false},"excerpt":{"rendered":"<p>We were established in 1977 as the \u2018Grupo\u00a0de estudios sobre la mujer Rosario\u00a0Castellanos\u2019 (GESMujer) to analyse the\u00a0problems affecting women through\u00a0reading and self-awareness. In the\u00a0following thirteen years, we organised\u00a0conferences, lectures, film debates, round\u00a0tables, radio programs, and workshops on\u00a0themes such as women in the workplace,\u00a0legislation,\u00a0 education and health. We were incorporated as a civil\u00a0association on the 22nd [&hellip;]<\/p>\n","protected":false},"author":4,"featured_media":0,"parent":0,"menu_order":0,"comment_status":"closed","ping_status":"closed","template":"template-fullwidth.php","meta":{"give_campaign_id":0,"footnotes":""},"class_list":["post-3002","page","type-page","status-publish","hentry"],"yoast_head":"<!-- This site is optimized with the Yoast SEO plugin v27.4 - https:\/\/yoast.com\/product\/yoast-seo-wordpress\/ -->\n<title>About us - GESMujer &quot;Rosario Castellanos&quot;<\/title>\n<meta name=\"robots\" content=\"index, follow, max-snippet:-1, max-image-preview:large, max-video-preview:-1\" \/>\n<link rel=\"canonical\" href=\"https:\/\/www.gesmujer.org\/sitio\/about-us\/\" \/>\n<meta property=\"og:locale\" content=\"es_MX\" \/>\n<meta property=\"og:type\" content=\"article\" \/>\n<meta property=\"og:title\" content=\"About us - GESMujer &quot;Rosario Castellanos&quot;\" \/>\n<meta property=\"og:description\" content=\"We were established in 1977 as the \u2018Grupo\u00a0de estudios sobre la mujer Rosario\u00a0Castellanos\u2019 (GESMujer) to analyse the\u00a0problems affecting women through\u00a0reading and self-awareness. In the\u00a0following thirteen years, we organised\u00a0conferences, lectures, film debates, round\u00a0tables, radio programs, and workshops on\u00a0themes such as women in the workplace,\u00a0legislation,\u00a0 education and health. We were incorporated as a civil\u00a0association on the 22nd [&hellip;]\" \/>\n<meta property=\"og:url\" content=\"https:\/\/www.gesmujer.org\/sitio\/about-us\/\" \/>\n<meta property=\"og:site_name\" content=\"GESMujer &quot;Rosario Castellanos&quot;\" \/>\n<meta property=\"article:publisher\" content=\"https:\/\/www.facebook.com\/gesmujer.rosario.castellanos.ac\" \/>\n<meta property=\"article:modified_time\" content=\"2018-09-18T21:39:28+00:00\" \/>\n<meta property=\"og:image\" content=\"http:\/\/www.gesmujer.org\/SITIO\/wp-content\/uploads\/\/2018\/08\/antecedentes.jpg\" \/>\n<meta name=\"twitter:card\" content=\"summary_large_image\" \/>\n<meta name=\"twitter:site\" content=\"@GES_Mujer\" \/>\n<meta name=\"twitter:label1\" content=\"Tiempo de lectura\" \/>\n\t<meta name=\"twitter:data1\" content=\"2 minutos\" \/>\n<script type=\"application\/ld+json\" class=\"yoast-schema-graph\">{\"@context\":\"https:\\\/\\\/schema.org\",\"@graph\":[{\"@type\":\"WebPage\",\"@id\":\"https:\\\/\\\/www.gesmujer.org\\\/sitio\\\/about-us\\\/\",\"url\":\"https:\\\/\\\/www.gesmujer.org\\\/sitio\\\/about-us\\\/\",\"name\":\"About us - GESMujer &quot;Rosario Castellanos&quot;\",\"isPartOf\":{\"@id\":\"https:\\\/\\\/www.gesmujer.org\\\/sitio\\\/#website\"},\"primaryImageOfPage\":{\"@id\":\"https:\\\/\\\/www.gesmujer.org\\\/sitio\\\/about-us\\\/#primaryimage\"},\"image\":{\"@id\":\"https:\\\/\\\/www.gesmujer.org\\\/sitio\\\/about-us\\\/#primaryimage\"},\"thumbnailUrl\":\"http:\\\/\\\/www.gesmujer.org\\\/SITIO\\\/wp-content\\\/uploads\\\/\\\/2018\\\/08\\\/antecedentes.jpg\",\"datePublished\":\"2018-09-11T20:55:53+00:00\",\"dateModified\":\"2018-09-18T21:39:28+00:00\",\"breadcrumb\":{\"@id\":\"https:\\\/\\\/www.gesmujer.org\\\/sitio\\\/about-us\\\/#breadcrumb\"},\"inLanguage\":\"es\",\"potentialAction\":[{\"@type\":\"ReadAction\",\"target\":[\"https:\\\/\\\/www.gesmujer.org\\\/sitio\\\/about-us\\\/\"]}]},{\"@type\":\"ImageObject\",\"inLanguage\":\"es\",\"@id\":\"https:\\\/\\\/www.gesmujer.org\\\/sitio\\\/about-us\\\/#primaryimage\",\"url\":\"http:\\\/\\\/www.gesmujer.org\\\/SITIO\\\/wp-content\\\/uploads\\\/\\\/2018\\\/08\\\/antecedentes.jpg\",\"contentUrl\":\"http:\\\/\\\/www.gesmujer.org\\\/SITIO\\\/wp-content\\\/uploads\\\/\\\/2018\\\/08\\\/antecedentes.jpg\"},{\"@type\":\"BreadcrumbList\",\"@id\":\"https:\\\/\\\/www.gesmujer.org\\\/sitio\\\/about-us\\\/#breadcrumb\",\"itemListElement\":[{\"@type\":\"ListItem\",\"position\":1,\"name\":\"Home\",\"item\":\"https:\\\/\\\/www.gesmujer.org\\\/sitio\\\/\"},{\"@type\":\"ListItem\",\"position\":2,\"name\":\"About us\"}]},{\"@type\":\"WebSite\",\"@id\":\"https:\\\/\\\/www.gesmujer.org\\\/sitio\\\/#website\",\"url\":\"https:\\\/\\\/www.gesmujer.org\\\/sitio\\\/\",\"name\":\"GESMujer \\\"Rosario Castellanos\\\"\",\"description\":\"M\u00e1s de 45 a\u00f1os ha llevado a cabo acciones para erradicar la violencia de g\u00e9nero y construir entornos donde las mujeres encuentren su resiliencia, incrementen su agencia y autonom\u00eda que les permita lograr su empoderamiento a trav\u00e9s de cinco l\u00edneas de acci\u00f3n.\",\"publisher\":{\"@id\":\"https:\\\/\\\/www.gesmujer.org\\\/sitio\\\/#organization\"},\"alternateName\":\"GESMujer\",\"potentialAction\":[{\"@type\":\"SearchAction\",\"target\":{\"@type\":\"EntryPoint\",\"urlTemplate\":\"https:\\\/\\\/www.gesmujer.org\\\/sitio\\\/?s={search_term_string}\"},\"query-input\":{\"@type\":\"PropertyValueSpecification\",\"valueRequired\":true,\"valueName\":\"search_term_string\"}}],\"inLanguage\":\"es\"},{\"@type\":\"Organization\",\"@id\":\"https:\\\/\\\/www.gesmujer.org\\\/sitio\\\/#organization\",\"name\":\"Grupo de estudios sobre la mujer Rosario Castellanos ac\",\"alternateName\":\"GESMujer\",\"url\":\"https:\\\/\\\/www.gesmujer.org\\\/sitio\\\/\",\"logo\":{\"@type\":\"ImageObject\",\"inLanguage\":\"es\",\"@id\":\"https:\\\/\\\/www.gesmujer.org\\\/sitio\\\/#\\\/schema\\\/logo\\\/image\\\/\",\"url\":\"https:\\\/\\\/www.gesmujer.org\\\/sitio\\\/wp-content\\\/uploads\\\/2026\\\/03\\\/Logo-GESMujer-300.png\",\"contentUrl\":\"https:\\\/\\\/www.gesmujer.org\\\/sitio\\\/wp-content\\\/uploads\\\/2026\\\/03\\\/Logo-GESMujer-300.png\",\"width\":300,\"height\":141,\"caption\":\"Grupo de estudios sobre la mujer Rosario Castellanos ac\"},\"image\":{\"@id\":\"https:\\\/\\\/www.gesmujer.org\\\/sitio\\\/#\\\/schema\\\/logo\\\/image\\\/\"},\"sameAs\":[\"https:\\\/\\\/www.facebook.com\\\/gesmujer.rosario.castellanos.ac\",\"https:\\\/\\\/x.com\\\/GES_Mujer\",\"https:\\\/\\\/www.instagram.com\\\/ges_mujer\\\/?hl=es\",\"https:\\\/\\\/www.youtube.com\\\/c\\\/GESMujerRosarioCastellanos\\\/videos\",\"https:\\\/\\\/soundcloud.com\\\/gesmujerac\",\"https:\\\/\\\/www.tiktok.com\\\/@gesmujer\"]}]}<\/script>\n<!-- \/ Yoast SEO plugin. -->","yoast_head_json":{"title":"About us - GESMujer &quot;Rosario Castellanos&quot;","robots":{"index":"index","follow":"follow","max-snippet":"max-snippet:-1","max-image-preview":"max-image-preview:large","max-video-preview":"max-video-preview:-1"},"canonical":"https:\/\/www.gesmujer.org\/sitio\/about-us\/","og_locale":"es_MX","og_type":"article","og_title":"About us - GESMujer &quot;Rosario Castellanos&quot;","og_description":"We were established in 1977 as the \u2018Grupo\u00a0de estudios sobre la mujer Rosario\u00a0Castellanos\u2019 (GESMujer) to analyse the\u00a0problems affecting women through\u00a0reading and self-awareness. In the\u00a0following thirteen years, we organised\u00a0conferences, lectures, film debates, round\u00a0tables, radio programs, and workshops on\u00a0themes such as women in the workplace,\u00a0legislation,\u00a0 education and health. We were incorporated as a civil\u00a0association on the 22nd [&hellip;]","og_url":"https:\/\/www.gesmujer.org\/sitio\/about-us\/","og_site_name":"GESMujer &quot;Rosario Castellanos&quot;","article_publisher":"https:\/\/www.facebook.com\/gesmujer.rosario.castellanos.ac","article_modified_time":"2018-09-18T21:39:28+00:00","og_image":[{"url":"http:\/\/www.gesmujer.org\/SITIO\/wp-content\/uploads\/\/2018\/08\/antecedentes.jpg","type":"","width":"","height":""}],"twitter_card":"summary_large_image","twitter_site":"@GES_Mujer","twitter_misc":{"Tiempo de lectura":"2 minutos"},"schema":{"@context":"https:\/\/schema.org","@graph":[{"@type":"WebPage","@id":"https:\/\/www.gesmujer.org\/sitio\/about-us\/","url":"https:\/\/www.gesmujer.org\/sitio\/about-us\/","name":"About us - GESMujer &quot;Rosario Castellanos&quot;","isPartOf":{"@id":"https:\/\/www.gesmujer.org\/sitio\/#website"},"primaryImageOfPage":{"@id":"https:\/\/www.gesmujer.org\/sitio\/about-us\/#primaryimage"},"image":{"@id":"https:\/\/www.gesmujer.org\/sitio\/about-us\/#primaryimage"},"thumbnailUrl":"http:\/\/www.gesmujer.org\/SITIO\/wp-content\/uploads\/\/2018\/08\/antecedentes.jpg","datePublished":"2018-09-11T20:55:53+00:00","dateModified":"2018-09-18T21:39:28+00:00","breadcrumb":{"@id":"https:\/\/www.gesmujer.org\/sitio\/about-us\/#breadcrumb"},"inLanguage":"es","potentialAction":[{"@type":"ReadAction","target":["https:\/\/www.gesmujer.org\/sitio\/about-us\/"]}]},{"@type":"ImageObject","inLanguage":"es","@id":"https:\/\/www.gesmujer.org\/sitio\/about-us\/#primaryimage","url":"http:\/\/www.gesmujer.org\/SITIO\/wp-content\/uploads\/\/2018\/08\/antecedentes.jpg","contentUrl":"http:\/\/www.gesmujer.org\/SITIO\/wp-content\/uploads\/\/2018\/08\/antecedentes.jpg"},{"@type":"BreadcrumbList","@id":"https:\/\/www.gesmujer.org\/sitio\/about-us\/#breadcrumb","itemListElement":[{"@type":"ListItem","position":1,"name":"Home","item":"https:\/\/www.gesmujer.org\/sitio\/"},{"@type":"ListItem","position":2,"name":"About us"}]},{"@type":"WebSite","@id":"https:\/\/www.gesmujer.org\/sitio\/#website","url":"https:\/\/www.gesmujer.org\/sitio\/","name":"GESMujer \"Rosario Castellanos\"","description":"M\u00e1s de 45 a\u00f1os ha llevado a cabo acciones para erradicar la violencia de g\u00e9nero y construir entornos donde las mujeres encuentren su resiliencia, incrementen su agencia y autonom\u00eda que les permita lograr su empoderamiento a trav\u00e9s de cinco l\u00edneas de acci\u00f3n.","publisher":{"@id":"https:\/\/www.gesmujer.org\/sitio\/#organization"},"alternateName":"GESMujer","potentialAction":[{"@type":"SearchAction","target":{"@type":"EntryPoint","urlTemplate":"https:\/\/www.gesmujer.org\/sitio\/?s={search_term_string}"},"query-input":{"@type":"PropertyValueSpecification","valueRequired":true,"valueName":"search_term_string"}}],"inLanguage":"es"},{"@type":"Organization","@id":"https:\/\/www.gesmujer.org\/sitio\/#organization","name":"Grupo de estudios sobre la mujer Rosario Castellanos ac","alternateName":"GESMujer","url":"https:\/\/www.gesmujer.org\/sitio\/","logo":{"@type":"ImageObject","inLanguage":"es","@id":"https:\/\/www.gesmujer.org\/sitio\/#\/schema\/logo\/image\/","url":"https:\/\/www.gesmujer.org\/sitio\/wp-content\/uploads\/2026\/03\/Logo-GESMujer-300.png","contentUrl":"https:\/\/www.gesmujer.org\/sitio\/wp-content\/uploads\/2026\/03\/Logo-GESMujer-300.png","width":300,"height":141,"caption":"Grupo de estudios sobre la mujer Rosario Castellanos ac"},"image":{"@id":"https:\/\/www.gesmujer.org\/sitio\/#\/schema\/logo\/image\/"},"sameAs":["https:\/\/www.facebook.com\/gesmujer.rosario.castellanos.ac","https:\/\/x.com\/GES_Mujer","https:\/\/www.instagram.com\/ges_mujer\/?hl=es","https:\/\/www.youtube.com\/c\/GESMujerRosarioCastellanos\/videos","https:\/\/soundcloud.com\/gesmujerac","https:\/\/www.tiktok.com\/@gesmujer"]}]}},"campaignId":"","_links":{"self":[{"href":"https:\/\/www.gesmujer.org\/sitio\/wp-json\/wp\/v2\/pages\/3002","targetHints":{"allow":["GET"]}}],"collection":[{"href":"https:\/\/www.gesmujer.org\/sitio\/wp-json\/wp\/v2\/pages"}],"about":[{"href":"https:\/\/www.gesmujer.org\/sitio\/wp-json\/wp\/v2\/types\/page"}],"author":[{"embeddable":true,"href":"https:\/\/www.gesmujer.org\/sitio\/wp-json\/wp\/v2\/users\/4"}],"replies":[{"embeddable":true,"href":"https:\/\/www.gesmujer.org\/sitio\/wp-json\/wp\/v2\/comments?post=3002"}],"version-history":[{"count":3,"href":"https:\/\/www.gesmujer.org\/sitio\/wp-json\/wp\/v2\/pages\/3002\/revisions"}],"predecessor-version":[{"id":3069,"href":"https:\/\/www.gesmujer.org\/sitio\/wp-json\/wp\/v2\/pages\/3002\/revisions\/3069"}],"wp:attachment":[{"href":"https:\/\/www.gesmujer.org\/sitio\/wp-json\/wp\/v2\/media?parent=3002"}],"curies":[{"name":"wp","href":"https:\/\/api.w.org\/{rel}","templated":true}]}}