{"id":3039,"date":"2018-09-14T12:04:29","date_gmt":"2018-09-14T18:04:29","guid":{"rendered":"http:\/\/www.gesmujer.org\/sitio\/?page_id=3039"},"modified":"2018-09-18T15:45:47","modified_gmt":"2018-09-18T21:45:47","slug":"achievements-and-awards","status":"publish","type":"page","link":"https:\/\/www.gesmujer.org\/sitio\/achievements-and-awards\/","title":{"rendered":"Achievements and awards"},"content":{"rendered":"<h1 style=\"text-align: center;\">1978-1990<\/h1>\n<p>In 1978 we held our first conference of Women in Oaxaca drawing feminists from both the local and national contexts.<br \/>\nBetween 1979 and 1984 we broadcast \u201cForo de la Mujer\u201d (\u2018Women\u2019s forum\u2019) on Radio Universidad.<br \/>\nBetween 1985 and 1998 in the Juan Rulfo theatre we gave weekly presentations that publicised the legal position of women in\u00a0Oaxaca and the pressing need for reform.<br \/>\nIn 1987, to mark the tenth anniversary of the group, we held our second conference of Women in Oaxaca.<br \/>\nIn 1990 we received our first round of funding from the MacArthur Foundation, allowing us to offer our services from the\u00a0Casa de la Mujer \u201cRosario Castellanos\u201d.<\/p>\n<h1 style=\"text-align: center;\">1991-1995<\/h1>\n<p>In 1992 we managed the creation of a Specialized Agency for Sex Crimes. In the same year, we signed an agreement with the National System for Integral Family<br \/>\nDevelopment (\u2018Sistema Nacional para el Desarrollo Integral de la Familia\u2019 or DIF) and the State Attorney\u2019s office with a view to providing training through the<br \/>\nCollective Against Violence against Women (\u2018Colectivo Contra la Violencia hacia la Mujer A.C.\u2019 or COVAC).<\/p>\n<p>From 1992 to 1996, with the support of the MacArthur Foundation, we conducted research on the reality of Sexual and Reproductive Health for Women in the five<br \/>\nregions of Oaxaca, which resulted in a series of three videos (\u201cOur Shared Lives\u201d) which, as well as being subtitled in English, were dubbed in the regional<br \/>\ndialects of Zapoteco, Mixe and Mixteco. These were distributed both nationally and internationally. We also produce a series of 20 audio programs (\u201cLuces de<br \/>\nmujer\u201d).<\/p>\n<p>From 1994 to 1995, with funding from the\u00a0Ford Foundation, we conducted the\u00a0Seminar on Sexual and Reproductive\u00a0Health. This brought together officials\u00a0from various government institutions and\u00a0civil associations, and urged for the\u00a0inclusion of gender equality perspective in\u00a0their programs and activities.<\/p>\n<p>In 1995, we created the Guadalupe\u00a0Musalem Scholarship Fund with the\u00a0objective of supporting young Oaxacan\u00a0women from indigenous communities and\u00a0enabling them to continue their\u00a0baccalaureate studies.<br \/>\nIn 1997, to mark our group\u2019s twentieth\u00a0anniversary, we held a meeting with\u00a0recognized national experts covering\u00a0sexual and reproductive health, violence\u00a0against women and the environment.<\/p>\n<h1 style=\"text-align: center;\">1997-2003<\/h1>\n<p>In 1997 we received an award from the\u00a0National Indigenous Institute (\u2018Instituto\u00a0Nacional Indigenista\u2019) in recognition of\u00a0our work training doctors, surgeons and\u00a0dentists, in gender equality and sexual and\u00a0reproductive rights.<\/p>\n<p>In 1999, we collaborated with the Centre\u00a0for women\u2019s and family studies (\u2018Centro\u00a0de estudios para la Mujer y la Familia\u2019 or\u00a0CEMyF) and the Gender Equality\u00a0Commission (\u2018Comisi\u00f3n de Equidad de\u00a0G\u00e9nero de la LVII legislatura del estado\u2019)\u00a0to hold awareness-raising workshops for\u00a0Members of the Chamber of Deputies.<\/p>\n<p>In 2001 we organized the meeting\u00a0&#8220;Indigenous women: A space for reflection\u00a0and participation&#8221; which was attended by\u00a0120 participants from five states of the\u00a0country and the Federal District of Mexico\u00a0City.<\/p>\n<p>In 2002 we made the video &#8220;Step by step:\u00a0towards a maternity without risks&#8221;, which<br \/>\nwas dubbed to Mixe, Mixteco, Zapoteco,\u00a0Chatino and subtitled in English.<\/p>\n<p>In 2003 we signed an agreement with the\u00a0Health Services of Oaxaca (\u2018Servicios de\u00a0Salud de Oaxaca\u2019 or SSO) to train\u00a0personnel in 21 municipalities with poor\u00a0records for maternal deaths. We\u00a0promoted and managed the signing of\u00a0public commitments by the then\u00a0candidates for governor of the state. The\u00a0commitments were in favour of the Oaxaca\u00a0Agenda for Women for Gender Equality,\u00a0and aimed to incorporate the problem of\u00a0maternal death in the axis of sexual and\u00a0reproductive health, this garnered the\u00a0support of 64 organizations; organisations\u00a0that came to form the \u2018Huaxyacac\u00a0Collective\u2019.<\/p>\n<h1 style=\"text-align: center;\">2004-2012<\/h1>\n<p>In 2004 we trained midwives, their\u00a0apprentices, health personnel of the\u00a0Mexican Social Security Institute\u00a0(\u2018Instituto Mexicano del Seguro Social\u2019 or\u00a0IMSS) and health workers in Tlahuitoltepec, Mixe, Oaxaca, to raise\u00a0awareness of the importance of\u00a0preventing violence during maternity and\u00a0caring for victims thereof. To this end, we\u00a0drafted &#8220;To talk is to understand&#8221;, a brief\u00a0guide to the care of female victims of\u00a0family-based violence.<\/p>\n<p>In 2004 we made the short film &#8220;Cual Hoja\u00a0al viento&#8221; on the health situation of female\u00a0agricultural labourers, which received an\u00a0honourable mention in the National\u00a0Institute for Women\u2019s video contest in the\u00a0category of health and migration. The film\u00a0went on to be recognised again by the\u00a0National Institute for Women in 2006.<br \/>\nThat same year we received another award from the National Institute for\u00a0Women for the project &#8220;Step-by-Step\u00a0Maternity Care: Sexual and reproductive\u00a0health for migrant day labourers in\u00a0Oaxaca&#8221;, in recognition of it being the most\u00a0successful program in sexual and\u00a0reproductive health for rural and\u00a0indigenous communities.<\/p>\n<p>In 2009, Maricela Zurita Cruz, a young\u00a0indigenous woman from the community of\u00a0San Juan Quiahije, Juquila, a graduate of\u00a0our Scholarship program, was awarded\u00a0the 2008 National Youth Award, in the\u00a0category of Social Commitment.<\/p>\n<p>This achievement was repeated in 2010\u00a0when two graduates of our Scholarship\u00a0program were awarded the Bicentennial\u00a0Edition of the National Youth Prize 2009:\u00a0Berta Mart\u00ednez Sebasti\u00e1n, native of the\u00a0community of Santa Mar\u00eda Alotepec , Mixe,\u00a0Oaxaca, in the category of Social<br \/>\nCommitment; Sonia Garc\u00eda \u00c1ngel,\u00a0originally from San Felipe de Jes\u00fas Pueblo\u00a0Viejo, Santa Mar\u00eda Yucuhiti, Tlaxiaco,\u00a0Oaxaca, in the category of Cultural\u00a0Development.<\/p>\n<p>In 2012, in light of its success and\u00a0achievements, we legally constituted the\u00a0Guadalupe Musalem Fund as a civil\u00a0association. From then on, we collaborated\u00a0together as sister organisations for the\u00a0benefit of the young women of the state of Oaxaca.<\/p>\n<h1 style=\"text-align: center;\">2012-2014<\/h1>\n<p>In 2012 we received an award from the\u00a0Honourable City of Oaxaca de Ju\u00e1rez for\u00a0over 35 years of invaluable work in the\u00a0field of social justice and our contribution\u00a0to the welfare of Oaxacan women.<\/p>\n<p>In the same year, the Government of the\u00a0State of Oaxaca formally acknowledged\u00a0our work in favour of women\u2019s rights and\u00a0in the development of an egalitarian,\u00a0equitable and just society.<\/p>\n<p>In 2014, the Texan State Senate certified\u00a0that the state flag flew in honour of our\u00a0Group.<\/p>\n","protected":false},"excerpt":{"rendered":"<p>1978-1990 In 1978 we held our first conference of Women in Oaxaca drawing feminists from both the local and national contexts. Between 1979 and 1984 we broadcast \u201cForo de la Mujer\u201d (\u2018Women\u2019s forum\u2019) on Radio Universidad. Between 1985 and 1998 in the Juan Rulfo theatre we gave weekly presentations that publicised the legal position of [&hellip;]<\/p>\n","protected":false},"author":4,"featured_media":0,"parent":0,"menu_order":0,"comment_status":"closed","ping_status":"closed","template":"template-fullwidth.php","meta":{"give_campaign_id":0,"footnotes":""},"class_list":["post-3039","page","type-page","status-publish","hentry"],"yoast_head":"<!-- This site is optimized with the Yoast SEO plugin v27.4 - https:\/\/yoast.com\/product\/yoast-seo-wordpress\/ -->\n<title>Achievements and awards - GESMujer &quot;Rosario Castellanos&quot;<\/title>\n<meta name=\"robots\" content=\"index, follow, max-snippet:-1, max-image-preview:large, max-video-preview:-1\" \/>\n<link rel=\"canonical\" href=\"https:\/\/www.gesmujer.org\/sitio\/achievements-and-awards\/\" \/>\n<meta property=\"og:locale\" content=\"es_MX\" \/>\n<meta property=\"og:type\" content=\"article\" \/>\n<meta property=\"og:title\" content=\"Achievements and awards - GESMujer &quot;Rosario Castellanos&quot;\" \/>\n<meta property=\"og:description\" content=\"1978-1990 In 1978 we held our first conference of Women in Oaxaca drawing feminists from both the local and national contexts. Between 1979 and 1984 we broadcast \u201cForo de la Mujer\u201d (\u2018Women\u2019s forum\u2019) on Radio Universidad. Between 1985 and 1998 in the Juan Rulfo theatre we gave weekly presentations that publicised the legal position of [&hellip;]\" \/>\n<meta property=\"og:url\" content=\"https:\/\/www.gesmujer.org\/sitio\/achievements-and-awards\/\" \/>\n<meta property=\"og:site_name\" content=\"GESMujer &quot;Rosario Castellanos&quot;\" \/>\n<meta property=\"article:publisher\" content=\"https:\/\/www.facebook.com\/gesmujer.rosario.castellanos.ac\" \/>\n<meta property=\"article:modified_time\" content=\"2018-09-18T21:45:47+00:00\" \/>\n<meta property=\"og:image\" content=\"https:\/\/www.gesmujer.org\/sitio\/wp-content\/uploads\/2023\/07\/tecnologia.png\" \/>\n\t<meta property=\"og:image:width\" content=\"1624\" \/>\n\t<meta property=\"og:image:height\" content=\"1242\" \/>\n\t<meta property=\"og:image:type\" content=\"image\/png\" \/>\n<meta name=\"twitter:card\" content=\"summary_large_image\" \/>\n<meta name=\"twitter:site\" content=\"@GES_Mujer\" \/>\n<meta name=\"twitter:label1\" content=\"Tiempo de lectura\" \/>\n\t<meta name=\"twitter:data1\" content=\"5 minutos\" \/>\n<script type=\"application\/ld+json\" class=\"yoast-schema-graph\">{\"@context\":\"https:\\\/\\\/schema.org\",\"@graph\":[{\"@type\":\"WebPage\",\"@id\":\"https:\\\/\\\/www.gesmujer.org\\\/sitio\\\/achievements-and-awards\\\/\",\"url\":\"https:\\\/\\\/www.gesmujer.org\\\/sitio\\\/achievements-and-awards\\\/\",\"name\":\"Achievements and awards - GESMujer &quot;Rosario Castellanos&quot;\",\"isPartOf\":{\"@id\":\"https:\\\/\\\/www.gesmujer.org\\\/sitio\\\/#website\"},\"datePublished\":\"2018-09-14T18:04:29+00:00\",\"dateModified\":\"2018-09-18T21:45:47+00:00\",\"breadcrumb\":{\"@id\":\"https:\\\/\\\/www.gesmujer.org\\\/sitio\\\/achievements-and-awards\\\/#breadcrumb\"},\"inLanguage\":\"es\",\"potentialAction\":[{\"@type\":\"ReadAction\",\"target\":[\"https:\\\/\\\/www.gesmujer.org\\\/sitio\\\/achievements-and-awards\\\/\"]}]},{\"@type\":\"BreadcrumbList\",\"@id\":\"https:\\\/\\\/www.gesmujer.org\\\/sitio\\\/achievements-and-awards\\\/#breadcrumb\",\"itemListElement\":[{\"@type\":\"ListItem\",\"position\":1,\"name\":\"Home\",\"item\":\"https:\\\/\\\/www.gesmujer.org\\\/sitio\\\/\"},{\"@type\":\"ListItem\",\"position\":2,\"name\":\"Achievements and awards\"}]},{\"@type\":\"WebSite\",\"@id\":\"https:\\\/\\\/www.gesmujer.org\\\/sitio\\\/#website\",\"url\":\"https:\\\/\\\/www.gesmujer.org\\\/sitio\\\/\",\"name\":\"GESMujer \\\"Rosario Castellanos\\\"\",\"description\":\"M\u00e1s de 45 a\u00f1os ha llevado a cabo acciones para erradicar la violencia de g\u00e9nero y construir entornos donde las mujeres encuentren su resiliencia, incrementen su agencia y autonom\u00eda que les permita lograr su empoderamiento a trav\u00e9s de cinco l\u00edneas de acci\u00f3n.\",\"publisher\":{\"@id\":\"https:\\\/\\\/www.gesmujer.org\\\/sitio\\\/#organization\"},\"alternateName\":\"GESMujer\",\"potentialAction\":[{\"@type\":\"SearchAction\",\"target\":{\"@type\":\"EntryPoint\",\"urlTemplate\":\"https:\\\/\\\/www.gesmujer.org\\\/sitio\\\/?s={search_term_string}\"},\"query-input\":{\"@type\":\"PropertyValueSpecification\",\"valueRequired\":true,\"valueName\":\"search_term_string\"}}],\"inLanguage\":\"es\"},{\"@type\":\"Organization\",\"@id\":\"https:\\\/\\\/www.gesmujer.org\\\/sitio\\\/#organization\",\"name\":\"Grupo de estudios sobre la mujer Rosario Castellanos ac\",\"alternateName\":\"GESMujer\",\"url\":\"https:\\\/\\\/www.gesmujer.org\\\/sitio\\\/\",\"logo\":{\"@type\":\"ImageObject\",\"inLanguage\":\"es\",\"@id\":\"https:\\\/\\\/www.gesmujer.org\\\/sitio\\\/#\\\/schema\\\/logo\\\/image\\\/\",\"url\":\"https:\\\/\\\/www.gesmujer.org\\\/sitio\\\/wp-content\\\/uploads\\\/2026\\\/03\\\/Logo-GESMujer-300.png\",\"contentUrl\":\"https:\\\/\\\/www.gesmujer.org\\\/sitio\\\/wp-content\\\/uploads\\\/2026\\\/03\\\/Logo-GESMujer-300.png\",\"width\":300,\"height\":141,\"caption\":\"Grupo de estudios sobre la mujer Rosario Castellanos ac\"},\"image\":{\"@id\":\"https:\\\/\\\/www.gesmujer.org\\\/sitio\\\/#\\\/schema\\\/logo\\\/image\\\/\"},\"sameAs\":[\"https:\\\/\\\/www.facebook.com\\\/gesmujer.rosario.castellanos.ac\",\"https:\\\/\\\/x.com\\\/GES_Mujer\",\"https:\\\/\\\/www.instagram.com\\\/ges_mujer\\\/?hl=es\",\"https:\\\/\\\/www.youtube.com\\\/c\\\/GESMujerRosarioCastellanos\\\/videos\",\"https:\\\/\\\/soundcloud.com\\\/gesmujerac\",\"https:\\\/\\\/www.tiktok.com\\\/@gesmujer\"]}]}<\/script>\n<!-- \/ Yoast SEO plugin. -->","yoast_head_json":{"title":"Achievements and awards - GESMujer &quot;Rosario Castellanos&quot;","robots":{"index":"index","follow":"follow","max-snippet":"max-snippet:-1","max-image-preview":"max-image-preview:large","max-video-preview":"max-video-preview:-1"},"canonical":"https:\/\/www.gesmujer.org\/sitio\/achievements-and-awards\/","og_locale":"es_MX","og_type":"article","og_title":"Achievements and awards - GESMujer &quot;Rosario Castellanos&quot;","og_description":"1978-1990 In 1978 we held our first conference of Women in Oaxaca drawing feminists from both the local and national contexts. Between 1979 and 1984 we broadcast \u201cForo de la Mujer\u201d (\u2018Women\u2019s forum\u2019) on Radio Universidad. Between 1985 and 1998 in the Juan Rulfo theatre we gave weekly presentations that publicised the legal position of [&hellip;]","og_url":"https:\/\/www.gesmujer.org\/sitio\/achievements-and-awards\/","og_site_name":"GESMujer &quot;Rosario Castellanos&quot;","article_publisher":"https:\/\/www.facebook.com\/gesmujer.rosario.castellanos.ac","article_modified_time":"2018-09-18T21:45:47+00:00","og_image":[{"width":1624,"height":1242,"url":"https:\/\/www.gesmujer.org\/sitio\/wp-content\/uploads\/2023\/07\/tecnologia.png","type":"image\/png"}],"twitter_card":"summary_large_image","twitter_site":"@GES_Mujer","twitter_misc":{"Tiempo de lectura":"5 minutos"},"schema":{"@context":"https:\/\/schema.org","@graph":[{"@type":"WebPage","@id":"https:\/\/www.gesmujer.org\/sitio\/achievements-and-awards\/","url":"https:\/\/www.gesmujer.org\/sitio\/achievements-and-awards\/","name":"Achievements and awards - GESMujer &quot;Rosario Castellanos&quot;","isPartOf":{"@id":"https:\/\/www.gesmujer.org\/sitio\/#website"},"datePublished":"2018-09-14T18:04:29+00:00","dateModified":"2018-09-18T21:45:47+00:00","breadcrumb":{"@id":"https:\/\/www.gesmujer.org\/sitio\/achievements-and-awards\/#breadcrumb"},"inLanguage":"es","potentialAction":[{"@type":"ReadAction","target":["https:\/\/www.gesmujer.org\/sitio\/achievements-and-awards\/"]}]},{"@type":"BreadcrumbList","@id":"https:\/\/www.gesmujer.org\/sitio\/achievements-and-awards\/#breadcrumb","itemListElement":[{"@type":"ListItem","position":1,"name":"Home","item":"https:\/\/www.gesmujer.org\/sitio\/"},{"@type":"ListItem","position":2,"name":"Achievements and awards"}]},{"@type":"WebSite","@id":"https:\/\/www.gesmujer.org\/sitio\/#website","url":"https:\/\/www.gesmujer.org\/sitio\/","name":"GESMujer \"Rosario Castellanos\"","description":"M\u00e1s de 45 a\u00f1os ha llevado a cabo acciones para erradicar la violencia de g\u00e9nero y construir entornos donde las mujeres encuentren su resiliencia, incrementen su agencia y autonom\u00eda que les permita lograr su empoderamiento a trav\u00e9s de cinco l\u00edneas de acci\u00f3n.","publisher":{"@id":"https:\/\/www.gesmujer.org\/sitio\/#organization"},"alternateName":"GESMujer","potentialAction":[{"@type":"SearchAction","target":{"@type":"EntryPoint","urlTemplate":"https:\/\/www.gesmujer.org\/sitio\/?s={search_term_string}"},"query-input":{"@type":"PropertyValueSpecification","valueRequired":true,"valueName":"search_term_string"}}],"inLanguage":"es"},{"@type":"Organization","@id":"https:\/\/www.gesmujer.org\/sitio\/#organization","name":"Grupo de estudios sobre la mujer Rosario Castellanos ac","alternateName":"GESMujer","url":"https:\/\/www.gesmujer.org\/sitio\/","logo":{"@type":"ImageObject","inLanguage":"es","@id":"https:\/\/www.gesmujer.org\/sitio\/#\/schema\/logo\/image\/","url":"https:\/\/www.gesmujer.org\/sitio\/wp-content\/uploads\/2026\/03\/Logo-GESMujer-300.png","contentUrl":"https:\/\/www.gesmujer.org\/sitio\/wp-content\/uploads\/2026\/03\/Logo-GESMujer-300.png","width":300,"height":141,"caption":"Grupo de estudios sobre la mujer Rosario Castellanos ac"},"image":{"@id":"https:\/\/www.gesmujer.org\/sitio\/#\/schema\/logo\/image\/"},"sameAs":["https:\/\/www.facebook.com\/gesmujer.rosario.castellanos.ac","https:\/\/x.com\/GES_Mujer","https:\/\/www.instagram.com\/ges_mujer\/?hl=es","https:\/\/www.youtube.com\/c\/GESMujerRosarioCastellanos\/videos","https:\/\/soundcloud.com\/gesmujerac","https:\/\/www.tiktok.com\/@gesmujer"]}]}},"campaignId":"","_links":{"self":[{"href":"https:\/\/www.gesmujer.org\/sitio\/wp-json\/wp\/v2\/pages\/3039","targetHints":{"allow":["GET"]}}],"collection":[{"href":"https:\/\/www.gesmujer.org\/sitio\/wp-json\/wp\/v2\/pages"}],"about":[{"href":"https:\/\/www.gesmujer.org\/sitio\/wp-json\/wp\/v2\/types\/page"}],"author":[{"embeddable":true,"href":"https:\/\/www.gesmujer.org\/sitio\/wp-json\/wp\/v2\/users\/4"}],"replies":[{"embeddable":true,"href":"https:\/\/www.gesmujer.org\/sitio\/wp-json\/wp\/v2\/comments?post=3039"}],"version-history":[{"count":6,"href":"https:\/\/www.gesmujer.org\/sitio\/wp-json\/wp\/v2\/pages\/3039\/revisions"}],"predecessor-version":[{"id":3072,"href":"https:\/\/www.gesmujer.org\/sitio\/wp-json\/wp\/v2\/pages\/3039\/revisions\/3072"}],"wp:attachment":[{"href":"https:\/\/www.gesmujer.org\/sitio\/wp-json\/wp\/v2\/media?parent=3039"}],"curies":[{"name":"wp","href":"https:\/\/api.w.org\/{rel}","templated":true}]}}