{"id":3054,"date":"2018-09-14T12:55:04","date_gmt":"2018-09-14T18:55:04","guid":{"rendered":"http:\/\/www.gesmujer.org\/sitio\/?page_id=3054"},"modified":"2019-06-03T06:01:08","modified_gmt":"2019-06-03T12:01:08","slug":"casa-de-la-mujer-2","status":"publish","type":"page","link":"https:\/\/www.gesmujer.org\/sitio\/casa-de-la-mujer-2\/","title":{"rendered":"CASA DE LA MUJER"},"content":{"rendered":"<table>\n<tbody>\n<tr>\n<td style=\"text-align: center;\" colspan=\"2\">\n<h1>LEGAL ADVICE<\/h1>\n<\/td>\n<\/tr>\n<tr>\n<td class=\"ttx\">We offer guidance on legal issues\u00a0including gender violence and family law\u00a0(such as civil Registry records, agreements\u00a0and alimony payments, adoption and\u00a0divorces).<\/td>\n<td><a href=\"http:\/\/www.gesmujer.org\/SITIO\/wp-content\/uploads\/\/2018\/09\/asesoria.png\"><img fetchpriority=\"high\" decoding=\"async\" class=\"aligncenter size-full wp-image-2882\" src=\"http:\/\/www.gesmujer.org\/SITIO\/wp-content\/uploads\/\/2018\/09\/asesoria.png\" alt=\"\" width=\"516\" height=\"300\" srcset=\"https:\/\/www.gesmujer.org\/sitio\/wp-content\/uploads\/2018\/09\/asesoria.png 516w, https:\/\/www.gesmujer.org\/sitio\/wp-content\/uploads\/2018\/09\/asesoria-300x174.png 300w\" sizes=\"(max-width: 516px) 100vw, 516px\" \/><\/a><\/td>\n<\/tr>\n<tr>\n<td style=\"text-align: center;\" colspan=\"2\">\n<h1 style=\"text-align: center;\">PSYCHOLOGICAL SUPPORT<\/h1>\n<\/td>\n<\/tr>\n<tr>\n<td><a href=\"https:\/\/www.gesmujer.org\/web\/wp-content\/uploads\/2019\/06\/asesoria.jpeg\"><img decoding=\"async\" class=\"aligncenter size-large wp-image-3586\" src=\"https:\/\/www.gesmujer.org\/web\/wp-content\/uploads\/2019\/06\/asesoria-1024x682.jpeg\" alt=\"\" width=\"790\" height=\"526\" srcset=\"https:\/\/www.gesmujer.org\/sitio\/wp-content\/uploads\/2019\/06\/asesoria-1024x682.jpeg 1024w, https:\/\/www.gesmujer.org\/sitio\/wp-content\/uploads\/2019\/06\/asesoria-1080x720.jpeg 1080w, https:\/\/www.gesmujer.org\/sitio\/wp-content\/uploads\/2019\/06\/asesoria-300x200.jpeg 300w, https:\/\/www.gesmujer.org\/sitio\/wp-content\/uploads\/2019\/06\/asesoria-768x512.jpeg 768w, https:\/\/www.gesmujer.org\/sitio\/wp-content\/uploads\/2019\/06\/asesoria.jpeg 1280w\" sizes=\"(max-width: 790px) 100vw, 790px\" \/><\/a><\/td>\n<td class=\"ttx\">We aim to strengthen and foster the\u00a0emotional development of women, men\u00a0and children through individual and group\u00a0counselling.<br \/>\nMost of the cases that we deal with relate\u00a0to various forms of violence. The fee is\u00a0calculated in relation to the financial\u00a0means of the patients.<\/td>\n<\/tr>\n<tr>\n<td style=\"text-align: center;\" colspan=\"2\">\n<h1 style=\"text-align: center;\">TALKS AND WORKSHOPS<\/h1>\n<\/td>\n<\/tr>\n<tr>\n<td class=\"ttx\">We offer awareness-raising and training\u00a0workshops as a manner of promoting\u00a0gender equality, human rights, as well as\u00a0the prevention and care of: Sexual and\u00a0reproductive health, domestic violence,\u00a0and child abuse. We also offer an open\u00a0space for the hosting of workshops and\u00a0activities related to our mission.<\/td>\n<td><a href=\"http:\/\/www.gesmujer.org\/SITIO\/wp-content\/uploads\/\/2018\/09\/talleres.png\"><img decoding=\"async\" class=\"aligncenter size-full wp-image-2892\" src=\"http:\/\/www.gesmujer.org\/SITIO\/wp-content\/uploads\/\/2018\/09\/talleres.png\" alt=\"\" width=\"516\" height=\"300\" srcset=\"https:\/\/www.gesmujer.org\/sitio\/wp-content\/uploads\/2018\/09\/talleres.png 516w, https:\/\/www.gesmujer.org\/sitio\/wp-content\/uploads\/2018\/09\/talleres-300x174.png 300w\" sizes=\"(max-width: 516px) 100vw, 516px\" \/><\/a><\/td>\n<\/tr>\n<tr>\n<td style=\"text-align: center;\" colspan=\"2\">\n<h1 style=\"text-align: center;\">DOCUMENTATION CENTRE<\/h1>\n<\/td>\n<\/tr>\n<tr>\n<td><a href=\"http:\/\/www.gesmujer.org\/SITIO\/wp-content\/uploads\/\/2018\/09\/centro.png\"><img loading=\"lazy\" decoding=\"async\" class=\"aligncenter size-full wp-image-2900\" src=\"http:\/\/www.gesmujer.org\/SITIO\/wp-content\/uploads\/\/2018\/09\/centro.png\" alt=\"\" width=\"518\" height=\"301\" srcset=\"https:\/\/www.gesmujer.org\/sitio\/wp-content\/uploads\/2018\/09\/centro.png 518w, https:\/\/www.gesmujer.org\/sitio\/wp-content\/uploads\/2018\/09\/centro-300x174.png 300w\" sizes=\"(max-width: 518px) 100vw, 518px\" \/><\/a><\/td>\n<td class=\"ttx\">Founded in 1991 as part of the \u2018Casa de la\u00a0Mujer\u2019, our documentation centre aims to\u00a0raise awareness and facilitate access to\u00a0information about the changes,\u00a0movements, participation and history of\u00a0women within Oaxacan society.<\/td>\n<\/tr>\n<\/tbody>\n<\/table>\n","protected":false},"excerpt":{"rendered":"<p>LEGAL ADVICE We offer guidance on legal issues\u00a0including gender violence and family law\u00a0(such as civil Registry records, agreements\u00a0and alimony payments, adoption and\u00a0divorces). PSYCHOLOGICAL SUPPORT We aim to strengthen and foster the\u00a0emotional development of women, men\u00a0and children through individual and group\u00a0counselling. Most of the cases that we deal with relate\u00a0to various forms of violence. The fee [&hellip;]<\/p>\n","protected":false},"author":4,"featured_media":0,"parent":0,"menu_order":0,"comment_status":"closed","ping_status":"closed","template":"","meta":{"give_campaign_id":0,"footnotes":""},"class_list":["post-3054","page","type-page","status-publish","hentry"],"yoast_head":"<!-- This site is optimized with the Yoast SEO plugin v27.4 - https:\/\/yoast.com\/product\/yoast-seo-wordpress\/ -->\n<title>CASA DE LA MUJER - GESMujer &quot;Rosario Castellanos&quot;<\/title>\n<meta name=\"robots\" content=\"index, follow, max-snippet:-1, max-image-preview:large, max-video-preview:-1\" \/>\n<link rel=\"canonical\" href=\"https:\/\/www.gesmujer.org\/sitio\/casa-de-la-mujer-2\/\" \/>\n<meta property=\"og:locale\" content=\"es_MX\" \/>\n<meta property=\"og:type\" content=\"article\" \/>\n<meta property=\"og:title\" content=\"CASA DE LA MUJER - GESMujer &quot;Rosario Castellanos&quot;\" \/>\n<meta property=\"og:description\" content=\"LEGAL ADVICE We offer guidance on legal issues\u00a0including gender violence and family law\u00a0(such as civil Registry records, agreements\u00a0and alimony payments, adoption and\u00a0divorces). PSYCHOLOGICAL SUPPORT We aim to strengthen and foster the\u00a0emotional development of women, men\u00a0and children through individual and group\u00a0counselling. Most of the cases that we deal with relate\u00a0to various forms of violence. The fee [&hellip;]\" \/>\n<meta property=\"og:url\" content=\"https:\/\/www.gesmujer.org\/sitio\/casa-de-la-mujer-2\/\" \/>\n<meta property=\"og:site_name\" content=\"GESMujer &quot;Rosario Castellanos&quot;\" \/>\n<meta property=\"article:publisher\" content=\"https:\/\/www.facebook.com\/gesmujer.rosario.castellanos.ac\" \/>\n<meta property=\"article:modified_time\" content=\"2019-06-03T12:01:08+00:00\" \/>\n<meta property=\"og:image\" content=\"http:\/\/www.gesmujer.org\/SITIO\/wp-content\/uploads\/\/2018\/09\/asesoria.png\" \/>\n<meta name=\"twitter:card\" content=\"summary_large_image\" \/>\n<meta name=\"twitter:site\" content=\"@GES_Mujer\" \/>\n<meta name=\"twitter:label1\" content=\"Tiempo de lectura\" \/>\n\t<meta name=\"twitter:data1\" content=\"1 minuto\" \/>\n<script type=\"application\/ld+json\" class=\"yoast-schema-graph\">{\"@context\":\"https:\\\/\\\/schema.org\",\"@graph\":[{\"@type\":\"WebPage\",\"@id\":\"https:\\\/\\\/www.gesmujer.org\\\/sitio\\\/casa-de-la-mujer-2\\\/\",\"url\":\"https:\\\/\\\/www.gesmujer.org\\\/sitio\\\/casa-de-la-mujer-2\\\/\",\"name\":\"CASA DE LA MUJER - GESMujer &quot;Rosario Castellanos&quot;\",\"isPartOf\":{\"@id\":\"https:\\\/\\\/www.gesmujer.org\\\/sitio\\\/#website\"},\"primaryImageOfPage\":{\"@id\":\"https:\\\/\\\/www.gesmujer.org\\\/sitio\\\/casa-de-la-mujer-2\\\/#primaryimage\"},\"image\":{\"@id\":\"https:\\\/\\\/www.gesmujer.org\\\/sitio\\\/casa-de-la-mujer-2\\\/#primaryimage\"},\"thumbnailUrl\":\"http:\\\/\\\/www.gesmujer.org\\\/SITIO\\\/wp-content\\\/uploads\\\/\\\/2018\\\/09\\\/asesoria.png\",\"datePublished\":\"2018-09-14T18:55:04+00:00\",\"dateModified\":\"2019-06-03T12:01:08+00:00\",\"breadcrumb\":{\"@id\":\"https:\\\/\\\/www.gesmujer.org\\\/sitio\\\/casa-de-la-mujer-2\\\/#breadcrumb\"},\"inLanguage\":\"es\",\"potentialAction\":[{\"@type\":\"ReadAction\",\"target\":[\"https:\\\/\\\/www.gesmujer.org\\\/sitio\\\/casa-de-la-mujer-2\\\/\"]}]},{\"@type\":\"ImageObject\",\"inLanguage\":\"es\",\"@id\":\"https:\\\/\\\/www.gesmujer.org\\\/sitio\\\/casa-de-la-mujer-2\\\/#primaryimage\",\"url\":\"http:\\\/\\\/www.gesmujer.org\\\/SITIO\\\/wp-content\\\/uploads\\\/\\\/2018\\\/09\\\/asesoria.png\",\"contentUrl\":\"http:\\\/\\\/www.gesmujer.org\\\/SITIO\\\/wp-content\\\/uploads\\\/\\\/2018\\\/09\\\/asesoria.png\"},{\"@type\":\"BreadcrumbList\",\"@id\":\"https:\\\/\\\/www.gesmujer.org\\\/sitio\\\/casa-de-la-mujer-2\\\/#breadcrumb\",\"itemListElement\":[{\"@type\":\"ListItem\",\"position\":1,\"name\":\"Home\",\"item\":\"https:\\\/\\\/www.gesmujer.org\\\/sitio\\\/\"},{\"@type\":\"ListItem\",\"position\":2,\"name\":\"CASA DE LA MUJER\"}]},{\"@type\":\"WebSite\",\"@id\":\"https:\\\/\\\/www.gesmujer.org\\\/sitio\\\/#website\",\"url\":\"https:\\\/\\\/www.gesmujer.org\\\/sitio\\\/\",\"name\":\"GESMujer \\\"Rosario Castellanos\\\"\",\"description\":\"M\u00e1s de 45 a\u00f1os ha llevado a cabo acciones para erradicar la violencia de g\u00e9nero y construir entornos donde las mujeres encuentren su resiliencia, incrementen su agencia y autonom\u00eda que les permita lograr su empoderamiento a trav\u00e9s de cinco l\u00edneas de acci\u00f3n.\",\"publisher\":{\"@id\":\"https:\\\/\\\/www.gesmujer.org\\\/sitio\\\/#organization\"},\"alternateName\":\"GESMujer\",\"potentialAction\":[{\"@type\":\"SearchAction\",\"target\":{\"@type\":\"EntryPoint\",\"urlTemplate\":\"https:\\\/\\\/www.gesmujer.org\\\/sitio\\\/?s={search_term_string}\"},\"query-input\":{\"@type\":\"PropertyValueSpecification\",\"valueRequired\":true,\"valueName\":\"search_term_string\"}}],\"inLanguage\":\"es\"},{\"@type\":\"Organization\",\"@id\":\"https:\\\/\\\/www.gesmujer.org\\\/sitio\\\/#organization\",\"name\":\"Grupo de estudios sobre la mujer Rosario Castellanos ac\",\"alternateName\":\"GESMujer\",\"url\":\"https:\\\/\\\/www.gesmujer.org\\\/sitio\\\/\",\"logo\":{\"@type\":\"ImageObject\",\"inLanguage\":\"es\",\"@id\":\"https:\\\/\\\/www.gesmujer.org\\\/sitio\\\/#\\\/schema\\\/logo\\\/image\\\/\",\"url\":\"https:\\\/\\\/www.gesmujer.org\\\/sitio\\\/wp-content\\\/uploads\\\/2026\\\/03\\\/Logo-GESMujer-300.png\",\"contentUrl\":\"https:\\\/\\\/www.gesmujer.org\\\/sitio\\\/wp-content\\\/uploads\\\/2026\\\/03\\\/Logo-GESMujer-300.png\",\"width\":300,\"height\":141,\"caption\":\"Grupo de estudios sobre la mujer Rosario Castellanos ac\"},\"image\":{\"@id\":\"https:\\\/\\\/www.gesmujer.org\\\/sitio\\\/#\\\/schema\\\/logo\\\/image\\\/\"},\"sameAs\":[\"https:\\\/\\\/www.facebook.com\\\/gesmujer.rosario.castellanos.ac\",\"https:\\\/\\\/x.com\\\/GES_Mujer\",\"https:\\\/\\\/www.instagram.com\\\/ges_mujer\\\/?hl=es\",\"https:\\\/\\\/www.youtube.com\\\/c\\\/GESMujerRosarioCastellanos\\\/videos\",\"https:\\\/\\\/soundcloud.com\\\/gesmujerac\",\"https:\\\/\\\/www.tiktok.com\\\/@gesmujer\"]}]}<\/script>\n<!-- \/ Yoast SEO plugin. -->","yoast_head_json":{"title":"CASA DE LA MUJER - GESMujer &quot;Rosario Castellanos&quot;","robots":{"index":"index","follow":"follow","max-snippet":"max-snippet:-1","max-image-preview":"max-image-preview:large","max-video-preview":"max-video-preview:-1"},"canonical":"https:\/\/www.gesmujer.org\/sitio\/casa-de-la-mujer-2\/","og_locale":"es_MX","og_type":"article","og_title":"CASA DE LA MUJER - GESMujer &quot;Rosario Castellanos&quot;","og_description":"LEGAL ADVICE We offer guidance on legal issues\u00a0including gender violence and family law\u00a0(such as civil Registry records, agreements\u00a0and alimony payments, adoption and\u00a0divorces). PSYCHOLOGICAL SUPPORT We aim to strengthen and foster the\u00a0emotional development of women, men\u00a0and children through individual and group\u00a0counselling. Most of the cases that we deal with relate\u00a0to various forms of violence. The fee [&hellip;]","og_url":"https:\/\/www.gesmujer.org\/sitio\/casa-de-la-mujer-2\/","og_site_name":"GESMujer &quot;Rosario Castellanos&quot;","article_publisher":"https:\/\/www.facebook.com\/gesmujer.rosario.castellanos.ac","article_modified_time":"2019-06-03T12:01:08+00:00","og_image":[{"url":"http:\/\/www.gesmujer.org\/SITIO\/wp-content\/uploads\/\/2018\/09\/asesoria.png","type":"","width":"","height":""}],"twitter_card":"summary_large_image","twitter_site":"@GES_Mujer","twitter_misc":{"Tiempo de lectura":"1 minuto"},"schema":{"@context":"https:\/\/schema.org","@graph":[{"@type":"WebPage","@id":"https:\/\/www.gesmujer.org\/sitio\/casa-de-la-mujer-2\/","url":"https:\/\/www.gesmujer.org\/sitio\/casa-de-la-mujer-2\/","name":"CASA DE LA MUJER - GESMujer &quot;Rosario Castellanos&quot;","isPartOf":{"@id":"https:\/\/www.gesmujer.org\/sitio\/#website"},"primaryImageOfPage":{"@id":"https:\/\/www.gesmujer.org\/sitio\/casa-de-la-mujer-2\/#primaryimage"},"image":{"@id":"https:\/\/www.gesmujer.org\/sitio\/casa-de-la-mujer-2\/#primaryimage"},"thumbnailUrl":"http:\/\/www.gesmujer.org\/SITIO\/wp-content\/uploads\/\/2018\/09\/asesoria.png","datePublished":"2018-09-14T18:55:04+00:00","dateModified":"2019-06-03T12:01:08+00:00","breadcrumb":{"@id":"https:\/\/www.gesmujer.org\/sitio\/casa-de-la-mujer-2\/#breadcrumb"},"inLanguage":"es","potentialAction":[{"@type":"ReadAction","target":["https:\/\/www.gesmujer.org\/sitio\/casa-de-la-mujer-2\/"]}]},{"@type":"ImageObject","inLanguage":"es","@id":"https:\/\/www.gesmujer.org\/sitio\/casa-de-la-mujer-2\/#primaryimage","url":"http:\/\/www.gesmujer.org\/SITIO\/wp-content\/uploads\/\/2018\/09\/asesoria.png","contentUrl":"http:\/\/www.gesmujer.org\/SITIO\/wp-content\/uploads\/\/2018\/09\/asesoria.png"},{"@type":"BreadcrumbList","@id":"https:\/\/www.gesmujer.org\/sitio\/casa-de-la-mujer-2\/#breadcrumb","itemListElement":[{"@type":"ListItem","position":1,"name":"Home","item":"https:\/\/www.gesmujer.org\/sitio\/"},{"@type":"ListItem","position":2,"name":"CASA DE LA MUJER"}]},{"@type":"WebSite","@id":"https:\/\/www.gesmujer.org\/sitio\/#website","url":"https:\/\/www.gesmujer.org\/sitio\/","name":"GESMujer \"Rosario Castellanos\"","description":"M\u00e1s de 45 a\u00f1os ha llevado a cabo acciones para erradicar la violencia de g\u00e9nero y construir entornos donde las mujeres encuentren su resiliencia, incrementen su agencia y autonom\u00eda que les permita lograr su empoderamiento a trav\u00e9s de cinco l\u00edneas de acci\u00f3n.","publisher":{"@id":"https:\/\/www.gesmujer.org\/sitio\/#organization"},"alternateName":"GESMujer","potentialAction":[{"@type":"SearchAction","target":{"@type":"EntryPoint","urlTemplate":"https:\/\/www.gesmujer.org\/sitio\/?s={search_term_string}"},"query-input":{"@type":"PropertyValueSpecification","valueRequired":true,"valueName":"search_term_string"}}],"inLanguage":"es"},{"@type":"Organization","@id":"https:\/\/www.gesmujer.org\/sitio\/#organization","name":"Grupo de estudios sobre la mujer Rosario Castellanos ac","alternateName":"GESMujer","url":"https:\/\/www.gesmujer.org\/sitio\/","logo":{"@type":"ImageObject","inLanguage":"es","@id":"https:\/\/www.gesmujer.org\/sitio\/#\/schema\/logo\/image\/","url":"https:\/\/www.gesmujer.org\/sitio\/wp-content\/uploads\/2026\/03\/Logo-GESMujer-300.png","contentUrl":"https:\/\/www.gesmujer.org\/sitio\/wp-content\/uploads\/2026\/03\/Logo-GESMujer-300.png","width":300,"height":141,"caption":"Grupo de estudios sobre la mujer Rosario Castellanos ac"},"image":{"@id":"https:\/\/www.gesmujer.org\/sitio\/#\/schema\/logo\/image\/"},"sameAs":["https:\/\/www.facebook.com\/gesmujer.rosario.castellanos.ac","https:\/\/x.com\/GES_Mujer","https:\/\/www.instagram.com\/ges_mujer\/?hl=es","https:\/\/www.youtube.com\/c\/GESMujerRosarioCastellanos\/videos","https:\/\/soundcloud.com\/gesmujerac","https:\/\/www.tiktok.com\/@gesmujer"]}]}},"campaignId":"","_links":{"self":[{"href":"https:\/\/www.gesmujer.org\/sitio\/wp-json\/wp\/v2\/pages\/3054","targetHints":{"allow":["GET"]}}],"collection":[{"href":"https:\/\/www.gesmujer.org\/sitio\/wp-json\/wp\/v2\/pages"}],"about":[{"href":"https:\/\/www.gesmujer.org\/sitio\/wp-json\/wp\/v2\/types\/page"}],"author":[{"embeddable":true,"href":"https:\/\/www.gesmujer.org\/sitio\/wp-json\/wp\/v2\/users\/4"}],"replies":[{"embeddable":true,"href":"https:\/\/www.gesmujer.org\/sitio\/wp-json\/wp\/v2\/comments?post=3054"}],"version-history":[{"count":5,"href":"https:\/\/www.gesmujer.org\/sitio\/wp-json\/wp\/v2\/pages\/3054\/revisions"}],"predecessor-version":[{"id":3587,"href":"https:\/\/www.gesmujer.org\/sitio\/wp-json\/wp\/v2\/pages\/3054\/revisions\/3587"}],"wp:attachment":[{"href":"https:\/\/www.gesmujer.org\/sitio\/wp-json\/wp\/v2\/media?parent=3054"}],"curies":[{"name":"wp","href":"https:\/\/api.w.org\/{rel}","templated":true}]}}