{"id":32606,"date":"2020-10-08T06:33:02","date_gmt":"2020-10-08T06:33:02","guid":{"rendered":"https:\/\/bighearts.wgl-demo.net\/?page_id=2880"},"modified":"2020-10-08T06:33:02","modified_gmt":"2020-10-08T06:33:02","slug":"donations-listing","status":"publish","type":"page","link":"https:\/\/www.gesmujer.org\/sitio\/donations-listing\/","title":{"rendered":"Donations Listing"},"content":{"rendered":"\t\t<div data-elementor-type=\"wp-page\" data-elementor-id=\"32606\" class=\"elementor elementor-32606\">\n\t\t\t\t\t\t<section class=\"elementor-section elementor-top-section elementor-element elementor-element-497f956 elementor-section-boxed elementor-section-height-default elementor-section-height-default\" data-id=\"497f956\" data-element_type=\"section\" data-e-type=\"section\">\n\t\t\t\t\t\t<div class=\"elementor-container elementor-column-gap-default\">\n\t\t\t\t\t<div class=\"elementor-column elementor-col-100 elementor-top-column elementor-element elementor-element-2be0ced\" data-id=\"2be0ced\" data-element_type=\"column\" data-e-type=\"column\">\n\t\t\t<div class=\"elementor-widget-wrap elementor-element-populated\">\n\t\t\t\t\t\t<div class=\"elementor-element elementor-element-95df984 acenter elementor-widget elementor-widget-wgl-double-headings\" data-id=\"95df984\" data-element_type=\"widget\" data-e-type=\"widget\" data-widget_type=\"wgl-double-headings.default\">\n\t\t\t\t<div class=\"elementor-widget-container\">\n\t\t\t\t\t        <div class=\"wgl-double_heading\">                <div class=\"dbl__subtitle\"><span>We Help around the world<\/span>                <\/div><h3 class=\"dbl__title-wrapper\"><span class=\"dbl__title dbl-title_1\">Introduse Our Campains<\/span><\/h3>        <\/div>\t\t\t\t<\/div>\n\t\t\t\t<\/div>\n\t\t\t\t\t<\/div>\n\t\t<\/div>\n\t\t\t\t\t<\/div>\n\t\t<\/section>\n\t\t\t\t<section class=\"elementor-section elementor-top-section elementor-element elementor-element-4be8f62 elementor-section-boxed elementor-section-height-default elementor-section-height-default\" data-id=\"4be8f62\" data-element_type=\"section\" data-e-type=\"section\">\n\t\t\t\t\t\t<div class=\"elementor-container elementor-column-gap-default\">\n\t\t\t\t\t<div class=\"elementor-column elementor-col-100 elementor-top-column elementor-element elementor-element-86f605b\" data-id=\"86f605b\" data-element_type=\"column\" data-e-type=\"column\">\n\t\t\t<div class=\"elementor-widget-wrap elementor-element-populated\">\n\t\t\t\t\t\t<div class=\"elementor-element elementor-element-5c0c8ba elementor-widget elementor-widget-spacer\" data-id=\"5c0c8ba\" data-element_type=\"widget\" data-e-type=\"widget\" data-widget_type=\"spacer.default\">\n\t\t\t\t<div class=\"elementor-widget-container\">\n\t\t\t\t\t\t\t<div class=\"elementor-spacer\">\n\t\t\t<div class=\"elementor-spacer-inner\"><\/div>\n\t\t<\/div>\n\t\t\t\t\t\t<\/div>\n\t\t\t\t<\/div>\n\t\t\t\t\t<\/div>\n\t\t<\/div>\n\t\t\t\t\t<\/div>\n\t\t<\/section>\n\t\t\t\t<section class=\"elementor-section elementor-top-section elementor-element elementor-element-8acd108 elementor-section-boxed elementor-section-height-default elementor-section-height-default\" data-id=\"8acd108\" data-element_type=\"section\" data-e-type=\"section\">\n\t\t\t\t\t\t<div class=\"elementor-container elementor-column-gap-default\">\n\t\t\t\t\t<div class=\"elementor-column elementor-col-100 elementor-top-column elementor-element elementor-element-2183723\" data-id=\"2183723\" data-element_type=\"column\" data-e-type=\"column\">\n\t\t\t<div class=\"elementor-widget-wrap elementor-element-populated\">\n\t\t\t\t\t\t<div class=\"elementor-element elementor-element-5e2711e aleft elementor-widget elementor-widget-wgl-give-forms\" data-id=\"5e2711e\" data-element_type=\"widget\" data-e-type=\"widget\" data-widget_type=\"wgl-give-forms.default\">\n\t\t\t\t<div class=\"elementor-widget-container\">\n\t\t\t\t\t<section class=\"wgl-donation\"><div class=\"wgl-donation__grid grid-col--1 horizontal-layout\"><article class=\"wgl-donation__card\"><div class=\"card__container\"><div class=\"card__content\"><h4 class=\"card__title\"><a href=\"https:\/\/www.gesmujer.org\/sitio\/donations\/school-based-programs\/\">School-Based Programs<\/a><\/h4><p class=\"card__excerpt\">Alienum phaedrum torquatos nec eu, vis detraxit periculis ex, nihil expetendis in mei. Mei an pericula est euripidis hinc<\/p><\/div><\/div><\/article><article class=\"wgl-donation__card\"><div class=\"card__container\"><div class=\"card__content\"><h4 class=\"card__title\"><a href=\"https:\/\/www.gesmujer.org\/sitio\/donations\/learn-about-tolerance\/\">Learn About Tolerance<\/a><\/h4><p class=\"card__excerpt\">Alienum phaedrum torquatos nec eu, vis detraxit periculis ex, nihil expetendis in mei. Mei an pericula est euripidis hinc<\/p><\/div><\/div><\/article><article class=\"wgl-donation__card\"><div class=\"card__container\"><div class=\"card__content\"><h4 class=\"card__title\"><a href=\"https:\/\/www.gesmujer.org\/sitio\/donations\/classroom-materials\/\">Classroom Materials<\/a><\/h4><p class=\"card__excerpt\">Alienum phaedrum torquatos nec eu, vis detraxit periculis ex, nihil expetendis in mei. Mei an pericula est euripidis hinc<\/p><\/div><\/div><\/article><article class=\"wgl-donation__card\"><div class=\"card__container\"><div class=\"card__content\"><h4 class=\"card__title\"><a href=\"https:\/\/www.gesmujer.org\/sitio\/donations\/help-the-ecosystems\/\">Help The Ecosystems<\/a><\/h4><p class=\"card__excerpt\">Alienum phaedrum torquatos nec eu, vis detraxit periculis ex, nihil expetendis in mei. Mei an pericula est euripidis hinc<\/p><\/div><\/div><\/article><article class=\"wgl-donation__card\"><div class=\"card__container\"><div class=\"card__content\"><h4 class=\"card__title\"><a href=\"https:\/\/www.gesmujer.org\/sitio\/donations\/save-rainforests\/\">Save Rainforests<\/a><\/h4><p class=\"card__excerpt\">Alienum phaedrum torquatos nec eu, vis detraxit periculis ex, nihil expetendis in mei. Mei an pericula est euripidis hinc<\/p><\/div><\/div><\/article><article class=\"wgl-donation__card\"><div class=\"card__container\"><div class=\"card__content\"><h4 class=\"card__title\"><a href=\"https:\/\/www.gesmujer.org\/sitio\/donations\/for-new-generations\/\">For New Generations<\/a><\/h4><p class=\"card__excerpt\">Alienum phaedrum torquatos nec eu, vis detraxit periculis ex, nihil expetendis in mei. Mei an pericula est euripidis hinc<\/p><\/div><\/div><\/article><\/div><ul class=\"wgl-pagination\"><li class='page'><span aria-current=\"page\" class=\"page-numbers current\">1<\/span><\/li><li class='page'><a class=\"page-numbers\" href=\"https:\/\/www.gesmujer.org\/sitio\/wp-json\/wp\/v2\/pages\/32606\/page\/2\/\">2<\/a><\/li><li class='page'><a class=\"page-numbers\" href=\"https:\/\/www.gesmujer.org\/sitio\/wp-json\/wp\/v2\/pages\/32606\/page\/3\/\">3<\/a><\/li><li class='page'><span class=\"page-numbers dots\">&hellip;<\/span><\/li><li class='page'><a class=\"page-numbers\" href=\"https:\/\/www.gesmujer.org\/sitio\/wp-json\/wp\/v2\/pages\/32606\/page\/11\/\">11<\/a><\/li><li class='page'><a class=\"next page-numbers\" href=\"https:\/\/www.gesmujer.org\/sitio\/wp-json\/wp\/v2\/pages\/32606\/page\/2\/\"><i class=\"flaticon-right-arrow-1\"><\/i><\/a><\/li><\/ul><\/section>\t\t\t\t<\/div>\n\t\t\t\t<\/div>\n\t\t\t\t\t<\/div>\n\t\t<\/div>\n\t\t\t\t\t<\/div>\n\t\t<\/section>\n\t\t\t\t<section class=\"elementor-section elementor-top-section elementor-element elementor-element-fa4d0fc elementor-section-boxed elementor-section-height-default elementor-section-height-default\" data-id=\"fa4d0fc\" data-element_type=\"section\" data-e-type=\"section\">\n\t\t\t\t\t\t<div class=\"elementor-container elementor-column-gap-default\">\n\t\t\t\t\t<div class=\"elementor-column elementor-col-100 elementor-top-column elementor-element elementor-element-4ac28a6\" data-id=\"4ac28a6\" data-element_type=\"column\" data-e-type=\"column\">\n\t\t\t<div class=\"elementor-widget-wrap elementor-element-populated\">\n\t\t\t\t\t\t<div class=\"elementor-element elementor-element-e338a4a elementor-widget elementor-widget-spacer\" data-id=\"e338a4a\" data-element_type=\"widget\" data-e-type=\"widget\" data-widget_type=\"spacer.default\">\n\t\t\t\t<div class=\"elementor-widget-container\">\n\t\t\t\t\t\t\t<div class=\"elementor-spacer\">\n\t\t\t<div class=\"elementor-spacer-inner\"><\/div>\n\t\t<\/div>\n\t\t\t\t\t\t<\/div>\n\t\t\t\t<\/div>\n\t\t\t\t\t<\/div>\n\t\t<\/div>\n\t\t\t\t\t<\/div>\n\t\t<\/section>\n\t\t\t\t<\/div>\n\t\t","protected":false},"excerpt":{"rendered":"<p>We Help around the world Introduse Our Campains EDUCATION Help Children Rise out of Poverty Diam volutpat commodo sed egestas egestas fringilla phasellus faucibus scelerisque. Et ligula ullamcorper malesuada proin libero nunc. Quis vel eros donec ac odio tempor. Cursus in hac habitasse platea. Phasellus egestas tellus rutrum tellus pellentesque eu. Non diam&#8230; 46%Goal:&#36;20,000Raised:&#36;9,200To Go:&#36;10,800 [&hellip;]<\/p>\n","protected":false},"author":4,"featured_media":0,"parent":0,"menu_order":0,"comment_status":"closed","ping_status":"closed","template":"","meta":{"give_campaign_id":0,"footnotes":""},"class_list":["post-32606","page","type-page","status-publish","hentry"],"yoast_head":"<!-- This site is optimized with the Yoast SEO plugin v27.4 - https:\/\/yoast.com\/product\/yoast-seo-wordpress\/ -->\n<title>Donations Listing - GESMujer &quot;Rosario Castellanos&quot;<\/title>\n<meta name=\"robots\" content=\"index, follow, max-snippet:-1, max-image-preview:large, max-video-preview:-1\" \/>\n<link rel=\"canonical\" href=\"https:\/\/www.gesmujer.org\/sitio\/donations-listing\/\" \/>\n<meta property=\"og:locale\" content=\"es_MX\" \/>\n<meta property=\"og:type\" content=\"article\" \/>\n<meta property=\"og:title\" content=\"Donations Listing - GESMujer &quot;Rosario Castellanos&quot;\" \/>\n<meta property=\"og:description\" content=\"We Help around the world Introduse Our Campains EDUCATION Help Children Rise out of Poverty Diam volutpat commodo sed egestas egestas fringilla phasellus faucibus scelerisque. Et ligula ullamcorper malesuada proin libero nunc. Quis vel eros donec ac odio tempor. Cursus in hac habitasse platea. Phasellus egestas tellus rutrum tellus pellentesque eu. Non diam&#8230; 46%Goal:&#036;20,000Raised:&#036;9,200To Go:&#036;10,800 [&hellip;]\" \/>\n<meta property=\"og:url\" content=\"https:\/\/www.gesmujer.org\/sitio\/donations-listing\/\" \/>\n<meta property=\"og:site_name\" content=\"GESMujer &quot;Rosario Castellanos&quot;\" \/>\n<meta property=\"article:publisher\" content=\"https:\/\/www.facebook.com\/gesmujer.rosario.castellanos.ac\" \/>\n<meta property=\"og:image\" content=\"https:\/\/gesmujer.org\/sitio\/wp-content\/uploads\/2020\/08\/donation_01-800x588.jpg\" \/>\n<meta name=\"twitter:card\" content=\"summary_large_image\" \/>\n<meta name=\"twitter:site\" content=\"@GES_Mujer\" \/>\n<meta name=\"twitter:label1\" content=\"Tiempo de lectura\" \/>\n\t<meta name=\"twitter:data1\" content=\"1 minuto\" \/>\n<script type=\"application\/ld+json\" class=\"yoast-schema-graph\">{\"@context\":\"https:\\\/\\\/schema.org\",\"@graph\":[{\"@type\":\"WebPage\",\"@id\":\"https:\\\/\\\/www.gesmujer.org\\\/sitio\\\/donations-listing\\\/\",\"url\":\"https:\\\/\\\/www.gesmujer.org\\\/sitio\\\/donations-listing\\\/\",\"name\":\"Donations Listing - GESMujer &quot;Rosario Castellanos&quot;\",\"isPartOf\":{\"@id\":\"https:\\\/\\\/www.gesmujer.org\\\/sitio\\\/#website\"},\"primaryImageOfPage\":{\"@id\":\"https:\\\/\\\/www.gesmujer.org\\\/sitio\\\/donations-listing\\\/#primaryimage\"},\"image\":{\"@id\":\"https:\\\/\\\/www.gesmujer.org\\\/sitio\\\/donations-listing\\\/#primaryimage\"},\"thumbnailUrl\":\"https:\\\/\\\/gesmujer.org\\\/sitio\\\/wp-content\\\/uploads\\\/2020\\\/08\\\/donation_01-800x588.jpg\",\"datePublished\":\"2020-10-08T06:33:02+00:00\",\"breadcrumb\":{\"@id\":\"https:\\\/\\\/www.gesmujer.org\\\/sitio\\\/donations-listing\\\/#breadcrumb\"},\"inLanguage\":\"es\",\"potentialAction\":[{\"@type\":\"ReadAction\",\"target\":[\"https:\\\/\\\/www.gesmujer.org\\\/sitio\\\/donations-listing\\\/\"]}]},{\"@type\":\"ImageObject\",\"inLanguage\":\"es\",\"@id\":\"https:\\\/\\\/www.gesmujer.org\\\/sitio\\\/donations-listing\\\/#primaryimage\",\"url\":\"https:\\\/\\\/gesmujer.org\\\/sitio\\\/wp-content\\\/uploads\\\/2020\\\/08\\\/donation_01-800x588.jpg\",\"contentUrl\":\"https:\\\/\\\/gesmujer.org\\\/sitio\\\/wp-content\\\/uploads\\\/2020\\\/08\\\/donation_01-800x588.jpg\"},{\"@type\":\"BreadcrumbList\",\"@id\":\"https:\\\/\\\/www.gesmujer.org\\\/sitio\\\/donations-listing\\\/#breadcrumb\",\"itemListElement\":[{\"@type\":\"ListItem\",\"position\":1,\"name\":\"Home\",\"item\":\"https:\\\/\\\/www.gesmujer.org\\\/sitio\\\/\"},{\"@type\":\"ListItem\",\"position\":2,\"name\":\"Donations Listing\"}]},{\"@type\":\"WebSite\",\"@id\":\"https:\\\/\\\/www.gesmujer.org\\\/sitio\\\/#website\",\"url\":\"https:\\\/\\\/www.gesmujer.org\\\/sitio\\\/\",\"name\":\"GESMujer \\\"Rosario Castellanos\\\"\",\"description\":\"M\u00e1s de 45 a\u00f1os ha llevado a cabo acciones para erradicar la violencia de g\u00e9nero y construir entornos donde las mujeres encuentren su resiliencia, incrementen su agencia y autonom\u00eda que les permita lograr su empoderamiento a trav\u00e9s de cinco l\u00edneas de acci\u00f3n.\",\"publisher\":{\"@id\":\"https:\\\/\\\/www.gesmujer.org\\\/sitio\\\/#organization\"},\"alternateName\":\"GESMujer\",\"potentialAction\":[{\"@type\":\"SearchAction\",\"target\":{\"@type\":\"EntryPoint\",\"urlTemplate\":\"https:\\\/\\\/www.gesmujer.org\\\/sitio\\\/?s={search_term_string}\"},\"query-input\":{\"@type\":\"PropertyValueSpecification\",\"valueRequired\":true,\"valueName\":\"search_term_string\"}}],\"inLanguage\":\"es\"},{\"@type\":\"Organization\",\"@id\":\"https:\\\/\\\/www.gesmujer.org\\\/sitio\\\/#organization\",\"name\":\"Grupo de estudios sobre la mujer Rosario Castellanos ac\",\"alternateName\":\"GESMujer\",\"url\":\"https:\\\/\\\/www.gesmujer.org\\\/sitio\\\/\",\"logo\":{\"@type\":\"ImageObject\",\"inLanguage\":\"es\",\"@id\":\"https:\\\/\\\/www.gesmujer.org\\\/sitio\\\/#\\\/schema\\\/logo\\\/image\\\/\",\"url\":\"https:\\\/\\\/www.gesmujer.org\\\/sitio\\\/wp-content\\\/uploads\\\/2026\\\/03\\\/Logo-GESMujer-300.png\",\"contentUrl\":\"https:\\\/\\\/www.gesmujer.org\\\/sitio\\\/wp-content\\\/uploads\\\/2026\\\/03\\\/Logo-GESMujer-300.png\",\"width\":300,\"height\":141,\"caption\":\"Grupo de estudios sobre la mujer Rosario Castellanos ac\"},\"image\":{\"@id\":\"https:\\\/\\\/www.gesmujer.org\\\/sitio\\\/#\\\/schema\\\/logo\\\/image\\\/\"},\"sameAs\":[\"https:\\\/\\\/www.facebook.com\\\/gesmujer.rosario.castellanos.ac\",\"https:\\\/\\\/x.com\\\/GES_Mujer\",\"https:\\\/\\\/www.instagram.com\\\/ges_mujer\\\/?hl=es\",\"https:\\\/\\\/www.youtube.com\\\/c\\\/GESMujerRosarioCastellanos\\\/videos\",\"https:\\\/\\\/soundcloud.com\\\/gesmujerac\",\"https:\\\/\\\/www.tiktok.com\\\/@gesmujer\"]}]}<\/script>\n<!-- \/ Yoast SEO plugin. -->","yoast_head_json":{"title":"Donations Listing - GESMujer &quot;Rosario Castellanos&quot;","robots":{"index":"index","follow":"follow","max-snippet":"max-snippet:-1","max-image-preview":"max-image-preview:large","max-video-preview":"max-video-preview:-1"},"canonical":"https:\/\/www.gesmujer.org\/sitio\/donations-listing\/","og_locale":"es_MX","og_type":"article","og_title":"Donations Listing - GESMujer &quot;Rosario Castellanos&quot;","og_description":"We Help around the world Introduse Our Campains EDUCATION Help Children Rise out of Poverty Diam volutpat commodo sed egestas egestas fringilla phasellus faucibus scelerisque. Et ligula ullamcorper malesuada proin libero nunc. Quis vel eros donec ac odio tempor. Cursus in hac habitasse platea. Phasellus egestas tellus rutrum tellus pellentesque eu. Non diam&#8230; 46%Goal:&#36;20,000Raised:&#36;9,200To Go:&#36;10,800 [&hellip;]","og_url":"https:\/\/www.gesmujer.org\/sitio\/donations-listing\/","og_site_name":"GESMujer &quot;Rosario Castellanos&quot;","article_publisher":"https:\/\/www.facebook.com\/gesmujer.rosario.castellanos.ac","og_image":[{"url":"https:\/\/gesmujer.org\/sitio\/wp-content\/uploads\/2020\/08\/donation_01-800x588.jpg","type":"","width":"","height":""}],"twitter_card":"summary_large_image","twitter_site":"@GES_Mujer","twitter_misc":{"Tiempo de lectura":"1 minuto"},"schema":{"@context":"https:\/\/schema.org","@graph":[{"@type":"WebPage","@id":"https:\/\/www.gesmujer.org\/sitio\/donations-listing\/","url":"https:\/\/www.gesmujer.org\/sitio\/donations-listing\/","name":"Donations Listing - GESMujer &quot;Rosario Castellanos&quot;","isPartOf":{"@id":"https:\/\/www.gesmujer.org\/sitio\/#website"},"primaryImageOfPage":{"@id":"https:\/\/www.gesmujer.org\/sitio\/donations-listing\/#primaryimage"},"image":{"@id":"https:\/\/www.gesmujer.org\/sitio\/donations-listing\/#primaryimage"},"thumbnailUrl":"https:\/\/gesmujer.org\/sitio\/wp-content\/uploads\/2020\/08\/donation_01-800x588.jpg","datePublished":"2020-10-08T06:33:02+00:00","breadcrumb":{"@id":"https:\/\/www.gesmujer.org\/sitio\/donations-listing\/#breadcrumb"},"inLanguage":"es","potentialAction":[{"@type":"ReadAction","target":["https:\/\/www.gesmujer.org\/sitio\/donations-listing\/"]}]},{"@type":"ImageObject","inLanguage":"es","@id":"https:\/\/www.gesmujer.org\/sitio\/donations-listing\/#primaryimage","url":"https:\/\/gesmujer.org\/sitio\/wp-content\/uploads\/2020\/08\/donation_01-800x588.jpg","contentUrl":"https:\/\/gesmujer.org\/sitio\/wp-content\/uploads\/2020\/08\/donation_01-800x588.jpg"},{"@type":"BreadcrumbList","@id":"https:\/\/www.gesmujer.org\/sitio\/donations-listing\/#breadcrumb","itemListElement":[{"@type":"ListItem","position":1,"name":"Home","item":"https:\/\/www.gesmujer.org\/sitio\/"},{"@type":"ListItem","position":2,"name":"Donations Listing"}]},{"@type":"WebSite","@id":"https:\/\/www.gesmujer.org\/sitio\/#website","url":"https:\/\/www.gesmujer.org\/sitio\/","name":"GESMujer \"Rosario Castellanos\"","description":"M\u00e1s de 45 a\u00f1os ha llevado a cabo acciones para erradicar la violencia de g\u00e9nero y construir entornos donde las mujeres encuentren su resiliencia, incrementen su agencia y autonom\u00eda que les permita lograr su empoderamiento a trav\u00e9s de cinco l\u00edneas de acci\u00f3n.","publisher":{"@id":"https:\/\/www.gesmujer.org\/sitio\/#organization"},"alternateName":"GESMujer","potentialAction":[{"@type":"SearchAction","target":{"@type":"EntryPoint","urlTemplate":"https:\/\/www.gesmujer.org\/sitio\/?s={search_term_string}"},"query-input":{"@type":"PropertyValueSpecification","valueRequired":true,"valueName":"search_term_string"}}],"inLanguage":"es"},{"@type":"Organization","@id":"https:\/\/www.gesmujer.org\/sitio\/#organization","name":"Grupo de estudios sobre la mujer Rosario Castellanos ac","alternateName":"GESMujer","url":"https:\/\/www.gesmujer.org\/sitio\/","logo":{"@type":"ImageObject","inLanguage":"es","@id":"https:\/\/www.gesmujer.org\/sitio\/#\/schema\/logo\/image\/","url":"https:\/\/www.gesmujer.org\/sitio\/wp-content\/uploads\/2026\/03\/Logo-GESMujer-300.png","contentUrl":"https:\/\/www.gesmujer.org\/sitio\/wp-content\/uploads\/2026\/03\/Logo-GESMujer-300.png","width":300,"height":141,"caption":"Grupo de estudios sobre la mujer Rosario Castellanos ac"},"image":{"@id":"https:\/\/www.gesmujer.org\/sitio\/#\/schema\/logo\/image\/"},"sameAs":["https:\/\/www.facebook.com\/gesmujer.rosario.castellanos.ac","https:\/\/x.com\/GES_Mujer","https:\/\/www.instagram.com\/ges_mujer\/?hl=es","https:\/\/www.youtube.com\/c\/GESMujerRosarioCastellanos\/videos","https:\/\/soundcloud.com\/gesmujerac","https:\/\/www.tiktok.com\/@gesmujer"]}]}},"campaignId":"","_links":{"self":[{"href":"https:\/\/www.gesmujer.org\/sitio\/wp-json\/wp\/v2\/pages\/32606","targetHints":{"allow":["GET"]}}],"collection":[{"href":"https:\/\/www.gesmujer.org\/sitio\/wp-json\/wp\/v2\/pages"}],"about":[{"href":"https:\/\/www.gesmujer.org\/sitio\/wp-json\/wp\/v2\/types\/page"}],"author":[{"embeddable":true,"href":"https:\/\/www.gesmujer.org\/sitio\/wp-json\/wp\/v2\/users\/4"}],"replies":[{"embeddable":true,"href":"https:\/\/www.gesmujer.org\/sitio\/wp-json\/wp\/v2\/comments?post=32606"}],"version-history":[{"count":0,"href":"https:\/\/www.gesmujer.org\/sitio\/wp-json\/wp\/v2\/pages\/32606\/revisions"}],"wp:attachment":[{"href":"https:\/\/www.gesmujer.org\/sitio\/wp-json\/wp\/v2\/media?parent=32606"}],"curies":[{"name":"wp","href":"https:\/\/api.w.org\/{rel}","templated":true}]}}