{"id":3368,"date":"2019-05-14T22:36:58","date_gmt":"2019-05-15T04:36:58","guid":{"rendered":"https:\/\/www.gesmujer.org\/web\/?page_id=3368"},"modified":"2019-05-25T01:00:01","modified_gmt":"2019-05-25T07:00:01","slug":"home","status":"publish","type":"page","link":"https:\/\/www.gesmujer.org\/sitio\/home\/","title":{"rendered":"Home"},"content":{"rendered":"\n<p><strong>We are a feminist organisation with more than 40 years of experience, focusing our efforts on  the empowerment of girls, young women and women.<\/strong><br> In the Casa de la Mujer, we provide both psychological support and legal advice, informing women  of their rights and empowering them to make free and informed decisions about their lives. Our  legal advice seeks to assist women in the exercise of their rights in areas as varied as alimony,<br> guardianship and custody of children, and divorces. We use this experience to monitor and raise  awareness of cases of violence between genders and within the family.<br> Through our \u2018Action Research\u2019 project we seek to address the problems of girls, young women and  women by engaging with communities in ways that promotes gender equality and diversity.<br> Through this work, we aim to reduce the incidence of teenage and unplanned pregnancy and that  of sexual violence, maternal death from unsafe abortions, as well as the prevention of all forms of  violence against women including femicide.<br> In our Leadership and Community Management courses, we train indigenous and Afro-Mexican  women on topics such as gender equality, sexual and reproductive health and rights, prevention of  gender-based violence; we also provide skills for developing and strengthening leadership. The  leaders call on the participants to provide feedback as to the conditions for women in their  communities and collectively define an agenda and plan of action for change in gender relations.<br> In \u2018GESMujer Joven\u2019, we develop training aimed at adolescent and young women in the areas of  gender equity and equality, sexual and reproductive health and rights, sexual diversity and the  prevention of violence in courtship. Our aim is to teach the skills and abilities necessary to<br> communicate these messages in a playful but meaningful way. Thereby motivating young people  to express themselves and leading change aimed at building equal relationships between women  and men.<\/p>\n\n\n\n<figure class=\"wp-block-image\"><img fetchpriority=\"high\" decoding=\"async\" width=\"1024\" height=\"280\" src=\"https:\/\/www.gesmujer.org\/web\/wp-content\/uploads\/2019\/05\/english-banner-1024x280.jpg\" alt=\"\" class=\"wp-image-3568\" srcset=\"https:\/\/www.gesmujer.org\/sitio\/wp-content\/uploads\/2019\/05\/english-banner-1024x280.jpg 1024w, https:\/\/www.gesmujer.org\/sitio\/wp-content\/uploads\/2019\/05\/english-banner-1080x295.jpg 1080w, https:\/\/www.gesmujer.org\/sitio\/wp-content\/uploads\/2019\/05\/english-banner-300x82.jpg 300w, https:\/\/www.gesmujer.org\/sitio\/wp-content\/uploads\/2019\/05\/english-banner-768x210.jpg 768w\" sizes=\"(max-width: 1024px) 100vw, 1024px\" \/><\/figure>\n","protected":false},"excerpt":{"rendered":"<p>We are a feminist organisation with more than 40 years of experience, focusing our efforts on the empowerment of girls, young women and women. In the Casa de la Mujer, we provide both psychological support and legal advice, informing women of their rights and empowering them to make free and informed decisions about their lives. [&hellip;]<\/p>\n","protected":false},"author":4,"featured_media":0,"parent":0,"menu_order":0,"comment_status":"closed","ping_status":"closed","template":"template-home-page.php","meta":{"give_campaign_id":0,"footnotes":""},"class_list":["post-3368","page","type-page","status-publish","hentry"],"yoast_head":"<!-- This site is optimized with the Yoast SEO plugin v27.2 - https:\/\/yoast.com\/product\/yoast-seo-wordpress\/ -->\n<title>Home - GESMujer &quot;Rosario Castellanos&quot;<\/title>\n<meta name=\"robots\" content=\"index, follow, max-snippet:-1, max-image-preview:large, max-video-preview:-1\" \/>\n<link rel=\"canonical\" href=\"https:\/\/www.gesmujer.org\/sitio\/home\/\" \/>\n<meta property=\"og:locale\" content=\"es_MX\" \/>\n<meta property=\"og:type\" content=\"article\" \/>\n<meta property=\"og:title\" content=\"Home - GESMujer &quot;Rosario Castellanos&quot;\" \/>\n<meta property=\"og:description\" content=\"We are a feminist organisation with more than 40 years of experience, focusing our efforts on the empowerment of girls, young women and women. In the Casa de la Mujer, we provide both psychological support and legal advice, informing women of their rights and empowering them to make free and informed decisions about their lives. [&hellip;]\" \/>\n<meta property=\"og:url\" content=\"https:\/\/www.gesmujer.org\/sitio\/home\/\" \/>\n<meta property=\"og:site_name\" content=\"GESMujer &quot;Rosario Castellanos&quot;\" \/>\n<meta property=\"article:publisher\" content=\"https:\/\/www.facebook.com\/gesmujer.rosario.castellanos.ac\" \/>\n<meta property=\"article:modified_time\" content=\"2019-05-25T07:00:01+00:00\" \/>\n<meta property=\"og:image\" content=\"https:\/\/www.gesmujer.org\/web\/wp-content\/uploads\/2019\/05\/english-banner-1024x280.jpg\" \/>\n<meta name=\"twitter:card\" content=\"summary_large_image\" \/>\n<meta name=\"twitter:site\" content=\"@GES_Mujer\" \/>\n<meta name=\"twitter:label1\" content=\"Tiempo de lectura\" \/>\n\t<meta name=\"twitter:data1\" content=\"2 minutos\" \/>\n<script type=\"application\/ld+json\" class=\"yoast-schema-graph\">{\"@context\":\"https:\/\/schema.org\",\"@graph\":[{\"@type\":\"WebPage\",\"@id\":\"https:\/\/www.gesmujer.org\/sitio\/home\/\",\"url\":\"https:\/\/www.gesmujer.org\/sitio\/home\/\",\"name\":\"Home - GESMujer &quot;Rosario Castellanos&quot;\",\"isPartOf\":{\"@id\":\"https:\/\/www.gesmujer.org\/sitio\/#website\"},\"primaryImageOfPage\":{\"@id\":\"https:\/\/www.gesmujer.org\/sitio\/home\/#primaryimage\"},\"image\":{\"@id\":\"https:\/\/www.gesmujer.org\/sitio\/home\/#primaryimage\"},\"thumbnailUrl\":\"https:\/\/www.gesmujer.org\/web\/wp-content\/uploads\/2019\/05\/english-banner-1024x280.jpg\",\"datePublished\":\"2019-05-15T04:36:58+00:00\",\"dateModified\":\"2019-05-25T07:00:01+00:00\",\"breadcrumb\":{\"@id\":\"https:\/\/www.gesmujer.org\/sitio\/home\/#breadcrumb\"},\"inLanguage\":\"es\",\"potentialAction\":[{\"@type\":\"ReadAction\",\"target\":[\"https:\/\/www.gesmujer.org\/sitio\/home\/\"]}]},{\"@type\":\"ImageObject\",\"inLanguage\":\"es\",\"@id\":\"https:\/\/www.gesmujer.org\/sitio\/home\/#primaryimage\",\"url\":\"https:\/\/www.gesmujer.org\/web\/wp-content\/uploads\/2019\/05\/english-banner-1024x280.jpg\",\"contentUrl\":\"https:\/\/www.gesmujer.org\/web\/wp-content\/uploads\/2019\/05\/english-banner-1024x280.jpg\"},{\"@type\":\"BreadcrumbList\",\"@id\":\"https:\/\/www.gesmujer.org\/sitio\/home\/#breadcrumb\",\"itemListElement\":[{\"@type\":\"ListItem\",\"position\":1,\"name\":\"Home\",\"item\":\"https:\/\/www.gesmujer.org\/sitio\/\"},{\"@type\":\"ListItem\",\"position\":2,\"name\":\"Home\"}]},{\"@type\":\"WebSite\",\"@id\":\"https:\/\/www.gesmujer.org\/sitio\/#website\",\"url\":\"https:\/\/www.gesmujer.org\/sitio\/\",\"name\":\"GESMujer \\\"Rosario Castellanos\\\"\",\"description\":\"M\u00e1s de 45 a\u00f1os ha llevado a cabo acciones para erradicar la violencia de g\u00e9nero y construir entornos donde las mujeres encuentren su resiliencia, incrementen su agencia y autonom\u00eda que les permita lograr su empoderamiento a trav\u00e9s de cinco l\u00edneas de acci\u00f3n.\",\"publisher\":{\"@id\":\"https:\/\/www.gesmujer.org\/sitio\/#organization\"},\"alternateName\":\"GESMujer\",\"potentialAction\":[{\"@type\":\"SearchAction\",\"target\":{\"@type\":\"EntryPoint\",\"urlTemplate\":\"https:\/\/www.gesmujer.org\/sitio\/?s={search_term_string}\"},\"query-input\":{\"@type\":\"PropertyValueSpecification\",\"valueRequired\":true,\"valueName\":\"search_term_string\"}}],\"inLanguage\":\"es\"},{\"@type\":\"Organization\",\"@id\":\"https:\/\/www.gesmujer.org\/sitio\/#organization\",\"name\":\"Grupo de estudios sobre la mujer Rosario Castellanos ac\",\"alternateName\":\"GESMujer\",\"url\":\"https:\/\/www.gesmujer.org\/sitio\/\",\"logo\":{\"@type\":\"ImageObject\",\"inLanguage\":\"es\",\"@id\":\"https:\/\/www.gesmujer.org\/sitio\/#\/schema\/logo\/image\/\",\"url\":\"https:\/\/www.gesmujer.org\/sitio\/wp-content\/uploads\/2026\/03\/Logo-GESMujer-300.png\",\"contentUrl\":\"https:\/\/www.gesmujer.org\/sitio\/wp-content\/uploads\/2026\/03\/Logo-GESMujer-300.png\",\"width\":300,\"height\":141,\"caption\":\"Grupo de estudios sobre la mujer Rosario Castellanos ac\"},\"image\":{\"@id\":\"https:\/\/www.gesmujer.org\/sitio\/#\/schema\/logo\/image\/\"},\"sameAs\":[\"https:\/\/www.facebook.com\/gesmujer.rosario.castellanos.ac\",\"https:\/\/x.com\/GES_Mujer\",\"https:\/\/www.instagram.com\/ges_mujer\/?hl=es\",\"https:\/\/www.youtube.com\/c\/GESMujerRosarioCastellanos\/videos\",\"https:\/\/soundcloud.com\/gesmujerac\",\"https:\/\/www.tiktok.com\/@gesmujer\"]}]}<\/script>\n<!-- \/ Yoast SEO plugin. -->","yoast_head_json":{"title":"Home - GESMujer &quot;Rosario Castellanos&quot;","robots":{"index":"index","follow":"follow","max-snippet":"max-snippet:-1","max-image-preview":"max-image-preview:large","max-video-preview":"max-video-preview:-1"},"canonical":"https:\/\/www.gesmujer.org\/sitio\/home\/","og_locale":"es_MX","og_type":"article","og_title":"Home - GESMujer &quot;Rosario Castellanos&quot;","og_description":"We are a feminist organisation with more than 40 years of experience, focusing our efforts on the empowerment of girls, young women and women. In the Casa de la Mujer, we provide both psychological support and legal advice, informing women of their rights and empowering them to make free and informed decisions about their lives. [&hellip;]","og_url":"https:\/\/www.gesmujer.org\/sitio\/home\/","og_site_name":"GESMujer &quot;Rosario Castellanos&quot;","article_publisher":"https:\/\/www.facebook.com\/gesmujer.rosario.castellanos.ac","article_modified_time":"2019-05-25T07:00:01+00:00","og_image":[{"url":"https:\/\/www.gesmujer.org\/web\/wp-content\/uploads\/2019\/05\/english-banner-1024x280.jpg","type":"","width":"","height":""}],"twitter_card":"summary_large_image","twitter_site":"@GES_Mujer","twitter_misc":{"Tiempo de lectura":"2 minutos"},"schema":{"@context":"https:\/\/schema.org","@graph":[{"@type":"WebPage","@id":"https:\/\/www.gesmujer.org\/sitio\/home\/","url":"https:\/\/www.gesmujer.org\/sitio\/home\/","name":"Home - GESMujer &quot;Rosario Castellanos&quot;","isPartOf":{"@id":"https:\/\/www.gesmujer.org\/sitio\/#website"},"primaryImageOfPage":{"@id":"https:\/\/www.gesmujer.org\/sitio\/home\/#primaryimage"},"image":{"@id":"https:\/\/www.gesmujer.org\/sitio\/home\/#primaryimage"},"thumbnailUrl":"https:\/\/www.gesmujer.org\/web\/wp-content\/uploads\/2019\/05\/english-banner-1024x280.jpg","datePublished":"2019-05-15T04:36:58+00:00","dateModified":"2019-05-25T07:00:01+00:00","breadcrumb":{"@id":"https:\/\/www.gesmujer.org\/sitio\/home\/#breadcrumb"},"inLanguage":"es","potentialAction":[{"@type":"ReadAction","target":["https:\/\/www.gesmujer.org\/sitio\/home\/"]}]},{"@type":"ImageObject","inLanguage":"es","@id":"https:\/\/www.gesmujer.org\/sitio\/home\/#primaryimage","url":"https:\/\/www.gesmujer.org\/web\/wp-content\/uploads\/2019\/05\/english-banner-1024x280.jpg","contentUrl":"https:\/\/www.gesmujer.org\/web\/wp-content\/uploads\/2019\/05\/english-banner-1024x280.jpg"},{"@type":"BreadcrumbList","@id":"https:\/\/www.gesmujer.org\/sitio\/home\/#breadcrumb","itemListElement":[{"@type":"ListItem","position":1,"name":"Home","item":"https:\/\/www.gesmujer.org\/sitio\/"},{"@type":"ListItem","position":2,"name":"Home"}]},{"@type":"WebSite","@id":"https:\/\/www.gesmujer.org\/sitio\/#website","url":"https:\/\/www.gesmujer.org\/sitio\/","name":"GESMujer \"Rosario Castellanos\"","description":"M\u00e1s de 45 a\u00f1os ha llevado a cabo acciones para erradicar la violencia de g\u00e9nero y construir entornos donde las mujeres encuentren su resiliencia, incrementen su agencia y autonom\u00eda que les permita lograr su empoderamiento a trav\u00e9s de cinco l\u00edneas de acci\u00f3n.","publisher":{"@id":"https:\/\/www.gesmujer.org\/sitio\/#organization"},"alternateName":"GESMujer","potentialAction":[{"@type":"SearchAction","target":{"@type":"EntryPoint","urlTemplate":"https:\/\/www.gesmujer.org\/sitio\/?s={search_term_string}"},"query-input":{"@type":"PropertyValueSpecification","valueRequired":true,"valueName":"search_term_string"}}],"inLanguage":"es"},{"@type":"Organization","@id":"https:\/\/www.gesmujer.org\/sitio\/#organization","name":"Grupo de estudios sobre la mujer Rosario Castellanos ac","alternateName":"GESMujer","url":"https:\/\/www.gesmujer.org\/sitio\/","logo":{"@type":"ImageObject","inLanguage":"es","@id":"https:\/\/www.gesmujer.org\/sitio\/#\/schema\/logo\/image\/","url":"https:\/\/www.gesmujer.org\/sitio\/wp-content\/uploads\/2026\/03\/Logo-GESMujer-300.png","contentUrl":"https:\/\/www.gesmujer.org\/sitio\/wp-content\/uploads\/2026\/03\/Logo-GESMujer-300.png","width":300,"height":141,"caption":"Grupo de estudios sobre la mujer Rosario Castellanos ac"},"image":{"@id":"https:\/\/www.gesmujer.org\/sitio\/#\/schema\/logo\/image\/"},"sameAs":["https:\/\/www.facebook.com\/gesmujer.rosario.castellanos.ac","https:\/\/x.com\/GES_Mujer","https:\/\/www.instagram.com\/ges_mujer\/?hl=es","https:\/\/www.youtube.com\/c\/GESMujerRosarioCastellanos\/videos","https:\/\/soundcloud.com\/gesmujerac","https:\/\/www.tiktok.com\/@gesmujer"]}]}},"campaignId":"","_links":{"self":[{"href":"https:\/\/www.gesmujer.org\/sitio\/wp-json\/wp\/v2\/pages\/3368","targetHints":{"allow":["GET"]}}],"collection":[{"href":"https:\/\/www.gesmujer.org\/sitio\/wp-json\/wp\/v2\/pages"}],"about":[{"href":"https:\/\/www.gesmujer.org\/sitio\/wp-json\/wp\/v2\/types\/page"}],"author":[{"embeddable":true,"href":"https:\/\/www.gesmujer.org\/sitio\/wp-json\/wp\/v2\/users\/4"}],"replies":[{"embeddable":true,"href":"https:\/\/www.gesmujer.org\/sitio\/wp-json\/wp\/v2\/comments?post=3368"}],"version-history":[{"count":3,"href":"https:\/\/www.gesmujer.org\/sitio\/wp-json\/wp\/v2\/pages\/3368\/revisions"}],"predecessor-version":[{"id":3569,"href":"https:\/\/www.gesmujer.org\/sitio\/wp-json\/wp\/v2\/pages\/3368\/revisions\/3569"}],"wp:attachment":[{"href":"https:\/\/www.gesmujer.org\/sitio\/wp-json\/wp\/v2\/media?parent=3368"}],"curies":[{"name":"wp","href":"https:\/\/api.w.org\/{rel}","templated":true}]}}