{"id":361,"date":"2014-01-31T13:12:13","date_gmt":"2014-01-31T19:12:13","guid":{"rendered":"http:\/\/www.gesmujer.org\/sitio\/?page_id=361"},"modified":"2014-02-07T12:36:21","modified_gmt":"2014-02-07T18:36:21","slug":"mujer-salud-y-comunicacion","status":"publish","type":"page","link":"https:\/\/www.gesmujer.org\/sitio\/investigacion-accion\/proyectos\/mujer-salud-y-comunicacion\/","title":{"rendered":"Mujer, salud y comunicaci\u00f3n"},"content":{"rendered":"<p style=\"text-align: justify;\"><strong>1992-1996<a href=\"http:\/\/www.gesmujer.org\/SITIO\/wp-content\/uploads\/\/2014\/01\/luces-de-mujer.jpg\"><img fetchpriority=\"high\" decoding=\"async\" class=\"size-medium wp-image-225 alignright\" alt=\"luces de mujer\" src=\"http:\/\/www.gesmujer.org\/SITIO\/wp-content\/uploads\/\/2014\/01\/luces-de-mujer-282x300.jpg\" width=\"282\" height=\"300\" srcset=\"https:\/\/www.gesmujer.org\/sitio\/wp-content\/uploads\/2014\/01\/luces-de-mujer-282x300.jpg 282w, https:\/\/www.gesmujer.org\/sitio\/wp-content\/uploads\/2014\/01\/luces-de-mujer.jpg 552w\" sizes=\"(max-width: 282px) 100vw, 282px\" \/><\/a><a href=\"http:\/\/www.gesmujer.org\/SITIO\/wp-content\/uploads\/\/2014\/01\/Por-una-vida-sin-violencia.jpg\"><img decoding=\"async\" class=\"size-medium wp-image-151 alignleft\" alt=\"Por una vida sin violencia\" src=\"http:\/\/www.gesmujer.org\/SITIO\/wp-content\/uploads\/\/2014\/01\/Por-una-vida-sin-violencia-286x300.jpg\" width=\"286\" height=\"300\" srcset=\"https:\/\/www.gesmujer.org\/sitio\/wp-content\/uploads\/2014\/01\/Por-una-vida-sin-violencia-286x300.jpg 286w, https:\/\/www.gesmujer.org\/sitio\/wp-content\/uploads\/2014\/01\/Por-una-vida-sin-violencia-600x628.jpg 600w, https:\/\/www.gesmujer.org\/sitio\/wp-content\/uploads\/2014\/01\/Por-una-vida-sin-violencia.jpg 640w\" sizes=\"(max-width: 286px) 100vw, 286px\" \/><\/a><\/strong><\/p>\n<p style=\"text-align: justify;\"><strong><\/strong>Se lleva a cabo una amplia investigaci\u00f3n sobre la realidad de la salud sexual y reproductiva de las mujeres en 5 regiones de Oaxaca como parte del proyecto MUJER, SALUD Y COMUNICACI\u00d3N, apoyada por la Fundaci\u00f3n MacArthur.<\/p>\n<p style=\"text-align: justify;\">Con esta informaci\u00f3n se produce una serie de 3 videos, NUESTRAS VIDAS COMPARTIDAS, y una serie de 20 programas de audio, LUCES DE MUJER, con el fin de catalizar discusiones y crear conciencia.<\/p>\n<p style=\"text-align: justify;\">Posteriormente se elabora una GUIA METODOLOGICA para orientar el uso de los v\u00eddeos y programas de radio y ofrecer informaci\u00f3n adicional de estos materiales.<\/p>\n<p style=\"text-align: justify;\">Mas de 1,000 copias de las serie de video y programas de audio fueron distribuidas y utilizadas en todo el pa\u00eds, y en otros pa\u00edses; los programas de radio han sido trasmitidos por estaciones locales, nacionales e internacionales; los materiales han sido utilizados en capacitaciones con personal del sector salud, con parteras, ONGs, y jornaleros migrantes en Oaxaca y en otros estados como Guerrero.<\/p>\n","protected":false},"excerpt":{"rendered":"<p>1992-1996 Se lleva a cabo una amplia investigaci\u00f3n sobre la realidad de la salud sexual y reproductiva de las mujeres en 5 regiones de Oaxaca como parte del proyecto MUJER, SALUD Y COMUNICACI\u00d3N, apoyada por la Fundaci\u00f3n MacArthur. Con esta informaci\u00f3n se produce una serie de 3 videos, NUESTRAS VIDAS COMPARTIDAS, y una serie de [&hellip;]<\/p>\n","protected":false},"author":4,"featured_media":225,"parent":48,"menu_order":0,"comment_status":"closed","ping_status":"open","template":"","meta":{"give_campaign_id":0,"footnotes":""},"class_list":["post-361","page","type-page","status-publish","has-post-thumbnail","hentry"],"yoast_head":"<!-- This site is optimized with the Yoast SEO plugin v27.5 - https:\/\/yoast.com\/product\/yoast-seo-wordpress\/ -->\n<title>Mujer, salud y comunicaci\u00f3n - GESMujer &quot;Rosario Castellanos&quot;<\/title>\n<meta name=\"robots\" content=\"index, follow, max-snippet:-1, max-image-preview:large, max-video-preview:-1\" \/>\n<link rel=\"canonical\" href=\"https:\/\/www.gesmujer.org\/sitio\/investigacion-accion\/proyectos\/mujer-salud-y-comunicacion\/\" \/>\n<meta property=\"og:locale\" content=\"es_MX\" \/>\n<meta property=\"og:type\" content=\"article\" \/>\n<meta property=\"og:title\" content=\"Mujer, salud y comunicaci\u00f3n - GESMujer &quot;Rosario Castellanos&quot;\" \/>\n<meta property=\"og:description\" content=\"1992-1996 Se lleva a cabo una amplia investigaci\u00f3n sobre la realidad de la salud sexual y reproductiva de las mujeres en 5 regiones de Oaxaca como parte del proyecto MUJER, SALUD Y COMUNICACI\u00d3N, apoyada por la Fundaci\u00f3n MacArthur. Con esta informaci\u00f3n se produce una serie de 3 videos, NUESTRAS VIDAS COMPARTIDAS, y una serie de [&hellip;]\" \/>\n<meta property=\"og:url\" content=\"https:\/\/www.gesmujer.org\/sitio\/investigacion-accion\/proyectos\/mujer-salud-y-comunicacion\/\" \/>\n<meta property=\"og:site_name\" content=\"GESMujer &quot;Rosario Castellanos&quot;\" \/>\n<meta property=\"article:publisher\" content=\"https:\/\/www.facebook.com\/gesmujer.rosario.castellanos.ac\" \/>\n<meta property=\"article:modified_time\" content=\"2014-02-07T18:36:21+00:00\" \/>\n<meta property=\"og:image\" content=\"https:\/\/www.gesmujer.org\/sitio\/wp-content\/uploads\/2014\/01\/luces-de-mujer.jpg\" \/>\n\t<meta property=\"og:image:width\" content=\"552\" \/>\n\t<meta property=\"og:image:height\" content=\"587\" \/>\n\t<meta property=\"og:image:type\" content=\"image\/jpeg\" \/>\n<meta name=\"twitter:card\" content=\"summary_large_image\" \/>\n<meta name=\"twitter:site\" content=\"@GES_Mujer\" \/>\n<meta name=\"twitter:label1\" content=\"Tiempo de lectura\" \/>\n\t<meta name=\"twitter:data1\" content=\"1 minuto\" \/>\n<script type=\"application\/ld+json\" class=\"yoast-schema-graph\">{\"@context\":\"https:\\\/\\\/schema.org\",\"@graph\":[{\"@type\":\"WebPage\",\"@id\":\"https:\\\/\\\/www.gesmujer.org\\\/sitio\\\/investigacion-accion\\\/proyectos\\\/mujer-salud-y-comunicacion\\\/\",\"url\":\"https:\\\/\\\/www.gesmujer.org\\\/sitio\\\/investigacion-accion\\\/proyectos\\\/mujer-salud-y-comunicacion\\\/\",\"name\":\"Mujer, salud y comunicaci\u00f3n - GESMujer &quot;Rosario Castellanos&quot;\",\"isPartOf\":{\"@id\":\"https:\\\/\\\/www.gesmujer.org\\\/sitio\\\/#website\"},\"primaryImageOfPage\":{\"@id\":\"https:\\\/\\\/www.gesmujer.org\\\/sitio\\\/investigacion-accion\\\/proyectos\\\/mujer-salud-y-comunicacion\\\/#primaryimage\"},\"image\":{\"@id\":\"https:\\\/\\\/www.gesmujer.org\\\/sitio\\\/investigacion-accion\\\/proyectos\\\/mujer-salud-y-comunicacion\\\/#primaryimage\"},\"thumbnailUrl\":\"https:\\\/\\\/www.gesmujer.org\\\/sitio\\\/wp-content\\\/uploads\\\/2014\\\/01\\\/luces-de-mujer.jpg\",\"datePublished\":\"2014-01-31T19:12:13+00:00\",\"dateModified\":\"2014-02-07T18:36:21+00:00\",\"breadcrumb\":{\"@id\":\"https:\\\/\\\/www.gesmujer.org\\\/sitio\\\/investigacion-accion\\\/proyectos\\\/mujer-salud-y-comunicacion\\\/#breadcrumb\"},\"inLanguage\":\"es\",\"potentialAction\":[{\"@type\":\"ReadAction\",\"target\":[\"https:\\\/\\\/www.gesmujer.org\\\/sitio\\\/investigacion-accion\\\/proyectos\\\/mujer-salud-y-comunicacion\\\/\"]}]},{\"@type\":\"ImageObject\",\"inLanguage\":\"es\",\"@id\":\"https:\\\/\\\/www.gesmujer.org\\\/sitio\\\/investigacion-accion\\\/proyectos\\\/mujer-salud-y-comunicacion\\\/#primaryimage\",\"url\":\"https:\\\/\\\/www.gesmujer.org\\\/sitio\\\/wp-content\\\/uploads\\\/2014\\\/01\\\/luces-de-mujer.jpg\",\"contentUrl\":\"https:\\\/\\\/www.gesmujer.org\\\/sitio\\\/wp-content\\\/uploads\\\/2014\\\/01\\\/luces-de-mujer.jpg\",\"width\":552,\"height\":587},{\"@type\":\"BreadcrumbList\",\"@id\":\"https:\\\/\\\/www.gesmujer.org\\\/sitio\\\/investigacion-accion\\\/proyectos\\\/mujer-salud-y-comunicacion\\\/#breadcrumb\",\"itemListElement\":[{\"@type\":\"ListItem\",\"position\":1,\"name\":\"Home\",\"item\":\"https:\\\/\\\/www.gesmujer.org\\\/sitio\\\/\"},{\"@type\":\"ListItem\",\"position\":2,\"name\":\"Investigaci\u00f3n-Acci\u00f3n\",\"item\":\"https:\\\/\\\/www.gesmujer.org\\\/sitio\\\/investigacion-accion\\\/\"},{\"@type\":\"ListItem\",\"position\":3,\"name\":\"Proyectos\",\"item\":\"https:\\\/\\\/www.gesmujer.org\\\/sitio\\\/investigacion-accion\\\/proyectos\\\/\"},{\"@type\":\"ListItem\",\"position\":4,\"name\":\"Mujer, salud y comunicaci\u00f3n\"}]},{\"@type\":\"WebSite\",\"@id\":\"https:\\\/\\\/www.gesmujer.org\\\/sitio\\\/#website\",\"url\":\"https:\\\/\\\/www.gesmujer.org\\\/sitio\\\/\",\"name\":\"GESMujer \\\"Rosario Castellanos\\\"\",\"description\":\"M\u00e1s de 45 a\u00f1os ha llevado a cabo acciones para erradicar la violencia de g\u00e9nero y construir entornos donde las mujeres encuentren su resiliencia, incrementen su agencia y autonom\u00eda que les permita lograr su empoderamiento a trav\u00e9s de cinco l\u00edneas de acci\u00f3n.\",\"publisher\":{\"@id\":\"https:\\\/\\\/www.gesmujer.org\\\/sitio\\\/#organization\"},\"alternateName\":\"GESMujer\",\"potentialAction\":[{\"@type\":\"SearchAction\",\"target\":{\"@type\":\"EntryPoint\",\"urlTemplate\":\"https:\\\/\\\/www.gesmujer.org\\\/sitio\\\/?s={search_term_string}\"},\"query-input\":{\"@type\":\"PropertyValueSpecification\",\"valueRequired\":true,\"valueName\":\"search_term_string\"}}],\"inLanguage\":\"es\"},{\"@type\":\"Organization\",\"@id\":\"https:\\\/\\\/www.gesmujer.org\\\/sitio\\\/#organization\",\"name\":\"Grupo de estudios sobre la mujer Rosario Castellanos ac\",\"alternateName\":\"GESMujer\",\"url\":\"https:\\\/\\\/www.gesmujer.org\\\/sitio\\\/\",\"logo\":{\"@type\":\"ImageObject\",\"inLanguage\":\"es\",\"@id\":\"https:\\\/\\\/www.gesmujer.org\\\/sitio\\\/#\\\/schema\\\/logo\\\/image\\\/\",\"url\":\"https:\\\/\\\/www.gesmujer.org\\\/sitio\\\/wp-content\\\/uploads\\\/2026\\\/03\\\/Logo-GESMujer-300.png\",\"contentUrl\":\"https:\\\/\\\/www.gesmujer.org\\\/sitio\\\/wp-content\\\/uploads\\\/2026\\\/03\\\/Logo-GESMujer-300.png\",\"width\":300,\"height\":141,\"caption\":\"Grupo de estudios sobre la mujer Rosario Castellanos ac\"},\"image\":{\"@id\":\"https:\\\/\\\/www.gesmujer.org\\\/sitio\\\/#\\\/schema\\\/logo\\\/image\\\/\"},\"sameAs\":[\"https:\\\/\\\/www.facebook.com\\\/gesmujer.rosario.castellanos.ac\",\"https:\\\/\\\/x.com\\\/GES_Mujer\",\"https:\\\/\\\/www.instagram.com\\\/ges_mujer\\\/?hl=es\",\"https:\\\/\\\/www.youtube.com\\\/c\\\/GESMujerRosarioCastellanos\\\/videos\",\"https:\\\/\\\/soundcloud.com\\\/gesmujerac\",\"https:\\\/\\\/www.tiktok.com\\\/@gesmujer\"]}]}<\/script>\n<!-- \/ Yoast SEO plugin. -->","yoast_head_json":{"title":"Mujer, salud y comunicaci\u00f3n - GESMujer &quot;Rosario Castellanos&quot;","robots":{"index":"index","follow":"follow","max-snippet":"max-snippet:-1","max-image-preview":"max-image-preview:large","max-video-preview":"max-video-preview:-1"},"canonical":"https:\/\/www.gesmujer.org\/sitio\/investigacion-accion\/proyectos\/mujer-salud-y-comunicacion\/","og_locale":"es_MX","og_type":"article","og_title":"Mujer, salud y comunicaci\u00f3n - GESMujer &quot;Rosario Castellanos&quot;","og_description":"1992-1996 Se lleva a cabo una amplia investigaci\u00f3n sobre la realidad de la salud sexual y reproductiva de las mujeres en 5 regiones de Oaxaca como parte del proyecto MUJER, SALUD Y COMUNICACI\u00d3N, apoyada por la Fundaci\u00f3n MacArthur. Con esta informaci\u00f3n se produce una serie de 3 videos, NUESTRAS VIDAS COMPARTIDAS, y una serie de [&hellip;]","og_url":"https:\/\/www.gesmujer.org\/sitio\/investigacion-accion\/proyectos\/mujer-salud-y-comunicacion\/","og_site_name":"GESMujer &quot;Rosario Castellanos&quot;","article_publisher":"https:\/\/www.facebook.com\/gesmujer.rosario.castellanos.ac","article_modified_time":"2014-02-07T18:36:21+00:00","og_image":[{"width":552,"height":587,"url":"https:\/\/www.gesmujer.org\/sitio\/wp-content\/uploads\/2014\/01\/luces-de-mujer.jpg","type":"image\/jpeg"}],"twitter_card":"summary_large_image","twitter_site":"@GES_Mujer","twitter_misc":{"Tiempo de lectura":"1 minuto"},"schema":{"@context":"https:\/\/schema.org","@graph":[{"@type":"WebPage","@id":"https:\/\/www.gesmujer.org\/sitio\/investigacion-accion\/proyectos\/mujer-salud-y-comunicacion\/","url":"https:\/\/www.gesmujer.org\/sitio\/investigacion-accion\/proyectos\/mujer-salud-y-comunicacion\/","name":"Mujer, salud y comunicaci\u00f3n - GESMujer &quot;Rosario Castellanos&quot;","isPartOf":{"@id":"https:\/\/www.gesmujer.org\/sitio\/#website"},"primaryImageOfPage":{"@id":"https:\/\/www.gesmujer.org\/sitio\/investigacion-accion\/proyectos\/mujer-salud-y-comunicacion\/#primaryimage"},"image":{"@id":"https:\/\/www.gesmujer.org\/sitio\/investigacion-accion\/proyectos\/mujer-salud-y-comunicacion\/#primaryimage"},"thumbnailUrl":"https:\/\/www.gesmujer.org\/sitio\/wp-content\/uploads\/2014\/01\/luces-de-mujer.jpg","datePublished":"2014-01-31T19:12:13+00:00","dateModified":"2014-02-07T18:36:21+00:00","breadcrumb":{"@id":"https:\/\/www.gesmujer.org\/sitio\/investigacion-accion\/proyectos\/mujer-salud-y-comunicacion\/#breadcrumb"},"inLanguage":"es","potentialAction":[{"@type":"ReadAction","target":["https:\/\/www.gesmujer.org\/sitio\/investigacion-accion\/proyectos\/mujer-salud-y-comunicacion\/"]}]},{"@type":"ImageObject","inLanguage":"es","@id":"https:\/\/www.gesmujer.org\/sitio\/investigacion-accion\/proyectos\/mujer-salud-y-comunicacion\/#primaryimage","url":"https:\/\/www.gesmujer.org\/sitio\/wp-content\/uploads\/2014\/01\/luces-de-mujer.jpg","contentUrl":"https:\/\/www.gesmujer.org\/sitio\/wp-content\/uploads\/2014\/01\/luces-de-mujer.jpg","width":552,"height":587},{"@type":"BreadcrumbList","@id":"https:\/\/www.gesmujer.org\/sitio\/investigacion-accion\/proyectos\/mujer-salud-y-comunicacion\/#breadcrumb","itemListElement":[{"@type":"ListItem","position":1,"name":"Home","item":"https:\/\/www.gesmujer.org\/sitio\/"},{"@type":"ListItem","position":2,"name":"Investigaci\u00f3n-Acci\u00f3n","item":"https:\/\/www.gesmujer.org\/sitio\/investigacion-accion\/"},{"@type":"ListItem","position":3,"name":"Proyectos","item":"https:\/\/www.gesmujer.org\/sitio\/investigacion-accion\/proyectos\/"},{"@type":"ListItem","position":4,"name":"Mujer, salud y comunicaci\u00f3n"}]},{"@type":"WebSite","@id":"https:\/\/www.gesmujer.org\/sitio\/#website","url":"https:\/\/www.gesmujer.org\/sitio\/","name":"GESMujer \"Rosario Castellanos\"","description":"M\u00e1s de 45 a\u00f1os ha llevado a cabo acciones para erradicar la violencia de g\u00e9nero y construir entornos donde las mujeres encuentren su resiliencia, incrementen su agencia y autonom\u00eda que les permita lograr su empoderamiento a trav\u00e9s de cinco l\u00edneas de acci\u00f3n.","publisher":{"@id":"https:\/\/www.gesmujer.org\/sitio\/#organization"},"alternateName":"GESMujer","potentialAction":[{"@type":"SearchAction","target":{"@type":"EntryPoint","urlTemplate":"https:\/\/www.gesmujer.org\/sitio\/?s={search_term_string}"},"query-input":{"@type":"PropertyValueSpecification","valueRequired":true,"valueName":"search_term_string"}}],"inLanguage":"es"},{"@type":"Organization","@id":"https:\/\/www.gesmujer.org\/sitio\/#organization","name":"Grupo de estudios sobre la mujer Rosario Castellanos ac","alternateName":"GESMujer","url":"https:\/\/www.gesmujer.org\/sitio\/","logo":{"@type":"ImageObject","inLanguage":"es","@id":"https:\/\/www.gesmujer.org\/sitio\/#\/schema\/logo\/image\/","url":"https:\/\/www.gesmujer.org\/sitio\/wp-content\/uploads\/2026\/03\/Logo-GESMujer-300.png","contentUrl":"https:\/\/www.gesmujer.org\/sitio\/wp-content\/uploads\/2026\/03\/Logo-GESMujer-300.png","width":300,"height":141,"caption":"Grupo de estudios sobre la mujer Rosario Castellanos ac"},"image":{"@id":"https:\/\/www.gesmujer.org\/sitio\/#\/schema\/logo\/image\/"},"sameAs":["https:\/\/www.facebook.com\/gesmujer.rosario.castellanos.ac","https:\/\/x.com\/GES_Mujer","https:\/\/www.instagram.com\/ges_mujer\/?hl=es","https:\/\/www.youtube.com\/c\/GESMujerRosarioCastellanos\/videos","https:\/\/soundcloud.com\/gesmujerac","https:\/\/www.tiktok.com\/@gesmujer"]}]}},"campaignId":"","_links":{"self":[{"href":"https:\/\/www.gesmujer.org\/sitio\/wp-json\/wp\/v2\/pages\/361","targetHints":{"allow":["GET"]}}],"collection":[{"href":"https:\/\/www.gesmujer.org\/sitio\/wp-json\/wp\/v2\/pages"}],"about":[{"href":"https:\/\/www.gesmujer.org\/sitio\/wp-json\/wp\/v2\/types\/page"}],"author":[{"embeddable":true,"href":"https:\/\/www.gesmujer.org\/sitio\/wp-json\/wp\/v2\/users\/4"}],"replies":[{"embeddable":true,"href":"https:\/\/www.gesmujer.org\/sitio\/wp-json\/wp\/v2\/comments?post=361"}],"version-history":[{"count":5,"href":"https:\/\/www.gesmujer.org\/sitio\/wp-json\/wp\/v2\/pages\/361\/revisions"}],"predecessor-version":[{"id":402,"href":"https:\/\/www.gesmujer.org\/sitio\/wp-json\/wp\/v2\/pages\/361\/revisions\/402"}],"up":[{"embeddable":true,"href":"https:\/\/www.gesmujer.org\/sitio\/wp-json\/wp\/v2\/pages\/48"}],"wp:featuredmedia":[{"embeddable":true,"href":"https:\/\/www.gesmujer.org\/sitio\/wp-json\/wp\/v2\/media\/225"}],"wp:attachment":[{"href":"https:\/\/www.gesmujer.org\/sitio\/wp-json\/wp\/v2\/media?parent=361"}],"curies":[{"name":"wp","href":"https:\/\/api.w.org\/{rel}","templated":true}]}}