{"id":385,"date":"2014-02-06T18:09:36","date_gmt":"2014-02-07T00:09:36","guid":{"rendered":"http:\/\/www.gesmujer.org\/sitio\/?page_id=385"},"modified":"2014-02-07T12:30:57","modified_gmt":"2014-02-07T18:30:57","slug":"paso-a-paso-cuida-el-embarazo","status":"publish","type":"page","link":"https:\/\/www.gesmujer.org\/sitio\/investigacion-accion\/proyectos\/paso-a-paso-cuida-el-embarazo\/","title":{"rendered":"Paso a paso cuida el embarazo"},"content":{"rendered":"<p style=\"text-align: justify;\"><b><a href=\"http:\/\/www.gesmujer.org\/SITIO\/wp-content\/uploads\/\/2014\/02\/Lo-que-debo-saberok.jpg\"><img fetchpriority=\"high\" decoding=\"async\" class=\"size-medium wp-image-388 alignright\" alt=\"Lo que debo saberok\" src=\"http:\/\/www.gesmujer.org\/SITIO\/wp-content\/uploads\/\/2014\/02\/Lo-que-debo-saberok-231x300.jpg\" width=\"231\" height=\"300\" srcset=\"https:\/\/www.gesmujer.org\/sitio\/wp-content\/uploads\/2014\/02\/Lo-que-debo-saberok-231x300.jpg 231w, https:\/\/www.gesmujer.org\/sitio\/wp-content\/uploads\/2014\/02\/Lo-que-debo-saberok-1080x1401.jpg 1080w, https:\/\/www.gesmujer.org\/sitio\/wp-content\/uploads\/2014\/02\/Lo-que-debo-saberok-789x1024.jpg 789w, https:\/\/www.gesmujer.org\/sitio\/wp-content\/uploads\/2014\/02\/Lo-que-debo-saberok.jpg 1293w\" sizes=\"(max-width: 231px) 100vw, 231px\" \/><\/a>1999-2006<\/b><\/p>\n<p style=\"text-align: justify;\">Paso a paso cuida el embarazo: Una propuesta desde la sociedad civil de atenci\u00f3n en salud sexual y reproductiva con perspectiva de g\u00e9nero con mujeres jornaleras migrantes. Primera fase 1999-2001; Segunda fase 2002-2006.<\/p>\n<p style=\"text-align: justify;\"><span style=\"line-height: 1.5em;\">Para desarrollar el proyecto\u00a0 se cont\u00f3 con el auspicio del Fondo de Poblaci\u00f3n de las Naciones Unidas (UNFPA), la participaci\u00f3n del Comit\u00e9 Promotor por una Maternidad sin Riesgos, el Instituto Mexicano del Seguro Social (IMSS), los Servicios de Salud de Oaxaca (SSO) y el Programa Nacional de Jornaleros Agr\u00edcolas (PAJA) en Oaxaca. Contamos adem\u00e1s con la asesor\u00eda t\u00e9cnica del Consejo Nacional de Poblaci\u00f3n (CONAPO) y el apoyo de la Direcci\u00f3n General de Poblaci\u00f3n de Oaxaca (DIGEPO).\u00a0<\/span><\/p>\n<p style=\"text-align: justify;\">Objetivo: Dise\u00f1o de un modelo de intervenci\u00f3n que contemple los temas de equidad de g\u00e9nero, salud sexual y reproductiva,\u00a0prevenci\u00f3n y atenci\u00f3n de la violencia intrafamiliar y derechos sexuales y reproductivos, como alternativa para abordar la problem\u00e1tica de la mortalidad materna de manera integral, con especial atenci\u00f3n a la poblaci\u00f3n ind\u00edgena y migrante.<\/p>\n<p style=\"text-align: justify;\"><strong><span style=\"line-height: 1.5em;\">Primera Fase 1999-2001 Desarrollo del Modelo.-<\/span><\/strong><\/p>\n<p style=\"text-align: justify;\">Productos:<\/p>\n<p style=\"text-align: justify;\">\u2022 Cartel<\/p>\n<p style=\"text-align: justify;\">\u2022 Tr\u00edptico, predominantemente visual<\/p>\n<p style=\"text-align: justify;\">\u2022 Cartilla \u201clo que debo saber de mi embarazo\u201d<\/p>\n<p style=\"text-align: justify;\">\u2022 Mensajes auditivos en espa\u00f1ol y mixteco (para transmisi\u00f3n por perifoneo, radio,\u00a0sesiones de trabajo en peque\u00f1os grupos)<\/p>\n<p style=\"text-align: justify;\"><strong>Segunda Fase 2002-2006 Institucionalizaci\u00f3n del Modelo en el lugar de origen y destino<a href=\"http:\/\/www.gesmujer.org\/SITIO\/wp-content\/uploads\/\/2014\/02\/Cual-hoja-al-viento.jpg\"><img decoding=\"async\" class=\"size-medium wp-image-390 alignright\" alt=\"Cual hoja al viento\" src=\"http:\/\/www.gesmujer.org\/SITIO\/wp-content\/uploads\/\/2014\/02\/Cual-hoja-al-viento-239x300.jpg\" width=\"239\" height=\"300\" srcset=\"https:\/\/www.gesmujer.org\/sitio\/wp-content\/uploads\/2014\/02\/Cual-hoja-al-viento-239x300.jpg 239w, https:\/\/www.gesmujer.org\/sitio\/wp-content\/uploads\/2014\/02\/Cual-hoja-al-viento-1080x1352.jpg 1080w, https:\/\/www.gesmujer.org\/sitio\/wp-content\/uploads\/2014\/02\/Cual-hoja-al-viento-817x1024.jpg 817w, https:\/\/www.gesmujer.org\/sitio\/wp-content\/uploads\/2014\/02\/Cual-hoja-al-viento.jpg 1460w\" sizes=\"(max-width: 239px) 100vw, 239px\" \/><\/a><\/strong><\/p>\n<p style=\"text-align: justify;\"><strong><\/strong><span style=\"line-height: 1.5em;\">Lugares de implementaci\u00f3n: Oaxaca, Sinaloa, Baja California<\/span><\/p>\n<p style=\"text-align: justify;\">Productos: Video \u201cCual hoja al viento\u201d.<\/p>\n<p style=\"text-align: justify;\"><strong>Poblaci\u00f3n beneficiada:<\/strong><\/p>\n<p style=\"text-align: justify;\">Directa: 70 comunidades de la mixteca y Miahuatl\u00e1n-Ejutla, Oaxaca<\/p>\n<p style=\"text-align: justify;\">103 promotoras y promotores<\/p>\n<p style=\"text-align: justify;\">54 personas del sector salud<\/p>\n<p style=\"text-align: justify;\"><span style=\"line-height: 1.5em;\">Directa Sinaloa: 95 personal de los sistemas de salud y del Programa de Jornaleros migrantes.<\/span><\/p>\n<p style=\"text-align: justify;\"><span style=\"line-height: 1.5em;\">Directa Baja California: 120 personal de los sistemas de salud y del Programa de Jornaleros migrantes.<\/span><\/p>\n<p style=\"text-align: justify;\">Beneficiarias (os) indirectas (os) La poblaci\u00f3n con la cual trabaja el personal institucional.<\/p>\n","protected":false},"excerpt":{"rendered":"<p>1999-2006 Paso a paso cuida el embarazo: Una propuesta desde la sociedad civil de atenci\u00f3n en salud sexual y reproductiva con perspectiva de g\u00e9nero con mujeres jornaleras migrantes. Primera fase 1999-2001; Segunda fase 2002-2006. Para desarrollar el proyecto\u00a0 se cont\u00f3 con el auspicio del Fondo de Poblaci\u00f3n de las Naciones Unidas (UNFPA), la participaci\u00f3n del [&hellip;]<\/p>\n","protected":false},"author":4,"featured_media":387,"parent":48,"menu_order":0,"comment_status":"closed","ping_status":"open","template":"","meta":{"give_campaign_id":0,"footnotes":""},"class_list":["post-385","page","type-page","status-publish","has-post-thumbnail","hentry"],"yoast_head":"<!-- This site is optimized with the Yoast SEO plugin v27.4 - https:\/\/yoast.com\/product\/yoast-seo-wordpress\/ -->\n<title>Paso a paso cuida el embarazo - GESMujer &quot;Rosario Castellanos&quot;<\/title>\n<meta name=\"robots\" content=\"index, follow, max-snippet:-1, max-image-preview:large, max-video-preview:-1\" \/>\n<link rel=\"canonical\" href=\"https:\/\/www.gesmujer.org\/sitio\/investigacion-accion\/proyectos\/paso-a-paso-cuida-el-embarazo\/\" \/>\n<meta property=\"og:locale\" content=\"es_MX\" \/>\n<meta property=\"og:type\" content=\"article\" \/>\n<meta property=\"og:title\" content=\"Paso a paso cuida el embarazo - GESMujer &quot;Rosario Castellanos&quot;\" \/>\n<meta property=\"og:description\" content=\"1999-2006 Paso a paso cuida el embarazo: Una propuesta desde la sociedad civil de atenci\u00f3n en salud sexual y reproductiva con perspectiva de g\u00e9nero con mujeres jornaleras migrantes. Primera fase 1999-2001; Segunda fase 2002-2006. Para desarrollar el proyecto\u00a0 se cont\u00f3 con el auspicio del Fondo de Poblaci\u00f3n de las Naciones Unidas (UNFPA), la participaci\u00f3n del [&hellip;]\" \/>\n<meta property=\"og:url\" content=\"https:\/\/www.gesmujer.org\/sitio\/investigacion-accion\/proyectos\/paso-a-paso-cuida-el-embarazo\/\" \/>\n<meta property=\"og:site_name\" content=\"GESMujer &quot;Rosario Castellanos&quot;\" \/>\n<meta property=\"article:publisher\" content=\"https:\/\/www.facebook.com\/gesmujer.rosario.castellanos.ac\" \/>\n<meta property=\"article:modified_time\" content=\"2014-02-07T18:30:57+00:00\" \/>\n<meta property=\"og:image\" content=\"https:\/\/www.gesmujer.org\/sitio\/wp-content\/uploads\/2014\/02\/paso-a-paso.jpg\" \/>\n\t<meta property=\"og:image:width\" content=\"1008\" \/>\n\t<meta property=\"og:image:height\" content=\"464\" \/>\n\t<meta property=\"og:image:type\" content=\"image\/jpeg\" \/>\n<meta name=\"twitter:card\" content=\"summary_large_image\" \/>\n<meta name=\"twitter:site\" content=\"@GES_Mujer\" \/>\n<meta name=\"twitter:label1\" content=\"Tiempo de lectura\" \/>\n\t<meta name=\"twitter:data1\" content=\"2 minutos\" \/>\n<script type=\"application\/ld+json\" class=\"yoast-schema-graph\">{\"@context\":\"https:\\\/\\\/schema.org\",\"@graph\":[{\"@type\":\"WebPage\",\"@id\":\"https:\\\/\\\/www.gesmujer.org\\\/sitio\\\/investigacion-accion\\\/proyectos\\\/paso-a-paso-cuida-el-embarazo\\\/\",\"url\":\"https:\\\/\\\/www.gesmujer.org\\\/sitio\\\/investigacion-accion\\\/proyectos\\\/paso-a-paso-cuida-el-embarazo\\\/\",\"name\":\"Paso a paso cuida el embarazo - GESMujer &quot;Rosario Castellanos&quot;\",\"isPartOf\":{\"@id\":\"https:\\\/\\\/www.gesmujer.org\\\/sitio\\\/#website\"},\"primaryImageOfPage\":{\"@id\":\"https:\\\/\\\/www.gesmujer.org\\\/sitio\\\/investigacion-accion\\\/proyectos\\\/paso-a-paso-cuida-el-embarazo\\\/#primaryimage\"},\"image\":{\"@id\":\"https:\\\/\\\/www.gesmujer.org\\\/sitio\\\/investigacion-accion\\\/proyectos\\\/paso-a-paso-cuida-el-embarazo\\\/#primaryimage\"},\"thumbnailUrl\":\"https:\\\/\\\/www.gesmujer.org\\\/sitio\\\/wp-content\\\/uploads\\\/2014\\\/02\\\/paso-a-paso.jpg\",\"datePublished\":\"2014-02-07T00:09:36+00:00\",\"dateModified\":\"2014-02-07T18:30:57+00:00\",\"breadcrumb\":{\"@id\":\"https:\\\/\\\/www.gesmujer.org\\\/sitio\\\/investigacion-accion\\\/proyectos\\\/paso-a-paso-cuida-el-embarazo\\\/#breadcrumb\"},\"inLanguage\":\"es\",\"potentialAction\":[{\"@type\":\"ReadAction\",\"target\":[\"https:\\\/\\\/www.gesmujer.org\\\/sitio\\\/investigacion-accion\\\/proyectos\\\/paso-a-paso-cuida-el-embarazo\\\/\"]}]},{\"@type\":\"ImageObject\",\"inLanguage\":\"es\",\"@id\":\"https:\\\/\\\/www.gesmujer.org\\\/sitio\\\/investigacion-accion\\\/proyectos\\\/paso-a-paso-cuida-el-embarazo\\\/#primaryimage\",\"url\":\"https:\\\/\\\/www.gesmujer.org\\\/sitio\\\/wp-content\\\/uploads\\\/2014\\\/02\\\/paso-a-paso.jpg\",\"contentUrl\":\"https:\\\/\\\/www.gesmujer.org\\\/sitio\\\/wp-content\\\/uploads\\\/2014\\\/02\\\/paso-a-paso.jpg\",\"width\":1008,\"height\":464},{\"@type\":\"BreadcrumbList\",\"@id\":\"https:\\\/\\\/www.gesmujer.org\\\/sitio\\\/investigacion-accion\\\/proyectos\\\/paso-a-paso-cuida-el-embarazo\\\/#breadcrumb\",\"itemListElement\":[{\"@type\":\"ListItem\",\"position\":1,\"name\":\"Home\",\"item\":\"https:\\\/\\\/www.gesmujer.org\\\/sitio\\\/\"},{\"@type\":\"ListItem\",\"position\":2,\"name\":\"Investigaci\u00f3n-Acci\u00f3n\",\"item\":\"https:\\\/\\\/www.gesmujer.org\\\/sitio\\\/investigacion-accion\\\/\"},{\"@type\":\"ListItem\",\"position\":3,\"name\":\"Proyectos\",\"item\":\"https:\\\/\\\/www.gesmujer.org\\\/sitio\\\/investigacion-accion\\\/proyectos\\\/\"},{\"@type\":\"ListItem\",\"position\":4,\"name\":\"Paso a paso cuida el embarazo\"}]},{\"@type\":\"WebSite\",\"@id\":\"https:\\\/\\\/www.gesmujer.org\\\/sitio\\\/#website\",\"url\":\"https:\\\/\\\/www.gesmujer.org\\\/sitio\\\/\",\"name\":\"GESMujer \\\"Rosario Castellanos\\\"\",\"description\":\"M\u00e1s de 45 a\u00f1os ha llevado a cabo acciones para erradicar la violencia de g\u00e9nero y construir entornos donde las mujeres encuentren su resiliencia, incrementen su agencia y autonom\u00eda que les permita lograr su empoderamiento a trav\u00e9s de cinco l\u00edneas de acci\u00f3n.\",\"publisher\":{\"@id\":\"https:\\\/\\\/www.gesmujer.org\\\/sitio\\\/#organization\"},\"alternateName\":\"GESMujer\",\"potentialAction\":[{\"@type\":\"SearchAction\",\"target\":{\"@type\":\"EntryPoint\",\"urlTemplate\":\"https:\\\/\\\/www.gesmujer.org\\\/sitio\\\/?s={search_term_string}\"},\"query-input\":{\"@type\":\"PropertyValueSpecification\",\"valueRequired\":true,\"valueName\":\"search_term_string\"}}],\"inLanguage\":\"es\"},{\"@type\":\"Organization\",\"@id\":\"https:\\\/\\\/www.gesmujer.org\\\/sitio\\\/#organization\",\"name\":\"Grupo de estudios sobre la mujer Rosario Castellanos ac\",\"alternateName\":\"GESMujer\",\"url\":\"https:\\\/\\\/www.gesmujer.org\\\/sitio\\\/\",\"logo\":{\"@type\":\"ImageObject\",\"inLanguage\":\"es\",\"@id\":\"https:\\\/\\\/www.gesmujer.org\\\/sitio\\\/#\\\/schema\\\/logo\\\/image\\\/\",\"url\":\"https:\\\/\\\/www.gesmujer.org\\\/sitio\\\/wp-content\\\/uploads\\\/2026\\\/03\\\/Logo-GESMujer-300.png\",\"contentUrl\":\"https:\\\/\\\/www.gesmujer.org\\\/sitio\\\/wp-content\\\/uploads\\\/2026\\\/03\\\/Logo-GESMujer-300.png\",\"width\":300,\"height\":141,\"caption\":\"Grupo de estudios sobre la mujer Rosario Castellanos ac\"},\"image\":{\"@id\":\"https:\\\/\\\/www.gesmujer.org\\\/sitio\\\/#\\\/schema\\\/logo\\\/image\\\/\"},\"sameAs\":[\"https:\\\/\\\/www.facebook.com\\\/gesmujer.rosario.castellanos.ac\",\"https:\\\/\\\/x.com\\\/GES_Mujer\",\"https:\\\/\\\/www.instagram.com\\\/ges_mujer\\\/?hl=es\",\"https:\\\/\\\/www.youtube.com\\\/c\\\/GESMujerRosarioCastellanos\\\/videos\",\"https:\\\/\\\/soundcloud.com\\\/gesmujerac\",\"https:\\\/\\\/www.tiktok.com\\\/@gesmujer\"]}]}<\/script>\n<!-- \/ Yoast SEO plugin. -->","yoast_head_json":{"title":"Paso a paso cuida el embarazo - GESMujer &quot;Rosario Castellanos&quot;","robots":{"index":"index","follow":"follow","max-snippet":"max-snippet:-1","max-image-preview":"max-image-preview:large","max-video-preview":"max-video-preview:-1"},"canonical":"https:\/\/www.gesmujer.org\/sitio\/investigacion-accion\/proyectos\/paso-a-paso-cuida-el-embarazo\/","og_locale":"es_MX","og_type":"article","og_title":"Paso a paso cuida el embarazo - GESMujer &quot;Rosario Castellanos&quot;","og_description":"1999-2006 Paso a paso cuida el embarazo: Una propuesta desde la sociedad civil de atenci\u00f3n en salud sexual y reproductiva con perspectiva de g\u00e9nero con mujeres jornaleras migrantes. Primera fase 1999-2001; Segunda fase 2002-2006. Para desarrollar el proyecto\u00a0 se cont\u00f3 con el auspicio del Fondo de Poblaci\u00f3n de las Naciones Unidas (UNFPA), la participaci\u00f3n del [&hellip;]","og_url":"https:\/\/www.gesmujer.org\/sitio\/investigacion-accion\/proyectos\/paso-a-paso-cuida-el-embarazo\/","og_site_name":"GESMujer &quot;Rosario Castellanos&quot;","article_publisher":"https:\/\/www.facebook.com\/gesmujer.rosario.castellanos.ac","article_modified_time":"2014-02-07T18:30:57+00:00","og_image":[{"width":1008,"height":464,"url":"https:\/\/www.gesmujer.org\/sitio\/wp-content\/uploads\/2014\/02\/paso-a-paso.jpg","type":"image\/jpeg"}],"twitter_card":"summary_large_image","twitter_site":"@GES_Mujer","twitter_misc":{"Tiempo de lectura":"2 minutos"},"schema":{"@context":"https:\/\/schema.org","@graph":[{"@type":"WebPage","@id":"https:\/\/www.gesmujer.org\/sitio\/investigacion-accion\/proyectos\/paso-a-paso-cuida-el-embarazo\/","url":"https:\/\/www.gesmujer.org\/sitio\/investigacion-accion\/proyectos\/paso-a-paso-cuida-el-embarazo\/","name":"Paso a paso cuida el embarazo - GESMujer &quot;Rosario Castellanos&quot;","isPartOf":{"@id":"https:\/\/www.gesmujer.org\/sitio\/#website"},"primaryImageOfPage":{"@id":"https:\/\/www.gesmujer.org\/sitio\/investigacion-accion\/proyectos\/paso-a-paso-cuida-el-embarazo\/#primaryimage"},"image":{"@id":"https:\/\/www.gesmujer.org\/sitio\/investigacion-accion\/proyectos\/paso-a-paso-cuida-el-embarazo\/#primaryimage"},"thumbnailUrl":"https:\/\/www.gesmujer.org\/sitio\/wp-content\/uploads\/2014\/02\/paso-a-paso.jpg","datePublished":"2014-02-07T00:09:36+00:00","dateModified":"2014-02-07T18:30:57+00:00","breadcrumb":{"@id":"https:\/\/www.gesmujer.org\/sitio\/investigacion-accion\/proyectos\/paso-a-paso-cuida-el-embarazo\/#breadcrumb"},"inLanguage":"es","potentialAction":[{"@type":"ReadAction","target":["https:\/\/www.gesmujer.org\/sitio\/investigacion-accion\/proyectos\/paso-a-paso-cuida-el-embarazo\/"]}]},{"@type":"ImageObject","inLanguage":"es","@id":"https:\/\/www.gesmujer.org\/sitio\/investigacion-accion\/proyectos\/paso-a-paso-cuida-el-embarazo\/#primaryimage","url":"https:\/\/www.gesmujer.org\/sitio\/wp-content\/uploads\/2014\/02\/paso-a-paso.jpg","contentUrl":"https:\/\/www.gesmujer.org\/sitio\/wp-content\/uploads\/2014\/02\/paso-a-paso.jpg","width":1008,"height":464},{"@type":"BreadcrumbList","@id":"https:\/\/www.gesmujer.org\/sitio\/investigacion-accion\/proyectos\/paso-a-paso-cuida-el-embarazo\/#breadcrumb","itemListElement":[{"@type":"ListItem","position":1,"name":"Home","item":"https:\/\/www.gesmujer.org\/sitio\/"},{"@type":"ListItem","position":2,"name":"Investigaci\u00f3n-Acci\u00f3n","item":"https:\/\/www.gesmujer.org\/sitio\/investigacion-accion\/"},{"@type":"ListItem","position":3,"name":"Proyectos","item":"https:\/\/www.gesmujer.org\/sitio\/investigacion-accion\/proyectos\/"},{"@type":"ListItem","position":4,"name":"Paso a paso cuida el embarazo"}]},{"@type":"WebSite","@id":"https:\/\/www.gesmujer.org\/sitio\/#website","url":"https:\/\/www.gesmujer.org\/sitio\/","name":"GESMujer \"Rosario Castellanos\"","description":"M\u00e1s de 45 a\u00f1os ha llevado a cabo acciones para erradicar la violencia de g\u00e9nero y construir entornos donde las mujeres encuentren su resiliencia, incrementen su agencia y autonom\u00eda que les permita lograr su empoderamiento a trav\u00e9s de cinco l\u00edneas de acci\u00f3n.","publisher":{"@id":"https:\/\/www.gesmujer.org\/sitio\/#organization"},"alternateName":"GESMujer","potentialAction":[{"@type":"SearchAction","target":{"@type":"EntryPoint","urlTemplate":"https:\/\/www.gesmujer.org\/sitio\/?s={search_term_string}"},"query-input":{"@type":"PropertyValueSpecification","valueRequired":true,"valueName":"search_term_string"}}],"inLanguage":"es"},{"@type":"Organization","@id":"https:\/\/www.gesmujer.org\/sitio\/#organization","name":"Grupo de estudios sobre la mujer Rosario Castellanos ac","alternateName":"GESMujer","url":"https:\/\/www.gesmujer.org\/sitio\/","logo":{"@type":"ImageObject","inLanguage":"es","@id":"https:\/\/www.gesmujer.org\/sitio\/#\/schema\/logo\/image\/","url":"https:\/\/www.gesmujer.org\/sitio\/wp-content\/uploads\/2026\/03\/Logo-GESMujer-300.png","contentUrl":"https:\/\/www.gesmujer.org\/sitio\/wp-content\/uploads\/2026\/03\/Logo-GESMujer-300.png","width":300,"height":141,"caption":"Grupo de estudios sobre la mujer Rosario Castellanos ac"},"image":{"@id":"https:\/\/www.gesmujer.org\/sitio\/#\/schema\/logo\/image\/"},"sameAs":["https:\/\/www.facebook.com\/gesmujer.rosario.castellanos.ac","https:\/\/x.com\/GES_Mujer","https:\/\/www.instagram.com\/ges_mujer\/?hl=es","https:\/\/www.youtube.com\/c\/GESMujerRosarioCastellanos\/videos","https:\/\/soundcloud.com\/gesmujerac","https:\/\/www.tiktok.com\/@gesmujer"]}]}},"campaignId":"","_links":{"self":[{"href":"https:\/\/www.gesmujer.org\/sitio\/wp-json\/wp\/v2\/pages\/385","targetHints":{"allow":["GET"]}}],"collection":[{"href":"https:\/\/www.gesmujer.org\/sitio\/wp-json\/wp\/v2\/pages"}],"about":[{"href":"https:\/\/www.gesmujer.org\/sitio\/wp-json\/wp\/v2\/types\/page"}],"author":[{"embeddable":true,"href":"https:\/\/www.gesmujer.org\/sitio\/wp-json\/wp\/v2\/users\/4"}],"replies":[{"embeddable":true,"href":"https:\/\/www.gesmujer.org\/sitio\/wp-json\/wp\/v2\/comments?post=385"}],"version-history":[{"count":11,"href":"https:\/\/www.gesmujer.org\/sitio\/wp-json\/wp\/v2\/pages\/385\/revisions"}],"predecessor-version":[{"id":401,"href":"https:\/\/www.gesmujer.org\/sitio\/wp-json\/wp\/v2\/pages\/385\/revisions\/401"}],"up":[{"embeddable":true,"href":"https:\/\/www.gesmujer.org\/sitio\/wp-json\/wp\/v2\/pages\/48"}],"wp:featuredmedia":[{"embeddable":true,"href":"https:\/\/www.gesmujer.org\/sitio\/wp-json\/wp\/v2\/media\/387"}],"wp:attachment":[{"href":"https:\/\/www.gesmujer.org\/sitio\/wp-json\/wp\/v2\/media?parent=385"}],"curies":[{"name":"wp","href":"https:\/\/api.w.org\/{rel}","templated":true}]}}