{"id":403,"date":"2014-02-07T12:59:59","date_gmt":"2014-02-07T18:59:59","guid":{"rendered":"http:\/\/www.gesmujer.org\/sitio\/?page_id=403"},"modified":"2014-02-21T12:29:54","modified_gmt":"2014-02-21T18:29:54","slug":"creacion-de-conciencia-juvenil-y-capacitacion-con-enfoque-de-genero","status":"publish","type":"page","link":"https:\/\/www.gesmujer.org\/sitio\/investigacion-accion\/proyectos\/creacion-de-conciencia-juvenil-y-capacitacion-con-enfoque-de-genero\/","title":{"rendered":"Creaci\u00f3n de Conciencia Juvenil y Capacitaci\u00f3n con Enfoque de G\u00e9nero"},"content":{"rendered":"<p><strong>2000-2002<\/strong><\/p>\n<p>Proyecto Creaci\u00f3n de conciencia juvenil y Capacitaci\u00f3n con enfoque \u00a0de g\u00e9nero para l\u00edderes de opini\u00f3n y multiplicadores y multiplicadoras. \u00a0MacArthur, Tania Melchor.<\/p>\n<p><strong>Capacitaci\u00f3n a 30 periodistas<\/strong> de diversos medios del estado; en prensa, peri\u00f3dicos con un tiraje aprox. 20,500 y aprox. 193,000 lectores; 3 estaciones estatales incluyendo ARO, 6 con recepci\u00f3n en los valles de Oaxaca, y una que cubre solo la ciudad.<\/p>\n<p><strong>Entrel\u00edneas<\/strong>, nuestro bolet\u00edn informativo de 9 a\u00f1os, se convirti\u00f3 en revista, y fue distribuida ampliamente en Oaxaca.<\/p>\n<p><strong>Conciencia juvenil<\/strong>, un grupo de j\u00f3venes interesados en trabajar el tema de prevenci\u00f3n de VIH SIDA entre j\u00f3venes, fue creado con el auspicio del Grupo de Estudios, recibi\u00f3 capacitaciones, incluyendo un taller de realizaci\u00f3n de video, y realiz\u00f3 actividades en varias de las escuelas de Oaxaca y en otras partes del estado, con el acompa\u00f1amiento del Grupo de Estudios<\/p>\n<p><strong>Participaci\u00f3n en:<\/strong><br \/>\nFOCO<br \/>\nDeSER<br \/>\nForo de Mujeres y Pol\u00edticas de Poblaci\u00f3n<br \/>\ncoordinadora nacional y Estatal del Milenio Feminista<br \/>\nFundaci\u00f3n Comunitaria<br \/>\nRed de periodistas<br \/>\nRed de mujeres radialistas<br \/>\nComit\u00e9 por una maternidad sin riesgos<br \/>\nRed de Salud de las Mujeres Latinoamericanas y del Caribe<\/p>\n","protected":false},"excerpt":{"rendered":"<p>2000-2002 Proyecto Creaci\u00f3n de conciencia juvenil y Capacitaci\u00f3n con enfoque \u00a0de g\u00e9nero para l\u00edderes de opini\u00f3n y multiplicadores y multiplicadoras. \u00a0MacArthur, Tania Melchor. Capacitaci\u00f3n a 30 periodistas de diversos medios del estado; en prensa, peri\u00f3dicos con un tiraje aprox. 20,500 y aprox. 193,000 lectores; 3 estaciones estatales incluyendo ARO, 6 con recepci\u00f3n en los valles [&hellip;]<\/p>\n","protected":false},"author":4,"featured_media":404,"parent":48,"menu_order":0,"comment_status":"closed","ping_status":"open","template":"","meta":{"give_campaign_id":0,"footnotes":""},"class_list":["post-403","page","type-page","status-publish","has-post-thumbnail","hentry"],"yoast_head":"<!-- This site is optimized with the Yoast SEO plugin v27.4 - https:\/\/yoast.com\/product\/yoast-seo-wordpress\/ -->\n<title>Creaci\u00f3n de Conciencia Juvenil y Capacitaci\u00f3n con Enfoque de G\u00e9nero - GESMujer &quot;Rosario Castellanos&quot;<\/title>\n<meta name=\"robots\" content=\"index, follow, max-snippet:-1, max-image-preview:large, max-video-preview:-1\" \/>\n<link rel=\"canonical\" href=\"https:\/\/www.gesmujer.org\/sitio\/investigacion-accion\/proyectos\/creacion-de-conciencia-juvenil-y-capacitacion-con-enfoque-de-genero\/\" \/>\n<meta property=\"og:locale\" content=\"es_MX\" \/>\n<meta property=\"og:type\" content=\"article\" \/>\n<meta property=\"og:title\" content=\"Creaci\u00f3n de Conciencia Juvenil y Capacitaci\u00f3n con Enfoque de G\u00e9nero - GESMujer &quot;Rosario Castellanos&quot;\" \/>\n<meta property=\"og:description\" content=\"2000-2002 Proyecto Creaci\u00f3n de conciencia juvenil y Capacitaci\u00f3n con enfoque \u00a0de g\u00e9nero para l\u00edderes de opini\u00f3n y multiplicadores y multiplicadoras. \u00a0MacArthur, Tania Melchor. Capacitaci\u00f3n a 30 periodistas de diversos medios del estado; en prensa, peri\u00f3dicos con un tiraje aprox. 20,500 y aprox. 193,000 lectores; 3 estaciones estatales incluyendo ARO, 6 con recepci\u00f3n en los valles [&hellip;]\" \/>\n<meta property=\"og:url\" content=\"https:\/\/www.gesmujer.org\/sitio\/investigacion-accion\/proyectos\/creacion-de-conciencia-juvenil-y-capacitacion-con-enfoque-de-genero\/\" \/>\n<meta property=\"og:site_name\" content=\"GESMujer &quot;Rosario Castellanos&quot;\" \/>\n<meta property=\"article:publisher\" content=\"https:\/\/www.facebook.com\/gesmujer.rosario.castellanos.ac\" \/>\n<meta property=\"article:modified_time\" content=\"2014-02-21T18:29:54+00:00\" \/>\n<meta property=\"og:image\" content=\"https:\/\/www.gesmujer.org\/sitio\/wp-content\/uploads\/2014\/02\/los-y-las-periodistas-en-los-derechos-sexuales-2002-may-005.jpg\" \/>\n\t<meta property=\"og:image:width\" content=\"1088\" \/>\n\t<meta property=\"og:image:height\" content=\"557\" \/>\n\t<meta property=\"og:image:type\" content=\"image\/jpeg\" \/>\n<meta name=\"twitter:card\" content=\"summary_large_image\" \/>\n<meta name=\"twitter:site\" content=\"@GES_Mujer\" \/>\n<meta name=\"twitter:label1\" content=\"Tiempo de lectura\" \/>\n\t<meta name=\"twitter:data1\" content=\"1 minuto\" \/>\n<script type=\"application\/ld+json\" class=\"yoast-schema-graph\">{\"@context\":\"https:\\\/\\\/schema.org\",\"@graph\":[{\"@type\":\"WebPage\",\"@id\":\"https:\\\/\\\/www.gesmujer.org\\\/sitio\\\/investigacion-accion\\\/proyectos\\\/creacion-de-conciencia-juvenil-y-capacitacion-con-enfoque-de-genero\\\/\",\"url\":\"https:\\\/\\\/www.gesmujer.org\\\/sitio\\\/investigacion-accion\\\/proyectos\\\/creacion-de-conciencia-juvenil-y-capacitacion-con-enfoque-de-genero\\\/\",\"name\":\"Creaci\u00f3n de Conciencia Juvenil y Capacitaci\u00f3n con Enfoque de G\u00e9nero - GESMujer &quot;Rosario Castellanos&quot;\",\"isPartOf\":{\"@id\":\"https:\\\/\\\/www.gesmujer.org\\\/sitio\\\/#website\"},\"primaryImageOfPage\":{\"@id\":\"https:\\\/\\\/www.gesmujer.org\\\/sitio\\\/investigacion-accion\\\/proyectos\\\/creacion-de-conciencia-juvenil-y-capacitacion-con-enfoque-de-genero\\\/#primaryimage\"},\"image\":{\"@id\":\"https:\\\/\\\/www.gesmujer.org\\\/sitio\\\/investigacion-accion\\\/proyectos\\\/creacion-de-conciencia-juvenil-y-capacitacion-con-enfoque-de-genero\\\/#primaryimage\"},\"thumbnailUrl\":\"https:\\\/\\\/www.gesmujer.org\\\/sitio\\\/wp-content\\\/uploads\\\/2014\\\/02\\\/los-y-las-periodistas-en-los-derechos-sexuales-2002-may-005.jpg\",\"datePublished\":\"2014-02-07T18:59:59+00:00\",\"dateModified\":\"2014-02-21T18:29:54+00:00\",\"breadcrumb\":{\"@id\":\"https:\\\/\\\/www.gesmujer.org\\\/sitio\\\/investigacion-accion\\\/proyectos\\\/creacion-de-conciencia-juvenil-y-capacitacion-con-enfoque-de-genero\\\/#breadcrumb\"},\"inLanguage\":\"es\",\"potentialAction\":[{\"@type\":\"ReadAction\",\"target\":[\"https:\\\/\\\/www.gesmujer.org\\\/sitio\\\/investigacion-accion\\\/proyectos\\\/creacion-de-conciencia-juvenil-y-capacitacion-con-enfoque-de-genero\\\/\"]}]},{\"@type\":\"ImageObject\",\"inLanguage\":\"es\",\"@id\":\"https:\\\/\\\/www.gesmujer.org\\\/sitio\\\/investigacion-accion\\\/proyectos\\\/creacion-de-conciencia-juvenil-y-capacitacion-con-enfoque-de-genero\\\/#primaryimage\",\"url\":\"https:\\\/\\\/www.gesmujer.org\\\/sitio\\\/wp-content\\\/uploads\\\/2014\\\/02\\\/los-y-las-periodistas-en-los-derechos-sexuales-2002-may-005.jpg\",\"contentUrl\":\"https:\\\/\\\/www.gesmujer.org\\\/sitio\\\/wp-content\\\/uploads\\\/2014\\\/02\\\/los-y-las-periodistas-en-los-derechos-sexuales-2002-may-005.jpg\",\"width\":1088,\"height\":557},{\"@type\":\"BreadcrumbList\",\"@id\":\"https:\\\/\\\/www.gesmujer.org\\\/sitio\\\/investigacion-accion\\\/proyectos\\\/creacion-de-conciencia-juvenil-y-capacitacion-con-enfoque-de-genero\\\/#breadcrumb\",\"itemListElement\":[{\"@type\":\"ListItem\",\"position\":1,\"name\":\"Home\",\"item\":\"https:\\\/\\\/www.gesmujer.org\\\/sitio\\\/\"},{\"@type\":\"ListItem\",\"position\":2,\"name\":\"Investigaci\u00f3n-Acci\u00f3n\",\"item\":\"https:\\\/\\\/www.gesmujer.org\\\/sitio\\\/investigacion-accion\\\/\"},{\"@type\":\"ListItem\",\"position\":3,\"name\":\"Proyectos\",\"item\":\"https:\\\/\\\/www.gesmujer.org\\\/sitio\\\/investigacion-accion\\\/proyectos\\\/\"},{\"@type\":\"ListItem\",\"position\":4,\"name\":\"Creaci\u00f3n de Conciencia Juvenil y Capacitaci\u00f3n con Enfoque de G\u00e9nero\"}]},{\"@type\":\"WebSite\",\"@id\":\"https:\\\/\\\/www.gesmujer.org\\\/sitio\\\/#website\",\"url\":\"https:\\\/\\\/www.gesmujer.org\\\/sitio\\\/\",\"name\":\"GESMujer \\\"Rosario Castellanos\\\"\",\"description\":\"M\u00e1s de 45 a\u00f1os ha llevado a cabo acciones para erradicar la violencia de g\u00e9nero y construir entornos donde las mujeres encuentren su resiliencia, incrementen su agencia y autonom\u00eda que les permita lograr su empoderamiento a trav\u00e9s de cinco l\u00edneas de acci\u00f3n.\",\"publisher\":{\"@id\":\"https:\\\/\\\/www.gesmujer.org\\\/sitio\\\/#organization\"},\"alternateName\":\"GESMujer\",\"potentialAction\":[{\"@type\":\"SearchAction\",\"target\":{\"@type\":\"EntryPoint\",\"urlTemplate\":\"https:\\\/\\\/www.gesmujer.org\\\/sitio\\\/?s={search_term_string}\"},\"query-input\":{\"@type\":\"PropertyValueSpecification\",\"valueRequired\":true,\"valueName\":\"search_term_string\"}}],\"inLanguage\":\"es\"},{\"@type\":\"Organization\",\"@id\":\"https:\\\/\\\/www.gesmujer.org\\\/sitio\\\/#organization\",\"name\":\"Grupo de estudios sobre la mujer Rosario Castellanos ac\",\"alternateName\":\"GESMujer\",\"url\":\"https:\\\/\\\/www.gesmujer.org\\\/sitio\\\/\",\"logo\":{\"@type\":\"ImageObject\",\"inLanguage\":\"es\",\"@id\":\"https:\\\/\\\/www.gesmujer.org\\\/sitio\\\/#\\\/schema\\\/logo\\\/image\\\/\",\"url\":\"https:\\\/\\\/www.gesmujer.org\\\/sitio\\\/wp-content\\\/uploads\\\/2026\\\/03\\\/Logo-GESMujer-300.png\",\"contentUrl\":\"https:\\\/\\\/www.gesmujer.org\\\/sitio\\\/wp-content\\\/uploads\\\/2026\\\/03\\\/Logo-GESMujer-300.png\",\"width\":300,\"height\":141,\"caption\":\"Grupo de estudios sobre la mujer Rosario Castellanos ac\"},\"image\":{\"@id\":\"https:\\\/\\\/www.gesmujer.org\\\/sitio\\\/#\\\/schema\\\/logo\\\/image\\\/\"},\"sameAs\":[\"https:\\\/\\\/www.facebook.com\\\/gesmujer.rosario.castellanos.ac\",\"https:\\\/\\\/x.com\\\/GES_Mujer\",\"https:\\\/\\\/www.instagram.com\\\/ges_mujer\\\/?hl=es\",\"https:\\\/\\\/www.youtube.com\\\/c\\\/GESMujerRosarioCastellanos\\\/videos\",\"https:\\\/\\\/soundcloud.com\\\/gesmujerac\",\"https:\\\/\\\/www.tiktok.com\\\/@gesmujer\"]}]}<\/script>\n<!-- \/ Yoast SEO plugin. -->","yoast_head_json":{"title":"Creaci\u00f3n de Conciencia Juvenil y Capacitaci\u00f3n con Enfoque de G\u00e9nero - GESMujer &quot;Rosario Castellanos&quot;","robots":{"index":"index","follow":"follow","max-snippet":"max-snippet:-1","max-image-preview":"max-image-preview:large","max-video-preview":"max-video-preview:-1"},"canonical":"https:\/\/www.gesmujer.org\/sitio\/investigacion-accion\/proyectos\/creacion-de-conciencia-juvenil-y-capacitacion-con-enfoque-de-genero\/","og_locale":"es_MX","og_type":"article","og_title":"Creaci\u00f3n de Conciencia Juvenil y Capacitaci\u00f3n con Enfoque de G\u00e9nero - GESMujer &quot;Rosario Castellanos&quot;","og_description":"2000-2002 Proyecto Creaci\u00f3n de conciencia juvenil y Capacitaci\u00f3n con enfoque \u00a0de g\u00e9nero para l\u00edderes de opini\u00f3n y multiplicadores y multiplicadoras. \u00a0MacArthur, Tania Melchor. Capacitaci\u00f3n a 30 periodistas de diversos medios del estado; en prensa, peri\u00f3dicos con un tiraje aprox. 20,500 y aprox. 193,000 lectores; 3 estaciones estatales incluyendo ARO, 6 con recepci\u00f3n en los valles [&hellip;]","og_url":"https:\/\/www.gesmujer.org\/sitio\/investigacion-accion\/proyectos\/creacion-de-conciencia-juvenil-y-capacitacion-con-enfoque-de-genero\/","og_site_name":"GESMujer &quot;Rosario Castellanos&quot;","article_publisher":"https:\/\/www.facebook.com\/gesmujer.rosario.castellanos.ac","article_modified_time":"2014-02-21T18:29:54+00:00","og_image":[{"width":1088,"height":557,"url":"https:\/\/www.gesmujer.org\/sitio\/wp-content\/uploads\/2014\/02\/los-y-las-periodistas-en-los-derechos-sexuales-2002-may-005.jpg","type":"image\/jpeg"}],"twitter_card":"summary_large_image","twitter_site":"@GES_Mujer","twitter_misc":{"Tiempo de lectura":"1 minuto"},"schema":{"@context":"https:\/\/schema.org","@graph":[{"@type":"WebPage","@id":"https:\/\/www.gesmujer.org\/sitio\/investigacion-accion\/proyectos\/creacion-de-conciencia-juvenil-y-capacitacion-con-enfoque-de-genero\/","url":"https:\/\/www.gesmujer.org\/sitio\/investigacion-accion\/proyectos\/creacion-de-conciencia-juvenil-y-capacitacion-con-enfoque-de-genero\/","name":"Creaci\u00f3n de Conciencia Juvenil y Capacitaci\u00f3n con Enfoque de G\u00e9nero - GESMujer &quot;Rosario Castellanos&quot;","isPartOf":{"@id":"https:\/\/www.gesmujer.org\/sitio\/#website"},"primaryImageOfPage":{"@id":"https:\/\/www.gesmujer.org\/sitio\/investigacion-accion\/proyectos\/creacion-de-conciencia-juvenil-y-capacitacion-con-enfoque-de-genero\/#primaryimage"},"image":{"@id":"https:\/\/www.gesmujer.org\/sitio\/investigacion-accion\/proyectos\/creacion-de-conciencia-juvenil-y-capacitacion-con-enfoque-de-genero\/#primaryimage"},"thumbnailUrl":"https:\/\/www.gesmujer.org\/sitio\/wp-content\/uploads\/2014\/02\/los-y-las-periodistas-en-los-derechos-sexuales-2002-may-005.jpg","datePublished":"2014-02-07T18:59:59+00:00","dateModified":"2014-02-21T18:29:54+00:00","breadcrumb":{"@id":"https:\/\/www.gesmujer.org\/sitio\/investigacion-accion\/proyectos\/creacion-de-conciencia-juvenil-y-capacitacion-con-enfoque-de-genero\/#breadcrumb"},"inLanguage":"es","potentialAction":[{"@type":"ReadAction","target":["https:\/\/www.gesmujer.org\/sitio\/investigacion-accion\/proyectos\/creacion-de-conciencia-juvenil-y-capacitacion-con-enfoque-de-genero\/"]}]},{"@type":"ImageObject","inLanguage":"es","@id":"https:\/\/www.gesmujer.org\/sitio\/investigacion-accion\/proyectos\/creacion-de-conciencia-juvenil-y-capacitacion-con-enfoque-de-genero\/#primaryimage","url":"https:\/\/www.gesmujer.org\/sitio\/wp-content\/uploads\/2014\/02\/los-y-las-periodistas-en-los-derechos-sexuales-2002-may-005.jpg","contentUrl":"https:\/\/www.gesmujer.org\/sitio\/wp-content\/uploads\/2014\/02\/los-y-las-periodistas-en-los-derechos-sexuales-2002-may-005.jpg","width":1088,"height":557},{"@type":"BreadcrumbList","@id":"https:\/\/www.gesmujer.org\/sitio\/investigacion-accion\/proyectos\/creacion-de-conciencia-juvenil-y-capacitacion-con-enfoque-de-genero\/#breadcrumb","itemListElement":[{"@type":"ListItem","position":1,"name":"Home","item":"https:\/\/www.gesmujer.org\/sitio\/"},{"@type":"ListItem","position":2,"name":"Investigaci\u00f3n-Acci\u00f3n","item":"https:\/\/www.gesmujer.org\/sitio\/investigacion-accion\/"},{"@type":"ListItem","position":3,"name":"Proyectos","item":"https:\/\/www.gesmujer.org\/sitio\/investigacion-accion\/proyectos\/"},{"@type":"ListItem","position":4,"name":"Creaci\u00f3n de Conciencia Juvenil y Capacitaci\u00f3n con Enfoque de G\u00e9nero"}]},{"@type":"WebSite","@id":"https:\/\/www.gesmujer.org\/sitio\/#website","url":"https:\/\/www.gesmujer.org\/sitio\/","name":"GESMujer \"Rosario Castellanos\"","description":"M\u00e1s de 45 a\u00f1os ha llevado a cabo acciones para erradicar la violencia de g\u00e9nero y construir entornos donde las mujeres encuentren su resiliencia, incrementen su agencia y autonom\u00eda que les permita lograr su empoderamiento a trav\u00e9s de cinco l\u00edneas de acci\u00f3n.","publisher":{"@id":"https:\/\/www.gesmujer.org\/sitio\/#organization"},"alternateName":"GESMujer","potentialAction":[{"@type":"SearchAction","target":{"@type":"EntryPoint","urlTemplate":"https:\/\/www.gesmujer.org\/sitio\/?s={search_term_string}"},"query-input":{"@type":"PropertyValueSpecification","valueRequired":true,"valueName":"search_term_string"}}],"inLanguage":"es"},{"@type":"Organization","@id":"https:\/\/www.gesmujer.org\/sitio\/#organization","name":"Grupo de estudios sobre la mujer Rosario Castellanos ac","alternateName":"GESMujer","url":"https:\/\/www.gesmujer.org\/sitio\/","logo":{"@type":"ImageObject","inLanguage":"es","@id":"https:\/\/www.gesmujer.org\/sitio\/#\/schema\/logo\/image\/","url":"https:\/\/www.gesmujer.org\/sitio\/wp-content\/uploads\/2026\/03\/Logo-GESMujer-300.png","contentUrl":"https:\/\/www.gesmujer.org\/sitio\/wp-content\/uploads\/2026\/03\/Logo-GESMujer-300.png","width":300,"height":141,"caption":"Grupo de estudios sobre la mujer Rosario Castellanos ac"},"image":{"@id":"https:\/\/www.gesmujer.org\/sitio\/#\/schema\/logo\/image\/"},"sameAs":["https:\/\/www.facebook.com\/gesmujer.rosario.castellanos.ac","https:\/\/x.com\/GES_Mujer","https:\/\/www.instagram.com\/ges_mujer\/?hl=es","https:\/\/www.youtube.com\/c\/GESMujerRosarioCastellanos\/videos","https:\/\/soundcloud.com\/gesmujerac","https:\/\/www.tiktok.com\/@gesmujer"]}]}},"campaignId":"","_links":{"self":[{"href":"https:\/\/www.gesmujer.org\/sitio\/wp-json\/wp\/v2\/pages\/403","targetHints":{"allow":["GET"]}}],"collection":[{"href":"https:\/\/www.gesmujer.org\/sitio\/wp-json\/wp\/v2\/pages"}],"about":[{"href":"https:\/\/www.gesmujer.org\/sitio\/wp-json\/wp\/v2\/types\/page"}],"author":[{"embeddable":true,"href":"https:\/\/www.gesmujer.org\/sitio\/wp-json\/wp\/v2\/users\/4"}],"replies":[{"embeddable":true,"href":"https:\/\/www.gesmujer.org\/sitio\/wp-json\/wp\/v2\/comments?post=403"}],"version-history":[{"count":6,"href":"https:\/\/www.gesmujer.org\/sitio\/wp-json\/wp\/v2\/pages\/403\/revisions"}],"predecessor-version":[{"id":569,"href":"https:\/\/www.gesmujer.org\/sitio\/wp-json\/wp\/v2\/pages\/403\/revisions\/569"}],"up":[{"embeddable":true,"href":"https:\/\/www.gesmujer.org\/sitio\/wp-json\/wp\/v2\/pages\/48"}],"wp:featuredmedia":[{"embeddable":true,"href":"https:\/\/www.gesmujer.org\/sitio\/wp-json\/wp\/v2\/media\/404"}],"wp:attachment":[{"href":"https:\/\/www.gesmujer.org\/sitio\/wp-json\/wp\/v2\/media?parent=403"}],"curies":[{"name":"wp","href":"https:\/\/api.w.org\/{rel}","templated":true}]}}