{"id":44,"date":"2014-01-24T21:02:20","date_gmt":"2014-01-24T21:02:20","guid":{"rendered":"http:\/\/www.gesmujer.org\/sitio\/?page_id=44"},"modified":"2014-01-30T12:36:20","modified_gmt":"2014-01-30T18:36:20","slug":"nuestros-servicios","status":"publish","type":"page","link":"https:\/\/www.gesmujer.org\/sitio\/casa-de-la-mujer\/nuestros-servicios\/","title":{"rendered":"Nuestros servicios"},"content":{"rendered":"[styled_image w=&#8221;130&#8243; h=&#8221;90&#8243; lightbox=&#8221;yes&#8221; align=&#8221;left&#8221; rel=&#8221;servicios&#8221; alt=&#8221;Asesor\u00eda psicol\u00f3gica&#8221; image=&#8221;9&#8243;]\n<p>Asesor\u00eda psicol\u00f3gica<br \/>\nFortalecemos y favorecemos el desarrollo emocional de mujeres, ni\u00f1as y ni\u00f1os a trav\u00e9s de asesor\u00eda psicol\u00f3gica personalizada. En gran medida los casos que se atienden est\u00e1n relacionados con situaciones de violencia en sus diversas formas. El pago es simb\u00f3lico, en caso de poder darlo, de lo contrario es gratuito<\/p>\n<p>&nbsp;<\/p>\n[styled_image w=&#8221;130&#8243; h=&#8221;90&#8243; lightbox=&#8221;yes&#8221; align=&#8221;right&#8221; rel=&#8221;servicios&#8221; alt=&#8221;Asesor\u00eda legal&#8221; image=&#8221;8&#8243;]\n<p>Asesor\u00eda legal<br \/>\nOrientamos y atendemos problemas de derecho familiar, como actas de registro civil, convenios y pensiones alimenticias, adopci\u00f3n, divorcios, entre otros. Igualmente la problem\u00e1tica de la violencia hacia mujeres es la recurrente de la consulta. El pago es simb\u00f3lico, en caso de poder darlo, de lo contrario es gratuito<\/p>\n<p>&nbsp;<\/p>\n[styled_image w=&#8221;130&#8243; h=&#8221;90&#8243; lightbox=&#8221;yes&#8221; align=&#8221;left&#8221; rel=&#8221;servicios&#8221; alt=&#8221;Charlas&#8221; image=&#8221;11&#8243;]\nCharlas<br \/>\nCharlas Abiertas al p\u00fablico en general, se dan semanalmente y estan programadas para promover la equidad y la igualdad de g\u00e9neros, los derechos humanos, la salud sexual y reproductiva as\u00ed como la prevenci\u00f3n de la violencia.<\/p>\n<p>&nbsp;<\/p>\n<p>&nbsp;<\/p>\n[styled_image w=&#8221;130&#8243; h=&#8221;90&#8243; lightbox=&#8221;yes&#8221; align=&#8221;right&#8221; rel=&#8221;servicios&#8221; alt=&#8221;Talleres&#8221; image=&#8221;10&#8243;] <\/p>\n<p>Talleres<br \/>\nBrindamos talleres de sensibilizaci\u00f3n, capacitaci\u00f3n y ense\u00f1anza, como una alternativa para promover la equidad de g\u00e9nero, los derechos humanos, as\u00ed como la prevenci\u00f3n y cuidados de la salud sexual y reproductiva, la violencia intrafamiliar, el abuso sexual infantil, tambi\u00e9n abrimos el espacio para la realizaci\u00f3n de actividades y talleres de organizaciones afines a nuestra misi\u00f3n.<\/p>\n","protected":false},"excerpt":{"rendered":"<p>[styled_image w=&#8221;130&#8243; h=&#8221;90&#8243; lightbox=&#8221;yes&#8221; align=&#8221;left&#8221; rel=&#8221;servicios&#8221; alt=&#8221;Asesor\u00eda psicol\u00f3gica&#8221; image=&#8221;9&#8243;] Asesor\u00eda psicol\u00f3gica Fortalecemos y favorecemos el desarrollo emocional de mujeres, ni\u00f1as y ni\u00f1os a trav\u00e9s de asesor\u00eda psicol\u00f3gica personalizada. En gran medida los casos que se atienden est\u00e1n relacionados con situaciones de violencia en sus diversas formas. El pago es simb\u00f3lico, en caso de poder darlo, [&hellip;]<\/p>\n","protected":false},"author":4,"featured_media":0,"parent":40,"menu_order":2,"comment_status":"closed","ping_status":"closed","template":"","meta":{"give_campaign_id":0,"footnotes":""},"class_list":["post-44","page","type-page","status-publish","hentry"],"yoast_head":"<!-- This site is optimized with the Yoast SEO plugin v27.4 - https:\/\/yoast.com\/product\/yoast-seo-wordpress\/ -->\n<title>Nuestros servicios - GESMujer &quot;Rosario Castellanos&quot;<\/title>\n<meta name=\"robots\" content=\"index, follow, max-snippet:-1, max-image-preview:large, max-video-preview:-1\" \/>\n<link rel=\"canonical\" href=\"https:\/\/www.gesmujer.org\/sitio\/casa-de-la-mujer\/nuestros-servicios\/\" \/>\n<meta property=\"og:locale\" content=\"es_MX\" \/>\n<meta property=\"og:type\" content=\"article\" \/>\n<meta property=\"og:title\" content=\"Nuestros servicios - GESMujer &quot;Rosario Castellanos&quot;\" \/>\n<meta property=\"og:description\" content=\"[styled_image w=&#8221;130&#8243; h=&#8221;90&#8243; lightbox=&#8221;yes&#8221; align=&#8221;left&#8221; rel=&#8221;servicios&#8221; alt=&#8221;Asesor\u00eda psicol\u00f3gica&#8221; image=&#8221;9&#8243;] Asesor\u00eda psicol\u00f3gica Fortalecemos y favorecemos el desarrollo emocional de mujeres, ni\u00f1as y ni\u00f1os a trav\u00e9s de asesor\u00eda psicol\u00f3gica personalizada. En gran medida los casos que se atienden est\u00e1n relacionados con situaciones de violencia en sus diversas formas. El pago es simb\u00f3lico, en caso de poder darlo, [&hellip;]\" \/>\n<meta property=\"og:url\" content=\"https:\/\/www.gesmujer.org\/sitio\/casa-de-la-mujer\/nuestros-servicios\/\" \/>\n<meta property=\"og:site_name\" content=\"GESMujer &quot;Rosario Castellanos&quot;\" \/>\n<meta property=\"article:publisher\" content=\"https:\/\/www.facebook.com\/gesmujer.rosario.castellanos.ac\" \/>\n<meta property=\"article:modified_time\" content=\"2014-01-30T18:36:20+00:00\" \/>\n<meta property=\"og:image\" content=\"https:\/\/www.gesmujer.org\/sitio\/wp-content\/uploads\/2023\/07\/tecnologia.png\" \/>\n\t<meta property=\"og:image:width\" content=\"1624\" \/>\n\t<meta property=\"og:image:height\" content=\"1242\" \/>\n\t<meta property=\"og:image:type\" content=\"image\/png\" \/>\n<meta name=\"twitter:card\" content=\"summary_large_image\" \/>\n<meta name=\"twitter:site\" content=\"@GES_Mujer\" \/>\n<meta name=\"twitter:label1\" content=\"Tiempo de lectura\" \/>\n\t<meta name=\"twitter:data1\" content=\"1 minuto\" \/>\n<script type=\"application\/ld+json\" class=\"yoast-schema-graph\">{\"@context\":\"https:\\\/\\\/schema.org\",\"@graph\":[{\"@type\":\"WebPage\",\"@id\":\"https:\\\/\\\/www.gesmujer.org\\\/sitio\\\/casa-de-la-mujer\\\/nuestros-servicios\\\/\",\"url\":\"https:\\\/\\\/www.gesmujer.org\\\/sitio\\\/casa-de-la-mujer\\\/nuestros-servicios\\\/\",\"name\":\"Nuestros servicios - GESMujer &quot;Rosario Castellanos&quot;\",\"isPartOf\":{\"@id\":\"https:\\\/\\\/www.gesmujer.org\\\/sitio\\\/#website\"},\"datePublished\":\"2014-01-24T21:02:20+00:00\",\"dateModified\":\"2014-01-30T18:36:20+00:00\",\"breadcrumb\":{\"@id\":\"https:\\\/\\\/www.gesmujer.org\\\/sitio\\\/casa-de-la-mujer\\\/nuestros-servicios\\\/#breadcrumb\"},\"inLanguage\":\"es\",\"potentialAction\":[{\"@type\":\"ReadAction\",\"target\":[\"https:\\\/\\\/www.gesmujer.org\\\/sitio\\\/casa-de-la-mujer\\\/nuestros-servicios\\\/\"]}]},{\"@type\":\"BreadcrumbList\",\"@id\":\"https:\\\/\\\/www.gesmujer.org\\\/sitio\\\/casa-de-la-mujer\\\/nuestros-servicios\\\/#breadcrumb\",\"itemListElement\":[{\"@type\":\"ListItem\",\"position\":1,\"name\":\"Home\",\"item\":\"https:\\\/\\\/www.gesmujer.org\\\/sitio\\\/\"},{\"@type\":\"ListItem\",\"position\":2,\"name\":\"CASA DE LA MUJER\",\"item\":\"https:\\\/\\\/www.gesmujer.org\\\/sitio\\\/casa-de-la-mujer\\\/\"},{\"@type\":\"ListItem\",\"position\":3,\"name\":\"Nuestros servicios\"}]},{\"@type\":\"WebSite\",\"@id\":\"https:\\\/\\\/www.gesmujer.org\\\/sitio\\\/#website\",\"url\":\"https:\\\/\\\/www.gesmujer.org\\\/sitio\\\/\",\"name\":\"GESMujer \\\"Rosario Castellanos\\\"\",\"description\":\"M\u00e1s de 45 a\u00f1os ha llevado a cabo acciones para erradicar la violencia de g\u00e9nero y construir entornos donde las mujeres encuentren su resiliencia, incrementen su agencia y autonom\u00eda que les permita lograr su empoderamiento a trav\u00e9s de cinco l\u00edneas de acci\u00f3n.\",\"publisher\":{\"@id\":\"https:\\\/\\\/www.gesmujer.org\\\/sitio\\\/#organization\"},\"alternateName\":\"GESMujer\",\"potentialAction\":[{\"@type\":\"SearchAction\",\"target\":{\"@type\":\"EntryPoint\",\"urlTemplate\":\"https:\\\/\\\/www.gesmujer.org\\\/sitio\\\/?s={search_term_string}\"},\"query-input\":{\"@type\":\"PropertyValueSpecification\",\"valueRequired\":true,\"valueName\":\"search_term_string\"}}],\"inLanguage\":\"es\"},{\"@type\":\"Organization\",\"@id\":\"https:\\\/\\\/www.gesmujer.org\\\/sitio\\\/#organization\",\"name\":\"Grupo de estudios sobre la mujer Rosario Castellanos ac\",\"alternateName\":\"GESMujer\",\"url\":\"https:\\\/\\\/www.gesmujer.org\\\/sitio\\\/\",\"logo\":{\"@type\":\"ImageObject\",\"inLanguage\":\"es\",\"@id\":\"https:\\\/\\\/www.gesmujer.org\\\/sitio\\\/#\\\/schema\\\/logo\\\/image\\\/\",\"url\":\"https:\\\/\\\/www.gesmujer.org\\\/sitio\\\/wp-content\\\/uploads\\\/2026\\\/03\\\/Logo-GESMujer-300.png\",\"contentUrl\":\"https:\\\/\\\/www.gesmujer.org\\\/sitio\\\/wp-content\\\/uploads\\\/2026\\\/03\\\/Logo-GESMujer-300.png\",\"width\":300,\"height\":141,\"caption\":\"Grupo de estudios sobre la mujer Rosario Castellanos ac\"},\"image\":{\"@id\":\"https:\\\/\\\/www.gesmujer.org\\\/sitio\\\/#\\\/schema\\\/logo\\\/image\\\/\"},\"sameAs\":[\"https:\\\/\\\/www.facebook.com\\\/gesmujer.rosario.castellanos.ac\",\"https:\\\/\\\/x.com\\\/GES_Mujer\",\"https:\\\/\\\/www.instagram.com\\\/ges_mujer\\\/?hl=es\",\"https:\\\/\\\/www.youtube.com\\\/c\\\/GESMujerRosarioCastellanos\\\/videos\",\"https:\\\/\\\/soundcloud.com\\\/gesmujerac\",\"https:\\\/\\\/www.tiktok.com\\\/@gesmujer\"]}]}<\/script>\n<!-- \/ Yoast SEO plugin. -->","yoast_head_json":{"title":"Nuestros servicios - GESMujer &quot;Rosario Castellanos&quot;","robots":{"index":"index","follow":"follow","max-snippet":"max-snippet:-1","max-image-preview":"max-image-preview:large","max-video-preview":"max-video-preview:-1"},"canonical":"https:\/\/www.gesmujer.org\/sitio\/casa-de-la-mujer\/nuestros-servicios\/","og_locale":"es_MX","og_type":"article","og_title":"Nuestros servicios - GESMujer &quot;Rosario Castellanos&quot;","og_description":"[styled_image w=&#8221;130&#8243; h=&#8221;90&#8243; lightbox=&#8221;yes&#8221; align=&#8221;left&#8221; rel=&#8221;servicios&#8221; alt=&#8221;Asesor\u00eda psicol\u00f3gica&#8221; image=&#8221;9&#8243;] Asesor\u00eda psicol\u00f3gica Fortalecemos y favorecemos el desarrollo emocional de mujeres, ni\u00f1as y ni\u00f1os a trav\u00e9s de asesor\u00eda psicol\u00f3gica personalizada. En gran medida los casos que se atienden est\u00e1n relacionados con situaciones de violencia en sus diversas formas. El pago es simb\u00f3lico, en caso de poder darlo, [&hellip;]","og_url":"https:\/\/www.gesmujer.org\/sitio\/casa-de-la-mujer\/nuestros-servicios\/","og_site_name":"GESMujer &quot;Rosario Castellanos&quot;","article_publisher":"https:\/\/www.facebook.com\/gesmujer.rosario.castellanos.ac","article_modified_time":"2014-01-30T18:36:20+00:00","og_image":[{"width":1624,"height":1242,"url":"https:\/\/www.gesmujer.org\/sitio\/wp-content\/uploads\/2023\/07\/tecnologia.png","type":"image\/png"}],"twitter_card":"summary_large_image","twitter_site":"@GES_Mujer","twitter_misc":{"Tiempo de lectura":"1 minuto"},"schema":{"@context":"https:\/\/schema.org","@graph":[{"@type":"WebPage","@id":"https:\/\/www.gesmujer.org\/sitio\/casa-de-la-mujer\/nuestros-servicios\/","url":"https:\/\/www.gesmujer.org\/sitio\/casa-de-la-mujer\/nuestros-servicios\/","name":"Nuestros servicios - GESMujer &quot;Rosario Castellanos&quot;","isPartOf":{"@id":"https:\/\/www.gesmujer.org\/sitio\/#website"},"datePublished":"2014-01-24T21:02:20+00:00","dateModified":"2014-01-30T18:36:20+00:00","breadcrumb":{"@id":"https:\/\/www.gesmujer.org\/sitio\/casa-de-la-mujer\/nuestros-servicios\/#breadcrumb"},"inLanguage":"es","potentialAction":[{"@type":"ReadAction","target":["https:\/\/www.gesmujer.org\/sitio\/casa-de-la-mujer\/nuestros-servicios\/"]}]},{"@type":"BreadcrumbList","@id":"https:\/\/www.gesmujer.org\/sitio\/casa-de-la-mujer\/nuestros-servicios\/#breadcrumb","itemListElement":[{"@type":"ListItem","position":1,"name":"Home","item":"https:\/\/www.gesmujer.org\/sitio\/"},{"@type":"ListItem","position":2,"name":"CASA DE LA MUJER","item":"https:\/\/www.gesmujer.org\/sitio\/casa-de-la-mujer\/"},{"@type":"ListItem","position":3,"name":"Nuestros servicios"}]},{"@type":"WebSite","@id":"https:\/\/www.gesmujer.org\/sitio\/#website","url":"https:\/\/www.gesmujer.org\/sitio\/","name":"GESMujer \"Rosario Castellanos\"","description":"M\u00e1s de 45 a\u00f1os ha llevado a cabo acciones para erradicar la violencia de g\u00e9nero y construir entornos donde las mujeres encuentren su resiliencia, incrementen su agencia y autonom\u00eda que les permita lograr su empoderamiento a trav\u00e9s de cinco l\u00edneas de acci\u00f3n.","publisher":{"@id":"https:\/\/www.gesmujer.org\/sitio\/#organization"},"alternateName":"GESMujer","potentialAction":[{"@type":"SearchAction","target":{"@type":"EntryPoint","urlTemplate":"https:\/\/www.gesmujer.org\/sitio\/?s={search_term_string}"},"query-input":{"@type":"PropertyValueSpecification","valueRequired":true,"valueName":"search_term_string"}}],"inLanguage":"es"},{"@type":"Organization","@id":"https:\/\/www.gesmujer.org\/sitio\/#organization","name":"Grupo de estudios sobre la mujer Rosario Castellanos ac","alternateName":"GESMujer","url":"https:\/\/www.gesmujer.org\/sitio\/","logo":{"@type":"ImageObject","inLanguage":"es","@id":"https:\/\/www.gesmujer.org\/sitio\/#\/schema\/logo\/image\/","url":"https:\/\/www.gesmujer.org\/sitio\/wp-content\/uploads\/2026\/03\/Logo-GESMujer-300.png","contentUrl":"https:\/\/www.gesmujer.org\/sitio\/wp-content\/uploads\/2026\/03\/Logo-GESMujer-300.png","width":300,"height":141,"caption":"Grupo de estudios sobre la mujer Rosario Castellanos ac"},"image":{"@id":"https:\/\/www.gesmujer.org\/sitio\/#\/schema\/logo\/image\/"},"sameAs":["https:\/\/www.facebook.com\/gesmujer.rosario.castellanos.ac","https:\/\/x.com\/GES_Mujer","https:\/\/www.instagram.com\/ges_mujer\/?hl=es","https:\/\/www.youtube.com\/c\/GESMujerRosarioCastellanos\/videos","https:\/\/soundcloud.com\/gesmujerac","https:\/\/www.tiktok.com\/@gesmujer"]}]}},"campaignId":"","_links":{"self":[{"href":"https:\/\/www.gesmujer.org\/sitio\/wp-json\/wp\/v2\/pages\/44","targetHints":{"allow":["GET"]}}],"collection":[{"href":"https:\/\/www.gesmujer.org\/sitio\/wp-json\/wp\/v2\/pages"}],"about":[{"href":"https:\/\/www.gesmujer.org\/sitio\/wp-json\/wp\/v2\/types\/page"}],"author":[{"embeddable":true,"href":"https:\/\/www.gesmujer.org\/sitio\/wp-json\/wp\/v2\/users\/4"}],"replies":[{"embeddable":true,"href":"https:\/\/www.gesmujer.org\/sitio\/wp-json\/wp\/v2\/comments?post=44"}],"version-history":[{"count":13,"href":"https:\/\/www.gesmujer.org\/sitio\/wp-json\/wp\/v2\/pages\/44\/revisions"}],"predecessor-version":[{"id":295,"href":"https:\/\/www.gesmujer.org\/sitio\/wp-json\/wp\/v2\/pages\/44\/revisions\/295"}],"up":[{"embeddable":true,"href":"https:\/\/www.gesmujer.org\/sitio\/wp-json\/wp\/v2\/pages\/40"}],"wp:attachment":[{"href":"https:\/\/www.gesmujer.org\/sitio\/wp-json\/wp\/v2\/media?parent=44"}],"curies":[{"name":"wp","href":"https:\/\/api.w.org\/{rel}","templated":true}]}}