{"id":543,"date":"2014-02-20T12:56:56","date_gmt":"2014-02-20T18:56:56","guid":{"rendered":"http:\/\/www.gesmujer.org\/sitio\/?page_id=543"},"modified":"2014-02-20T13:10:21","modified_gmt":"2014-02-20T19:10:21","slug":"diplomado-en-liderazgo-y-gestion-comunitaria-gabriela-s-loaeza-santos","status":"publish","type":"page","link":"https:\/\/www.gesmujer.org\/sitio\/centro-de-capacitacion\/galeria\/diplomado-en-liderazgo-y-gestion-comunitaria-gabriela-s-loaeza-santos\/","title":{"rendered":"Diplomado en Liderazgo y Gesti\u00f3n Comunitaria: Gabriela S. Loaeza Santos"},"content":{"rendered":"","protected":false},"excerpt":{"rendered":"","protected":false},"author":4,"featured_media":544,"parent":59,"menu_order":0,"comment_status":"closed","ping_status":"open","template":"","meta":{"give_campaign_id":0,"footnotes":""},"class_list":["post-543","page","type-page","status-publish","has-post-thumbnail","hentry"],"yoast_head":"<!-- This site is optimized with the Yoast SEO plugin v27.4 - https:\/\/yoast.com\/product\/yoast-seo-wordpress\/ -->\n<title>Diplomado en Liderazgo y Gesti\u00f3n Comunitaria: Gabriela S. Loaeza Santos - GESMujer &quot;Rosario Castellanos&quot;<\/title>\n<meta name=\"robots\" content=\"index, follow, max-snippet:-1, max-image-preview:large, max-video-preview:-1\" \/>\n<link rel=\"canonical\" href=\"https:\/\/www.gesmujer.org\/sitio\/centro-de-capacitacion\/galeria\/diplomado-en-liderazgo-y-gestion-comunitaria-gabriela-s-loaeza-santos\/\" \/>\n<meta property=\"og:locale\" content=\"es_MX\" \/>\n<meta property=\"og:type\" content=\"article\" \/>\n<meta property=\"og:title\" content=\"Diplomado en Liderazgo y Gesti\u00f3n Comunitaria: Gabriela S. Loaeza Santos - GESMujer &quot;Rosario Castellanos&quot;\" \/>\n<meta property=\"og:url\" content=\"https:\/\/www.gesmujer.org\/sitio\/centro-de-capacitacion\/galeria\/diplomado-en-liderazgo-y-gestion-comunitaria-gabriela-s-loaeza-santos\/\" \/>\n<meta property=\"og:site_name\" content=\"GESMujer &quot;Rosario Castellanos&quot;\" \/>\n<meta property=\"article:publisher\" content=\"https:\/\/www.facebook.com\/gesmujer.rosario.castellanos.ac\" \/>\n<meta property=\"article:modified_time\" content=\"2014-02-20T19:10:21+00:00\" \/>\n<meta property=\"og:image\" content=\"https:\/\/www.gesmujer.org\/sitio\/wp-content\/uploads\/2014\/02\/07.png\" \/>\n\t<meta property=\"og:image:width\" content=\"630\" \/>\n\t<meta property=\"og:image:height\" content=\"336\" \/>\n\t<meta property=\"og:image:type\" content=\"image\/png\" \/>\n<meta name=\"twitter:card\" content=\"summary_large_image\" \/>\n<meta name=\"twitter:site\" content=\"@GES_Mujer\" \/>\n<script type=\"application\/ld+json\" class=\"yoast-schema-graph\">{\"@context\":\"https:\\\/\\\/schema.org\",\"@graph\":[{\"@type\":\"WebPage\",\"@id\":\"https:\\\/\\\/www.gesmujer.org\\\/sitio\\\/centro-de-capacitacion\\\/galeria\\\/diplomado-en-liderazgo-y-gestion-comunitaria-gabriela-s-loaeza-santos\\\/\",\"url\":\"https:\\\/\\\/www.gesmujer.org\\\/sitio\\\/centro-de-capacitacion\\\/galeria\\\/diplomado-en-liderazgo-y-gestion-comunitaria-gabriela-s-loaeza-santos\\\/\",\"name\":\"Diplomado en Liderazgo y Gesti\u00f3n Comunitaria: Gabriela S. Loaeza Santos - GESMujer &quot;Rosario Castellanos&quot;\",\"isPartOf\":{\"@id\":\"https:\\\/\\\/www.gesmujer.org\\\/sitio\\\/#website\"},\"primaryImageOfPage\":{\"@id\":\"https:\\\/\\\/www.gesmujer.org\\\/sitio\\\/centro-de-capacitacion\\\/galeria\\\/diplomado-en-liderazgo-y-gestion-comunitaria-gabriela-s-loaeza-santos\\\/#primaryimage\"},\"image\":{\"@id\":\"https:\\\/\\\/www.gesmujer.org\\\/sitio\\\/centro-de-capacitacion\\\/galeria\\\/diplomado-en-liderazgo-y-gestion-comunitaria-gabriela-s-loaeza-santos\\\/#primaryimage\"},\"thumbnailUrl\":\"https:\\\/\\\/www.gesmujer.org\\\/sitio\\\/wp-content\\\/uploads\\\/2014\\\/02\\\/07.png\",\"datePublished\":\"2014-02-20T18:56:56+00:00\",\"dateModified\":\"2014-02-20T19:10:21+00:00\",\"breadcrumb\":{\"@id\":\"https:\\\/\\\/www.gesmujer.org\\\/sitio\\\/centro-de-capacitacion\\\/galeria\\\/diplomado-en-liderazgo-y-gestion-comunitaria-gabriela-s-loaeza-santos\\\/#breadcrumb\"},\"inLanguage\":\"es\",\"potentialAction\":[{\"@type\":\"ReadAction\",\"target\":[\"https:\\\/\\\/www.gesmujer.org\\\/sitio\\\/centro-de-capacitacion\\\/galeria\\\/diplomado-en-liderazgo-y-gestion-comunitaria-gabriela-s-loaeza-santos\\\/\"]}]},{\"@type\":\"ImageObject\",\"inLanguage\":\"es\",\"@id\":\"https:\\\/\\\/www.gesmujer.org\\\/sitio\\\/centro-de-capacitacion\\\/galeria\\\/diplomado-en-liderazgo-y-gestion-comunitaria-gabriela-s-loaeza-santos\\\/#primaryimage\",\"url\":\"https:\\\/\\\/www.gesmujer.org\\\/sitio\\\/wp-content\\\/uploads\\\/2014\\\/02\\\/07.png\",\"contentUrl\":\"https:\\\/\\\/www.gesmujer.org\\\/sitio\\\/wp-content\\\/uploads\\\/2014\\\/02\\\/07.png\",\"width\":630,\"height\":336,\"caption\":\"Gabriela S. Loaeza Santos: L\u00edder comunitaria\"},{\"@type\":\"BreadcrumbList\",\"@id\":\"https:\\\/\\\/www.gesmujer.org\\\/sitio\\\/centro-de-capacitacion\\\/galeria\\\/diplomado-en-liderazgo-y-gestion-comunitaria-gabriela-s-loaeza-santos\\\/#breadcrumb\",\"itemListElement\":[{\"@type\":\"ListItem\",\"position\":1,\"name\":\"Home\",\"item\":\"https:\\\/\\\/www.gesmujer.org\\\/sitio\\\/\"},{\"@type\":\"ListItem\",\"position\":2,\"name\":\"Centro de Capacitaci\u00f3n\",\"item\":\"https:\\\/\\\/www.gesmujer.org\\\/sitio\\\/centro-de-capacitacion\\\/\"},{\"@type\":\"ListItem\",\"position\":3,\"name\":\"Videos\",\"item\":\"https:\\\/\\\/www.gesmujer.org\\\/sitio\\\/centro-de-capacitacion\\\/galeria\\\/\"},{\"@type\":\"ListItem\",\"position\":4,\"name\":\"Diplomado en Liderazgo y Gesti\u00f3n Comunitaria: Gabriela S. Loaeza Santos\"}]},{\"@type\":\"WebSite\",\"@id\":\"https:\\\/\\\/www.gesmujer.org\\\/sitio\\\/#website\",\"url\":\"https:\\\/\\\/www.gesmujer.org\\\/sitio\\\/\",\"name\":\"GESMujer \\\"Rosario Castellanos\\\"\",\"description\":\"M\u00e1s de 45 a\u00f1os ha llevado a cabo acciones para erradicar la violencia de g\u00e9nero y construir entornos donde las mujeres encuentren su resiliencia, incrementen su agencia y autonom\u00eda que les permita lograr su empoderamiento a trav\u00e9s de cinco l\u00edneas de acci\u00f3n.\",\"publisher\":{\"@id\":\"https:\\\/\\\/www.gesmujer.org\\\/sitio\\\/#organization\"},\"alternateName\":\"GESMujer\",\"potentialAction\":[{\"@type\":\"SearchAction\",\"target\":{\"@type\":\"EntryPoint\",\"urlTemplate\":\"https:\\\/\\\/www.gesmujer.org\\\/sitio\\\/?s={search_term_string}\"},\"query-input\":{\"@type\":\"PropertyValueSpecification\",\"valueRequired\":true,\"valueName\":\"search_term_string\"}}],\"inLanguage\":\"es\"},{\"@type\":\"Organization\",\"@id\":\"https:\\\/\\\/www.gesmujer.org\\\/sitio\\\/#organization\",\"name\":\"Grupo de estudios sobre la mujer Rosario Castellanos ac\",\"alternateName\":\"GESMujer\",\"url\":\"https:\\\/\\\/www.gesmujer.org\\\/sitio\\\/\",\"logo\":{\"@type\":\"ImageObject\",\"inLanguage\":\"es\",\"@id\":\"https:\\\/\\\/www.gesmujer.org\\\/sitio\\\/#\\\/schema\\\/logo\\\/image\\\/\",\"url\":\"https:\\\/\\\/www.gesmujer.org\\\/sitio\\\/wp-content\\\/uploads\\\/2026\\\/03\\\/Logo-GESMujer-300.png\",\"contentUrl\":\"https:\\\/\\\/www.gesmujer.org\\\/sitio\\\/wp-content\\\/uploads\\\/2026\\\/03\\\/Logo-GESMujer-300.png\",\"width\":300,\"height\":141,\"caption\":\"Grupo de estudios sobre la mujer Rosario Castellanos ac\"},\"image\":{\"@id\":\"https:\\\/\\\/www.gesmujer.org\\\/sitio\\\/#\\\/schema\\\/logo\\\/image\\\/\"},\"sameAs\":[\"https:\\\/\\\/www.facebook.com\\\/gesmujer.rosario.castellanos.ac\",\"https:\\\/\\\/x.com\\\/GES_Mujer\",\"https:\\\/\\\/www.instagram.com\\\/ges_mujer\\\/?hl=es\",\"https:\\\/\\\/www.youtube.com\\\/c\\\/GESMujerRosarioCastellanos\\\/videos\",\"https:\\\/\\\/soundcloud.com\\\/gesmujerac\",\"https:\\\/\\\/www.tiktok.com\\\/@gesmujer\"]}]}<\/script>\n<!-- \/ Yoast SEO plugin. -->","yoast_head_json":{"title":"Diplomado en Liderazgo y Gesti\u00f3n Comunitaria: Gabriela S. Loaeza Santos - GESMujer &quot;Rosario Castellanos&quot;","robots":{"index":"index","follow":"follow","max-snippet":"max-snippet:-1","max-image-preview":"max-image-preview:large","max-video-preview":"max-video-preview:-1"},"canonical":"https:\/\/www.gesmujer.org\/sitio\/centro-de-capacitacion\/galeria\/diplomado-en-liderazgo-y-gestion-comunitaria-gabriela-s-loaeza-santos\/","og_locale":"es_MX","og_type":"article","og_title":"Diplomado en Liderazgo y Gesti\u00f3n Comunitaria: Gabriela S. Loaeza Santos - GESMujer &quot;Rosario Castellanos&quot;","og_url":"https:\/\/www.gesmujer.org\/sitio\/centro-de-capacitacion\/galeria\/diplomado-en-liderazgo-y-gestion-comunitaria-gabriela-s-loaeza-santos\/","og_site_name":"GESMujer &quot;Rosario Castellanos&quot;","article_publisher":"https:\/\/www.facebook.com\/gesmujer.rosario.castellanos.ac","article_modified_time":"2014-02-20T19:10:21+00:00","og_image":[{"width":630,"height":336,"url":"https:\/\/www.gesmujer.org\/sitio\/wp-content\/uploads\/2014\/02\/07.png","type":"image\/png"}],"twitter_card":"summary_large_image","twitter_site":"@GES_Mujer","schema":{"@context":"https:\/\/schema.org","@graph":[{"@type":"WebPage","@id":"https:\/\/www.gesmujer.org\/sitio\/centro-de-capacitacion\/galeria\/diplomado-en-liderazgo-y-gestion-comunitaria-gabriela-s-loaeza-santos\/","url":"https:\/\/www.gesmujer.org\/sitio\/centro-de-capacitacion\/galeria\/diplomado-en-liderazgo-y-gestion-comunitaria-gabriela-s-loaeza-santos\/","name":"Diplomado en Liderazgo y Gesti\u00f3n Comunitaria: Gabriela S. Loaeza Santos - GESMujer &quot;Rosario Castellanos&quot;","isPartOf":{"@id":"https:\/\/www.gesmujer.org\/sitio\/#website"},"primaryImageOfPage":{"@id":"https:\/\/www.gesmujer.org\/sitio\/centro-de-capacitacion\/galeria\/diplomado-en-liderazgo-y-gestion-comunitaria-gabriela-s-loaeza-santos\/#primaryimage"},"image":{"@id":"https:\/\/www.gesmujer.org\/sitio\/centro-de-capacitacion\/galeria\/diplomado-en-liderazgo-y-gestion-comunitaria-gabriela-s-loaeza-santos\/#primaryimage"},"thumbnailUrl":"https:\/\/www.gesmujer.org\/sitio\/wp-content\/uploads\/2014\/02\/07.png","datePublished":"2014-02-20T18:56:56+00:00","dateModified":"2014-02-20T19:10:21+00:00","breadcrumb":{"@id":"https:\/\/www.gesmujer.org\/sitio\/centro-de-capacitacion\/galeria\/diplomado-en-liderazgo-y-gestion-comunitaria-gabriela-s-loaeza-santos\/#breadcrumb"},"inLanguage":"es","potentialAction":[{"@type":"ReadAction","target":["https:\/\/www.gesmujer.org\/sitio\/centro-de-capacitacion\/galeria\/diplomado-en-liderazgo-y-gestion-comunitaria-gabriela-s-loaeza-santos\/"]}]},{"@type":"ImageObject","inLanguage":"es","@id":"https:\/\/www.gesmujer.org\/sitio\/centro-de-capacitacion\/galeria\/diplomado-en-liderazgo-y-gestion-comunitaria-gabriela-s-loaeza-santos\/#primaryimage","url":"https:\/\/www.gesmujer.org\/sitio\/wp-content\/uploads\/2014\/02\/07.png","contentUrl":"https:\/\/www.gesmujer.org\/sitio\/wp-content\/uploads\/2014\/02\/07.png","width":630,"height":336,"caption":"Gabriela S. Loaeza Santos: L\u00edder comunitaria"},{"@type":"BreadcrumbList","@id":"https:\/\/www.gesmujer.org\/sitio\/centro-de-capacitacion\/galeria\/diplomado-en-liderazgo-y-gestion-comunitaria-gabriela-s-loaeza-santos\/#breadcrumb","itemListElement":[{"@type":"ListItem","position":1,"name":"Home","item":"https:\/\/www.gesmujer.org\/sitio\/"},{"@type":"ListItem","position":2,"name":"Centro de Capacitaci\u00f3n","item":"https:\/\/www.gesmujer.org\/sitio\/centro-de-capacitacion\/"},{"@type":"ListItem","position":3,"name":"Videos","item":"https:\/\/www.gesmujer.org\/sitio\/centro-de-capacitacion\/galeria\/"},{"@type":"ListItem","position":4,"name":"Diplomado en Liderazgo y Gesti\u00f3n Comunitaria: Gabriela S. Loaeza Santos"}]},{"@type":"WebSite","@id":"https:\/\/www.gesmujer.org\/sitio\/#website","url":"https:\/\/www.gesmujer.org\/sitio\/","name":"GESMujer \"Rosario Castellanos\"","description":"M\u00e1s de 45 a\u00f1os ha llevado a cabo acciones para erradicar la violencia de g\u00e9nero y construir entornos donde las mujeres encuentren su resiliencia, incrementen su agencia y autonom\u00eda que les permita lograr su empoderamiento a trav\u00e9s de cinco l\u00edneas de acci\u00f3n.","publisher":{"@id":"https:\/\/www.gesmujer.org\/sitio\/#organization"},"alternateName":"GESMujer","potentialAction":[{"@type":"SearchAction","target":{"@type":"EntryPoint","urlTemplate":"https:\/\/www.gesmujer.org\/sitio\/?s={search_term_string}"},"query-input":{"@type":"PropertyValueSpecification","valueRequired":true,"valueName":"search_term_string"}}],"inLanguage":"es"},{"@type":"Organization","@id":"https:\/\/www.gesmujer.org\/sitio\/#organization","name":"Grupo de estudios sobre la mujer Rosario Castellanos ac","alternateName":"GESMujer","url":"https:\/\/www.gesmujer.org\/sitio\/","logo":{"@type":"ImageObject","inLanguage":"es","@id":"https:\/\/www.gesmujer.org\/sitio\/#\/schema\/logo\/image\/","url":"https:\/\/www.gesmujer.org\/sitio\/wp-content\/uploads\/2026\/03\/Logo-GESMujer-300.png","contentUrl":"https:\/\/www.gesmujer.org\/sitio\/wp-content\/uploads\/2026\/03\/Logo-GESMujer-300.png","width":300,"height":141,"caption":"Grupo de estudios sobre la mujer Rosario Castellanos ac"},"image":{"@id":"https:\/\/www.gesmujer.org\/sitio\/#\/schema\/logo\/image\/"},"sameAs":["https:\/\/www.facebook.com\/gesmujer.rosario.castellanos.ac","https:\/\/x.com\/GES_Mujer","https:\/\/www.instagram.com\/ges_mujer\/?hl=es","https:\/\/www.youtube.com\/c\/GESMujerRosarioCastellanos\/videos","https:\/\/soundcloud.com\/gesmujerac","https:\/\/www.tiktok.com\/@gesmujer"]}]}},"campaignId":"","_links":{"self":[{"href":"https:\/\/www.gesmujer.org\/sitio\/wp-json\/wp\/v2\/pages\/543","targetHints":{"allow":["GET"]}}],"collection":[{"href":"https:\/\/www.gesmujer.org\/sitio\/wp-json\/wp\/v2\/pages"}],"about":[{"href":"https:\/\/www.gesmujer.org\/sitio\/wp-json\/wp\/v2\/types\/page"}],"author":[{"embeddable":true,"href":"https:\/\/www.gesmujer.org\/sitio\/wp-json\/wp\/v2\/users\/4"}],"replies":[{"embeddable":true,"href":"https:\/\/www.gesmujer.org\/sitio\/wp-json\/wp\/v2\/comments?post=543"}],"version-history":[{"count":1,"href":"https:\/\/www.gesmujer.org\/sitio\/wp-json\/wp\/v2\/pages\/543\/revisions"}],"predecessor-version":[{"id":545,"href":"https:\/\/www.gesmujer.org\/sitio\/wp-json\/wp\/v2\/pages\/543\/revisions\/545"}],"up":[{"embeddable":true,"href":"https:\/\/www.gesmujer.org\/sitio\/wp-json\/wp\/v2\/pages\/59"}],"wp:featuredmedia":[{"embeddable":true,"href":"https:\/\/www.gesmujer.org\/sitio\/wp-json\/wp\/v2\/media\/544"}],"wp:attachment":[{"href":"https:\/\/www.gesmujer.org\/sitio\/wp-json\/wp\/v2\/media?parent=543"}],"curies":[{"name":"wp","href":"https:\/\/api.w.org\/{rel}","templated":true}]}}