{"id":60491,"date":"2026-03-02T14:20:09","date_gmt":"2026-03-02T20:20:09","guid":{"rendered":"https:\/\/www.gesmujer.org\/sitio\/?page_id=60491"},"modified":"2026-03-02T15:18:43","modified_gmt":"2026-03-02T21:18:43","slug":"juegos-para-la-democracia-participativa","status":"publish","type":"page","link":"https:\/\/www.gesmujer.org\/sitio\/juegos-para-la-democracia-participativa\/","title":{"rendered":"Juegos para la democracia participativa"},"content":{"rendered":"\n<figure class=\"wp-block-pullquote\"><blockquote><p>Desde GESMujer, presentamos nuestros tres juegos did\u00e1cticos en el marco del proyecto \u201c<strong>Tejiendo Ciudadan\u00eda: Ni\u00f1eces y adolescentes participando por las garant\u00edas pol\u00edticas de Oaxaca\u201d<\/strong> dise\u00f1ados<br>para ni\u00f1as, ni\u00f1os y adolescentes, con el objetivo de promover los derechos humanos, la igualdad de g\u00e9nero, la participaci\u00f3n democr\u00e1tica, la diversidad cultural y los valores c\u00edvicos, asegurando pertinencia cultural, inclusi\u00f3n y accesibilidad desde un enfoque interseccional.<br><\/p><cite>Este proyecto ha sido financiado por el Programa Nacional de impulso a la participaci\u00f3n pol\u00edtica de las mujeres a trav\u00e9s de Organizaciones del a Sociedad Civil 2025, y no podr\u00e1 ser utilizado con fines de lucro o con fines de proselitismo partidista&#8221;.<\/cite><\/blockquote><\/figure>\n\n\n\n<h2 class=\"wp-block-heading has-text-align-center\">Juegos did\u00e1cticos<\/h2>\n\n\n\n<figure class=\"wp-block-table aligncenter is-style-regular has-small-font-size\"><table><tbody><tr><td><img fetchpriority=\"high\" decoding=\"async\" width=\"600\" height=\"773\" class=\"wp-image-60480\" style=\"width: 600px;\" src=\"https:\/\/www.gesmujer.org\/sitio\/wp-content\/uploads\/2026\/03\/Memorama_.jpg\" alt=\"\" srcset=\"https:\/\/www.gesmujer.org\/sitio\/wp-content\/uploads\/2026\/03\/Memorama_.jpg 388w, https:\/\/www.gesmujer.org\/sitio\/wp-content\/uploads\/2026\/03\/Memorama_-233x300.jpg 233w\" sizes=\"(max-width: 600px) 100vw, 600px\" \/><\/td><td class=\"has-text-align-center\" data-align=\"center\"><strong>1\ufe0f\u20e3 Memorama \u2013 \u201cConecta2\u201d<\/strong><br><br>Un memorama de 50 cartas que combina conceptos clave, im\u00e1genes y 10 cartas sorpresa con retos que fomentan la cooperaci\u00f3n, la reflexi\u00f3n y el di\u00e1logo. Permite que las y los participantes puedan observar, relacionar y conectar ideas sobre derechos humanos, igualdad de g\u00e9nero, participaci\u00f3n<br>democr\u00e1tica, valores c\u00edvicos e interculturalidad, aprendiendo de manera divertida y significativa.<\/td><td><a href=\"https:\/\/www.gesmujer.org\/sitio\/wp-content\/uploads\/2026\/03\/Memorama.pdf\">Descarga aqu\u00ed el juego, es una forma divertida de aprender sobre la participaci\u00f3n democr\u00e1tica.<\/a><\/td><\/tr><\/tbody><\/table><\/figure>\n\n\n\n<figure class=\"wp-block-table aligncenter is-style-regular has-small-font-size\"><table><tbody><tr><td><img decoding=\"async\" width=\"600\" height=\"796\" class=\"wp-image-60481\" style=\"width: 600px;\" src=\"https:\/\/www.gesmujer.org\/sitio\/wp-content\/uploads\/2026\/03\/Loteria_.jpg\" alt=\"\" srcset=\"https:\/\/www.gesmujer.org\/sitio\/wp-content\/uploads\/2026\/03\/Loteria_.jpg 500w, https:\/\/www.gesmujer.org\/sitio\/wp-content\/uploads\/2026\/03\/Loteria_-226x300.jpg 226w\" sizes=\"(max-width: 600px) 100vw, 600px\" \/><\/td><td class=\"has-text-align-center\" data-align=\"center\"><strong>2\ufe0f\u20e3 Loter\u00eda \u2013 \u201cRebeld\u00eda Participativa\u201d<\/strong><br><br>54 cartas y 8 tableros que invitan a la interacci\u00f3n, la creatividad y el di\u00e1logo. Incluye cartas con conceptos, im\u00e1genes, comodines y cartas de reflexi\u00f3n que promueven la participaci\u00f3n activa y el pensamiento cr\u00edtico, abordando los ejes de derechos humanos, igualdad de g\u00e9nero, participaci\u00f3n democr\u00e1tica, valores c\u00edvicos e interculturalidad.<\/td><td><a href=\"https:\/\/www.gesmujer.org\/sitio\/wp-content\/uploads\/2026\/03\/Loteria.pdf\">Descarga aqu\u00ed el juego, es una forma divertida de aprender sobre la participaci\u00f3n democr\u00e1tica<\/a><a href=\"https:\/\/www.gesmujer.org\/sitio\/wp-content\/uploads\/2026\/03\/Memorama.pdf\">.<\/a><\/td><\/tr><\/tbody><\/table><\/figure>\n\n\n\n<figure class=\"wp-block-table aligncenter is-style-regular has-small-font-size\"><table><tbody><tr><td><img decoding=\"async\" width=\"600\" height=\"804\" class=\"wp-image-60479\" style=\"width: 600px;\" src=\"https:\/\/www.gesmujer.org\/sitio\/wp-content\/uploads\/2026\/03\/Colibri_.jpg\" alt=\"\" srcset=\"https:\/\/www.gesmujer.org\/sitio\/wp-content\/uploads\/2026\/03\/Colibri_.jpg 373w, https:\/\/www.gesmujer.org\/sitio\/wp-content\/uploads\/2026\/03\/Colibri_-224x300.jpg 224w\" sizes=\"(max-width: 600px) 100vw, 600px\" \/><\/td><td class=\"has-text-align-center\" data-align=\"center\"><strong>3\ufe0f\u20e3 Juego de la Oca \u2013 \u201cEl Vuelo del Colibr\u00ed\u201d<\/strong><br><br>Un tablero de 63 casillas donde la estrategia, la suerte y la cooperaci\u00f3n se combinan para recorrer un camino lleno de desaf\u00edos y aprendizajes. Cada ficha representa la identidad del equipo y cada tirada invita a reflexionar sobre derechos humanos, igualdad de g\u00e9nero, participaci\u00f3n democr\u00e1tica, valores c\u00edvicos e interculturalidad en un espacio l\u00fadico, inclusivo y educativo.<\/td><td><a href=\"https:\/\/www.gesmujer.org\/sitio\/wp-content\/uploads\/2026\/03\/ElVuelodelColibri.pdf\">Descarga aqu\u00ed el juego, es una forma divertida de aprender sobre la participaci\u00f3n democr\u00e1tica<\/a><a href=\"https:\/\/www.gesmujer.org\/sitio\/wp-content\/uploads\/2026\/03\/Memorama.pdf\">.<\/a><\/td><\/tr><\/tbody><\/table><\/figure>\n\n\n\n<figure class=\"wp-block-pullquote\"><blockquote><p>Las y los participantes dicen&#8230;<\/p><cite>&#8220;Que juegos tan bonitos, me he divertido mucho&#8221;<\/cite><\/blockquote><\/figure>\n\n\n\n<figure class=\"wp-block-gallery has-nested-images columns-default is-cropped wp-block-gallery-1 is-layout-flex wp-block-gallery-is-layout-flex\">\n<figure class=\"wp-block-image size-medium\"><a href=\"https:\/\/www.gesmujer.org\/sitio\/wp-content\/uploads\/2026\/03\/Juegos-3.jpg\"><img loading=\"lazy\" decoding=\"async\" width=\"300\" height=\"218\" data-id=\"60501\" src=\"https:\/\/www.gesmujer.org\/sitio\/wp-content\/uploads\/2026\/03\/Juegos-3-300x218.jpg\" alt=\"\" class=\"wp-image-60501\" srcset=\"https:\/\/www.gesmujer.org\/sitio\/wp-content\/uploads\/2026\/03\/Juegos-3-300x218.jpg 300w, https:\/\/www.gesmujer.org\/sitio\/wp-content\/uploads\/2026\/03\/Juegos-3-768x558.jpg 768w, https:\/\/www.gesmujer.org\/sitio\/wp-content\/uploads\/2026\/03\/Juegos-3.jpg 961w\" sizes=\"(max-width: 300px) 100vw, 300px\" \/><\/a><\/figure>\n\n\n\n<figure class=\"wp-block-image size-large\"><a href=\"https:\/\/www.gesmujer.org\/sitio\/wp-content\/uploads\/2026\/03\/Juego-4-scaled.jpg\"><img loading=\"lazy\" decoding=\"async\" width=\"1024\" height=\"683\" data-id=\"60506\" src=\"https:\/\/www.gesmujer.org\/sitio\/wp-content\/uploads\/2026\/03\/Juego-4-1024x683.jpg\" alt=\"\" class=\"wp-image-60506\" srcset=\"https:\/\/www.gesmujer.org\/sitio\/wp-content\/uploads\/2026\/03\/Juego-4-1024x683.jpg 1024w, https:\/\/www.gesmujer.org\/sitio\/wp-content\/uploads\/2026\/03\/Juego-4-300x200.jpg 300w, https:\/\/www.gesmujer.org\/sitio\/wp-content\/uploads\/2026\/03\/Juego-4-768x512.jpg 768w, https:\/\/www.gesmujer.org\/sitio\/wp-content\/uploads\/2026\/03\/Juego-4-1536x1024.jpg 1536w, https:\/\/www.gesmujer.org\/sitio\/wp-content\/uploads\/2026\/03\/Juego-4-2048x1365.jpg 2048w, https:\/\/www.gesmujer.org\/sitio\/wp-content\/uploads\/2026\/03\/Juego-4-1080x720.jpg 1080w\" sizes=\"(max-width: 1024px) 100vw, 1024px\" \/><\/a><\/figure>\n\n\n\n<figure class=\"wp-block-image size-large\"><a href=\"https:\/\/www.gesmujer.org\/sitio\/wp-content\/uploads\/2026\/03\/Juegos-2.jpg\"><img loading=\"lazy\" decoding=\"async\" width=\"693\" height=\"442\" data-id=\"60499\" src=\"https:\/\/www.gesmujer.org\/sitio\/wp-content\/uploads\/2026\/03\/Juegos-2.jpg\" alt=\"\" class=\"wp-image-60499\" srcset=\"https:\/\/www.gesmujer.org\/sitio\/wp-content\/uploads\/2026\/03\/Juegos-2.jpg 693w, https:\/\/www.gesmujer.org\/sitio\/wp-content\/uploads\/2026\/03\/Juegos-2-300x191.jpg 300w\" sizes=\"(max-width: 693px) 100vw, 693px\" \/><\/a><\/figure>\n\n\n\n<figure class=\"wp-block-image size-large\"><a href=\"https:\/\/www.gesmujer.org\/sitio\/wp-content\/uploads\/2026\/03\/Juego-5-scaled.jpg\"><img loading=\"lazy\" decoding=\"async\" width=\"1024\" height=\"683\" data-id=\"60505\" src=\"https:\/\/www.gesmujer.org\/sitio\/wp-content\/uploads\/2026\/03\/Juego-5-1024x683.jpg\" alt=\"\" class=\"wp-image-60505\" srcset=\"https:\/\/www.gesmujer.org\/sitio\/wp-content\/uploads\/2026\/03\/Juego-5-1024x683.jpg 1024w, https:\/\/www.gesmujer.org\/sitio\/wp-content\/uploads\/2026\/03\/Juego-5-300x200.jpg 300w, https:\/\/www.gesmujer.org\/sitio\/wp-content\/uploads\/2026\/03\/Juego-5-768x512.jpg 768w, https:\/\/www.gesmujer.org\/sitio\/wp-content\/uploads\/2026\/03\/Juego-5-1536x1024.jpg 1536w, https:\/\/www.gesmujer.org\/sitio\/wp-content\/uploads\/2026\/03\/Juego-5-2048x1365.jpg 2048w, https:\/\/www.gesmujer.org\/sitio\/wp-content\/uploads\/2026\/03\/Juego-5-1080x720.jpg 1080w\" sizes=\"(max-width: 1024px) 100vw, 1024px\" \/><\/a><\/figure>\n\n\n\n<figure class=\"wp-block-image size-large\"><a href=\"https:\/\/www.gesmujer.org\/sitio\/wp-content\/uploads\/2026\/03\/Juegos-1.jpg\"><img loading=\"lazy\" decoding=\"async\" width=\"692\" height=\"437\" data-id=\"60498\" src=\"https:\/\/www.gesmujer.org\/sitio\/wp-content\/uploads\/2026\/03\/Juegos-1.jpg\" alt=\"\" class=\"wp-image-60498\" srcset=\"https:\/\/www.gesmujer.org\/sitio\/wp-content\/uploads\/2026\/03\/Juegos-1.jpg 692w, https:\/\/www.gesmujer.org\/sitio\/wp-content\/uploads\/2026\/03\/Juegos-1-300x189.jpg 300w\" sizes=\"(max-width: 692px) 100vw, 692px\" \/><\/a><\/figure>\n\n\n\n<figure class=\"wp-block-image size-large\"><a href=\"https:\/\/www.gesmujer.org\/sitio\/wp-content\/uploads\/2026\/03\/Juego-6.jpg\"><img loading=\"lazy\" decoding=\"async\" width=\"1000\" height=\"667\" data-id=\"60503\" src=\"https:\/\/www.gesmujer.org\/sitio\/wp-content\/uploads\/2026\/03\/Juego-6.jpg\" alt=\"\" class=\"wp-image-60503\" srcset=\"https:\/\/www.gesmujer.org\/sitio\/wp-content\/uploads\/2026\/03\/Juego-6.jpg 1000w, https:\/\/www.gesmujer.org\/sitio\/wp-content\/uploads\/2026\/03\/Juego-6-300x200.jpg 300w, https:\/\/www.gesmujer.org\/sitio\/wp-content\/uploads\/2026\/03\/Juego-6-768x512.jpg 768w\" sizes=\"(max-width: 1000px) 100vw, 1000px\" \/><\/a><\/figure>\n\n\n\n<figure class=\"wp-block-image size-large\"><a href=\"https:\/\/www.gesmujer.org\/sitio\/wp-content\/uploads\/2026\/03\/Loteria_.jpg\"><img loading=\"lazy\" decoding=\"async\" width=\"500\" height=\"663\" data-id=\"60481\" src=\"https:\/\/www.gesmujer.org\/sitio\/wp-content\/uploads\/2026\/03\/Loteria_.jpg\" alt=\"\" class=\"wp-image-60481\" srcset=\"https:\/\/www.gesmujer.org\/sitio\/wp-content\/uploads\/2026\/03\/Loteria_.jpg 500w, https:\/\/www.gesmujer.org\/sitio\/wp-content\/uploads\/2026\/03\/Loteria_-226x300.jpg 226w\" sizes=\"(max-width: 500px) 100vw, 500px\" \/><\/a><\/figure>\n\n\n\n<figure class=\"wp-block-image size-large\"><a href=\"https:\/\/www.gesmujer.org\/sitio\/wp-content\/uploads\/2026\/03\/Memorama_.jpg\"><img loading=\"lazy\" decoding=\"async\" width=\"388\" height=\"500\" data-id=\"60480\" src=\"https:\/\/www.gesmujer.org\/sitio\/wp-content\/uploads\/2026\/03\/Memorama_.jpg\" alt=\"\" class=\"wp-image-60480\" srcset=\"https:\/\/www.gesmujer.org\/sitio\/wp-content\/uploads\/2026\/03\/Memorama_.jpg 388w, https:\/\/www.gesmujer.org\/sitio\/wp-content\/uploads\/2026\/03\/Memorama_-233x300.jpg 233w\" sizes=\"(max-width: 388px) 100vw, 388px\" \/><\/a><\/figure>\n\n\n\n<figure class=\"wp-block-image size-large\"><a href=\"https:\/\/www.gesmujer.org\/sitio\/wp-content\/uploads\/2026\/03\/Colibri_.jpg\"><img loading=\"lazy\" decoding=\"async\" width=\"373\" height=\"500\" data-id=\"60479\" src=\"https:\/\/www.gesmujer.org\/sitio\/wp-content\/uploads\/2026\/03\/Colibri_.jpg\" alt=\"\" class=\"wp-image-60479\" srcset=\"https:\/\/www.gesmujer.org\/sitio\/wp-content\/uploads\/2026\/03\/Colibri_.jpg 373w, https:\/\/www.gesmujer.org\/sitio\/wp-content\/uploads\/2026\/03\/Colibri_-224x300.jpg 224w\" sizes=\"(max-width: 373px) 100vw, 373px\" \/><\/a><\/figure>\n<\/figure>\n","protected":false},"excerpt":{"rendered":"<p>Desde GESMujer, presentamos nuestros tres juegos did\u00e1cticos en el marco del proyecto \u201cTejiendo Ciudadan\u00eda: Ni\u00f1eces y adolescentes participando por las garant\u00edas pol\u00edticas de Oaxaca\u201d dise\u00f1ados<br \/>\npara ni\u00f1as, ni\u00f1os y adolescentes, con el objetivo de promover los derechos humanos, la igualdad de g\u00e9nero, la participaci\u00f3n democr\u00e1tica, la diversidad cultural y los valores c\u00edvicos, asegurando pertinencia cultural, inclusi\u00f3n y accesibilidad desde un enfoque interseccional.<\/p>\n","protected":false},"author":4,"featured_media":60501,"parent":0,"menu_order":0,"comment_status":"closed","ping_status":"closed","template":"","meta":{"give_campaign_id":0,"footnotes":""},"class_list":["post-60491","page","type-page","status-publish","has-post-thumbnail","hentry"],"yoast_head":"<!-- This site is optimized with the Yoast SEO plugin v27.3 - https:\/\/yoast.com\/product\/yoast-seo-wordpress\/ -->\n<title>Juegos para la democracia participativa - GESMujer &quot;Rosario Castellanos&quot;<\/title>\n<meta name=\"robots\" content=\"index, follow, max-snippet:-1, max-image-preview:large, max-video-preview:-1\" \/>\n<link rel=\"canonical\" href=\"https:\/\/www.gesmujer.org\/sitio\/juegos-para-la-democracia-participativa\/\" \/>\n<meta property=\"og:locale\" content=\"es_MX\" \/>\n<meta property=\"og:type\" content=\"article\" \/>\n<meta property=\"og:title\" content=\"Juegos para la democracia participativa - GESMujer &quot;Rosario Castellanos&quot;\" \/>\n<meta property=\"og:description\" content=\"Desde GESMujer, presentamos nuestros tres juegos did\u00e1cticos en el marco del proyecto \u201cTejiendo Ciudadan\u00eda: Ni\u00f1eces y adolescentes participando por las garant\u00edas pol\u00edticas de Oaxaca\u201d dise\u00f1ados para ni\u00f1as, ni\u00f1os y adolescentes, con el objetivo de promover los derechos humanos, la igualdad de g\u00e9nero, la participaci\u00f3n democr\u00e1tica, la diversidad cultural y los valores c\u00edvicos, asegurando pertinencia cultural, inclusi\u00f3n y accesibilidad desde un enfoque interseccional.\" \/>\n<meta property=\"og:url\" content=\"https:\/\/www.gesmujer.org\/sitio\/juegos-para-la-democracia-participativa\/\" \/>\n<meta property=\"og:site_name\" content=\"GESMujer &quot;Rosario Castellanos&quot;\" \/>\n<meta property=\"article:publisher\" content=\"https:\/\/www.facebook.com\/gesmujer.rosario.castellanos.ac\" \/>\n<meta property=\"article:modified_time\" content=\"2026-03-02T21:18:43+00:00\" \/>\n<meta property=\"og:image\" content=\"https:\/\/www.gesmujer.org\/sitio\/wp-content\/uploads\/2026\/03\/Juegos-3.jpg\" \/>\n\t<meta property=\"og:image:width\" content=\"961\" \/>\n\t<meta property=\"og:image:height\" content=\"698\" \/>\n\t<meta property=\"og:image:type\" content=\"image\/jpeg\" \/>\n<meta name=\"twitter:card\" content=\"summary_large_image\" \/>\n<meta name=\"twitter:site\" content=\"@GES_Mujer\" \/>\n<meta name=\"twitter:label1\" content=\"Tiempo de lectura\" \/>\n\t<meta name=\"twitter:data1\" content=\"2 minutos\" \/>\n<script type=\"application\/ld+json\" class=\"yoast-schema-graph\">{\"@context\":\"https:\\\/\\\/schema.org\",\"@graph\":[{\"@type\":\"WebPage\",\"@id\":\"https:\\\/\\\/www.gesmujer.org\\\/sitio\\\/juegos-para-la-democracia-participativa\\\/\",\"url\":\"https:\\\/\\\/www.gesmujer.org\\\/sitio\\\/juegos-para-la-democracia-participativa\\\/\",\"name\":\"Juegos para la democracia participativa - GESMujer &quot;Rosario Castellanos&quot;\",\"isPartOf\":{\"@id\":\"https:\\\/\\\/www.gesmujer.org\\\/sitio\\\/#website\"},\"primaryImageOfPage\":{\"@id\":\"https:\\\/\\\/www.gesmujer.org\\\/sitio\\\/juegos-para-la-democracia-participativa\\\/#primaryimage\"},\"image\":{\"@id\":\"https:\\\/\\\/www.gesmujer.org\\\/sitio\\\/juegos-para-la-democracia-participativa\\\/#primaryimage\"},\"thumbnailUrl\":\"https:\\\/\\\/www.gesmujer.org\\\/sitio\\\/wp-content\\\/uploads\\\/2026\\\/03\\\/Juegos-3.jpg\",\"datePublished\":\"2026-03-02T20:20:09+00:00\",\"dateModified\":\"2026-03-02T21:18:43+00:00\",\"breadcrumb\":{\"@id\":\"https:\\\/\\\/www.gesmujer.org\\\/sitio\\\/juegos-para-la-democracia-participativa\\\/#breadcrumb\"},\"inLanguage\":\"es\",\"potentialAction\":[{\"@type\":\"ReadAction\",\"target\":[\"https:\\\/\\\/www.gesmujer.org\\\/sitio\\\/juegos-para-la-democracia-participativa\\\/\"]}]},{\"@type\":\"ImageObject\",\"inLanguage\":\"es\",\"@id\":\"https:\\\/\\\/www.gesmujer.org\\\/sitio\\\/juegos-para-la-democracia-participativa\\\/#primaryimage\",\"url\":\"https:\\\/\\\/www.gesmujer.org\\\/sitio\\\/wp-content\\\/uploads\\\/2026\\\/03\\\/Juegos-3.jpg\",\"contentUrl\":\"https:\\\/\\\/www.gesmujer.org\\\/sitio\\\/wp-content\\\/uploads\\\/2026\\\/03\\\/Juegos-3.jpg\",\"width\":961,\"height\":698},{\"@type\":\"BreadcrumbList\",\"@id\":\"https:\\\/\\\/www.gesmujer.org\\\/sitio\\\/juegos-para-la-democracia-participativa\\\/#breadcrumb\",\"itemListElement\":[{\"@type\":\"ListItem\",\"position\":1,\"name\":\"Home\",\"item\":\"https:\\\/\\\/www.gesmujer.org\\\/sitio\\\/\"},{\"@type\":\"ListItem\",\"position\":2,\"name\":\"Juegos para la democracia participativa\"}]},{\"@type\":\"WebSite\",\"@id\":\"https:\\\/\\\/www.gesmujer.org\\\/sitio\\\/#website\",\"url\":\"https:\\\/\\\/www.gesmujer.org\\\/sitio\\\/\",\"name\":\"GESMujer \\\"Rosario Castellanos\\\"\",\"description\":\"M\u00e1s de 45 a\u00f1os ha llevado a cabo acciones para erradicar la violencia de g\u00e9nero y construir entornos donde las mujeres encuentren su resiliencia, incrementen su agencia y autonom\u00eda que les permita lograr su empoderamiento a trav\u00e9s de cinco l\u00edneas de acci\u00f3n.\",\"publisher\":{\"@id\":\"https:\\\/\\\/www.gesmujer.org\\\/sitio\\\/#organization\"},\"alternateName\":\"GESMujer\",\"potentialAction\":[{\"@type\":\"SearchAction\",\"target\":{\"@type\":\"EntryPoint\",\"urlTemplate\":\"https:\\\/\\\/www.gesmujer.org\\\/sitio\\\/?s={search_term_string}\"},\"query-input\":{\"@type\":\"PropertyValueSpecification\",\"valueRequired\":true,\"valueName\":\"search_term_string\"}}],\"inLanguage\":\"es\"},{\"@type\":\"Organization\",\"@id\":\"https:\\\/\\\/www.gesmujer.org\\\/sitio\\\/#organization\",\"name\":\"Grupo de estudios sobre la mujer Rosario Castellanos ac\",\"alternateName\":\"GESMujer\",\"url\":\"https:\\\/\\\/www.gesmujer.org\\\/sitio\\\/\",\"logo\":{\"@type\":\"ImageObject\",\"inLanguage\":\"es\",\"@id\":\"https:\\\/\\\/www.gesmujer.org\\\/sitio\\\/#\\\/schema\\\/logo\\\/image\\\/\",\"url\":\"https:\\\/\\\/www.gesmujer.org\\\/sitio\\\/wp-content\\\/uploads\\\/2026\\\/03\\\/Logo-GESMujer-300.png\",\"contentUrl\":\"https:\\\/\\\/www.gesmujer.org\\\/sitio\\\/wp-content\\\/uploads\\\/2026\\\/03\\\/Logo-GESMujer-300.png\",\"width\":300,\"height\":141,\"caption\":\"Grupo de estudios sobre la mujer Rosario Castellanos ac\"},\"image\":{\"@id\":\"https:\\\/\\\/www.gesmujer.org\\\/sitio\\\/#\\\/schema\\\/logo\\\/image\\\/\"},\"sameAs\":[\"https:\\\/\\\/www.facebook.com\\\/gesmujer.rosario.castellanos.ac\",\"https:\\\/\\\/x.com\\\/GES_Mujer\",\"https:\\\/\\\/www.instagram.com\\\/ges_mujer\\\/?hl=es\",\"https:\\\/\\\/www.youtube.com\\\/c\\\/GESMujerRosarioCastellanos\\\/videos\",\"https:\\\/\\\/soundcloud.com\\\/gesmujerac\",\"https:\\\/\\\/www.tiktok.com\\\/@gesmujer\"]}]}<\/script>\n<!-- \/ Yoast SEO plugin. -->","yoast_head_json":{"title":"Juegos para la democracia participativa - GESMujer &quot;Rosario Castellanos&quot;","robots":{"index":"index","follow":"follow","max-snippet":"max-snippet:-1","max-image-preview":"max-image-preview:large","max-video-preview":"max-video-preview:-1"},"canonical":"https:\/\/www.gesmujer.org\/sitio\/juegos-para-la-democracia-participativa\/","og_locale":"es_MX","og_type":"article","og_title":"Juegos para la democracia participativa - GESMujer &quot;Rosario Castellanos&quot;","og_description":"Desde GESMujer, presentamos nuestros tres juegos did\u00e1cticos en el marco del proyecto \u201cTejiendo Ciudadan\u00eda: Ni\u00f1eces y adolescentes participando por las garant\u00edas pol\u00edticas de Oaxaca\u201d dise\u00f1ados para ni\u00f1as, ni\u00f1os y adolescentes, con el objetivo de promover los derechos humanos, la igualdad de g\u00e9nero, la participaci\u00f3n democr\u00e1tica, la diversidad cultural y los valores c\u00edvicos, asegurando pertinencia cultural, inclusi\u00f3n y accesibilidad desde un enfoque interseccional.","og_url":"https:\/\/www.gesmujer.org\/sitio\/juegos-para-la-democracia-participativa\/","og_site_name":"GESMujer &quot;Rosario Castellanos&quot;","article_publisher":"https:\/\/www.facebook.com\/gesmujer.rosario.castellanos.ac","article_modified_time":"2026-03-02T21:18:43+00:00","og_image":[{"width":961,"height":698,"url":"https:\/\/www.gesmujer.org\/sitio\/wp-content\/uploads\/2026\/03\/Juegos-3.jpg","type":"image\/jpeg"}],"twitter_card":"summary_large_image","twitter_site":"@GES_Mujer","twitter_misc":{"Tiempo de lectura":"2 minutos"},"schema":{"@context":"https:\/\/schema.org","@graph":[{"@type":"WebPage","@id":"https:\/\/www.gesmujer.org\/sitio\/juegos-para-la-democracia-participativa\/","url":"https:\/\/www.gesmujer.org\/sitio\/juegos-para-la-democracia-participativa\/","name":"Juegos para la democracia participativa - GESMujer &quot;Rosario Castellanos&quot;","isPartOf":{"@id":"https:\/\/www.gesmujer.org\/sitio\/#website"},"primaryImageOfPage":{"@id":"https:\/\/www.gesmujer.org\/sitio\/juegos-para-la-democracia-participativa\/#primaryimage"},"image":{"@id":"https:\/\/www.gesmujer.org\/sitio\/juegos-para-la-democracia-participativa\/#primaryimage"},"thumbnailUrl":"https:\/\/www.gesmujer.org\/sitio\/wp-content\/uploads\/2026\/03\/Juegos-3.jpg","datePublished":"2026-03-02T20:20:09+00:00","dateModified":"2026-03-02T21:18:43+00:00","breadcrumb":{"@id":"https:\/\/www.gesmujer.org\/sitio\/juegos-para-la-democracia-participativa\/#breadcrumb"},"inLanguage":"es","potentialAction":[{"@type":"ReadAction","target":["https:\/\/www.gesmujer.org\/sitio\/juegos-para-la-democracia-participativa\/"]}]},{"@type":"ImageObject","inLanguage":"es","@id":"https:\/\/www.gesmujer.org\/sitio\/juegos-para-la-democracia-participativa\/#primaryimage","url":"https:\/\/www.gesmujer.org\/sitio\/wp-content\/uploads\/2026\/03\/Juegos-3.jpg","contentUrl":"https:\/\/www.gesmujer.org\/sitio\/wp-content\/uploads\/2026\/03\/Juegos-3.jpg","width":961,"height":698},{"@type":"BreadcrumbList","@id":"https:\/\/www.gesmujer.org\/sitio\/juegos-para-la-democracia-participativa\/#breadcrumb","itemListElement":[{"@type":"ListItem","position":1,"name":"Home","item":"https:\/\/www.gesmujer.org\/sitio\/"},{"@type":"ListItem","position":2,"name":"Juegos para la democracia participativa"}]},{"@type":"WebSite","@id":"https:\/\/www.gesmujer.org\/sitio\/#website","url":"https:\/\/www.gesmujer.org\/sitio\/","name":"GESMujer \"Rosario Castellanos\"","description":"M\u00e1s de 45 a\u00f1os ha llevado a cabo acciones para erradicar la violencia de g\u00e9nero y construir entornos donde las mujeres encuentren su resiliencia, incrementen su agencia y autonom\u00eda que les permita lograr su empoderamiento a trav\u00e9s de cinco l\u00edneas de acci\u00f3n.","publisher":{"@id":"https:\/\/www.gesmujer.org\/sitio\/#organization"},"alternateName":"GESMujer","potentialAction":[{"@type":"SearchAction","target":{"@type":"EntryPoint","urlTemplate":"https:\/\/www.gesmujer.org\/sitio\/?s={search_term_string}"},"query-input":{"@type":"PropertyValueSpecification","valueRequired":true,"valueName":"search_term_string"}}],"inLanguage":"es"},{"@type":"Organization","@id":"https:\/\/www.gesmujer.org\/sitio\/#organization","name":"Grupo de estudios sobre la mujer Rosario Castellanos ac","alternateName":"GESMujer","url":"https:\/\/www.gesmujer.org\/sitio\/","logo":{"@type":"ImageObject","inLanguage":"es","@id":"https:\/\/www.gesmujer.org\/sitio\/#\/schema\/logo\/image\/","url":"https:\/\/www.gesmujer.org\/sitio\/wp-content\/uploads\/2026\/03\/Logo-GESMujer-300.png","contentUrl":"https:\/\/www.gesmujer.org\/sitio\/wp-content\/uploads\/2026\/03\/Logo-GESMujer-300.png","width":300,"height":141,"caption":"Grupo de estudios sobre la mujer Rosario Castellanos ac"},"image":{"@id":"https:\/\/www.gesmujer.org\/sitio\/#\/schema\/logo\/image\/"},"sameAs":["https:\/\/www.facebook.com\/gesmujer.rosario.castellanos.ac","https:\/\/x.com\/GES_Mujer","https:\/\/www.instagram.com\/ges_mujer\/?hl=es","https:\/\/www.youtube.com\/c\/GESMujerRosarioCastellanos\/videos","https:\/\/soundcloud.com\/gesmujerac","https:\/\/www.tiktok.com\/@gesmujer"]}]}},"campaignId":"","_links":{"self":[{"href":"https:\/\/www.gesmujer.org\/sitio\/wp-json\/wp\/v2\/pages\/60491","targetHints":{"allow":["GET"]}}],"collection":[{"href":"https:\/\/www.gesmujer.org\/sitio\/wp-json\/wp\/v2\/pages"}],"about":[{"href":"https:\/\/www.gesmujer.org\/sitio\/wp-json\/wp\/v2\/types\/page"}],"author":[{"embeddable":true,"href":"https:\/\/www.gesmujer.org\/sitio\/wp-json\/wp\/v2\/users\/4"}],"replies":[{"embeddable":true,"href":"https:\/\/www.gesmujer.org\/sitio\/wp-json\/wp\/v2\/comments?post=60491"}],"version-history":[{"count":7,"href":"https:\/\/www.gesmujer.org\/sitio\/wp-json\/wp\/v2\/pages\/60491\/revisions"}],"predecessor-version":[{"id":60508,"href":"https:\/\/www.gesmujer.org\/sitio\/wp-json\/wp\/v2\/pages\/60491\/revisions\/60508"}],"wp:featuredmedia":[{"embeddable":true,"href":"https:\/\/www.gesmujer.org\/sitio\/wp-json\/wp\/v2\/media\/60501"}],"wp:attachment":[{"href":"https:\/\/www.gesmujer.org\/sitio\/wp-json\/wp\/v2\/media?parent=60491"}],"curies":[{"name":"wp","href":"https:\/\/api.w.org\/{rel}","templated":true}]}}