{"id":693,"date":"2014-04-28T13:34:51","date_gmt":"2014-04-28T19:34:51","guid":{"rendered":"http:\/\/www.gesmujer.org\/sitio\/?page_id=693"},"modified":"2014-04-28T17:18:31","modified_gmt":"2014-04-28T23:18:31","slug":"disco-interactivo-guia-abc-de-la-lider-comunitaria-entrelazando-saberes","status":"publish","type":"page","link":"https:\/\/www.gesmujer.org\/sitio\/disco-interactivo-guia-abc-de-la-lider-comunitaria-entrelazando-saberes\/","title":{"rendered":"Disco interactivo:  Gu\u00eda \u201cAbc de la l\u00edder comunitaria: Entrelazando saberes\u201d"},"content":{"rendered":"<p>La Gu\u00eda \u201cAbc de la l\u00edder comunitaria: Entrelazando saberes\u201d se acompa\u00f1a de un disco interactivo que incluye: lecturas adicionales, din\u00e1micas y juegos did\u00e1cticos, marco jur\u00eddico y glosario de t\u00e9rminos.<\/p>\n<p><a title=\"Complemento Gu\u00eda ABC\" href=\"https:\/\/www.dropbox.com\/s\/fx7bttnd9yjc6mn\/Disco%20multimedia%20Abc%20de%20la%20l%C3%ADder%20comunitaria-Entrelazando%20saberes.zip\"><img fetchpriority=\"high\" decoding=\"async\" class=\"alignnone size-medium wp-image-694\" alt=\"Disco interactivo\" src=\"http:\/\/www.gesmujer.org\/SITIO\/wp-content\/uploads\/\/2014\/04\/Disco-interactivo-300x183.jpg\" width=\"300\" height=\"183\" srcset=\"https:\/\/www.gesmujer.org\/sitio\/wp-content\/uploads\/2014\/04\/Disco-interactivo-300x183.jpg 300w, https:\/\/www.gesmujer.org\/sitio\/wp-content\/uploads\/2014\/04\/Disco-interactivo-600x367.jpg 600w, https:\/\/www.gesmujer.org\/sitio\/wp-content\/uploads\/2014\/04\/Disco-interactivo.jpg 1021w\" sizes=\"(max-width: 300px) 100vw, 300px\" \/><\/a><\/p>\n<p>&nbsp;<\/p>\n<p>(Dar click \u00a0en la imagen, descarga y comparte)<\/p>\n","protected":false},"excerpt":{"rendered":"<p>La Gu\u00eda \u201cAbc de la l\u00edder comunitaria: Entrelazando saberes\u201d se acompa\u00f1a de un disco interactivo que incluye: lecturas adicionales, din\u00e1micas y juegos did\u00e1cticos, marco jur\u00eddico y glosario de t\u00e9rminos. &nbsp; (Dar click \u00a0en la imagen, descarga y comparte)<\/p>\n","protected":false},"author":4,"featured_media":694,"parent":0,"menu_order":0,"comment_status":"closed","ping_status":"open","template":"","meta":{"give_campaign_id":0,"footnotes":""},"class_list":["post-693","page","type-page","status-publish","has-post-thumbnail","hentry"],"yoast_head":"<!-- This site is optimized with the Yoast SEO plugin v27.4 - https:\/\/yoast.com\/product\/yoast-seo-wordpress\/ -->\n<title>Disco interactivo: Gu\u00eda \u201cAbc de la l\u00edder comunitaria: Entrelazando saberes\u201d - GESMujer &quot;Rosario Castellanos&quot;<\/title>\n<meta name=\"robots\" content=\"index, follow, max-snippet:-1, max-image-preview:large, max-video-preview:-1\" \/>\n<link rel=\"canonical\" href=\"https:\/\/www.gesmujer.org\/sitio\/disco-interactivo-guia-abc-de-la-lider-comunitaria-entrelazando-saberes\/\" \/>\n<meta property=\"og:locale\" content=\"es_MX\" \/>\n<meta property=\"og:type\" content=\"article\" \/>\n<meta property=\"og:title\" content=\"Disco interactivo: Gu\u00eda \u201cAbc de la l\u00edder comunitaria: Entrelazando saberes\u201d - GESMujer &quot;Rosario Castellanos&quot;\" \/>\n<meta property=\"og:description\" content=\"La Gu\u00eda \u201cAbc de la l\u00edder comunitaria: Entrelazando saberes\u201d se acompa\u00f1a de un disco interactivo que incluye: lecturas adicionales, din\u00e1micas y juegos did\u00e1cticos, marco jur\u00eddico y glosario de t\u00e9rminos. &nbsp; (Dar click \u00a0en la imagen, descarga y comparte)\" \/>\n<meta property=\"og:url\" content=\"https:\/\/www.gesmujer.org\/sitio\/disco-interactivo-guia-abc-de-la-lider-comunitaria-entrelazando-saberes\/\" \/>\n<meta property=\"og:site_name\" content=\"GESMujer &quot;Rosario Castellanos&quot;\" \/>\n<meta property=\"article:publisher\" content=\"https:\/\/www.facebook.com\/gesmujer.rosario.castellanos.ac\" \/>\n<meta property=\"article:modified_time\" content=\"2014-04-28T23:18:31+00:00\" \/>\n<meta property=\"og:image\" content=\"https:\/\/www.gesmujer.org\/sitio\/wp-content\/uploads\/2014\/04\/Disco-interactivo.jpg\" \/>\n\t<meta property=\"og:image:width\" content=\"1021\" \/>\n\t<meta property=\"og:image:height\" content=\"624\" \/>\n\t<meta property=\"og:image:type\" content=\"image\/jpeg\" \/>\n<meta name=\"twitter:card\" content=\"summary_large_image\" \/>\n<meta name=\"twitter:site\" content=\"@GES_Mujer\" \/>\n<script type=\"application\/ld+json\" class=\"yoast-schema-graph\">{\"@context\":\"https:\\\/\\\/schema.org\",\"@graph\":[{\"@type\":\"WebPage\",\"@id\":\"https:\\\/\\\/www.gesmujer.org\\\/sitio\\\/disco-interactivo-guia-abc-de-la-lider-comunitaria-entrelazando-saberes\\\/\",\"url\":\"https:\\\/\\\/www.gesmujer.org\\\/sitio\\\/disco-interactivo-guia-abc-de-la-lider-comunitaria-entrelazando-saberes\\\/\",\"name\":\"Disco interactivo: Gu\u00eda \u201cAbc de la l\u00edder comunitaria: Entrelazando saberes\u201d - GESMujer &quot;Rosario Castellanos&quot;\",\"isPartOf\":{\"@id\":\"https:\\\/\\\/www.gesmujer.org\\\/sitio\\\/#website\"},\"primaryImageOfPage\":{\"@id\":\"https:\\\/\\\/www.gesmujer.org\\\/sitio\\\/disco-interactivo-guia-abc-de-la-lider-comunitaria-entrelazando-saberes\\\/#primaryimage\"},\"image\":{\"@id\":\"https:\\\/\\\/www.gesmujer.org\\\/sitio\\\/disco-interactivo-guia-abc-de-la-lider-comunitaria-entrelazando-saberes\\\/#primaryimage\"},\"thumbnailUrl\":\"https:\\\/\\\/www.gesmujer.org\\\/sitio\\\/wp-content\\\/uploads\\\/2014\\\/04\\\/Disco-interactivo.jpg\",\"datePublished\":\"2014-04-28T19:34:51+00:00\",\"dateModified\":\"2014-04-28T23:18:31+00:00\",\"breadcrumb\":{\"@id\":\"https:\\\/\\\/www.gesmujer.org\\\/sitio\\\/disco-interactivo-guia-abc-de-la-lider-comunitaria-entrelazando-saberes\\\/#breadcrumb\"},\"inLanguage\":\"es\",\"potentialAction\":[{\"@type\":\"ReadAction\",\"target\":[\"https:\\\/\\\/www.gesmujer.org\\\/sitio\\\/disco-interactivo-guia-abc-de-la-lider-comunitaria-entrelazando-saberes\\\/\"]}]},{\"@type\":\"ImageObject\",\"inLanguage\":\"es\",\"@id\":\"https:\\\/\\\/www.gesmujer.org\\\/sitio\\\/disco-interactivo-guia-abc-de-la-lider-comunitaria-entrelazando-saberes\\\/#primaryimage\",\"url\":\"https:\\\/\\\/www.gesmujer.org\\\/sitio\\\/wp-content\\\/uploads\\\/2014\\\/04\\\/Disco-interactivo.jpg\",\"contentUrl\":\"https:\\\/\\\/www.gesmujer.org\\\/sitio\\\/wp-content\\\/uploads\\\/2014\\\/04\\\/Disco-interactivo.jpg\",\"width\":1021,\"height\":624},{\"@type\":\"BreadcrumbList\",\"@id\":\"https:\\\/\\\/www.gesmujer.org\\\/sitio\\\/disco-interactivo-guia-abc-de-la-lider-comunitaria-entrelazando-saberes\\\/#breadcrumb\",\"itemListElement\":[{\"@type\":\"ListItem\",\"position\":1,\"name\":\"Home\",\"item\":\"https:\\\/\\\/www.gesmujer.org\\\/sitio\\\/\"},{\"@type\":\"ListItem\",\"position\":2,\"name\":\"Disco interactivo: Gu\u00eda \u201cAbc de la l\u00edder comunitaria: Entrelazando saberes\u201d\"}]},{\"@type\":\"WebSite\",\"@id\":\"https:\\\/\\\/www.gesmujer.org\\\/sitio\\\/#website\",\"url\":\"https:\\\/\\\/www.gesmujer.org\\\/sitio\\\/\",\"name\":\"GESMujer \\\"Rosario Castellanos\\\"\",\"description\":\"M\u00e1s de 45 a\u00f1os ha llevado a cabo acciones para erradicar la violencia de g\u00e9nero y construir entornos donde las mujeres encuentren su resiliencia, incrementen su agencia y autonom\u00eda que les permita lograr su empoderamiento a trav\u00e9s de cinco l\u00edneas de acci\u00f3n.\",\"publisher\":{\"@id\":\"https:\\\/\\\/www.gesmujer.org\\\/sitio\\\/#organization\"},\"alternateName\":\"GESMujer\",\"potentialAction\":[{\"@type\":\"SearchAction\",\"target\":{\"@type\":\"EntryPoint\",\"urlTemplate\":\"https:\\\/\\\/www.gesmujer.org\\\/sitio\\\/?s={search_term_string}\"},\"query-input\":{\"@type\":\"PropertyValueSpecification\",\"valueRequired\":true,\"valueName\":\"search_term_string\"}}],\"inLanguage\":\"es\"},{\"@type\":\"Organization\",\"@id\":\"https:\\\/\\\/www.gesmujer.org\\\/sitio\\\/#organization\",\"name\":\"Grupo de estudios sobre la mujer Rosario Castellanos ac\",\"alternateName\":\"GESMujer\",\"url\":\"https:\\\/\\\/www.gesmujer.org\\\/sitio\\\/\",\"logo\":{\"@type\":\"ImageObject\",\"inLanguage\":\"es\",\"@id\":\"https:\\\/\\\/www.gesmujer.org\\\/sitio\\\/#\\\/schema\\\/logo\\\/image\\\/\",\"url\":\"https:\\\/\\\/www.gesmujer.org\\\/sitio\\\/wp-content\\\/uploads\\\/2026\\\/03\\\/Logo-GESMujer-300.png\",\"contentUrl\":\"https:\\\/\\\/www.gesmujer.org\\\/sitio\\\/wp-content\\\/uploads\\\/2026\\\/03\\\/Logo-GESMujer-300.png\",\"width\":300,\"height\":141,\"caption\":\"Grupo de estudios sobre la mujer Rosario Castellanos ac\"},\"image\":{\"@id\":\"https:\\\/\\\/www.gesmujer.org\\\/sitio\\\/#\\\/schema\\\/logo\\\/image\\\/\"},\"sameAs\":[\"https:\\\/\\\/www.facebook.com\\\/gesmujer.rosario.castellanos.ac\",\"https:\\\/\\\/x.com\\\/GES_Mujer\",\"https:\\\/\\\/www.instagram.com\\\/ges_mujer\\\/?hl=es\",\"https:\\\/\\\/www.youtube.com\\\/c\\\/GESMujerRosarioCastellanos\\\/videos\",\"https:\\\/\\\/soundcloud.com\\\/gesmujerac\",\"https:\\\/\\\/www.tiktok.com\\\/@gesmujer\"]}]}<\/script>\n<!-- \/ Yoast SEO plugin. -->","yoast_head_json":{"title":"Disco interactivo: Gu\u00eda \u201cAbc de la l\u00edder comunitaria: Entrelazando saberes\u201d - GESMujer &quot;Rosario Castellanos&quot;","robots":{"index":"index","follow":"follow","max-snippet":"max-snippet:-1","max-image-preview":"max-image-preview:large","max-video-preview":"max-video-preview:-1"},"canonical":"https:\/\/www.gesmujer.org\/sitio\/disco-interactivo-guia-abc-de-la-lider-comunitaria-entrelazando-saberes\/","og_locale":"es_MX","og_type":"article","og_title":"Disco interactivo: Gu\u00eda \u201cAbc de la l\u00edder comunitaria: Entrelazando saberes\u201d - GESMujer &quot;Rosario Castellanos&quot;","og_description":"La Gu\u00eda \u201cAbc de la l\u00edder comunitaria: Entrelazando saberes\u201d se acompa\u00f1a de un disco interactivo que incluye: lecturas adicionales, din\u00e1micas y juegos did\u00e1cticos, marco jur\u00eddico y glosario de t\u00e9rminos. &nbsp; (Dar click \u00a0en la imagen, descarga y comparte)","og_url":"https:\/\/www.gesmujer.org\/sitio\/disco-interactivo-guia-abc-de-la-lider-comunitaria-entrelazando-saberes\/","og_site_name":"GESMujer &quot;Rosario Castellanos&quot;","article_publisher":"https:\/\/www.facebook.com\/gesmujer.rosario.castellanos.ac","article_modified_time":"2014-04-28T23:18:31+00:00","og_image":[{"width":1021,"height":624,"url":"https:\/\/www.gesmujer.org\/sitio\/wp-content\/uploads\/2014\/04\/Disco-interactivo.jpg","type":"image\/jpeg"}],"twitter_card":"summary_large_image","twitter_site":"@GES_Mujer","schema":{"@context":"https:\/\/schema.org","@graph":[{"@type":"WebPage","@id":"https:\/\/www.gesmujer.org\/sitio\/disco-interactivo-guia-abc-de-la-lider-comunitaria-entrelazando-saberes\/","url":"https:\/\/www.gesmujer.org\/sitio\/disco-interactivo-guia-abc-de-la-lider-comunitaria-entrelazando-saberes\/","name":"Disco interactivo: Gu\u00eda \u201cAbc de la l\u00edder comunitaria: Entrelazando saberes\u201d - GESMujer &quot;Rosario Castellanos&quot;","isPartOf":{"@id":"https:\/\/www.gesmujer.org\/sitio\/#website"},"primaryImageOfPage":{"@id":"https:\/\/www.gesmujer.org\/sitio\/disco-interactivo-guia-abc-de-la-lider-comunitaria-entrelazando-saberes\/#primaryimage"},"image":{"@id":"https:\/\/www.gesmujer.org\/sitio\/disco-interactivo-guia-abc-de-la-lider-comunitaria-entrelazando-saberes\/#primaryimage"},"thumbnailUrl":"https:\/\/www.gesmujer.org\/sitio\/wp-content\/uploads\/2014\/04\/Disco-interactivo.jpg","datePublished":"2014-04-28T19:34:51+00:00","dateModified":"2014-04-28T23:18:31+00:00","breadcrumb":{"@id":"https:\/\/www.gesmujer.org\/sitio\/disco-interactivo-guia-abc-de-la-lider-comunitaria-entrelazando-saberes\/#breadcrumb"},"inLanguage":"es","potentialAction":[{"@type":"ReadAction","target":["https:\/\/www.gesmujer.org\/sitio\/disco-interactivo-guia-abc-de-la-lider-comunitaria-entrelazando-saberes\/"]}]},{"@type":"ImageObject","inLanguage":"es","@id":"https:\/\/www.gesmujer.org\/sitio\/disco-interactivo-guia-abc-de-la-lider-comunitaria-entrelazando-saberes\/#primaryimage","url":"https:\/\/www.gesmujer.org\/sitio\/wp-content\/uploads\/2014\/04\/Disco-interactivo.jpg","contentUrl":"https:\/\/www.gesmujer.org\/sitio\/wp-content\/uploads\/2014\/04\/Disco-interactivo.jpg","width":1021,"height":624},{"@type":"BreadcrumbList","@id":"https:\/\/www.gesmujer.org\/sitio\/disco-interactivo-guia-abc-de-la-lider-comunitaria-entrelazando-saberes\/#breadcrumb","itemListElement":[{"@type":"ListItem","position":1,"name":"Home","item":"https:\/\/www.gesmujer.org\/sitio\/"},{"@type":"ListItem","position":2,"name":"Disco interactivo: Gu\u00eda \u201cAbc de la l\u00edder comunitaria: Entrelazando saberes\u201d"}]},{"@type":"WebSite","@id":"https:\/\/www.gesmujer.org\/sitio\/#website","url":"https:\/\/www.gesmujer.org\/sitio\/","name":"GESMujer \"Rosario Castellanos\"","description":"M\u00e1s de 45 a\u00f1os ha llevado a cabo acciones para erradicar la violencia de g\u00e9nero y construir entornos donde las mujeres encuentren su resiliencia, incrementen su agencia y autonom\u00eda que les permita lograr su empoderamiento a trav\u00e9s de cinco l\u00edneas de acci\u00f3n.","publisher":{"@id":"https:\/\/www.gesmujer.org\/sitio\/#organization"},"alternateName":"GESMujer","potentialAction":[{"@type":"SearchAction","target":{"@type":"EntryPoint","urlTemplate":"https:\/\/www.gesmujer.org\/sitio\/?s={search_term_string}"},"query-input":{"@type":"PropertyValueSpecification","valueRequired":true,"valueName":"search_term_string"}}],"inLanguage":"es"},{"@type":"Organization","@id":"https:\/\/www.gesmujer.org\/sitio\/#organization","name":"Grupo de estudios sobre la mujer Rosario Castellanos ac","alternateName":"GESMujer","url":"https:\/\/www.gesmujer.org\/sitio\/","logo":{"@type":"ImageObject","inLanguage":"es","@id":"https:\/\/www.gesmujer.org\/sitio\/#\/schema\/logo\/image\/","url":"https:\/\/www.gesmujer.org\/sitio\/wp-content\/uploads\/2026\/03\/Logo-GESMujer-300.png","contentUrl":"https:\/\/www.gesmujer.org\/sitio\/wp-content\/uploads\/2026\/03\/Logo-GESMujer-300.png","width":300,"height":141,"caption":"Grupo de estudios sobre la mujer Rosario Castellanos ac"},"image":{"@id":"https:\/\/www.gesmujer.org\/sitio\/#\/schema\/logo\/image\/"},"sameAs":["https:\/\/www.facebook.com\/gesmujer.rosario.castellanos.ac","https:\/\/x.com\/GES_Mujer","https:\/\/www.instagram.com\/ges_mujer\/?hl=es","https:\/\/www.youtube.com\/c\/GESMujerRosarioCastellanos\/videos","https:\/\/soundcloud.com\/gesmujerac","https:\/\/www.tiktok.com\/@gesmujer"]}]}},"campaignId":"","_links":{"self":[{"href":"https:\/\/www.gesmujer.org\/sitio\/wp-json\/wp\/v2\/pages\/693","targetHints":{"allow":["GET"]}}],"collection":[{"href":"https:\/\/www.gesmujer.org\/sitio\/wp-json\/wp\/v2\/pages"}],"about":[{"href":"https:\/\/www.gesmujer.org\/sitio\/wp-json\/wp\/v2\/types\/page"}],"author":[{"embeddable":true,"href":"https:\/\/www.gesmujer.org\/sitio\/wp-json\/wp\/v2\/users\/4"}],"replies":[{"embeddable":true,"href":"https:\/\/www.gesmujer.org\/sitio\/wp-json\/wp\/v2\/comments?post=693"}],"version-history":[{"count":5,"href":"https:\/\/www.gesmujer.org\/sitio\/wp-json\/wp\/v2\/pages\/693\/revisions"}],"predecessor-version":[{"id":700,"href":"https:\/\/www.gesmujer.org\/sitio\/wp-json\/wp\/v2\/pages\/693\/revisions\/700"}],"wp:featuredmedia":[{"embeddable":true,"href":"https:\/\/www.gesmujer.org\/sitio\/wp-json\/wp\/v2\/media\/694"}],"wp:attachment":[{"href":"https:\/\/www.gesmujer.org\/sitio\/wp-json\/wp\/v2\/media?parent=693"}],"curies":[{"name":"wp","href":"https:\/\/api.w.org\/{rel}","templated":true}]}}