{"id":8673,"date":"2016-12-07T10:27:20","date_gmt":"2016-12-07T10:27:20","guid":{"rendered":"http:\/\/barista.edge-themes.com\/?page_id=8673"},"modified":"2016-12-07T10:27:20","modified_gmt":"2016-12-07T10:27:20","slug":"elements-holders","status":"publish","type":"page","link":"https:\/\/www.gesmujer.org\/sitio\/elements\/elements-holders\/","title":{"rendered":"Elements holders"},"content":{"rendered":"[vc_row][vc_column][edgtf_elements_holder number_of_columns=&#8221;three-columns&#8221; switch_to_one_column=&#8221;1024&#8243;][edgtf_elements_holder_item background_image=&#8221;14590&#8243; item_padding=&#8221;19% 40px 17% 60px&#8221; target=&#8221;_self&#8221; item_padding_1280_1600=&#8221;19% 40px 16% 50px&#8221; item_padding_1024_1280=&#8221;19% 6% 16% 10%&#8221; item_padding_768_1024=&#8221;18% 24% 16.5% 24% &#8221; item_padding_600_768=&#8221;19% 15% 17% 15%&#8221; item_padding_480=&#8221;25% 6% 20% 10%&#8221; link=&#8221;#&#8221;][vc_column_text]\n<h2>Meet the world<\/h2>\n[\/vc_column_text][vc_empty_space height=&#8221;46px&#8221;][vc_column_text]<span style=\"color: #212121;\">Lorem ipsum dolor sit amet, aeque possit voluptaria eum ea. Denique erroribus et pri, mea vitae latine vocibus eu. Mel diam semper suavitate at, vis id nostro consectetuer, ut modo offendit constituam.\u00a0<\/span>[\/vc_column_text][vc_empty_space][edgtf_button size=&#8221;&#8221; type=&#8221;&#8221; target=&#8221;_self&#8221; icon_pack=&#8221;font_elegant&#8221; fe_icon=&#8221;&#8221; font_weight=&#8221;600&#8243; text=&#8221;Read more&#8221; link=&#8221;#&#8221; color=&#8221;#ffffff&#8221; font_size=&#8221;15&#8243; hover_color=&#8221;#ffffff&#8221; background_color=&#8221;#212121&#8243; hover_background_color=&#8221;#ffb422&#8243; border_color=&#8221;#212121&#8243; hover_border_color=&#8221;#ffb422&#8243;][\/edgtf_elements_holder_item][edgtf_elements_holder_item background_color=&#8221;#fcbf48&#8243; item_padding=&#8221;19% 40px 17% 60px&#8221; target=&#8221;_self&#8221; item_padding_1280_1600=&#8221;19% 40px 16% 50px&#8221; item_padding_1024_1280=&#8221;19% 6% 16% 10%&#8221; item_padding_768_1024=&#8221;18% 24% 16.5% 24% &#8221; item_padding_600_768=&#8221;19% 15% 17% 15%&#8221; item_padding_480=&#8221;25% 6% 20% 10%&#8221; link=&#8221;#&#8221;][vc_column_text]\n<h2><span style=\"color: #ffffff;\">Make desition<\/span><\/h2>\n[\/vc_column_text][vc_empty_space height=&#8221;46px&#8221;][vc_column_text]<span style=\"color: #ffffff;\">Lorem ipsum dolor sit amet, aeque possit voluptaria eum ea. Denique erroribus et pri, mea vitae latine vocibus eu. Mel diam semper suavitate at, vis id nostro consectetuer, ut modo offendit constituam.<\/span>[\/vc_column_text][vc_empty_space][edgtf_button size=&#8221;&#8221; type=&#8221;&#8221; target=&#8221;_self&#8221; icon_pack=&#8221;font_elegant&#8221; fe_icon=&#8221;&#8221; font_weight=&#8221;600&#8243; text=&#8221;Read more&#8221; link=&#8221;#&#8221; color=&#8221;#212121&#8243; hover_color=&#8221;#212121&#8243; background_color=&#8221;#ffffff&#8221; hover_background_color=&#8221;#f0f0f0&#8243; border_color=&#8221;#ffffff&#8221; hover_border_color=&#8221;#f0f0f0&#8243; font_size=&#8221;15&#8243;][\/edgtf_elements_holder_item][edgtf_elements_holder_item background_image=&#8221;14275&#8243; item_padding=&#8221;0 0 0 0&#8243; target=&#8221;_self&#8221; item_padding_768_1024=&#8221;29.5% 0 29.5% 0 &#8221; item_padding_600_768=&#8221;34% 0 34% 0&#8243; item_padding_480=&#8221;61% 0 60% 0 &#8221; link=&#8221;#&#8221;][\/edgtf_elements_holder_item][\/edgtf_elements_holder][\/vc_column][\/vc_row][vc_row][vc_column][edgtf_elements_holder number_of_columns=&#8221;three-columns&#8221; switch_to_one_column=&#8221;1024&#8243;][edgtf_elements_holder_item background_image=&#8221;14276&#8243; item_padding=&#8221;19% 40px 17% 60px&#8221; target=&#8221;_self&#8221; item_padding_1280_1600=&#8221;19% 40px 16% 50px&#8221; item_padding_1024_1280=&#8221;19% 6% 16% 10%&#8221; item_padding_768_1024=&#8221;18% 24% 16.5% 24% &#8221; item_padding_600_768=&#8221;19% 15% 17% 15%&#8221; item_padding_480=&#8221;25% 6% 20% 10%&#8221; link=&#8221;#&#8221;][vc_column_text]\n<h2><span style=\"color: #ffffff;\">Act for planet<\/span><\/h2>\n[\/vc_column_text][vc_empty_space height=&#8221;46px&#8221;][vc_column_text]<span style=\"color: #ffffff;\">Lorem ipsum dolor sit amet, aeque possit voluptaria eum ea. Denique erroribus et pri, mea vitae latine vocibus eu. Mel diam semper suavitate at, vis id nostro consectetuer, ut modo offendit constituam.<\/span>[\/vc_column_text][vc_empty_space][edgtf_button size=&#8221;&#8221; type=&#8221;&#8221; target=&#8221;_self&#8221; icon_pack=&#8221;font_elegant&#8221; fe_icon=&#8221;&#8221; font_weight=&#8221;600&#8243; text=&#8221;Read more&#8221; link=&#8221;#&#8221; color=&#8221;#212121&#8243; hover_color=&#8221;#212121&#8243; background_color=&#8221;#ffffff&#8221; hover_background_color=&#8221;#f0f0f0&#8243; border_color=&#8221;#ffffff&#8221; hover_border_color=&#8221;#f0f0f0&#8243; font_size=&#8221;15&#8243;][\/edgtf_elements_holder_item][edgtf_elements_holder_item background_image=&#8221;14277&#8243; item_padding=&#8221;0 0 0 0&#8243; target=&#8221;_self&#8221; item_padding_768_1024=&#8221;29.5% 0 29.5% 0 &#8221; item_padding_600_768=&#8221;34% 0 34% 0&#8243; item_padding_480=&#8221;61% 0 60% 0 &#8221; link=&#8221;#&#8221;][\/edgtf_elements_holder_item][edgtf_elements_holder_item background_color=&#8221;#f6f4ee&#8221; background_image=&#8221;11769&#8243; item_padding=&#8221;19% 40px 17% 60px&#8221; target=&#8221;_self&#8221; item_padding_1280_1600=&#8221;19% 40px 16% 50px&#8221; item_padding_1024_1280=&#8221;19% 6% 16% 10%&#8221; item_padding_768_1024=&#8221;18% 24% 16.5% 24% &#8221; item_padding_600_768=&#8221;19% 15% 17% 15%&#8221; item_padding_480=&#8221;25% 6% 20% 10%&#8221; link=&#8221;#&#8221;][vc_column_text]\n<h2><span style=\"color: #212121;\">Spread awareness\u00a0<\/span><\/h2>\n[\/vc_column_text][vc_empty_space height=&#8221;46px&#8221;][vc_column_text]<span style=\"color: #212121;\">Lorem ipsum dolor sit amet, aeque possit voluptaria eum ea. Denique erroribus et pri, mea vitae latine vocibus eu. Mel diam semper suavitate at, vis id nostro consectetuer, ut modo offendit constituam.\u00a0<\/span>[\/vc_column_text][vc_empty_space][edgtf_button size=&#8221;&#8221; type=&#8221;&#8221; target=&#8221;_self&#8221; icon_pack=&#8221;font_elegant&#8221; fe_icon=&#8221;&#8221; font_weight=&#8221;600&#8243; text=&#8221;Read more&#8221; link=&#8221;#&#8221; color=&#8221;#ffffff&#8221; hover_color=&#8221;#ffffff&#8221; background_color=&#8221;#212121&#8243; border_color=&#8221;#212121&#8243; font_size=&#8221;15&#8243; hover_background_color=&#8221;#ffb422&#8243; hover_border_color=&#8221;#ffb422&#8243;][\/edgtf_elements_holder_item][\/edgtf_elements_holder][\/vc_column][\/vc_row]\n","protected":false},"excerpt":{"rendered":"<p>[vc_row][vc_column][edgtf_elements_holder number_of_columns=&#8221;three-columns&#8221; switch_to_one_column=&#8221;1024&#8243;][edgtf_elements_holder_item background_image=&#8221;14590&#8243; item_padding=&#8221;19% 40px 17% 60px&#8221; target=&#8221;_self&#8221; item_padding_1280_1600=&#8221;19% 40px 16% 50px&#8221; item_padding_1024_1280=&#8221;19% 6% 16% 10%&#8221; item_padding_768_1024=&#8221;18% 24% 16.5% 24% &#8221; item_padding_600_768=&#8221;19% 15% 17% 15%&#8221; item_padding_480=&#8221;25% 6% 20% 10%&#8221; link=&#8221;#&#8221;][vc_column_text] Meet the world [\/vc_column_text][vc_empty_space height=&#8221;46px&#8221;][vc_column_text]Lorem ipsum dolor sit amet, aeque possit voluptaria eum ea. Denique erroribus et pri, mea vitae latine vocibus eu. Mel [&hellip;]<\/p>\n","protected":false},"author":4,"featured_media":0,"parent":13046,"menu_order":0,"comment_status":"closed","ping_status":"closed","template":"full-width.php","meta":{"give_campaign_id":0,"footnotes":""},"class_list":["post-8673","page","type-page","status-publish","hentry"],"yoast_head":"<!-- This site is optimized with the Yoast SEO plugin v27.4 - https:\/\/yoast.com\/product\/yoast-seo-wordpress\/ -->\n<title>Elements holders - GESMujer &quot;Rosario Castellanos&quot;<\/title>\n<meta name=\"robots\" content=\"index, follow, max-snippet:-1, max-image-preview:large, max-video-preview:-1\" \/>\n<link rel=\"canonical\" href=\"https:\/\/www.gesmujer.org\/sitio\/elements\/elements-holders\/\" \/>\n<meta property=\"og:locale\" content=\"es_MX\" \/>\n<meta property=\"og:type\" content=\"article\" \/>\n<meta property=\"og:title\" content=\"Elements holders - GESMujer &quot;Rosario Castellanos&quot;\" \/>\n<meta property=\"og:description\" content=\"[vc_row][vc_column][edgtf_elements_holder number_of_columns=&#8221;three-columns&#8221; switch_to_one_column=&#8221;1024&#8243;][edgtf_elements_holder_item background_image=&#8221;14590&#8243; item_padding=&#8221;19% 40px 17% 60px&#8221; target=&#8221;_self&#8221; item_padding_1280_1600=&#8221;19% 40px 16% 50px&#8221; item_padding_1024_1280=&#8221;19% 6% 16% 10%&#8221; item_padding_768_1024=&#8221;18% 24% 16.5% 24% &#8221; item_padding_600_768=&#8221;19% 15% 17% 15%&#8221; item_padding_480=&#8221;25% 6% 20% 10%&#8221; link=&#8221;#&#8221;][vc_column_text] Meet the world [\/vc_column_text][vc_empty_space height=&#8221;46px&#8221;][vc_column_text]Lorem ipsum dolor sit amet, aeque possit voluptaria eum ea. Denique erroribus et pri, mea vitae latine vocibus eu. Mel [&hellip;]\" \/>\n<meta property=\"og:url\" content=\"https:\/\/www.gesmujer.org\/sitio\/elements\/elements-holders\/\" \/>\n<meta property=\"og:site_name\" content=\"GESMujer &quot;Rosario Castellanos&quot;\" \/>\n<meta property=\"article:publisher\" content=\"https:\/\/www.facebook.com\/gesmujer.rosario.castellanos.ac\" \/>\n<meta property=\"og:image\" content=\"https:\/\/www.gesmujer.org\/sitio\/wp-content\/uploads\/2023\/07\/tecnologia.png\" \/>\n\t<meta property=\"og:image:width\" content=\"1624\" \/>\n\t<meta property=\"og:image:height\" content=\"1242\" \/>\n\t<meta property=\"og:image:type\" content=\"image\/png\" \/>\n<meta name=\"twitter:card\" content=\"summary_large_image\" \/>\n<meta name=\"twitter:site\" content=\"@GES_Mujer\" \/>\n<meta name=\"twitter:label1\" content=\"Tiempo de lectura\" \/>\n\t<meta name=\"twitter:data1\" content=\"3 minutos\" \/>\n<script type=\"application\/ld+json\" class=\"yoast-schema-graph\">{\"@context\":\"https:\\\/\\\/schema.org\",\"@graph\":[{\"@type\":\"WebPage\",\"@id\":\"https:\\\/\\\/www.gesmujer.org\\\/sitio\\\/elements\\\/elements-holders\\\/\",\"url\":\"https:\\\/\\\/www.gesmujer.org\\\/sitio\\\/elements\\\/elements-holders\\\/\",\"name\":\"Elements holders - GESMujer &quot;Rosario Castellanos&quot;\",\"isPartOf\":{\"@id\":\"https:\\\/\\\/www.gesmujer.org\\\/sitio\\\/#website\"},\"datePublished\":\"2016-12-07T10:27:20+00:00\",\"breadcrumb\":{\"@id\":\"https:\\\/\\\/www.gesmujer.org\\\/sitio\\\/elements\\\/elements-holders\\\/#breadcrumb\"},\"inLanguage\":\"es\",\"potentialAction\":[{\"@type\":\"ReadAction\",\"target\":[\"https:\\\/\\\/www.gesmujer.org\\\/sitio\\\/elements\\\/elements-holders\\\/\"]}]},{\"@type\":\"BreadcrumbList\",\"@id\":\"https:\\\/\\\/www.gesmujer.org\\\/sitio\\\/elements\\\/elements-holders\\\/#breadcrumb\",\"itemListElement\":[{\"@type\":\"ListItem\",\"position\":1,\"name\":\"Home\",\"item\":\"https:\\\/\\\/www.gesmujer.org\\\/sitio\\\/\"},{\"@type\":\"ListItem\",\"position\":2,\"name\":\"Elements\",\"item\":\"https:\\\/\\\/www.gesmujer.org\\\/sitio\\\/elements\\\/\"},{\"@type\":\"ListItem\",\"position\":3,\"name\":\"Elements holders\"}]},{\"@type\":\"WebSite\",\"@id\":\"https:\\\/\\\/www.gesmujer.org\\\/sitio\\\/#website\",\"url\":\"https:\\\/\\\/www.gesmujer.org\\\/sitio\\\/\",\"name\":\"GESMujer \\\"Rosario Castellanos\\\"\",\"description\":\"M\u00e1s de 45 a\u00f1os ha llevado a cabo acciones para erradicar la violencia de g\u00e9nero y construir entornos donde las mujeres encuentren su resiliencia, incrementen su agencia y autonom\u00eda que les permita lograr su empoderamiento a trav\u00e9s de cinco l\u00edneas de acci\u00f3n.\",\"publisher\":{\"@id\":\"https:\\\/\\\/www.gesmujer.org\\\/sitio\\\/#organization\"},\"alternateName\":\"GESMujer\",\"potentialAction\":[{\"@type\":\"SearchAction\",\"target\":{\"@type\":\"EntryPoint\",\"urlTemplate\":\"https:\\\/\\\/www.gesmujer.org\\\/sitio\\\/?s={search_term_string}\"},\"query-input\":{\"@type\":\"PropertyValueSpecification\",\"valueRequired\":true,\"valueName\":\"search_term_string\"}}],\"inLanguage\":\"es\"},{\"@type\":\"Organization\",\"@id\":\"https:\\\/\\\/www.gesmujer.org\\\/sitio\\\/#organization\",\"name\":\"Grupo de estudios sobre la mujer Rosario Castellanos ac\",\"alternateName\":\"GESMujer\",\"url\":\"https:\\\/\\\/www.gesmujer.org\\\/sitio\\\/\",\"logo\":{\"@type\":\"ImageObject\",\"inLanguage\":\"es\",\"@id\":\"https:\\\/\\\/www.gesmujer.org\\\/sitio\\\/#\\\/schema\\\/logo\\\/image\\\/\",\"url\":\"https:\\\/\\\/www.gesmujer.org\\\/sitio\\\/wp-content\\\/uploads\\\/2026\\\/03\\\/Logo-GESMujer-300.png\",\"contentUrl\":\"https:\\\/\\\/www.gesmujer.org\\\/sitio\\\/wp-content\\\/uploads\\\/2026\\\/03\\\/Logo-GESMujer-300.png\",\"width\":300,\"height\":141,\"caption\":\"Grupo de estudios sobre la mujer Rosario Castellanos ac\"},\"image\":{\"@id\":\"https:\\\/\\\/www.gesmujer.org\\\/sitio\\\/#\\\/schema\\\/logo\\\/image\\\/\"},\"sameAs\":[\"https:\\\/\\\/www.facebook.com\\\/gesmujer.rosario.castellanos.ac\",\"https:\\\/\\\/x.com\\\/GES_Mujer\",\"https:\\\/\\\/www.instagram.com\\\/ges_mujer\\\/?hl=es\",\"https:\\\/\\\/www.youtube.com\\\/c\\\/GESMujerRosarioCastellanos\\\/videos\",\"https:\\\/\\\/soundcloud.com\\\/gesmujerac\",\"https:\\\/\\\/www.tiktok.com\\\/@gesmujer\"]}]}<\/script>\n<!-- \/ Yoast SEO plugin. -->","yoast_head_json":{"title":"Elements holders - GESMujer &quot;Rosario Castellanos&quot;","robots":{"index":"index","follow":"follow","max-snippet":"max-snippet:-1","max-image-preview":"max-image-preview:large","max-video-preview":"max-video-preview:-1"},"canonical":"https:\/\/www.gesmujer.org\/sitio\/elements\/elements-holders\/","og_locale":"es_MX","og_type":"article","og_title":"Elements holders - GESMujer &quot;Rosario Castellanos&quot;","og_description":"[vc_row][vc_column][edgtf_elements_holder number_of_columns=&#8221;three-columns&#8221; switch_to_one_column=&#8221;1024&#8243;][edgtf_elements_holder_item background_image=&#8221;14590&#8243; item_padding=&#8221;19% 40px 17% 60px&#8221; target=&#8221;_self&#8221; item_padding_1280_1600=&#8221;19% 40px 16% 50px&#8221; item_padding_1024_1280=&#8221;19% 6% 16% 10%&#8221; item_padding_768_1024=&#8221;18% 24% 16.5% 24% &#8221; item_padding_600_768=&#8221;19% 15% 17% 15%&#8221; item_padding_480=&#8221;25% 6% 20% 10%&#8221; link=&#8221;#&#8221;][vc_column_text] Meet the world [\/vc_column_text][vc_empty_space height=&#8221;46px&#8221;][vc_column_text]Lorem ipsum dolor sit amet, aeque possit voluptaria eum ea. Denique erroribus et pri, mea vitae latine vocibus eu. Mel [&hellip;]","og_url":"https:\/\/www.gesmujer.org\/sitio\/elements\/elements-holders\/","og_site_name":"GESMujer &quot;Rosario Castellanos&quot;","article_publisher":"https:\/\/www.facebook.com\/gesmujer.rosario.castellanos.ac","og_image":[{"width":1624,"height":1242,"url":"https:\/\/www.gesmujer.org\/sitio\/wp-content\/uploads\/2023\/07\/tecnologia.png","type":"image\/png"}],"twitter_card":"summary_large_image","twitter_site":"@GES_Mujer","twitter_misc":{"Tiempo de lectura":"3 minutos"},"schema":{"@context":"https:\/\/schema.org","@graph":[{"@type":"WebPage","@id":"https:\/\/www.gesmujer.org\/sitio\/elements\/elements-holders\/","url":"https:\/\/www.gesmujer.org\/sitio\/elements\/elements-holders\/","name":"Elements holders - GESMujer &quot;Rosario Castellanos&quot;","isPartOf":{"@id":"https:\/\/www.gesmujer.org\/sitio\/#website"},"datePublished":"2016-12-07T10:27:20+00:00","breadcrumb":{"@id":"https:\/\/www.gesmujer.org\/sitio\/elements\/elements-holders\/#breadcrumb"},"inLanguage":"es","potentialAction":[{"@type":"ReadAction","target":["https:\/\/www.gesmujer.org\/sitio\/elements\/elements-holders\/"]}]},{"@type":"BreadcrumbList","@id":"https:\/\/www.gesmujer.org\/sitio\/elements\/elements-holders\/#breadcrumb","itemListElement":[{"@type":"ListItem","position":1,"name":"Home","item":"https:\/\/www.gesmujer.org\/sitio\/"},{"@type":"ListItem","position":2,"name":"Elements","item":"https:\/\/www.gesmujer.org\/sitio\/elements\/"},{"@type":"ListItem","position":3,"name":"Elements holders"}]},{"@type":"WebSite","@id":"https:\/\/www.gesmujer.org\/sitio\/#website","url":"https:\/\/www.gesmujer.org\/sitio\/","name":"GESMujer \"Rosario Castellanos\"","description":"M\u00e1s de 45 a\u00f1os ha llevado a cabo acciones para erradicar la violencia de g\u00e9nero y construir entornos donde las mujeres encuentren su resiliencia, incrementen su agencia y autonom\u00eda que les permita lograr su empoderamiento a trav\u00e9s de cinco l\u00edneas de acci\u00f3n.","publisher":{"@id":"https:\/\/www.gesmujer.org\/sitio\/#organization"},"alternateName":"GESMujer","potentialAction":[{"@type":"SearchAction","target":{"@type":"EntryPoint","urlTemplate":"https:\/\/www.gesmujer.org\/sitio\/?s={search_term_string}"},"query-input":{"@type":"PropertyValueSpecification","valueRequired":true,"valueName":"search_term_string"}}],"inLanguage":"es"},{"@type":"Organization","@id":"https:\/\/www.gesmujer.org\/sitio\/#organization","name":"Grupo de estudios sobre la mujer Rosario Castellanos ac","alternateName":"GESMujer","url":"https:\/\/www.gesmujer.org\/sitio\/","logo":{"@type":"ImageObject","inLanguage":"es","@id":"https:\/\/www.gesmujer.org\/sitio\/#\/schema\/logo\/image\/","url":"https:\/\/www.gesmujer.org\/sitio\/wp-content\/uploads\/2026\/03\/Logo-GESMujer-300.png","contentUrl":"https:\/\/www.gesmujer.org\/sitio\/wp-content\/uploads\/2026\/03\/Logo-GESMujer-300.png","width":300,"height":141,"caption":"Grupo de estudios sobre la mujer Rosario Castellanos ac"},"image":{"@id":"https:\/\/www.gesmujer.org\/sitio\/#\/schema\/logo\/image\/"},"sameAs":["https:\/\/www.facebook.com\/gesmujer.rosario.castellanos.ac","https:\/\/x.com\/GES_Mujer","https:\/\/www.instagram.com\/ges_mujer\/?hl=es","https:\/\/www.youtube.com\/c\/GESMujerRosarioCastellanos\/videos","https:\/\/soundcloud.com\/gesmujerac","https:\/\/www.tiktok.com\/@gesmujer"]}]}},"campaignId":"","_links":{"self":[{"href":"https:\/\/www.gesmujer.org\/sitio\/wp-json\/wp\/v2\/pages\/8673","targetHints":{"allow":["GET"]}}],"collection":[{"href":"https:\/\/www.gesmujer.org\/sitio\/wp-json\/wp\/v2\/pages"}],"about":[{"href":"https:\/\/www.gesmujer.org\/sitio\/wp-json\/wp\/v2\/types\/page"}],"author":[{"embeddable":true,"href":"https:\/\/www.gesmujer.org\/sitio\/wp-json\/wp\/v2\/users\/4"}],"replies":[{"embeddable":true,"href":"https:\/\/www.gesmujer.org\/sitio\/wp-json\/wp\/v2\/comments?post=8673"}],"version-history":[{"count":0,"href":"https:\/\/www.gesmujer.org\/sitio\/wp-json\/wp\/v2\/pages\/8673\/revisions"}],"up":[{"embeddable":true,"href":"https:\/\/www.gesmujer.org\/sitio\/wp-json\/wp\/v2\/pages\/13046"}],"wp:attachment":[{"href":"https:\/\/www.gesmujer.org\/sitio\/wp-json\/wp\/v2\/media?parent=8673"}],"curies":[{"name":"wp","href":"https:\/\/api.w.org\/{rel}","templated":true}]}}