{"id":96,"date":"2014-01-25T17:09:12","date_gmt":"2014-01-25T17:09:12","guid":{"rendered":"https:\/\/www.gesmujer.org\/sitio\/?page_id=96"},"modified":"2014-03-12T15:36:49","modified_gmt":"2014-03-12T21:36:49","slug":"entrelineas","status":"publish","type":"page","link":"https:\/\/www.gesmujer.org\/sitio\/entrelineas\/","title":{"rendered":"Entrel\u00edneas"},"content":{"rendered":"[portfolio post_type=&#8221;page&#8221; page_id=&#8221;458, 462, 464, 466, 468, 470, 590, 594&#8243; columns=&#8221;4&#8243; content_width=&#8221;880&#8243; image_ratio=&#8221;1:1&#8243;\u00a0 posts_per_page=&#8221;12&#8243; paging=&#8221;true&#8221; title=&#8221;yes&#8221; link=&#8221;post&#8221;]\n","protected":false},"excerpt":{"rendered":"<p>[portfolio post_type=&#8221;page&#8221; page_id=&#8221;458, 462, 464, 466, 468, 470, 590, 594&#8243; columns=&#8221;4&#8243; content_width=&#8221;880&#8243; image_ratio=&#8221;1:1&#8243;\u00a0 posts_per_page=&#8221;12&#8243; paging=&#8221;true&#8221; title=&#8221;yes&#8221; link=&#8221;post&#8221;]<\/p>\n","protected":false},"author":4,"featured_media":0,"parent":0,"menu_order":0,"comment_status":"closed","ping_status":"open","template":"","meta":{"give_campaign_id":0,"footnotes":""},"class_list":["post-96","page","type-page","status-publish","hentry"],"yoast_head":"<!-- This site is optimized with the Yoast SEO plugin v27.2 - https:\/\/yoast.com\/product\/yoast-seo-wordpress\/ -->\n<title>Entrel\u00edneas - GESMujer &quot;Rosario Castellanos&quot;<\/title>\n<meta name=\"robots\" content=\"index, follow, max-snippet:-1, max-image-preview:large, max-video-preview:-1\" \/>\n<link rel=\"canonical\" href=\"https:\/\/www.gesmujer.org\/sitio\/entrelineas\/\" \/>\n<meta property=\"og:locale\" content=\"es_MX\" \/>\n<meta property=\"og:type\" content=\"article\" \/>\n<meta property=\"og:title\" content=\"Entrel\u00edneas - GESMujer &quot;Rosario Castellanos&quot;\" \/>\n<meta property=\"og:description\" content=\"[portfolio post_type=&#8221;page&#8221; page_id=&#8221;458, 462, 464, 466, 468, 470, 590, 594&#8243; columns=&#8221;4&#8243; content_width=&#8221;880&#8243; image_ratio=&#8221;1:1&#8243;\u00a0 posts_per_page=&#8221;12&#8243; paging=&#8221;true&#8221; title=&#8221;yes&#8221; link=&#8221;post&#8221;]\" \/>\n<meta property=\"og:url\" content=\"https:\/\/www.gesmujer.org\/sitio\/entrelineas\/\" \/>\n<meta property=\"og:site_name\" content=\"GESMujer &quot;Rosario Castellanos&quot;\" \/>\n<meta property=\"article:publisher\" content=\"https:\/\/www.facebook.com\/gesmujer.rosario.castellanos.ac\" \/>\n<meta property=\"article:modified_time\" content=\"2014-03-12T21:36:49+00:00\" \/>\n<meta property=\"og:image\" content=\"https:\/\/www.gesmujer.org\/sitio\/wp-content\/uploads\/2023\/07\/tecnologia.png\" \/>\n\t<meta property=\"og:image:width\" content=\"1624\" \/>\n\t<meta property=\"og:image:height\" content=\"1242\" \/>\n\t<meta property=\"og:image:type\" content=\"image\/png\" \/>\n<meta name=\"twitter:card\" content=\"summary_large_image\" \/>\n<meta name=\"twitter:site\" content=\"@GES_Mujer\" \/>\n<script type=\"application\/ld+json\" class=\"yoast-schema-graph\">{\"@context\":\"https:\/\/schema.org\",\"@graph\":[{\"@type\":\"WebPage\",\"@id\":\"https:\/\/www.gesmujer.org\/sitio\/entrelineas\/\",\"url\":\"https:\/\/www.gesmujer.org\/sitio\/entrelineas\/\",\"name\":\"Entrel\u00edneas - GESMujer &quot;Rosario Castellanos&quot;\",\"isPartOf\":{\"@id\":\"https:\/\/www.gesmujer.org\/sitio\/#website\"},\"datePublished\":\"2014-01-25T17:09:12+00:00\",\"dateModified\":\"2014-03-12T21:36:49+00:00\",\"breadcrumb\":{\"@id\":\"https:\/\/www.gesmujer.org\/sitio\/entrelineas\/#breadcrumb\"},\"inLanguage\":\"es\",\"potentialAction\":[{\"@type\":\"ReadAction\",\"target\":[\"https:\/\/www.gesmujer.org\/sitio\/entrelineas\/\"]}]},{\"@type\":\"BreadcrumbList\",\"@id\":\"https:\/\/www.gesmujer.org\/sitio\/entrelineas\/#breadcrumb\",\"itemListElement\":[{\"@type\":\"ListItem\",\"position\":1,\"name\":\"Home\",\"item\":\"https:\/\/www.gesmujer.org\/sitio\/\"},{\"@type\":\"ListItem\",\"position\":2,\"name\":\"Entrel\u00edneas\"}]},{\"@type\":\"WebSite\",\"@id\":\"https:\/\/www.gesmujer.org\/sitio\/#website\",\"url\":\"https:\/\/www.gesmujer.org\/sitio\/\",\"name\":\"GESMujer \\\"Rosario Castellanos\\\"\",\"description\":\"M\u00e1s de 45 a\u00f1os ha llevado a cabo acciones para erradicar la violencia de g\u00e9nero y construir entornos donde las mujeres encuentren su resiliencia, incrementen su agencia y autonom\u00eda que les permita lograr su empoderamiento a trav\u00e9s de cinco l\u00edneas de acci\u00f3n.\",\"publisher\":{\"@id\":\"https:\/\/www.gesmujer.org\/sitio\/#organization\"},\"alternateName\":\"GESMujer\",\"potentialAction\":[{\"@type\":\"SearchAction\",\"target\":{\"@type\":\"EntryPoint\",\"urlTemplate\":\"https:\/\/www.gesmujer.org\/sitio\/?s={search_term_string}\"},\"query-input\":{\"@type\":\"PropertyValueSpecification\",\"valueRequired\":true,\"valueName\":\"search_term_string\"}}],\"inLanguage\":\"es\"},{\"@type\":\"Organization\",\"@id\":\"https:\/\/www.gesmujer.org\/sitio\/#organization\",\"name\":\"Grupo de estudios sobre la mujer Rosario Castellanos ac\",\"alternateName\":\"GESMujer\",\"url\":\"https:\/\/www.gesmujer.org\/sitio\/\",\"logo\":{\"@type\":\"ImageObject\",\"inLanguage\":\"es\",\"@id\":\"https:\/\/www.gesmujer.org\/sitio\/#\/schema\/logo\/image\/\",\"url\":\"https:\/\/www.gesmujer.org\/sitio\/wp-content\/uploads\/2026\/03\/Logo-GESMujer-300.png\",\"contentUrl\":\"https:\/\/www.gesmujer.org\/sitio\/wp-content\/uploads\/2026\/03\/Logo-GESMujer-300.png\",\"width\":300,\"height\":141,\"caption\":\"Grupo de estudios sobre la mujer Rosario Castellanos ac\"},\"image\":{\"@id\":\"https:\/\/www.gesmujer.org\/sitio\/#\/schema\/logo\/image\/\"},\"sameAs\":[\"https:\/\/www.facebook.com\/gesmujer.rosario.castellanos.ac\",\"https:\/\/x.com\/GES_Mujer\",\"https:\/\/www.instagram.com\/ges_mujer\/?hl=es\",\"https:\/\/www.youtube.com\/c\/GESMujerRosarioCastellanos\/videos\",\"https:\/\/soundcloud.com\/gesmujerac\",\"https:\/\/www.tiktok.com\/@gesmujer\"]}]}<\/script>\n<!-- \/ Yoast SEO plugin. -->","yoast_head_json":{"title":"Entrel\u00edneas - GESMujer &quot;Rosario Castellanos&quot;","robots":{"index":"index","follow":"follow","max-snippet":"max-snippet:-1","max-image-preview":"max-image-preview:large","max-video-preview":"max-video-preview:-1"},"canonical":"https:\/\/www.gesmujer.org\/sitio\/entrelineas\/","og_locale":"es_MX","og_type":"article","og_title":"Entrel\u00edneas - GESMujer &quot;Rosario Castellanos&quot;","og_description":"[portfolio post_type=&#8221;page&#8221; page_id=&#8221;458, 462, 464, 466, 468, 470, 590, 594&#8243; columns=&#8221;4&#8243; content_width=&#8221;880&#8243; image_ratio=&#8221;1:1&#8243;\u00a0 posts_per_page=&#8221;12&#8243; paging=&#8221;true&#8221; title=&#8221;yes&#8221; link=&#8221;post&#8221;]","og_url":"https:\/\/www.gesmujer.org\/sitio\/entrelineas\/","og_site_name":"GESMujer &quot;Rosario Castellanos&quot;","article_publisher":"https:\/\/www.facebook.com\/gesmujer.rosario.castellanos.ac","article_modified_time":"2014-03-12T21:36:49+00:00","og_image":[{"width":1624,"height":1242,"url":"https:\/\/www.gesmujer.org\/sitio\/wp-content\/uploads\/2023\/07\/tecnologia.png","type":"image\/png"}],"twitter_card":"summary_large_image","twitter_site":"@GES_Mujer","schema":{"@context":"https:\/\/schema.org","@graph":[{"@type":"WebPage","@id":"https:\/\/www.gesmujer.org\/sitio\/entrelineas\/","url":"https:\/\/www.gesmujer.org\/sitio\/entrelineas\/","name":"Entrel\u00edneas - GESMujer &quot;Rosario Castellanos&quot;","isPartOf":{"@id":"https:\/\/www.gesmujer.org\/sitio\/#website"},"datePublished":"2014-01-25T17:09:12+00:00","dateModified":"2014-03-12T21:36:49+00:00","breadcrumb":{"@id":"https:\/\/www.gesmujer.org\/sitio\/entrelineas\/#breadcrumb"},"inLanguage":"es","potentialAction":[{"@type":"ReadAction","target":["https:\/\/www.gesmujer.org\/sitio\/entrelineas\/"]}]},{"@type":"BreadcrumbList","@id":"https:\/\/www.gesmujer.org\/sitio\/entrelineas\/#breadcrumb","itemListElement":[{"@type":"ListItem","position":1,"name":"Home","item":"https:\/\/www.gesmujer.org\/sitio\/"},{"@type":"ListItem","position":2,"name":"Entrel\u00edneas"}]},{"@type":"WebSite","@id":"https:\/\/www.gesmujer.org\/sitio\/#website","url":"https:\/\/www.gesmujer.org\/sitio\/","name":"GESMujer \"Rosario Castellanos\"","description":"M\u00e1s de 45 a\u00f1os ha llevado a cabo acciones para erradicar la violencia de g\u00e9nero y construir entornos donde las mujeres encuentren su resiliencia, incrementen su agencia y autonom\u00eda que les permita lograr su empoderamiento a trav\u00e9s de cinco l\u00edneas de acci\u00f3n.","publisher":{"@id":"https:\/\/www.gesmujer.org\/sitio\/#organization"},"alternateName":"GESMujer","potentialAction":[{"@type":"SearchAction","target":{"@type":"EntryPoint","urlTemplate":"https:\/\/www.gesmujer.org\/sitio\/?s={search_term_string}"},"query-input":{"@type":"PropertyValueSpecification","valueRequired":true,"valueName":"search_term_string"}}],"inLanguage":"es"},{"@type":"Organization","@id":"https:\/\/www.gesmujer.org\/sitio\/#organization","name":"Grupo de estudios sobre la mujer Rosario Castellanos ac","alternateName":"GESMujer","url":"https:\/\/www.gesmujer.org\/sitio\/","logo":{"@type":"ImageObject","inLanguage":"es","@id":"https:\/\/www.gesmujer.org\/sitio\/#\/schema\/logo\/image\/","url":"https:\/\/www.gesmujer.org\/sitio\/wp-content\/uploads\/2026\/03\/Logo-GESMujer-300.png","contentUrl":"https:\/\/www.gesmujer.org\/sitio\/wp-content\/uploads\/2026\/03\/Logo-GESMujer-300.png","width":300,"height":141,"caption":"Grupo de estudios sobre la mujer Rosario Castellanos ac"},"image":{"@id":"https:\/\/www.gesmujer.org\/sitio\/#\/schema\/logo\/image\/"},"sameAs":["https:\/\/www.facebook.com\/gesmujer.rosario.castellanos.ac","https:\/\/x.com\/GES_Mujer","https:\/\/www.instagram.com\/ges_mujer\/?hl=es","https:\/\/www.youtube.com\/c\/GESMujerRosarioCastellanos\/videos","https:\/\/soundcloud.com\/gesmujerac","https:\/\/www.tiktok.com\/@gesmujer"]}]}},"campaignId":"","_links":{"self":[{"href":"https:\/\/www.gesmujer.org\/sitio\/wp-json\/wp\/v2\/pages\/96","targetHints":{"allow":["GET"]}}],"collection":[{"href":"https:\/\/www.gesmujer.org\/sitio\/wp-json\/wp\/v2\/pages"}],"about":[{"href":"https:\/\/www.gesmujer.org\/sitio\/wp-json\/wp\/v2\/types\/page"}],"author":[{"embeddable":true,"href":"https:\/\/www.gesmujer.org\/sitio\/wp-json\/wp\/v2\/users\/4"}],"replies":[{"embeddable":true,"href":"https:\/\/www.gesmujer.org\/sitio\/wp-json\/wp\/v2\/comments?post=96"}],"version-history":[{"count":36,"href":"https:\/\/www.gesmujer.org\/sitio\/wp-json\/wp\/v2\/pages\/96\/revisions"}],"predecessor-version":[{"id":596,"href":"https:\/\/www.gesmujer.org\/sitio\/wp-json\/wp\/v2\/pages\/96\/revisions\/596"}],"wp:attachment":[{"href":"https:\/\/www.gesmujer.org\/sitio\/wp-json\/wp\/v2\/media?parent=96"}],"curies":[{"name":"wp","href":"https:\/\/api.w.org\/{rel}","templated":true}]}}