{"id":27972,"date":"2022-11-10T00:26:51","date_gmt":"2022-11-10T06:26:51","guid":{"rendered":"https:\/\/www.gesmujer.org\/sitio\/?post_type=product&#038;p=27972"},"modified":"2022-11-10T00:26:51","modified_gmt":"2022-11-10T06:26:51","slug":"libro-de-cuentos-arcoiris","status":"publish","type":"product","link":"https:\/\/www.gesmujer.org\/sitio\/producto\/libro-de-cuentos-arcoiris\/","title":{"rendered":"Libro de cuentos: Arco\u00edris"},"content":{"rendered":"<div class=\"xdj266r x11i5rnm xat24cr x1mh8g0r x1vvkbs x126k92a\">\n<div dir=\"auto\"><a href=\"https:\/\/www.gesmujer.org\/sitio\/wp-content\/uploads\/2022\/11\/Libro.png\"><img fetchpriority=\"high\" decoding=\"async\" class=\"alignnone size-medium wp-image-27974\" src=\"https:\/\/www.gesmujer.org\/sitio\/wp-content\/uploads\/2022\/11\/Libro-207x300.png\" alt=\"\" width=\"207\" height=\"300\" srcset=\"https:\/\/www.gesmujer.org\/sitio\/wp-content\/uploads\/2022\/11\/Libro-207x300.png 207w, https:\/\/www.gesmujer.org\/sitio\/wp-content\/uploads\/2022\/11\/Libro-600x870.png 600w, https:\/\/www.gesmujer.org\/sitio\/wp-content\/uploads\/2022\/11\/Libro.png 643w\" sizes=\"(max-width: 207px) 100vw, 207px\" \/><\/a><\/div>\n<div dir=\"auto\">ARCO\u00cdRIS <span class=\"x3nfvp2 x1j61x8r x1fcty0u xdj266r xhhsvwb xat24cr xgzva0m xxymvpz xlup9mm x1kky2od\"><img decoding=\"async\" src=\"https:\/\/static.xx.fbcdn.net\/images\/emoji.php\/v9\/tb2\/2\/16\/1f308.png\" alt=\"\ud83c\udf08\" width=\"16\" height=\"16\" \/><\/span><\/div>\n<\/div>\n<div class=\"x11i5rnm xat24cr x1mh8g0r x1vvkbs xtlvy1s x126k92a\">\n<div dir=\"auto\">Una recopilaci\u00f3n de cuentos con perspectiva de g\u00e9nero, de la autor\u00eda de <a class=\"x1i10hfl xjbqb8w x6umtig x1b1mbwd xaqea5y xav7gou x9f619 x1ypdohk xt0psk2 xe8uvvx xdj266r x11i5rnm xat24cr x1mh8g0r xexx8yu x4uap5 x18d9i69 xkhd6sd x16tdsg8 x1hl2dhg xggy1nq x1a2a7pz xt0b8zv x1qq9wsj xo1l8bm\" tabindex=\"0\" role=\"link\" href=\"https:\/\/www.facebook.com\/aleidaruizsosa?__cft__[0]=AZWmnM1XRXd9K_ZxH-6tisKl2pr0CH6nn2L1XXx27ZlACHZZfBCfhmlN4QPAPwqPqB9DwtLv_oIHCwTJLf5V9axXTX4PlTVo1A7Xra0Smwj506lzrWq4EiP7cWM5mKzCaxDKSwWRTW-0smi-KVUsUqehx9yV3exKyuRMETCshCPPcqhacOOXD8HYZciLBgDVpG4&amp;__tn__=-]K-R\"><span class=\"xt0psk2\">Aleida Ruiz Sosa &#8211; Activista y Bailarina<\/span><\/a>, que visibiliza las violencias que atraviesan la vida de las mujeres.<\/div>\n<\/div>\n<div class=\"x11i5rnm xat24cr x1mh8g0r x1vvkbs xtlvy1s x126k92a\">\n<div dir=\"auto\">\u00a1Adqui\u00e9relo ya en Amazon! <span class=\"x3nfvp2 x1j61x8r x1fcty0u xdj266r xhhsvwb xat24cr xgzva0m xxymvpz xlup9mm x1kky2od\"><img decoding=\"async\" src=\"https:\/\/static.xx.fbcdn.net\/images\/emoji.php\/v9\/tf0\/2\/16\/1f449.png\" alt=\"\ud83d\udc49\" width=\"16\" height=\"16\" \/><\/span><span class=\"x3nfvp2 x1j61x8r x1fcty0u xdj266r xhhsvwb xat24cr xgzva0m xxymvpz xlup9mm x1kky2od\"><img loading=\"lazy\" decoding=\"async\" src=\"https:\/\/static.xx.fbcdn.net\/images\/emoji.php\/v9\/t3d\/2\/16\/1f4d6.png\" alt=\"\ud83d\udcd6\" width=\"16\" height=\"16\" \/><\/span>: <a class=\"x1i10hfl xjbqb8w x6umtig x1b1mbwd xaqea5y xav7gou x9f619 x1ypdohk xt0psk2 xe8uvvx xdj266r x11i5rnm xat24cr x1mh8g0r xexx8yu x4uap5 x18d9i69 xkhd6sd x16tdsg8 x1hl2dhg xggy1nq x1a2a7pz xt0b8zv x1fey0fg\" href=\"https:\/\/www.amazon.com.mx\/dp\/B0BHF92JW4\" target=\"_blank\" rel=\"noreferrer noopener\">https:\/\/www.amazon.com.mx\/dp\/B0BHF92JW4<\/a><\/div>\n<\/div>\n<div class=\"x11i5rnm xat24cr x1mh8g0r x1vvkbs xtlvy1s x126k92a\">\n<div dir=\"auto\">Con su compra, ayudar\u00e1s a que m\u00e1s ni\u00f1as y mujeres de <a class=\"x1i10hfl xjbqb8w x6umtig x1b1mbwd xaqea5y xav7gou x9f619 x1ypdohk xt0psk2 xe8uvvx xdj266r x11i5rnm xat24cr x1mh8g0r xexx8yu x4uap5 x18d9i69 xkhd6sd x16tdsg8 x1hl2dhg xggy1nq x1a2a7pz xt0b8zv x1qq9wsj xo1l8bm\" tabindex=\"0\" role=\"link\" href=\"https:\/\/www.facebook.com\/hashtag\/oaxaca?__eep__=6&amp;__cft__[0]=AZWmnM1XRXd9K_ZxH-6tisKl2pr0CH6nn2L1XXx27ZlACHZZfBCfhmlN4QPAPwqPqB9DwtLv_oIHCwTJLf5V9axXTX4PlTVo1A7Xra0Smwj506lzrWq4EiP7cWM5mKzCaxDKSwWRTW-0smi-KVUsUqehx9yV3exKyuRMETCshCPPcqhacOOXD8HYZciLBgDVpG4&amp;__tn__=*NK-R\">#Oaxaca<\/a>, puedan acceder a una vida justa y libre de violencias, acompa\u00f1adas por <a class=\"x1i10hfl xjbqb8w x6umtig x1b1mbwd xaqea5y xav7gou x9f619 x1ypdohk xt0psk2 xe8uvvx xdj266r x11i5rnm xat24cr x1mh8g0r xexx8yu x4uap5 x18d9i69 xkhd6sd x16tdsg8 x1hl2dhg xggy1nq x1a2a7pz xt0b8zv x1qq9wsj xo1l8bm\" tabindex=\"0\" role=\"link\" href=\"https:\/\/www.facebook.com\/gesmujer.rosario.castellanos.ac\/?__cft__[0]=AZWmnM1XRXd9K_ZxH-6tisKl2pr0CH6nn2L1XXx27ZlACHZZfBCfhmlN4QPAPwqPqB9DwtLv_oIHCwTJLf5V9axXTX4PlTVo1A7Xra0Smwj506lzrWq4EiP7cWM5mKzCaxDKSwWRTW-0smi-KVUsUqehx9yV3exKyuRMETCshCPPcqhacOOXD8HYZciLBgDVpG4&amp;__tn__=kK-R\"><span class=\"xt0psk2\">Gesmujer Rosario Castellanos<\/span><\/a>.<\/div>\n<\/div>\n","protected":false},"excerpt":{"rendered":"<p>ARCO\u00cdRIS Una recopilaci\u00f3n de cuentos con perspectiva de g\u00e9nero, de la autor\u00eda de Aleida Ruiz Sosa &#8211; Activista y Bailarina, que visibiliza las violencias que atraviesan la vida de las mujeres. \u00a1Adqui\u00e9relo ya en Amazon! : https:\/\/www.amazon.com.mx\/dp\/B0BHF92JW4 Con su compra, ayudar\u00e1s a que m\u00e1s ni\u00f1as y mujeres de #Oaxaca, puedan acceder a una vida justa [&hellip;]<\/p>\n","protected":false},"featured_media":27973,"comment_status":"closed","ping_status":"closed","template":"","meta":{"give_campaign_id":0},"product_brand":[],"product_cat":[580,573,551],"product_tag":[],"class_list":{"0":"post-27972","1":"product","2":"type-product","3":"status-publish","4":"has-post-thumbnail","6":"product_cat-arte-literario","7":"product_cat-productoras","8":"product_cat-productos-con-causa","10":"first","11":"instock","12":"taxable","13":"shipping-taxable","14":"purchasable","15":"product-type-simple"},"yoast_head":"<!-- This site is optimized with the Yoast SEO plugin v27.4 - https:\/\/yoast.com\/product\/yoast-seo-wordpress\/ -->\n<title>Libro de cuentos: Arco\u00edris - GESMujer &quot;Rosario Castellanos&quot;<\/title>\n<meta name=\"robots\" content=\"index, follow, max-snippet:-1, max-image-preview:large, max-video-preview:-1\" \/>\n<link rel=\"canonical\" href=\"https:\/\/www.gesmujer.org\/sitio\/producto\/libro-de-cuentos-arcoiris\/\" \/>\n<meta property=\"og:locale\" content=\"es_MX\" \/>\n<meta property=\"og:type\" content=\"article\" \/>\n<meta property=\"og:title\" content=\"Libro de cuentos: Arco\u00edris - GESMujer &quot;Rosario Castellanos&quot;\" \/>\n<meta property=\"og:description\" content=\"ARCO\u00cdRIS Una recopilaci\u00f3n de cuentos con perspectiva de g\u00e9nero, de la autor\u00eda de Aleida Ruiz Sosa &#8211; Activista y Bailarina, que visibiliza las violencias que atraviesan la vida de las mujeres. \u00a1Adqui\u00e9relo ya en Amazon! : https:\/\/www.amazon.com.mx\/dp\/B0BHF92JW4 Con su compra, ayudar\u00e1s a que m\u00e1s ni\u00f1as y mujeres de #Oaxaca, puedan acceder a una vida justa [&hellip;]\" \/>\n<meta property=\"og:url\" content=\"https:\/\/www.gesmujer.org\/sitio\/producto\/libro-de-cuentos-arcoiris\/\" \/>\n<meta property=\"og:site_name\" content=\"GESMujer &quot;Rosario Castellanos&quot;\" \/>\n<meta property=\"article:publisher\" content=\"https:\/\/www.facebook.com\/gesmujer.rosario.castellanos.ac\" \/>\n<meta property=\"og:image\" content=\"https:\/\/www.gesmujer.org\/sitio\/wp-content\/uploads\/2022\/11\/313422469_5600469086735134_7019706417617593510_n.png\" \/>\n\t<meta property=\"og:image:width\" content=\"1080\" \/>\n\t<meta property=\"og:image:height\" content=\"1350\" \/>\n\t<meta property=\"og:image:type\" content=\"image\/png\" \/>\n<meta name=\"twitter:card\" content=\"summary_large_image\" \/>\n<meta name=\"twitter:site\" content=\"@GES_Mujer\" \/>\n<script type=\"application\/ld+json\" class=\"yoast-schema-graph\">{\"@context\":\"https:\\\/\\\/schema.org\",\"@graph\":[{\"@type\":\"WebPage\",\"@id\":\"https:\\\/\\\/www.gesmujer.org\\\/sitio\\\/producto\\\/libro-de-cuentos-arcoiris\\\/\",\"url\":\"https:\\\/\\\/www.gesmujer.org\\\/sitio\\\/producto\\\/libro-de-cuentos-arcoiris\\\/\",\"name\":\"Libro de cuentos: Arco\u00edris - GESMujer &quot;Rosario Castellanos&quot;\",\"isPartOf\":{\"@id\":\"https:\\\/\\\/www.gesmujer.org\\\/sitio\\\/#website\"},\"primaryImageOfPage\":{\"@id\":\"https:\\\/\\\/www.gesmujer.org\\\/sitio\\\/producto\\\/libro-de-cuentos-arcoiris\\\/#primaryimage\"},\"image\":{\"@id\":\"https:\\\/\\\/www.gesmujer.org\\\/sitio\\\/producto\\\/libro-de-cuentos-arcoiris\\\/#primaryimage\"},\"thumbnailUrl\":\"https:\\\/\\\/www.gesmujer.org\\\/sitio\\\/wp-content\\\/uploads\\\/2022\\\/11\\\/313422469_5600469086735134_7019706417617593510_n.png\",\"datePublished\":\"2022-11-10T06:26:51+00:00\",\"breadcrumb\":{\"@id\":\"https:\\\/\\\/www.gesmujer.org\\\/sitio\\\/producto\\\/libro-de-cuentos-arcoiris\\\/#breadcrumb\"},\"inLanguage\":\"es\",\"potentialAction\":[{\"@type\":\"ReadAction\",\"target\":[\"https:\\\/\\\/www.gesmujer.org\\\/sitio\\\/producto\\\/libro-de-cuentos-arcoiris\\\/\"]}]},{\"@type\":\"ImageObject\",\"inLanguage\":\"es\",\"@id\":\"https:\\\/\\\/www.gesmujer.org\\\/sitio\\\/producto\\\/libro-de-cuentos-arcoiris\\\/#primaryimage\",\"url\":\"https:\\\/\\\/www.gesmujer.org\\\/sitio\\\/wp-content\\\/uploads\\\/2022\\\/11\\\/313422469_5600469086735134_7019706417617593510_n.png\",\"contentUrl\":\"https:\\\/\\\/www.gesmujer.org\\\/sitio\\\/wp-content\\\/uploads\\\/2022\\\/11\\\/313422469_5600469086735134_7019706417617593510_n.png\",\"width\":1080,\"height\":1350},{\"@type\":\"BreadcrumbList\",\"@id\":\"https:\\\/\\\/www.gesmujer.org\\\/sitio\\\/producto\\\/libro-de-cuentos-arcoiris\\\/#breadcrumb\",\"itemListElement\":[{\"@type\":\"ListItem\",\"position\":1,\"name\":\"Home\",\"item\":\"https:\\\/\\\/www.gesmujer.org\\\/sitio\\\/\"},{\"@type\":\"ListItem\",\"position\":2,\"name\":\"TIENDA\",\"item\":\"https:\\\/\\\/www.gesmujer.org\\\/sitio\\\/tienda\\\/\"},{\"@type\":\"ListItem\",\"position\":3,\"name\":\"Libro de cuentos: Arco\u00edris\"}]},{\"@type\":\"WebSite\",\"@id\":\"https:\\\/\\\/www.gesmujer.org\\\/sitio\\\/#website\",\"url\":\"https:\\\/\\\/www.gesmujer.org\\\/sitio\\\/\",\"name\":\"GESMujer \\\"Rosario Castellanos\\\"\",\"description\":\"M\u00e1s de 45 a\u00f1os ha llevado a cabo acciones para erradicar la violencia de g\u00e9nero y construir entornos donde las mujeres encuentren su resiliencia, incrementen su agencia y autonom\u00eda que les permita lograr su empoderamiento a trav\u00e9s de cinco l\u00edneas de acci\u00f3n.\",\"publisher\":{\"@id\":\"https:\\\/\\\/www.gesmujer.org\\\/sitio\\\/#organization\"},\"alternateName\":\"GESMujer\",\"potentialAction\":[{\"@type\":\"SearchAction\",\"target\":{\"@type\":\"EntryPoint\",\"urlTemplate\":\"https:\\\/\\\/www.gesmujer.org\\\/sitio\\\/?s={search_term_string}\"},\"query-input\":{\"@type\":\"PropertyValueSpecification\",\"valueRequired\":true,\"valueName\":\"search_term_string\"}}],\"inLanguage\":\"es\"},{\"@type\":\"Organization\",\"@id\":\"https:\\\/\\\/www.gesmujer.org\\\/sitio\\\/#organization\",\"name\":\"Grupo de estudios sobre la mujer Rosario Castellanos ac\",\"alternateName\":\"GESMujer\",\"url\":\"https:\\\/\\\/www.gesmujer.org\\\/sitio\\\/\",\"logo\":{\"@type\":\"ImageObject\",\"inLanguage\":\"es\",\"@id\":\"https:\\\/\\\/www.gesmujer.org\\\/sitio\\\/#\\\/schema\\\/logo\\\/image\\\/\",\"url\":\"https:\\\/\\\/www.gesmujer.org\\\/sitio\\\/wp-content\\\/uploads\\\/2026\\\/03\\\/Logo-GESMujer-300.png\",\"contentUrl\":\"https:\\\/\\\/www.gesmujer.org\\\/sitio\\\/wp-content\\\/uploads\\\/2026\\\/03\\\/Logo-GESMujer-300.png\",\"width\":300,\"height\":141,\"caption\":\"Grupo de estudios sobre la mujer Rosario Castellanos ac\"},\"image\":{\"@id\":\"https:\\\/\\\/www.gesmujer.org\\\/sitio\\\/#\\\/schema\\\/logo\\\/image\\\/\"},\"sameAs\":[\"https:\\\/\\\/www.facebook.com\\\/gesmujer.rosario.castellanos.ac\",\"https:\\\/\\\/x.com\\\/GES_Mujer\",\"https:\\\/\\\/www.instagram.com\\\/ges_mujer\\\/?hl=es\",\"https:\\\/\\\/www.youtube.com\\\/c\\\/GESMujerRosarioCastellanos\\\/videos\",\"https:\\\/\\\/soundcloud.com\\\/gesmujerac\",\"https:\\\/\\\/www.tiktok.com\\\/@gesmujer\"]}]}<\/script>\n<!-- \/ Yoast SEO plugin. -->","yoast_head_json":{"title":"Libro de cuentos: Arco\u00edris - GESMujer &quot;Rosario Castellanos&quot;","robots":{"index":"index","follow":"follow","max-snippet":"max-snippet:-1","max-image-preview":"max-image-preview:large","max-video-preview":"max-video-preview:-1"},"canonical":"https:\/\/www.gesmujer.org\/sitio\/producto\/libro-de-cuentos-arcoiris\/","og_locale":"es_MX","og_type":"article","og_title":"Libro de cuentos: Arco\u00edris - GESMujer &quot;Rosario Castellanos&quot;","og_description":"ARCO\u00cdRIS Una recopilaci\u00f3n de cuentos con perspectiva de g\u00e9nero, de la autor\u00eda de Aleida Ruiz Sosa &#8211; Activista y Bailarina, que visibiliza las violencias que atraviesan la vida de las mujeres. \u00a1Adqui\u00e9relo ya en Amazon! : https:\/\/www.amazon.com.mx\/dp\/B0BHF92JW4 Con su compra, ayudar\u00e1s a que m\u00e1s ni\u00f1as y mujeres de #Oaxaca, puedan acceder a una vida justa [&hellip;]","og_url":"https:\/\/www.gesmujer.org\/sitio\/producto\/libro-de-cuentos-arcoiris\/","og_site_name":"GESMujer &quot;Rosario Castellanos&quot;","article_publisher":"https:\/\/www.facebook.com\/gesmujer.rosario.castellanos.ac","og_image":[{"width":1080,"height":1350,"url":"https:\/\/www.gesmujer.org\/sitio\/wp-content\/uploads\/2022\/11\/313422469_5600469086735134_7019706417617593510_n.png","type":"image\/png"}],"twitter_card":"summary_large_image","twitter_site":"@GES_Mujer","schema":{"@context":"https:\/\/schema.org","@graph":[{"@type":"WebPage","@id":"https:\/\/www.gesmujer.org\/sitio\/producto\/libro-de-cuentos-arcoiris\/","url":"https:\/\/www.gesmujer.org\/sitio\/producto\/libro-de-cuentos-arcoiris\/","name":"Libro de cuentos: Arco\u00edris - GESMujer &quot;Rosario Castellanos&quot;","isPartOf":{"@id":"https:\/\/www.gesmujer.org\/sitio\/#website"},"primaryImageOfPage":{"@id":"https:\/\/www.gesmujer.org\/sitio\/producto\/libro-de-cuentos-arcoiris\/#primaryimage"},"image":{"@id":"https:\/\/www.gesmujer.org\/sitio\/producto\/libro-de-cuentos-arcoiris\/#primaryimage"},"thumbnailUrl":"https:\/\/www.gesmujer.org\/sitio\/wp-content\/uploads\/2022\/11\/313422469_5600469086735134_7019706417617593510_n.png","datePublished":"2022-11-10T06:26:51+00:00","breadcrumb":{"@id":"https:\/\/www.gesmujer.org\/sitio\/producto\/libro-de-cuentos-arcoiris\/#breadcrumb"},"inLanguage":"es","potentialAction":[{"@type":"ReadAction","target":["https:\/\/www.gesmujer.org\/sitio\/producto\/libro-de-cuentos-arcoiris\/"]}]},{"@type":"ImageObject","inLanguage":"es","@id":"https:\/\/www.gesmujer.org\/sitio\/producto\/libro-de-cuentos-arcoiris\/#primaryimage","url":"https:\/\/www.gesmujer.org\/sitio\/wp-content\/uploads\/2022\/11\/313422469_5600469086735134_7019706417617593510_n.png","contentUrl":"https:\/\/www.gesmujer.org\/sitio\/wp-content\/uploads\/2022\/11\/313422469_5600469086735134_7019706417617593510_n.png","width":1080,"height":1350},{"@type":"BreadcrumbList","@id":"https:\/\/www.gesmujer.org\/sitio\/producto\/libro-de-cuentos-arcoiris\/#breadcrumb","itemListElement":[{"@type":"ListItem","position":1,"name":"Home","item":"https:\/\/www.gesmujer.org\/sitio\/"},{"@type":"ListItem","position":2,"name":"TIENDA","item":"https:\/\/www.gesmujer.org\/sitio\/tienda\/"},{"@type":"ListItem","position":3,"name":"Libro de cuentos: Arco\u00edris"}]},{"@type":"WebSite","@id":"https:\/\/www.gesmujer.org\/sitio\/#website","url":"https:\/\/www.gesmujer.org\/sitio\/","name":"GESMujer \"Rosario Castellanos\"","description":"M\u00e1s de 45 a\u00f1os ha llevado a cabo acciones para erradicar la violencia de g\u00e9nero y construir entornos donde las mujeres encuentren su resiliencia, incrementen su agencia y autonom\u00eda que les permita lograr su empoderamiento a trav\u00e9s de cinco l\u00edneas de acci\u00f3n.","publisher":{"@id":"https:\/\/www.gesmujer.org\/sitio\/#organization"},"alternateName":"GESMujer","potentialAction":[{"@type":"SearchAction","target":{"@type":"EntryPoint","urlTemplate":"https:\/\/www.gesmujer.org\/sitio\/?s={search_term_string}"},"query-input":{"@type":"PropertyValueSpecification","valueRequired":true,"valueName":"search_term_string"}}],"inLanguage":"es"},{"@type":"Organization","@id":"https:\/\/www.gesmujer.org\/sitio\/#organization","name":"Grupo de estudios sobre la mujer Rosario Castellanos ac","alternateName":"GESMujer","url":"https:\/\/www.gesmujer.org\/sitio\/","logo":{"@type":"ImageObject","inLanguage":"es","@id":"https:\/\/www.gesmujer.org\/sitio\/#\/schema\/logo\/image\/","url":"https:\/\/www.gesmujer.org\/sitio\/wp-content\/uploads\/2026\/03\/Logo-GESMujer-300.png","contentUrl":"https:\/\/www.gesmujer.org\/sitio\/wp-content\/uploads\/2026\/03\/Logo-GESMujer-300.png","width":300,"height":141,"caption":"Grupo de estudios sobre la mujer Rosario Castellanos ac"},"image":{"@id":"https:\/\/www.gesmujer.org\/sitio\/#\/schema\/logo\/image\/"},"sameAs":["https:\/\/www.facebook.com\/gesmujer.rosario.castellanos.ac","https:\/\/x.com\/GES_Mujer","https:\/\/www.instagram.com\/ges_mujer\/?hl=es","https:\/\/www.youtube.com\/c\/GESMujerRosarioCastellanos\/videos","https:\/\/soundcloud.com\/gesmujerac","https:\/\/www.tiktok.com\/@gesmujer"]}]}},"_links":{"self":[{"href":"https:\/\/www.gesmujer.org\/sitio\/wp-json\/wp\/v2\/product\/27972","targetHints":{"allow":["GET"]}}],"collection":[{"href":"https:\/\/www.gesmujer.org\/sitio\/wp-json\/wp\/v2\/product"}],"about":[{"href":"https:\/\/www.gesmujer.org\/sitio\/wp-json\/wp\/v2\/types\/product"}],"replies":[{"embeddable":true,"href":"https:\/\/www.gesmujer.org\/sitio\/wp-json\/wp\/v2\/comments?post=27972"}],"version-history":[{"count":0,"href":"https:\/\/www.gesmujer.org\/sitio\/wp-json\/wp\/v2\/product\/27972\/revisions"}],"wp:featuredmedia":[{"embeddable":true,"href":"https:\/\/www.gesmujer.org\/sitio\/wp-json\/wp\/v2\/media\/27973"}],"wp:attachment":[{"href":"https:\/\/www.gesmujer.org\/sitio\/wp-json\/wp\/v2\/media?parent=27972"}],"wp:term":[{"taxonomy":"product_brand","embeddable":true,"href":"https:\/\/www.gesmujer.org\/sitio\/wp-json\/wp\/v2\/product_brand?post=27972"},{"taxonomy":"product_cat","embeddable":true,"href":"https:\/\/www.gesmujer.org\/sitio\/wp-json\/wp\/v2\/product_cat?post=27972"},{"taxonomy":"product_tag","embeddable":true,"href":"https:\/\/www.gesmujer.org\/sitio\/wp-json\/wp\/v2\/product_tag?post=27972"}],"curies":[{"name":"wp","href":"https:\/\/api.w.org\/{rel}","templated":true}]}}