{"id":59613,"date":"2024-10-31T13:43:30","date_gmt":"2024-10-31T19:43:30","guid":{"rendered":"https:\/\/www.gesmujer.org\/sitio\/?post_type=product&#038;p=59613"},"modified":"2024-10-31T23:27:03","modified_gmt":"2024-11-01T05:27:03","slug":"%f0%9f%8c%bc%e2%9c%a8-descubre-la-dulzura-de-la-naturaleza-con-nuestra-miel-multifloral-100-ecologica-%e2%9c%a8%f0%9f%8c%bc-1-4-kg","status":"publish","type":"product","link":"https:\/\/www.gesmujer.org\/sitio\/producto\/%f0%9f%8c%bc%e2%9c%a8-descubre-la-dulzura-de-la-naturaleza-con-nuestra-miel-multifloral-100-ecologica-%e2%9c%a8%f0%9f%8c%bc-1-4-kg\/","title":{"rendered":"\ud83c\udf3c\u2728 Descubre la dulzura de la naturaleza con nuestra Miel Multifloral 100% Ecol\u00f3gica \u2728\ud83c\udf3c 1.4 Kg."},"content":{"rendered":"\t\t<div data-elementor-type=\"wp-post\" data-elementor-id=\"59613\" class=\"elementor elementor-59613\">\n\t\t\t\t\t\t<section class=\"elementor-section elementor-top-section elementor-element elementor-element-54bda0ad elementor-section-boxed elementor-section-height-default elementor-section-height-default\" data-id=\"54bda0ad\" data-element_type=\"section\" data-e-type=\"section\">\n\t\t\t\t\t\t<div class=\"elementor-container elementor-column-gap-default\">\n\t\t\t\t\t<div class=\"elementor-column elementor-col-100 elementor-top-column elementor-element elementor-element-4c0895fa\" data-id=\"4c0895fa\" data-element_type=\"column\" data-e-type=\"column\">\n\t\t\t<div class=\"elementor-widget-wrap elementor-element-populated\">\n\t\t\t\t\t\t<div class=\"elementor-element elementor-element-386d386d elementor-widget elementor-widget-text-editor\" data-id=\"386d386d\" data-element_type=\"widget\" data-e-type=\"widget\" data-widget_type=\"text-editor.default\">\n\t\t\t\t<div class=\"elementor-widget-container\">\n\t\t\t\t\t\t\t\t\t\ud83c\udf6f Nuestra miel de 1.4Kg es mucho m\u00e1s que un sabor incre\u00edble; es una creaci\u00f3n de las abejas y familias ind\u00edgenas productoras de los Altos de Chiapas \ud83d\udc1d. Al elegir nuestra miel, apoyas pr\u00e1cticas tradicionales y sostenibles que contribuyen a la polinizaci\u00f3n, la biodiversidad y el equilibrio de nuestro ecosistema \ud83c\udf0d\ud83c\udf31.\n\n\ud83d\udc9b Disfruta de la pureza de una miel que preserva el medio ambiente y fortalece las tradiciones de la regi\u00f3n. \u00a1Haz tu pedido y endulza tu vida de forma natural!\n\n\ud83d\udce6 \u00a1Env\u00edos a todo el pa\u00eds, pregunta por los costos de env\u00edo!\n\n#MielEcol\u00f3gica #MielMultifloral #AltosDeChiapas #ApoyoLocal #Biodiversidad #100Natural\n\nElaborado por: Uni\u00f3n de Productores Org\u00e1nicos Beneficio Majomut, S. de P.R. de R.L.\n\nEnvasado y comercializado por:\nCOOPERATIVA COMUNALI\nEconom\u00eda Social para las Mujeres Oaxaque\u00f1as S.C. de R.L. de C.V.\ncooperativacomunali@gesmujer.org\nOaxaca &#8211; M\u00e9xico.\n\n&nbsp;\t\t\t\t\t\t\t\t<\/div>\n\t\t\t\t<\/div>\n\t\t\t\t\t<\/div>\n\t\t<\/div>\n\t\t\t\t\t<\/div>\n\t\t<\/section>\n\t\t\t\t<\/div>\n\t\t","protected":false},"excerpt":{"rendered":"<p>\ud83d\udc9b Disfruta de la pureza de una miel que preserva el medio ambiente y fortalece las tradiciones de la regi\u00f3n. \u00a1Haz tu pedido y endulza tu vida de forma natural!<a href=\"https:\/\/www.gesmujer.org\/sitio\/wp-content\/uploads\/2024\/10\/Miel-Comunali00005.jpg\"><img fetchpriority=\"high\" decoding=\"async\" class=\"alignnone size-medium wp-image-59622\" src=\"https:\/\/www.gesmujer.org\/sitio\/wp-content\/uploads\/2024\/10\/Miel-Comunali00005-225x300.jpg\" alt=\"\" width=\"225\" height=\"300\" srcset=\"https:\/\/www.gesmujer.org\/sitio\/wp-content\/uploads\/2024\/10\/Miel-Comunali00005-225x300.jpg 225w, https:\/\/www.gesmujer.org\/sitio\/wp-content\/uploads\/2024\/10\/Miel-Comunali00005-768x1024.jpg 768w, https:\/\/www.gesmujer.org\/sitio\/wp-content\/uploads\/2024\/10\/Miel-Comunali00005.jpg 800w\" sizes=\"(max-width: 225px) 100vw, 225px\" \/><\/a><\/p>\n","protected":false},"featured_media":59615,"comment_status":"closed","ping_status":"closed","template":"","meta":{"give_campaign_id":0},"product_brand":[],"product_cat":[711,573,713,712],"product_tag":[],"class_list":{"0":"post-59613","1":"product","2":"type-product","3":"status-publish","4":"has-post-thumbnail","6":"product_cat-miel","7":"product_cat-productoras","8":"product_cat-productos-naturales","9":"product_cat-red-de-mujeres-cooperativistas-gesmujer","11":"first","12":"instock","13":"taxable","14":"shipping-taxable","15":"purchasable","16":"product-type-simple"},"yoast_head":"<!-- This site is optimized with the Yoast SEO plugin v27.5 - https:\/\/yoast.com\/product\/yoast-seo-wordpress\/ -->\n<title>\ud83c\udf3c\u2728 Descubre la dulzura de la naturaleza con nuestra Miel Multifloral 100% Ecol\u00f3gica \u2728\ud83c\udf3c 1.4 Kg. - GESMujer &quot;Rosario Castellanos&quot;<\/title>\n<meta name=\"description\" content=\"Nuestra miel es mucho m\u00e1s que un sabor incre\u00edble; es una creaci\u00f3n de las abejas y familias ind\u00edgenas productoras de los Altos de Chiapas \ud83d\udc1d. Al elegir nuestra miel, apoyas pr\u00e1cticas tradicionales y sostenibles que contribuyen a la polinizaci\u00f3n, la biodiversidad y el equilibrio de nuestro ecosistema \ud83c\udf0d\ud83c\udf31.\" \/>\n<meta name=\"robots\" content=\"index, follow, max-snippet:-1, max-image-preview:large, max-video-preview:-1\" \/>\n<link rel=\"canonical\" href=\"https:\/\/www.gesmujer.org\/sitio\/producto\/\ud83c\udf3c\u2728-descubre-la-dulzura-de-la-naturaleza-con-nuestra-miel-multifloral-100-ecologica-\u2728\ud83c\udf3c-1-4-kg\/\" \/>\n<meta property=\"og:locale\" content=\"es_MX\" \/>\n<meta property=\"og:type\" content=\"article\" \/>\n<meta property=\"og:title\" content=\"\ud83c\udf3c\u2728 Descubre la dulzura de la naturaleza con nuestra Miel Multifloral 100% Ecol\u00f3gica \u2728\ud83c\udf3c 1.4 Kg. - GESMujer &quot;Rosario Castellanos&quot;\" \/>\n<meta property=\"og:description\" content=\"Nuestra miel es mucho m\u00e1s que un sabor incre\u00edble; es una creaci\u00f3n de las abejas y familias ind\u00edgenas productoras de los Altos de Chiapas \ud83d\udc1d. Al elegir nuestra miel, apoyas pr\u00e1cticas tradicionales y sostenibles que contribuyen a la polinizaci\u00f3n, la biodiversidad y el equilibrio de nuestro ecosistema \ud83c\udf0d\ud83c\udf31.\" \/>\n<meta property=\"og:url\" content=\"https:\/\/www.gesmujer.org\/sitio\/producto\/\ud83c\udf3c\u2728-descubre-la-dulzura-de-la-naturaleza-con-nuestra-miel-multifloral-100-ecologica-\u2728\ud83c\udf3c-1-4-kg\/\" \/>\n<meta property=\"og:site_name\" content=\"GESMujer &quot;Rosario Castellanos&quot;\" \/>\n<meta property=\"article:publisher\" content=\"https:\/\/www.facebook.com\/gesmujer.rosario.castellanos.ac\" \/>\n<meta property=\"article:modified_time\" content=\"2024-11-01T05:27:03+00:00\" \/>\n<meta property=\"og:image\" content=\"https:\/\/www.gesmujer.org\/sitio\/wp-content\/uploads\/2024\/10\/Miel-Comunali-1.png\" \/>\n\t<meta property=\"og:image:width\" content=\"1080\" \/>\n\t<meta property=\"og:image:height\" content=\"1320\" \/>\n\t<meta property=\"og:image:type\" content=\"image\/png\" \/>\n<meta name=\"twitter:card\" content=\"summary_large_image\" \/>\n<meta name=\"twitter:site\" content=\"@GES_Mujer\" \/>\n<meta name=\"twitter:label1\" content=\"Tiempo de lectura\" \/>\n\t<meta name=\"twitter:data1\" content=\"1 minuto\" \/>\n<script type=\"application\/ld+json\" class=\"yoast-schema-graph\">{\"@context\":\"https:\\\/\\\/schema.org\",\"@graph\":[{\"@type\":\"WebPage\",\"@id\":\"https:\\\/\\\/www.gesmujer.org\\\/sitio\\\/producto\\\/%f0%9f%8c%bc%e2%9c%a8-descubre-la-dulzura-de-la-naturaleza-con-nuestra-miel-multifloral-100-ecologica-%e2%9c%a8%f0%9f%8c%bc-1-4-kg\\\/\",\"url\":\"https:\\\/\\\/www.gesmujer.org\\\/sitio\\\/producto\\\/%f0%9f%8c%bc%e2%9c%a8-descubre-la-dulzura-de-la-naturaleza-con-nuestra-miel-multifloral-100-ecologica-%e2%9c%a8%f0%9f%8c%bc-1-4-kg\\\/\",\"name\":\"\ud83c\udf3c\u2728 Descubre la dulzura de la naturaleza con nuestra Miel Multifloral 100% Ecol\u00f3gica \u2728\ud83c\udf3c 1.4 Kg. - GESMujer &quot;Rosario Castellanos&quot;\",\"isPartOf\":{\"@id\":\"https:\\\/\\\/www.gesmujer.org\\\/sitio\\\/#website\"},\"primaryImageOfPage\":{\"@id\":\"https:\\\/\\\/www.gesmujer.org\\\/sitio\\\/producto\\\/%f0%9f%8c%bc%e2%9c%a8-descubre-la-dulzura-de-la-naturaleza-con-nuestra-miel-multifloral-100-ecologica-%e2%9c%a8%f0%9f%8c%bc-1-4-kg\\\/#primaryimage\"},\"image\":{\"@id\":\"https:\\\/\\\/www.gesmujer.org\\\/sitio\\\/producto\\\/%f0%9f%8c%bc%e2%9c%a8-descubre-la-dulzura-de-la-naturaleza-con-nuestra-miel-multifloral-100-ecologica-%e2%9c%a8%f0%9f%8c%bc-1-4-kg\\\/#primaryimage\"},\"thumbnailUrl\":\"https:\\\/\\\/www.gesmujer.org\\\/sitio\\\/wp-content\\\/uploads\\\/2024\\\/10\\\/Miel-Comunali-1.png\",\"datePublished\":\"2024-10-31T19:43:30+00:00\",\"dateModified\":\"2024-11-01T05:27:03+00:00\",\"description\":\"Nuestra miel es mucho m\u00e1s que un sabor incre\u00edble; es una creaci\u00f3n de las abejas y familias ind\u00edgenas productoras de los Altos de Chiapas \ud83d\udc1d. Al elegir nuestra miel, apoyas pr\u00e1cticas tradicionales y sostenibles que contribuyen a la polinizaci\u00f3n, la biodiversidad y el equilibrio de nuestro ecosistema \ud83c\udf0d\ud83c\udf31.\",\"breadcrumb\":{\"@id\":\"https:\\\/\\\/www.gesmujer.org\\\/sitio\\\/producto\\\/%f0%9f%8c%bc%e2%9c%a8-descubre-la-dulzura-de-la-naturaleza-con-nuestra-miel-multifloral-100-ecologica-%e2%9c%a8%f0%9f%8c%bc-1-4-kg\\\/#breadcrumb\"},\"inLanguage\":\"es\",\"potentialAction\":[{\"@type\":\"ReadAction\",\"target\":[\"https:\\\/\\\/www.gesmujer.org\\\/sitio\\\/producto\\\/%f0%9f%8c%bc%e2%9c%a8-descubre-la-dulzura-de-la-naturaleza-con-nuestra-miel-multifloral-100-ecologica-%e2%9c%a8%f0%9f%8c%bc-1-4-kg\\\/\"]}]},{\"@type\":\"ImageObject\",\"inLanguage\":\"es\",\"@id\":\"https:\\\/\\\/www.gesmujer.org\\\/sitio\\\/producto\\\/%f0%9f%8c%bc%e2%9c%a8-descubre-la-dulzura-de-la-naturaleza-con-nuestra-miel-multifloral-100-ecologica-%e2%9c%a8%f0%9f%8c%bc-1-4-kg\\\/#primaryimage\",\"url\":\"https:\\\/\\\/www.gesmujer.org\\\/sitio\\\/wp-content\\\/uploads\\\/2024\\\/10\\\/Miel-Comunali-1.png\",\"contentUrl\":\"https:\\\/\\\/www.gesmujer.org\\\/sitio\\\/wp-content\\\/uploads\\\/2024\\\/10\\\/Miel-Comunali-1.png\",\"width\":1080,\"height\":1320},{\"@type\":\"BreadcrumbList\",\"@id\":\"https:\\\/\\\/www.gesmujer.org\\\/sitio\\\/producto\\\/%f0%9f%8c%bc%e2%9c%a8-descubre-la-dulzura-de-la-naturaleza-con-nuestra-miel-multifloral-100-ecologica-%e2%9c%a8%f0%9f%8c%bc-1-4-kg\\\/#breadcrumb\",\"itemListElement\":[{\"@type\":\"ListItem\",\"position\":1,\"name\":\"Home\",\"item\":\"https:\\\/\\\/www.gesmujer.org\\\/sitio\\\/\"},{\"@type\":\"ListItem\",\"position\":2,\"name\":\"TIENDA\",\"item\":\"https:\\\/\\\/www.gesmujer.org\\\/sitio\\\/tienda\\\/\"},{\"@type\":\"ListItem\",\"position\":3,\"name\":\"\ud83c\udf3c\u2728 Descubre la dulzura de la naturaleza con nuestra Miel Multifloral 100% Ecol\u00f3gica \u2728\ud83c\udf3c 1.4 Kg.\"}]},{\"@type\":\"WebSite\",\"@id\":\"https:\\\/\\\/www.gesmujer.org\\\/sitio\\\/#website\",\"url\":\"https:\\\/\\\/www.gesmujer.org\\\/sitio\\\/\",\"name\":\"GESMujer \\\"Rosario Castellanos\\\"\",\"description\":\"M\u00e1s de 45 a\u00f1os ha llevado a cabo acciones para erradicar la violencia de g\u00e9nero y construir entornos donde las mujeres encuentren su resiliencia, incrementen su agencia y autonom\u00eda que les permita lograr su empoderamiento a trav\u00e9s de cinco l\u00edneas de acci\u00f3n.\",\"publisher\":{\"@id\":\"https:\\\/\\\/www.gesmujer.org\\\/sitio\\\/#organization\"},\"alternateName\":\"GESMujer\",\"potentialAction\":[{\"@type\":\"SearchAction\",\"target\":{\"@type\":\"EntryPoint\",\"urlTemplate\":\"https:\\\/\\\/www.gesmujer.org\\\/sitio\\\/?s={search_term_string}\"},\"query-input\":{\"@type\":\"PropertyValueSpecification\",\"valueRequired\":true,\"valueName\":\"search_term_string\"}}],\"inLanguage\":\"es\"},{\"@type\":\"Organization\",\"@id\":\"https:\\\/\\\/www.gesmujer.org\\\/sitio\\\/#organization\",\"name\":\"Grupo de estudios sobre la mujer Rosario Castellanos ac\",\"alternateName\":\"GESMujer\",\"url\":\"https:\\\/\\\/www.gesmujer.org\\\/sitio\\\/\",\"logo\":{\"@type\":\"ImageObject\",\"inLanguage\":\"es\",\"@id\":\"https:\\\/\\\/www.gesmujer.org\\\/sitio\\\/#\\\/schema\\\/logo\\\/image\\\/\",\"url\":\"https:\\\/\\\/www.gesmujer.org\\\/sitio\\\/wp-content\\\/uploads\\\/2026\\\/03\\\/Logo-GESMujer-300.png\",\"contentUrl\":\"https:\\\/\\\/www.gesmujer.org\\\/sitio\\\/wp-content\\\/uploads\\\/2026\\\/03\\\/Logo-GESMujer-300.png\",\"width\":300,\"height\":141,\"caption\":\"Grupo de estudios sobre la mujer Rosario Castellanos ac\"},\"image\":{\"@id\":\"https:\\\/\\\/www.gesmujer.org\\\/sitio\\\/#\\\/schema\\\/logo\\\/image\\\/\"},\"sameAs\":[\"https:\\\/\\\/www.facebook.com\\\/gesmujer.rosario.castellanos.ac\",\"https:\\\/\\\/x.com\\\/GES_Mujer\",\"https:\\\/\\\/www.instagram.com\\\/ges_mujer\\\/?hl=es\",\"https:\\\/\\\/www.youtube.com\\\/c\\\/GESMujerRosarioCastellanos\\\/videos\",\"https:\\\/\\\/soundcloud.com\\\/gesmujerac\",\"https:\\\/\\\/www.tiktok.com\\\/@gesmujer\"]}]}<\/script>\n<!-- \/ Yoast SEO plugin. -->","yoast_head_json":{"title":"\ud83c\udf3c\u2728 Descubre la dulzura de la naturaleza con nuestra Miel Multifloral 100% Ecol\u00f3gica \u2728\ud83c\udf3c 1.4 Kg. - GESMujer &quot;Rosario Castellanos&quot;","description":"Nuestra miel es mucho m\u00e1s que un sabor incre\u00edble; es una creaci\u00f3n de las abejas y familias ind\u00edgenas productoras de los Altos de Chiapas \ud83d\udc1d. Al elegir nuestra miel, apoyas pr\u00e1cticas tradicionales y sostenibles que contribuyen a la polinizaci\u00f3n, la biodiversidad y el equilibrio de nuestro ecosistema \ud83c\udf0d\ud83c\udf31.","robots":{"index":"index","follow":"follow","max-snippet":"max-snippet:-1","max-image-preview":"max-image-preview:large","max-video-preview":"max-video-preview:-1"},"canonical":"https:\/\/www.gesmujer.org\/sitio\/producto\/\ud83c\udf3c\u2728-descubre-la-dulzura-de-la-naturaleza-con-nuestra-miel-multifloral-100-ecologica-\u2728\ud83c\udf3c-1-4-kg\/","og_locale":"es_MX","og_type":"article","og_title":"\ud83c\udf3c\u2728 Descubre la dulzura de la naturaleza con nuestra Miel Multifloral 100% Ecol\u00f3gica \u2728\ud83c\udf3c 1.4 Kg. - GESMujer &quot;Rosario Castellanos&quot;","og_description":"Nuestra miel es mucho m\u00e1s que un sabor incre\u00edble; es una creaci\u00f3n de las abejas y familias ind\u00edgenas productoras de los Altos de Chiapas \ud83d\udc1d. Al elegir nuestra miel, apoyas pr\u00e1cticas tradicionales y sostenibles que contribuyen a la polinizaci\u00f3n, la biodiversidad y el equilibrio de nuestro ecosistema \ud83c\udf0d\ud83c\udf31.","og_url":"https:\/\/www.gesmujer.org\/sitio\/producto\/\ud83c\udf3c\u2728-descubre-la-dulzura-de-la-naturaleza-con-nuestra-miel-multifloral-100-ecologica-\u2728\ud83c\udf3c-1-4-kg\/","og_site_name":"GESMujer &quot;Rosario Castellanos&quot;","article_publisher":"https:\/\/www.facebook.com\/gesmujer.rosario.castellanos.ac","article_modified_time":"2024-11-01T05:27:03+00:00","og_image":[{"width":1080,"height":1320,"url":"https:\/\/www.gesmujer.org\/sitio\/wp-content\/uploads\/2024\/10\/Miel-Comunali-1.png","type":"image\/png"}],"twitter_card":"summary_large_image","twitter_site":"@GES_Mujer","twitter_misc":{"Tiempo de lectura":"1 minuto"},"schema":{"@context":"https:\/\/schema.org","@graph":[{"@type":"WebPage","@id":"https:\/\/www.gesmujer.org\/sitio\/producto\/%f0%9f%8c%bc%e2%9c%a8-descubre-la-dulzura-de-la-naturaleza-con-nuestra-miel-multifloral-100-ecologica-%e2%9c%a8%f0%9f%8c%bc-1-4-kg\/","url":"https:\/\/www.gesmujer.org\/sitio\/producto\/%f0%9f%8c%bc%e2%9c%a8-descubre-la-dulzura-de-la-naturaleza-con-nuestra-miel-multifloral-100-ecologica-%e2%9c%a8%f0%9f%8c%bc-1-4-kg\/","name":"\ud83c\udf3c\u2728 Descubre la dulzura de la naturaleza con nuestra Miel Multifloral 100% Ecol\u00f3gica \u2728\ud83c\udf3c 1.4 Kg. - GESMujer &quot;Rosario Castellanos&quot;","isPartOf":{"@id":"https:\/\/www.gesmujer.org\/sitio\/#website"},"primaryImageOfPage":{"@id":"https:\/\/www.gesmujer.org\/sitio\/producto\/%f0%9f%8c%bc%e2%9c%a8-descubre-la-dulzura-de-la-naturaleza-con-nuestra-miel-multifloral-100-ecologica-%e2%9c%a8%f0%9f%8c%bc-1-4-kg\/#primaryimage"},"image":{"@id":"https:\/\/www.gesmujer.org\/sitio\/producto\/%f0%9f%8c%bc%e2%9c%a8-descubre-la-dulzura-de-la-naturaleza-con-nuestra-miel-multifloral-100-ecologica-%e2%9c%a8%f0%9f%8c%bc-1-4-kg\/#primaryimage"},"thumbnailUrl":"https:\/\/www.gesmujer.org\/sitio\/wp-content\/uploads\/2024\/10\/Miel-Comunali-1.png","datePublished":"2024-10-31T19:43:30+00:00","dateModified":"2024-11-01T05:27:03+00:00","description":"Nuestra miel es mucho m\u00e1s que un sabor incre\u00edble; es una creaci\u00f3n de las abejas y familias ind\u00edgenas productoras de los Altos de Chiapas \ud83d\udc1d. Al elegir nuestra miel, apoyas pr\u00e1cticas tradicionales y sostenibles que contribuyen a la polinizaci\u00f3n, la biodiversidad y el equilibrio de nuestro ecosistema \ud83c\udf0d\ud83c\udf31.","breadcrumb":{"@id":"https:\/\/www.gesmujer.org\/sitio\/producto\/%f0%9f%8c%bc%e2%9c%a8-descubre-la-dulzura-de-la-naturaleza-con-nuestra-miel-multifloral-100-ecologica-%e2%9c%a8%f0%9f%8c%bc-1-4-kg\/#breadcrumb"},"inLanguage":"es","potentialAction":[{"@type":"ReadAction","target":["https:\/\/www.gesmujer.org\/sitio\/producto\/%f0%9f%8c%bc%e2%9c%a8-descubre-la-dulzura-de-la-naturaleza-con-nuestra-miel-multifloral-100-ecologica-%e2%9c%a8%f0%9f%8c%bc-1-4-kg\/"]}]},{"@type":"ImageObject","inLanguage":"es","@id":"https:\/\/www.gesmujer.org\/sitio\/producto\/%f0%9f%8c%bc%e2%9c%a8-descubre-la-dulzura-de-la-naturaleza-con-nuestra-miel-multifloral-100-ecologica-%e2%9c%a8%f0%9f%8c%bc-1-4-kg\/#primaryimage","url":"https:\/\/www.gesmujer.org\/sitio\/wp-content\/uploads\/2024\/10\/Miel-Comunali-1.png","contentUrl":"https:\/\/www.gesmujer.org\/sitio\/wp-content\/uploads\/2024\/10\/Miel-Comunali-1.png","width":1080,"height":1320},{"@type":"BreadcrumbList","@id":"https:\/\/www.gesmujer.org\/sitio\/producto\/%f0%9f%8c%bc%e2%9c%a8-descubre-la-dulzura-de-la-naturaleza-con-nuestra-miel-multifloral-100-ecologica-%e2%9c%a8%f0%9f%8c%bc-1-4-kg\/#breadcrumb","itemListElement":[{"@type":"ListItem","position":1,"name":"Home","item":"https:\/\/www.gesmujer.org\/sitio\/"},{"@type":"ListItem","position":2,"name":"TIENDA","item":"https:\/\/www.gesmujer.org\/sitio\/tienda\/"},{"@type":"ListItem","position":3,"name":"\ud83c\udf3c\u2728 Descubre la dulzura de la naturaleza con nuestra Miel Multifloral 100% Ecol\u00f3gica \u2728\ud83c\udf3c 1.4 Kg."}]},{"@type":"WebSite","@id":"https:\/\/www.gesmujer.org\/sitio\/#website","url":"https:\/\/www.gesmujer.org\/sitio\/","name":"GESMujer \"Rosario Castellanos\"","description":"M\u00e1s de 45 a\u00f1os ha llevado a cabo acciones para erradicar la violencia de g\u00e9nero y construir entornos donde las mujeres encuentren su resiliencia, incrementen su agencia y autonom\u00eda que les permita lograr su empoderamiento a trav\u00e9s de cinco l\u00edneas de acci\u00f3n.","publisher":{"@id":"https:\/\/www.gesmujer.org\/sitio\/#organization"},"alternateName":"GESMujer","potentialAction":[{"@type":"SearchAction","target":{"@type":"EntryPoint","urlTemplate":"https:\/\/www.gesmujer.org\/sitio\/?s={search_term_string}"},"query-input":{"@type":"PropertyValueSpecification","valueRequired":true,"valueName":"search_term_string"}}],"inLanguage":"es"},{"@type":"Organization","@id":"https:\/\/www.gesmujer.org\/sitio\/#organization","name":"Grupo de estudios sobre la mujer Rosario Castellanos ac","alternateName":"GESMujer","url":"https:\/\/www.gesmujer.org\/sitio\/","logo":{"@type":"ImageObject","inLanguage":"es","@id":"https:\/\/www.gesmujer.org\/sitio\/#\/schema\/logo\/image\/","url":"https:\/\/www.gesmujer.org\/sitio\/wp-content\/uploads\/2026\/03\/Logo-GESMujer-300.png","contentUrl":"https:\/\/www.gesmujer.org\/sitio\/wp-content\/uploads\/2026\/03\/Logo-GESMujer-300.png","width":300,"height":141,"caption":"Grupo de estudios sobre la mujer Rosario Castellanos ac"},"image":{"@id":"https:\/\/www.gesmujer.org\/sitio\/#\/schema\/logo\/image\/"},"sameAs":["https:\/\/www.facebook.com\/gesmujer.rosario.castellanos.ac","https:\/\/x.com\/GES_Mujer","https:\/\/www.instagram.com\/ges_mujer\/?hl=es","https:\/\/www.youtube.com\/c\/GESMujerRosarioCastellanos\/videos","https:\/\/soundcloud.com\/gesmujerac","https:\/\/www.tiktok.com\/@gesmujer"]}]}},"_links":{"self":[{"href":"https:\/\/www.gesmujer.org\/sitio\/wp-json\/wp\/v2\/product\/59613","targetHints":{"allow":["GET"]}}],"collection":[{"href":"https:\/\/www.gesmujer.org\/sitio\/wp-json\/wp\/v2\/product"}],"about":[{"href":"https:\/\/www.gesmujer.org\/sitio\/wp-json\/wp\/v2\/types\/product"}],"replies":[{"embeddable":true,"href":"https:\/\/www.gesmujer.org\/sitio\/wp-json\/wp\/v2\/comments?post=59613"}],"version-history":[{"count":9,"href":"https:\/\/www.gesmujer.org\/sitio\/wp-json\/wp\/v2\/product\/59613\/revisions"}],"predecessor-version":[{"id":59640,"href":"https:\/\/www.gesmujer.org\/sitio\/wp-json\/wp\/v2\/product\/59613\/revisions\/59640"}],"wp:featuredmedia":[{"embeddable":true,"href":"https:\/\/www.gesmujer.org\/sitio\/wp-json\/wp\/v2\/media\/59615"}],"wp:attachment":[{"href":"https:\/\/www.gesmujer.org\/sitio\/wp-json\/wp\/v2\/media?parent=59613"}],"wp:term":[{"taxonomy":"product_brand","embeddable":true,"href":"https:\/\/www.gesmujer.org\/sitio\/wp-json\/wp\/v2\/product_brand?post=59613"},{"taxonomy":"product_cat","embeddable":true,"href":"https:\/\/www.gesmujer.org\/sitio\/wp-json\/wp\/v2\/product_cat?post=59613"},{"taxonomy":"product_tag","embeddable":true,"href":"https:\/\/www.gesmujer.org\/sitio\/wp-json\/wp\/v2\/product_tag?post=59613"}],"curies":[{"name":"wp","href":"https:\/\/api.w.org\/{rel}","templated":true}]}}