{"id":59641,"date":"2024-10-31T22:55:15","date_gmt":"2024-11-01T04:55:15","guid":{"rendered":"https:\/\/www.gesmujer.org\/sitio\/?post_type=product&#038;p=59641"},"modified":"2024-10-31T23:46:35","modified_gmt":"2024-11-01T05:46:35","slug":"%f0%9f%8c%bf%e2%9c%a8-aceite-de-coco-100-organico-%e2%9c%a8%f0%9f%8c%bf-atomizador-con-6ml-y-con-pomadera-con-50-ml","status":"publish","type":"product","link":"https:\/\/www.gesmujer.org\/sitio\/producto\/%f0%9f%8c%bf%e2%9c%a8-aceite-de-coco-100-organico-%e2%9c%a8%f0%9f%8c%bf-atomizador-con-6ml-y-con-pomadera-con-50-ml\/","title":{"rendered":"\ud83c\udf3f\u2728 Aceite de Coco 100% Org\u00e1nico \u2728\ud83c\udf3f ( Atomizador con 60 Ml y con pomadera con 50 Ml)"},"content":{"rendered":"\t\t<div data-elementor-type=\"wp-post\" data-elementor-id=\"59641\" class=\"elementor elementor-59641\">\n\t\t\t\t\t\t<section class=\"elementor-section elementor-top-section elementor-element elementor-element-450590ae elementor-section-boxed elementor-section-height-default elementor-section-height-default\" data-id=\"450590ae\" data-element_type=\"section\" data-e-type=\"section\">\n\t\t\t\t\t\t<div class=\"elementor-container elementor-column-gap-default\">\n\t\t\t\t\t<div class=\"elementor-column elementor-col-100 elementor-top-column elementor-element elementor-element-1395d509\" data-id=\"1395d509\" data-element_type=\"column\" data-e-type=\"column\">\n\t\t\t<div class=\"elementor-widget-wrap elementor-element-populated\">\n\t\t\t\t\t\t<div class=\"elementor-element elementor-element-156e9d5 elementor-widget elementor-widget-text-editor\" data-id=\"156e9d5\" data-element_type=\"widget\" data-e-type=\"widget\" data-widget_type=\"text-editor.default\">\n\t\t\t\t<div class=\"elementor-widget-container\">\n\t\t\t\t\t\t\t\t\t\u00bfBuscas un aceite de coco puro y natural? Nuestro <strong>Aceite de Coco 100% org\u00e1nico y elaborado a mano<\/strong> es la elecci\u00f3n perfecta. Extra\u00eddo por la Cooperativa <em>Mujeres Afro del Ciruelo<\/em> en la costa de Oaxaca y comercializado por la cooperativa <em>Comunali<\/em>, este aceite es mucho m\u00e1s que un producto: es el resultado del trabajo de mujeres que promueven una econom\u00eda social y solidaria. \ud83d\udcaa\ud83c\udffe\ud83d\udc9a\r\n<h3>\u00bfPor qu\u00e9 amarlo?<\/h3>\r\n<ul>\r\n \t<li><strong>Hidrata y nutre<\/strong>: Ideal para piel y cabello.<\/li>\r\n \t<li><strong>Antioxidante natural<\/strong>: Protege de radicales libres.<\/li>\r\n \t<li><strong>Ayuda digestiva<\/strong>: Aporta beneficios al sistema digestivo.<\/li>\r\n \t<li><strong>Multiuso<\/strong>: \u00dasalo en recetas, rutinas de belleza y mucho m\u00e1s.<\/li>\r\n<\/ul>\r\nApoya a mujeres emprendedoras y disfruta de los beneficios de este producto artesanal y responsable. \ud83d\udca7\ud83e\uddf4 \u00a1Compra ya y forma parte de la transformaci\u00f3n econ\u00f3mica desde Oaxaca!\t\t\t\t\t\t\t\t<\/div>\n\t\t\t\t<\/div>\n\t\t\t\t\t<\/div>\n\t\t<\/div>\n\t\t\t\t\t<\/div>\n\t\t<\/section>\n\t\t\t\t<section class=\"elementor-section elementor-top-section elementor-element elementor-element-12f7f45 elementor-section-boxed elementor-section-height-default elementor-section-height-default\" data-id=\"12f7f45\" data-element_type=\"section\" data-e-type=\"section\">\n\t\t\t\t\t\t<div class=\"elementor-container elementor-column-gap-default\">\n\t\t\t\t\t<div class=\"elementor-column elementor-col-100 elementor-top-column elementor-element elementor-element-21696f1\" data-id=\"21696f1\" data-element_type=\"column\" data-e-type=\"column\">\n\t\t\t<div class=\"elementor-widget-wrap elementor-element-populated\">\n\t\t\t\t\t\t<div class=\"elementor-element elementor-element-cf5901b elementor-arrows-position-inside elementor-pagination-position-outside elementor-widget elementor-widget-image-carousel\" data-id=\"cf5901b\" data-element_type=\"widget\" data-e-type=\"widget\" data-settings=\"{&quot;navigation&quot;:&quot;both&quot;,&quot;autoplay&quot;:&quot;yes&quot;,&quot;pause_on_hover&quot;:&quot;yes&quot;,&quot;pause_on_interaction&quot;:&quot;yes&quot;,&quot;autoplay_speed&quot;:5000,&quot;infinite&quot;:&quot;yes&quot;,&quot;speed&quot;:500}\" data-widget_type=\"image-carousel.default\">\n\t\t\t\t<div class=\"elementor-widget-container\">\n\t\t\t\t\t\t\t<div class=\"elementor-image-carousel-wrapper swiper\" role=\"region\" aria-roledescription=\"carousel\" aria-label=\"Carrusel de Im\u00e1genes\" dir=\"ltr\">\n\t\t\t<div class=\"elementor-image-carousel swiper-wrapper\" aria-live=\"off\">\n\t\t\t\t\t\t\t\t<div class=\"swiper-slide\" role=\"group\" aria-roledescription=\"slide\" aria-label=\"1 de 12\"><figure class=\"swiper-slide-inner\"><img decoding=\"async\" class=\"swiper-slide-image\" src=\"https:\/\/www.gesmujer.org\/sitio\/wp-content\/uploads\/2024\/10\/aceite-Coco-Comunali00009-540x450.jpg\" alt=\"aceite Coco Comunali00009\" \/><\/figure><\/div><div class=\"swiper-slide\" role=\"group\" aria-roledescription=\"slide\" aria-label=\"2 de 12\"><figure class=\"swiper-slide-inner\"><img decoding=\"async\" class=\"swiper-slide-image\" src=\"https:\/\/www.gesmujer.org\/sitio\/wp-content\/uploads\/2024\/10\/aceite-Coco-Comunali00008-540x540.jpg\" alt=\"aceite Coco Comunali00008\" \/><\/figure><\/div><div class=\"swiper-slide\" role=\"group\" aria-roledescription=\"slide\" aria-label=\"3 de 12\"><figure class=\"swiper-slide-inner\"><img decoding=\"async\" class=\"swiper-slide-image\" src=\"https:\/\/www.gesmujer.org\/sitio\/wp-content\/uploads\/2024\/10\/aceite-Coco-Comunali00007-540x540.jpg\" alt=\"aceite Coco Comunali00007\" \/><\/figure><\/div><div class=\"swiper-slide\" role=\"group\" aria-roledescription=\"slide\" aria-label=\"4 de 12\"><figure class=\"swiper-slide-inner\"><img decoding=\"async\" class=\"swiper-slide-image\" src=\"https:\/\/www.gesmujer.org\/sitio\/wp-content\/uploads\/2024\/10\/aceite-Coco-Comunali00006-540x540.jpg\" alt=\"aceite Coco Comunali00006\" \/><\/figure><\/div><div class=\"swiper-slide\" role=\"group\" aria-roledescription=\"slide\" aria-label=\"5 de 12\"><figure class=\"swiper-slide-inner\"><img decoding=\"async\" class=\"swiper-slide-image\" src=\"https:\/\/www.gesmujer.org\/sitio\/wp-content\/uploads\/2024\/10\/aceite-Coco-Comunali00005-540x540.jpg\" alt=\"aceite Coco Comunali00005\" \/><\/figure><\/div><div class=\"swiper-slide\" role=\"group\" aria-roledescription=\"slide\" aria-label=\"6 de 12\"><figure class=\"swiper-slide-inner\"><img decoding=\"async\" class=\"swiper-slide-image\" src=\"https:\/\/www.gesmujer.org\/sitio\/wp-content\/uploads\/2024\/10\/aceite-Coco-Comunali00004-540x540.jpg\" alt=\"aceite Coco Comunali00004\" \/><\/figure><\/div><div class=\"swiper-slide\" role=\"group\" aria-roledescription=\"slide\" aria-label=\"7 de 12\"><figure class=\"swiper-slide-inner\"><img decoding=\"async\" class=\"swiper-slide-image\" src=\"https:\/\/www.gesmujer.org\/sitio\/wp-content\/uploads\/2024\/10\/aceite-Coco-Comunali00003-540x540.jpg\" alt=\"aceite Coco Comunali00003\" \/><\/figure><\/div><div class=\"swiper-slide\" role=\"group\" aria-roledescription=\"slide\" aria-label=\"8 de 12\"><figure class=\"swiper-slide-inner\"><img decoding=\"async\" class=\"swiper-slide-image\" src=\"https:\/\/www.gesmujer.org\/sitio\/wp-content\/uploads\/2024\/10\/aceite-Coco-Comunali00002-540x540.jpg\" alt=\"aceite Coco Comunali00002\" \/><\/figure><\/div><div class=\"swiper-slide\" role=\"group\" aria-roledescription=\"slide\" aria-label=\"9 de 12\"><figure class=\"swiper-slide-inner\"><img decoding=\"async\" class=\"swiper-slide-image\" src=\"https:\/\/www.gesmujer.org\/sitio\/wp-content\/uploads\/2024\/10\/aceite-Coco-Comunali00001-540x540.jpg\" alt=\"aceite Coco Comunali00001\" \/><\/figure><\/div><div class=\"swiper-slide\" role=\"group\" aria-roledescription=\"slide\" aria-label=\"10 de 12\"><figure class=\"swiper-slide-inner\"><img decoding=\"async\" class=\"swiper-slide-image\" src=\"https:\/\/www.gesmujer.org\/sitio\/wp-content\/uploads\/2024\/09\/PHOTO-2024-08-15-19-21-28-540x540.jpg\" alt=\"PHOTO-2024-08-15-19-21-28\" \/><\/figure><\/div><div class=\"swiper-slide\" role=\"group\" aria-roledescription=\"slide\" aria-label=\"11 de 12\"><figure class=\"swiper-slide-inner\"><img decoding=\"async\" class=\"swiper-slide-image\" src=\"https:\/\/www.gesmujer.org\/sitio\/wp-content\/uploads\/2024\/09\/PHOTO-2024-08-15-19-43-00-540x540.jpg\" alt=\"PHOTO-2024-08-15-19-43-00\" \/><\/figure><\/div><div class=\"swiper-slide\" role=\"group\" aria-roledescription=\"slide\" aria-label=\"12 de 12\"><figure class=\"swiper-slide-inner\"><img decoding=\"async\" class=\"swiper-slide-image\" src=\"https:\/\/www.gesmujer.org\/sitio\/wp-content\/uploads\/2024\/09\/PHOTO-2024-08-15-19-51-33-540x540.jpg\" alt=\"PHOTO-2024-08-15-19-51-33\" \/><\/figure><\/div>\t\t\t<\/div>\n\t\t\t\t\t\t\t\t\t\t\t\t<div class=\"elementor-swiper-button elementor-swiper-button-prev\" role=\"button\" tabindex=\"0\">\n\t\t\t\t\t\t<i aria-hidden=\"true\" class=\"eicon-chevron-left\"><\/i>\t\t\t\t\t<\/div>\n\t\t\t\t\t<div class=\"elementor-swiper-button elementor-swiper-button-next\" role=\"button\" tabindex=\"0\">\n\t\t\t\t\t\t<i aria-hidden=\"true\" class=\"eicon-chevron-right\"><\/i>\t\t\t\t\t<\/div>\n\t\t\t\t\n\t\t\t\t\t\t\t\t\t<div class=\"swiper-pagination\"><\/div>\n\t\t\t\t\t\t\t\t\t<\/div>\n\t\t\t\t\t\t<\/div>\n\t\t\t\t<\/div>\n\t\t\t\t\t<\/div>\n\t\t<\/div>\n\t\t\t\t\t<\/div>\n\t\t<\/section>\n\t\t\t\t<\/div>\n\t\t","protected":false},"excerpt":{"rendered":"<p><a href=\"https:\/\/www.gesmujer.org\/sitio\/wp-content\/uploads\/2024\/09\/PHOTO-2024-08-15-19-43-38.jpg\"><\/a>\u00bfBuscas un aceite de coco puro y natural? Nuestro <strong>Aceite de Coco 100% org\u00e1nico y elaborado a mano<\/strong> es la elecci\u00f3n perfecta. Extra\u00eddo por la Cooperativa <em>Mujeres Afro del Ciruelo<\/em> en la costa de Oaxaca y comercializado por la cooperativa <em>Comunali<\/em>, este aceite es mucho m\u00e1s que un producto: es el resultado del trabajo de mujeres que promueven una econom\u00eda social y solidaria. \ud83d\udcaa\ud83c\udffe\ud83d\udc9a<\/p>\n<h3>\u00bfPor qu\u00e9 amarlo?<\/h3>\n<ul>\n<li><strong>Hidrata y nutre<\/strong>: Ideal para piel y cabello.<\/li>\n<li><strong>Antioxidante natural<\/strong>: Protege de radicales libres.<\/li>\n<li><strong>Ayuda digestiva<\/strong>: Aporta beneficios al sistema digestivo.<\/li>\n<li><strong>Multiuso<\/strong>: \u00dasalo en recetas, rutinas de belleza y mucho m\u00e1s.<\/li>\n<\/ul>\n<p>Apoya a mujeres emprendedoras y disfruta de los beneficios de este producto artesanal y responsable. \ud83d\udca7\ud83e\uddf4 \u00a1Compra ya y forma parte de la transformaci\u00f3n econ\u00f3mica desde Oaxaca!<\/p>\n","protected":false},"featured_media":59477,"comment_status":"closed","ping_status":"closed","template":"","meta":{"give_campaign_id":0},"product_brand":[],"product_cat":[573,713,712],"product_tag":[714],"class_list":{"0":"post-59641","1":"product","2":"type-product","3":"status-publish","4":"has-post-thumbnail","6":"product_cat-productoras","7":"product_cat-productos-naturales","8":"product_cat-red-de-mujeres-cooperativistas-gesmujer","9":"product_tag-aceite-de-coco","11":"first","12":"instock","13":"taxable","14":"shipping-taxable","15":"purchasable","16":"product-type-simple"},"yoast_head":"<!-- This site is optimized with the Yoast SEO plugin v27.3 - https:\/\/yoast.com\/product\/yoast-seo-wordpress\/ -->\n<title>\ud83c\udf3f\u2728 Aceite de Coco 100% Org\u00e1nico \u2728\ud83c\udf3f ( Atomizador con 60 Ml y con pomadera con 50 Ml) - GESMujer &quot;Rosario Castellanos&quot;<\/title>\n<meta name=\"description\" content=\"\u00bfBuscas un aceite de coco puro y natural? Nuestro Aceite de Coco 100% org\u00e1nico y elaborado a mano es la elecci\u00f3n perfecta. Extra\u00eddo por la Cooperativa Mujeres Afro del Ciruelo en la costa de Oaxaca.\" \/>\n<meta name=\"robots\" content=\"index, follow, max-snippet:-1, max-image-preview:large, max-video-preview:-1\" \/>\n<link rel=\"canonical\" href=\"https:\/\/www.gesmujer.org\/sitio\/producto\/\ud83c\udf3f\u2728-aceite-de-coco-100-organico-\u2728\ud83c\udf3f-atomizador-con-6ml-y-con-pomadera-con-50-ml\/\" \/>\n<meta property=\"og:locale\" content=\"es_MX\" \/>\n<meta property=\"og:type\" content=\"article\" \/>\n<meta property=\"og:title\" content=\"\ud83c\udf3f\u2728 Aceite de Coco 100% Org\u00e1nico \u2728\ud83c\udf3f ( Atomizador con 60 Ml y con pomadera con 50 Ml) - GESMujer &quot;Rosario Castellanos&quot;\" \/>\n<meta property=\"og:description\" content=\"\u00bfBuscas un aceite de coco puro y natural? Nuestro Aceite de Coco 100% org\u00e1nico y elaborado a mano es la elecci\u00f3n perfecta. Extra\u00eddo por la Cooperativa Mujeres Afro del Ciruelo en la costa de Oaxaca.\" \/>\n<meta property=\"og:url\" content=\"https:\/\/www.gesmujer.org\/sitio\/producto\/\ud83c\udf3f\u2728-aceite-de-coco-100-organico-\u2728\ud83c\udf3f-atomizador-con-6ml-y-con-pomadera-con-50-ml\/\" \/>\n<meta property=\"og:site_name\" content=\"GESMujer &quot;Rosario Castellanos&quot;\" \/>\n<meta property=\"article:publisher\" content=\"https:\/\/www.facebook.com\/gesmujer.rosario.castellanos.ac\" \/>\n<meta property=\"article:modified_time\" content=\"2024-11-01T05:46:35+00:00\" \/>\n<meta property=\"og:image\" content=\"https:\/\/www.gesmujer.org\/sitio\/wp-content\/uploads\/2024\/09\/PHOTO-2024-08-15-19-21-28.jpg\" \/>\n\t<meta property=\"og:image:width\" content=\"1600\" \/>\n\t<meta property=\"og:image:height\" content=\"1200\" \/>\n\t<meta property=\"og:image:type\" content=\"image\/jpeg\" \/>\n<meta name=\"twitter:card\" content=\"summary_large_image\" \/>\n<meta name=\"twitter:site\" content=\"@GES_Mujer\" \/>\n<meta name=\"twitter:label1\" content=\"Tiempo de lectura\" \/>\n\t<meta name=\"twitter:data1\" content=\"1 minuto\" \/>\n<script type=\"application\/ld+json\" class=\"yoast-schema-graph\">{\"@context\":\"https:\\\/\\\/schema.org\",\"@graph\":[{\"@type\":\"WebPage\",\"@id\":\"https:\\\/\\\/www.gesmujer.org\\\/sitio\\\/producto\\\/%f0%9f%8c%bf%e2%9c%a8-aceite-de-coco-100-organico-%e2%9c%a8%f0%9f%8c%bf-atomizador-con-6ml-y-con-pomadera-con-50-ml\\\/\",\"url\":\"https:\\\/\\\/www.gesmujer.org\\\/sitio\\\/producto\\\/%f0%9f%8c%bf%e2%9c%a8-aceite-de-coco-100-organico-%e2%9c%a8%f0%9f%8c%bf-atomizador-con-6ml-y-con-pomadera-con-50-ml\\\/\",\"name\":\"\ud83c\udf3f\u2728 Aceite de Coco 100% Org\u00e1nico \u2728\ud83c\udf3f ( Atomizador con 60 Ml y con pomadera con 50 Ml) - GESMujer &quot;Rosario Castellanos&quot;\",\"isPartOf\":{\"@id\":\"https:\\\/\\\/www.gesmujer.org\\\/sitio\\\/#website\"},\"primaryImageOfPage\":{\"@id\":\"https:\\\/\\\/www.gesmujer.org\\\/sitio\\\/producto\\\/%f0%9f%8c%bf%e2%9c%a8-aceite-de-coco-100-organico-%e2%9c%a8%f0%9f%8c%bf-atomizador-con-6ml-y-con-pomadera-con-50-ml\\\/#primaryimage\"},\"image\":{\"@id\":\"https:\\\/\\\/www.gesmujer.org\\\/sitio\\\/producto\\\/%f0%9f%8c%bf%e2%9c%a8-aceite-de-coco-100-organico-%e2%9c%a8%f0%9f%8c%bf-atomizador-con-6ml-y-con-pomadera-con-50-ml\\\/#primaryimage\"},\"thumbnailUrl\":\"https:\\\/\\\/www.gesmujer.org\\\/sitio\\\/wp-content\\\/uploads\\\/2024\\\/09\\\/PHOTO-2024-08-15-19-21-28.jpg\",\"datePublished\":\"2024-11-01T04:55:15+00:00\",\"dateModified\":\"2024-11-01T05:46:35+00:00\",\"description\":\"\u00bfBuscas un aceite de coco puro y natural? Nuestro Aceite de Coco 100% org\u00e1nico y elaborado a mano es la elecci\u00f3n perfecta. Extra\u00eddo por la Cooperativa Mujeres Afro del Ciruelo en la costa de Oaxaca.\",\"breadcrumb\":{\"@id\":\"https:\\\/\\\/www.gesmujer.org\\\/sitio\\\/producto\\\/%f0%9f%8c%bf%e2%9c%a8-aceite-de-coco-100-organico-%e2%9c%a8%f0%9f%8c%bf-atomizador-con-6ml-y-con-pomadera-con-50-ml\\\/#breadcrumb\"},\"inLanguage\":\"es\",\"potentialAction\":[{\"@type\":\"ReadAction\",\"target\":[\"https:\\\/\\\/www.gesmujer.org\\\/sitio\\\/producto\\\/%f0%9f%8c%bf%e2%9c%a8-aceite-de-coco-100-organico-%e2%9c%a8%f0%9f%8c%bf-atomizador-con-6ml-y-con-pomadera-con-50-ml\\\/\"]}]},{\"@type\":\"ImageObject\",\"inLanguage\":\"es\",\"@id\":\"https:\\\/\\\/www.gesmujer.org\\\/sitio\\\/producto\\\/%f0%9f%8c%bf%e2%9c%a8-aceite-de-coco-100-organico-%e2%9c%a8%f0%9f%8c%bf-atomizador-con-6ml-y-con-pomadera-con-50-ml\\\/#primaryimage\",\"url\":\"https:\\\/\\\/www.gesmujer.org\\\/sitio\\\/wp-content\\\/uploads\\\/2024\\\/09\\\/PHOTO-2024-08-15-19-21-28.jpg\",\"contentUrl\":\"https:\\\/\\\/www.gesmujer.org\\\/sitio\\\/wp-content\\\/uploads\\\/2024\\\/09\\\/PHOTO-2024-08-15-19-21-28.jpg\",\"width\":1600,\"height\":1200},{\"@type\":\"BreadcrumbList\",\"@id\":\"https:\\\/\\\/www.gesmujer.org\\\/sitio\\\/producto\\\/%f0%9f%8c%bf%e2%9c%a8-aceite-de-coco-100-organico-%e2%9c%a8%f0%9f%8c%bf-atomizador-con-6ml-y-con-pomadera-con-50-ml\\\/#breadcrumb\",\"itemListElement\":[{\"@type\":\"ListItem\",\"position\":1,\"name\":\"Home\",\"item\":\"https:\\\/\\\/www.gesmujer.org\\\/sitio\\\/\"},{\"@type\":\"ListItem\",\"position\":2,\"name\":\"TIENDA\",\"item\":\"https:\\\/\\\/www.gesmujer.org\\\/sitio\\\/tienda\\\/\"},{\"@type\":\"ListItem\",\"position\":3,\"name\":\"\ud83c\udf3f\u2728 Aceite de Coco 100% Org\u00e1nico \u2728\ud83c\udf3f ( Atomizador con 60 Ml y con pomadera con 50 Ml)\"}]},{\"@type\":\"WebSite\",\"@id\":\"https:\\\/\\\/www.gesmujer.org\\\/sitio\\\/#website\",\"url\":\"https:\\\/\\\/www.gesmujer.org\\\/sitio\\\/\",\"name\":\"GESMujer \\\"Rosario Castellanos\\\"\",\"description\":\"M\u00e1s de 45 a\u00f1os ha llevado a cabo acciones para erradicar la violencia de g\u00e9nero y construir entornos donde las mujeres encuentren su resiliencia, incrementen su agencia y autonom\u00eda que les permita lograr su empoderamiento a trav\u00e9s de cinco l\u00edneas de acci\u00f3n.\",\"publisher\":{\"@id\":\"https:\\\/\\\/www.gesmujer.org\\\/sitio\\\/#organization\"},\"alternateName\":\"GESMujer\",\"potentialAction\":[{\"@type\":\"SearchAction\",\"target\":{\"@type\":\"EntryPoint\",\"urlTemplate\":\"https:\\\/\\\/www.gesmujer.org\\\/sitio\\\/?s={search_term_string}\"},\"query-input\":{\"@type\":\"PropertyValueSpecification\",\"valueRequired\":true,\"valueName\":\"search_term_string\"}}],\"inLanguage\":\"es\"},{\"@type\":\"Organization\",\"@id\":\"https:\\\/\\\/www.gesmujer.org\\\/sitio\\\/#organization\",\"name\":\"Grupo de estudios sobre la mujer Rosario Castellanos ac\",\"alternateName\":\"GESMujer\",\"url\":\"https:\\\/\\\/www.gesmujer.org\\\/sitio\\\/\",\"logo\":{\"@type\":\"ImageObject\",\"inLanguage\":\"es\",\"@id\":\"https:\\\/\\\/www.gesmujer.org\\\/sitio\\\/#\\\/schema\\\/logo\\\/image\\\/\",\"url\":\"https:\\\/\\\/www.gesmujer.org\\\/sitio\\\/wp-content\\\/uploads\\\/2026\\\/03\\\/Logo-GESMujer-300.png\",\"contentUrl\":\"https:\\\/\\\/www.gesmujer.org\\\/sitio\\\/wp-content\\\/uploads\\\/2026\\\/03\\\/Logo-GESMujer-300.png\",\"width\":300,\"height\":141,\"caption\":\"Grupo de estudios sobre la mujer Rosario Castellanos ac\"},\"image\":{\"@id\":\"https:\\\/\\\/www.gesmujer.org\\\/sitio\\\/#\\\/schema\\\/logo\\\/image\\\/\"},\"sameAs\":[\"https:\\\/\\\/www.facebook.com\\\/gesmujer.rosario.castellanos.ac\",\"https:\\\/\\\/x.com\\\/GES_Mujer\",\"https:\\\/\\\/www.instagram.com\\\/ges_mujer\\\/?hl=es\",\"https:\\\/\\\/www.youtube.com\\\/c\\\/GESMujerRosarioCastellanos\\\/videos\",\"https:\\\/\\\/soundcloud.com\\\/gesmujerac\",\"https:\\\/\\\/www.tiktok.com\\\/@gesmujer\"]}]}<\/script>\n<!-- \/ Yoast SEO plugin. -->","yoast_head_json":{"title":"\ud83c\udf3f\u2728 Aceite de Coco 100% Org\u00e1nico \u2728\ud83c\udf3f ( Atomizador con 60 Ml y con pomadera con 50 Ml) - GESMujer &quot;Rosario Castellanos&quot;","description":"\u00bfBuscas un aceite de coco puro y natural? Nuestro Aceite de Coco 100% org\u00e1nico y elaborado a mano es la elecci\u00f3n perfecta. Extra\u00eddo por la Cooperativa Mujeres Afro del Ciruelo en la costa de Oaxaca.","robots":{"index":"index","follow":"follow","max-snippet":"max-snippet:-1","max-image-preview":"max-image-preview:large","max-video-preview":"max-video-preview:-1"},"canonical":"https:\/\/www.gesmujer.org\/sitio\/producto\/\ud83c\udf3f\u2728-aceite-de-coco-100-organico-\u2728\ud83c\udf3f-atomizador-con-6ml-y-con-pomadera-con-50-ml\/","og_locale":"es_MX","og_type":"article","og_title":"\ud83c\udf3f\u2728 Aceite de Coco 100% Org\u00e1nico \u2728\ud83c\udf3f ( Atomizador con 60 Ml y con pomadera con 50 Ml) - GESMujer &quot;Rosario Castellanos&quot;","og_description":"\u00bfBuscas un aceite de coco puro y natural? Nuestro Aceite de Coco 100% org\u00e1nico y elaborado a mano es la elecci\u00f3n perfecta. Extra\u00eddo por la Cooperativa Mujeres Afro del Ciruelo en la costa de Oaxaca.","og_url":"https:\/\/www.gesmujer.org\/sitio\/producto\/\ud83c\udf3f\u2728-aceite-de-coco-100-organico-\u2728\ud83c\udf3f-atomizador-con-6ml-y-con-pomadera-con-50-ml\/","og_site_name":"GESMujer &quot;Rosario Castellanos&quot;","article_publisher":"https:\/\/www.facebook.com\/gesmujer.rosario.castellanos.ac","article_modified_time":"2024-11-01T05:46:35+00:00","og_image":[{"width":1600,"height":1200,"url":"https:\/\/www.gesmujer.org\/sitio\/wp-content\/uploads\/2024\/09\/PHOTO-2024-08-15-19-21-28.jpg","type":"image\/jpeg"}],"twitter_card":"summary_large_image","twitter_site":"@GES_Mujer","twitter_misc":{"Tiempo de lectura":"1 minuto"},"schema":{"@context":"https:\/\/schema.org","@graph":[{"@type":"WebPage","@id":"https:\/\/www.gesmujer.org\/sitio\/producto\/%f0%9f%8c%bf%e2%9c%a8-aceite-de-coco-100-organico-%e2%9c%a8%f0%9f%8c%bf-atomizador-con-6ml-y-con-pomadera-con-50-ml\/","url":"https:\/\/www.gesmujer.org\/sitio\/producto\/%f0%9f%8c%bf%e2%9c%a8-aceite-de-coco-100-organico-%e2%9c%a8%f0%9f%8c%bf-atomizador-con-6ml-y-con-pomadera-con-50-ml\/","name":"\ud83c\udf3f\u2728 Aceite de Coco 100% Org\u00e1nico \u2728\ud83c\udf3f ( Atomizador con 60 Ml y con pomadera con 50 Ml) - GESMujer &quot;Rosario Castellanos&quot;","isPartOf":{"@id":"https:\/\/www.gesmujer.org\/sitio\/#website"},"primaryImageOfPage":{"@id":"https:\/\/www.gesmujer.org\/sitio\/producto\/%f0%9f%8c%bf%e2%9c%a8-aceite-de-coco-100-organico-%e2%9c%a8%f0%9f%8c%bf-atomizador-con-6ml-y-con-pomadera-con-50-ml\/#primaryimage"},"image":{"@id":"https:\/\/www.gesmujer.org\/sitio\/producto\/%f0%9f%8c%bf%e2%9c%a8-aceite-de-coco-100-organico-%e2%9c%a8%f0%9f%8c%bf-atomizador-con-6ml-y-con-pomadera-con-50-ml\/#primaryimage"},"thumbnailUrl":"https:\/\/www.gesmujer.org\/sitio\/wp-content\/uploads\/2024\/09\/PHOTO-2024-08-15-19-21-28.jpg","datePublished":"2024-11-01T04:55:15+00:00","dateModified":"2024-11-01T05:46:35+00:00","description":"\u00bfBuscas un aceite de coco puro y natural? Nuestro Aceite de Coco 100% org\u00e1nico y elaborado a mano es la elecci\u00f3n perfecta. Extra\u00eddo por la Cooperativa Mujeres Afro del Ciruelo en la costa de Oaxaca.","breadcrumb":{"@id":"https:\/\/www.gesmujer.org\/sitio\/producto\/%f0%9f%8c%bf%e2%9c%a8-aceite-de-coco-100-organico-%e2%9c%a8%f0%9f%8c%bf-atomizador-con-6ml-y-con-pomadera-con-50-ml\/#breadcrumb"},"inLanguage":"es","potentialAction":[{"@type":"ReadAction","target":["https:\/\/www.gesmujer.org\/sitio\/producto\/%f0%9f%8c%bf%e2%9c%a8-aceite-de-coco-100-organico-%e2%9c%a8%f0%9f%8c%bf-atomizador-con-6ml-y-con-pomadera-con-50-ml\/"]}]},{"@type":"ImageObject","inLanguage":"es","@id":"https:\/\/www.gesmujer.org\/sitio\/producto\/%f0%9f%8c%bf%e2%9c%a8-aceite-de-coco-100-organico-%e2%9c%a8%f0%9f%8c%bf-atomizador-con-6ml-y-con-pomadera-con-50-ml\/#primaryimage","url":"https:\/\/www.gesmujer.org\/sitio\/wp-content\/uploads\/2024\/09\/PHOTO-2024-08-15-19-21-28.jpg","contentUrl":"https:\/\/www.gesmujer.org\/sitio\/wp-content\/uploads\/2024\/09\/PHOTO-2024-08-15-19-21-28.jpg","width":1600,"height":1200},{"@type":"BreadcrumbList","@id":"https:\/\/www.gesmujer.org\/sitio\/producto\/%f0%9f%8c%bf%e2%9c%a8-aceite-de-coco-100-organico-%e2%9c%a8%f0%9f%8c%bf-atomizador-con-6ml-y-con-pomadera-con-50-ml\/#breadcrumb","itemListElement":[{"@type":"ListItem","position":1,"name":"Home","item":"https:\/\/www.gesmujer.org\/sitio\/"},{"@type":"ListItem","position":2,"name":"TIENDA","item":"https:\/\/www.gesmujer.org\/sitio\/tienda\/"},{"@type":"ListItem","position":3,"name":"\ud83c\udf3f\u2728 Aceite de Coco 100% Org\u00e1nico \u2728\ud83c\udf3f ( Atomizador con 60 Ml y con pomadera con 50 Ml)"}]},{"@type":"WebSite","@id":"https:\/\/www.gesmujer.org\/sitio\/#website","url":"https:\/\/www.gesmujer.org\/sitio\/","name":"GESMujer \"Rosario Castellanos\"","description":"M\u00e1s de 45 a\u00f1os ha llevado a cabo acciones para erradicar la violencia de g\u00e9nero y construir entornos donde las mujeres encuentren su resiliencia, incrementen su agencia y autonom\u00eda que les permita lograr su empoderamiento a trav\u00e9s de cinco l\u00edneas de acci\u00f3n.","publisher":{"@id":"https:\/\/www.gesmujer.org\/sitio\/#organization"},"alternateName":"GESMujer","potentialAction":[{"@type":"SearchAction","target":{"@type":"EntryPoint","urlTemplate":"https:\/\/www.gesmujer.org\/sitio\/?s={search_term_string}"},"query-input":{"@type":"PropertyValueSpecification","valueRequired":true,"valueName":"search_term_string"}}],"inLanguage":"es"},{"@type":"Organization","@id":"https:\/\/www.gesmujer.org\/sitio\/#organization","name":"Grupo de estudios sobre la mujer Rosario Castellanos ac","alternateName":"GESMujer","url":"https:\/\/www.gesmujer.org\/sitio\/","logo":{"@type":"ImageObject","inLanguage":"es","@id":"https:\/\/www.gesmujer.org\/sitio\/#\/schema\/logo\/image\/","url":"https:\/\/www.gesmujer.org\/sitio\/wp-content\/uploads\/2026\/03\/Logo-GESMujer-300.png","contentUrl":"https:\/\/www.gesmujer.org\/sitio\/wp-content\/uploads\/2026\/03\/Logo-GESMujer-300.png","width":300,"height":141,"caption":"Grupo de estudios sobre la mujer Rosario Castellanos ac"},"image":{"@id":"https:\/\/www.gesmujer.org\/sitio\/#\/schema\/logo\/image\/"},"sameAs":["https:\/\/www.facebook.com\/gesmujer.rosario.castellanos.ac","https:\/\/x.com\/GES_Mujer","https:\/\/www.instagram.com\/ges_mujer\/?hl=es","https:\/\/www.youtube.com\/c\/GESMujerRosarioCastellanos\/videos","https:\/\/soundcloud.com\/gesmujerac","https:\/\/www.tiktok.com\/@gesmujer"]}]}},"_links":{"self":[{"href":"https:\/\/www.gesmujer.org\/sitio\/wp-json\/wp\/v2\/product\/59641","targetHints":{"allow":["GET"]}}],"collection":[{"href":"https:\/\/www.gesmujer.org\/sitio\/wp-json\/wp\/v2\/product"}],"about":[{"href":"https:\/\/www.gesmujer.org\/sitio\/wp-json\/wp\/v2\/types\/product"}],"replies":[{"embeddable":true,"href":"https:\/\/www.gesmujer.org\/sitio\/wp-json\/wp\/v2\/comments?post=59641"}],"version-history":[{"count":9,"href":"https:\/\/www.gesmujer.org\/sitio\/wp-json\/wp\/v2\/product\/59641\/revisions"}],"predecessor-version":[{"id":59663,"href":"https:\/\/www.gesmujer.org\/sitio\/wp-json\/wp\/v2\/product\/59641\/revisions\/59663"}],"wp:featuredmedia":[{"embeddable":true,"href":"https:\/\/www.gesmujer.org\/sitio\/wp-json\/wp\/v2\/media\/59477"}],"wp:attachment":[{"href":"https:\/\/www.gesmujer.org\/sitio\/wp-json\/wp\/v2\/media?parent=59641"}],"wp:term":[{"taxonomy":"product_brand","embeddable":true,"href":"https:\/\/www.gesmujer.org\/sitio\/wp-json\/wp\/v2\/product_brand?post=59641"},{"taxonomy":"product_cat","embeddable":true,"href":"https:\/\/www.gesmujer.org\/sitio\/wp-json\/wp\/v2\/product_cat?post=59641"},{"taxonomy":"product_tag","embeddable":true,"href":"https:\/\/www.gesmujer.org\/sitio\/wp-json\/wp\/v2\/product_tag?post=59641"}],"curies":[{"name":"wp","href":"https:\/\/api.w.org\/{rel}","templated":true}]}}