{"id":59670,"date":"2024-10-31T23:56:47","date_gmt":"2024-11-01T05:56:47","guid":{"rendered":"https:\/\/www.gesmujer.org\/sitio\/?post_type=product&#038;p=59670"},"modified":"2024-11-01T00:00:12","modified_gmt":"2024-11-01T06:00:12","slug":"%f0%9f%8c%ba%e2%9c%a8-blusa-de-rayon-bordada-a-mano-artesania-con-historia-y-estilo-verde-%e2%9c%a8%f0%9f%8c%ba","status":"publish","type":"product","link":"https:\/\/www.gesmujer.org\/sitio\/producto\/%f0%9f%8c%ba%e2%9c%a8-blusa-de-rayon-bordada-a-mano-artesania-con-historia-y-estilo-verde-%e2%9c%a8%f0%9f%8c%ba\/","title":{"rendered":"\ud83c\udf3a\u2728 Blusa de Ray\u00f3n Bordada a Mano \u2013 Artesan\u00eda con historia y estilo (Verde) \u2728\ud83c\udf3a"},"content":{"rendered":"\t\t<div data-elementor-type=\"wp-post\" data-elementor-id=\"59670\" class=\"elementor elementor-59670\">\n\t\t\t\t\t\t<section class=\"elementor-section elementor-top-section elementor-element elementor-element-7b3b0d85 elementor-section-boxed elementor-section-height-default elementor-section-height-default\" data-id=\"7b3b0d85\" data-element_type=\"section\" data-e-type=\"section\">\n\t\t\t\t\t\t<div class=\"elementor-container elementor-column-gap-default\">\n\t\t\t\t\t<div class=\"elementor-column elementor-col-100 elementor-top-column elementor-element elementor-element-442a4678\" data-id=\"442a4678\" data-element_type=\"column\" data-e-type=\"column\">\n\t\t\t<div class=\"elementor-widget-wrap elementor-element-populated\">\n\t\t\t\t\t\t<div class=\"elementor-element elementor-element-4848a39c elementor-widget elementor-widget-text-editor\" data-id=\"4848a39c\" data-element_type=\"widget\" data-e-type=\"widget\" data-widget_type=\"text-editor.default\">\n\t\t\t\t<div class=\"elementor-widget-container\">\n\t\t\t\t\t\t\t\t\t\ud83c\udf3a\u2728 Blusa de Ray\u00f3n Bordada a Mano \u2013 Artesan\u00eda con historia y estilo \u2728\ud83c\udf3a\r\n\r\nLuce la elegancia y el valor cultural de Oaxaca con esta hermosa <strong>blusa de ray\u00f3n<\/strong> bordada a mano por talentosas artesanas de Tuxtepec. Cada pieza es \u00fanica y lleva en sus hilos la tradici\u00f3n y el arte de la regi\u00f3n, preservando t\u00e9cnicas ancestrales que destacan en cada bordado. Perfecta para cualquier ocasi\u00f3n, c\u00f3moda y con un toque distintivo que celebra la identidad y la creatividad de las mujeres oaxaque\u00f1as.\r\n<h3>Detalles:<\/h3>\r\n<ul>\r\n \t<li><strong>Material<\/strong>: Tela de ray\u00f3n suave y ligera.<\/li>\r\n \t<li><strong>Bordado tradicional<\/strong>: Dise\u00f1os \u00fanicos, hechos 100% a mano.<\/li>\r\n \t<li><strong>Cultura y calidad<\/strong>: Artesan\u00eda con el aut\u00e9ntico valor cultural de Oaxaca.<\/li>\r\n<\/ul>\r\n\ud83d\udc9c \u00a1Apoya la tradici\u00f3n y lleva contigo una obra de arte \u00fanica! #ModaConCausa #Artesan\u00edaOaxaque\u00f1a\t\t\t\t\t\t\t\t<\/div>\n\t\t\t\t<\/div>\n\t\t\t\t\t<\/div>\n\t\t<\/div>\n\t\t\t\t\t<\/div>\n\t\t<\/section>\n\t\t\t\t<section class=\"elementor-section elementor-top-section elementor-element elementor-element-a44cb58 elementor-section-boxed elementor-section-height-default elementor-section-height-default\" data-id=\"a44cb58\" data-element_type=\"section\" data-e-type=\"section\">\n\t\t\t\t\t\t<div class=\"elementor-container elementor-column-gap-default\">\n\t\t\t\t\t<div class=\"elementor-column elementor-col-100 elementor-top-column elementor-element elementor-element-60d80cd\" data-id=\"60d80cd\" data-element_type=\"column\" data-e-type=\"column\">\n\t\t\t<div class=\"elementor-widget-wrap elementor-element-populated\">\n\t\t\t\t\t\t<div class=\"elementor-element elementor-element-000b55c elementor-arrows-position-inside elementor-pagination-position-outside elementor-widget elementor-widget-image-carousel\" data-id=\"000b55c\" data-element_type=\"widget\" data-e-type=\"widget\" data-settings=\"{&quot;navigation&quot;:&quot;both&quot;,&quot;autoplay&quot;:&quot;yes&quot;,&quot;pause_on_hover&quot;:&quot;yes&quot;,&quot;pause_on_interaction&quot;:&quot;yes&quot;,&quot;autoplay_speed&quot;:5000,&quot;infinite&quot;:&quot;yes&quot;,&quot;speed&quot;:500}\" data-widget_type=\"image-carousel.default\">\n\t\t\t\t<div class=\"elementor-widget-container\">\n\t\t\t\t\t\t\t<div class=\"elementor-image-carousel-wrapper swiper\" role=\"region\" aria-roledescription=\"carousel\" aria-label=\"Carrusel de Im\u00e1genes\" dir=\"ltr\">\n\t\t\t<div class=\"elementor-image-carousel swiper-wrapper\" aria-live=\"off\">\n\t\t\t\t\t\t\t\t<div class=\"swiper-slide\" role=\"group\" aria-roledescription=\"slide\" aria-label=\"1 de 5\"><figure class=\"swiper-slide-inner\"><img decoding=\"async\" class=\"swiper-slide-image\" src=\"https:\/\/www.gesmujer.org\/sitio\/wp-content\/uploads\/2024\/04\/YUCUGES-8-540x540.jpg\" alt=\"YUCUGES-8\" \/><\/figure><\/div><div class=\"swiper-slide\" role=\"group\" aria-roledescription=\"slide\" aria-label=\"2 de 5\"><figure class=\"swiper-slide-inner\"><img decoding=\"async\" class=\"swiper-slide-image\" src=\"https:\/\/www.gesmujer.org\/sitio\/wp-content\/uploads\/2024\/04\/YUCUGES-1-540x540.jpg\" alt=\"YUCUGES-1\" \/><\/figure><\/div><div class=\"swiper-slide\" role=\"group\" aria-roledescription=\"slide\" aria-label=\"3 de 5\"><figure class=\"swiper-slide-inner\"><img decoding=\"async\" class=\"swiper-slide-image\" src=\"https:\/\/www.gesmujer.org\/sitio\/wp-content\/uploads\/2024\/04\/YUCUGES-2-540x540.jpg\" alt=\"YUCUGES-2\" \/><\/figure><\/div><div class=\"swiper-slide\" role=\"group\" aria-roledescription=\"slide\" aria-label=\"4 de 5\"><figure class=\"swiper-slide-inner\"><img decoding=\"async\" class=\"swiper-slide-image\" src=\"https:\/\/www.gesmujer.org\/sitio\/wp-content\/uploads\/2024\/04\/YUCUGES-6-540x540.jpg\" alt=\"YUCUGES-6\" \/><\/figure><\/div><div class=\"swiper-slide\" role=\"group\" aria-roledescription=\"slide\" aria-label=\"5 de 5\"><figure class=\"swiper-slide-inner\"><img decoding=\"async\" class=\"swiper-slide-image\" src=\"https:\/\/www.gesmujer.org\/sitio\/wp-content\/uploads\/2024\/04\/YUCUGES-10-540x540.jpg\" alt=\"YUCUGES-10\" \/><\/figure><\/div>\t\t\t<\/div>\n\t\t\t\t\t\t\t\t\t\t\t\t<div class=\"elementor-swiper-button elementor-swiper-button-prev\" role=\"button\" tabindex=\"0\">\n\t\t\t\t\t\t<i aria-hidden=\"true\" class=\"eicon-chevron-left\"><\/i>\t\t\t\t\t<\/div>\n\t\t\t\t\t<div class=\"elementor-swiper-button elementor-swiper-button-next\" role=\"button\" tabindex=\"0\">\n\t\t\t\t\t\t<i aria-hidden=\"true\" class=\"eicon-chevron-right\"><\/i>\t\t\t\t\t<\/div>\n\t\t\t\t\n\t\t\t\t\t\t\t\t\t<div class=\"swiper-pagination\"><\/div>\n\t\t\t\t\t\t\t\t\t<\/div>\n\t\t\t\t\t\t<\/div>\n\t\t\t\t<\/div>\n\t\t\t\t\t<\/div>\n\t\t<\/div>\n\t\t\t\t\t<\/div>\n\t\t<\/section>\n\t\t\t\t<\/div>\n\t\t","protected":false},"excerpt":{"rendered":"<p>\ud83c\udf3a\u2728 Blusa de Ray\u00f3n Bordada a Mano \u2013 Artesan\u00eda con historia y estilo \u2728\ud83c\udf3a<\/p>\n<p>Luce la elegancia y el valor cultural de Oaxaca con esta hermosa <strong>blusa de ray\u00f3n<\/strong> bordada a mano por talentosas artesanas de Tuxtepec. Cada pieza es \u00fanica y lleva en sus hilos la tradici\u00f3n y el arte de la regi\u00f3n, preservando t\u00e9cnicas ancestrales que destacan en cada bordado. Perfecta para cualquier ocasi\u00f3n, c\u00f3moda y con un toque distintivo que celebra la identidad y la creatividad de las mujeres oaxaque\u00f1as.<\/p>\n<h3>Detalles:<\/h3>\n<ul>\n<li><strong>Material<\/strong>: Tela de ray\u00f3n suave y ligera.<\/li>\n<li><strong>Bordado tradicional<\/strong>: Dise\u00f1os \u00fanicos, hechos 100% a mano.<\/li>\n<li><strong>Cultura y calidad<\/strong>: Artesan\u00eda con el aut\u00e9ntico valor cultural de Oaxaca.<\/li>\n<\/ul>\n<p>\ud83d\udc9c \u00a1Apoya la tradici\u00f3n y lleva contigo una obra de arte \u00fanica! #ModaConCausa #Artesan\u00edaOaxaque\u00f1a<\/p>\n<p>&nbsp;<\/p>\n","protected":false},"featured_media":58025,"comment_status":"closed","ping_status":"closed","template":"","meta":{"give_campaign_id":0},"product_brand":[],"product_cat":[552,712,556],"product_tag":[],"class_list":{"0":"post-59670","1":"product","2":"type-product","3":"status-publish","4":"has-post-thumbnail","6":"product_cat-hecho-a-mano","7":"product_cat-red-de-mujeres-cooperativistas-gesmujer","8":"product_cat-textiles","10":"first","11":"instock","12":"taxable","13":"shipping-taxable","14":"purchasable","15":"product-type-simple"},"yoast_head":"<!-- This site is optimized with the Yoast SEO plugin v27.3 - https:\/\/yoast.com\/product\/yoast-seo-wordpress\/ -->\n<title>\ud83c\udf3a\u2728 Blusa de Ray\u00f3n Bordada a Mano \u2013 Artesan\u00eda con historia y estilo (Verde) \u2728\ud83c\udf3a - GESMujer &quot;Rosario Castellanos&quot;<\/title>\n<meta name=\"description\" content=\"Blusa elaborada a mano con motivos de la regi\u00f3n de Tuxtepec Oaxaca\" \/>\n<meta name=\"robots\" content=\"index, follow, max-snippet:-1, max-image-preview:large, max-video-preview:-1\" \/>\n<link rel=\"canonical\" href=\"https:\/\/www.gesmujer.org\/sitio\/producto\/\ud83c\udf3a\u2728-blusa-de-rayon-bordada-a-mano-artesania-con-historia-y-estilo-verde-\u2728\ud83c\udf3a\/\" \/>\n<meta property=\"og:locale\" content=\"es_MX\" \/>\n<meta property=\"og:type\" content=\"article\" \/>\n<meta property=\"og:title\" content=\"\ud83c\udf3a\u2728 Blusa de Ray\u00f3n Bordada a Mano \u2013 Artesan\u00eda con historia y estilo (Verde) \u2728\ud83c\udf3a - GESMujer &quot;Rosario Castellanos&quot;\" \/>\n<meta property=\"og:description\" content=\"Blusa elaborada a mano con motivos de la regi\u00f3n de Tuxtepec Oaxaca\" \/>\n<meta property=\"og:url\" content=\"https:\/\/www.gesmujer.org\/sitio\/producto\/\ud83c\udf3a\u2728-blusa-de-rayon-bordada-a-mano-artesania-con-historia-y-estilo-verde-\u2728\ud83c\udf3a\/\" \/>\n<meta property=\"og:site_name\" content=\"GESMujer &quot;Rosario Castellanos&quot;\" \/>\n<meta property=\"article:publisher\" content=\"https:\/\/www.facebook.com\/gesmujer.rosario.castellanos.ac\" \/>\n<meta property=\"article:modified_time\" content=\"2024-11-01T06:00:12+00:00\" \/>\n<meta property=\"og:image\" content=\"https:\/\/www.gesmujer.org\/sitio\/wp-content\/uploads\/2024\/04\/YUCUGES-6-scaled.jpg\" \/>\n\t<meta property=\"og:image:width\" content=\"2560\" \/>\n\t<meta property=\"og:image:height\" content=\"2560\" \/>\n\t<meta property=\"og:image:type\" content=\"image\/jpeg\" \/>\n<meta name=\"twitter:card\" content=\"summary_large_image\" \/>\n<meta name=\"twitter:site\" content=\"@GES_Mujer\" \/>\n<meta name=\"twitter:label1\" content=\"Tiempo de lectura\" \/>\n\t<meta name=\"twitter:data1\" content=\"1 minuto\" \/>\n<script type=\"application\/ld+json\" class=\"yoast-schema-graph\">{\"@context\":\"https:\\\/\\\/schema.org\",\"@graph\":[{\"@type\":\"WebPage\",\"@id\":\"https:\\\/\\\/www.gesmujer.org\\\/sitio\\\/producto\\\/%f0%9f%8c%ba%e2%9c%a8-blusa-de-rayon-bordada-a-mano-artesania-con-historia-y-estilo-verde-%e2%9c%a8%f0%9f%8c%ba\\\/\",\"url\":\"https:\\\/\\\/www.gesmujer.org\\\/sitio\\\/producto\\\/%f0%9f%8c%ba%e2%9c%a8-blusa-de-rayon-bordada-a-mano-artesania-con-historia-y-estilo-verde-%e2%9c%a8%f0%9f%8c%ba\\\/\",\"name\":\"\ud83c\udf3a\u2728 Blusa de Ray\u00f3n Bordada a Mano \u2013 Artesan\u00eda con historia y estilo (Verde) \u2728\ud83c\udf3a - GESMujer &quot;Rosario Castellanos&quot;\",\"isPartOf\":{\"@id\":\"https:\\\/\\\/www.gesmujer.org\\\/sitio\\\/#website\"},\"primaryImageOfPage\":{\"@id\":\"https:\\\/\\\/www.gesmujer.org\\\/sitio\\\/producto\\\/%f0%9f%8c%ba%e2%9c%a8-blusa-de-rayon-bordada-a-mano-artesania-con-historia-y-estilo-verde-%e2%9c%a8%f0%9f%8c%ba\\\/#primaryimage\"},\"image\":{\"@id\":\"https:\\\/\\\/www.gesmujer.org\\\/sitio\\\/producto\\\/%f0%9f%8c%ba%e2%9c%a8-blusa-de-rayon-bordada-a-mano-artesania-con-historia-y-estilo-verde-%e2%9c%a8%f0%9f%8c%ba\\\/#primaryimage\"},\"thumbnailUrl\":\"https:\\\/\\\/www.gesmujer.org\\\/sitio\\\/wp-content\\\/uploads\\\/2024\\\/04\\\/YUCUGES-6-scaled.jpg\",\"datePublished\":\"2024-11-01T05:56:47+00:00\",\"dateModified\":\"2024-11-01T06:00:12+00:00\",\"description\":\"Blusa elaborada a mano con motivos de la regi\u00f3n de Tuxtepec Oaxaca\",\"breadcrumb\":{\"@id\":\"https:\\\/\\\/www.gesmujer.org\\\/sitio\\\/producto\\\/%f0%9f%8c%ba%e2%9c%a8-blusa-de-rayon-bordada-a-mano-artesania-con-historia-y-estilo-verde-%e2%9c%a8%f0%9f%8c%ba\\\/#breadcrumb\"},\"inLanguage\":\"es\",\"potentialAction\":[{\"@type\":\"ReadAction\",\"target\":[\"https:\\\/\\\/www.gesmujer.org\\\/sitio\\\/producto\\\/%f0%9f%8c%ba%e2%9c%a8-blusa-de-rayon-bordada-a-mano-artesania-con-historia-y-estilo-verde-%e2%9c%a8%f0%9f%8c%ba\\\/\"]}]},{\"@type\":\"ImageObject\",\"inLanguage\":\"es\",\"@id\":\"https:\\\/\\\/www.gesmujer.org\\\/sitio\\\/producto\\\/%f0%9f%8c%ba%e2%9c%a8-blusa-de-rayon-bordada-a-mano-artesania-con-historia-y-estilo-verde-%e2%9c%a8%f0%9f%8c%ba\\\/#primaryimage\",\"url\":\"https:\\\/\\\/www.gesmujer.org\\\/sitio\\\/wp-content\\\/uploads\\\/2024\\\/04\\\/YUCUGES-6-scaled.jpg\",\"contentUrl\":\"https:\\\/\\\/www.gesmujer.org\\\/sitio\\\/wp-content\\\/uploads\\\/2024\\\/04\\\/YUCUGES-6-scaled.jpg\",\"width\":2560,\"height\":2560},{\"@type\":\"BreadcrumbList\",\"@id\":\"https:\\\/\\\/www.gesmujer.org\\\/sitio\\\/producto\\\/%f0%9f%8c%ba%e2%9c%a8-blusa-de-rayon-bordada-a-mano-artesania-con-historia-y-estilo-verde-%e2%9c%a8%f0%9f%8c%ba\\\/#breadcrumb\",\"itemListElement\":[{\"@type\":\"ListItem\",\"position\":1,\"name\":\"Home\",\"item\":\"https:\\\/\\\/www.gesmujer.org\\\/sitio\\\/\"},{\"@type\":\"ListItem\",\"position\":2,\"name\":\"TIENDA\",\"item\":\"https:\\\/\\\/www.gesmujer.org\\\/sitio\\\/tienda\\\/\"},{\"@type\":\"ListItem\",\"position\":3,\"name\":\"\ud83c\udf3a\u2728 Blusa de Ray\u00f3n Bordada a Mano \u2013 Artesan\u00eda con historia y estilo (Verde) \u2728\ud83c\udf3a\"}]},{\"@type\":\"WebSite\",\"@id\":\"https:\\\/\\\/www.gesmujer.org\\\/sitio\\\/#website\",\"url\":\"https:\\\/\\\/www.gesmujer.org\\\/sitio\\\/\",\"name\":\"GESMujer \\\"Rosario Castellanos\\\"\",\"description\":\"M\u00e1s de 45 a\u00f1os ha llevado a cabo acciones para erradicar la violencia de g\u00e9nero y construir entornos donde las mujeres encuentren su resiliencia, incrementen su agencia y autonom\u00eda que les permita lograr su empoderamiento a trav\u00e9s de cinco l\u00edneas de acci\u00f3n.\",\"publisher\":{\"@id\":\"https:\\\/\\\/www.gesmujer.org\\\/sitio\\\/#organization\"},\"alternateName\":\"GESMujer\",\"potentialAction\":[{\"@type\":\"SearchAction\",\"target\":{\"@type\":\"EntryPoint\",\"urlTemplate\":\"https:\\\/\\\/www.gesmujer.org\\\/sitio\\\/?s={search_term_string}\"},\"query-input\":{\"@type\":\"PropertyValueSpecification\",\"valueRequired\":true,\"valueName\":\"search_term_string\"}}],\"inLanguage\":\"es\"},{\"@type\":\"Organization\",\"@id\":\"https:\\\/\\\/www.gesmujer.org\\\/sitio\\\/#organization\",\"name\":\"Grupo de estudios sobre la mujer Rosario Castellanos ac\",\"alternateName\":\"GESMujer\",\"url\":\"https:\\\/\\\/www.gesmujer.org\\\/sitio\\\/\",\"logo\":{\"@type\":\"ImageObject\",\"inLanguage\":\"es\",\"@id\":\"https:\\\/\\\/www.gesmujer.org\\\/sitio\\\/#\\\/schema\\\/logo\\\/image\\\/\",\"url\":\"https:\\\/\\\/www.gesmujer.org\\\/sitio\\\/wp-content\\\/uploads\\\/2026\\\/03\\\/Logo-GESMujer-300.png\",\"contentUrl\":\"https:\\\/\\\/www.gesmujer.org\\\/sitio\\\/wp-content\\\/uploads\\\/2026\\\/03\\\/Logo-GESMujer-300.png\",\"width\":300,\"height\":141,\"caption\":\"Grupo de estudios sobre la mujer Rosario Castellanos ac\"},\"image\":{\"@id\":\"https:\\\/\\\/www.gesmujer.org\\\/sitio\\\/#\\\/schema\\\/logo\\\/image\\\/\"},\"sameAs\":[\"https:\\\/\\\/www.facebook.com\\\/gesmujer.rosario.castellanos.ac\",\"https:\\\/\\\/x.com\\\/GES_Mujer\",\"https:\\\/\\\/www.instagram.com\\\/ges_mujer\\\/?hl=es\",\"https:\\\/\\\/www.youtube.com\\\/c\\\/GESMujerRosarioCastellanos\\\/videos\",\"https:\\\/\\\/soundcloud.com\\\/gesmujerac\",\"https:\\\/\\\/www.tiktok.com\\\/@gesmujer\"]}]}<\/script>\n<!-- \/ Yoast SEO plugin. -->","yoast_head_json":{"title":"\ud83c\udf3a\u2728 Blusa de Ray\u00f3n Bordada a Mano \u2013 Artesan\u00eda con historia y estilo (Verde) \u2728\ud83c\udf3a - GESMujer &quot;Rosario Castellanos&quot;","description":"Blusa elaborada a mano con motivos de la regi\u00f3n de Tuxtepec Oaxaca","robots":{"index":"index","follow":"follow","max-snippet":"max-snippet:-1","max-image-preview":"max-image-preview:large","max-video-preview":"max-video-preview:-1"},"canonical":"https:\/\/www.gesmujer.org\/sitio\/producto\/\ud83c\udf3a\u2728-blusa-de-rayon-bordada-a-mano-artesania-con-historia-y-estilo-verde-\u2728\ud83c\udf3a\/","og_locale":"es_MX","og_type":"article","og_title":"\ud83c\udf3a\u2728 Blusa de Ray\u00f3n Bordada a Mano \u2013 Artesan\u00eda con historia y estilo (Verde) \u2728\ud83c\udf3a - GESMujer &quot;Rosario Castellanos&quot;","og_description":"Blusa elaborada a mano con motivos de la regi\u00f3n de Tuxtepec Oaxaca","og_url":"https:\/\/www.gesmujer.org\/sitio\/producto\/\ud83c\udf3a\u2728-blusa-de-rayon-bordada-a-mano-artesania-con-historia-y-estilo-verde-\u2728\ud83c\udf3a\/","og_site_name":"GESMujer &quot;Rosario Castellanos&quot;","article_publisher":"https:\/\/www.facebook.com\/gesmujer.rosario.castellanos.ac","article_modified_time":"2024-11-01T06:00:12+00:00","og_image":[{"width":2560,"height":2560,"url":"https:\/\/www.gesmujer.org\/sitio\/wp-content\/uploads\/2024\/04\/YUCUGES-6-scaled.jpg","type":"image\/jpeg"}],"twitter_card":"summary_large_image","twitter_site":"@GES_Mujer","twitter_misc":{"Tiempo de lectura":"1 minuto"},"schema":{"@context":"https:\/\/schema.org","@graph":[{"@type":"WebPage","@id":"https:\/\/www.gesmujer.org\/sitio\/producto\/%f0%9f%8c%ba%e2%9c%a8-blusa-de-rayon-bordada-a-mano-artesania-con-historia-y-estilo-verde-%e2%9c%a8%f0%9f%8c%ba\/","url":"https:\/\/www.gesmujer.org\/sitio\/producto\/%f0%9f%8c%ba%e2%9c%a8-blusa-de-rayon-bordada-a-mano-artesania-con-historia-y-estilo-verde-%e2%9c%a8%f0%9f%8c%ba\/","name":"\ud83c\udf3a\u2728 Blusa de Ray\u00f3n Bordada a Mano \u2013 Artesan\u00eda con historia y estilo (Verde) \u2728\ud83c\udf3a - GESMujer &quot;Rosario Castellanos&quot;","isPartOf":{"@id":"https:\/\/www.gesmujer.org\/sitio\/#website"},"primaryImageOfPage":{"@id":"https:\/\/www.gesmujer.org\/sitio\/producto\/%f0%9f%8c%ba%e2%9c%a8-blusa-de-rayon-bordada-a-mano-artesania-con-historia-y-estilo-verde-%e2%9c%a8%f0%9f%8c%ba\/#primaryimage"},"image":{"@id":"https:\/\/www.gesmujer.org\/sitio\/producto\/%f0%9f%8c%ba%e2%9c%a8-blusa-de-rayon-bordada-a-mano-artesania-con-historia-y-estilo-verde-%e2%9c%a8%f0%9f%8c%ba\/#primaryimage"},"thumbnailUrl":"https:\/\/www.gesmujer.org\/sitio\/wp-content\/uploads\/2024\/04\/YUCUGES-6-scaled.jpg","datePublished":"2024-11-01T05:56:47+00:00","dateModified":"2024-11-01T06:00:12+00:00","description":"Blusa elaborada a mano con motivos de la regi\u00f3n de Tuxtepec Oaxaca","breadcrumb":{"@id":"https:\/\/www.gesmujer.org\/sitio\/producto\/%f0%9f%8c%ba%e2%9c%a8-blusa-de-rayon-bordada-a-mano-artesania-con-historia-y-estilo-verde-%e2%9c%a8%f0%9f%8c%ba\/#breadcrumb"},"inLanguage":"es","potentialAction":[{"@type":"ReadAction","target":["https:\/\/www.gesmujer.org\/sitio\/producto\/%f0%9f%8c%ba%e2%9c%a8-blusa-de-rayon-bordada-a-mano-artesania-con-historia-y-estilo-verde-%e2%9c%a8%f0%9f%8c%ba\/"]}]},{"@type":"ImageObject","inLanguage":"es","@id":"https:\/\/www.gesmujer.org\/sitio\/producto\/%f0%9f%8c%ba%e2%9c%a8-blusa-de-rayon-bordada-a-mano-artesania-con-historia-y-estilo-verde-%e2%9c%a8%f0%9f%8c%ba\/#primaryimage","url":"https:\/\/www.gesmujer.org\/sitio\/wp-content\/uploads\/2024\/04\/YUCUGES-6-scaled.jpg","contentUrl":"https:\/\/www.gesmujer.org\/sitio\/wp-content\/uploads\/2024\/04\/YUCUGES-6-scaled.jpg","width":2560,"height":2560},{"@type":"BreadcrumbList","@id":"https:\/\/www.gesmujer.org\/sitio\/producto\/%f0%9f%8c%ba%e2%9c%a8-blusa-de-rayon-bordada-a-mano-artesania-con-historia-y-estilo-verde-%e2%9c%a8%f0%9f%8c%ba\/#breadcrumb","itemListElement":[{"@type":"ListItem","position":1,"name":"Home","item":"https:\/\/www.gesmujer.org\/sitio\/"},{"@type":"ListItem","position":2,"name":"TIENDA","item":"https:\/\/www.gesmujer.org\/sitio\/tienda\/"},{"@type":"ListItem","position":3,"name":"\ud83c\udf3a\u2728 Blusa de Ray\u00f3n Bordada a Mano \u2013 Artesan\u00eda con historia y estilo (Verde) \u2728\ud83c\udf3a"}]},{"@type":"WebSite","@id":"https:\/\/www.gesmujer.org\/sitio\/#website","url":"https:\/\/www.gesmujer.org\/sitio\/","name":"GESMujer \"Rosario Castellanos\"","description":"M\u00e1s de 45 a\u00f1os ha llevado a cabo acciones para erradicar la violencia de g\u00e9nero y construir entornos donde las mujeres encuentren su resiliencia, incrementen su agencia y autonom\u00eda que les permita lograr su empoderamiento a trav\u00e9s de cinco l\u00edneas de acci\u00f3n.","publisher":{"@id":"https:\/\/www.gesmujer.org\/sitio\/#organization"},"alternateName":"GESMujer","potentialAction":[{"@type":"SearchAction","target":{"@type":"EntryPoint","urlTemplate":"https:\/\/www.gesmujer.org\/sitio\/?s={search_term_string}"},"query-input":{"@type":"PropertyValueSpecification","valueRequired":true,"valueName":"search_term_string"}}],"inLanguage":"es"},{"@type":"Organization","@id":"https:\/\/www.gesmujer.org\/sitio\/#organization","name":"Grupo de estudios sobre la mujer Rosario Castellanos ac","alternateName":"GESMujer","url":"https:\/\/www.gesmujer.org\/sitio\/","logo":{"@type":"ImageObject","inLanguage":"es","@id":"https:\/\/www.gesmujer.org\/sitio\/#\/schema\/logo\/image\/","url":"https:\/\/www.gesmujer.org\/sitio\/wp-content\/uploads\/2026\/03\/Logo-GESMujer-300.png","contentUrl":"https:\/\/www.gesmujer.org\/sitio\/wp-content\/uploads\/2026\/03\/Logo-GESMujer-300.png","width":300,"height":141,"caption":"Grupo de estudios sobre la mujer Rosario Castellanos ac"},"image":{"@id":"https:\/\/www.gesmujer.org\/sitio\/#\/schema\/logo\/image\/"},"sameAs":["https:\/\/www.facebook.com\/gesmujer.rosario.castellanos.ac","https:\/\/x.com\/GES_Mujer","https:\/\/www.instagram.com\/ges_mujer\/?hl=es","https:\/\/www.youtube.com\/c\/GESMujerRosarioCastellanos\/videos","https:\/\/soundcloud.com\/gesmujerac","https:\/\/www.tiktok.com\/@gesmujer"]}]}},"_links":{"self":[{"href":"https:\/\/www.gesmujer.org\/sitio\/wp-json\/wp\/v2\/product\/59670","targetHints":{"allow":["GET"]}}],"collection":[{"href":"https:\/\/www.gesmujer.org\/sitio\/wp-json\/wp\/v2\/product"}],"about":[{"href":"https:\/\/www.gesmujer.org\/sitio\/wp-json\/wp\/v2\/types\/product"}],"replies":[{"embeddable":true,"href":"https:\/\/www.gesmujer.org\/sitio\/wp-json\/wp\/v2\/comments?post=59670"}],"version-history":[{"count":7,"href":"https:\/\/www.gesmujer.org\/sitio\/wp-json\/wp\/v2\/product\/59670\/revisions"}],"predecessor-version":[{"id":59677,"href":"https:\/\/www.gesmujer.org\/sitio\/wp-json\/wp\/v2\/product\/59670\/revisions\/59677"}],"wp:featuredmedia":[{"embeddable":true,"href":"https:\/\/www.gesmujer.org\/sitio\/wp-json\/wp\/v2\/media\/58025"}],"wp:attachment":[{"href":"https:\/\/www.gesmujer.org\/sitio\/wp-json\/wp\/v2\/media?parent=59670"}],"wp:term":[{"taxonomy":"product_brand","embeddable":true,"href":"https:\/\/www.gesmujer.org\/sitio\/wp-json\/wp\/v2\/product_brand?post=59670"},{"taxonomy":"product_cat","embeddable":true,"href":"https:\/\/www.gesmujer.org\/sitio\/wp-json\/wp\/v2\/product_cat?post=59670"},{"taxonomy":"product_tag","embeddable":true,"href":"https:\/\/www.gesmujer.org\/sitio\/wp-json\/wp\/v2\/product_tag?post=59670"}],"curies":[{"name":"wp","href":"https:\/\/api.w.org\/{rel}","templated":true}]}}